{"id":3129,"date":"2013-09-26T10:47:41","date_gmt":"2013-09-26T10:47:41","guid":{"rendered":"https:\/\/www.monteescalier.net\/france\/?page_id=3129"},"modified":"-0001-11-30T00:00:00","modified_gmt":"-0001-11-29T23:00:00","slug":"monte-escalier-cuxac-d-aude","status":"publish","type":"page","link":"https:\/\/www.monteescalier.net\/france\/monte-escalier-cuxac-d-aude\/","title":{"rendered":"Monte escalier Cuxac-d&rsquo;Aude"},"content":{"rendered":"<h1>Renseignements sur les monte escalier \u00e0 Cuxac-d&rsquo;Aude<\/h1>\n<div class=\"boite_texte\">\n<div style=\"text-align:justify; margin-bottom:10px\">Il y a plusieurs vendeurs de monte escalier \u00e0 Cuxac-d&rsquo;Aude, mais quel est celui qui vous donnera enti\u00e8re satisfaction en terme de prix et de prestations : une seule mani\u00e8re de le savoir, utilisez les services de monteescalier.net.<\/div>\n<div style=\"text-align:justify; margin-bottom:10px\">Comment trouver le bon prestataire de monte escalier \u00e0 Cuxac-d&rsquo;Aude, c&rsquo;est tr\u00e8s facile. Faites confiance \u00e0 monteescalier pour vous mettre en contact tr\u00e8s rapidement avec les vendeurs de monte escalier qui comptent dans votre d\u00e9partement. Pas question de vous mettre en relation avec des prestataires qui ne desservent pas Cuxac-d&rsquo;Aude. Nous vous pr\u00e9senterons des prestataires locaux et nationaux, mais qui vendent tous des monte escalier \u00e0 Cuxac-d&rsquo;Aude et bien s\u00fbr les installent.<\/div>\n<div style=\"text-align:justify; margin-bottom:10px\">Comment mieux comparer qu&rsquo;en examinant des propositions concr\u00e8tes ? Une seule demande de devis sur notre site et vous obtiendrez plusieurs devis de diff\u00e9rents prestataires vous proposant diff\u00e9rents mod\u00e8les de monte escalier.<\/div>\n<div style=\"text-align:justify; margin-bottom:10px\">Aider \u00e0 la r\u00e9ussite de votre projet d&rsquo;achat de monte escalier sans vous d\u00e9placer, c&rsquo;est ce que notre site vous propose via notre formulaire de demande de rappel. Une fois compl\u00e9t\u00e9 avec vos coordonn\u00e9es, nos experts du monte escalier sur Cuxac-d&rsquo;Aude, vous rappelleront tr\u00e8s vite pour \u00e9changer avec vous sur votre futur monte escalier.<\/div>\n<div style=\"text-align:justify; margin-bottom:10px\">Utilisez notre site monteescalier.net pour obtenir de la documentation gr\u00e2ce \u00e0 notre formulaire de demande de documentation et nos partenaires, professionnels du monte escalier, qu&rsquo;ils soient fabricants, installateurs, ou revendeurs, vous feront parvenir des informations par mail ou par courrier sous forme de brochures d\u00e9crivant les mod\u00e8les disponibles avec leur caract\u00e9ristiques techniques d\u00e9taill\u00e9es.<\/div>\n<div style=\"text-align:justify; margin-bottom:10px\">Centralisez vos demandes sur les monte escalier gr\u00e2ce \u00e0 notre site enti\u00e8rement gratuit : un formulaire rempli = des contacts multiples avec les prestataires revendeurs de monte escalier \u00e0 Cuxac-d&rsquo;Aude et dans tout le d\u00e9partement. Si toutefois, les prestataires que nous avons pr\u00e9sent\u00e9s ne vous font pas de proposition int\u00e9ressante, libre \u00e0 vous d&rsquo;aller voir ailleurs. Une demande sur monteescalier.net ne vous engage absolument pas.<\/div>\n<\/div>\n<div class=\"titre_liens\">Les monte escaliers \u00e0 proximit\u00e9<\/div>\n<div class=\"boite_liens\"><a href=\"https:\/\/www.monteescalier.net\/france\/monte-escalier-gruissan\">Monte escalier Gruissan<\/a><br \/>\n<a href=\"https:\/\/www.monteescalier.net\/france\/monte-escalier-leucate\">Monte escalier Leucate<\/a><br \/>\n<a href=\"https:\/\/www.monteescalier.net\/france\/monte-escalier-quillan\">Monte escalier Quillan<\/a><br \/>\n<a href=\"https:\/\/www.monteescalier.net\/france\/monte-escalier-fleury\">Monte escalier Fleury<\/a><br \/>\n<a href=\"https:\/\/www.monteescalier.net\/france\/monte-escalier-bram\">Monte escalier Bram<\/a>\n<\/div>\n","protected":false},"excerpt":{"rendered":"<p>Renseignements sur les monte escalier \u00e0 Cuxac-d&rsquo;Aude Il y a plusieurs vendeurs de monte escalier \u00e0 Cuxac-d&rsquo;Aude, mais quel est celui qui vous donnera enti\u00e8re satisfaction en terme de prix et de prestations : une seule mani\u00e8re de le savoir, utilisez les services de monteescalier.net. Comment trouver le bon prestataire de monte escalier \u00e0 Cuxac-d&rsquo;Aude, [&hellip;]<\/p>\n","protected":false},"author":1,"featured_media":0,"parent":0,"menu_order":0,"comment_status":"closed","ping_status":"open","template":"template_ville_10.php","meta":{"_monsterinsights_skip_tracking":false,"_monsterinsights_sitenote_active":false,"_monsterinsights_sitenote_note":"","_monsterinsights_sitenote_category":0,"footnotes":""},"class_list":["post-3129","page","type-page","status-publish","hentry"],"yoast_head":"<!-- This site is optimized with the Yoast SEO plugin v26.3 - https:\/\/yoast.com\/wordpress\/plugins\/seo\/ -->\n<title>Monte escalier Cuxac-d&#039;Aude - Monte escalier<\/title>\n<meta name=\"robots\" content=\"index, follow, max-snippet:-1, max-image-preview:large, max-video-preview:-1\" \/>\n<link rel=\"canonical\" href=\"https:\/\/www.monteescalier.net\/france\/monte-escalier-cuxac-d-aude\/\" \/>\n<meta property=\"og:locale\" content=\"fr_FR\" \/>\n<meta property=\"og:type\" content=\"article\" \/>\n<meta property=\"og:title\" content=\"Monte escalier Cuxac-d&#039;Aude - Monte escalier\" \/>\n<meta property=\"og:description\" content=\"Renseignements sur les monte escalier \u00e0 Cuxac-d&rsquo;Aude Il y a plusieurs vendeurs de monte escalier \u00e0 Cuxac-d&rsquo;Aude, mais quel est celui qui vous donnera enti\u00e8re satisfaction en terme de prix et de prestations : une seule mani\u00e8re de le savoir, utilisez les services de monteescalier.net. Comment trouver le bon prestataire de monte escalier \u00e0 Cuxac-d&rsquo;Aude, [&hellip;]\" \/>\n<meta property=\"og:url\" content=\"https:\/\/www.monteescalier.net\/france\/monte-escalier-cuxac-d-aude\/\" \/>\n<meta property=\"og:site_name\" content=\"Monte escalier\" \/>\n<meta name=\"twitter:card\" content=\"summary_large_image\" \/>\n<meta name=\"twitter:label1\" content=\"Dur\u00e9e de lecture estim\u00e9e\" \/>\n\t<meta name=\"twitter:data1\" content=\"2 minutes\" \/>\n<script type=\"application\/ld+json\" class=\"yoast-schema-graph\">{\"@context\":\"https:\/\/schema.org\",\"@graph\":[{\"@type\":\"WebPage\",\"@id\":\"https:\/\/www.monteescalier.net\/france\/monte-escalier-cuxac-d-aude\/\",\"url\":\"https:\/\/www.monteescalier.net\/france\/monte-escalier-cuxac-d-aude\/\",\"name\":\"Monte escalier Cuxac-d'Aude - Monte escalier\",\"isPartOf\":{\"@id\":\"https:\/\/www.monteescalier.net\/france\/#website\"},\"datePublished\":\"2013-09-26T10:47:41+00:00\",\"breadcrumb\":{\"@id\":\"https:\/\/www.monteescalier.net\/france\/monte-escalier-cuxac-d-aude\/#breadcrumb\"},\"inLanguage\":\"fr-FR\",\"potentialAction\":[{\"@type\":\"ReadAction\",\"target\":[\"https:\/\/www.monteescalier.net\/france\/monte-escalier-cuxac-d-aude\/\"]}]},{\"@type\":\"BreadcrumbList\",\"@id\":\"https:\/\/www.monteescalier.net\/france\/monte-escalier-cuxac-d-aude\/#breadcrumb\",\"itemListElement\":[{\"@type\":\"ListItem\",\"position\":1,\"name\":\"Accueil\",\"item\":\"https:\/\/www.monteescalier.net\/france\/\"},{\"@type\":\"ListItem\",\"position\":2,\"name\":\"Monte escalier Cuxac-d&rsquo;Aude\"}]},{\"@type\":\"WebSite\",\"@id\":\"https:\/\/www.monteescalier.net\/france\/#website\",\"url\":\"https:\/\/www.monteescalier.net\/france\/\",\"name\":\"Monte escalier\",\"description\":\"\",\"publisher\":{\"@id\":\"https:\/\/www.monteescalier.net\/france\/#organization\"},\"potentialAction\":[{\"@type\":\"SearchAction\",\"target\":{\"@type\":\"EntryPoint\",\"urlTemplate\":\"https:\/\/www.monteescalier.net\/france\/?s={search_term_string}\"},\"query-input\":{\"@type\":\"PropertyValueSpecification\",\"valueRequired\":true,\"valueName\":\"search_term_string\"}}],\"inLanguage\":\"fr-FR\"},{\"@type\":\"Organization\",\"@id\":\"https:\/\/www.monteescalier.net\/france\/#organization\",\"name\":\"monte-escalier.net\",\"url\":\"https:\/\/www.monteescalier.net\/france\/\",\"logo\":{\"@type\":\"ImageObject\",\"inLanguage\":\"fr-FR\",\"@id\":\"https:\/\/www.monteescalier.net\/france\/#\/schema\/logo\/image\/\",\"url\":\"https:\/\/www.monteescalier.net\/france\/wp-content\/uploads\/2016\/10\/4devis-mont-escalier-500-500.gif\",\"contentUrl\":\"https:\/\/www.monteescalier.net\/france\/wp-content\/uploads\/2016\/10\/4devis-mont-escalier-500-500.gif\",\"width\":500,\"height\":500,\"caption\":\"monte-escalier.net\"},\"image\":{\"@id\":\"https:\/\/www.monteescalier.net\/france\/#\/schema\/logo\/image\/\"}}]}<\/script>\n<!-- \/ Yoast SEO plugin. -->","yoast_head_json":{"title":"Monte escalier Cuxac-d'Aude - Monte escalier","robots":{"index":"index","follow":"follow","max-snippet":"max-snippet:-1","max-image-preview":"max-image-preview:large","max-video-preview":"max-video-preview:-1"},"canonical":"https:\/\/www.monteescalier.net\/france\/monte-escalier-cuxac-d-aude\/","og_locale":"fr_FR","og_type":"article","og_title":"Monte escalier Cuxac-d'Aude - Monte escalier","og_description":"Renseignements sur les monte escalier \u00e0 Cuxac-d&rsquo;Aude Il y a plusieurs vendeurs de monte escalier \u00e0 Cuxac-d&rsquo;Aude, mais quel est celui qui vous donnera enti\u00e8re satisfaction en terme de prix et de prestations : une seule mani\u00e8re de le savoir, utilisez les services de monteescalier.net. Comment trouver le bon prestataire de monte escalier \u00e0 Cuxac-d&rsquo;Aude, [&hellip;]","og_url":"https:\/\/www.monteescalier.net\/france\/monte-escalier-cuxac-d-aude\/","og_site_name":"Monte escalier","twitter_card":"summary_large_image","twitter_misc":{"Dur\u00e9e de lecture estim\u00e9e":"2 minutes"},"schema":{"@context":"https:\/\/schema.org","@graph":[{"@type":"WebPage","@id":"https:\/\/www.monteescalier.net\/france\/monte-escalier-cuxac-d-aude\/","url":"https:\/\/www.monteescalier.net\/france\/monte-escalier-cuxac-d-aude\/","name":"Monte escalier Cuxac-d'Aude - Monte escalier","isPartOf":{"@id":"https:\/\/www.monteescalier.net\/france\/#website"},"datePublished":"2013-09-26T10:47:41+00:00","breadcrumb":{"@id":"https:\/\/www.monteescalier.net\/france\/monte-escalier-cuxac-d-aude\/#breadcrumb"},"inLanguage":"fr-FR","potentialAction":[{"@type":"ReadAction","target":["https:\/\/www.monteescalier.net\/france\/monte-escalier-cuxac-d-aude\/"]}]},{"@type":"BreadcrumbList","@id":"https:\/\/www.monteescalier.net\/france\/monte-escalier-cuxac-d-aude\/#breadcrumb","itemListElement":[{"@type":"ListItem","position":1,"name":"Accueil","item":"https:\/\/www.monteescalier.net\/france\/"},{"@type":"ListItem","position":2,"name":"Monte escalier Cuxac-d&rsquo;Aude"}]},{"@type":"WebSite","@id":"https:\/\/www.monteescalier.net\/france\/#website","url":"https:\/\/www.monteescalier.net\/france\/","name":"Monte escalier","description":"","publisher":{"@id":"https:\/\/www.monteescalier.net\/france\/#organization"},"potentialAction":[{"@type":"SearchAction","target":{"@type":"EntryPoint","urlTemplate":"https:\/\/www.monteescalier.net\/france\/?s={search_term_string}"},"query-input":{"@type":"PropertyValueSpecification","valueRequired":true,"valueName":"search_term_string"}}],"inLanguage":"fr-FR"},{"@type":"Organization","@id":"https:\/\/www.monteescalier.net\/france\/#organization","name":"monte-escalier.net","url":"https:\/\/www.monteescalier.net\/france\/","logo":{"@type":"ImageObject","inLanguage":"fr-FR","@id":"https:\/\/www.monteescalier.net\/france\/#\/schema\/logo\/image\/","url":"https:\/\/www.monteescalier.net\/france\/wp-content\/uploads\/2016\/10\/4devis-mont-escalier-500-500.gif","contentUrl":"https:\/\/www.monteescalier.net\/france\/wp-content\/uploads\/2016\/10\/4devis-mont-escalier-500-500.gif","width":500,"height":500,"caption":"monte-escalier.net"},"image":{"@id":"https:\/\/www.monteescalier.net\/france\/#\/schema\/logo\/image\/"}}]}},"_links":{"self":[{"href":"https:\/\/www.monteescalier.net\/france\/wp-json\/wp\/v2\/pages\/3129","targetHints":{"allow":["GET"]}}],"collection":[{"href":"https:\/\/www.monteescalier.net\/france\/wp-json\/wp\/v2\/pages"}],"about":[{"href":"https:\/\/www.monteescalier.net\/france\/wp-json\/wp\/v2\/types\/page"}],"author":[{"embeddable":true,"href":"https:\/\/www.monteescalier.net\/france\/wp-json\/wp\/v2\/users\/1"}],"replies":[{"embeddable":true,"href":"https:\/\/www.monteescalier.net\/france\/wp-json\/wp\/v2\/comments?post=3129"}],"version-history":[{"count":0,"href":"https:\/\/www.monteescalier.net\/france\/wp-json\/wp\/v2\/pages\/3129\/revisions"}],"wp:attachment":[{"href":"https:\/\/www.monteescalier.net\/france\/wp-json\/wp\/v2\/media?parent=3129"}],"curies":[{"name":"wp","href":"https:\/\/api.w.org\/{rel}","templated":true}]}}