{"id":314,"date":"2024-01-24T12:39:19","date_gmt":"2024-01-24T11:39:19","guid":{"rendered":"https:\/\/www.monteescalier.net\/france\/?page_id=314"},"modified":"2024-05-15T16:46:21","modified_gmt":"2024-05-15T15:46:21","slug":"monte-escalier-pyrenees-atlantiques","status":"publish","type":"page","link":"https:\/\/www.monteescalier.net\/france\/monte-escalier-pyrenees-atlantiques\/","title":{"rendered":"Monte escalier Pyr\u00e9n\u00e9es-Atlantiques, Pau"},"content":{"rendered":"<div class='content-column one_half'><div style=\"padding-right:19px;\"><h1>Un monte escalier dans les Pyr\u00e9n\u00e9es Atlantiques<\/h1>\n<p><b>Nos partenaires professionnels \u00e0 proximit\u00e9 :<\/b><br \/>\n<a href=\"https:\/\/www.monteescalier.net\/france\/monte-escalier-pau\/\">Monte escalier \u00e0 Pau<\/a><br \/>\n<a href=\"https:\/\/www.monteescalier.net\/france\/monte-escalier-bayonne\/\">Monte escalier \u00e0 Bayonne<\/a><br \/>\n<a href=\"https:\/\/www.monteescalier.net\/france\/monte-escalier-oloron-sainte-marie\/\">Monte escalier \u00e0 Oloron-Sainte-Marie<\/a><\/p>\n<p style=\"text-align: justify;\">Se procurer un monte-escaliers n&rsquo;est pas une affaire simple : l&rsquo;investissement est important car le fauteuil, le rail, et le moteur ont un certain co\u00fbt et il faut bien s\u00fbr compter \u00e9galement avec l&rsquo;installation qui doit imp\u00e9rativement \u00eatre effectu\u00e9e par un professionnel du monte escalier ne serait-ce que pour garantir votre s\u00e9curit\u00e9 !<\/p>\n<p style=\"text-align: justify;\">Monteescalier.net est pr\u00e9sent dans les Pyr\u00e9n\u00e9es Atlantiques gr\u00e2ce \u00e0 sa s\u00e9lection d&rsquo;installateurs ind\u00e9pendants locaux et nationaux qui ont ce d\u00e9partement dans leur zone d&rsquo;installation. Gr\u00e2ce \u00e0 nous vous allez choisir le bon prestataire pour votre monte escalier en remplissant un simple formulaire de contact. Aussit\u00f4t vous serez mis en relation directe avec notre s\u00e9lection de revendeurs de monte escalier travaillant dans les Pyr\u00e9n\u00e9es Atlantiques.<\/p>\n<p style=\"text-align: justify;\">Que vous habitiez \u00e0 Pau, Anglet, Hendaye, Bill\u00e8re, Bayonne, Saint Jean de Luz, Lons, Orthez, Mourenx, Juran\u00e7on, Oloron Sainte Marie, Hasparren, Ciboure ou Cambo les Bains, nos partenaires professionnels du monte escalier vous contacteront pour vous proposer leur service et les monte escalier qu&rsquo;ils commercialisent dans le d\u00e9partement des Pyr\u00e9n\u00e9es Atlantiques.<\/p>\n<p style=\"text-align: justify;\">Vous souhaitez vous informer au pr\u00e9alable en regardant de la documentation : remplissez notre formulaire de demande de docs, et vous recevrez par email ou dans votre boite aux lettres les prospectus des mod\u00e8les propos\u00e9s par chacun des vendeurs qui figurent dans notre s\u00e9lection : qu&rsquo;ils soient fabricants ou revendeurs de monte escalier (d\u00e8s lors qu&rsquo;ils couvrent votre d\u00e9partement)<\/p>\n<p style=\"text-align: justify;\">Votre projet de monte escalier est complexe ou pr\u00e9sente une probl\u00e9matique hors du commun ? Ou plus simplement vous avez des questions relatives \u00e0 l&rsquo;installation de votre monte escalier, utilisez notre demande de rappel. Tous nos sp\u00e9cialistes du monte escalier partenaires en Aquitaine sont \u00e0 votre disposition pour r\u00e9pondre \u00e0 toutes vos questions sur l&rsquo;installation d&rsquo;un monte escalier \u00e0 votre domicile.<\/p>\n<p>&nbsp;<\/p>\n<div class=\"bouton\">Cliquez ici pour obtenir des devis gratuitement<\/div><\/div><\/div><div class='content-column one_half last_column'><a href=\"https:\/\/www.monteescalier.net\/devis-gratuit.php\" target=\"_blank\" rel=\"noopener noreferrer\"><img loading=\"lazy\" decoding=\"async\" class=\"alignnone size-full img_region\" src=\"https:\/\/www.monteescalier.net\/france\/wp-content\/uploads\/2014\/10\/4devis-monte-escalier-photo-490.png\" alt=\"Pyrennees Atlantiques monte escalier\" width=\"507\" height=\"485\" \/><\/a><br \/>\n<img loading=\"lazy\" decoding=\"async\" class=\"alignnone size-full img_region_2\" src=\"https:\/\/www.monteescalier.net\/france\/wp-content\/uploads\/2013\/07\/pyrenneesatlantiques.jpg\" alt=\"Pyrennees Atlantiques\" width=\"507\" height=\"485\" \/><\/div><div class='clear_column'><\/div><\/p>\n","protected":false},"excerpt":{"rendered":"","protected":false},"author":1,"featured_media":0,"parent":0,"menu_order":0,"comment_status":"open","ping_status":"closed","template":"template5.php","meta":{"_monsterinsights_skip_tracking":false,"_monsterinsights_sitenote_active":false,"_monsterinsights_sitenote_note":"","_monsterinsights_sitenote_category":0,"footnotes":""},"class_list":["post-314","page","type-page","status-publish","hentry"],"yoast_head":"<!-- This site is optimized with the Yoast SEO plugin v26.3 - https:\/\/yoast.com\/wordpress\/plugins\/seo\/ -->\n<title>Monte escalier Pyr\u00e9n\u00e9es-Atlantiques, Pau - Monte escalier<\/title>\n<meta name=\"description\" content=\"Nos monte escalier situ\u00e9 en Pyr\u00e9n\u00e9es Atlantique : Pau, Bayonne, Oloron-Sainte-Marie.\" \/>\n<meta name=\"robots\" content=\"index, follow, max-snippet:-1, max-image-preview:large, max-video-preview:-1\" \/>\n<link rel=\"canonical\" href=\"https:\/\/www.monteescalier.net\/france\/monte-escalier-pyrenees-atlantiques\/\" \/>\n<meta property=\"og:locale\" content=\"fr_FR\" \/>\n<meta property=\"og:type\" content=\"article\" \/>\n<meta property=\"og:title\" content=\"Monte escalier Pyr\u00e9n\u00e9es-Atlantiques, Pau - Monte escalier\" \/>\n<meta property=\"og:description\" content=\"Nos monte escalier situ\u00e9 en Pyr\u00e9n\u00e9es Atlantique : Pau, Bayonne, Oloron-Sainte-Marie.\" \/>\n<meta property=\"og:url\" content=\"https:\/\/www.monteescalier.net\/france\/monte-escalier-pyrenees-atlantiques\/\" \/>\n<meta property=\"og:site_name\" content=\"Monte escalier\" \/>\n<meta property=\"article:modified_time\" content=\"2024-05-15T15:46:21+00:00\" \/>\n<meta property=\"og:image\" content=\"https:\/\/www.monteescalier.net\/france\/wp-content\/uploads\/2014\/10\/4devis-monte-escalier-photo-490.png\" \/>\n<meta name=\"twitter:card\" content=\"summary_large_image\" \/>\n<meta name=\"twitter:label1\" content=\"Dur\u00e9e de lecture estim\u00e9e\" \/>\n\t<meta name=\"twitter:data1\" content=\"2 minutes\" \/>\n<script type=\"application\/ld+json\" class=\"yoast-schema-graph\">{\"@context\":\"https:\/\/schema.org\",\"@graph\":[{\"@type\":\"WebPage\",\"@id\":\"https:\/\/www.monteescalier.net\/france\/monte-escalier-pyrenees-atlantiques\/\",\"url\":\"https:\/\/www.monteescalier.net\/france\/monte-escalier-pyrenees-atlantiques\/\",\"name\":\"Monte escalier Pyr\u00e9n\u00e9es-Atlantiques, Pau - Monte escalier\",\"isPartOf\":{\"@id\":\"https:\/\/www.monteescalier.net\/france\/#website\"},\"primaryImageOfPage\":{\"@id\":\"https:\/\/www.monteescalier.net\/france\/monte-escalier-pyrenees-atlantiques\/#primaryimage\"},\"image\":{\"@id\":\"https:\/\/www.monteescalier.net\/france\/monte-escalier-pyrenees-atlantiques\/#primaryimage\"},\"thumbnailUrl\":\"https:\/\/www.monteescalier.net\/france\/wp-content\/uploads\/2014\/10\/4devis-monte-escalier-photo-490.png\",\"datePublished\":\"2024-01-24T11:39:19+00:00\",\"dateModified\":\"2024-05-15T15:46:21+00:00\",\"description\":\"Nos monte escalier situ\u00e9 en Pyr\u00e9n\u00e9es Atlantique : Pau, Bayonne, Oloron-Sainte-Marie.\",\"breadcrumb\":{\"@id\":\"https:\/\/www.monteescalier.net\/france\/monte-escalier-pyrenees-atlantiques\/#breadcrumb\"},\"inLanguage\":\"fr-FR\",\"potentialAction\":[{\"@type\":\"ReadAction\",\"target\":[\"https:\/\/www.monteescalier.net\/france\/monte-escalier-pyrenees-atlantiques\/\"]}]},{\"@type\":\"ImageObject\",\"inLanguage\":\"fr-FR\",\"@id\":\"https:\/\/www.monteescalier.net\/france\/monte-escalier-pyrenees-atlantiques\/#primaryimage\",\"url\":\"https:\/\/www.monteescalier.net\/france\/wp-content\/uploads\/2014\/10\/4devis-monte-escalier-photo-490.png\",\"contentUrl\":\"https:\/\/www.monteescalier.net\/france\/wp-content\/uploads\/2014\/10\/4devis-monte-escalier-photo-490.png\",\"width\":490,\"height\":267},{\"@type\":\"BreadcrumbList\",\"@id\":\"https:\/\/www.monteescalier.net\/france\/monte-escalier-pyrenees-atlantiques\/#breadcrumb\",\"itemListElement\":[{\"@type\":\"ListItem\",\"position\":1,\"name\":\"Accueil\",\"item\":\"https:\/\/www.monteescalier.net\/france\/\"},{\"@type\":\"ListItem\",\"position\":2,\"name\":\"Monte escalier Pyr\u00e9n\u00e9es-Atlantiques, Pau\"}]},{\"@type\":\"WebSite\",\"@id\":\"https:\/\/www.monteescalier.net\/france\/#website\",\"url\":\"https:\/\/www.monteescalier.net\/france\/\",\"name\":\"Monte escalier\",\"description\":\"\",\"publisher\":{\"@id\":\"https:\/\/www.monteescalier.net\/france\/#organization\"},\"potentialAction\":[{\"@type\":\"SearchAction\",\"target\":{\"@type\":\"EntryPoint\",\"urlTemplate\":\"https:\/\/www.monteescalier.net\/france\/?s={search_term_string}\"},\"query-input\":{\"@type\":\"PropertyValueSpecification\",\"valueRequired\":true,\"valueName\":\"search_term_string\"}}],\"inLanguage\":\"fr-FR\"},{\"@type\":\"Organization\",\"@id\":\"https:\/\/www.monteescalier.net\/france\/#organization\",\"name\":\"monte-escalier.net\",\"url\":\"https:\/\/www.monteescalier.net\/france\/\",\"logo\":{\"@type\":\"ImageObject\",\"inLanguage\":\"fr-FR\",\"@id\":\"https:\/\/www.monteescalier.net\/france\/#\/schema\/logo\/image\/\",\"url\":\"https:\/\/www.monteescalier.net\/france\/wp-content\/uploads\/2016\/10\/4devis-mont-escalier-500-500.gif\",\"contentUrl\":\"https:\/\/www.monteescalier.net\/france\/wp-content\/uploads\/2016\/10\/4devis-mont-escalier-500-500.gif\",\"width\":500,\"height\":500,\"caption\":\"monte-escalier.net\"},\"image\":{\"@id\":\"https:\/\/www.monteescalier.net\/france\/#\/schema\/logo\/image\/\"}}]}<\/script>\n<!-- \/ Yoast SEO plugin. -->","yoast_head_json":{"title":"Monte escalier Pyr\u00e9n\u00e9es-Atlantiques, Pau - Monte escalier","description":"Nos monte escalier situ\u00e9 en Pyr\u00e9n\u00e9es Atlantique : Pau, Bayonne, Oloron-Sainte-Marie.","robots":{"index":"index","follow":"follow","max-snippet":"max-snippet:-1","max-image-preview":"max-image-preview:large","max-video-preview":"max-video-preview:-1"},"canonical":"https:\/\/www.monteescalier.net\/france\/monte-escalier-pyrenees-atlantiques\/","og_locale":"fr_FR","og_type":"article","og_title":"Monte escalier Pyr\u00e9n\u00e9es-Atlantiques, Pau - Monte escalier","og_description":"Nos monte escalier situ\u00e9 en Pyr\u00e9n\u00e9es Atlantique : Pau, Bayonne, Oloron-Sainte-Marie.","og_url":"https:\/\/www.monteescalier.net\/france\/monte-escalier-pyrenees-atlantiques\/","og_site_name":"Monte escalier","article_modified_time":"2024-05-15T15:46:21+00:00","og_image":[{"url":"https:\/\/www.monteescalier.net\/france\/wp-content\/uploads\/2014\/10\/4devis-monte-escalier-photo-490.png","type":"","width":"","height":""}],"twitter_card":"summary_large_image","twitter_misc":{"Dur\u00e9e de lecture estim\u00e9e":"2 minutes"},"schema":{"@context":"https:\/\/schema.org","@graph":[{"@type":"WebPage","@id":"https:\/\/www.monteescalier.net\/france\/monte-escalier-pyrenees-atlantiques\/","url":"https:\/\/www.monteescalier.net\/france\/monte-escalier-pyrenees-atlantiques\/","name":"Monte escalier Pyr\u00e9n\u00e9es-Atlantiques, Pau - Monte escalier","isPartOf":{"@id":"https:\/\/www.monteescalier.net\/france\/#website"},"primaryImageOfPage":{"@id":"https:\/\/www.monteescalier.net\/france\/monte-escalier-pyrenees-atlantiques\/#primaryimage"},"image":{"@id":"https:\/\/www.monteescalier.net\/france\/monte-escalier-pyrenees-atlantiques\/#primaryimage"},"thumbnailUrl":"https:\/\/www.monteescalier.net\/france\/wp-content\/uploads\/2014\/10\/4devis-monte-escalier-photo-490.png","datePublished":"2024-01-24T11:39:19+00:00","dateModified":"2024-05-15T15:46:21+00:00","description":"Nos monte escalier situ\u00e9 en Pyr\u00e9n\u00e9es Atlantique : Pau, Bayonne, Oloron-Sainte-Marie.","breadcrumb":{"@id":"https:\/\/www.monteescalier.net\/france\/monte-escalier-pyrenees-atlantiques\/#breadcrumb"},"inLanguage":"fr-FR","potentialAction":[{"@type":"ReadAction","target":["https:\/\/www.monteescalier.net\/france\/monte-escalier-pyrenees-atlantiques\/"]}]},{"@type":"ImageObject","inLanguage":"fr-FR","@id":"https:\/\/www.monteescalier.net\/france\/monte-escalier-pyrenees-atlantiques\/#primaryimage","url":"https:\/\/www.monteescalier.net\/france\/wp-content\/uploads\/2014\/10\/4devis-monte-escalier-photo-490.png","contentUrl":"https:\/\/www.monteescalier.net\/france\/wp-content\/uploads\/2014\/10\/4devis-monte-escalier-photo-490.png","width":490,"height":267},{"@type":"BreadcrumbList","@id":"https:\/\/www.monteescalier.net\/france\/monte-escalier-pyrenees-atlantiques\/#breadcrumb","itemListElement":[{"@type":"ListItem","position":1,"name":"Accueil","item":"https:\/\/www.monteescalier.net\/france\/"},{"@type":"ListItem","position":2,"name":"Monte escalier Pyr\u00e9n\u00e9es-Atlantiques, Pau"}]},{"@type":"WebSite","@id":"https:\/\/www.monteescalier.net\/france\/#website","url":"https:\/\/www.monteescalier.net\/france\/","name":"Monte escalier","description":"","publisher":{"@id":"https:\/\/www.monteescalier.net\/france\/#organization"},"potentialAction":[{"@type":"SearchAction","target":{"@type":"EntryPoint","urlTemplate":"https:\/\/www.monteescalier.net\/france\/?s={search_term_string}"},"query-input":{"@type":"PropertyValueSpecification","valueRequired":true,"valueName":"search_term_string"}}],"inLanguage":"fr-FR"},{"@type":"Organization","@id":"https:\/\/www.monteescalier.net\/france\/#organization","name":"monte-escalier.net","url":"https:\/\/www.monteescalier.net\/france\/","logo":{"@type":"ImageObject","inLanguage":"fr-FR","@id":"https:\/\/www.monteescalier.net\/france\/#\/schema\/logo\/image\/","url":"https:\/\/www.monteescalier.net\/france\/wp-content\/uploads\/2016\/10\/4devis-mont-escalier-500-500.gif","contentUrl":"https:\/\/www.monteescalier.net\/france\/wp-content\/uploads\/2016\/10\/4devis-mont-escalier-500-500.gif","width":500,"height":500,"caption":"monte-escalier.net"},"image":{"@id":"https:\/\/www.monteescalier.net\/france\/#\/schema\/logo\/image\/"}}]}},"_links":{"self":[{"href":"https:\/\/www.monteescalier.net\/france\/wp-json\/wp\/v2\/pages\/314","targetHints":{"allow":["GET"]}}],"collection":[{"href":"https:\/\/www.monteescalier.net\/france\/wp-json\/wp\/v2\/pages"}],"about":[{"href":"https:\/\/www.monteescalier.net\/france\/wp-json\/wp\/v2\/types\/page"}],"author":[{"embeddable":true,"href":"https:\/\/www.monteescalier.net\/france\/wp-json\/wp\/v2\/users\/1"}],"replies":[{"embeddable":true,"href":"https:\/\/www.monteescalier.net\/france\/wp-json\/wp\/v2\/comments?post=314"}],"version-history":[{"count":9,"href":"https:\/\/www.monteescalier.net\/france\/wp-json\/wp\/v2\/pages\/314\/revisions"}],"predecessor-version":[{"id":9094,"href":"https:\/\/www.monteescalier.net\/france\/wp-json\/wp\/v2\/pages\/314\/revisions\/9094"}],"wp:attachment":[{"href":"https:\/\/www.monteescalier.net\/france\/wp-json\/wp\/v2\/media?parent=314"}],"curies":[{"name":"wp","href":"https:\/\/api.w.org\/{rel}","templated":true}]}}