{"id":326,"date":"2013-07-25T14:29:32","date_gmt":"2013-07-25T13:29:32","guid":{"rendered":"https:\/\/www.monteescalier.net\/france\/?page_id=326"},"modified":"2024-11-29T17:30:16","modified_gmt":"2024-11-29T16:30:16","slug":"demande-de-devis","status":"publish","type":"page","link":"https:\/\/www.monteescalier.net\/france\/demande-de-devis\/","title":{"rendered":"Demande de devis : Recevez 4 devis gratuits"},"content":{"rendered":"<p>Vous voulez recevoir 4 devis de monte escalier gratuitement: Remplissez ce formulaire pour recevoir au moins 4 devis gratuits sans aucun engagement.<\/p>\n<p>Remplissez bien tous les champs, votre demande sera trait\u00e9e dans les plus brefs d\u00e9lais et vous serez mis en relation avec les installateurs de monte escalier qui comptent dans votre d\u00e9partement.<\/p>\n","protected":false},"excerpt":{"rendered":"<p>Vous voulez recevoir 4 devis de monte escalier gratuitement: Remplissez ce formulaire pour recevoir au moins 4 devis gratuits sans aucun engagement. Remplissez bien tous les champs, votre demande sera trait\u00e9e dans les plus brefs d\u00e9lais et vous serez mis en relation avec les installateurs de monte escalier qui comptent dans votre d\u00e9partement.<\/p>\n","protected":false},"author":1,"featured_media":0,"parent":0,"menu_order":0,"comment_status":"open","ping_status":"open","template":"tp_devis.php","meta":{"_monsterinsights_skip_tracking":false,"_monsterinsights_sitenote_active":false,"_monsterinsights_sitenote_note":"","_monsterinsights_sitenote_category":0,"footnotes":""},"class_list":["post-326","page","type-page","status-publish","hentry"],"yoast_head":"<!-- This site is optimized with the Yoast SEO plugin v26.3 - https:\/\/yoast.com\/wordpress\/plugins\/seo\/ -->\n<title>Demande de devis : Recevez 4 devis gratuits - Monte escalier<\/title>\n<meta name=\"robots\" content=\"index, follow, max-snippet:-1, max-image-preview:large, max-video-preview:-1\" \/>\n<link rel=\"canonical\" href=\"https:\/\/www.monteescalier.net\/france\/demande-de-devis\/\" \/>\n<meta property=\"og:locale\" content=\"fr_FR\" \/>\n<meta property=\"og:type\" content=\"article\" \/>\n<meta property=\"og:title\" content=\"Demande de devis : Recevez 4 devis gratuits - Monte escalier\" \/>\n<meta property=\"og:description\" content=\"Vous voulez recevoir 4 devis de monte escalier gratuitement: Remplissez ce formulaire pour recevoir au moins 4 devis gratuits sans aucun engagement. Remplissez bien tous les champs, votre demande sera trait\u00e9e dans les plus brefs d\u00e9lais et vous serez mis en relation avec les installateurs de monte escalier qui comptent dans votre d\u00e9partement.\" \/>\n<meta property=\"og:url\" content=\"https:\/\/www.monteescalier.net\/france\/demande-de-devis\/\" \/>\n<meta property=\"og:site_name\" content=\"Monte escalier\" \/>\n<meta property=\"article:modified_time\" content=\"2024-11-29T16:30:16+00:00\" \/>\n<meta name=\"twitter:card\" content=\"summary_large_image\" \/>\n<meta name=\"twitter:label1\" content=\"Dur\u00e9e de lecture estim\u00e9e\" \/>\n\t<meta name=\"twitter:data1\" content=\"1 minute\" \/>\n<script type=\"application\/ld+json\" class=\"yoast-schema-graph\">{\"@context\":\"https:\/\/schema.org\",\"@graph\":[{\"@type\":\"WebPage\",\"@id\":\"https:\/\/www.monteescalier.net\/france\/demande-de-devis\/\",\"url\":\"https:\/\/www.monteescalier.net\/france\/demande-de-devis\/\",\"name\":\"Demande de devis : Recevez 4 devis gratuits - Monte escalier\",\"isPartOf\":{\"@id\":\"https:\/\/www.monteescalier.net\/france\/#website\"},\"datePublished\":\"2013-07-25T13:29:32+00:00\",\"dateModified\":\"2024-11-29T16:30:16+00:00\",\"breadcrumb\":{\"@id\":\"https:\/\/www.monteescalier.net\/france\/demande-de-devis\/#breadcrumb\"},\"inLanguage\":\"fr-FR\",\"potentialAction\":[{\"@type\":\"ReadAction\",\"target\":[\"https:\/\/www.monteescalier.net\/france\/demande-de-devis\/\"]}]},{\"@type\":\"BreadcrumbList\",\"@id\":\"https:\/\/www.monteescalier.net\/france\/demande-de-devis\/#breadcrumb\",\"itemListElement\":[{\"@type\":\"ListItem\",\"position\":1,\"name\":\"Accueil\",\"item\":\"https:\/\/www.monteescalier.net\/france\/\"},{\"@type\":\"ListItem\",\"position\":2,\"name\":\"Demande de devis : Recevez 4 devis gratuits\"}]},{\"@type\":\"WebSite\",\"@id\":\"https:\/\/www.monteescalier.net\/france\/#website\",\"url\":\"https:\/\/www.monteescalier.net\/france\/\",\"name\":\"Monte escalier\",\"description\":\"\",\"publisher\":{\"@id\":\"https:\/\/www.monteescalier.net\/france\/#organization\"},\"potentialAction\":[{\"@type\":\"SearchAction\",\"target\":{\"@type\":\"EntryPoint\",\"urlTemplate\":\"https:\/\/www.monteescalier.net\/france\/?s={search_term_string}\"},\"query-input\":{\"@type\":\"PropertyValueSpecification\",\"valueRequired\":true,\"valueName\":\"search_term_string\"}}],\"inLanguage\":\"fr-FR\"},{\"@type\":\"Organization\",\"@id\":\"https:\/\/www.monteescalier.net\/france\/#organization\",\"name\":\"monte-escalier.net\",\"url\":\"https:\/\/www.monteescalier.net\/france\/\",\"logo\":{\"@type\":\"ImageObject\",\"inLanguage\":\"fr-FR\",\"@id\":\"https:\/\/www.monteescalier.net\/france\/#\/schema\/logo\/image\/\",\"url\":\"https:\/\/www.monteescalier.net\/france\/wp-content\/uploads\/2016\/10\/4devis-mont-escalier-500-500.gif\",\"contentUrl\":\"https:\/\/www.monteescalier.net\/france\/wp-content\/uploads\/2016\/10\/4devis-mont-escalier-500-500.gif\",\"width\":500,\"height\":500,\"caption\":\"monte-escalier.net\"},\"image\":{\"@id\":\"https:\/\/www.monteescalier.net\/france\/#\/schema\/logo\/image\/\"}}]}<\/script>\n<!-- \/ Yoast SEO plugin. -->","yoast_head_json":{"title":"Demande de devis : Recevez 4 devis gratuits - Monte escalier","robots":{"index":"index","follow":"follow","max-snippet":"max-snippet:-1","max-image-preview":"max-image-preview:large","max-video-preview":"max-video-preview:-1"},"canonical":"https:\/\/www.monteescalier.net\/france\/demande-de-devis\/","og_locale":"fr_FR","og_type":"article","og_title":"Demande de devis : Recevez 4 devis gratuits - Monte escalier","og_description":"Vous voulez recevoir 4 devis de monte escalier gratuitement: Remplissez ce formulaire pour recevoir au moins 4 devis gratuits sans aucun engagement. Remplissez bien tous les champs, votre demande sera trait\u00e9e dans les plus brefs d\u00e9lais et vous serez mis en relation avec les installateurs de monte escalier qui comptent dans votre d\u00e9partement.","og_url":"https:\/\/www.monteescalier.net\/france\/demande-de-devis\/","og_site_name":"Monte escalier","article_modified_time":"2024-11-29T16:30:16+00:00","twitter_card":"summary_large_image","twitter_misc":{"Dur\u00e9e de lecture estim\u00e9e":"1 minute"},"schema":{"@context":"https:\/\/schema.org","@graph":[{"@type":"WebPage","@id":"https:\/\/www.monteescalier.net\/france\/demande-de-devis\/","url":"https:\/\/www.monteescalier.net\/france\/demande-de-devis\/","name":"Demande de devis : Recevez 4 devis gratuits - Monte escalier","isPartOf":{"@id":"https:\/\/www.monteescalier.net\/france\/#website"},"datePublished":"2013-07-25T13:29:32+00:00","dateModified":"2024-11-29T16:30:16+00:00","breadcrumb":{"@id":"https:\/\/www.monteescalier.net\/france\/demande-de-devis\/#breadcrumb"},"inLanguage":"fr-FR","potentialAction":[{"@type":"ReadAction","target":["https:\/\/www.monteescalier.net\/france\/demande-de-devis\/"]}]},{"@type":"BreadcrumbList","@id":"https:\/\/www.monteescalier.net\/france\/demande-de-devis\/#breadcrumb","itemListElement":[{"@type":"ListItem","position":1,"name":"Accueil","item":"https:\/\/www.monteescalier.net\/france\/"},{"@type":"ListItem","position":2,"name":"Demande de devis : Recevez 4 devis gratuits"}]},{"@type":"WebSite","@id":"https:\/\/www.monteescalier.net\/france\/#website","url":"https:\/\/www.monteescalier.net\/france\/","name":"Monte escalier","description":"","publisher":{"@id":"https:\/\/www.monteescalier.net\/france\/#organization"},"potentialAction":[{"@type":"SearchAction","target":{"@type":"EntryPoint","urlTemplate":"https:\/\/www.monteescalier.net\/france\/?s={search_term_string}"},"query-input":{"@type":"PropertyValueSpecification","valueRequired":true,"valueName":"search_term_string"}}],"inLanguage":"fr-FR"},{"@type":"Organization","@id":"https:\/\/www.monteescalier.net\/france\/#organization","name":"monte-escalier.net","url":"https:\/\/www.monteescalier.net\/france\/","logo":{"@type":"ImageObject","inLanguage":"fr-FR","@id":"https:\/\/www.monteescalier.net\/france\/#\/schema\/logo\/image\/","url":"https:\/\/www.monteescalier.net\/france\/wp-content\/uploads\/2016\/10\/4devis-mont-escalier-500-500.gif","contentUrl":"https:\/\/www.monteescalier.net\/france\/wp-content\/uploads\/2016\/10\/4devis-mont-escalier-500-500.gif","width":500,"height":500,"caption":"monte-escalier.net"},"image":{"@id":"https:\/\/www.monteescalier.net\/france\/#\/schema\/logo\/image\/"}}]}},"_links":{"self":[{"href":"https:\/\/www.monteescalier.net\/france\/wp-json\/wp\/v2\/pages\/326","targetHints":{"allow":["GET"]}}],"collection":[{"href":"https:\/\/www.monteescalier.net\/france\/wp-json\/wp\/v2\/pages"}],"about":[{"href":"https:\/\/www.monteescalier.net\/france\/wp-json\/wp\/v2\/types\/page"}],"author":[{"embeddable":true,"href":"https:\/\/www.monteescalier.net\/france\/wp-json\/wp\/v2\/users\/1"}],"replies":[{"embeddable":true,"href":"https:\/\/www.monteescalier.net\/france\/wp-json\/wp\/v2\/comments?post=326"}],"version-history":[{"count":5,"href":"https:\/\/www.monteescalier.net\/france\/wp-json\/wp\/v2\/pages\/326\/revisions"}],"predecessor-version":[{"id":8044,"href":"https:\/\/www.monteescalier.net\/france\/wp-json\/wp\/v2\/pages\/326\/revisions\/8044"}],"wp:attachment":[{"href":"https:\/\/www.monteescalier.net\/france\/wp-json\/wp\/v2\/media?parent=326"}],"curies":[{"name":"wp","href":"https:\/\/api.w.org\/{rel}","templated":true}]}}