{"id":3629,"date":"2013-09-26T10:47:48","date_gmt":"2013-09-26T10:47:48","guid":{"rendered":"https:\/\/www.monteescalier.net\/france\/?page_id=3629"},"modified":"-0001-11-30T00:00:00","modified_gmt":"-0001-11-29T23:00:00","slug":"monte-escalier-nantua","status":"publish","type":"page","link":"https:\/\/www.monteescalier.net\/france\/monte-escalier-nantua\/","title":{"rendered":"Monte escalier Nantua"},"content":{"rendered":"<h1>Quel vendeur de monte escalier choisir \u00e0 Nantua<\/h1>\n<div class=\"boite_texte\">\n<div style=\"text-align:justify; margin-bottom:10px\">Vous connaissez plusieurs noms de vendeurs de monte escalier \u00e0 Nantua. Mais lequel vous fera le meilleur devis, avec un prix convenable et des prestations \u00e0 la hauteur. Monteescalier.net vous fournit les outils pour bien choisir.<\/div>\n<div style=\"text-align:justify; margin-bottom:10px\">Monteescalier.net dispose de partenaires installateurs de monte escalier dans toute la France et vous permet d&rsquo;\u00eatre mis sans aucun frais en contact avec ceux pouvant intervenir chez vous pour faire installer un monte escalier \u00e0 Nantua.<\/div>\n<div style=\"text-align:justify; margin-bottom:10px\">Inutile de chercher et d&rsquo;appeler tous les renvendeurs de monte escalier de Nantua. En compl\u00e9tant une demande de devis sur notre site, vous recevrez gratuitement plusieurs propositions des professionnels de votre region, sans vous d\u00e9placer. Vous n&rsquo;aurez plus qu&rsquo;\u00e0 choisir la meilleure offre.<\/div>\n<div style=\"text-align:justify; margin-bottom:10px\">L&rsquo;installation d&rsquo;un monte escalier est une op\u00e9ration tr\u00e8s technique qui n\u00e9cessite une pr\u00e9paration minutieuse et ainsi garantir votre s\u00e9curit\u00e9 sur le fauteuil monte escalier. Il est donc normal que vous vous posiez des questions sur cette installation. Pour lever vos doutes, nous vous proposons de remplir une demande de rappel afin que nos partenaires experts puissent vous rappeler et vous donner par t\u00e9l\u00e9phone leurs avis respectifs sur la mise en place de votre monte escalier.<\/div>\n<div style=\"text-align:justify; margin-bottom:10px\">Presque tous nos partenaires installateurs disposent de documentation sur les mod\u00e8les de monte escalier qu&rsquo;ils commercialisent. Ils peuvent vous les faire parvenir par courrier ou par email selon votre pr\u00e9f\u00e9rence. Pour les recevoir remplissez vite une demande de documentation sur notre site.<\/div>\n<div style=\"text-align:justify; margin-bottom:10px\">Pourquoi aller chercher ailleurs alors que tous nos services sont enti\u00e8rement gratuits. Nous avons fait le travail de pr\u00e9selection de votre prestataire monte escalier \u00e0 Nantua. Utilisez nos services ne vous co\u00fbtera rien et ne vous engagera \u00e0 rien&#8230; alors pourquoi ne pas tenter le coup ! Laissez nous vos coordonn\u00e9es et testez nos services sans engagement.<\/div>\n<\/div>\n<div class=\"titre_liens\">Nos offres monte escalier \u00e0 proximit\u00e9<\/div>\n<div class=\"boite_liens\"><a href=\"https:\/\/www.monteescalier.net\/france\/monte-escalier-montreal-la-cluse\">Monte escalier Montr\u00e9al-la-Cluse<\/a><br \/>\n<a href=\"https:\/\/www.monteescalier.net\/france\/monte-escalier-bellignat\">Monte escalier Bellignat<\/a><br \/>\n<a href=\"https:\/\/www.monteescalier.net\/france\/monte-escalier-arbent\">Monte escalier Arbent<\/a><br \/>\n<a href=\"https:\/\/www.monteescalier.net\/france\/monte-escalier-replonges\">Monte escalier Replonges<\/a><br \/>\n<a href=\"https:\/\/www.monteescalier.net\/france\/monte-escalier-ornex\">Monte escalier Ornex<\/a>\n<\/div>\n","protected":false},"excerpt":{"rendered":"<p>Quel vendeur de monte escalier choisir \u00e0 Nantua Vous connaissez plusieurs noms de vendeurs de monte escalier \u00e0 Nantua. Mais lequel vous fera le meilleur devis, avec un prix convenable et des prestations \u00e0 la hauteur. Monteescalier.net vous fournit les outils pour bien choisir. Monteescalier.net dispose de partenaires installateurs de monte escalier dans toute la [&hellip;]<\/p>\n","protected":false},"author":1,"featured_media":0,"parent":0,"menu_order":0,"comment_status":"closed","ping_status":"open","template":"template_ville_8.php","meta":{"_monsterinsights_skip_tracking":false,"_monsterinsights_sitenote_active":false,"_monsterinsights_sitenote_note":"","_monsterinsights_sitenote_category":0,"footnotes":""},"class_list":["post-3629","page","type-page","status-publish","hentry"],"yoast_head":"<!-- This site is optimized with the Yoast SEO plugin v26.3 - https:\/\/yoast.com\/wordpress\/plugins\/seo\/ -->\n<title>Monte escalier Nantua - Monte escalier<\/title>\n<meta name=\"robots\" content=\"index, follow, max-snippet:-1, max-image-preview:large, max-video-preview:-1\" \/>\n<link rel=\"canonical\" href=\"https:\/\/www.monteescalier.net\/france\/monte-escalier-nantua\/\" \/>\n<meta property=\"og:locale\" content=\"fr_FR\" \/>\n<meta property=\"og:type\" content=\"article\" \/>\n<meta property=\"og:title\" content=\"Monte escalier Nantua - Monte escalier\" \/>\n<meta property=\"og:description\" content=\"Quel vendeur de monte escalier choisir \u00e0 Nantua Vous connaissez plusieurs noms de vendeurs de monte escalier \u00e0 Nantua. Mais lequel vous fera le meilleur devis, avec un prix convenable et des prestations \u00e0 la hauteur. Monteescalier.net vous fournit les outils pour bien choisir. Monteescalier.net dispose de partenaires installateurs de monte escalier dans toute la [&hellip;]\" \/>\n<meta property=\"og:url\" content=\"https:\/\/www.monteescalier.net\/france\/monte-escalier-nantua\/\" \/>\n<meta property=\"og:site_name\" content=\"Monte escalier\" \/>\n<meta name=\"twitter:card\" content=\"summary_large_image\" \/>\n<meta name=\"twitter:label1\" content=\"Dur\u00e9e de lecture estim\u00e9e\" \/>\n\t<meta name=\"twitter:data1\" content=\"2 minutes\" \/>\n<script type=\"application\/ld+json\" class=\"yoast-schema-graph\">{\"@context\":\"https:\/\/schema.org\",\"@graph\":[{\"@type\":\"WebPage\",\"@id\":\"https:\/\/www.monteescalier.net\/france\/monte-escalier-nantua\/\",\"url\":\"https:\/\/www.monteescalier.net\/france\/monte-escalier-nantua\/\",\"name\":\"Monte escalier Nantua - Monte escalier\",\"isPartOf\":{\"@id\":\"https:\/\/www.monteescalier.net\/france\/#website\"},\"datePublished\":\"2013-09-26T10:47:48+00:00\",\"breadcrumb\":{\"@id\":\"https:\/\/www.monteescalier.net\/france\/monte-escalier-nantua\/#breadcrumb\"},\"inLanguage\":\"fr-FR\",\"potentialAction\":[{\"@type\":\"ReadAction\",\"target\":[\"https:\/\/www.monteescalier.net\/france\/monte-escalier-nantua\/\"]}]},{\"@type\":\"BreadcrumbList\",\"@id\":\"https:\/\/www.monteescalier.net\/france\/monte-escalier-nantua\/#breadcrumb\",\"itemListElement\":[{\"@type\":\"ListItem\",\"position\":1,\"name\":\"Accueil\",\"item\":\"https:\/\/www.monteescalier.net\/france\/\"},{\"@type\":\"ListItem\",\"position\":2,\"name\":\"Monte escalier Nantua\"}]},{\"@type\":\"WebSite\",\"@id\":\"https:\/\/www.monteescalier.net\/france\/#website\",\"url\":\"https:\/\/www.monteescalier.net\/france\/\",\"name\":\"Monte escalier\",\"description\":\"\",\"publisher\":{\"@id\":\"https:\/\/www.monteescalier.net\/france\/#organization\"},\"potentialAction\":[{\"@type\":\"SearchAction\",\"target\":{\"@type\":\"EntryPoint\",\"urlTemplate\":\"https:\/\/www.monteescalier.net\/france\/?s={search_term_string}\"},\"query-input\":{\"@type\":\"PropertyValueSpecification\",\"valueRequired\":true,\"valueName\":\"search_term_string\"}}],\"inLanguage\":\"fr-FR\"},{\"@type\":\"Organization\",\"@id\":\"https:\/\/www.monteescalier.net\/france\/#organization\",\"name\":\"monte-escalier.net\",\"url\":\"https:\/\/www.monteescalier.net\/france\/\",\"logo\":{\"@type\":\"ImageObject\",\"inLanguage\":\"fr-FR\",\"@id\":\"https:\/\/www.monteescalier.net\/france\/#\/schema\/logo\/image\/\",\"url\":\"https:\/\/www.monteescalier.net\/france\/wp-content\/uploads\/2016\/10\/4devis-mont-escalier-500-500.gif\",\"contentUrl\":\"https:\/\/www.monteescalier.net\/france\/wp-content\/uploads\/2016\/10\/4devis-mont-escalier-500-500.gif\",\"width\":500,\"height\":500,\"caption\":\"monte-escalier.net\"},\"image\":{\"@id\":\"https:\/\/www.monteescalier.net\/france\/#\/schema\/logo\/image\/\"}}]}<\/script>\n<!-- \/ Yoast SEO plugin. -->","yoast_head_json":{"title":"Monte escalier Nantua - Monte escalier","robots":{"index":"index","follow":"follow","max-snippet":"max-snippet:-1","max-image-preview":"max-image-preview:large","max-video-preview":"max-video-preview:-1"},"canonical":"https:\/\/www.monteescalier.net\/france\/monte-escalier-nantua\/","og_locale":"fr_FR","og_type":"article","og_title":"Monte escalier Nantua - Monte escalier","og_description":"Quel vendeur de monte escalier choisir \u00e0 Nantua Vous connaissez plusieurs noms de vendeurs de monte escalier \u00e0 Nantua. Mais lequel vous fera le meilleur devis, avec un prix convenable et des prestations \u00e0 la hauteur. Monteescalier.net vous fournit les outils pour bien choisir. Monteescalier.net dispose de partenaires installateurs de monte escalier dans toute la [&hellip;]","og_url":"https:\/\/www.monteescalier.net\/france\/monte-escalier-nantua\/","og_site_name":"Monte escalier","twitter_card":"summary_large_image","twitter_misc":{"Dur\u00e9e de lecture estim\u00e9e":"2 minutes"},"schema":{"@context":"https:\/\/schema.org","@graph":[{"@type":"WebPage","@id":"https:\/\/www.monteescalier.net\/france\/monte-escalier-nantua\/","url":"https:\/\/www.monteescalier.net\/france\/monte-escalier-nantua\/","name":"Monte escalier Nantua - Monte escalier","isPartOf":{"@id":"https:\/\/www.monteescalier.net\/france\/#website"},"datePublished":"2013-09-26T10:47:48+00:00","breadcrumb":{"@id":"https:\/\/www.monteescalier.net\/france\/monte-escalier-nantua\/#breadcrumb"},"inLanguage":"fr-FR","potentialAction":[{"@type":"ReadAction","target":["https:\/\/www.monteescalier.net\/france\/monte-escalier-nantua\/"]}]},{"@type":"BreadcrumbList","@id":"https:\/\/www.monteescalier.net\/france\/monte-escalier-nantua\/#breadcrumb","itemListElement":[{"@type":"ListItem","position":1,"name":"Accueil","item":"https:\/\/www.monteescalier.net\/france\/"},{"@type":"ListItem","position":2,"name":"Monte escalier Nantua"}]},{"@type":"WebSite","@id":"https:\/\/www.monteescalier.net\/france\/#website","url":"https:\/\/www.monteescalier.net\/france\/","name":"Monte escalier","description":"","publisher":{"@id":"https:\/\/www.monteescalier.net\/france\/#organization"},"potentialAction":[{"@type":"SearchAction","target":{"@type":"EntryPoint","urlTemplate":"https:\/\/www.monteescalier.net\/france\/?s={search_term_string}"},"query-input":{"@type":"PropertyValueSpecification","valueRequired":true,"valueName":"search_term_string"}}],"inLanguage":"fr-FR"},{"@type":"Organization","@id":"https:\/\/www.monteescalier.net\/france\/#organization","name":"monte-escalier.net","url":"https:\/\/www.monteescalier.net\/france\/","logo":{"@type":"ImageObject","inLanguage":"fr-FR","@id":"https:\/\/www.monteescalier.net\/france\/#\/schema\/logo\/image\/","url":"https:\/\/www.monteescalier.net\/france\/wp-content\/uploads\/2016\/10\/4devis-mont-escalier-500-500.gif","contentUrl":"https:\/\/www.monteescalier.net\/france\/wp-content\/uploads\/2016\/10\/4devis-mont-escalier-500-500.gif","width":500,"height":500,"caption":"monte-escalier.net"},"image":{"@id":"https:\/\/www.monteescalier.net\/france\/#\/schema\/logo\/image\/"}}]}},"_links":{"self":[{"href":"https:\/\/www.monteescalier.net\/france\/wp-json\/wp\/v2\/pages\/3629","targetHints":{"allow":["GET"]}}],"collection":[{"href":"https:\/\/www.monteescalier.net\/france\/wp-json\/wp\/v2\/pages"}],"about":[{"href":"https:\/\/www.monteescalier.net\/france\/wp-json\/wp\/v2\/types\/page"}],"author":[{"embeddable":true,"href":"https:\/\/www.monteescalier.net\/france\/wp-json\/wp\/v2\/users\/1"}],"replies":[{"embeddable":true,"href":"https:\/\/www.monteescalier.net\/france\/wp-json\/wp\/v2\/comments?post=3629"}],"version-history":[{"count":0,"href":"https:\/\/www.monteescalier.net\/france\/wp-json\/wp\/v2\/pages\/3629\/revisions"}],"wp:attachment":[{"href":"https:\/\/www.monteescalier.net\/france\/wp-json\/wp\/v2\/media?parent=3629"}],"curies":[{"name":"wp","href":"https:\/\/api.w.org\/{rel}","templated":true}]}}