{"id":3664,"date":"2013-09-26T10:47:49","date_gmt":"2013-09-26T10:47:49","guid":{"rendered":"https:\/\/www.monteescalier.net\/france\/?page_id=3664"},"modified":"-0001-11-30T00:00:00","modified_gmt":"-0001-11-29T23:00:00","slug":"monte-escalier-campbon","status":"publish","type":"page","link":"https:\/\/www.monteescalier.net\/france\/monte-escalier-campbon\/","title":{"rendered":"Monte escalier Campbon"},"content":{"rendered":"<h1>Selectionner un vendeur de monte escalier \u00e0 Campbon<\/h1>\n<div class=\"boite_texte\">\n<div style=\"text-align:justify; margin-bottom:10px\">Vous connaissez plusieurs noms de vendeurs de monte escalier \u00e0 Campbon. Mais lequel vous fera le meilleur devis, avec un prix convenable et des prestations \u00e0 la hauteur. Monteescalier.net vous fournit les outils pour bien choisir.<\/div>\n<div style=\"text-align:justify; margin-bottom:10px\">Qui sommes nous ? Nous sommes des interm\u00e9diaires entre vous et les soci\u00e9t\u00e9s vendeuses de monte escalier, mais attention ! Contrairement \u00e0 beaucoup d&rsquo;autres interm\u00e9diaires, nous ne vous facturerons jamais pour nos services de mise en contact. Remplissez un formulaire sur notre site et laissez nous faire, vous allez \u00eatre mis tr\u00e8s vite en contact avec les revendeurs de monte escalier de Campbon.<\/div>\n<div style=\"text-align:justify; margin-bottom:10px\">Comment mieux comparer qu&rsquo;en examinant des propositions concr\u00e8tes ? Une seule demande de devis sur notre site et vous obtiendrez plusieurs devis de diff\u00e9rents prestataires vous proposant diff\u00e9rents mod\u00e8les de monte escalier.<\/div>\n<div style=\"text-align:justify; margin-bottom:10px\">Un seul formulaire \u00e0 compl\u00e9ter pour \u00eatre rappel\u00e9 par des professionnels du monte escalier, c&rsquo;est le deuxi\u00e8me service totalement gratuit que nous vous proposons avec la demande de rappel. C&rsquo;est la garantie d&rsquo;\u00eatre rappel\u00e9 tr\u00e8s vite par plusieurs installateurs de monte escalier qui pourront ainsi apporter des r\u00e9ponses personnalis\u00e9es aux questions que vous vous posez certainement.<\/div>\n<div style=\"text-align:justify; margin-bottom:10px\">Quel mod\u00e8le de monte escalier choisir ? Pour vous aider \u00e0 r\u00e9pondre \u00e0 cette question, aidez vous avec de la documentation gratuite sur les monte escaliers. Nos partenaires revendeurs peuvent, en effet, vous faire parvenir de la documentation sur les mod\u00e8les qu&rsquo;ils proposent \u00e0 la vente et qui vous permettront sans doute d&rsquo;\u00e9tablir une pr\u00e9selection entre les diff\u00e9rents mod\u00e8les que vous pourriez mettre en place chez vous.<\/div>\n<div style=\"text-align:justify; margin-bottom:10px\">Demande de doc, demande de devis, demande de rappel sont des services totalement gratuits sur monteescalier.net, pas de co\u00fbt cach\u00e9s, pas d&rsquo;obligations. Vos demandes sont directement transmises \u00e0 nos prestataires partenaires desservant la ville de Campbon et sa r\u00e9gion. Libre \u00e0 vous de signer avec celui de votre choix, ou aucun d&rsquo;entre eux si leurs propositions ne vous conviennent pas.<\/div>\n<\/div>\n<div class=\"titre_liens\">monteescalier.net est \u00e9galement disponible dans les villes suivantes<\/div>\n<div class=\"boite_liens\"><a href=\"https:\/\/www.monteescalier.net\/france\/monte-escalier-arthon-en-retz\">Monte escalier Arthon-en-Retz<\/a><br \/>\n<a href=\"https:\/\/www.monteescalier.net\/france\/monte-escalier-la-chapelle-des-marais\">Monte escalier Chapelle-des-Marais<\/a><br \/>\n<a href=\"https:\/\/www.monteescalier.net\/france\/monte-escalier-saint-aignan-grandlieu\">Monte escalier Saint-Aignan-Grandlieu<\/a><br \/>\n<a href=\"https:\/\/www.monteescalier.net\/france\/monte-escalier-varades\">Monte escalier Varades<\/a><br \/>\n<a href=\"https:\/\/www.monteescalier.net\/france\/monte-escalier-geneston\">Monte escalier Geneston<\/a>\n<\/div>\n","protected":false},"excerpt":{"rendered":"<p>Selectionner un vendeur de monte escalier \u00e0 Campbon Vous connaissez plusieurs noms de vendeurs de monte escalier \u00e0 Campbon. Mais lequel vous fera le meilleur devis, avec un prix convenable et des prestations \u00e0 la hauteur. Monteescalier.net vous fournit les outils pour bien choisir. Qui sommes nous ? Nous sommes des interm\u00e9diaires entre vous et [&hellip;]<\/p>\n","protected":false},"author":1,"featured_media":0,"parent":0,"menu_order":0,"comment_status":"closed","ping_status":"open","template":"template_ville_4.php","meta":{"_monsterinsights_skip_tracking":false,"_monsterinsights_sitenote_active":false,"_monsterinsights_sitenote_note":"","_monsterinsights_sitenote_category":0,"footnotes":""},"class_list":["post-3664","page","type-page","status-publish","hentry"],"yoast_head":"<!-- This site is optimized with the Yoast SEO plugin v26.3 - https:\/\/yoast.com\/wordpress\/plugins\/seo\/ -->\n<title>Monte escalier Campbon - Monte escalier<\/title>\n<meta name=\"robots\" content=\"index, follow, max-snippet:-1, max-image-preview:large, max-video-preview:-1\" \/>\n<link rel=\"canonical\" href=\"https:\/\/www.monteescalier.net\/france\/monte-escalier-campbon\/\" \/>\n<meta property=\"og:locale\" content=\"fr_FR\" \/>\n<meta property=\"og:type\" content=\"article\" \/>\n<meta property=\"og:title\" content=\"Monte escalier Campbon - Monte escalier\" \/>\n<meta property=\"og:description\" content=\"Selectionner un vendeur de monte escalier \u00e0 Campbon Vous connaissez plusieurs noms de vendeurs de monte escalier \u00e0 Campbon. Mais lequel vous fera le meilleur devis, avec un prix convenable et des prestations \u00e0 la hauteur. Monteescalier.net vous fournit les outils pour bien choisir. Qui sommes nous ? Nous sommes des interm\u00e9diaires entre vous et [&hellip;]\" \/>\n<meta property=\"og:url\" content=\"https:\/\/www.monteescalier.net\/france\/monte-escalier-campbon\/\" \/>\n<meta property=\"og:site_name\" content=\"Monte escalier\" \/>\n<meta name=\"twitter:card\" content=\"summary_large_image\" \/>\n<meta name=\"twitter:label1\" content=\"Dur\u00e9e de lecture estim\u00e9e\" \/>\n\t<meta name=\"twitter:data1\" content=\"2 minutes\" \/>\n<script type=\"application\/ld+json\" class=\"yoast-schema-graph\">{\"@context\":\"https:\/\/schema.org\",\"@graph\":[{\"@type\":\"WebPage\",\"@id\":\"https:\/\/www.monteescalier.net\/france\/monte-escalier-campbon\/\",\"url\":\"https:\/\/www.monteescalier.net\/france\/monte-escalier-campbon\/\",\"name\":\"Monte escalier Campbon - Monte escalier\",\"isPartOf\":{\"@id\":\"https:\/\/www.monteescalier.net\/france\/#website\"},\"datePublished\":\"2013-09-26T10:47:49+00:00\",\"breadcrumb\":{\"@id\":\"https:\/\/www.monteescalier.net\/france\/monte-escalier-campbon\/#breadcrumb\"},\"inLanguage\":\"fr-FR\",\"potentialAction\":[{\"@type\":\"ReadAction\",\"target\":[\"https:\/\/www.monteescalier.net\/france\/monte-escalier-campbon\/\"]}]},{\"@type\":\"BreadcrumbList\",\"@id\":\"https:\/\/www.monteescalier.net\/france\/monte-escalier-campbon\/#breadcrumb\",\"itemListElement\":[{\"@type\":\"ListItem\",\"position\":1,\"name\":\"Accueil\",\"item\":\"https:\/\/www.monteescalier.net\/france\/\"},{\"@type\":\"ListItem\",\"position\":2,\"name\":\"Monte escalier Campbon\"}]},{\"@type\":\"WebSite\",\"@id\":\"https:\/\/www.monteescalier.net\/france\/#website\",\"url\":\"https:\/\/www.monteescalier.net\/france\/\",\"name\":\"Monte escalier\",\"description\":\"\",\"publisher\":{\"@id\":\"https:\/\/www.monteescalier.net\/france\/#organization\"},\"potentialAction\":[{\"@type\":\"SearchAction\",\"target\":{\"@type\":\"EntryPoint\",\"urlTemplate\":\"https:\/\/www.monteescalier.net\/france\/?s={search_term_string}\"},\"query-input\":{\"@type\":\"PropertyValueSpecification\",\"valueRequired\":true,\"valueName\":\"search_term_string\"}}],\"inLanguage\":\"fr-FR\"},{\"@type\":\"Organization\",\"@id\":\"https:\/\/www.monteescalier.net\/france\/#organization\",\"name\":\"monte-escalier.net\",\"url\":\"https:\/\/www.monteescalier.net\/france\/\",\"logo\":{\"@type\":\"ImageObject\",\"inLanguage\":\"fr-FR\",\"@id\":\"https:\/\/www.monteescalier.net\/france\/#\/schema\/logo\/image\/\",\"url\":\"https:\/\/www.monteescalier.net\/france\/wp-content\/uploads\/2016\/10\/4devis-mont-escalier-500-500.gif\",\"contentUrl\":\"https:\/\/www.monteescalier.net\/france\/wp-content\/uploads\/2016\/10\/4devis-mont-escalier-500-500.gif\",\"width\":500,\"height\":500,\"caption\":\"monte-escalier.net\"},\"image\":{\"@id\":\"https:\/\/www.monteescalier.net\/france\/#\/schema\/logo\/image\/\"}}]}<\/script>\n<!-- \/ Yoast SEO plugin. -->","yoast_head_json":{"title":"Monte escalier Campbon - Monte escalier","robots":{"index":"index","follow":"follow","max-snippet":"max-snippet:-1","max-image-preview":"max-image-preview:large","max-video-preview":"max-video-preview:-1"},"canonical":"https:\/\/www.monteescalier.net\/france\/monte-escalier-campbon\/","og_locale":"fr_FR","og_type":"article","og_title":"Monte escalier Campbon - Monte escalier","og_description":"Selectionner un vendeur de monte escalier \u00e0 Campbon Vous connaissez plusieurs noms de vendeurs de monte escalier \u00e0 Campbon. Mais lequel vous fera le meilleur devis, avec un prix convenable et des prestations \u00e0 la hauteur. Monteescalier.net vous fournit les outils pour bien choisir. Qui sommes nous ? Nous sommes des interm\u00e9diaires entre vous et [&hellip;]","og_url":"https:\/\/www.monteescalier.net\/france\/monte-escalier-campbon\/","og_site_name":"Monte escalier","twitter_card":"summary_large_image","twitter_misc":{"Dur\u00e9e de lecture estim\u00e9e":"2 minutes"},"schema":{"@context":"https:\/\/schema.org","@graph":[{"@type":"WebPage","@id":"https:\/\/www.monteescalier.net\/france\/monte-escalier-campbon\/","url":"https:\/\/www.monteescalier.net\/france\/monte-escalier-campbon\/","name":"Monte escalier Campbon - Monte escalier","isPartOf":{"@id":"https:\/\/www.monteescalier.net\/france\/#website"},"datePublished":"2013-09-26T10:47:49+00:00","breadcrumb":{"@id":"https:\/\/www.monteescalier.net\/france\/monte-escalier-campbon\/#breadcrumb"},"inLanguage":"fr-FR","potentialAction":[{"@type":"ReadAction","target":["https:\/\/www.monteescalier.net\/france\/monte-escalier-campbon\/"]}]},{"@type":"BreadcrumbList","@id":"https:\/\/www.monteescalier.net\/france\/monte-escalier-campbon\/#breadcrumb","itemListElement":[{"@type":"ListItem","position":1,"name":"Accueil","item":"https:\/\/www.monteescalier.net\/france\/"},{"@type":"ListItem","position":2,"name":"Monte escalier Campbon"}]},{"@type":"WebSite","@id":"https:\/\/www.monteescalier.net\/france\/#website","url":"https:\/\/www.monteescalier.net\/france\/","name":"Monte escalier","description":"","publisher":{"@id":"https:\/\/www.monteescalier.net\/france\/#organization"},"potentialAction":[{"@type":"SearchAction","target":{"@type":"EntryPoint","urlTemplate":"https:\/\/www.monteescalier.net\/france\/?s={search_term_string}"},"query-input":{"@type":"PropertyValueSpecification","valueRequired":true,"valueName":"search_term_string"}}],"inLanguage":"fr-FR"},{"@type":"Organization","@id":"https:\/\/www.monteescalier.net\/france\/#organization","name":"monte-escalier.net","url":"https:\/\/www.monteescalier.net\/france\/","logo":{"@type":"ImageObject","inLanguage":"fr-FR","@id":"https:\/\/www.monteescalier.net\/france\/#\/schema\/logo\/image\/","url":"https:\/\/www.monteescalier.net\/france\/wp-content\/uploads\/2016\/10\/4devis-mont-escalier-500-500.gif","contentUrl":"https:\/\/www.monteescalier.net\/france\/wp-content\/uploads\/2016\/10\/4devis-mont-escalier-500-500.gif","width":500,"height":500,"caption":"monte-escalier.net"},"image":{"@id":"https:\/\/www.monteescalier.net\/france\/#\/schema\/logo\/image\/"}}]}},"_links":{"self":[{"href":"https:\/\/www.monteescalier.net\/france\/wp-json\/wp\/v2\/pages\/3664","targetHints":{"allow":["GET"]}}],"collection":[{"href":"https:\/\/www.monteescalier.net\/france\/wp-json\/wp\/v2\/pages"}],"about":[{"href":"https:\/\/www.monteescalier.net\/france\/wp-json\/wp\/v2\/types\/page"}],"author":[{"embeddable":true,"href":"https:\/\/www.monteescalier.net\/france\/wp-json\/wp\/v2\/users\/1"}],"replies":[{"embeddable":true,"href":"https:\/\/www.monteescalier.net\/france\/wp-json\/wp\/v2\/comments?post=3664"}],"version-history":[{"count":0,"href":"https:\/\/www.monteescalier.net\/france\/wp-json\/wp\/v2\/pages\/3664\/revisions"}],"wp:attachment":[{"href":"https:\/\/www.monteescalier.net\/france\/wp-json\/wp\/v2\/media?parent=3664"}],"curies":[{"name":"wp","href":"https:\/\/api.w.org\/{rel}","templated":true}]}}