{"id":3772,"date":"2013-09-26T10:47:50","date_gmt":"2013-09-26T10:47:50","guid":{"rendered":"https:\/\/www.monteescalier.net\/france\/?page_id=3772"},"modified":"-0001-11-30T00:00:00","modified_gmt":"-0001-11-29T23:00:00","slug":"monte-escalier-maraussan","status":"publish","type":"page","link":"https:\/\/www.monteescalier.net\/france\/monte-escalier-maraussan\/","title":{"rendered":"Monte escalier Maraussan"},"content":{"rendered":"<h1>Ou acheter son monte escalier \u00e0 Maraussan<\/h1>\n<div class=\"boite_texte\">\n<div style=\"text-align:justify; margin-bottom:10px\">Vous connaissez plusieurs noms de vendeurs de monte escalier \u00e0 Maraussan. Mais lequel vous fera le meilleur devis, avec un prix convenable et des prestations \u00e0 la hauteur. Monteescalier.net vous fournit les outils pour bien choisir.<\/div>\n<div style=\"text-align:justify; margin-bottom:10px\">Monteescalier.net vous aide \u00e0 trouver le meilleur rapport qualit\u00e9 prix pour votre monte escalier dans votre demeure ou votre duplex \u00e0 Maraussan. Comment ? Tout simplement en vous mettant en contact direct avec notre pr\u00e9selection d&rsquo;installateurs de monte escalier sur Maraussan et dans tout le d\u00e9partement. Vous n&rsquo;avez qu&rsquo;une chose \u00e0 faire pour cela : remplir un formulaire sur notre site.<\/div>\n<div style=\"text-align:justify; margin-bottom:10px\">Vous n&rsquo;avez pas le temps de chercher tous les revendeurs de monte escalier de Maraussan pour choisir le meilleur, sachez que nous sommes en mesure de le faire pour vous. Remplissez simplement un formulaire de devis en ligne et nos professionnels partenaires seront tr\u00e8s heureux de pouvoir vous en proposer chacun un : car pour faire un choix, il faut avoir le choix !<\/div>\n<div style=\"text-align:justify; margin-bottom:10px\">Avant de passer commande d&rsquo;un monte escalier, vous voulez \u00e9changer au t\u00e9l\u00e9phone avec plusieurs experts. Dans ce cas, utilisez notre demande de rappel, et nos partenaires experts du monte escalier vous rappelleront dans les plus brefs d\u00e9lais pour discuter de votre projet.<\/div>\n<div style=\"text-align:justify; margin-bottom:10px\">Quel mod\u00e8le de monte escalier choisir ? Pour vous aider \u00e0 r\u00e9pondre \u00e0 cette question, aidez vous avec de la documentation gratuite sur les monte escaliers. Nos partenaires revendeurs peuvent, en effet, vous faire parvenir de la documentation sur les mod\u00e8les qu&rsquo;ils proposent \u00e0 la vente et qui vous permettront sans doute d&rsquo;\u00e9tablir une pr\u00e9selection entre les diff\u00e9rents mod\u00e8les que vous pourriez faire installer chez vous.<\/div>\n<div style=\"text-align:justify; margin-bottom:10px\">Combien vont vous co\u00fbter nos services de mise en relation ? R\u00e9ponse, absolument rien,&#8230; alors o\u00f9 est le pi\u00e8ge ? Il n&rsquo;y en a aucun, notre offre est totalement sans engagement. Si les propositions de nos partenaires ne vous conviennent pas, vous restez totalement libre d&rsquo;aller voir ailleurs !<\/div>\n<\/div>\n<div class=\"titre_liens\">Nos autres offres de monte escalier dans votre secteur<\/div>\n<div class=\"boite_liens\"><a href=\"https:\/\/www.monteescalier.net\/france\/monte-escalier-mireval\">Monte escalier Mireval<\/a><br \/>\n<a href=\"https:\/\/www.monteescalier.net\/france\/monte-escalier-canet\">Monte escalier Canet<\/a><br \/>\n<a href=\"https:\/\/www.monteescalier.net\/france\/monte-escalier-portiragnes\">Monte escalier Portiragnes<\/a><br \/>\n<a href=\"https:\/\/www.monteescalier.net\/france\/monte-escalier-lespignan\">Monte escalier Lespignan<\/a><br \/>\n<a href=\"https:\/\/www.monteescalier.net\/france\/monte-escalier-saint-aunes\">Monte escalier Saint-Aun\u00e8s<\/a>\n<\/div>\n","protected":false},"excerpt":{"rendered":"<p>Ou acheter son monte escalier \u00e0 Maraussan Vous connaissez plusieurs noms de vendeurs de monte escalier \u00e0 Maraussan. Mais lequel vous fera le meilleur devis, avec un prix convenable et des prestations \u00e0 la hauteur. Monteescalier.net vous fournit les outils pour bien choisir. Monteescalier.net vous aide \u00e0 trouver le meilleur rapport qualit\u00e9 prix pour votre [&hellip;]<\/p>\n","protected":false},"author":1,"featured_media":0,"parent":0,"menu_order":0,"comment_status":"closed","ping_status":"open","template":"template_ville_7.php","meta":{"_monsterinsights_skip_tracking":false,"_monsterinsights_sitenote_active":false,"_monsterinsights_sitenote_note":"","_monsterinsights_sitenote_category":0,"footnotes":""},"class_list":["post-3772","page","type-page","status-publish","hentry"],"yoast_head":"<!-- This site is optimized with the Yoast SEO plugin v26.3 - https:\/\/yoast.com\/wordpress\/plugins\/seo\/ -->\n<title>Monte escalier Maraussan - Monte escalier<\/title>\n<meta name=\"robots\" content=\"index, follow, max-snippet:-1, max-image-preview:large, max-video-preview:-1\" \/>\n<link rel=\"canonical\" href=\"https:\/\/www.monteescalier.net\/france\/monte-escalier-maraussan\/\" \/>\n<meta property=\"og:locale\" content=\"fr_FR\" \/>\n<meta property=\"og:type\" content=\"article\" \/>\n<meta property=\"og:title\" content=\"Monte escalier Maraussan - Monte escalier\" \/>\n<meta property=\"og:description\" content=\"Ou acheter son monte escalier \u00e0 Maraussan Vous connaissez plusieurs noms de vendeurs de monte escalier \u00e0 Maraussan. Mais lequel vous fera le meilleur devis, avec un prix convenable et des prestations \u00e0 la hauteur. Monteescalier.net vous fournit les outils pour bien choisir. Monteescalier.net vous aide \u00e0 trouver le meilleur rapport qualit\u00e9 prix pour votre [&hellip;]\" \/>\n<meta property=\"og:url\" content=\"https:\/\/www.monteescalier.net\/france\/monte-escalier-maraussan\/\" \/>\n<meta property=\"og:site_name\" content=\"Monte escalier\" \/>\n<meta name=\"twitter:card\" content=\"summary_large_image\" \/>\n<meta name=\"twitter:label1\" content=\"Dur\u00e9e de lecture estim\u00e9e\" \/>\n\t<meta name=\"twitter:data1\" content=\"2 minutes\" \/>\n<script type=\"application\/ld+json\" class=\"yoast-schema-graph\">{\"@context\":\"https:\/\/schema.org\",\"@graph\":[{\"@type\":\"WebPage\",\"@id\":\"https:\/\/www.monteescalier.net\/france\/monte-escalier-maraussan\/\",\"url\":\"https:\/\/www.monteescalier.net\/france\/monte-escalier-maraussan\/\",\"name\":\"Monte escalier Maraussan - Monte escalier\",\"isPartOf\":{\"@id\":\"https:\/\/www.monteescalier.net\/france\/#website\"},\"datePublished\":\"2013-09-26T10:47:50+00:00\",\"breadcrumb\":{\"@id\":\"https:\/\/www.monteescalier.net\/france\/monte-escalier-maraussan\/#breadcrumb\"},\"inLanguage\":\"fr-FR\",\"potentialAction\":[{\"@type\":\"ReadAction\",\"target\":[\"https:\/\/www.monteescalier.net\/france\/monte-escalier-maraussan\/\"]}]},{\"@type\":\"BreadcrumbList\",\"@id\":\"https:\/\/www.monteescalier.net\/france\/monte-escalier-maraussan\/#breadcrumb\",\"itemListElement\":[{\"@type\":\"ListItem\",\"position\":1,\"name\":\"Accueil\",\"item\":\"https:\/\/www.monteescalier.net\/france\/\"},{\"@type\":\"ListItem\",\"position\":2,\"name\":\"Monte escalier Maraussan\"}]},{\"@type\":\"WebSite\",\"@id\":\"https:\/\/www.monteescalier.net\/france\/#website\",\"url\":\"https:\/\/www.monteescalier.net\/france\/\",\"name\":\"Monte escalier\",\"description\":\"\",\"publisher\":{\"@id\":\"https:\/\/www.monteescalier.net\/france\/#organization\"},\"potentialAction\":[{\"@type\":\"SearchAction\",\"target\":{\"@type\":\"EntryPoint\",\"urlTemplate\":\"https:\/\/www.monteescalier.net\/france\/?s={search_term_string}\"},\"query-input\":{\"@type\":\"PropertyValueSpecification\",\"valueRequired\":true,\"valueName\":\"search_term_string\"}}],\"inLanguage\":\"fr-FR\"},{\"@type\":\"Organization\",\"@id\":\"https:\/\/www.monteescalier.net\/france\/#organization\",\"name\":\"monte-escalier.net\",\"url\":\"https:\/\/www.monteescalier.net\/france\/\",\"logo\":{\"@type\":\"ImageObject\",\"inLanguage\":\"fr-FR\",\"@id\":\"https:\/\/www.monteescalier.net\/france\/#\/schema\/logo\/image\/\",\"url\":\"https:\/\/www.monteescalier.net\/france\/wp-content\/uploads\/2016\/10\/4devis-mont-escalier-500-500.gif\",\"contentUrl\":\"https:\/\/www.monteescalier.net\/france\/wp-content\/uploads\/2016\/10\/4devis-mont-escalier-500-500.gif\",\"width\":500,\"height\":500,\"caption\":\"monte-escalier.net\"},\"image\":{\"@id\":\"https:\/\/www.monteescalier.net\/france\/#\/schema\/logo\/image\/\"}}]}<\/script>\n<!-- \/ Yoast SEO plugin. -->","yoast_head_json":{"title":"Monte escalier Maraussan - Monte escalier","robots":{"index":"index","follow":"follow","max-snippet":"max-snippet:-1","max-image-preview":"max-image-preview:large","max-video-preview":"max-video-preview:-1"},"canonical":"https:\/\/www.monteescalier.net\/france\/monte-escalier-maraussan\/","og_locale":"fr_FR","og_type":"article","og_title":"Monte escalier Maraussan - Monte escalier","og_description":"Ou acheter son monte escalier \u00e0 Maraussan Vous connaissez plusieurs noms de vendeurs de monte escalier \u00e0 Maraussan. Mais lequel vous fera le meilleur devis, avec un prix convenable et des prestations \u00e0 la hauteur. Monteescalier.net vous fournit les outils pour bien choisir. Monteescalier.net vous aide \u00e0 trouver le meilleur rapport qualit\u00e9 prix pour votre [&hellip;]","og_url":"https:\/\/www.monteescalier.net\/france\/monte-escalier-maraussan\/","og_site_name":"Monte escalier","twitter_card":"summary_large_image","twitter_misc":{"Dur\u00e9e de lecture estim\u00e9e":"2 minutes"},"schema":{"@context":"https:\/\/schema.org","@graph":[{"@type":"WebPage","@id":"https:\/\/www.monteescalier.net\/france\/monte-escalier-maraussan\/","url":"https:\/\/www.monteescalier.net\/france\/monte-escalier-maraussan\/","name":"Monte escalier Maraussan - Monte escalier","isPartOf":{"@id":"https:\/\/www.monteescalier.net\/france\/#website"},"datePublished":"2013-09-26T10:47:50+00:00","breadcrumb":{"@id":"https:\/\/www.monteescalier.net\/france\/monte-escalier-maraussan\/#breadcrumb"},"inLanguage":"fr-FR","potentialAction":[{"@type":"ReadAction","target":["https:\/\/www.monteescalier.net\/france\/monte-escalier-maraussan\/"]}]},{"@type":"BreadcrumbList","@id":"https:\/\/www.monteescalier.net\/france\/monte-escalier-maraussan\/#breadcrumb","itemListElement":[{"@type":"ListItem","position":1,"name":"Accueil","item":"https:\/\/www.monteescalier.net\/france\/"},{"@type":"ListItem","position":2,"name":"Monte escalier Maraussan"}]},{"@type":"WebSite","@id":"https:\/\/www.monteescalier.net\/france\/#website","url":"https:\/\/www.monteescalier.net\/france\/","name":"Monte escalier","description":"","publisher":{"@id":"https:\/\/www.monteescalier.net\/france\/#organization"},"potentialAction":[{"@type":"SearchAction","target":{"@type":"EntryPoint","urlTemplate":"https:\/\/www.monteescalier.net\/france\/?s={search_term_string}"},"query-input":{"@type":"PropertyValueSpecification","valueRequired":true,"valueName":"search_term_string"}}],"inLanguage":"fr-FR"},{"@type":"Organization","@id":"https:\/\/www.monteescalier.net\/france\/#organization","name":"monte-escalier.net","url":"https:\/\/www.monteescalier.net\/france\/","logo":{"@type":"ImageObject","inLanguage":"fr-FR","@id":"https:\/\/www.monteescalier.net\/france\/#\/schema\/logo\/image\/","url":"https:\/\/www.monteescalier.net\/france\/wp-content\/uploads\/2016\/10\/4devis-mont-escalier-500-500.gif","contentUrl":"https:\/\/www.monteescalier.net\/france\/wp-content\/uploads\/2016\/10\/4devis-mont-escalier-500-500.gif","width":500,"height":500,"caption":"monte-escalier.net"},"image":{"@id":"https:\/\/www.monteescalier.net\/france\/#\/schema\/logo\/image\/"}}]}},"_links":{"self":[{"href":"https:\/\/www.monteescalier.net\/france\/wp-json\/wp\/v2\/pages\/3772","targetHints":{"allow":["GET"]}}],"collection":[{"href":"https:\/\/www.monteescalier.net\/france\/wp-json\/wp\/v2\/pages"}],"about":[{"href":"https:\/\/www.monteescalier.net\/france\/wp-json\/wp\/v2\/types\/page"}],"author":[{"embeddable":true,"href":"https:\/\/www.monteescalier.net\/france\/wp-json\/wp\/v2\/users\/1"}],"replies":[{"embeddable":true,"href":"https:\/\/www.monteescalier.net\/france\/wp-json\/wp\/v2\/comments?post=3772"}],"version-history":[{"count":0,"href":"https:\/\/www.monteescalier.net\/france\/wp-json\/wp\/v2\/pages\/3772\/revisions"}],"wp:attachment":[{"href":"https:\/\/www.monteescalier.net\/france\/wp-json\/wp\/v2\/media?parent=3772"}],"curies":[{"name":"wp","href":"https:\/\/api.w.org\/{rel}","templated":true}]}}