{"id":3779,"date":"2013-09-26T10:47:50","date_gmt":"2013-09-26T10:47:50","guid":{"rendered":"https:\/\/www.monteescalier.net\/france\/?page_id=3779"},"modified":"-0001-11-30T00:00:00","modified_gmt":"-0001-11-29T23:00:00","slug":"monte-escalier-le-bourg-d-oisans","status":"publish","type":"page","link":"https:\/\/www.monteescalier.net\/france\/monte-escalier-le-bourg-d-oisans\/","title":{"rendered":"Monte escalier Bourg-d&rsquo;Oisans"},"content":{"rendered":"<h1>Qui contacter pour un monte escalier \u00e0 Bourg-d&rsquo;Oisans<\/h1>\n<div class=\"boite_texte\">\n<div style=\"text-align:justify; margin-bottom:10px\">Vous connaissez plusieurs noms de vendeurs de monte escalier \u00e0 Bourg-d&rsquo;Oisans. Mais lequel vous fera le meilleur devis, avec un prix convenable et des prestations \u00e0 la hauteur. Monteescalier.net vous fournit les outils pour bien choisir.<\/div>\n<div style=\"text-align:justify; margin-bottom:10px\">Monteescalier.net vous aide \u00e0 trouver le meilleur rapport qualit\u00e9 prix pour votre monte escalier dans votre demeure ou votre duplex \u00e0 Bourg-d&rsquo;Oisans. Comment ? Tout simplement en vous mettant en contact direct avec notre pr\u00e9selection d&rsquo;installateurs de monte escalier sur Bourg-d&rsquo;Oisans et ses environs. Vous n&rsquo;avez qu&rsquo;une chose \u00e0 faire pour cela : remplir un formulaire sur notre site.<\/div>\n<div style=\"text-align:justify; margin-bottom:10px\">Obtenir 4 ou 5 devis pour votre monte escalier \u00e0 Bourg-d&rsquo;Oisans, c&rsquo;est la premi\u00e8re prestation totalement gratuite que nous sommes en mesure de vous proposer. Pour profiter de ce service gratuit et sans obligation d&rsquo;achat, laissez nous vos coordonn\u00e9es dans notre formulaire de demande de devis et vous serez recontact\u00e9s tr\u00e8s prochainement par les professionnels du monte escalier sur Bourg-d&rsquo;Oisans.<\/div>\n<div style=\"text-align:justify; margin-bottom:10px\">Le monte escalier c&rsquo;est presque toujours du sur mesure, chaque foyer est diff\u00e9rente et a ses propres sp\u00e9cificit\u00e9s. Dans la tr\u00e8s grande majorit\u00e9 des cas l&rsquo;installation du monte escalier est possible chez vous. Pour vous en assurer remplissez une demande de rappel (en notant au pr\u00e9alable les dimensions de votre escalier). Plusieurs installateurs vous rappelleront sans d\u00e9lai, pour discuter avec vous du type de monte escalier qui s&rsquo;adaptera le mieux \u00e0 votre foyer \u00e0 Bourg-d&rsquo;Oisans.<\/div>\n<div style=\"text-align:justify; margin-bottom:10px\">Nos revendeurs partenaires peuvent \u00e9galement vous faire parvenir de la documentation sur les diff\u00e9rents mod\u00e8les de monte escalier qu&rsquo;ils commercialisent, que ce soit par courrier ou par email.<\/div>\n<div style=\"text-align:justify; margin-bottom:10px\">Centralisez vos demandes sur les monte escalier gr\u00e2ce \u00e0 notre site enti\u00e8rement gratuit : un formulaire rempli = des contacts multiples avec les prestataires revendeurs de monte escalier \u00e0 Bourg-d&rsquo;Oisans et dans tout le d\u00e9partement. Si toutefois, les prestataires que nous avons pr\u00e9sent\u00e9s ne vous font pas de proposition int\u00e9ressante, libre \u00e0 vous d&rsquo;aller voir ailleurs. Une demande sur monteescalier.net ne vous engage absolument pas.<\/div>\n<\/div>\n<div class=\"titre_liens\">monteescalier.net est \u00e9galement disponible dans les villes suivantes<\/div>\n<div class=\"boite_liens\"><a href=\"https:\/\/www.monteescalier.net\/france\/monte-escalier-saint-chef\">Monte escalier Saint-Chef<\/a><br \/>\n<a href=\"https:\/\/www.monteescalier.net\/france\/monte-escalier-vaulnaveys-le-haut\">Monte escalier Vaulnaveys-le-Haut<\/a><br \/>\n<a href=\"https:\/\/www.monteescalier.net\/france\/monte-escalier-le-pont-de-beauvoisin\">Monte escalier Pont-de-Beauvoisin<\/a><br \/>\n<a href=\"https:\/\/www.monteescalier.net\/france\/monte-escalier-estrablin\">Monte escalier Estrablin<\/a><br \/>\n<a href=\"https:\/\/www.monteescalier.net\/france\/monte-escalier-cremieu\">Monte escalier Cr\u00e9mieu<\/a>\n<\/div>\n","protected":false},"excerpt":{"rendered":"<p>Qui contacter pour un monte escalier \u00e0 Bourg-d&rsquo;Oisans Vous connaissez plusieurs noms de vendeurs de monte escalier \u00e0 Bourg-d&rsquo;Oisans. Mais lequel vous fera le meilleur devis, avec un prix convenable et des prestations \u00e0 la hauteur. Monteescalier.net vous fournit les outils pour bien choisir. Monteescalier.net vous aide \u00e0 trouver le meilleur rapport qualit\u00e9 prix pour [&hellip;]<\/p>\n","protected":false},"author":1,"featured_media":0,"parent":0,"menu_order":0,"comment_status":"closed","ping_status":"open","template":"template_ville_1.php","meta":{"_monsterinsights_skip_tracking":false,"_monsterinsights_sitenote_active":false,"_monsterinsights_sitenote_note":"","_monsterinsights_sitenote_category":0,"footnotes":""},"class_list":["post-3779","page","type-page","status-publish","hentry"],"yoast_head":"<!-- This site is optimized with the Yoast SEO plugin v26.3 - https:\/\/yoast.com\/wordpress\/plugins\/seo\/ -->\n<title>Monte escalier Bourg-d&#039;Oisans - Monte escalier<\/title>\n<meta name=\"robots\" content=\"index, follow, max-snippet:-1, max-image-preview:large, max-video-preview:-1\" \/>\n<link rel=\"canonical\" href=\"https:\/\/www.monteescalier.net\/france\/monte-escalier-le-bourg-d-oisans\/\" \/>\n<meta property=\"og:locale\" content=\"fr_FR\" \/>\n<meta property=\"og:type\" content=\"article\" \/>\n<meta property=\"og:title\" content=\"Monte escalier Bourg-d&#039;Oisans - Monte escalier\" \/>\n<meta property=\"og:description\" content=\"Qui contacter pour un monte escalier \u00e0 Bourg-d&rsquo;Oisans Vous connaissez plusieurs noms de vendeurs de monte escalier \u00e0 Bourg-d&rsquo;Oisans. Mais lequel vous fera le meilleur devis, avec un prix convenable et des prestations \u00e0 la hauteur. Monteescalier.net vous fournit les outils pour bien choisir. Monteescalier.net vous aide \u00e0 trouver le meilleur rapport qualit\u00e9 prix pour [&hellip;]\" \/>\n<meta property=\"og:url\" content=\"https:\/\/www.monteescalier.net\/france\/monte-escalier-le-bourg-d-oisans\/\" \/>\n<meta property=\"og:site_name\" content=\"Monte escalier\" \/>\n<meta name=\"twitter:card\" content=\"summary_large_image\" \/>\n<meta name=\"twitter:label1\" content=\"Dur\u00e9e de lecture estim\u00e9e\" \/>\n\t<meta name=\"twitter:data1\" content=\"2 minutes\" \/>\n<script type=\"application\/ld+json\" class=\"yoast-schema-graph\">{\"@context\":\"https:\/\/schema.org\",\"@graph\":[{\"@type\":\"WebPage\",\"@id\":\"https:\/\/www.monteescalier.net\/france\/monte-escalier-le-bourg-d-oisans\/\",\"url\":\"https:\/\/www.monteescalier.net\/france\/monte-escalier-le-bourg-d-oisans\/\",\"name\":\"Monte escalier Bourg-d'Oisans - Monte escalier\",\"isPartOf\":{\"@id\":\"https:\/\/www.monteescalier.net\/france\/#website\"},\"datePublished\":\"2013-09-26T10:47:50+00:00\",\"breadcrumb\":{\"@id\":\"https:\/\/www.monteescalier.net\/france\/monte-escalier-le-bourg-d-oisans\/#breadcrumb\"},\"inLanguage\":\"fr-FR\",\"potentialAction\":[{\"@type\":\"ReadAction\",\"target\":[\"https:\/\/www.monteescalier.net\/france\/monte-escalier-le-bourg-d-oisans\/\"]}]},{\"@type\":\"BreadcrumbList\",\"@id\":\"https:\/\/www.monteescalier.net\/france\/monte-escalier-le-bourg-d-oisans\/#breadcrumb\",\"itemListElement\":[{\"@type\":\"ListItem\",\"position\":1,\"name\":\"Accueil\",\"item\":\"https:\/\/www.monteescalier.net\/france\/\"},{\"@type\":\"ListItem\",\"position\":2,\"name\":\"Monte escalier Bourg-d&rsquo;Oisans\"}]},{\"@type\":\"WebSite\",\"@id\":\"https:\/\/www.monteescalier.net\/france\/#website\",\"url\":\"https:\/\/www.monteescalier.net\/france\/\",\"name\":\"Monte escalier\",\"description\":\"\",\"publisher\":{\"@id\":\"https:\/\/www.monteescalier.net\/france\/#organization\"},\"potentialAction\":[{\"@type\":\"SearchAction\",\"target\":{\"@type\":\"EntryPoint\",\"urlTemplate\":\"https:\/\/www.monteescalier.net\/france\/?s={search_term_string}\"},\"query-input\":{\"@type\":\"PropertyValueSpecification\",\"valueRequired\":true,\"valueName\":\"search_term_string\"}}],\"inLanguage\":\"fr-FR\"},{\"@type\":\"Organization\",\"@id\":\"https:\/\/www.monteescalier.net\/france\/#organization\",\"name\":\"monte-escalier.net\",\"url\":\"https:\/\/www.monteescalier.net\/france\/\",\"logo\":{\"@type\":\"ImageObject\",\"inLanguage\":\"fr-FR\",\"@id\":\"https:\/\/www.monteescalier.net\/france\/#\/schema\/logo\/image\/\",\"url\":\"https:\/\/www.monteescalier.net\/france\/wp-content\/uploads\/2016\/10\/4devis-mont-escalier-500-500.gif\",\"contentUrl\":\"https:\/\/www.monteescalier.net\/france\/wp-content\/uploads\/2016\/10\/4devis-mont-escalier-500-500.gif\",\"width\":500,\"height\":500,\"caption\":\"monte-escalier.net\"},\"image\":{\"@id\":\"https:\/\/www.monteescalier.net\/france\/#\/schema\/logo\/image\/\"}}]}<\/script>\n<!-- \/ Yoast SEO plugin. -->","yoast_head_json":{"title":"Monte escalier Bourg-d'Oisans - Monte escalier","robots":{"index":"index","follow":"follow","max-snippet":"max-snippet:-1","max-image-preview":"max-image-preview:large","max-video-preview":"max-video-preview:-1"},"canonical":"https:\/\/www.monteescalier.net\/france\/monte-escalier-le-bourg-d-oisans\/","og_locale":"fr_FR","og_type":"article","og_title":"Monte escalier Bourg-d'Oisans - Monte escalier","og_description":"Qui contacter pour un monte escalier \u00e0 Bourg-d&rsquo;Oisans Vous connaissez plusieurs noms de vendeurs de monte escalier \u00e0 Bourg-d&rsquo;Oisans. Mais lequel vous fera le meilleur devis, avec un prix convenable et des prestations \u00e0 la hauteur. Monteescalier.net vous fournit les outils pour bien choisir. Monteescalier.net vous aide \u00e0 trouver le meilleur rapport qualit\u00e9 prix pour [&hellip;]","og_url":"https:\/\/www.monteescalier.net\/france\/monte-escalier-le-bourg-d-oisans\/","og_site_name":"Monte escalier","twitter_card":"summary_large_image","twitter_misc":{"Dur\u00e9e de lecture estim\u00e9e":"2 minutes"},"schema":{"@context":"https:\/\/schema.org","@graph":[{"@type":"WebPage","@id":"https:\/\/www.monteescalier.net\/france\/monte-escalier-le-bourg-d-oisans\/","url":"https:\/\/www.monteescalier.net\/france\/monte-escalier-le-bourg-d-oisans\/","name":"Monte escalier Bourg-d'Oisans - Monte escalier","isPartOf":{"@id":"https:\/\/www.monteescalier.net\/france\/#website"},"datePublished":"2013-09-26T10:47:50+00:00","breadcrumb":{"@id":"https:\/\/www.monteescalier.net\/france\/monte-escalier-le-bourg-d-oisans\/#breadcrumb"},"inLanguage":"fr-FR","potentialAction":[{"@type":"ReadAction","target":["https:\/\/www.monteescalier.net\/france\/monte-escalier-le-bourg-d-oisans\/"]}]},{"@type":"BreadcrumbList","@id":"https:\/\/www.monteescalier.net\/france\/monte-escalier-le-bourg-d-oisans\/#breadcrumb","itemListElement":[{"@type":"ListItem","position":1,"name":"Accueil","item":"https:\/\/www.monteescalier.net\/france\/"},{"@type":"ListItem","position":2,"name":"Monte escalier Bourg-d&rsquo;Oisans"}]},{"@type":"WebSite","@id":"https:\/\/www.monteescalier.net\/france\/#website","url":"https:\/\/www.monteescalier.net\/france\/","name":"Monte escalier","description":"","publisher":{"@id":"https:\/\/www.monteescalier.net\/france\/#organization"},"potentialAction":[{"@type":"SearchAction","target":{"@type":"EntryPoint","urlTemplate":"https:\/\/www.monteescalier.net\/france\/?s={search_term_string}"},"query-input":{"@type":"PropertyValueSpecification","valueRequired":true,"valueName":"search_term_string"}}],"inLanguage":"fr-FR"},{"@type":"Organization","@id":"https:\/\/www.monteescalier.net\/france\/#organization","name":"monte-escalier.net","url":"https:\/\/www.monteescalier.net\/france\/","logo":{"@type":"ImageObject","inLanguage":"fr-FR","@id":"https:\/\/www.monteescalier.net\/france\/#\/schema\/logo\/image\/","url":"https:\/\/www.monteescalier.net\/france\/wp-content\/uploads\/2016\/10\/4devis-mont-escalier-500-500.gif","contentUrl":"https:\/\/www.monteescalier.net\/france\/wp-content\/uploads\/2016\/10\/4devis-mont-escalier-500-500.gif","width":500,"height":500,"caption":"monte-escalier.net"},"image":{"@id":"https:\/\/www.monteescalier.net\/france\/#\/schema\/logo\/image\/"}}]}},"_links":{"self":[{"href":"https:\/\/www.monteescalier.net\/france\/wp-json\/wp\/v2\/pages\/3779","targetHints":{"allow":["GET"]}}],"collection":[{"href":"https:\/\/www.monteescalier.net\/france\/wp-json\/wp\/v2\/pages"}],"about":[{"href":"https:\/\/www.monteescalier.net\/france\/wp-json\/wp\/v2\/types\/page"}],"author":[{"embeddable":true,"href":"https:\/\/www.monteescalier.net\/france\/wp-json\/wp\/v2\/users\/1"}],"replies":[{"embeddable":true,"href":"https:\/\/www.monteescalier.net\/france\/wp-json\/wp\/v2\/comments?post=3779"}],"version-history":[{"count":0,"href":"https:\/\/www.monteescalier.net\/france\/wp-json\/wp\/v2\/pages\/3779\/revisions"}],"wp:attachment":[{"href":"https:\/\/www.monteescalier.net\/france\/wp-json\/wp\/v2\/media?parent=3779"}],"curies":[{"name":"wp","href":"https:\/\/api.w.org\/{rel}","templated":true}]}}