{"id":398,"date":"2024-01-26T12:48:24","date_gmt":"2024-01-26T11:48:24","guid":{"rendered":"https:\/\/www.monteescalier.net\/france\/?page_id=398"},"modified":"2024-05-15T16:13:40","modified_gmt":"2024-05-15T15:13:40","slug":"monte-escalier-bouches-du-rhone","status":"publish","type":"page","link":"https:\/\/www.monteescalier.net\/france\/monte-escalier-bouches-du-rhone\/","title":{"rendered":"Monte escalier Aix en Provence, Bouches-du-Rh\u00f4ne"},"content":{"rendered":"<div class='content-column one_half'><div style=\"padding-right:19px;\"><h1>Acheter\u00a0votre Monte escalier dans les Bouches-du-Rh\u00f4ne<\/h1>\n<p><b>Votre monte escalier \u00e0 domicile :<\/b><br \/>\n<a href=\"https:\/\/www.monteescalier.net\/france\/monte-escalier-aix-en-provence\/\">Des monte escaliers \u00e0 Aix en Provence<\/a><br \/>\n<a href=\"https:\/\/www.monteescalier.net\/france\/monte-escalier-marseille\/\">Des monte escaliers \u00e0 Marseille<\/a><br \/>\n<a href=\"https:\/\/www.monteescalier.net\/france\/monte-escalier-arles\/\">Des Monte escaliers \u00e0 Arles<\/a><\/p>\n<p style=\"text-align: justify;\">Face \u00e0 la d\u00e9pendance de plus en plus de fran\u00e7ais sont en recherche de solution pour mieux vivre leur retraite : dans la maison, une des solutions pour am\u00e9liorer le quotidien c&rsquo;est le monte escalier. Avec un monte escalier, on a acc\u00e8s \u00e0 tous les \u00e9tages de sa maison sans risques, ni efforts douloureux.<br \/>\nM\u00eame si son installation doit rester l&rsquo;apanage d&rsquo;un professionnel, c&rsquo;est un \u00e9quipement qui peut \u00eatre install\u00e9 dans presque toutes les maisons d\u00e8s lors que l&rsquo;escalier est \u00e0 l&rsquo;origine suffisamment large.<\/p>\n<p style=\"text-align: justify;\">On trouve sur le march\u00e9 diff\u00e9rentes marques et diff\u00e9rents mod\u00e8les, \u00e0 des prix parfois sensiblement diff\u00e9rents; certains fournisseurs sont \u00e9galement fabricants d&rsquo;autres sont des installateurs, qu&rsquo;ils soient ind\u00e9pendants ou membres d&rsquo;un r\u00e9seau d&rsquo;installation de monte escalier.<\/p>\n<p style=\"text-align: justify;\">Le site monteescalier.net vous propose de centraliser vos demandes de devis de monte escalier en vous mettant en relation directement avec les installateurs de monte escalier que nous avons s\u00e9lectionn\u00e9s dans les Bouches-du-Rh\u00f4ne. Vous r\u00e9sider a : Marseille, d&rsquo;Aix en Provence, Arles, Martigues, Aubagne ou Istres ? Avec notre formulaire de demande unifi\u00e9, vous \u00eates assur\u00e9s de recevoir plusieurs devis (entre 4 et 6 minimum) propos\u00e9s gratuitement par les installateurs de monte escaliers les plus r\u00e9put\u00e9s dans les Bouches-du-Rh\u00f4ne.<\/p>\n<p style=\"text-align: justify;\">C&rsquo;est bien \u00e9videmment sans obligation d&rsquo;achat et extr\u00eamement simple : un formulaire \u00e0 remplir avec vos coordonn\u00e9es et le tour est jou\u00e9. Vous n&rsquo;aurez plus qu&rsquo;\u00e0 attendre les propositions des vendeur de monte escalier dans les Bouches-du-Rh\u00f4ne.<\/p>\n<p>&nbsp;<\/p>\n<div class=\"bouton\">Cliquez ici pour obtenir des devis gratuitement<\/div><\/div><\/div><div class='content-column one_half last_column'><a href=\"https:\/\/www.monteescalier.net\/devis-gratuit.php\" target=\"_blank\" rel=\"noopener noreferrer\"><img loading=\"lazy\" decoding=\"async\" class=\"alignnone size-full img_region\" src=\"https:\/\/www.monteescalier.net\/france\/wp-content\/uploads\/2014\/10\/4devis-monte-escalier-photo-490.png\" alt=\"Bouches du Rhone\" width=\"507\" height=\"485\" \/><\/a><br \/>\n<img loading=\"lazy\" decoding=\"async\" class=\"alignnone size-full img_region_2\" src=\"https:\/\/www.monteescalier.net\/france\/wp-content\/uploads\/2013\/07\/bouchedurhone.jpg\" alt=\"bouches du rhone\" width=\"507\" height=\"485\" \/><\/div><div class='clear_column'><\/div><\/p>\n","protected":false},"excerpt":{"rendered":"","protected":false},"author":1,"featured_media":0,"parent":0,"menu_order":0,"comment_status":"open","ping_status":"closed","template":"template3.php","meta":{"_monsterinsights_skip_tracking":false,"_monsterinsights_sitenote_active":false,"_monsterinsights_sitenote_note":"","_monsterinsights_sitenote_category":0,"footnotes":""},"class_list":["post-398","page","type-page","status-publish","hentry"],"yoast_head":"<!-- This site is optimized with the Yoast SEO plugin v26.3 - https:\/\/yoast.com\/wordpress\/plugins\/seo\/ -->\n<title>Monte escalier Aix en Provence, Bouches-du-Rh\u00f4ne - Monte escalier<\/title>\n<meta name=\"description\" content=\"Trouvez facilement le monte-escaliers que vous recherchez dans les Bouches-du-Rh\u00f4ne, Monte escalier Aix en Provence, Marseille ou encore Arles\" \/>\n<meta name=\"robots\" content=\"index, follow, max-snippet:-1, max-image-preview:large, max-video-preview:-1\" \/>\n<link rel=\"canonical\" href=\"https:\/\/www.monteescalier.net\/france\/monte-escalier-bouches-du-rhone\/\" \/>\n<meta property=\"og:locale\" content=\"fr_FR\" \/>\n<meta property=\"og:type\" content=\"article\" \/>\n<meta property=\"og:title\" content=\"Monte escalier Aix en Provence, Bouches-du-Rh\u00f4ne - Monte escalier\" \/>\n<meta property=\"og:description\" content=\"Trouvez facilement le monte-escaliers que vous recherchez dans les Bouches-du-Rh\u00f4ne, Monte escalier Aix en Provence, Marseille ou encore Arles\" \/>\n<meta property=\"og:url\" content=\"https:\/\/www.monteescalier.net\/france\/monte-escalier-bouches-du-rhone\/\" \/>\n<meta property=\"og:site_name\" content=\"Monte escalier\" \/>\n<meta property=\"article:modified_time\" content=\"2024-05-15T15:13:40+00:00\" \/>\n<meta property=\"og:image\" content=\"https:\/\/www.monteescalier.net\/france\/wp-content\/uploads\/2014\/10\/4devis-monte-escalier-photo-490.png\" \/>\n<meta name=\"twitter:card\" content=\"summary_large_image\" \/>\n<meta name=\"twitter:label1\" content=\"Dur\u00e9e de lecture estim\u00e9e\" \/>\n\t<meta name=\"twitter:data1\" content=\"1 minute\" \/>\n<script type=\"application\/ld+json\" class=\"yoast-schema-graph\">{\"@context\":\"https:\/\/schema.org\",\"@graph\":[{\"@type\":\"WebPage\",\"@id\":\"https:\/\/www.monteescalier.net\/france\/monte-escalier-bouches-du-rhone\/\",\"url\":\"https:\/\/www.monteescalier.net\/france\/monte-escalier-bouches-du-rhone\/\",\"name\":\"Monte escalier Aix en Provence, Bouches-du-Rh\u00f4ne - Monte escalier\",\"isPartOf\":{\"@id\":\"https:\/\/www.monteescalier.net\/france\/#website\"},\"primaryImageOfPage\":{\"@id\":\"https:\/\/www.monteescalier.net\/france\/monte-escalier-bouches-du-rhone\/#primaryimage\"},\"image\":{\"@id\":\"https:\/\/www.monteescalier.net\/france\/monte-escalier-bouches-du-rhone\/#primaryimage\"},\"thumbnailUrl\":\"https:\/\/www.monteescalier.net\/france\/wp-content\/uploads\/2014\/10\/4devis-monte-escalier-photo-490.png\",\"datePublished\":\"2024-01-26T11:48:24+00:00\",\"dateModified\":\"2024-05-15T15:13:40+00:00\",\"description\":\"Trouvez facilement le monte-escaliers que vous recherchez dans les Bouches-du-Rh\u00f4ne, Monte escalier Aix en Provence, Marseille ou encore Arles\",\"breadcrumb\":{\"@id\":\"https:\/\/www.monteescalier.net\/france\/monte-escalier-bouches-du-rhone\/#breadcrumb\"},\"inLanguage\":\"fr-FR\",\"potentialAction\":[{\"@type\":\"ReadAction\",\"target\":[\"https:\/\/www.monteescalier.net\/france\/monte-escalier-bouches-du-rhone\/\"]}]},{\"@type\":\"ImageObject\",\"inLanguage\":\"fr-FR\",\"@id\":\"https:\/\/www.monteescalier.net\/france\/monte-escalier-bouches-du-rhone\/#primaryimage\",\"url\":\"https:\/\/www.monteescalier.net\/france\/wp-content\/uploads\/2014\/10\/4devis-monte-escalier-photo-490.png\",\"contentUrl\":\"https:\/\/www.monteescalier.net\/france\/wp-content\/uploads\/2014\/10\/4devis-monte-escalier-photo-490.png\",\"width\":490,\"height\":267},{\"@type\":\"BreadcrumbList\",\"@id\":\"https:\/\/www.monteescalier.net\/france\/monte-escalier-bouches-du-rhone\/#breadcrumb\",\"itemListElement\":[{\"@type\":\"ListItem\",\"position\":1,\"name\":\"Accueil\",\"item\":\"https:\/\/www.monteescalier.net\/france\/\"},{\"@type\":\"ListItem\",\"position\":2,\"name\":\"Monte escalier Aix en Provence, Bouches-du-Rh\u00f4ne\"}]},{\"@type\":\"WebSite\",\"@id\":\"https:\/\/www.monteescalier.net\/france\/#website\",\"url\":\"https:\/\/www.monteescalier.net\/france\/\",\"name\":\"Monte escalier\",\"description\":\"\",\"publisher\":{\"@id\":\"https:\/\/www.monteescalier.net\/france\/#organization\"},\"potentialAction\":[{\"@type\":\"SearchAction\",\"target\":{\"@type\":\"EntryPoint\",\"urlTemplate\":\"https:\/\/www.monteescalier.net\/france\/?s={search_term_string}\"},\"query-input\":{\"@type\":\"PropertyValueSpecification\",\"valueRequired\":true,\"valueName\":\"search_term_string\"}}],\"inLanguage\":\"fr-FR\"},{\"@type\":\"Organization\",\"@id\":\"https:\/\/www.monteescalier.net\/france\/#organization\",\"name\":\"monte-escalier.net\",\"url\":\"https:\/\/www.monteescalier.net\/france\/\",\"logo\":{\"@type\":\"ImageObject\",\"inLanguage\":\"fr-FR\",\"@id\":\"https:\/\/www.monteescalier.net\/france\/#\/schema\/logo\/image\/\",\"url\":\"https:\/\/www.monteescalier.net\/france\/wp-content\/uploads\/2016\/10\/4devis-mont-escalier-500-500.gif\",\"contentUrl\":\"https:\/\/www.monteescalier.net\/france\/wp-content\/uploads\/2016\/10\/4devis-mont-escalier-500-500.gif\",\"width\":500,\"height\":500,\"caption\":\"monte-escalier.net\"},\"image\":{\"@id\":\"https:\/\/www.monteescalier.net\/france\/#\/schema\/logo\/image\/\"}}]}<\/script>\n<!-- \/ Yoast SEO plugin. -->","yoast_head_json":{"title":"Monte escalier Aix en Provence, Bouches-du-Rh\u00f4ne - Monte escalier","description":"Trouvez facilement le monte-escaliers que vous recherchez dans les Bouches-du-Rh\u00f4ne, Monte escalier Aix en Provence, Marseille ou encore Arles","robots":{"index":"index","follow":"follow","max-snippet":"max-snippet:-1","max-image-preview":"max-image-preview:large","max-video-preview":"max-video-preview:-1"},"canonical":"https:\/\/www.monteescalier.net\/france\/monte-escalier-bouches-du-rhone\/","og_locale":"fr_FR","og_type":"article","og_title":"Monte escalier Aix en Provence, Bouches-du-Rh\u00f4ne - Monte escalier","og_description":"Trouvez facilement le monte-escaliers que vous recherchez dans les Bouches-du-Rh\u00f4ne, Monte escalier Aix en Provence, Marseille ou encore Arles","og_url":"https:\/\/www.monteescalier.net\/france\/monte-escalier-bouches-du-rhone\/","og_site_name":"Monte escalier","article_modified_time":"2024-05-15T15:13:40+00:00","og_image":[{"url":"https:\/\/www.monteescalier.net\/france\/wp-content\/uploads\/2014\/10\/4devis-monte-escalier-photo-490.png","type":"","width":"","height":""}],"twitter_card":"summary_large_image","twitter_misc":{"Dur\u00e9e de lecture estim\u00e9e":"1 minute"},"schema":{"@context":"https:\/\/schema.org","@graph":[{"@type":"WebPage","@id":"https:\/\/www.monteescalier.net\/france\/monte-escalier-bouches-du-rhone\/","url":"https:\/\/www.monteescalier.net\/france\/monte-escalier-bouches-du-rhone\/","name":"Monte escalier Aix en Provence, Bouches-du-Rh\u00f4ne - Monte escalier","isPartOf":{"@id":"https:\/\/www.monteescalier.net\/france\/#website"},"primaryImageOfPage":{"@id":"https:\/\/www.monteescalier.net\/france\/monte-escalier-bouches-du-rhone\/#primaryimage"},"image":{"@id":"https:\/\/www.monteescalier.net\/france\/monte-escalier-bouches-du-rhone\/#primaryimage"},"thumbnailUrl":"https:\/\/www.monteescalier.net\/france\/wp-content\/uploads\/2014\/10\/4devis-monte-escalier-photo-490.png","datePublished":"2024-01-26T11:48:24+00:00","dateModified":"2024-05-15T15:13:40+00:00","description":"Trouvez facilement le monte-escaliers que vous recherchez dans les Bouches-du-Rh\u00f4ne, Monte escalier Aix en Provence, Marseille ou encore Arles","breadcrumb":{"@id":"https:\/\/www.monteescalier.net\/france\/monte-escalier-bouches-du-rhone\/#breadcrumb"},"inLanguage":"fr-FR","potentialAction":[{"@type":"ReadAction","target":["https:\/\/www.monteescalier.net\/france\/monte-escalier-bouches-du-rhone\/"]}]},{"@type":"ImageObject","inLanguage":"fr-FR","@id":"https:\/\/www.monteescalier.net\/france\/monte-escalier-bouches-du-rhone\/#primaryimage","url":"https:\/\/www.monteescalier.net\/france\/wp-content\/uploads\/2014\/10\/4devis-monte-escalier-photo-490.png","contentUrl":"https:\/\/www.monteescalier.net\/france\/wp-content\/uploads\/2014\/10\/4devis-monte-escalier-photo-490.png","width":490,"height":267},{"@type":"BreadcrumbList","@id":"https:\/\/www.monteescalier.net\/france\/monte-escalier-bouches-du-rhone\/#breadcrumb","itemListElement":[{"@type":"ListItem","position":1,"name":"Accueil","item":"https:\/\/www.monteescalier.net\/france\/"},{"@type":"ListItem","position":2,"name":"Monte escalier Aix en Provence, Bouches-du-Rh\u00f4ne"}]},{"@type":"WebSite","@id":"https:\/\/www.monteescalier.net\/france\/#website","url":"https:\/\/www.monteescalier.net\/france\/","name":"Monte escalier","description":"","publisher":{"@id":"https:\/\/www.monteescalier.net\/france\/#organization"},"potentialAction":[{"@type":"SearchAction","target":{"@type":"EntryPoint","urlTemplate":"https:\/\/www.monteescalier.net\/france\/?s={search_term_string}"},"query-input":{"@type":"PropertyValueSpecification","valueRequired":true,"valueName":"search_term_string"}}],"inLanguage":"fr-FR"},{"@type":"Organization","@id":"https:\/\/www.monteescalier.net\/france\/#organization","name":"monte-escalier.net","url":"https:\/\/www.monteescalier.net\/france\/","logo":{"@type":"ImageObject","inLanguage":"fr-FR","@id":"https:\/\/www.monteescalier.net\/france\/#\/schema\/logo\/image\/","url":"https:\/\/www.monteescalier.net\/france\/wp-content\/uploads\/2016\/10\/4devis-mont-escalier-500-500.gif","contentUrl":"https:\/\/www.monteescalier.net\/france\/wp-content\/uploads\/2016\/10\/4devis-mont-escalier-500-500.gif","width":500,"height":500,"caption":"monte-escalier.net"},"image":{"@id":"https:\/\/www.monteescalier.net\/france\/#\/schema\/logo\/image\/"}}]}},"_links":{"self":[{"href":"https:\/\/www.monteescalier.net\/france\/wp-json\/wp\/v2\/pages\/398","targetHints":{"allow":["GET"]}}],"collection":[{"href":"https:\/\/www.monteescalier.net\/france\/wp-json\/wp\/v2\/pages"}],"about":[{"href":"https:\/\/www.monteescalier.net\/france\/wp-json\/wp\/v2\/types\/page"}],"author":[{"embeddable":true,"href":"https:\/\/www.monteescalier.net\/france\/wp-json\/wp\/v2\/users\/1"}],"replies":[{"embeddable":true,"href":"https:\/\/www.monteescalier.net\/france\/wp-json\/wp\/v2\/comments?post=398"}],"version-history":[{"count":6,"href":"https:\/\/www.monteescalier.net\/france\/wp-json\/wp\/v2\/pages\/398\/revisions"}],"predecessor-version":[{"id":9067,"href":"https:\/\/www.monteescalier.net\/france\/wp-json\/wp\/v2\/pages\/398\/revisions\/9067"}],"wp:attachment":[{"href":"https:\/\/www.monteescalier.net\/france\/wp-json\/wp\/v2\/media?parent=398"}],"curies":[{"name":"wp","href":"https:\/\/api.w.org\/{rel}","templated":true}]}}