{"id":4366,"date":"2019-01-15T10:47:59","date_gmt":"2019-01-15T09:47:59","guid":{"rendered":"https:\/\/www.monteescalier.net\/france\/?page_id=4366"},"modified":"2020-01-17T11:36:32","modified_gmt":"2020-01-17T10:36:32","slug":"monte-escalier-penta-di-casinca","status":"publish","type":"page","link":"https:\/\/www.monteescalier.net\/france\/monte-escalier-penta-di-casinca\/","title":{"rendered":"Monte escalier Penta-di-Casinca"},"content":{"rendered":"<h1>Un monte escalier \u00e0 Penta-di-Casinca<\/h1>\n<div class=\"boite_texte\">\n<div style=\"text-align: justify; margin-bottom: 10px;\">Un installateur national, un revendeur r\u00e9gional, un prestataire Corse? Qui faut il choisir pour faire poser un monte escalier \u00e0 Penta-di-Casinca. Pour r\u00e9pondre \u00e0 cette interrogation sans perdre un temps pr\u00e9cieux, c&rsquo;est facile, utilisez les services de monteescalier.net.<\/div>\n<div style=\"text-align: justify; margin-bottom: 10px;\">Monteescalier.net est un portail mettant en contact les acheteurs potentiels de monte escalier et les vendeurs de monte escalier. Passer par notre site est en cons\u00e9quence l&rsquo;assurance de pouvoir \u00eatre mis en relation avec les principaux vendeurs de monte escalier couvrant Penta-di-Casinca.<\/div>\n<div style=\"text-align: justify; margin-bottom: 10px;\">Vous voulez recevoir plusieurs devis de monte escalier pour votre r\u00e9sidence \u00e0 Penta-di-Casinca, vous n&rsquo;avez qu&rsquo;une demande \u00e0 faire sur ce site et vous en recevrez tr\u00e8s rapidement entre 3 et 5 devis diff\u00e9rents. Nous contactons pour vous les professionnels de Corse et du Continent, et devinez quoi ? Pour vous c&rsquo;est gratuit !<\/div>\n<div style=\"text-align: justify; margin-bottom: 10px;\">Avoir des sp\u00e9cialistes du monte escalier \u00e0 l&rsquo;autre bout de la ligne pour discuter de votre projet, voici ce que vous permettra notre site si vous remplissez une demande de rappel. Vous serez tr\u00e8s rapidement recontact\u00e9s par nos partenaires experts qui pourront r\u00e9pondre \u00e0 toutes vos questions relatives \u00e0 la sp\u00e9cificit\u00e9 de l&rsquo;installation de votre monte escalier.<\/div>\n<div style=\"text-align: justify; margin-bottom: 10px;\">Nos revendeurs partenaires peuvent \u00e9galement vous faire parvenir de la documentation sur les diff\u00e9rents mod\u00e8les de monte escalier qu&rsquo;ils commercialisent, que ce soit par courrier ou par email.<\/div>\n<div style=\"text-align: justify; margin-bottom: 10px;\">Avec monteescalier.net, pas de mauvaise surprise en vue : nous ne facturons absolument rien et vous ne prenez aucun engagement en faisant une demande sur notre site: les devis, documentation et rappel sont gratuits ! Tous nos partenaires vendeurs de monte escalier en Corse\u00a0s&rsquo;y engagent. Testez-nous, vous ne le regretterez pas.<\/div>\n<\/div>\n<div class=\"titre_liens\">Voir aussi nos offres dans les villes voisines<\/div>\n<div class=\"boite_liens\"><a href=\"https:\/\/www.monteescalier.net\/france\/monte-escalier-l-ile-rousse\">Monte escalier l&rsquo; \u00cele-Rousse<\/a><br \/>\n<a href=\"https:\/\/www.monteescalier.net\/france\/monte-escalier-ghisonaccia\/\">Monte escalier Ghisonaccia<\/a><br \/>\n<a href=\"https:\/\/www.monteescalier.net\/france\/monte-escalier-san-martino-di-lota\">Monte escalier San-Martino-di-Lota<\/a><br \/>\n<a href=\"https:\/\/www.monteescalier.net\/france\/monte-escalier-corte\">Monte escalier Corte<\/a><br \/>\n<a href=\"https:\/\/www.monteescalier.net\/france\/monte-escalier-calvi\">Monte escalier Calvi<\/a><\/div>\n","protected":false},"excerpt":{"rendered":"<p>Un monte escalier \u00e0 Penta-di-Casinca Un installateur national, un revendeur r\u00e9gional, un prestataire Corse? Qui faut il choisir pour faire poser un monte escalier \u00e0 Penta-di-Casinca. Pour r\u00e9pondre \u00e0 cette interrogation sans perdre un temps pr\u00e9cieux, c&rsquo;est facile, utilisez les services de monteescalier.net. Monteescalier.net est un portail mettant en contact les acheteurs potentiels de monte [&hellip;]<\/p>\n","protected":false},"author":1,"featured_media":0,"parent":0,"menu_order":0,"comment_status":"closed","ping_status":"open","template":"template_ville_18.php","meta":{"_monsterinsights_skip_tracking":false,"_monsterinsights_sitenote_active":false,"_monsterinsights_sitenote_note":"","_monsterinsights_sitenote_category":0,"footnotes":""},"class_list":["post-4366","page","type-page","status-publish","hentry"],"yoast_head":"<!-- This site is optimized with the Yoast SEO plugin v26.3 - https:\/\/yoast.com\/wordpress\/plugins\/seo\/ -->\n<title>Monte escalier Penta-di-Casinca - Monte escalier<\/title>\n<meta name=\"robots\" content=\"index, follow, max-snippet:-1, max-image-preview:large, max-video-preview:-1\" \/>\n<link rel=\"canonical\" href=\"https:\/\/www.monteescalier.net\/france\/monte-escalier-penta-di-casinca\/\" \/>\n<meta property=\"og:locale\" content=\"fr_FR\" \/>\n<meta property=\"og:type\" content=\"article\" \/>\n<meta property=\"og:title\" content=\"Monte escalier Penta-di-Casinca - Monte escalier\" \/>\n<meta property=\"og:description\" content=\"Un monte escalier \u00e0 Penta-di-Casinca Un installateur national, un revendeur r\u00e9gional, un prestataire Corse? Qui faut il choisir pour faire poser un monte escalier \u00e0 Penta-di-Casinca. Pour r\u00e9pondre \u00e0 cette interrogation sans perdre un temps pr\u00e9cieux, c&rsquo;est facile, utilisez les services de monteescalier.net. Monteescalier.net est un portail mettant en contact les acheteurs potentiels de monte [&hellip;]\" \/>\n<meta property=\"og:url\" content=\"https:\/\/www.monteescalier.net\/france\/monte-escalier-penta-di-casinca\/\" \/>\n<meta property=\"og:site_name\" content=\"Monte escalier\" \/>\n<meta property=\"article:modified_time\" content=\"2020-01-17T10:36:32+00:00\" \/>\n<meta name=\"twitter:card\" content=\"summary_large_image\" \/>\n<meta name=\"twitter:label1\" content=\"Dur\u00e9e de lecture estim\u00e9e\" \/>\n\t<meta name=\"twitter:data1\" content=\"2 minutes\" \/>\n<script type=\"application\/ld+json\" class=\"yoast-schema-graph\">{\"@context\":\"https:\/\/schema.org\",\"@graph\":[{\"@type\":\"WebPage\",\"@id\":\"https:\/\/www.monteescalier.net\/france\/monte-escalier-penta-di-casinca\/\",\"url\":\"https:\/\/www.monteescalier.net\/france\/monte-escalier-penta-di-casinca\/\",\"name\":\"Monte escalier Penta-di-Casinca - Monte escalier\",\"isPartOf\":{\"@id\":\"https:\/\/www.monteescalier.net\/france\/#website\"},\"datePublished\":\"2019-01-15T09:47:59+00:00\",\"dateModified\":\"2020-01-17T10:36:32+00:00\",\"breadcrumb\":{\"@id\":\"https:\/\/www.monteescalier.net\/france\/monte-escalier-penta-di-casinca\/#breadcrumb\"},\"inLanguage\":\"fr-FR\",\"potentialAction\":[{\"@type\":\"ReadAction\",\"target\":[\"https:\/\/www.monteescalier.net\/france\/monte-escalier-penta-di-casinca\/\"]}]},{\"@type\":\"BreadcrumbList\",\"@id\":\"https:\/\/www.monteescalier.net\/france\/monte-escalier-penta-di-casinca\/#breadcrumb\",\"itemListElement\":[{\"@type\":\"ListItem\",\"position\":1,\"name\":\"Accueil\",\"item\":\"https:\/\/www.monteescalier.net\/france\/\"},{\"@type\":\"ListItem\",\"position\":2,\"name\":\"Monte escalier Penta-di-Casinca\"}]},{\"@type\":\"WebSite\",\"@id\":\"https:\/\/www.monteescalier.net\/france\/#website\",\"url\":\"https:\/\/www.monteescalier.net\/france\/\",\"name\":\"Monte escalier\",\"description\":\"\",\"publisher\":{\"@id\":\"https:\/\/www.monteescalier.net\/france\/#organization\"},\"potentialAction\":[{\"@type\":\"SearchAction\",\"target\":{\"@type\":\"EntryPoint\",\"urlTemplate\":\"https:\/\/www.monteescalier.net\/france\/?s={search_term_string}\"},\"query-input\":{\"@type\":\"PropertyValueSpecification\",\"valueRequired\":true,\"valueName\":\"search_term_string\"}}],\"inLanguage\":\"fr-FR\"},{\"@type\":\"Organization\",\"@id\":\"https:\/\/www.monteescalier.net\/france\/#organization\",\"name\":\"monte-escalier.net\",\"url\":\"https:\/\/www.monteescalier.net\/france\/\",\"logo\":{\"@type\":\"ImageObject\",\"inLanguage\":\"fr-FR\",\"@id\":\"https:\/\/www.monteescalier.net\/france\/#\/schema\/logo\/image\/\",\"url\":\"https:\/\/www.monteescalier.net\/france\/wp-content\/uploads\/2016\/10\/4devis-mont-escalier-500-500.gif\",\"contentUrl\":\"https:\/\/www.monteescalier.net\/france\/wp-content\/uploads\/2016\/10\/4devis-mont-escalier-500-500.gif\",\"width\":500,\"height\":500,\"caption\":\"monte-escalier.net\"},\"image\":{\"@id\":\"https:\/\/www.monteescalier.net\/france\/#\/schema\/logo\/image\/\"}}]}<\/script>\n<!-- \/ Yoast SEO plugin. -->","yoast_head_json":{"title":"Monte escalier Penta-di-Casinca - Monte escalier","robots":{"index":"index","follow":"follow","max-snippet":"max-snippet:-1","max-image-preview":"max-image-preview:large","max-video-preview":"max-video-preview:-1"},"canonical":"https:\/\/www.monteescalier.net\/france\/monte-escalier-penta-di-casinca\/","og_locale":"fr_FR","og_type":"article","og_title":"Monte escalier Penta-di-Casinca - Monte escalier","og_description":"Un monte escalier \u00e0 Penta-di-Casinca Un installateur national, un revendeur r\u00e9gional, un prestataire Corse? Qui faut il choisir pour faire poser un monte escalier \u00e0 Penta-di-Casinca. Pour r\u00e9pondre \u00e0 cette interrogation sans perdre un temps pr\u00e9cieux, c&rsquo;est facile, utilisez les services de monteescalier.net. Monteescalier.net est un portail mettant en contact les acheteurs potentiels de monte [&hellip;]","og_url":"https:\/\/www.monteescalier.net\/france\/monte-escalier-penta-di-casinca\/","og_site_name":"Monte escalier","article_modified_time":"2020-01-17T10:36:32+00:00","twitter_card":"summary_large_image","twitter_misc":{"Dur\u00e9e de lecture estim\u00e9e":"2 minutes"},"schema":{"@context":"https:\/\/schema.org","@graph":[{"@type":"WebPage","@id":"https:\/\/www.monteescalier.net\/france\/monte-escalier-penta-di-casinca\/","url":"https:\/\/www.monteescalier.net\/france\/monte-escalier-penta-di-casinca\/","name":"Monte escalier Penta-di-Casinca - Monte escalier","isPartOf":{"@id":"https:\/\/www.monteescalier.net\/france\/#website"},"datePublished":"2019-01-15T09:47:59+00:00","dateModified":"2020-01-17T10:36:32+00:00","breadcrumb":{"@id":"https:\/\/www.monteescalier.net\/france\/monte-escalier-penta-di-casinca\/#breadcrumb"},"inLanguage":"fr-FR","potentialAction":[{"@type":"ReadAction","target":["https:\/\/www.monteescalier.net\/france\/monte-escalier-penta-di-casinca\/"]}]},{"@type":"BreadcrumbList","@id":"https:\/\/www.monteescalier.net\/france\/monte-escalier-penta-di-casinca\/#breadcrumb","itemListElement":[{"@type":"ListItem","position":1,"name":"Accueil","item":"https:\/\/www.monteescalier.net\/france\/"},{"@type":"ListItem","position":2,"name":"Monte escalier Penta-di-Casinca"}]},{"@type":"WebSite","@id":"https:\/\/www.monteescalier.net\/france\/#website","url":"https:\/\/www.monteescalier.net\/france\/","name":"Monte escalier","description":"","publisher":{"@id":"https:\/\/www.monteescalier.net\/france\/#organization"},"potentialAction":[{"@type":"SearchAction","target":{"@type":"EntryPoint","urlTemplate":"https:\/\/www.monteescalier.net\/france\/?s={search_term_string}"},"query-input":{"@type":"PropertyValueSpecification","valueRequired":true,"valueName":"search_term_string"}}],"inLanguage":"fr-FR"},{"@type":"Organization","@id":"https:\/\/www.monteescalier.net\/france\/#organization","name":"monte-escalier.net","url":"https:\/\/www.monteescalier.net\/france\/","logo":{"@type":"ImageObject","inLanguage":"fr-FR","@id":"https:\/\/www.monteescalier.net\/france\/#\/schema\/logo\/image\/","url":"https:\/\/www.monteescalier.net\/france\/wp-content\/uploads\/2016\/10\/4devis-mont-escalier-500-500.gif","contentUrl":"https:\/\/www.monteescalier.net\/france\/wp-content\/uploads\/2016\/10\/4devis-mont-escalier-500-500.gif","width":500,"height":500,"caption":"monte-escalier.net"},"image":{"@id":"https:\/\/www.monteescalier.net\/france\/#\/schema\/logo\/image\/"}}]}},"_links":{"self":[{"href":"https:\/\/www.monteescalier.net\/france\/wp-json\/wp\/v2\/pages\/4366","targetHints":{"allow":["GET"]}}],"collection":[{"href":"https:\/\/www.monteescalier.net\/france\/wp-json\/wp\/v2\/pages"}],"about":[{"href":"https:\/\/www.monteescalier.net\/france\/wp-json\/wp\/v2\/types\/page"}],"author":[{"embeddable":true,"href":"https:\/\/www.monteescalier.net\/france\/wp-json\/wp\/v2\/users\/1"}],"replies":[{"embeddable":true,"href":"https:\/\/www.monteescalier.net\/france\/wp-json\/wp\/v2\/comments?post=4366"}],"version-history":[{"count":4,"href":"https:\/\/www.monteescalier.net\/france\/wp-json\/wp\/v2\/pages\/4366\/revisions"}],"predecessor-version":[{"id":7582,"href":"https:\/\/www.monteescalier.net\/france\/wp-json\/wp\/v2\/pages\/4366\/revisions\/7582"}],"wp:attachment":[{"href":"https:\/\/www.monteescalier.net\/france\/wp-json\/wp\/v2\/media?parent=4366"}],"curies":[{"name":"wp","href":"https:\/\/api.w.org\/{rel}","templated":true}]}}