{"id":456,"date":"2024-01-20T14:12:42","date_gmt":"2024-01-20T13:12:42","guid":{"rendered":"https:\/\/www.monteescalier.net\/france\/?page_id=456"},"modified":"2024-05-15T15:51:24","modified_gmt":"2024-05-15T14:51:24","slug":"monte-escalier-alpes-de-haute-provence","status":"publish","type":"page","link":"https:\/\/www.monteescalier.net\/france\/monte-escalier-alpes-de-haute-provence\/","title":{"rendered":"Monte escalier Alpes-de-Haute-Provence, Digne-les-Bains"},"content":{"rendered":"<div class='content-column one_half'><div style=\"padding-right:19px;\"><h1>Acheter votre monte escalier dans les Alpes de Haute Provence<\/h1>\n<p><b>Dans votre ville :<\/b><br \/>\n<a href=\"https:\/\/www.monteescalier.net\/france\/monte-escalier-digne-les-bains\/\">Votre Monte escalier \u00e0 Digne-les-Bains<\/a><br \/>\n<a href=\"https:\/\/www.monteescalier.net\/france\/monte-escalier-barcelonnette\/\">Votre Monte escalier \u00e0 Barcelonnette<\/a><br \/>\n<a href=\"https:\/\/www.monteescalier.net\/france\/monte-escalier-forcalquier\/\">Votre Monte escalier \u00e0 Forcalquier<\/a><\/p>\n<p style=\"text-align: justify;\">Vous voulez acheter un monte escalier au meilleur prix dans les Alpes de Haute Provence? Le site monteescalier.net vous permet de trouver rapidement le prestataire le plus performant pour votre monte escalier. Pour vous rien de plus simple, remplissez l&rsquo;un de nos formulaires de contact pour \u00eatre mis imm\u00e9diatement en contact avec notre liste de prestataires partenaires de monteescalier.net dans les Alpes de Haute Provence.<\/p>\n<p style=\"text-align: justify;\">Vous vivez \u00e0 Manosque, Sisteron, Oraison, Digne les Bains, Chateau Arnoux Saint Auban ou Forcalquier nos experts agr\u00e9\u00e9s monteescalier.net sont l\u00e0 pour vous donner les meilleurs conseils et vous faire b\u00e9n\u00e9ficier de leurs meilleurs tarifs et aussi pour vous informer en vous envoyant gratuitement la documentation disponible sur les monte escaliers qu&rsquo;ils commercialisent. Votre projet monte escalier a des sp\u00e9cificit\u00e9s dont vous souhaitez discuter avec des pros? qu&rsquo;\u00e0 cel\u00e0 ne tienne, utilisez notre formulaire de demande de rappel.<\/p>\n<p style=\"text-align: justify;\">Nos partenaires installateurs de monte escaliers couvrent tout le d\u00e9partement des Alpes de Haute Provence : vous pouvez recevoir plusieurs devis gratuits dans les communes suivantes: Pierrevert, Volonne, Villeneuve, Riez, Les M\u00e9es, Gr\u00e9oux les Bains, Sainte Tulle, Barcelonette, Peyruis, Voix, Malijai. Alors remplissez de suite, un formulaire de contact sur cette page et vous pourrez aussi avoir acc\u00e8s \u00e0 tous nos services gratuits et de l&rsquo;expertise de nos partenaires en mati\u00e8re de monte escalier.<\/p>\n<p>&nbsp;<\/p>\n<div class=\"bouton\" onclick=\"location.href='https:\/\/www.monteescalier.net\/devis-gratuit.php'\">Cliquez ici pour obtenir des devis gratuitement<\/div><\/div><\/div><div class='content-column one_half last_column'><a href=\"https:\/\/www.monteescalier.net\/devis-gratuit.php\" target=\"_blank\" rel=\"noopener noreferrer\"><img loading=\"lazy\" decoding=\"async\" class=\"alignnone size-full img_region\" src=\"https:\/\/www.monteescalier.net\/france\/wp-content\/uploads\/2014\/10\/4devis-monte-escalier-photo-490.png\" alt=\"Alpes de Haute Provence (04)\" width=\"507\" height=\"485\" \/><\/a><br \/>\n<img loading=\"lazy\" decoding=\"async\" class=\"alignnone size-full img_region_2\" src=\"https:\/\/www.monteescalier.net\/france\/wp-content\/uploads\/2013\/07\/alpesdehauteprovence.jpg\" alt=\"alpes de haute provence\" width=\"507\" height=\"485\" \/><\/div><div class='clear_column'><\/div><\/p>\n","protected":false},"excerpt":{"rendered":"","protected":false},"author":1,"featured_media":0,"parent":0,"menu_order":0,"comment_status":"open","ping_status":"closed","template":"template3.php","meta":{"_monsterinsights_skip_tracking":false,"_monsterinsights_sitenote_active":false,"_monsterinsights_sitenote_note":"","_monsterinsights_sitenote_category":0,"footnotes":""},"class_list":["post-456","page","type-page","status-publish","hentry"],"yoast_head":"<!-- This site is optimized with the Yoast SEO plugin v26.3 - https:\/\/yoast.com\/wordpress\/plugins\/seo\/ -->\n<title>Monte escalier Alpes-de-Haute-Provence, Digne-les-Bains - Monte escalier<\/title>\n<meta name=\"description\" content=\"Nos monte-escaliers en Alpes-de-Haute-Provence: Barcelonette, Forcalquier, Digne-les-Bains.\" \/>\n<meta name=\"robots\" content=\"index, follow, max-snippet:-1, max-image-preview:large, max-video-preview:-1\" \/>\n<link rel=\"canonical\" href=\"https:\/\/www.monteescalier.net\/france\/monte-escalier-alpes-de-haute-provence\/\" \/>\n<meta property=\"og:locale\" content=\"fr_FR\" \/>\n<meta property=\"og:type\" content=\"article\" \/>\n<meta property=\"og:title\" content=\"Monte escalier Alpes-de-Haute-Provence, Digne-les-Bains - Monte escalier\" \/>\n<meta property=\"og:description\" content=\"Nos monte-escaliers en Alpes-de-Haute-Provence: Barcelonette, Forcalquier, Digne-les-Bains.\" \/>\n<meta property=\"og:url\" content=\"https:\/\/www.monteescalier.net\/france\/monte-escalier-alpes-de-haute-provence\/\" \/>\n<meta property=\"og:site_name\" content=\"Monte escalier\" \/>\n<meta property=\"article:modified_time\" content=\"2024-05-15T14:51:24+00:00\" \/>\n<meta property=\"og:image\" content=\"https:\/\/www.monteescalier.net\/france\/wp-content\/uploads\/2014\/10\/4devis-monte-escalier-photo-490.png\" \/>\n<meta name=\"twitter:card\" content=\"summary_large_image\" \/>\n<meta name=\"twitter:label1\" content=\"Dur\u00e9e de lecture estim\u00e9e\" \/>\n\t<meta name=\"twitter:data1\" content=\"1 minute\" \/>\n<script type=\"application\/ld+json\" class=\"yoast-schema-graph\">{\"@context\":\"https:\/\/schema.org\",\"@graph\":[{\"@type\":\"WebPage\",\"@id\":\"https:\/\/www.monteescalier.net\/france\/monte-escalier-alpes-de-haute-provence\/\",\"url\":\"https:\/\/www.monteescalier.net\/france\/monte-escalier-alpes-de-haute-provence\/\",\"name\":\"Monte escalier Alpes-de-Haute-Provence, Digne-les-Bains - Monte escalier\",\"isPartOf\":{\"@id\":\"https:\/\/www.monteescalier.net\/france\/#website\"},\"primaryImageOfPage\":{\"@id\":\"https:\/\/www.monteescalier.net\/france\/monte-escalier-alpes-de-haute-provence\/#primaryimage\"},\"image\":{\"@id\":\"https:\/\/www.monteescalier.net\/france\/monte-escalier-alpes-de-haute-provence\/#primaryimage\"},\"thumbnailUrl\":\"https:\/\/www.monteescalier.net\/france\/wp-content\/uploads\/2014\/10\/4devis-monte-escalier-photo-490.png\",\"datePublished\":\"2024-01-20T13:12:42+00:00\",\"dateModified\":\"2024-05-15T14:51:24+00:00\",\"description\":\"Nos monte-escaliers en Alpes-de-Haute-Provence: Barcelonette, Forcalquier, Digne-les-Bains.\",\"breadcrumb\":{\"@id\":\"https:\/\/www.monteescalier.net\/france\/monte-escalier-alpes-de-haute-provence\/#breadcrumb\"},\"inLanguage\":\"fr-FR\",\"potentialAction\":[{\"@type\":\"ReadAction\",\"target\":[\"https:\/\/www.monteescalier.net\/france\/monte-escalier-alpes-de-haute-provence\/\"]}]},{\"@type\":\"ImageObject\",\"inLanguage\":\"fr-FR\",\"@id\":\"https:\/\/www.monteescalier.net\/france\/monte-escalier-alpes-de-haute-provence\/#primaryimage\",\"url\":\"https:\/\/www.monteescalier.net\/france\/wp-content\/uploads\/2014\/10\/4devis-monte-escalier-photo-490.png\",\"contentUrl\":\"https:\/\/www.monteescalier.net\/france\/wp-content\/uploads\/2014\/10\/4devis-monte-escalier-photo-490.png\",\"width\":490,\"height\":267},{\"@type\":\"BreadcrumbList\",\"@id\":\"https:\/\/www.monteescalier.net\/france\/monte-escalier-alpes-de-haute-provence\/#breadcrumb\",\"itemListElement\":[{\"@type\":\"ListItem\",\"position\":1,\"name\":\"Accueil\",\"item\":\"https:\/\/www.monteescalier.net\/france\/\"},{\"@type\":\"ListItem\",\"position\":2,\"name\":\"Monte escalier Alpes-de-Haute-Provence, Digne-les-Bains\"}]},{\"@type\":\"WebSite\",\"@id\":\"https:\/\/www.monteescalier.net\/france\/#website\",\"url\":\"https:\/\/www.monteescalier.net\/france\/\",\"name\":\"Monte escalier\",\"description\":\"\",\"publisher\":{\"@id\":\"https:\/\/www.monteescalier.net\/france\/#organization\"},\"potentialAction\":[{\"@type\":\"SearchAction\",\"target\":{\"@type\":\"EntryPoint\",\"urlTemplate\":\"https:\/\/www.monteescalier.net\/france\/?s={search_term_string}\"},\"query-input\":{\"@type\":\"PropertyValueSpecification\",\"valueRequired\":true,\"valueName\":\"search_term_string\"}}],\"inLanguage\":\"fr-FR\"},{\"@type\":\"Organization\",\"@id\":\"https:\/\/www.monteescalier.net\/france\/#organization\",\"name\":\"monte-escalier.net\",\"url\":\"https:\/\/www.monteescalier.net\/france\/\",\"logo\":{\"@type\":\"ImageObject\",\"inLanguage\":\"fr-FR\",\"@id\":\"https:\/\/www.monteescalier.net\/france\/#\/schema\/logo\/image\/\",\"url\":\"https:\/\/www.monteescalier.net\/france\/wp-content\/uploads\/2016\/10\/4devis-mont-escalier-500-500.gif\",\"contentUrl\":\"https:\/\/www.monteescalier.net\/france\/wp-content\/uploads\/2016\/10\/4devis-mont-escalier-500-500.gif\",\"width\":500,\"height\":500,\"caption\":\"monte-escalier.net\"},\"image\":{\"@id\":\"https:\/\/www.monteescalier.net\/france\/#\/schema\/logo\/image\/\"}}]}<\/script>\n<!-- \/ Yoast SEO plugin. -->","yoast_head_json":{"title":"Monte escalier Alpes-de-Haute-Provence, Digne-les-Bains - Monte escalier","description":"Nos monte-escaliers en Alpes-de-Haute-Provence: Barcelonette, Forcalquier, Digne-les-Bains.","robots":{"index":"index","follow":"follow","max-snippet":"max-snippet:-1","max-image-preview":"max-image-preview:large","max-video-preview":"max-video-preview:-1"},"canonical":"https:\/\/www.monteescalier.net\/france\/monte-escalier-alpes-de-haute-provence\/","og_locale":"fr_FR","og_type":"article","og_title":"Monte escalier Alpes-de-Haute-Provence, Digne-les-Bains - Monte escalier","og_description":"Nos monte-escaliers en Alpes-de-Haute-Provence: Barcelonette, Forcalquier, Digne-les-Bains.","og_url":"https:\/\/www.monteescalier.net\/france\/monte-escalier-alpes-de-haute-provence\/","og_site_name":"Monte escalier","article_modified_time":"2024-05-15T14:51:24+00:00","og_image":[{"url":"https:\/\/www.monteescalier.net\/france\/wp-content\/uploads\/2014\/10\/4devis-monte-escalier-photo-490.png","type":"","width":"","height":""}],"twitter_card":"summary_large_image","twitter_misc":{"Dur\u00e9e de lecture estim\u00e9e":"1 minute"},"schema":{"@context":"https:\/\/schema.org","@graph":[{"@type":"WebPage","@id":"https:\/\/www.monteescalier.net\/france\/monte-escalier-alpes-de-haute-provence\/","url":"https:\/\/www.monteescalier.net\/france\/monte-escalier-alpes-de-haute-provence\/","name":"Monte escalier Alpes-de-Haute-Provence, Digne-les-Bains - Monte escalier","isPartOf":{"@id":"https:\/\/www.monteescalier.net\/france\/#website"},"primaryImageOfPage":{"@id":"https:\/\/www.monteescalier.net\/france\/monte-escalier-alpes-de-haute-provence\/#primaryimage"},"image":{"@id":"https:\/\/www.monteescalier.net\/france\/monte-escalier-alpes-de-haute-provence\/#primaryimage"},"thumbnailUrl":"https:\/\/www.monteescalier.net\/france\/wp-content\/uploads\/2014\/10\/4devis-monte-escalier-photo-490.png","datePublished":"2024-01-20T13:12:42+00:00","dateModified":"2024-05-15T14:51:24+00:00","description":"Nos monte-escaliers en Alpes-de-Haute-Provence: Barcelonette, Forcalquier, Digne-les-Bains.","breadcrumb":{"@id":"https:\/\/www.monteescalier.net\/france\/monte-escalier-alpes-de-haute-provence\/#breadcrumb"},"inLanguage":"fr-FR","potentialAction":[{"@type":"ReadAction","target":["https:\/\/www.monteescalier.net\/france\/monte-escalier-alpes-de-haute-provence\/"]}]},{"@type":"ImageObject","inLanguage":"fr-FR","@id":"https:\/\/www.monteescalier.net\/france\/monte-escalier-alpes-de-haute-provence\/#primaryimage","url":"https:\/\/www.monteescalier.net\/france\/wp-content\/uploads\/2014\/10\/4devis-monte-escalier-photo-490.png","contentUrl":"https:\/\/www.monteescalier.net\/france\/wp-content\/uploads\/2014\/10\/4devis-monte-escalier-photo-490.png","width":490,"height":267},{"@type":"BreadcrumbList","@id":"https:\/\/www.monteescalier.net\/france\/monte-escalier-alpes-de-haute-provence\/#breadcrumb","itemListElement":[{"@type":"ListItem","position":1,"name":"Accueil","item":"https:\/\/www.monteescalier.net\/france\/"},{"@type":"ListItem","position":2,"name":"Monte escalier Alpes-de-Haute-Provence, Digne-les-Bains"}]},{"@type":"WebSite","@id":"https:\/\/www.monteescalier.net\/france\/#website","url":"https:\/\/www.monteescalier.net\/france\/","name":"Monte escalier","description":"","publisher":{"@id":"https:\/\/www.monteescalier.net\/france\/#organization"},"potentialAction":[{"@type":"SearchAction","target":{"@type":"EntryPoint","urlTemplate":"https:\/\/www.monteescalier.net\/france\/?s={search_term_string}"},"query-input":{"@type":"PropertyValueSpecification","valueRequired":true,"valueName":"search_term_string"}}],"inLanguage":"fr-FR"},{"@type":"Organization","@id":"https:\/\/www.monteescalier.net\/france\/#organization","name":"monte-escalier.net","url":"https:\/\/www.monteescalier.net\/france\/","logo":{"@type":"ImageObject","inLanguage":"fr-FR","@id":"https:\/\/www.monteescalier.net\/france\/#\/schema\/logo\/image\/","url":"https:\/\/www.monteescalier.net\/france\/wp-content\/uploads\/2016\/10\/4devis-mont-escalier-500-500.gif","contentUrl":"https:\/\/www.monteescalier.net\/france\/wp-content\/uploads\/2016\/10\/4devis-mont-escalier-500-500.gif","width":500,"height":500,"caption":"monte-escalier.net"},"image":{"@id":"https:\/\/www.monteescalier.net\/france\/#\/schema\/logo\/image\/"}}]}},"_links":{"self":[{"href":"https:\/\/www.monteescalier.net\/france\/wp-json\/wp\/v2\/pages\/456","targetHints":{"allow":["GET"]}}],"collection":[{"href":"https:\/\/www.monteescalier.net\/france\/wp-json\/wp\/v2\/pages"}],"about":[{"href":"https:\/\/www.monteescalier.net\/france\/wp-json\/wp\/v2\/types\/page"}],"author":[{"embeddable":true,"href":"https:\/\/www.monteescalier.net\/france\/wp-json\/wp\/v2\/users\/1"}],"replies":[{"embeddable":true,"href":"https:\/\/www.monteescalier.net\/france\/wp-json\/wp\/v2\/comments?post=456"}],"version-history":[{"count":6,"href":"https:\/\/www.monteescalier.net\/france\/wp-json\/wp\/v2\/pages\/456\/revisions"}],"predecessor-version":[{"id":9057,"href":"https:\/\/www.monteescalier.net\/france\/wp-json\/wp\/v2\/pages\/456\/revisions\/9057"}],"wp:attachment":[{"href":"https:\/\/www.monteescalier.net\/france\/wp-json\/wp\/v2\/media?parent=456"}],"curies":[{"name":"wp","href":"https:\/\/api.w.org\/{rel}","templated":true}]}}