{"id":4574,"date":"2021-09-26T10:48:02","date_gmt":"2021-09-26T09:48:02","guid":{"rendered":"https:\/\/www.monteescalier.net\/france\/?page_id=4574"},"modified":"2021-11-15T17:03:33","modified_gmt":"2021-11-15T16:03:33","slug":"monte-escalier-albigny-sur-saone","status":"publish","type":"page","link":"https:\/\/www.monteescalier.net\/france\/monte-escalier-albigny-sur-saone\/","title":{"rendered":"Monte escalier Albigny-sur-Sa\u00f4ne"},"content":{"rendered":"<h1>Quel vendeur de monte escalier choisir \u00e0 Albigny-sur-Sa\u00f4ne<\/h1>\n<div class=\"boite_texte\">\n<div style=\"text-align:justify; margin-bottom:10px\">Un installateur national, un revendeur r\u00e9gional, un prestataire local? Qui faut il choisir pour poser un monte escalier \u00e0 Albigny-sur-Sa\u00f4ne. Pour r\u00e9pondre \u00e0 cette questionsans perdre un temps pr\u00e9cieux, c&rsquo;est facile, utilisez les services de monteescalier.net.<\/div>\n<div style=\"text-align:justify; margin-bottom:10px\">Notre site est une passerelle entre les possibles acqu\u00e9reurs de monte escalier et les installateurs. En quelques clics vous serez mis en contact avec notre s\u00e9lection de vendeurs de monte escalier sur Albigny-sur-Sa\u00f4ne.<\/div>\n<div style=\"text-align:justify; margin-bottom:10px\">Comment mieux comparer qu&rsquo;en examinant des propositions concr\u00e8tes ? Une seule demande de devis sur notre site et vous obtiendrez plusieurs devis de diff\u00e9rents prestataires vous proposant diff\u00e9rents mod\u00e8les de monte escalier.<\/div>\n<div style=\"text-align:justify; margin-bottom:10px\">Votre maison peut elle accueillir un monte escalier? Votre escalier est il assez large? Vous faut il un monte escalier droit ou un monte escalier tournant? Quelle marque, quel fauteuil choisir? Pour obtenir diff\u00e9rents avis sur ces questions, utilisez notre fomulaire de rappel. Nos professionnels partenaires du monte escalier vous recontacteront tr\u00e8s vite !<\/div>\n<div style=\"text-align:justify; margin-bottom:10px\">Compulser de la documentation sur les monte escalier directement depuis chez vous sans vous d\u00e9placer c&rsquo;est possible et m\u00eame gratuit. Remplissez simplement un formulaire de demande de documentation et vous recevrez par la poste ou par email, toutes les documentations sur les produits commercialis\u00e9s par nos partenaires vendeurs de monte escalier.<\/div>\n<div style=\"text-align:justify; margin-bottom:10px\">Avec monteescalier.net, pas de mauvaise surprise en vue : nous ne facturons absolument rien et vous ne prenez aucun engagement en faisant une demande sur notre site: les devis, documentation et rappel sont gratuits ! Tous nos partenaires vendeurs de monte escalier sur Albigny-sur-Sa\u00f4ne s&rsquo;y engagent. Testez-nous, vous ne le regretterez pas.<\/div>\n<\/div>\n<div class=\"titre_liens\">Pas tr\u00e8s loin de chez vous, nos services sont \u00e9galement disponibles ici :<\/div>\n<div class=\"boite_liens\"><a href=\"https:\/\/www.monteescalier.net\/france\/monte-escalier-dommartin\">Monte escalier Dommartin<\/a><br \/>\n<a href=\"https:\/\/www.monteescalier.net\/france\/monte-escalier-montanay\">Monte escalier Montanay<\/a><br \/>\n<a href=\"https:\/\/www.monteescalier.net\/france\/monte-escalier-solaize\">Monte escalier Solaize<\/a><br \/>\n<a href=\"https:\/\/www.monteescalier.net\/france\/monte-escalier-saint-germain-au-mont-d-or\">Monte escalier Saint-Germain-au-Mont-d&rsquo;Or<\/a><br \/>\n<a href=\"https:\/\/www.monteescalier.net\/france\/monte-escalier-chasselay\">Monte escalier Chasselay<\/a>\n<\/div>\n","protected":false},"excerpt":{"rendered":"<p>Quel vendeur de monte escalier choisir \u00e0 Albigny-sur-Sa\u00f4ne Un installateur national, un revendeur r\u00e9gional, un prestataire local? Qui faut il choisir pour poser un monte escalier \u00e0 Albigny-sur-Sa\u00f4ne. Pour r\u00e9pondre \u00e0 cette questionsans perdre un temps pr\u00e9cieux, c&rsquo;est facile, utilisez les services de monteescalier.net. Notre site est une passerelle entre les possibles acqu\u00e9reurs de monte [&hellip;]<\/p>\n","protected":false},"author":1,"featured_media":0,"parent":0,"menu_order":0,"comment_status":"closed","ping_status":"open","template":"template_ville_6.php","meta":{"_monsterinsights_skip_tracking":false,"_monsterinsights_sitenote_active":false,"_monsterinsights_sitenote_note":"","_monsterinsights_sitenote_category":0,"footnotes":""},"class_list":["post-4574","page","type-page","status-publish","hentry"],"yoast_head":"<!-- This site is optimized with the Yoast SEO plugin v26.3 - https:\/\/yoast.com\/wordpress\/plugins\/seo\/ -->\n<title>Monte escalier Albigny-sur-Sa\u00f4ne - Monte escalier<\/title>\n<meta name=\"description\" content=\"Vous recherchez un monte-escalier \u00e0 Albigny-sur-Saone - Retrouvez toutes les informations et conditions d&#039;achat aupr\u00e8s de nos partenaires installeurs\" \/>\n<meta name=\"robots\" content=\"index, follow, max-snippet:-1, max-image-preview:large, max-video-preview:-1\" \/>\n<link rel=\"canonical\" href=\"https:\/\/www.monteescalier.net\/france\/monte-escalier-albigny-sur-saone\/\" \/>\n<meta property=\"og:locale\" content=\"fr_FR\" \/>\n<meta property=\"og:type\" content=\"article\" \/>\n<meta property=\"og:title\" content=\"Monte escalier Albigny-sur-Sa\u00f4ne - Monte escalier\" \/>\n<meta property=\"og:description\" content=\"Vous recherchez un monte-escalier \u00e0 Albigny-sur-Saone - Retrouvez toutes les informations et conditions d&#039;achat aupr\u00e8s de nos partenaires installeurs\" \/>\n<meta property=\"og:url\" content=\"https:\/\/www.monteescalier.net\/france\/monte-escalier-albigny-sur-saone\/\" \/>\n<meta property=\"og:site_name\" content=\"Monte escalier\" \/>\n<meta property=\"article:modified_time\" content=\"2021-11-15T16:03:33+00:00\" \/>\n<meta name=\"twitter:card\" content=\"summary_large_image\" \/>\n<meta name=\"twitter:label1\" content=\"Dur\u00e9e de lecture estim\u00e9e\" \/>\n\t<meta name=\"twitter:data1\" content=\"2 minutes\" \/>\n<script type=\"application\/ld+json\" class=\"yoast-schema-graph\">{\"@context\":\"https:\/\/schema.org\",\"@graph\":[{\"@type\":\"WebPage\",\"@id\":\"https:\/\/www.monteescalier.net\/france\/monte-escalier-albigny-sur-saone\/\",\"url\":\"https:\/\/www.monteescalier.net\/france\/monte-escalier-albigny-sur-saone\/\",\"name\":\"Monte escalier Albigny-sur-Sa\u00f4ne - Monte escalier\",\"isPartOf\":{\"@id\":\"https:\/\/www.monteescalier.net\/france\/#website\"},\"datePublished\":\"2021-09-26T09:48:02+00:00\",\"dateModified\":\"2021-11-15T16:03:33+00:00\",\"description\":\"Vous recherchez un monte-escalier \u00e0 Albigny-sur-Saone - Retrouvez toutes les informations et conditions d'achat aupr\u00e8s de nos partenaires installeurs\",\"breadcrumb\":{\"@id\":\"https:\/\/www.monteescalier.net\/france\/monte-escalier-albigny-sur-saone\/#breadcrumb\"},\"inLanguage\":\"fr-FR\",\"potentialAction\":[{\"@type\":\"ReadAction\",\"target\":[\"https:\/\/www.monteescalier.net\/france\/monte-escalier-albigny-sur-saone\/\"]}]},{\"@type\":\"BreadcrumbList\",\"@id\":\"https:\/\/www.monteescalier.net\/france\/monte-escalier-albigny-sur-saone\/#breadcrumb\",\"itemListElement\":[{\"@type\":\"ListItem\",\"position\":1,\"name\":\"Accueil\",\"item\":\"https:\/\/www.monteescalier.net\/france\/\"},{\"@type\":\"ListItem\",\"position\":2,\"name\":\"Monte escalier Albigny-sur-Sa\u00f4ne\"}]},{\"@type\":\"WebSite\",\"@id\":\"https:\/\/www.monteescalier.net\/france\/#website\",\"url\":\"https:\/\/www.monteescalier.net\/france\/\",\"name\":\"Monte escalier\",\"description\":\"\",\"publisher\":{\"@id\":\"https:\/\/www.monteescalier.net\/france\/#organization\"},\"potentialAction\":[{\"@type\":\"SearchAction\",\"target\":{\"@type\":\"EntryPoint\",\"urlTemplate\":\"https:\/\/www.monteescalier.net\/france\/?s={search_term_string}\"},\"query-input\":{\"@type\":\"PropertyValueSpecification\",\"valueRequired\":true,\"valueName\":\"search_term_string\"}}],\"inLanguage\":\"fr-FR\"},{\"@type\":\"Organization\",\"@id\":\"https:\/\/www.monteescalier.net\/france\/#organization\",\"name\":\"monte-escalier.net\",\"url\":\"https:\/\/www.monteescalier.net\/france\/\",\"logo\":{\"@type\":\"ImageObject\",\"inLanguage\":\"fr-FR\",\"@id\":\"https:\/\/www.monteescalier.net\/france\/#\/schema\/logo\/image\/\",\"url\":\"https:\/\/www.monteescalier.net\/france\/wp-content\/uploads\/2016\/10\/4devis-mont-escalier-500-500.gif\",\"contentUrl\":\"https:\/\/www.monteescalier.net\/france\/wp-content\/uploads\/2016\/10\/4devis-mont-escalier-500-500.gif\",\"width\":500,\"height\":500,\"caption\":\"monte-escalier.net\"},\"image\":{\"@id\":\"https:\/\/www.monteescalier.net\/france\/#\/schema\/logo\/image\/\"}}]}<\/script>\n<!-- \/ Yoast SEO plugin. -->","yoast_head_json":{"title":"Monte escalier Albigny-sur-Sa\u00f4ne - Monte escalier","description":"Vous recherchez un monte-escalier \u00e0 Albigny-sur-Saone - Retrouvez toutes les informations et conditions d'achat aupr\u00e8s de nos partenaires installeurs","robots":{"index":"index","follow":"follow","max-snippet":"max-snippet:-1","max-image-preview":"max-image-preview:large","max-video-preview":"max-video-preview:-1"},"canonical":"https:\/\/www.monteescalier.net\/france\/monte-escalier-albigny-sur-saone\/","og_locale":"fr_FR","og_type":"article","og_title":"Monte escalier Albigny-sur-Sa\u00f4ne - Monte escalier","og_description":"Vous recherchez un monte-escalier \u00e0 Albigny-sur-Saone - Retrouvez toutes les informations et conditions d'achat aupr\u00e8s de nos partenaires installeurs","og_url":"https:\/\/www.monteescalier.net\/france\/monte-escalier-albigny-sur-saone\/","og_site_name":"Monte escalier","article_modified_time":"2021-11-15T16:03:33+00:00","twitter_card":"summary_large_image","twitter_misc":{"Dur\u00e9e de lecture estim\u00e9e":"2 minutes"},"schema":{"@context":"https:\/\/schema.org","@graph":[{"@type":"WebPage","@id":"https:\/\/www.monteescalier.net\/france\/monte-escalier-albigny-sur-saone\/","url":"https:\/\/www.monteescalier.net\/france\/monte-escalier-albigny-sur-saone\/","name":"Monte escalier Albigny-sur-Sa\u00f4ne - Monte escalier","isPartOf":{"@id":"https:\/\/www.monteescalier.net\/france\/#website"},"datePublished":"2021-09-26T09:48:02+00:00","dateModified":"2021-11-15T16:03:33+00:00","description":"Vous recherchez un monte-escalier \u00e0 Albigny-sur-Saone - Retrouvez toutes les informations et conditions d'achat aupr\u00e8s de nos partenaires installeurs","breadcrumb":{"@id":"https:\/\/www.monteescalier.net\/france\/monte-escalier-albigny-sur-saone\/#breadcrumb"},"inLanguage":"fr-FR","potentialAction":[{"@type":"ReadAction","target":["https:\/\/www.monteescalier.net\/france\/monte-escalier-albigny-sur-saone\/"]}]},{"@type":"BreadcrumbList","@id":"https:\/\/www.monteescalier.net\/france\/monte-escalier-albigny-sur-saone\/#breadcrumb","itemListElement":[{"@type":"ListItem","position":1,"name":"Accueil","item":"https:\/\/www.monteescalier.net\/france\/"},{"@type":"ListItem","position":2,"name":"Monte escalier Albigny-sur-Sa\u00f4ne"}]},{"@type":"WebSite","@id":"https:\/\/www.monteescalier.net\/france\/#website","url":"https:\/\/www.monteescalier.net\/france\/","name":"Monte escalier","description":"","publisher":{"@id":"https:\/\/www.monteescalier.net\/france\/#organization"},"potentialAction":[{"@type":"SearchAction","target":{"@type":"EntryPoint","urlTemplate":"https:\/\/www.monteescalier.net\/france\/?s={search_term_string}"},"query-input":{"@type":"PropertyValueSpecification","valueRequired":true,"valueName":"search_term_string"}}],"inLanguage":"fr-FR"},{"@type":"Organization","@id":"https:\/\/www.monteescalier.net\/france\/#organization","name":"monte-escalier.net","url":"https:\/\/www.monteescalier.net\/france\/","logo":{"@type":"ImageObject","inLanguage":"fr-FR","@id":"https:\/\/www.monteescalier.net\/france\/#\/schema\/logo\/image\/","url":"https:\/\/www.monteescalier.net\/france\/wp-content\/uploads\/2016\/10\/4devis-mont-escalier-500-500.gif","contentUrl":"https:\/\/www.monteescalier.net\/france\/wp-content\/uploads\/2016\/10\/4devis-mont-escalier-500-500.gif","width":500,"height":500,"caption":"monte-escalier.net"},"image":{"@id":"https:\/\/www.monteescalier.net\/france\/#\/schema\/logo\/image\/"}}]}},"_links":{"self":[{"href":"https:\/\/www.monteescalier.net\/france\/wp-json\/wp\/v2\/pages\/4574","targetHints":{"allow":["GET"]}}],"collection":[{"href":"https:\/\/www.monteescalier.net\/france\/wp-json\/wp\/v2\/pages"}],"about":[{"href":"https:\/\/www.monteescalier.net\/france\/wp-json\/wp\/v2\/types\/page"}],"author":[{"embeddable":true,"href":"https:\/\/www.monteescalier.net\/france\/wp-json\/wp\/v2\/users\/1"}],"replies":[{"embeddable":true,"href":"https:\/\/www.monteescalier.net\/france\/wp-json\/wp\/v2\/comments?post=4574"}],"version-history":[{"count":1,"href":"https:\/\/www.monteescalier.net\/france\/wp-json\/wp\/v2\/pages\/4574\/revisions"}],"predecessor-version":[{"id":8884,"href":"https:\/\/www.monteescalier.net\/france\/wp-json\/wp\/v2\/pages\/4574\/revisions\/8884"}],"wp:attachment":[{"href":"https:\/\/www.monteescalier.net\/france\/wp-json\/wp\/v2\/media?parent=4574"}],"curies":[{"name":"wp","href":"https:\/\/api.w.org\/{rel}","templated":true}]}}