{"id":460,"date":"2024-01-26T14:26:21","date_gmt":"2024-01-26T13:26:21","guid":{"rendered":"https:\/\/www.monteescalier.net\/france\/?page_id=460"},"modified":"2024-05-15T16:12:30","modified_gmt":"2024-05-15T15:12:30","slug":"monte-escalier-hautes-alpes","status":"publish","type":"page","link":"https:\/\/www.monteescalier.net\/france\/monte-escalier-hautes-alpes\/","title":{"rendered":"Monte escalier Hautes-Alpes, Monte escalier Gap"},"content":{"rendered":"<div class='content-column one_half'><div style=\"padding-right:19px;\"><h1>Un monte escalier dans les Hautes-Alpes<\/h1>\n<p><b>Des experts dans votre d\u00e9partements :<\/b><br \/>\n<a href=\"https:\/\/www.monteescalier.net\/france\/monte-escalier-gap\/\">Les monte escaliers \u00e0 Gap<\/a><br \/>\n<a href=\"https:\/\/www.monteescalier.net\/france\/monte-escalier-briancon\/\">Les monte escaliers \u00e0 Brian\u00e7on<\/a><br \/>\n<a href=\"https:\/\/www.monteescalier.net\/france\/monte-escalier-embrun\/\">Les monte escaliers \u00e0 Embrun<\/a><\/p>\n<p style=\"text-align: justify;\">Faire l&rsquo;acquisition d&rsquo;un monte escalier est un achat qui m\u00e9rite r\u00e9flexion : ce n&rsquo;est pas un mat\u00e9riel sp\u00e9cialement bon march\u00e9, et l&rsquo;installation requiert souvent une journ\u00e9e compl\u00e8te. On est tr\u00e8s souvent dans des op\u00e9rations \u00ab\u00a0sur mesure\u00a0\u00bb<\/p>\n<p style=\"text-align: justify;\">Dans les Hautes Alpes, monteescalier.net a s\u00e9lectionn\u00e9 pour vous plusieurs installateurs de monte escalier dont les comp\u00e9tences et les prix qu&rsquo;ils pratiquent vous apporteront certainement satisfaction dans la r\u00e9alisation de votre projet monte escalier. Pour \u00eatre mis en relation avec eux c&rsquo;est non seulement simple mais en plus totalement gratuit.<\/p>\n<p style=\"text-align: justify;\">Renseignez un simple formulaire de contact, et ce, que vous habitiez vers Gap, Savines le Lac, Brian\u00e7on, Saint Martin de Queyri\u00e8nes, Embrun, La Saulce, Laragne-Mont\u00e9glin ou encore La Roche des Arnauds, Veynes, Serres, Chorges, Villar Saint Pancrate, Guillestre ou Talard et nos partenaires monte escalier dans les hautes alpes vous contacteront au plus vite pour vous proposer leurs services.<\/p>\n<p style=\"text-align: justify;\">Vous vous posez plein de questions sur les monte escalier :avec notre formulaire de demande de documentation, vous recevrez par courriel ou par la poste toutes les informations utiles sur les mod\u00e8les de monte escalier commercialis\u00e9s par nos partenaires monte escalier dans les hautes alpes.<\/p>\n<p style=\"text-align: justify;\">Vous voulez discuter de votre projet monte escalier par t\u00e9l\u00e9phone, compl\u00e9tez une demande de rappel : nos experts monte escalier en Hautes Alpes vous appelleront pour \u00e9changer avec vous sur votre projet et vous proposer la solution technique la plus appropri\u00e9e.<\/p>\n<p>&nbsp;<\/p>\n<div class=\"bouton\" onclick=\"location.href='https:\/\/www.monteescalier.net\/devis-gratuit.php'\">Cliquez ici pour obtenir des devis gratuitement<\/div><\/div><\/div><div class='content-column one_half last_column'><a href=\"https:\/\/www.monteescalier.net\/devis-gratuit.php\" target=\"_blank\" rel=\"noopener noreferrer\"><img loading=\"lazy\" decoding=\"async\" class=\"alignnone size-full img_region\" src=\"https:\/\/www.monteescalier.net\/france\/wp-content\/uploads\/2014\/10\/4devis-monte-escalier-photo-490.png\" alt=\"Hautes Alpes\" width=\"507\" height=\"485\" \/><\/a><br \/>\n<img loading=\"lazy\" decoding=\"async\" class=\"alignnone size-full img_region_2\" src=\"https:\/\/www.monteescalier.net\/france\/wp-content\/uploads\/2013\/07\/hautealpes.jpg\" alt=\"Hautes Alpes\" width=\"507\" height=\"485\" \/><\/div><div class='clear_column'><\/div><\/p>\n","protected":false},"excerpt":{"rendered":"","protected":false},"author":1,"featured_media":0,"parent":0,"menu_order":0,"comment_status":"open","ping_status":"closed","template":"template1.php","meta":{"_monsterinsights_skip_tracking":false,"_monsterinsights_sitenote_active":false,"_monsterinsights_sitenote_note":"","_monsterinsights_sitenote_category":0,"footnotes":""},"class_list":["post-460","page","type-page","status-publish","hentry"],"yoast_head":"<!-- This site is optimized with the Yoast SEO plugin v26.3 - https:\/\/yoast.com\/wordpress\/plugins\/seo\/ -->\n<title>Monte escalier Hautes-Alpes, Monte escalier Gap - Monte escalier<\/title>\n<meta name=\"description\" content=\"Nos monte escalier pr\u00e9sent dans les Hautes-Alpes : Gap, Brian\u00e7on, Rosans.\" \/>\n<meta name=\"robots\" content=\"index, follow, max-snippet:-1, max-image-preview:large, max-video-preview:-1\" \/>\n<link rel=\"canonical\" href=\"https:\/\/www.monteescalier.net\/france\/monte-escalier-hautes-alpes\/\" \/>\n<meta property=\"og:locale\" content=\"fr_FR\" \/>\n<meta property=\"og:type\" content=\"article\" \/>\n<meta property=\"og:title\" content=\"Monte escalier Hautes-Alpes, Monte escalier Gap - Monte escalier\" \/>\n<meta property=\"og:description\" content=\"Nos monte escalier pr\u00e9sent dans les Hautes-Alpes : Gap, Brian\u00e7on, Rosans.\" \/>\n<meta property=\"og:url\" content=\"https:\/\/www.monteescalier.net\/france\/monte-escalier-hautes-alpes\/\" \/>\n<meta property=\"og:site_name\" content=\"Monte escalier\" \/>\n<meta property=\"article:modified_time\" content=\"2024-05-15T15:12:30+00:00\" \/>\n<meta property=\"og:image\" content=\"https:\/\/www.monteescalier.net\/france\/wp-content\/uploads\/2014\/10\/4devis-monte-escalier-photo-490.png\" \/>\n<meta name=\"twitter:card\" content=\"summary_large_image\" \/>\n<meta name=\"twitter:label1\" content=\"Dur\u00e9e de lecture estim\u00e9e\" \/>\n\t<meta name=\"twitter:data1\" content=\"1 minute\" \/>\n<script type=\"application\/ld+json\" class=\"yoast-schema-graph\">{\"@context\":\"https:\/\/schema.org\",\"@graph\":[{\"@type\":\"WebPage\",\"@id\":\"https:\/\/www.monteescalier.net\/france\/monte-escalier-hautes-alpes\/\",\"url\":\"https:\/\/www.monteescalier.net\/france\/monte-escalier-hautes-alpes\/\",\"name\":\"Monte escalier Hautes-Alpes, Monte escalier Gap - Monte escalier\",\"isPartOf\":{\"@id\":\"https:\/\/www.monteescalier.net\/france\/#website\"},\"primaryImageOfPage\":{\"@id\":\"https:\/\/www.monteescalier.net\/france\/monte-escalier-hautes-alpes\/#primaryimage\"},\"image\":{\"@id\":\"https:\/\/www.monteescalier.net\/france\/monte-escalier-hautes-alpes\/#primaryimage\"},\"thumbnailUrl\":\"https:\/\/www.monteescalier.net\/france\/wp-content\/uploads\/2014\/10\/4devis-monte-escalier-photo-490.png\",\"datePublished\":\"2024-01-26T13:26:21+00:00\",\"dateModified\":\"2024-05-15T15:12:30+00:00\",\"description\":\"Nos monte escalier pr\u00e9sent dans les Hautes-Alpes : Gap, Brian\u00e7on, Rosans.\",\"breadcrumb\":{\"@id\":\"https:\/\/www.monteescalier.net\/france\/monte-escalier-hautes-alpes\/#breadcrumb\"},\"inLanguage\":\"fr-FR\",\"potentialAction\":[{\"@type\":\"ReadAction\",\"target\":[\"https:\/\/www.monteescalier.net\/france\/monte-escalier-hautes-alpes\/\"]}]},{\"@type\":\"ImageObject\",\"inLanguage\":\"fr-FR\",\"@id\":\"https:\/\/www.monteescalier.net\/france\/monte-escalier-hautes-alpes\/#primaryimage\",\"url\":\"https:\/\/www.monteescalier.net\/france\/wp-content\/uploads\/2014\/10\/4devis-monte-escalier-photo-490.png\",\"contentUrl\":\"https:\/\/www.monteescalier.net\/france\/wp-content\/uploads\/2014\/10\/4devis-monte-escalier-photo-490.png\",\"width\":490,\"height\":267},{\"@type\":\"BreadcrumbList\",\"@id\":\"https:\/\/www.monteescalier.net\/france\/monte-escalier-hautes-alpes\/#breadcrumb\",\"itemListElement\":[{\"@type\":\"ListItem\",\"position\":1,\"name\":\"Accueil\",\"item\":\"https:\/\/www.monteescalier.net\/france\/\"},{\"@type\":\"ListItem\",\"position\":2,\"name\":\"Monte escalier Hautes-Alpes, Monte escalier Gap\"}]},{\"@type\":\"WebSite\",\"@id\":\"https:\/\/www.monteescalier.net\/france\/#website\",\"url\":\"https:\/\/www.monteescalier.net\/france\/\",\"name\":\"Monte escalier\",\"description\":\"\",\"publisher\":{\"@id\":\"https:\/\/www.monteescalier.net\/france\/#organization\"},\"potentialAction\":[{\"@type\":\"SearchAction\",\"target\":{\"@type\":\"EntryPoint\",\"urlTemplate\":\"https:\/\/www.monteescalier.net\/france\/?s={search_term_string}\"},\"query-input\":{\"@type\":\"PropertyValueSpecification\",\"valueRequired\":true,\"valueName\":\"search_term_string\"}}],\"inLanguage\":\"fr-FR\"},{\"@type\":\"Organization\",\"@id\":\"https:\/\/www.monteescalier.net\/france\/#organization\",\"name\":\"monte-escalier.net\",\"url\":\"https:\/\/www.monteescalier.net\/france\/\",\"logo\":{\"@type\":\"ImageObject\",\"inLanguage\":\"fr-FR\",\"@id\":\"https:\/\/www.monteescalier.net\/france\/#\/schema\/logo\/image\/\",\"url\":\"https:\/\/www.monteescalier.net\/france\/wp-content\/uploads\/2016\/10\/4devis-mont-escalier-500-500.gif\",\"contentUrl\":\"https:\/\/www.monteescalier.net\/france\/wp-content\/uploads\/2016\/10\/4devis-mont-escalier-500-500.gif\",\"width\":500,\"height\":500,\"caption\":\"monte-escalier.net\"},\"image\":{\"@id\":\"https:\/\/www.monteescalier.net\/france\/#\/schema\/logo\/image\/\"}}]}<\/script>\n<!-- \/ Yoast SEO plugin. -->","yoast_head_json":{"title":"Monte escalier Hautes-Alpes, Monte escalier Gap - Monte escalier","description":"Nos monte escalier pr\u00e9sent dans les Hautes-Alpes : Gap, Brian\u00e7on, Rosans.","robots":{"index":"index","follow":"follow","max-snippet":"max-snippet:-1","max-image-preview":"max-image-preview:large","max-video-preview":"max-video-preview:-1"},"canonical":"https:\/\/www.monteescalier.net\/france\/monte-escalier-hautes-alpes\/","og_locale":"fr_FR","og_type":"article","og_title":"Monte escalier Hautes-Alpes, Monte escalier Gap - Monte escalier","og_description":"Nos monte escalier pr\u00e9sent dans les Hautes-Alpes : Gap, Brian\u00e7on, Rosans.","og_url":"https:\/\/www.monteescalier.net\/france\/monte-escalier-hautes-alpes\/","og_site_name":"Monte escalier","article_modified_time":"2024-05-15T15:12:30+00:00","og_image":[{"url":"https:\/\/www.monteescalier.net\/france\/wp-content\/uploads\/2014\/10\/4devis-monte-escalier-photo-490.png","type":"","width":"","height":""}],"twitter_card":"summary_large_image","twitter_misc":{"Dur\u00e9e de lecture estim\u00e9e":"1 minute"},"schema":{"@context":"https:\/\/schema.org","@graph":[{"@type":"WebPage","@id":"https:\/\/www.monteescalier.net\/france\/monte-escalier-hautes-alpes\/","url":"https:\/\/www.monteescalier.net\/france\/monte-escalier-hautes-alpes\/","name":"Monte escalier Hautes-Alpes, Monte escalier Gap - Monte escalier","isPartOf":{"@id":"https:\/\/www.monteescalier.net\/france\/#website"},"primaryImageOfPage":{"@id":"https:\/\/www.monteescalier.net\/france\/monte-escalier-hautes-alpes\/#primaryimage"},"image":{"@id":"https:\/\/www.monteescalier.net\/france\/monte-escalier-hautes-alpes\/#primaryimage"},"thumbnailUrl":"https:\/\/www.monteescalier.net\/france\/wp-content\/uploads\/2014\/10\/4devis-monte-escalier-photo-490.png","datePublished":"2024-01-26T13:26:21+00:00","dateModified":"2024-05-15T15:12:30+00:00","description":"Nos monte escalier pr\u00e9sent dans les Hautes-Alpes : Gap, Brian\u00e7on, Rosans.","breadcrumb":{"@id":"https:\/\/www.monteescalier.net\/france\/monte-escalier-hautes-alpes\/#breadcrumb"},"inLanguage":"fr-FR","potentialAction":[{"@type":"ReadAction","target":["https:\/\/www.monteescalier.net\/france\/monte-escalier-hautes-alpes\/"]}]},{"@type":"ImageObject","inLanguage":"fr-FR","@id":"https:\/\/www.monteescalier.net\/france\/monte-escalier-hautes-alpes\/#primaryimage","url":"https:\/\/www.monteescalier.net\/france\/wp-content\/uploads\/2014\/10\/4devis-monte-escalier-photo-490.png","contentUrl":"https:\/\/www.monteescalier.net\/france\/wp-content\/uploads\/2014\/10\/4devis-monte-escalier-photo-490.png","width":490,"height":267},{"@type":"BreadcrumbList","@id":"https:\/\/www.monteescalier.net\/france\/monte-escalier-hautes-alpes\/#breadcrumb","itemListElement":[{"@type":"ListItem","position":1,"name":"Accueil","item":"https:\/\/www.monteescalier.net\/france\/"},{"@type":"ListItem","position":2,"name":"Monte escalier Hautes-Alpes, Monte escalier Gap"}]},{"@type":"WebSite","@id":"https:\/\/www.monteescalier.net\/france\/#website","url":"https:\/\/www.monteescalier.net\/france\/","name":"Monte escalier","description":"","publisher":{"@id":"https:\/\/www.monteescalier.net\/france\/#organization"},"potentialAction":[{"@type":"SearchAction","target":{"@type":"EntryPoint","urlTemplate":"https:\/\/www.monteescalier.net\/france\/?s={search_term_string}"},"query-input":{"@type":"PropertyValueSpecification","valueRequired":true,"valueName":"search_term_string"}}],"inLanguage":"fr-FR"},{"@type":"Organization","@id":"https:\/\/www.monteescalier.net\/france\/#organization","name":"monte-escalier.net","url":"https:\/\/www.monteescalier.net\/france\/","logo":{"@type":"ImageObject","inLanguage":"fr-FR","@id":"https:\/\/www.monteescalier.net\/france\/#\/schema\/logo\/image\/","url":"https:\/\/www.monteescalier.net\/france\/wp-content\/uploads\/2016\/10\/4devis-mont-escalier-500-500.gif","contentUrl":"https:\/\/www.monteescalier.net\/france\/wp-content\/uploads\/2016\/10\/4devis-mont-escalier-500-500.gif","width":500,"height":500,"caption":"monte-escalier.net"},"image":{"@id":"https:\/\/www.monteescalier.net\/france\/#\/schema\/logo\/image\/"}}]}},"_links":{"self":[{"href":"https:\/\/www.monteescalier.net\/france\/wp-json\/wp\/v2\/pages\/460","targetHints":{"allow":["GET"]}}],"collection":[{"href":"https:\/\/www.monteescalier.net\/france\/wp-json\/wp\/v2\/pages"}],"about":[{"href":"https:\/\/www.monteescalier.net\/france\/wp-json\/wp\/v2\/types\/page"}],"author":[{"embeddable":true,"href":"https:\/\/www.monteescalier.net\/france\/wp-json\/wp\/v2\/users\/1"}],"replies":[{"embeddable":true,"href":"https:\/\/www.monteescalier.net\/france\/wp-json\/wp\/v2\/comments?post=460"}],"version-history":[{"count":6,"href":"https:\/\/www.monteescalier.net\/france\/wp-json\/wp\/v2\/pages\/460\/revisions"}],"predecessor-version":[{"id":9066,"href":"https:\/\/www.monteescalier.net\/france\/wp-json\/wp\/v2\/pages\/460\/revisions\/9066"}],"wp:attachment":[{"href":"https:\/\/www.monteescalier.net\/france\/wp-json\/wp\/v2\/media?parent=460"}],"curies":[{"name":"wp","href":"https:\/\/api.w.org\/{rel}","templated":true}]}}