{"id":463,"date":"2024-01-24T17:40:20","date_gmt":"2024-01-24T16:40:20","guid":{"rendered":"https:\/\/www.monteescalier.net\/france\/?page_id=463"},"modified":"2024-05-15T15:51:58","modified_gmt":"2024-05-15T14:51:58","slug":"monte-escalier-alpes-maritimes","status":"publish","type":"page","link":"https:\/\/www.monteescalier.net\/france\/monte-escalier-alpes-maritimes\/","title":{"rendered":"Monte escalier Alpes-Maritimes, Monte escalier Nice"},"content":{"rendered":"<div class='content-column one_half'><div style=\"padding-right:19px;\"><h1>L&rsquo;achat d&rsquo;un monte escalier dans les Alpes-Maritimes<\/h1>\n<p><b>Dans les principales villes du d\u00e9partement :<\/b><br \/>\n<a href=\"https:\/\/www.monteescalier.net\/france\/monte-escalier-nice\/\">Monte escalier Nice<\/a><br \/>\n<a href=\"https:\/\/www.monteescalier.net\/france\/monte-escalier-grasse\/\">Monte escalier Grasse<\/a><br \/>\n<a href=\"https:\/\/www.monteescalier.net\/france\/monte-escalier-cannes\/\">Monte escalier Cannes<\/a><\/p>\n<p style=\"text-align: justify;\">Faire installer chez soi un monte escalier n&rsquo;est un achat anodin : le c\u00f4ut du mat\u00e9riel est assez \u00e9lev\u00e9 (en moyenne entre 3000 et 12000 euros) sans compter l&rsquo;installation qui peut s&rsquo;av\u00e9rer assez complexe en fonction de la forme de l&rsquo;escalier et sa largeur. Aussi il est imp\u00e9ratif de disposer du plus d&rsquo;informations disponibles et d&rsquo;avoir plusieurs interlocuteurs pour \u00eatre s\u00fbr de faire le bon choix.<\/p>\n<p style=\"text-align: justify;\">Dans les Alpes Maritimes tout comme dans d&rsquo;autres d\u00e9partements, il est parfois ennuyeux et chronophage de rechercher les installateurs de monte escalier et d&rsquo;obtenir au plus vite des devis gratuits et des informations pratiques, mais avec monteescalier.net, vous allez pouvoir trouver le meilleur installateur de monte escalier dans les alpes maritimes.<\/p>\n<p style=\"text-align: justify;\">En compl\u00e9tant une demande de devis sur monteescalier.net, vous allez \u00eatre tr\u00e8s rapidement contact\u00e9 par notre liste d&rsquo;installateurs, revendeurs voire fabricants de monte escalier desservant les alpes maritimes.<\/p>\n<p style=\"text-align: justify;\">Alors, que vous souhaitiez installer un monte escalier \u00e0 Nice, Cannes, Cagnes sur Mer, Antibes, Grasse, Vallauris, Menton, Mandelieu la Napoule ou encore Le Cannet, Saint Laurent du Var, Mougins, Villeneuve Loubet, Roquebrune Cap Martin, La Trinit\u00e9, Vence ou Carros saisissez vite une demande de devis, une demande de documentation ou une demande de rappel \u00e0 votre choix et pr\u00e9parez ainsi au mieux votre achat de monte escalier, sans vous d\u00e9placer, et sans d\u00e9bourser un centime.<\/p>\n<p>&nbsp;<\/p>\n<div class=\"bouton\" onclick=\"location.href='https:\/\/www.monteescalier.net\/devis-gratuit.php'\">Cliquez ici pour obtenir des devis gratuitement<\/div><\/div><\/div><div class='content-column one_half last_column'><a href=\"https:\/\/www.monteescalier.net\/devis-gratuit.php\" target=\"_blank\" rel=\"noopener noreferrer\"><img loading=\"lazy\" decoding=\"async\" class=\"alignnone size-full img_region\" src=\"https:\/\/www.monteescalier.net\/france\/wp-content\/uploads\/2014\/10\/4devis-monte-escalier-photo-490.png\" alt=\"Alpes Maritimes - 06\" width=\"507\" height=\"485\" \/><\/a><br \/>\n<img loading=\"lazy\" decoding=\"async\" class=\"alignnone size-full img_region_2\" src=\"https:\/\/www.monteescalier.net\/france\/wp-content\/uploads\/2013\/07\/alpesmaritimes.jpg\" alt=\"Alpes Maritimes\" width=\"507\" height=\"485\" \/><\/div><div class='clear_column'><\/div><\/p>\n","protected":false},"excerpt":{"rendered":"","protected":false},"author":1,"featured_media":0,"parent":0,"menu_order":0,"comment_status":"open","ping_status":"closed","template":"template1.php","meta":{"_monsterinsights_skip_tracking":false,"_monsterinsights_sitenote_active":false,"_monsterinsights_sitenote_note":"","_monsterinsights_sitenote_category":0,"footnotes":""},"class_list":["post-463","page","type-page","status-publish","hentry"],"yoast_head":"<!-- This site is optimized with the Yoast SEO plugin v26.3 - https:\/\/yoast.com\/wordpress\/plugins\/seo\/ -->\n<title>Monte escalier Alpes-Maritimes, Monte escalier Nice - Monte escalier<\/title>\n<meta name=\"description\" content=\"L&#039;achat d&#039;un monte escalier dans les Alpes-Maritimes. Dans les principales villes du d\u00e9partement : Nice, Grasse, Cannes\" \/>\n<meta name=\"robots\" content=\"index, follow, max-snippet:-1, max-image-preview:large, max-video-preview:-1\" \/>\n<link rel=\"canonical\" href=\"https:\/\/www.monteescalier.net\/france\/monte-escalier-alpes-maritimes\/\" \/>\n<meta property=\"og:locale\" content=\"fr_FR\" \/>\n<meta property=\"og:type\" content=\"article\" \/>\n<meta property=\"og:title\" content=\"Monte escalier Alpes-Maritimes, Monte escalier Nice - Monte escalier\" \/>\n<meta property=\"og:description\" content=\"L&#039;achat d&#039;un monte escalier dans les Alpes-Maritimes. Dans les principales villes du d\u00e9partement : Nice, Grasse, Cannes\" \/>\n<meta property=\"og:url\" content=\"https:\/\/www.monteescalier.net\/france\/monte-escalier-alpes-maritimes\/\" \/>\n<meta property=\"og:site_name\" content=\"Monte escalier\" \/>\n<meta property=\"article:modified_time\" content=\"2024-05-15T14:51:58+00:00\" \/>\n<meta property=\"og:image\" content=\"https:\/\/www.monteescalier.net\/france\/wp-content\/uploads\/2014\/10\/4devis-monte-escalier-photo-490.png\" \/>\n<meta name=\"twitter:card\" content=\"summary_large_image\" \/>\n<meta name=\"twitter:label1\" content=\"Dur\u00e9e de lecture estim\u00e9e\" \/>\n\t<meta name=\"twitter:data1\" content=\"1 minute\" \/>\n<script type=\"application\/ld+json\" class=\"yoast-schema-graph\">{\"@context\":\"https:\/\/schema.org\",\"@graph\":[{\"@type\":\"WebPage\",\"@id\":\"https:\/\/www.monteescalier.net\/france\/monte-escalier-alpes-maritimes\/\",\"url\":\"https:\/\/www.monteescalier.net\/france\/monte-escalier-alpes-maritimes\/\",\"name\":\"Monte escalier Alpes-Maritimes, Monte escalier Nice - Monte escalier\",\"isPartOf\":{\"@id\":\"https:\/\/www.monteescalier.net\/france\/#website\"},\"primaryImageOfPage\":{\"@id\":\"https:\/\/www.monteescalier.net\/france\/monte-escalier-alpes-maritimes\/#primaryimage\"},\"image\":{\"@id\":\"https:\/\/www.monteescalier.net\/france\/monte-escalier-alpes-maritimes\/#primaryimage\"},\"thumbnailUrl\":\"https:\/\/www.monteescalier.net\/france\/wp-content\/uploads\/2014\/10\/4devis-monte-escalier-photo-490.png\",\"datePublished\":\"2024-01-24T16:40:20+00:00\",\"dateModified\":\"2024-05-15T14:51:58+00:00\",\"description\":\"L'achat d'un monte escalier dans les Alpes-Maritimes. Dans les principales villes du d\u00e9partement : Nice, Grasse, Cannes\",\"breadcrumb\":{\"@id\":\"https:\/\/www.monteescalier.net\/france\/monte-escalier-alpes-maritimes\/#breadcrumb\"},\"inLanguage\":\"fr-FR\",\"potentialAction\":[{\"@type\":\"ReadAction\",\"target\":[\"https:\/\/www.monteescalier.net\/france\/monte-escalier-alpes-maritimes\/\"]}]},{\"@type\":\"ImageObject\",\"inLanguage\":\"fr-FR\",\"@id\":\"https:\/\/www.monteescalier.net\/france\/monte-escalier-alpes-maritimes\/#primaryimage\",\"url\":\"https:\/\/www.monteescalier.net\/france\/wp-content\/uploads\/2014\/10\/4devis-monte-escalier-photo-490.png\",\"contentUrl\":\"https:\/\/www.monteescalier.net\/france\/wp-content\/uploads\/2014\/10\/4devis-monte-escalier-photo-490.png\",\"width\":490,\"height\":267},{\"@type\":\"BreadcrumbList\",\"@id\":\"https:\/\/www.monteescalier.net\/france\/monte-escalier-alpes-maritimes\/#breadcrumb\",\"itemListElement\":[{\"@type\":\"ListItem\",\"position\":1,\"name\":\"Accueil\",\"item\":\"https:\/\/www.monteescalier.net\/france\/\"},{\"@type\":\"ListItem\",\"position\":2,\"name\":\"Monte escalier Alpes-Maritimes, Monte escalier Nice\"}]},{\"@type\":\"WebSite\",\"@id\":\"https:\/\/www.monteescalier.net\/france\/#website\",\"url\":\"https:\/\/www.monteescalier.net\/france\/\",\"name\":\"Monte escalier\",\"description\":\"\",\"publisher\":{\"@id\":\"https:\/\/www.monteescalier.net\/france\/#organization\"},\"potentialAction\":[{\"@type\":\"SearchAction\",\"target\":{\"@type\":\"EntryPoint\",\"urlTemplate\":\"https:\/\/www.monteescalier.net\/france\/?s={search_term_string}\"},\"query-input\":{\"@type\":\"PropertyValueSpecification\",\"valueRequired\":true,\"valueName\":\"search_term_string\"}}],\"inLanguage\":\"fr-FR\"},{\"@type\":\"Organization\",\"@id\":\"https:\/\/www.monteescalier.net\/france\/#organization\",\"name\":\"monte-escalier.net\",\"url\":\"https:\/\/www.monteescalier.net\/france\/\",\"logo\":{\"@type\":\"ImageObject\",\"inLanguage\":\"fr-FR\",\"@id\":\"https:\/\/www.monteescalier.net\/france\/#\/schema\/logo\/image\/\",\"url\":\"https:\/\/www.monteescalier.net\/france\/wp-content\/uploads\/2016\/10\/4devis-mont-escalier-500-500.gif\",\"contentUrl\":\"https:\/\/www.monteescalier.net\/france\/wp-content\/uploads\/2016\/10\/4devis-mont-escalier-500-500.gif\",\"width\":500,\"height\":500,\"caption\":\"monte-escalier.net\"},\"image\":{\"@id\":\"https:\/\/www.monteescalier.net\/france\/#\/schema\/logo\/image\/\"}}]}<\/script>\n<!-- \/ Yoast SEO plugin. -->","yoast_head_json":{"title":"Monte escalier Alpes-Maritimes, Monte escalier Nice - Monte escalier","description":"L'achat d'un monte escalier dans les Alpes-Maritimes. Dans les principales villes du d\u00e9partement : Nice, Grasse, Cannes","robots":{"index":"index","follow":"follow","max-snippet":"max-snippet:-1","max-image-preview":"max-image-preview:large","max-video-preview":"max-video-preview:-1"},"canonical":"https:\/\/www.monteescalier.net\/france\/monte-escalier-alpes-maritimes\/","og_locale":"fr_FR","og_type":"article","og_title":"Monte escalier Alpes-Maritimes, Monte escalier Nice - Monte escalier","og_description":"L'achat d'un monte escalier dans les Alpes-Maritimes. Dans les principales villes du d\u00e9partement : Nice, Grasse, Cannes","og_url":"https:\/\/www.monteescalier.net\/france\/monte-escalier-alpes-maritimes\/","og_site_name":"Monte escalier","article_modified_time":"2024-05-15T14:51:58+00:00","og_image":[{"url":"https:\/\/www.monteescalier.net\/france\/wp-content\/uploads\/2014\/10\/4devis-monte-escalier-photo-490.png","type":"","width":"","height":""}],"twitter_card":"summary_large_image","twitter_misc":{"Dur\u00e9e de lecture estim\u00e9e":"1 minute"},"schema":{"@context":"https:\/\/schema.org","@graph":[{"@type":"WebPage","@id":"https:\/\/www.monteescalier.net\/france\/monte-escalier-alpes-maritimes\/","url":"https:\/\/www.monteescalier.net\/france\/monte-escalier-alpes-maritimes\/","name":"Monte escalier Alpes-Maritimes, Monte escalier Nice - Monte escalier","isPartOf":{"@id":"https:\/\/www.monteescalier.net\/france\/#website"},"primaryImageOfPage":{"@id":"https:\/\/www.monteescalier.net\/france\/monte-escalier-alpes-maritimes\/#primaryimage"},"image":{"@id":"https:\/\/www.monteescalier.net\/france\/monte-escalier-alpes-maritimes\/#primaryimage"},"thumbnailUrl":"https:\/\/www.monteescalier.net\/france\/wp-content\/uploads\/2014\/10\/4devis-monte-escalier-photo-490.png","datePublished":"2024-01-24T16:40:20+00:00","dateModified":"2024-05-15T14:51:58+00:00","description":"L'achat d'un monte escalier dans les Alpes-Maritimes. Dans les principales villes du d\u00e9partement : Nice, Grasse, Cannes","breadcrumb":{"@id":"https:\/\/www.monteescalier.net\/france\/monte-escalier-alpes-maritimes\/#breadcrumb"},"inLanguage":"fr-FR","potentialAction":[{"@type":"ReadAction","target":["https:\/\/www.monteescalier.net\/france\/monte-escalier-alpes-maritimes\/"]}]},{"@type":"ImageObject","inLanguage":"fr-FR","@id":"https:\/\/www.monteescalier.net\/france\/monte-escalier-alpes-maritimes\/#primaryimage","url":"https:\/\/www.monteescalier.net\/france\/wp-content\/uploads\/2014\/10\/4devis-monte-escalier-photo-490.png","contentUrl":"https:\/\/www.monteescalier.net\/france\/wp-content\/uploads\/2014\/10\/4devis-monte-escalier-photo-490.png","width":490,"height":267},{"@type":"BreadcrumbList","@id":"https:\/\/www.monteescalier.net\/france\/monte-escalier-alpes-maritimes\/#breadcrumb","itemListElement":[{"@type":"ListItem","position":1,"name":"Accueil","item":"https:\/\/www.monteescalier.net\/france\/"},{"@type":"ListItem","position":2,"name":"Monte escalier Alpes-Maritimes, Monte escalier Nice"}]},{"@type":"WebSite","@id":"https:\/\/www.monteescalier.net\/france\/#website","url":"https:\/\/www.monteescalier.net\/france\/","name":"Monte escalier","description":"","publisher":{"@id":"https:\/\/www.monteescalier.net\/france\/#organization"},"potentialAction":[{"@type":"SearchAction","target":{"@type":"EntryPoint","urlTemplate":"https:\/\/www.monteescalier.net\/france\/?s={search_term_string}"},"query-input":{"@type":"PropertyValueSpecification","valueRequired":true,"valueName":"search_term_string"}}],"inLanguage":"fr-FR"},{"@type":"Organization","@id":"https:\/\/www.monteescalier.net\/france\/#organization","name":"monte-escalier.net","url":"https:\/\/www.monteescalier.net\/france\/","logo":{"@type":"ImageObject","inLanguage":"fr-FR","@id":"https:\/\/www.monteescalier.net\/france\/#\/schema\/logo\/image\/","url":"https:\/\/www.monteescalier.net\/france\/wp-content\/uploads\/2016\/10\/4devis-mont-escalier-500-500.gif","contentUrl":"https:\/\/www.monteescalier.net\/france\/wp-content\/uploads\/2016\/10\/4devis-mont-escalier-500-500.gif","width":500,"height":500,"caption":"monte-escalier.net"},"image":{"@id":"https:\/\/www.monteescalier.net\/france\/#\/schema\/logo\/image\/"}}]}},"_links":{"self":[{"href":"https:\/\/www.monteescalier.net\/france\/wp-json\/wp\/v2\/pages\/463","targetHints":{"allow":["GET"]}}],"collection":[{"href":"https:\/\/www.monteescalier.net\/france\/wp-json\/wp\/v2\/pages"}],"about":[{"href":"https:\/\/www.monteescalier.net\/france\/wp-json\/wp\/v2\/types\/page"}],"author":[{"embeddable":true,"href":"https:\/\/www.monteescalier.net\/france\/wp-json\/wp\/v2\/users\/1"}],"replies":[{"embeddable":true,"href":"https:\/\/www.monteescalier.net\/france\/wp-json\/wp\/v2\/comments?post=463"}],"version-history":[{"count":5,"href":"https:\/\/www.monteescalier.net\/france\/wp-json\/wp\/v2\/pages\/463\/revisions"}],"predecessor-version":[{"id":9058,"href":"https:\/\/www.monteescalier.net\/france\/wp-json\/wp\/v2\/pages\/463\/revisions\/9058"}],"wp:attachment":[{"href":"https:\/\/www.monteescalier.net\/france\/wp-json\/wp\/v2\/media?parent=463"}],"curies":[{"name":"wp","href":"https:\/\/api.w.org\/{rel}","templated":true}]}}