{"id":470,"date":"2023-07-29T15:08:26","date_gmt":"2023-07-29T14:08:26","guid":{"rendered":"https:\/\/www.monteescalier.net\/france\/?page_id=470"},"modified":"2024-05-15T16:47:48","modified_gmt":"2024-05-15T15:47:48","slug":"monte-escalier-loire","status":"publish","type":"page","link":"https:\/\/www.monteescalier.net\/france\/monte-escalier-loire\/","title":{"rendered":"Monte escalier Loire, Saint-\u00c9tienne"},"content":{"rendered":"<div class='content-column one_half'><div style=\"padding-right:19px;\"><h1>Acheter\u00a0votre Monte escalier dans la Loire<\/h1>\n<p><b>Revendeurs\/fabricants proche de chez vous :<\/b><br \/>\n<a href=\"https:\/\/www.monteescalier.net\/france\/monte-escalier-saint-etienne\/\">Le monte escalier \u00e0 Saint-\u00c9tienne<\/a><br \/>\n<a href=\"https:\/\/www.monteescalier.net\/france\/monte-escalier-roanne\/\">Le monte escalier \u00e0 Roanne<\/a><br \/>\n<a href=\"https:\/\/www.monteescalier.net\/france\/monte-escalier-montbrison\/\">Le monte escalier \u00e0 Montbrison<\/a><\/p>\n<p style=\"text-align: justify;\">Vous chercher un vendeur de monte escalier en r\u00e9gion Rhone-Alpes dans le d\u00e9partement de la Loire?<br \/>\nVous avez trouv\u00e9 ! Monteescalier.net va vous mettre gratuitement en relation avec les meilleurs revendeurs\/fabricants de monte escalier dans la Loire.<br \/>\nPour \u00eatre mis en relation avec nos partenaires professionnels du monte escalier pour l&rsquo;ensemble du d\u00e9partement de la Loire, que vous soyez \u00e0 Saint Etienne, Saint Chamon, Saint Just Rambert, Roanne, Firminy ou vers Rive de Gier, Montbrison et Firminy, vous n&rsquo;avez qu&rsquo;\u00e0 compl\u00e9ter avec vos coordonn\u00e9es compl\u00e8tes un de nos formulaires de contact.<\/p>\n<p style=\"text-align: justify;\">Vous recevrez ainsi, en fonction de ce que vous avez cliqu\u00e9 des devis gratuits, le rappel par les professionnels du monte escalier dans la Loire et aussi de la documentation sur les mod\u00e8les et marques de monte escalier disponibles \u00e0 la vente.<\/p>\n<p style=\"text-align: justify;\">Nos professionnels du monte escalier interviennent dans l&rsquo;ensemble du d\u00e9partement de la Loire: de Feurs au Chambon Feugerolles, de Mably \u00e0 Riorges, de Sorbiers \u00e0 Roche la Moli\u00e8re, de la Ricamarie \u00e0 Andr\u00e9zieux Bouth\u00e9on et de Villars \u00e0 Unieux. Votre solution monte escalier est donc l\u00e0 sous vos yeux, il n&rsquo;y a qu&rsquo;\u00e0 cliquer ! Pas la peine de remplir X formulaires fastidieux, une demande, une seule, et vous serez mis en relation avec toute notre liste de professionnels du monte escalier en Rh\u00f4ne et en particulier dans la Loire.<\/p>\n<p><a class=\"bt_lien\" href=\"https:\/\/www.monteescalier.net\/france\/demande-de-devis\/\"><\/p>\n<div class=\"bouton\">Cliquez ici pour recevoir des devis de monte escalier pr\u00e8s de Saint Etienne<\/div>\n<p><\/a><br \/>\n&nbsp;<br \/><\/div><\/div><div class='content-column one_half last_column'><a href=\"https:\/\/www.monteescalier.net\/devis-gratuit.php\" target=\"_blank\" rel=\"noopener\"><img loading=\"lazy\" decoding=\"async\" class=\"alignnone size-full img_region\" src=\"https:\/\/www.monteescalier.net\/france\/wp-content\/uploads\/2014\/10\/4devis-monte-escalier-photo-490.png\" alt=\"Loire (42)\" width=\"507\" height=\"485\" \/><\/a><br \/>\n<img loading=\"lazy\" decoding=\"async\" class=\"alignnone size-full img_region_2\" src=\"https:\/\/www.monteescalier.net\/france\/wp-content\/uploads\/2013\/07\/loire.jpg\" alt=\"Loire\" width=\"507\" height=\"485\" \/><\/div><div class='clear_column'><\/div><\/p>\n","protected":false},"excerpt":{"rendered":"","protected":false},"author":1,"featured_media":0,"parent":0,"menu_order":0,"comment_status":"open","ping_status":"closed","template":"template5.php","meta":{"_monsterinsights_skip_tracking":false,"_monsterinsights_sitenote_active":false,"_monsterinsights_sitenote_note":"","_monsterinsights_sitenote_category":0,"footnotes":""},"class_list":["post-470","page","type-page","status-publish","hentry"],"yoast_head":"<!-- This site is optimized with the Yoast SEO plugin v26.3 - https:\/\/yoast.com\/wordpress\/plugins\/seo\/ -->\n<title>Monte escalier Loire, Saint-\u00c9tienne - Monte escalier<\/title>\n<meta name=\"description\" content=\"Nos meilleurs monte escalier de qualit\u00e9 pr\u00e9sent dans la Loire : Saint-Etienne, Roanne, Montbrison.\" \/>\n<meta name=\"robots\" content=\"index, follow, max-snippet:-1, max-image-preview:large, max-video-preview:-1\" \/>\n<link rel=\"canonical\" href=\"https:\/\/www.monteescalier.net\/france\/monte-escalier-loire\/\" \/>\n<meta property=\"og:locale\" content=\"fr_FR\" \/>\n<meta property=\"og:type\" content=\"article\" \/>\n<meta property=\"og:title\" content=\"Monte escalier Loire, Saint-\u00c9tienne - Monte escalier\" \/>\n<meta property=\"og:description\" content=\"Nos meilleurs monte escalier de qualit\u00e9 pr\u00e9sent dans la Loire : Saint-Etienne, Roanne, Montbrison.\" \/>\n<meta property=\"og:url\" content=\"https:\/\/www.monteescalier.net\/france\/monte-escalier-loire\/\" \/>\n<meta property=\"og:site_name\" content=\"Monte escalier\" \/>\n<meta property=\"article:modified_time\" content=\"2024-05-15T15:47:48+00:00\" \/>\n<meta property=\"og:image\" content=\"https:\/\/www.monteescalier.net\/france\/wp-content\/uploads\/2014\/10\/4devis-monte-escalier-photo-490.png\" \/>\n<meta name=\"twitter:card\" content=\"summary_large_image\" \/>\n<meta name=\"twitter:label1\" content=\"Dur\u00e9e de lecture estim\u00e9e\" \/>\n\t<meta name=\"twitter:data1\" content=\"1 minute\" \/>\n<script type=\"application\/ld+json\" class=\"yoast-schema-graph\">{\"@context\":\"https:\/\/schema.org\",\"@graph\":[{\"@type\":\"WebPage\",\"@id\":\"https:\/\/www.monteescalier.net\/france\/monte-escalier-loire\/\",\"url\":\"https:\/\/www.monteescalier.net\/france\/monte-escalier-loire\/\",\"name\":\"Monte escalier Loire, Saint-\u00c9tienne - Monte escalier\",\"isPartOf\":{\"@id\":\"https:\/\/www.monteescalier.net\/france\/#website\"},\"primaryImageOfPage\":{\"@id\":\"https:\/\/www.monteescalier.net\/france\/monte-escalier-loire\/#primaryimage\"},\"image\":{\"@id\":\"https:\/\/www.monteescalier.net\/france\/monte-escalier-loire\/#primaryimage\"},\"thumbnailUrl\":\"https:\/\/www.monteescalier.net\/france\/wp-content\/uploads\/2014\/10\/4devis-monte-escalier-photo-490.png\",\"datePublished\":\"2023-07-29T14:08:26+00:00\",\"dateModified\":\"2024-05-15T15:47:48+00:00\",\"description\":\"Nos meilleurs monte escalier de qualit\u00e9 pr\u00e9sent dans la Loire : Saint-Etienne, Roanne, Montbrison.\",\"breadcrumb\":{\"@id\":\"https:\/\/www.monteescalier.net\/france\/monte-escalier-loire\/#breadcrumb\"},\"inLanguage\":\"fr-FR\",\"potentialAction\":[{\"@type\":\"ReadAction\",\"target\":[\"https:\/\/www.monteescalier.net\/france\/monte-escalier-loire\/\"]}]},{\"@type\":\"ImageObject\",\"inLanguage\":\"fr-FR\",\"@id\":\"https:\/\/www.monteescalier.net\/france\/monte-escalier-loire\/#primaryimage\",\"url\":\"https:\/\/www.monteescalier.net\/france\/wp-content\/uploads\/2014\/10\/4devis-monte-escalier-photo-490.png\",\"contentUrl\":\"https:\/\/www.monteescalier.net\/france\/wp-content\/uploads\/2014\/10\/4devis-monte-escalier-photo-490.png\",\"width\":490,\"height\":267},{\"@type\":\"BreadcrumbList\",\"@id\":\"https:\/\/www.monteescalier.net\/france\/monte-escalier-loire\/#breadcrumb\",\"itemListElement\":[{\"@type\":\"ListItem\",\"position\":1,\"name\":\"Accueil\",\"item\":\"https:\/\/www.monteescalier.net\/france\/\"},{\"@type\":\"ListItem\",\"position\":2,\"name\":\"Monte escalier Loire, Saint-\u00c9tienne\"}]},{\"@type\":\"WebSite\",\"@id\":\"https:\/\/www.monteescalier.net\/france\/#website\",\"url\":\"https:\/\/www.monteescalier.net\/france\/\",\"name\":\"Monte escalier\",\"description\":\"\",\"publisher\":{\"@id\":\"https:\/\/www.monteescalier.net\/france\/#organization\"},\"potentialAction\":[{\"@type\":\"SearchAction\",\"target\":{\"@type\":\"EntryPoint\",\"urlTemplate\":\"https:\/\/www.monteescalier.net\/france\/?s={search_term_string}\"},\"query-input\":{\"@type\":\"PropertyValueSpecification\",\"valueRequired\":true,\"valueName\":\"search_term_string\"}}],\"inLanguage\":\"fr-FR\"},{\"@type\":\"Organization\",\"@id\":\"https:\/\/www.monteescalier.net\/france\/#organization\",\"name\":\"monte-escalier.net\",\"url\":\"https:\/\/www.monteescalier.net\/france\/\",\"logo\":{\"@type\":\"ImageObject\",\"inLanguage\":\"fr-FR\",\"@id\":\"https:\/\/www.monteescalier.net\/france\/#\/schema\/logo\/image\/\",\"url\":\"https:\/\/www.monteescalier.net\/france\/wp-content\/uploads\/2016\/10\/4devis-mont-escalier-500-500.gif\",\"contentUrl\":\"https:\/\/www.monteescalier.net\/france\/wp-content\/uploads\/2016\/10\/4devis-mont-escalier-500-500.gif\",\"width\":500,\"height\":500,\"caption\":\"monte-escalier.net\"},\"image\":{\"@id\":\"https:\/\/www.monteescalier.net\/france\/#\/schema\/logo\/image\/\"}}]}<\/script>\n<!-- \/ Yoast SEO plugin. -->","yoast_head_json":{"title":"Monte escalier Loire, Saint-\u00c9tienne - Monte escalier","description":"Nos meilleurs monte escalier de qualit\u00e9 pr\u00e9sent dans la Loire : Saint-Etienne, Roanne, Montbrison.","robots":{"index":"index","follow":"follow","max-snippet":"max-snippet:-1","max-image-preview":"max-image-preview:large","max-video-preview":"max-video-preview:-1"},"canonical":"https:\/\/www.monteescalier.net\/france\/monte-escalier-loire\/","og_locale":"fr_FR","og_type":"article","og_title":"Monte escalier Loire, Saint-\u00c9tienne - Monte escalier","og_description":"Nos meilleurs monte escalier de qualit\u00e9 pr\u00e9sent dans la Loire : Saint-Etienne, Roanne, Montbrison.","og_url":"https:\/\/www.monteescalier.net\/france\/monte-escalier-loire\/","og_site_name":"Monte escalier","article_modified_time":"2024-05-15T15:47:48+00:00","og_image":[{"url":"https:\/\/www.monteescalier.net\/france\/wp-content\/uploads\/2014\/10\/4devis-monte-escalier-photo-490.png","type":"","width":"","height":""}],"twitter_card":"summary_large_image","twitter_misc":{"Dur\u00e9e de lecture estim\u00e9e":"1 minute"},"schema":{"@context":"https:\/\/schema.org","@graph":[{"@type":"WebPage","@id":"https:\/\/www.monteescalier.net\/france\/monte-escalier-loire\/","url":"https:\/\/www.monteescalier.net\/france\/monte-escalier-loire\/","name":"Monte escalier Loire, Saint-\u00c9tienne - Monte escalier","isPartOf":{"@id":"https:\/\/www.monteescalier.net\/france\/#website"},"primaryImageOfPage":{"@id":"https:\/\/www.monteescalier.net\/france\/monte-escalier-loire\/#primaryimage"},"image":{"@id":"https:\/\/www.monteescalier.net\/france\/monte-escalier-loire\/#primaryimage"},"thumbnailUrl":"https:\/\/www.monteescalier.net\/france\/wp-content\/uploads\/2014\/10\/4devis-monte-escalier-photo-490.png","datePublished":"2023-07-29T14:08:26+00:00","dateModified":"2024-05-15T15:47:48+00:00","description":"Nos meilleurs monte escalier de qualit\u00e9 pr\u00e9sent dans la Loire : Saint-Etienne, Roanne, Montbrison.","breadcrumb":{"@id":"https:\/\/www.monteescalier.net\/france\/monte-escalier-loire\/#breadcrumb"},"inLanguage":"fr-FR","potentialAction":[{"@type":"ReadAction","target":["https:\/\/www.monteescalier.net\/france\/monte-escalier-loire\/"]}]},{"@type":"ImageObject","inLanguage":"fr-FR","@id":"https:\/\/www.monteescalier.net\/france\/monte-escalier-loire\/#primaryimage","url":"https:\/\/www.monteescalier.net\/france\/wp-content\/uploads\/2014\/10\/4devis-monte-escalier-photo-490.png","contentUrl":"https:\/\/www.monteescalier.net\/france\/wp-content\/uploads\/2014\/10\/4devis-monte-escalier-photo-490.png","width":490,"height":267},{"@type":"BreadcrumbList","@id":"https:\/\/www.monteescalier.net\/france\/monte-escalier-loire\/#breadcrumb","itemListElement":[{"@type":"ListItem","position":1,"name":"Accueil","item":"https:\/\/www.monteescalier.net\/france\/"},{"@type":"ListItem","position":2,"name":"Monte escalier Loire, Saint-\u00c9tienne"}]},{"@type":"WebSite","@id":"https:\/\/www.monteescalier.net\/france\/#website","url":"https:\/\/www.monteescalier.net\/france\/","name":"Monte escalier","description":"","publisher":{"@id":"https:\/\/www.monteescalier.net\/france\/#organization"},"potentialAction":[{"@type":"SearchAction","target":{"@type":"EntryPoint","urlTemplate":"https:\/\/www.monteescalier.net\/france\/?s={search_term_string}"},"query-input":{"@type":"PropertyValueSpecification","valueRequired":true,"valueName":"search_term_string"}}],"inLanguage":"fr-FR"},{"@type":"Organization","@id":"https:\/\/www.monteescalier.net\/france\/#organization","name":"monte-escalier.net","url":"https:\/\/www.monteescalier.net\/france\/","logo":{"@type":"ImageObject","inLanguage":"fr-FR","@id":"https:\/\/www.monteescalier.net\/france\/#\/schema\/logo\/image\/","url":"https:\/\/www.monteescalier.net\/france\/wp-content\/uploads\/2016\/10\/4devis-mont-escalier-500-500.gif","contentUrl":"https:\/\/www.monteescalier.net\/france\/wp-content\/uploads\/2016\/10\/4devis-mont-escalier-500-500.gif","width":500,"height":500,"caption":"monte-escalier.net"},"image":{"@id":"https:\/\/www.monteescalier.net\/france\/#\/schema\/logo\/image\/"}}]}},"_links":{"self":[{"href":"https:\/\/www.monteescalier.net\/france\/wp-json\/wp\/v2\/pages\/470","targetHints":{"allow":["GET"]}}],"collection":[{"href":"https:\/\/www.monteescalier.net\/france\/wp-json\/wp\/v2\/pages"}],"about":[{"href":"https:\/\/www.monteescalier.net\/france\/wp-json\/wp\/v2\/types\/page"}],"author":[{"embeddable":true,"href":"https:\/\/www.monteescalier.net\/france\/wp-json\/wp\/v2\/users\/1"}],"replies":[{"embeddable":true,"href":"https:\/\/www.monteescalier.net\/france\/wp-json\/wp\/v2\/comments?post=470"}],"version-history":[{"count":4,"href":"https:\/\/www.monteescalier.net\/france\/wp-json\/wp\/v2\/pages\/470\/revisions"}],"predecessor-version":[{"id":9097,"href":"https:\/\/www.monteescalier.net\/france\/wp-json\/wp\/v2\/pages\/470\/revisions\/9097"}],"wp:attachment":[{"href":"https:\/\/www.monteescalier.net\/france\/wp-json\/wp\/v2\/media?parent=470"}],"curies":[{"name":"wp","href":"https:\/\/api.w.org\/{rel}","templated":true}]}}