{"id":475,"date":"2024-01-29T15:20:59","date_gmt":"2024-01-29T14:20:59","guid":{"rendered":"https:\/\/www.monteescalier.net\/france\/?page_id=475"},"modified":"2024-05-15T15:52:27","modified_gmt":"2024-05-15T14:52:27","slug":"monte-escalier-ardeche","status":"publish","type":"page","link":"https:\/\/www.monteescalier.net\/france\/monte-escalier-ardeche\/","title":{"rendered":"Monte escalier Ard\u00e8che, Monte escalier Privas"},"content":{"rendered":"<div class='content-column one_half'><div style=\"padding-right:19px;\"><h1>Faire installer\u00a0un monte escalier en\u00a0Ard\u00e8che<\/h1>\n<p><b>Installateurs proche de chez vous :<\/b><br \/>\n<a href=\"https:\/\/www.monteescalier.net\/france\/monte-escalier-privas\/\">Monte escalier Privas<\/a><br \/>\n<a href=\"https:\/\/www.monteescalier.net\/france\/monte-escalier-tournon-sur-rhone\/\">Monte escalier Tournon sur Rh\u00f4ne<\/a><br \/>\n<a href=\"https:\/\/www.monteescalier.net\/france\/monte-escalier-aubenas\/\">Monte escalier Aubenas<\/a><\/p>\n<p style=\"text-align: justify;\">Pour mettre en place un monte escalier dans l&rsquo;Ard\u00e8che, il est fondamental de trouver le bon artisan: un installateur\/vendeur comp\u00e9tent, pas trop cher et bien implant\u00e9 dans le d\u00e9partement et qui pourra, de plus, vous aider dans le choix du meilleur mod\u00e8le, celui qui s&rsquo;av\u00e9rera \u00eatre le plus adapt\u00e9 \u00e0 votre logement, et aussi bien entendu \u00e0 votre budget !<\/p>\n<p style=\"text-align: justify;\">Monteescalier.net, le site sp\u00e9cialiste de la mise en relation des acteurs du monte escalier peut vous faciliter le choix de votre installateur de monte escalier en Ard\u00e8che en vous mettant en relation directe avec sa s\u00e9lection d&rsquo;installateurs et fabricants couvrant le d\u00e9partement de l&rsquo;ard\u00e8che : A Annonay, Privas, Aubenas, Tournon sur Rh\u00f4ne, Le Teil ou Guiherand Granges, les entreprises s\u00e9lectionn\u00e9es par monteescalier.net sont pr\u00eates \u00e0 vous aider \u00e0 faire votre choix, vous conseiller et bien s\u00fbr vous r\u00e9aliser l&rsquo;installation de votre Monte escalier dans les meilleurs d\u00e9lais.<\/p>\n<p style=\"text-align: justify;\">Vous pouvez utiliser notre service sans aucune h\u00e9sitation car il est totalement gratuit. Comme cela a \u00e9t\u00e9 dit plus haut, les installateurs de monte escalier que nous avons s\u00e9lectionn\u00e9s desservent toutes les villes du d\u00e9partement y compris Cruas, Bourg Saint And\u00e9ol, Roiffieux, Saint P\u00e9ray, Dav\u00e9zieux, La Voulte sur Rh\u00f4ne, Les Vans, Viviers, Le Pouzin ou Vals les Bains.<\/p>\n<p style=\"text-align: justify;\">Vous allez d&rsquo;abord recevoir avant toute chose une documentation papier ou une documentation \u00e9lectronique sur les monte-escaliers, compl\u00e9tez le formulaire appropri\u00e9 en entrant vos informations de localisation et nos entreprises partenaires s&#8217;empresseront de r\u00e9pondre \u00e0 votre demande. Si vous pr\u00e9f\u00e9rez \u00eatre rappel\u00e9 par t\u00e9l\u00e9phone, c&rsquo;est possible! selectionnez le formulaire de rappel et les pros du monte escalier vous appelleront pour parler avec vous de votre monte escalier et des choix \u00e0 effectuer.<\/p>\n<p style=\"text-align: justify;\">Acheter un monte escalier en Ard\u00e8che, n&rsquo;est finalement pas si difficile avec monteescalier.net , le site qui vous facilite l&rsquo;achat, vous donne le choix sans rien vous demander en \u00e9change !<\/p>\n<p>&nbsp;<\/p>\n<div class=\"bouton\">Cliquez ici pour obtenir des devis gratuitement<\/div><\/div><\/div><div class='content-column one_half last_column'><a href=\"https:\/\/www.monteescalier.net\/devis-gratuit.php\" target=\"_blank\" rel=\"noopener noreferrer\"><img loading=\"lazy\" decoding=\"async\" class=\"alignnone size-full img_region\" src=\"https:\/\/www.monteescalier.net\/france\/wp-content\/uploads\/2014\/10\/4devis-monte-escalier-photo-490.png\" alt=\"Ard\u00e8che\" width=\"507\" height=\"485\" \/><\/a><br \/>\n<img loading=\"lazy\" decoding=\"async\" class=\"alignnone size-full img_region_2\" src=\"https:\/\/www.monteescalier.net\/france\/wp-content\/uploads\/2013\/07\/ardeche.jpg\" alt=\"ardeche\" width=\"507\" height=\"485\" \/><\/div><div class='clear_column'><\/div><\/p>\n","protected":false},"excerpt":{"rendered":"","protected":false},"author":1,"featured_media":0,"parent":0,"menu_order":0,"comment_status":"open","ping_status":"closed","template":"template2.php","meta":{"_monsterinsights_skip_tracking":false,"_monsterinsights_sitenote_active":false,"_monsterinsights_sitenote_note":"","_monsterinsights_sitenote_category":0,"footnotes":""},"class_list":["post-475","page","type-page","status-publish","hentry"],"yoast_head":"<!-- This site is optimized with the Yoast SEO plugin v26.3 - https:\/\/yoast.com\/wordpress\/plugins\/seo\/ -->\n<title>Monte escalier Ard\u00e8che, Monte escalier Privas - Monte escalier<\/title>\n<meta name=\"description\" content=\"Voici nos monte escalier de qualit\u00e9 pr\u00e9sent en Ard\u00e8che : Privas, Tournon sur Rh\u00f4ne, Aubenas.\" \/>\n<meta name=\"robots\" content=\"index, follow, max-snippet:-1, max-image-preview:large, max-video-preview:-1\" \/>\n<link rel=\"canonical\" href=\"https:\/\/www.monteescalier.net\/france\/monte-escalier-ardeche\/\" \/>\n<meta property=\"og:locale\" content=\"fr_FR\" \/>\n<meta property=\"og:type\" content=\"article\" \/>\n<meta property=\"og:title\" content=\"Monte escalier Ard\u00e8che, Monte escalier Privas - Monte escalier\" \/>\n<meta property=\"og:description\" content=\"Voici nos monte escalier de qualit\u00e9 pr\u00e9sent en Ard\u00e8che : Privas, Tournon sur Rh\u00f4ne, Aubenas.\" \/>\n<meta property=\"og:url\" content=\"https:\/\/www.monteescalier.net\/france\/monte-escalier-ardeche\/\" \/>\n<meta property=\"og:site_name\" content=\"Monte escalier\" \/>\n<meta property=\"article:modified_time\" content=\"2024-05-15T14:52:27+00:00\" \/>\n<meta property=\"og:image\" content=\"https:\/\/www.monteescalier.net\/france\/wp-content\/uploads\/2014\/10\/4devis-monte-escalier-photo-490.png\" \/>\n<meta name=\"twitter:card\" content=\"summary_large_image\" \/>\n<meta name=\"twitter:label1\" content=\"Dur\u00e9e de lecture estim\u00e9e\" \/>\n\t<meta name=\"twitter:data1\" content=\"2 minutes\" \/>\n<script type=\"application\/ld+json\" class=\"yoast-schema-graph\">{\"@context\":\"https:\/\/schema.org\",\"@graph\":[{\"@type\":\"WebPage\",\"@id\":\"https:\/\/www.monteescalier.net\/france\/monte-escalier-ardeche\/\",\"url\":\"https:\/\/www.monteescalier.net\/france\/monte-escalier-ardeche\/\",\"name\":\"Monte escalier Ard\u00e8che, Monte escalier Privas - Monte escalier\",\"isPartOf\":{\"@id\":\"https:\/\/www.monteescalier.net\/france\/#website\"},\"primaryImageOfPage\":{\"@id\":\"https:\/\/www.monteescalier.net\/france\/monte-escalier-ardeche\/#primaryimage\"},\"image\":{\"@id\":\"https:\/\/www.monteescalier.net\/france\/monte-escalier-ardeche\/#primaryimage\"},\"thumbnailUrl\":\"https:\/\/www.monteescalier.net\/france\/wp-content\/uploads\/2014\/10\/4devis-monte-escalier-photo-490.png\",\"datePublished\":\"2024-01-29T14:20:59+00:00\",\"dateModified\":\"2024-05-15T14:52:27+00:00\",\"description\":\"Voici nos monte escalier de qualit\u00e9 pr\u00e9sent en Ard\u00e8che : Privas, Tournon sur Rh\u00f4ne, Aubenas.\",\"breadcrumb\":{\"@id\":\"https:\/\/www.monteescalier.net\/france\/monte-escalier-ardeche\/#breadcrumb\"},\"inLanguage\":\"fr-FR\",\"potentialAction\":[{\"@type\":\"ReadAction\",\"target\":[\"https:\/\/www.monteescalier.net\/france\/monte-escalier-ardeche\/\"]}]},{\"@type\":\"ImageObject\",\"inLanguage\":\"fr-FR\",\"@id\":\"https:\/\/www.monteescalier.net\/france\/monte-escalier-ardeche\/#primaryimage\",\"url\":\"https:\/\/www.monteescalier.net\/france\/wp-content\/uploads\/2014\/10\/4devis-monte-escalier-photo-490.png\",\"contentUrl\":\"https:\/\/www.monteescalier.net\/france\/wp-content\/uploads\/2014\/10\/4devis-monte-escalier-photo-490.png\",\"width\":490,\"height\":267},{\"@type\":\"BreadcrumbList\",\"@id\":\"https:\/\/www.monteescalier.net\/france\/monte-escalier-ardeche\/#breadcrumb\",\"itemListElement\":[{\"@type\":\"ListItem\",\"position\":1,\"name\":\"Accueil\",\"item\":\"https:\/\/www.monteescalier.net\/france\/\"},{\"@type\":\"ListItem\",\"position\":2,\"name\":\"Monte escalier Ard\u00e8che, Monte escalier Privas\"}]},{\"@type\":\"WebSite\",\"@id\":\"https:\/\/www.monteescalier.net\/france\/#website\",\"url\":\"https:\/\/www.monteescalier.net\/france\/\",\"name\":\"Monte escalier\",\"description\":\"\",\"publisher\":{\"@id\":\"https:\/\/www.monteescalier.net\/france\/#organization\"},\"potentialAction\":[{\"@type\":\"SearchAction\",\"target\":{\"@type\":\"EntryPoint\",\"urlTemplate\":\"https:\/\/www.monteescalier.net\/france\/?s={search_term_string}\"},\"query-input\":{\"@type\":\"PropertyValueSpecification\",\"valueRequired\":true,\"valueName\":\"search_term_string\"}}],\"inLanguage\":\"fr-FR\"},{\"@type\":\"Organization\",\"@id\":\"https:\/\/www.monteescalier.net\/france\/#organization\",\"name\":\"monte-escalier.net\",\"url\":\"https:\/\/www.monteescalier.net\/france\/\",\"logo\":{\"@type\":\"ImageObject\",\"inLanguage\":\"fr-FR\",\"@id\":\"https:\/\/www.monteescalier.net\/france\/#\/schema\/logo\/image\/\",\"url\":\"https:\/\/www.monteescalier.net\/france\/wp-content\/uploads\/2016\/10\/4devis-mont-escalier-500-500.gif\",\"contentUrl\":\"https:\/\/www.monteescalier.net\/france\/wp-content\/uploads\/2016\/10\/4devis-mont-escalier-500-500.gif\",\"width\":500,\"height\":500,\"caption\":\"monte-escalier.net\"},\"image\":{\"@id\":\"https:\/\/www.monteescalier.net\/france\/#\/schema\/logo\/image\/\"}}]}<\/script>\n<!-- \/ Yoast SEO plugin. -->","yoast_head_json":{"title":"Monte escalier Ard\u00e8che, Monte escalier Privas - Monte escalier","description":"Voici nos monte escalier de qualit\u00e9 pr\u00e9sent en Ard\u00e8che : Privas, Tournon sur Rh\u00f4ne, Aubenas.","robots":{"index":"index","follow":"follow","max-snippet":"max-snippet:-1","max-image-preview":"max-image-preview:large","max-video-preview":"max-video-preview:-1"},"canonical":"https:\/\/www.monteescalier.net\/france\/monte-escalier-ardeche\/","og_locale":"fr_FR","og_type":"article","og_title":"Monte escalier Ard\u00e8che, Monte escalier Privas - Monte escalier","og_description":"Voici nos monte escalier de qualit\u00e9 pr\u00e9sent en Ard\u00e8che : Privas, Tournon sur Rh\u00f4ne, Aubenas.","og_url":"https:\/\/www.monteescalier.net\/france\/monte-escalier-ardeche\/","og_site_name":"Monte escalier","article_modified_time":"2024-05-15T14:52:27+00:00","og_image":[{"url":"https:\/\/www.monteescalier.net\/france\/wp-content\/uploads\/2014\/10\/4devis-monte-escalier-photo-490.png","type":"","width":"","height":""}],"twitter_card":"summary_large_image","twitter_misc":{"Dur\u00e9e de lecture estim\u00e9e":"2 minutes"},"schema":{"@context":"https:\/\/schema.org","@graph":[{"@type":"WebPage","@id":"https:\/\/www.monteescalier.net\/france\/monte-escalier-ardeche\/","url":"https:\/\/www.monteescalier.net\/france\/monte-escalier-ardeche\/","name":"Monte escalier Ard\u00e8che, Monte escalier Privas - Monte escalier","isPartOf":{"@id":"https:\/\/www.monteescalier.net\/france\/#website"},"primaryImageOfPage":{"@id":"https:\/\/www.monteescalier.net\/france\/monte-escalier-ardeche\/#primaryimage"},"image":{"@id":"https:\/\/www.monteescalier.net\/france\/monte-escalier-ardeche\/#primaryimage"},"thumbnailUrl":"https:\/\/www.monteescalier.net\/france\/wp-content\/uploads\/2014\/10\/4devis-monte-escalier-photo-490.png","datePublished":"2024-01-29T14:20:59+00:00","dateModified":"2024-05-15T14:52:27+00:00","description":"Voici nos monte escalier de qualit\u00e9 pr\u00e9sent en Ard\u00e8che : Privas, Tournon sur Rh\u00f4ne, Aubenas.","breadcrumb":{"@id":"https:\/\/www.monteescalier.net\/france\/monte-escalier-ardeche\/#breadcrumb"},"inLanguage":"fr-FR","potentialAction":[{"@type":"ReadAction","target":["https:\/\/www.monteescalier.net\/france\/monte-escalier-ardeche\/"]}]},{"@type":"ImageObject","inLanguage":"fr-FR","@id":"https:\/\/www.monteescalier.net\/france\/monte-escalier-ardeche\/#primaryimage","url":"https:\/\/www.monteescalier.net\/france\/wp-content\/uploads\/2014\/10\/4devis-monte-escalier-photo-490.png","contentUrl":"https:\/\/www.monteescalier.net\/france\/wp-content\/uploads\/2014\/10\/4devis-monte-escalier-photo-490.png","width":490,"height":267},{"@type":"BreadcrumbList","@id":"https:\/\/www.monteescalier.net\/france\/monte-escalier-ardeche\/#breadcrumb","itemListElement":[{"@type":"ListItem","position":1,"name":"Accueil","item":"https:\/\/www.monteescalier.net\/france\/"},{"@type":"ListItem","position":2,"name":"Monte escalier Ard\u00e8che, Monte escalier Privas"}]},{"@type":"WebSite","@id":"https:\/\/www.monteescalier.net\/france\/#website","url":"https:\/\/www.monteescalier.net\/france\/","name":"Monte escalier","description":"","publisher":{"@id":"https:\/\/www.monteescalier.net\/france\/#organization"},"potentialAction":[{"@type":"SearchAction","target":{"@type":"EntryPoint","urlTemplate":"https:\/\/www.monteescalier.net\/france\/?s={search_term_string}"},"query-input":{"@type":"PropertyValueSpecification","valueRequired":true,"valueName":"search_term_string"}}],"inLanguage":"fr-FR"},{"@type":"Organization","@id":"https:\/\/www.monteescalier.net\/france\/#organization","name":"monte-escalier.net","url":"https:\/\/www.monteescalier.net\/france\/","logo":{"@type":"ImageObject","inLanguage":"fr-FR","@id":"https:\/\/www.monteescalier.net\/france\/#\/schema\/logo\/image\/","url":"https:\/\/www.monteescalier.net\/france\/wp-content\/uploads\/2016\/10\/4devis-mont-escalier-500-500.gif","contentUrl":"https:\/\/www.monteescalier.net\/france\/wp-content\/uploads\/2016\/10\/4devis-mont-escalier-500-500.gif","width":500,"height":500,"caption":"monte-escalier.net"},"image":{"@id":"https:\/\/www.monteescalier.net\/france\/#\/schema\/logo\/image\/"}}]}},"_links":{"self":[{"href":"https:\/\/www.monteescalier.net\/france\/wp-json\/wp\/v2\/pages\/475","targetHints":{"allow":["GET"]}}],"collection":[{"href":"https:\/\/www.monteescalier.net\/france\/wp-json\/wp\/v2\/pages"}],"about":[{"href":"https:\/\/www.monteescalier.net\/france\/wp-json\/wp\/v2\/types\/page"}],"author":[{"embeddable":true,"href":"https:\/\/www.monteescalier.net\/france\/wp-json\/wp\/v2\/users\/1"}],"replies":[{"embeddable":true,"href":"https:\/\/www.monteescalier.net\/france\/wp-json\/wp\/v2\/comments?post=475"}],"version-history":[{"count":10,"href":"https:\/\/www.monteescalier.net\/france\/wp-json\/wp\/v2\/pages\/475\/revisions"}],"predecessor-version":[{"id":9059,"href":"https:\/\/www.monteescalier.net\/france\/wp-json\/wp\/v2\/pages\/475\/revisions\/9059"}],"wp:attachment":[{"href":"https:\/\/www.monteescalier.net\/france\/wp-json\/wp\/v2\/media?parent=475"}],"curies":[{"name":"wp","href":"https:\/\/api.w.org\/{rel}","templated":true}]}}