{"id":4777,"date":"2013-09-26T10:48:05","date_gmt":"2013-09-26T10:48:05","guid":{"rendered":"https:\/\/www.monteescalier.net\/france\/?page_id=4777"},"modified":"2014-11-09T15:35:23","modified_gmt":"2014-11-09T14:35:23","slug":"monte-escalier-l-ile-d-olonne","status":"publish","type":"page","link":"https:\/\/www.monteescalier.net\/france\/monte-escalier-l-ile-d-olonne\/","title":{"rendered":"Monte escalier l&rsquo;\u00cele-d&rsquo;Olonne"},"content":{"rendered":"<h1>Votre Monte escalier \u00e0 l&rsquo;\u00cele-d&rsquo;Olonne<\/h1>\n<div class=\"boite_texte\">\n<div style=\"text-align:justify; margin-bottom:10px\">Un installateur national, un revendeur r\u00e9gional, un prestataire local? Qui faut il choisir pour mettre en place un monte escalier \u00e0 l&rsquo;\u00cele d&rsquo;Olonne. Pour r\u00e9pondre \u00e0 cette questions ans perdre un temps pr\u00e9cieux, c&rsquo;est facile, utilisez les services de monteescalier.net.<\/div>\n<div style=\"text-align:justify; margin-bottom:10px\">Comment trouver le bon prestataire de monte escalier \u00e0 l&rsquo;\u00cele-d&rsquo;Olonne, c&rsquo;est tr\u00e8s facile. Faites confiance \u00e0 monteescalier.net pour vous mettre en contact tr\u00e8s rapidement avec les vendeurs de monte escalier qui comptent dans votre d\u00e9partement. Pas question de vous mettre en relation avec des prestataires qui ne desservent pas \u00cele-d&rsquo;Olonne. Nous vous pr\u00e9senterons des prestataires locaux et nationaux, mais qui vendent tous des monte escalier \u00e0 l&rsquo;\u00cele-d&rsquo;Olonne et bien s\u00fbr les installent.<\/div>\n<div style=\"text-align:justify; margin-bottom:10px\">Comment mieux comparer qu&rsquo;en examinant des propositions concr\u00e8tes ? Une seule demande de devis sur notre site et vous obtiendrez plusieurs devis de diff\u00e9rents prestataires vous proposant diff\u00e9rents mod\u00e8les de monte escalier.<\/div>\n<div style=\"text-align:justify; margin-bottom:10px\">Faire avancer votre projet d&rsquo;achat de monte escalier sans vous d\u00e9placer, c&rsquo;est ce que notre site vous propose via notre formulaire de demande de rappel. Une fois compl\u00e9t\u00e9 avec vos coordonn\u00e9es, nos experts du monte escalier sur l&rsquo;\u00cele-d&rsquo;Olonne, vous rappelleront tr\u00e8s vite pour \u00e9changer avec vous sur votre futur monte escalier.<\/div>\n<div style=\"text-align:justify; margin-bottom:10px\">Nos revendeurs partenaires peuvent \u00e9galement vous faire parvenir de la documentation sur les diff\u00e9rents mod\u00e8les de monte escalier qu&rsquo;ils commercialisent, que ce soit par courrier ou par email.<\/div>\n<div style=\"text-align:justify; margin-bottom:10px\">Souvenez vous que tous nos services sont totalement gratuits pour les acqu\u00e9reurs potentiels de monte escalier. N&rsquo;h\u00e9sitez pas \u00e0 remplir un formulaire, c&rsquo;est \u00e9galement sans engagement.<\/div>\n<\/div>\n<div class=\"titre_liens\">Vous serez peut \u00eatre int\u00e9ress\u00e9s aussi par nos autres offres en Vend\u00e9e<\/div>\n<div class=\"boite_liens\"><a href=\"https:\/\/www.monteescalier.net\/france\/monte-escalier-sainte-hermine\">Monte escalier Sainte-Hermine<\/a><br \/>\n<a href=\"https:\/\/www.monteescalier.net\/france\/monte-escalier-saint-florent-des-bois\">Monte escalier Saint-Florent-des-Bois<\/a><br \/>\n<a href=\"https:\/\/www.monteescalier.net\/france\/monte-escalier-saint-philbert-de-bouaine\">Monte escalier Saint-Philbert-de-Bouaine<\/a><br \/>\n<a href=\"https:\/\/www.monteescalier.net\/france\/monte-escalier-la-chataigneraie\">Monte escalier Ch\u00e2taigneraie<\/a><br \/>\n<a href=\"https:\/\/www.monteescalier.net\/france\/monte-escalier-mouchamps\">Monte escalier Mouchamps<\/a>\n<\/div>\n","protected":false},"excerpt":{"rendered":"<p>Votre Monte escalier \u00e0 l&rsquo;\u00cele-d&rsquo;Olonne Un installateur national, un revendeur r\u00e9gional, un prestataire local? Qui faut il choisir pour mettre en place un monte escalier \u00e0 l&rsquo;\u00cele d&rsquo;Olonne. Pour r\u00e9pondre \u00e0 cette questions ans perdre un temps pr\u00e9cieux, c&rsquo;est facile, utilisez les services de monteescalier.net. Comment trouver le bon prestataire de monte escalier \u00e0 l&rsquo;\u00cele-d&rsquo;Olonne, [&hellip;]<\/p>\n","protected":false},"author":1,"featured_media":0,"parent":0,"menu_order":0,"comment_status":"closed","ping_status":"open","template":"template_ville_12.php","meta":{"_monsterinsights_skip_tracking":false,"_monsterinsights_sitenote_active":false,"_monsterinsights_sitenote_note":"","_monsterinsights_sitenote_category":0,"footnotes":""},"class_list":["post-4777","page","type-page","status-publish","hentry"],"yoast_head":"<!-- This site is optimized with the Yoast SEO plugin v26.3 - https:\/\/yoast.com\/wordpress\/plugins\/seo\/ -->\n<title>Monte escalier l&#039;\u00cele-d&#039;Olonne - Monte escalier<\/title>\n<meta name=\"robots\" content=\"index, follow, max-snippet:-1, max-image-preview:large, max-video-preview:-1\" \/>\n<link rel=\"canonical\" href=\"https:\/\/www.monteescalier.net\/france\/monte-escalier-l-ile-d-olonne\/\" \/>\n<meta property=\"og:locale\" content=\"fr_FR\" \/>\n<meta property=\"og:type\" content=\"article\" \/>\n<meta property=\"og:title\" content=\"Monte escalier l&#039;\u00cele-d&#039;Olonne - Monte escalier\" \/>\n<meta property=\"og:description\" content=\"Votre Monte escalier \u00e0 l&rsquo;\u00cele-d&rsquo;Olonne Un installateur national, un revendeur r\u00e9gional, un prestataire local? Qui faut il choisir pour mettre en place un monte escalier \u00e0 l&rsquo;\u00cele d&rsquo;Olonne. Pour r\u00e9pondre \u00e0 cette questions ans perdre un temps pr\u00e9cieux, c&rsquo;est facile, utilisez les services de monteescalier.net. Comment trouver le bon prestataire de monte escalier \u00e0 l&rsquo;\u00cele-d&rsquo;Olonne, [&hellip;]\" \/>\n<meta property=\"og:url\" content=\"https:\/\/www.monteescalier.net\/france\/monte-escalier-l-ile-d-olonne\/\" \/>\n<meta property=\"og:site_name\" content=\"Monte escalier\" \/>\n<meta property=\"article:modified_time\" content=\"2014-11-09T14:35:23+00:00\" \/>\n<meta name=\"twitter:card\" content=\"summary_large_image\" \/>\n<meta name=\"twitter:label1\" content=\"Dur\u00e9e de lecture estim\u00e9e\" \/>\n\t<meta name=\"twitter:data1\" content=\"2 minutes\" \/>\n<script type=\"application\/ld+json\" class=\"yoast-schema-graph\">{\"@context\":\"https:\/\/schema.org\",\"@graph\":[{\"@type\":\"WebPage\",\"@id\":\"https:\/\/www.monteescalier.net\/france\/monte-escalier-l-ile-d-olonne\/\",\"url\":\"https:\/\/www.monteescalier.net\/france\/monte-escalier-l-ile-d-olonne\/\",\"name\":\"Monte escalier l'\u00cele-d'Olonne - Monte escalier\",\"isPartOf\":{\"@id\":\"https:\/\/www.monteescalier.net\/france\/#website\"},\"datePublished\":\"2013-09-26T10:48:05+00:00\",\"dateModified\":\"2014-11-09T14:35:23+00:00\",\"breadcrumb\":{\"@id\":\"https:\/\/www.monteescalier.net\/france\/monte-escalier-l-ile-d-olonne\/#breadcrumb\"},\"inLanguage\":\"fr-FR\",\"potentialAction\":[{\"@type\":\"ReadAction\",\"target\":[\"https:\/\/www.monteescalier.net\/france\/monte-escalier-l-ile-d-olonne\/\"]}]},{\"@type\":\"BreadcrumbList\",\"@id\":\"https:\/\/www.monteescalier.net\/france\/monte-escalier-l-ile-d-olonne\/#breadcrumb\",\"itemListElement\":[{\"@type\":\"ListItem\",\"position\":1,\"name\":\"Accueil\",\"item\":\"https:\/\/www.monteescalier.net\/france\/\"},{\"@type\":\"ListItem\",\"position\":2,\"name\":\"Monte escalier l&rsquo;\u00cele-d&rsquo;Olonne\"}]},{\"@type\":\"WebSite\",\"@id\":\"https:\/\/www.monteescalier.net\/france\/#website\",\"url\":\"https:\/\/www.monteescalier.net\/france\/\",\"name\":\"Monte escalier\",\"description\":\"\",\"publisher\":{\"@id\":\"https:\/\/www.monteescalier.net\/france\/#organization\"},\"potentialAction\":[{\"@type\":\"SearchAction\",\"target\":{\"@type\":\"EntryPoint\",\"urlTemplate\":\"https:\/\/www.monteescalier.net\/france\/?s={search_term_string}\"},\"query-input\":{\"@type\":\"PropertyValueSpecification\",\"valueRequired\":true,\"valueName\":\"search_term_string\"}}],\"inLanguage\":\"fr-FR\"},{\"@type\":\"Organization\",\"@id\":\"https:\/\/www.monteescalier.net\/france\/#organization\",\"name\":\"monte-escalier.net\",\"url\":\"https:\/\/www.monteescalier.net\/france\/\",\"logo\":{\"@type\":\"ImageObject\",\"inLanguage\":\"fr-FR\",\"@id\":\"https:\/\/www.monteescalier.net\/france\/#\/schema\/logo\/image\/\",\"url\":\"https:\/\/www.monteescalier.net\/france\/wp-content\/uploads\/2016\/10\/4devis-mont-escalier-500-500.gif\",\"contentUrl\":\"https:\/\/www.monteescalier.net\/france\/wp-content\/uploads\/2016\/10\/4devis-mont-escalier-500-500.gif\",\"width\":500,\"height\":500,\"caption\":\"monte-escalier.net\"},\"image\":{\"@id\":\"https:\/\/www.monteescalier.net\/france\/#\/schema\/logo\/image\/\"}}]}<\/script>\n<!-- \/ Yoast SEO plugin. -->","yoast_head_json":{"title":"Monte escalier l'\u00cele-d'Olonne - Monte escalier","robots":{"index":"index","follow":"follow","max-snippet":"max-snippet:-1","max-image-preview":"max-image-preview:large","max-video-preview":"max-video-preview:-1"},"canonical":"https:\/\/www.monteescalier.net\/france\/monte-escalier-l-ile-d-olonne\/","og_locale":"fr_FR","og_type":"article","og_title":"Monte escalier l'\u00cele-d'Olonne - Monte escalier","og_description":"Votre Monte escalier \u00e0 l&rsquo;\u00cele-d&rsquo;Olonne Un installateur national, un revendeur r\u00e9gional, un prestataire local? Qui faut il choisir pour mettre en place un monte escalier \u00e0 l&rsquo;\u00cele d&rsquo;Olonne. Pour r\u00e9pondre \u00e0 cette questions ans perdre un temps pr\u00e9cieux, c&rsquo;est facile, utilisez les services de monteescalier.net. Comment trouver le bon prestataire de monte escalier \u00e0 l&rsquo;\u00cele-d&rsquo;Olonne, [&hellip;]","og_url":"https:\/\/www.monteescalier.net\/france\/monte-escalier-l-ile-d-olonne\/","og_site_name":"Monte escalier","article_modified_time":"2014-11-09T14:35:23+00:00","twitter_card":"summary_large_image","twitter_misc":{"Dur\u00e9e de lecture estim\u00e9e":"2 minutes"},"schema":{"@context":"https:\/\/schema.org","@graph":[{"@type":"WebPage","@id":"https:\/\/www.monteescalier.net\/france\/monte-escalier-l-ile-d-olonne\/","url":"https:\/\/www.monteescalier.net\/france\/monte-escalier-l-ile-d-olonne\/","name":"Monte escalier l'\u00cele-d'Olonne - Monte escalier","isPartOf":{"@id":"https:\/\/www.monteescalier.net\/france\/#website"},"datePublished":"2013-09-26T10:48:05+00:00","dateModified":"2014-11-09T14:35:23+00:00","breadcrumb":{"@id":"https:\/\/www.monteescalier.net\/france\/monte-escalier-l-ile-d-olonne\/#breadcrumb"},"inLanguage":"fr-FR","potentialAction":[{"@type":"ReadAction","target":["https:\/\/www.monteescalier.net\/france\/monte-escalier-l-ile-d-olonne\/"]}]},{"@type":"BreadcrumbList","@id":"https:\/\/www.monteescalier.net\/france\/monte-escalier-l-ile-d-olonne\/#breadcrumb","itemListElement":[{"@type":"ListItem","position":1,"name":"Accueil","item":"https:\/\/www.monteescalier.net\/france\/"},{"@type":"ListItem","position":2,"name":"Monte escalier l&rsquo;\u00cele-d&rsquo;Olonne"}]},{"@type":"WebSite","@id":"https:\/\/www.monteescalier.net\/france\/#website","url":"https:\/\/www.monteescalier.net\/france\/","name":"Monte escalier","description":"","publisher":{"@id":"https:\/\/www.monteescalier.net\/france\/#organization"},"potentialAction":[{"@type":"SearchAction","target":{"@type":"EntryPoint","urlTemplate":"https:\/\/www.monteescalier.net\/france\/?s={search_term_string}"},"query-input":{"@type":"PropertyValueSpecification","valueRequired":true,"valueName":"search_term_string"}}],"inLanguage":"fr-FR"},{"@type":"Organization","@id":"https:\/\/www.monteescalier.net\/france\/#organization","name":"monte-escalier.net","url":"https:\/\/www.monteescalier.net\/france\/","logo":{"@type":"ImageObject","inLanguage":"fr-FR","@id":"https:\/\/www.monteescalier.net\/france\/#\/schema\/logo\/image\/","url":"https:\/\/www.monteescalier.net\/france\/wp-content\/uploads\/2016\/10\/4devis-mont-escalier-500-500.gif","contentUrl":"https:\/\/www.monteescalier.net\/france\/wp-content\/uploads\/2016\/10\/4devis-mont-escalier-500-500.gif","width":500,"height":500,"caption":"monte-escalier.net"},"image":{"@id":"https:\/\/www.monteescalier.net\/france\/#\/schema\/logo\/image\/"}}]}},"_links":{"self":[{"href":"https:\/\/www.monteescalier.net\/france\/wp-json\/wp\/v2\/pages\/4777","targetHints":{"allow":["GET"]}}],"collection":[{"href":"https:\/\/www.monteescalier.net\/france\/wp-json\/wp\/v2\/pages"}],"about":[{"href":"https:\/\/www.monteescalier.net\/france\/wp-json\/wp\/v2\/types\/page"}],"author":[{"embeddable":true,"href":"https:\/\/www.monteescalier.net\/france\/wp-json\/wp\/v2\/users\/1"}],"replies":[{"embeddable":true,"href":"https:\/\/www.monteescalier.net\/france\/wp-json\/wp\/v2\/comments?post=4777"}],"version-history":[{"count":2,"href":"https:\/\/www.monteescalier.net\/france\/wp-json\/wp\/v2\/pages\/4777\/revisions"}],"predecessor-version":[{"id":6685,"href":"https:\/\/www.monteescalier.net\/france\/wp-json\/wp\/v2\/pages\/4777\/revisions\/6685"}],"wp:attachment":[{"href":"https:\/\/www.monteescalier.net\/france\/wp-json\/wp\/v2\/media?parent=4777"}],"curies":[{"name":"wp","href":"https:\/\/api.w.org\/{rel}","templated":true}]}}