{"id":478,"date":"2024-02-15T15:31:28","date_gmt":"2024-02-15T14:31:28","guid":{"rendered":"https:\/\/www.monteescalier.net\/france\/?page_id=478"},"modified":"2024-05-15T17:01:06","modified_gmt":"2024-05-15T16:01:06","slug":"monte-escalier-rhone","status":"publish","type":"page","link":"https:\/\/www.monteescalier.net\/france\/monte-escalier-rhone\/","title":{"rendered":"Monte escalier Rh\u00f4ne, Lyon"},"content":{"rendered":"<div class='content-column one_half'><div style=\"padding-right:19px;\"><h1>L&rsquo;Achat d&rsquo;un monte escalier dans le Rh\u00f4ne<\/h1>\n<p><b>Des experts reconnus dans votre d\u00e9partement :<\/b><br \/>\n<a href=\"https:\/\/www.monteescalier.net\/france\/monte-escalier-lyon\/\">Monte escalier vers Lyon<\/a><br \/>\n<a href=\"https:\/\/www.monteescalier.net\/france\/monte-escalier-villefranche-sur-saone\/\">Monte escalier vers Villefranche-sur-Sa\u00f4ne<\/a><br \/>\n<a href=\"https:\/\/www.monteescalier.net\/france\/monte-escalier-givors\/\">Monte escalier vers Givors<\/a><\/p>\n<p style=\"text-align: justify;\">Vous comptez faire installer un monte escalier dans le d\u00e9partement du Rh\u00f4ne, monteescalier.net vous guide dans la r\u00e9alisation de votre projet en vous faisant entrer en relation directe avec une s\u00e9lection de vendeurs de monte escalier pouvant faire des installations dans le d\u00e9partement du Rh\u00f4ne.<\/p>\n<p style=\"text-align: justify;\">Saisissez vos coordonn\u00e9es dans de nos formulaires de contact (pas la peine d&rsquo;en remplir un par vendeur!) et vous serez tr\u00e8s vite mis en relation avec notre \u00e9quipe de pros du monte escalier, repr\u00e9sentant diff\u00e9rentes marques et soci\u00e9t\u00e9s qui vous pr\u00e9senteront les mod\u00e8les de monte escalier qu&rsquo;ils commercialisent, ainsi que des installateurs r\u00e9put\u00e9s, qui pourront vous donner de judicieux conseils dans le choix de votre installation.<\/p>\n<p style=\"text-align: justify;\">A Lyon, V\u00e9nissieux, Villeurbanne et Caluire et Cuire comparez et aiguisez la concurrence en questionnant en m\u00eame temps et dans une simple d\u00e9marches les acteurs de ce march\u00e9 du monte escalier dans le d\u00e9partement Rh\u00f4ne.<\/p>\n<p style=\"text-align: justify;\">Nous nous y engageons, tous les revendeurs partenaires de cette op\u00e9ration vous fourniront gratuitement un devis sans engagement pour l&rsquo;installation d&rsquo;un monte escalier chez vous, quelle que soit votre ville ou village de r\u00e9sidence dans le d\u00e9partement du Rh\u00f4ne : Seuls les installateurs qui peuvent travailler dans votre secteur g\u00e9ographique seront autoris\u00e9s \u00e0 vous contacter: de Meyzieu \u00e0 Saint Priest, de Rillieux la Pape \u00e0 Vault en Velin et de Villefranche sur Saone \u00e0 Bron les soci\u00e9t\u00e9s de monte escalier intervenant dans le Rh\u00f4ne sont l\u00e0 pour r\u00e9pondre \u00e0 toutes vos interrogations concernant les monte escaliers.<br \/>\nInutile donc de tergiverser ! remplissez vite un formulaire et b\u00e9n\u00e9ficiez tr\u00e8s bient\u00f4t d&rsquo;un monte escalier au meilleur prix dans votre r\u00e9sidence principale ou dans votre maison de campagne dans le Rh\u00f4ne.<\/p>\n<p>&nbsp;<\/p>\n<div class=\"bouton\" onclick=\"location.href='https:\/\/www.monteescalier.net\/devis-gratuit.php'\">Cliquez ici pour obtenir des devis gratuitement<\/div><\/div><\/div><div class='content-column one_half last_column'><a href=\"https:\/\/www.monteescalier.net\/devis-gratuit.php\" target=\"_blank\" rel=\"noopener noreferrer\"><img loading=\"lazy\" decoding=\"async\" class=\"alignnone size-full img_region\" src=\"https:\/\/www.monteescalier.net\/france\/wp-content\/uploads\/2014\/10\/4devis-monte-escalier-photo-490.png\" alt=\"69 Le Rh\u00f4ne\" width=\"507\" height=\"485\" \/><\/a><br \/>\n<img loading=\"lazy\" decoding=\"async\" class=\"alignnone size-full img_region_2\" src=\"https:\/\/www.monteescalier.net\/france\/wp-content\/uploads\/2013\/07\/rhone.jpg\" alt=\"Monte escalier dans le Rhone\" width=\"507\" height=\"485\" \/><\/div><div class='clear_column'><\/div><\/p>\n","protected":false},"excerpt":{"rendered":"","protected":false},"author":1,"featured_media":0,"parent":0,"menu_order":0,"comment_status":"open","ping_status":"closed","template":"template2.php","meta":{"_monsterinsights_skip_tracking":false,"_monsterinsights_sitenote_active":false,"_monsterinsights_sitenote_note":"","_monsterinsights_sitenote_category":0,"footnotes":""},"class_list":["post-478","page","type-page","status-publish","hentry"],"yoast_head":"<!-- This site is optimized with the Yoast SEO plugin v26.3 - https:\/\/yoast.com\/wordpress\/plugins\/seo\/ -->\n<title>Monte escalier Rh\u00f4ne, Lyon - Monte escalier<\/title>\n<meta name=\"description\" content=\"Trouvez le meilleur prix pour l&#039;installation de votre monte-escalier dans le Rh\u00f4ne, Lyon, Villefranche-sur-Sa\u00f4ne, Givors\" \/>\n<meta name=\"robots\" content=\"index, follow, max-snippet:-1, max-image-preview:large, max-video-preview:-1\" \/>\n<link rel=\"canonical\" href=\"https:\/\/www.monteescalier.net\/france\/monte-escalier-rhone\/\" \/>\n<meta property=\"og:locale\" content=\"fr_FR\" \/>\n<meta property=\"og:type\" content=\"article\" \/>\n<meta property=\"og:title\" content=\"Monte escalier Rh\u00f4ne, Lyon - Monte escalier\" \/>\n<meta property=\"og:description\" content=\"Trouvez le meilleur prix pour l&#039;installation de votre monte-escalier dans le Rh\u00f4ne, Lyon, Villefranche-sur-Sa\u00f4ne, Givors\" \/>\n<meta property=\"og:url\" content=\"https:\/\/www.monteescalier.net\/france\/monte-escalier-rhone\/\" \/>\n<meta property=\"og:site_name\" content=\"Monte escalier\" \/>\n<meta property=\"article:modified_time\" content=\"2024-05-15T16:01:06+00:00\" \/>\n<meta property=\"og:image\" content=\"https:\/\/www.monteescalier.net\/france\/wp-content\/uploads\/2014\/10\/4devis-monte-escalier-photo-490.png\" \/>\n<meta name=\"twitter:card\" content=\"summary_large_image\" \/>\n<meta name=\"twitter:label1\" content=\"Dur\u00e9e de lecture estim\u00e9e\" \/>\n\t<meta name=\"twitter:data1\" content=\"2 minutes\" \/>\n<script type=\"application\/ld+json\" class=\"yoast-schema-graph\">{\"@context\":\"https:\/\/schema.org\",\"@graph\":[{\"@type\":\"WebPage\",\"@id\":\"https:\/\/www.monteescalier.net\/france\/monte-escalier-rhone\/\",\"url\":\"https:\/\/www.monteescalier.net\/france\/monte-escalier-rhone\/\",\"name\":\"Monte escalier Rh\u00f4ne, Lyon - Monte escalier\",\"isPartOf\":{\"@id\":\"https:\/\/www.monteescalier.net\/france\/#website\"},\"primaryImageOfPage\":{\"@id\":\"https:\/\/www.monteescalier.net\/france\/monte-escalier-rhone\/#primaryimage\"},\"image\":{\"@id\":\"https:\/\/www.monteescalier.net\/france\/monte-escalier-rhone\/#primaryimage\"},\"thumbnailUrl\":\"https:\/\/www.monteescalier.net\/france\/wp-content\/uploads\/2014\/10\/4devis-monte-escalier-photo-490.png\",\"datePublished\":\"2024-02-15T14:31:28+00:00\",\"dateModified\":\"2024-05-15T16:01:06+00:00\",\"description\":\"Trouvez le meilleur prix pour l'installation de votre monte-escalier dans le Rh\u00f4ne, Lyon, Villefranche-sur-Sa\u00f4ne, Givors\",\"breadcrumb\":{\"@id\":\"https:\/\/www.monteescalier.net\/france\/monte-escalier-rhone\/#breadcrumb\"},\"inLanguage\":\"fr-FR\",\"potentialAction\":[{\"@type\":\"ReadAction\",\"target\":[\"https:\/\/www.monteescalier.net\/france\/monte-escalier-rhone\/\"]}]},{\"@type\":\"ImageObject\",\"inLanguage\":\"fr-FR\",\"@id\":\"https:\/\/www.monteescalier.net\/france\/monte-escalier-rhone\/#primaryimage\",\"url\":\"https:\/\/www.monteescalier.net\/france\/wp-content\/uploads\/2014\/10\/4devis-monte-escalier-photo-490.png\",\"contentUrl\":\"https:\/\/www.monteescalier.net\/france\/wp-content\/uploads\/2014\/10\/4devis-monte-escalier-photo-490.png\",\"width\":490,\"height\":267},{\"@type\":\"BreadcrumbList\",\"@id\":\"https:\/\/www.monteescalier.net\/france\/monte-escalier-rhone\/#breadcrumb\",\"itemListElement\":[{\"@type\":\"ListItem\",\"position\":1,\"name\":\"Accueil\",\"item\":\"https:\/\/www.monteescalier.net\/france\/\"},{\"@type\":\"ListItem\",\"position\":2,\"name\":\"Monte escalier Rh\u00f4ne, Lyon\"}]},{\"@type\":\"WebSite\",\"@id\":\"https:\/\/www.monteescalier.net\/france\/#website\",\"url\":\"https:\/\/www.monteescalier.net\/france\/\",\"name\":\"Monte escalier\",\"description\":\"\",\"publisher\":{\"@id\":\"https:\/\/www.monteescalier.net\/france\/#organization\"},\"potentialAction\":[{\"@type\":\"SearchAction\",\"target\":{\"@type\":\"EntryPoint\",\"urlTemplate\":\"https:\/\/www.monteescalier.net\/france\/?s={search_term_string}\"},\"query-input\":{\"@type\":\"PropertyValueSpecification\",\"valueRequired\":true,\"valueName\":\"search_term_string\"}}],\"inLanguage\":\"fr-FR\"},{\"@type\":\"Organization\",\"@id\":\"https:\/\/www.monteescalier.net\/france\/#organization\",\"name\":\"monte-escalier.net\",\"url\":\"https:\/\/www.monteescalier.net\/france\/\",\"logo\":{\"@type\":\"ImageObject\",\"inLanguage\":\"fr-FR\",\"@id\":\"https:\/\/www.monteescalier.net\/france\/#\/schema\/logo\/image\/\",\"url\":\"https:\/\/www.monteescalier.net\/france\/wp-content\/uploads\/2016\/10\/4devis-mont-escalier-500-500.gif\",\"contentUrl\":\"https:\/\/www.monteescalier.net\/france\/wp-content\/uploads\/2016\/10\/4devis-mont-escalier-500-500.gif\",\"width\":500,\"height\":500,\"caption\":\"monte-escalier.net\"},\"image\":{\"@id\":\"https:\/\/www.monteescalier.net\/france\/#\/schema\/logo\/image\/\"}}]}<\/script>\n<!-- \/ Yoast SEO plugin. -->","yoast_head_json":{"title":"Monte escalier Rh\u00f4ne, Lyon - Monte escalier","description":"Trouvez le meilleur prix pour l'installation de votre monte-escalier dans le Rh\u00f4ne, Lyon, Villefranche-sur-Sa\u00f4ne, Givors","robots":{"index":"index","follow":"follow","max-snippet":"max-snippet:-1","max-image-preview":"max-image-preview:large","max-video-preview":"max-video-preview:-1"},"canonical":"https:\/\/www.monteescalier.net\/france\/monte-escalier-rhone\/","og_locale":"fr_FR","og_type":"article","og_title":"Monte escalier Rh\u00f4ne, Lyon - Monte escalier","og_description":"Trouvez le meilleur prix pour l'installation de votre monte-escalier dans le Rh\u00f4ne, Lyon, Villefranche-sur-Sa\u00f4ne, Givors","og_url":"https:\/\/www.monteescalier.net\/france\/monte-escalier-rhone\/","og_site_name":"Monte escalier","article_modified_time":"2024-05-15T16:01:06+00:00","og_image":[{"url":"https:\/\/www.monteescalier.net\/france\/wp-content\/uploads\/2014\/10\/4devis-monte-escalier-photo-490.png","type":"","width":"","height":""}],"twitter_card":"summary_large_image","twitter_misc":{"Dur\u00e9e de lecture estim\u00e9e":"2 minutes"},"schema":{"@context":"https:\/\/schema.org","@graph":[{"@type":"WebPage","@id":"https:\/\/www.monteescalier.net\/france\/monte-escalier-rhone\/","url":"https:\/\/www.monteescalier.net\/france\/monte-escalier-rhone\/","name":"Monte escalier Rh\u00f4ne, Lyon - Monte escalier","isPartOf":{"@id":"https:\/\/www.monteescalier.net\/france\/#website"},"primaryImageOfPage":{"@id":"https:\/\/www.monteescalier.net\/france\/monte-escalier-rhone\/#primaryimage"},"image":{"@id":"https:\/\/www.monteescalier.net\/france\/monte-escalier-rhone\/#primaryimage"},"thumbnailUrl":"https:\/\/www.monteescalier.net\/france\/wp-content\/uploads\/2014\/10\/4devis-monte-escalier-photo-490.png","datePublished":"2024-02-15T14:31:28+00:00","dateModified":"2024-05-15T16:01:06+00:00","description":"Trouvez le meilleur prix pour l'installation de votre monte-escalier dans le Rh\u00f4ne, Lyon, Villefranche-sur-Sa\u00f4ne, Givors","breadcrumb":{"@id":"https:\/\/www.monteescalier.net\/france\/monte-escalier-rhone\/#breadcrumb"},"inLanguage":"fr-FR","potentialAction":[{"@type":"ReadAction","target":["https:\/\/www.monteescalier.net\/france\/monte-escalier-rhone\/"]}]},{"@type":"ImageObject","inLanguage":"fr-FR","@id":"https:\/\/www.monteescalier.net\/france\/monte-escalier-rhone\/#primaryimage","url":"https:\/\/www.monteescalier.net\/france\/wp-content\/uploads\/2014\/10\/4devis-monte-escalier-photo-490.png","contentUrl":"https:\/\/www.monteescalier.net\/france\/wp-content\/uploads\/2014\/10\/4devis-monte-escalier-photo-490.png","width":490,"height":267},{"@type":"BreadcrumbList","@id":"https:\/\/www.monteescalier.net\/france\/monte-escalier-rhone\/#breadcrumb","itemListElement":[{"@type":"ListItem","position":1,"name":"Accueil","item":"https:\/\/www.monteescalier.net\/france\/"},{"@type":"ListItem","position":2,"name":"Monte escalier Rh\u00f4ne, Lyon"}]},{"@type":"WebSite","@id":"https:\/\/www.monteescalier.net\/france\/#website","url":"https:\/\/www.monteescalier.net\/france\/","name":"Monte escalier","description":"","publisher":{"@id":"https:\/\/www.monteescalier.net\/france\/#organization"},"potentialAction":[{"@type":"SearchAction","target":{"@type":"EntryPoint","urlTemplate":"https:\/\/www.monteescalier.net\/france\/?s={search_term_string}"},"query-input":{"@type":"PropertyValueSpecification","valueRequired":true,"valueName":"search_term_string"}}],"inLanguage":"fr-FR"},{"@type":"Organization","@id":"https:\/\/www.monteescalier.net\/france\/#organization","name":"monte-escalier.net","url":"https:\/\/www.monteescalier.net\/france\/","logo":{"@type":"ImageObject","inLanguage":"fr-FR","@id":"https:\/\/www.monteescalier.net\/france\/#\/schema\/logo\/image\/","url":"https:\/\/www.monteescalier.net\/france\/wp-content\/uploads\/2016\/10\/4devis-mont-escalier-500-500.gif","contentUrl":"https:\/\/www.monteescalier.net\/france\/wp-content\/uploads\/2016\/10\/4devis-mont-escalier-500-500.gif","width":500,"height":500,"caption":"monte-escalier.net"},"image":{"@id":"https:\/\/www.monteescalier.net\/france\/#\/schema\/logo\/image\/"}}]}},"_links":{"self":[{"href":"https:\/\/www.monteescalier.net\/france\/wp-json\/wp\/v2\/pages\/478","targetHints":{"allow":["GET"]}}],"collection":[{"href":"https:\/\/www.monteescalier.net\/france\/wp-json\/wp\/v2\/pages"}],"about":[{"href":"https:\/\/www.monteescalier.net\/france\/wp-json\/wp\/v2\/types\/page"}],"author":[{"embeddable":true,"href":"https:\/\/www.monteescalier.net\/france\/wp-json\/wp\/v2\/users\/1"}],"replies":[{"embeddable":true,"href":"https:\/\/www.monteescalier.net\/france\/wp-json\/wp\/v2\/comments?post=478"}],"version-history":[{"count":5,"href":"https:\/\/www.monteescalier.net\/france\/wp-json\/wp\/v2\/pages\/478\/revisions"}],"predecessor-version":[{"id":9126,"href":"https:\/\/www.monteescalier.net\/france\/wp-json\/wp\/v2\/pages\/478\/revisions\/9126"}],"wp:attachment":[{"href":"https:\/\/www.monteescalier.net\/france\/wp-json\/wp\/v2\/media?parent=478"}],"curies":[{"name":"wp","href":"https:\/\/api.w.org\/{rel}","templated":true}]}}