{"id":481,"date":"2024-01-29T15:47:58","date_gmt":"2024-01-29T14:47:58","guid":{"rendered":"https:\/\/www.monteescalier.net\/france\/?page_id=481"},"modified":"2024-05-15T16:21:07","modified_gmt":"2024-05-15T15:21:07","slug":"monte-escalier-drome","status":"publish","type":"page","link":"https:\/\/www.monteescalier.net\/france\/monte-escalier-drome\/","title":{"rendered":"Monte escalier Dr\u00f4me, Monte escalier Valence"},"content":{"rendered":"<div class='content-column one_half'><div style=\"padding-right:19px;\"><h1>Acheter son monte escalier dans la Dr\u00f4me<\/h1>\n<p><b>Proche de votre r\u00e9sidence :<\/b><br \/>\n<a href=\"https:\/\/www.monteescalier.net\/france\/monte-escalier-valence\/\">Votre monte escalier \u00e0 Valence<\/a><br \/>\n<a href=\"https:\/\/www.monteescalier.net\/france\/monte-escalier-die\/\">Votre monte escalier \u00e0 Die<\/a><br \/>\n<a href=\"https:\/\/www.monteescalier.net\/france\/monte-escalier-nyons\/\">Votre monte escalier \u00e0 Nyons<\/a><\/p>\n<p style=\"text-align: justify;\">Pour obtenir faciment plusieurs devis de monte escalier dans le d\u00e9partement de la Dr\u00f4me, utilisez les services de monteescalier.net. Remplissez sans engagement une demande de devis rapide et vous serez promptement mis en contact avec les revendeurs de monte escalier dans le d\u00e9partement de la Dr\u00f4me. Un projet de monte escalier est une entreprise s\u00e9rieuse qui n\u00e9cessite de la r\u00e9lexion et aussi de la comparaison, on ne doit pas consulter qu&rsquo;un seul prestataire mais il faut au contraire multiplier les contacts avec les meilleurs professionnels du monte escalier qui peuvent installer un monte escalier dans votre maison. Il est \u00e9galement important que votre d\u00e9partement soit bien desservi par l&rsquo;installateur qui pourra en cas de panne intervenir rapidement.<\/p>\n<p style=\"text-align: justify;\">A Valence ou a ses alentours, \u00e0 Livron Sur Dr\u00f4me, Pierrelatte, Romans sur Is\u00e8re, Mont\u00e9limar ou Bourg de P\u00e9age, les installateurs de monte-escaliers avec lesquels nous allons vous mettre en relation s&rsquo;engagent \u00e0 r\u00e9pondre dans les plus brefs d\u00e9lais \u00e0 votre demande de devis, demande de documentation et demande de rappel, avec une r\u00e9ponse personnalis\u00e9e en fonction des sp\u00e9cificit\u00e9s de votre projet. C&rsquo;est bien entendu gratuit et sans aucune obligation d&rsquo;achat. Faites fonctionner \u00e0 plein la concurrence entre les installateurs, les revendeurs et les fabricants de monte escalier \u00e0 l&rsquo;\u00e9chelon national ou local en remplissant simplement un formulaire de demande : vous recevrez des offres int\u00e9ressantes et personnalis\u00e9es qui vous aideront \u00e0 faire le meilleur choix pour votre monte escalier dans la Dr\u00f4me.<\/p>\n<p style=\"text-align: justify;\">Sur le site monteescalier.net, vous ne perdrez pas votre temps avec des installateurs non disponibles dans votre d\u00e9partement ou ne pr\u00e9sentant pas les garanties suffisantes de s\u00e9rieux et de comp\u00e9tence. Vos demandes sont analys\u00e9es et envoy\u00e9es vers des prestataires s\u00e9lectionn\u00e9s par nos soins; et ce que vous habitiez Donz\u00e8re, Bourg les Valence, Livron sur Drome, Tain L&rsquo;Hermitage, Porte les Valence, Crest, Chabeuil, Loriol, ou Chatuzange le Goubet. Seuls les vendeurs de monte escalier aptes \u00e0 vous fournir des prestations de qualit\u00e9 et de proximit\u00e9 seront mis en contact avec vous.<\/p>\n<p style=\"text-align: justify;\">Vous allez faire installer un monte escalier dans la Dr\u00f4me, qu&rsquo;il soit droit, tournant ou ext\u00e9rieur? Vous \u00eates \u00e0 la bonne adresse. Testez notre s\u00e9lection de revendeurs en envoyant une simple demande; vous ne serez pas d\u00e9\u00e7u, ni par leurs prix, ni par leur qualit\u00e9 de service.<\/p>\n<p>&nbsp;<\/p>\n<div class=\"bouton\">Cliquez ici pour obtenir des devis gratuitement<\/div><\/div><\/div><div class='content-column one_half last_column'><a href=\"https:\/\/www.monteescalier.net\/devis-gratuit.php\" target=\"_blank\" rel=\"noopener noreferrer\"><img loading=\"lazy\" decoding=\"async\" class=\"alignnone size-full img_region\" src=\"https:\/\/www.monteescalier.net\/france\/wp-content\/uploads\/2014\/10\/4devis-monte-escalier-photo-490.png\" alt=\"monte escalier drome\" width=\"507\" height=\"485\" \/><\/a><br \/>\n<img loading=\"lazy\" decoding=\"async\" class=\"alignnone size-full img_region_2\" src=\"https:\/\/www.monteescalier.net\/france\/wp-content\/uploads\/2013\/07\/drome.jpg\" alt=\"Dr\u00f4me\" width=\"507\" height=\"485\" \/><\/div><div class='clear_column'><\/div><\/p>\n","protected":false},"excerpt":{"rendered":"","protected":false},"author":1,"featured_media":0,"parent":0,"menu_order":0,"comment_status":"open","ping_status":"closed","template":"template3.php","meta":{"_monsterinsights_skip_tracking":false,"_monsterinsights_sitenote_active":false,"_monsterinsights_sitenote_note":"","_monsterinsights_sitenote_category":0,"footnotes":""},"class_list":["post-481","page","type-page","status-publish","hentry"],"yoast_head":"<!-- This site is optimized with the Yoast SEO plugin v26.3 - https:\/\/yoast.com\/wordpress\/plugins\/seo\/ -->\n<title>Monte escalier Dr\u00f4me, Monte escalier Valence - Monte escalier<\/title>\n<meta name=\"description\" content=\"Monte escalier de qualit\u00e9 pr\u00e9sent dans le d\u00e9partement de Drome : Valence, Die, Nyons.\" \/>\n<meta name=\"robots\" content=\"index, follow, max-snippet:-1, max-image-preview:large, max-video-preview:-1\" \/>\n<link rel=\"canonical\" href=\"https:\/\/www.monteescalier.net\/france\/monte-escalier-drome\/\" \/>\n<meta property=\"og:locale\" content=\"fr_FR\" \/>\n<meta property=\"og:type\" content=\"article\" \/>\n<meta property=\"og:title\" content=\"Monte escalier Dr\u00f4me, Monte escalier Valence - Monte escalier\" \/>\n<meta property=\"og:description\" content=\"Monte escalier de qualit\u00e9 pr\u00e9sent dans le d\u00e9partement de Drome : Valence, Die, Nyons.\" \/>\n<meta property=\"og:url\" content=\"https:\/\/www.monteescalier.net\/france\/monte-escalier-drome\/\" \/>\n<meta property=\"og:site_name\" content=\"Monte escalier\" \/>\n<meta property=\"article:modified_time\" content=\"2024-05-15T15:21:07+00:00\" \/>\n<meta property=\"og:image\" content=\"https:\/\/www.monteescalier.net\/france\/wp-content\/uploads\/2014\/10\/4devis-monte-escalier-photo-490.png\" \/>\n<meta name=\"twitter:card\" content=\"summary_large_image\" \/>\n<meta name=\"twitter:label1\" content=\"Dur\u00e9e de lecture estim\u00e9e\" \/>\n\t<meta name=\"twitter:data1\" content=\"2 minutes\" \/>\n<script type=\"application\/ld+json\" class=\"yoast-schema-graph\">{\"@context\":\"https:\/\/schema.org\",\"@graph\":[{\"@type\":\"WebPage\",\"@id\":\"https:\/\/www.monteescalier.net\/france\/monte-escalier-drome\/\",\"url\":\"https:\/\/www.monteescalier.net\/france\/monte-escalier-drome\/\",\"name\":\"Monte escalier Dr\u00f4me, Monte escalier Valence - Monte escalier\",\"isPartOf\":{\"@id\":\"https:\/\/www.monteescalier.net\/france\/#website\"},\"primaryImageOfPage\":{\"@id\":\"https:\/\/www.monteescalier.net\/france\/monte-escalier-drome\/#primaryimage\"},\"image\":{\"@id\":\"https:\/\/www.monteescalier.net\/france\/monte-escalier-drome\/#primaryimage\"},\"thumbnailUrl\":\"https:\/\/www.monteescalier.net\/france\/wp-content\/uploads\/2014\/10\/4devis-monte-escalier-photo-490.png\",\"datePublished\":\"2024-01-29T14:47:58+00:00\",\"dateModified\":\"2024-05-15T15:21:07+00:00\",\"description\":\"Monte escalier de qualit\u00e9 pr\u00e9sent dans le d\u00e9partement de Drome : Valence, Die, Nyons.\",\"breadcrumb\":{\"@id\":\"https:\/\/www.monteescalier.net\/france\/monte-escalier-drome\/#breadcrumb\"},\"inLanguage\":\"fr-FR\",\"potentialAction\":[{\"@type\":\"ReadAction\",\"target\":[\"https:\/\/www.monteescalier.net\/france\/monte-escalier-drome\/\"]}]},{\"@type\":\"ImageObject\",\"inLanguage\":\"fr-FR\",\"@id\":\"https:\/\/www.monteescalier.net\/france\/monte-escalier-drome\/#primaryimage\",\"url\":\"https:\/\/www.monteescalier.net\/france\/wp-content\/uploads\/2014\/10\/4devis-monte-escalier-photo-490.png\",\"contentUrl\":\"https:\/\/www.monteescalier.net\/france\/wp-content\/uploads\/2014\/10\/4devis-monte-escalier-photo-490.png\",\"width\":490,\"height\":267},{\"@type\":\"BreadcrumbList\",\"@id\":\"https:\/\/www.monteescalier.net\/france\/monte-escalier-drome\/#breadcrumb\",\"itemListElement\":[{\"@type\":\"ListItem\",\"position\":1,\"name\":\"Accueil\",\"item\":\"https:\/\/www.monteescalier.net\/france\/\"},{\"@type\":\"ListItem\",\"position\":2,\"name\":\"Monte escalier Dr\u00f4me, Monte escalier Valence\"}]},{\"@type\":\"WebSite\",\"@id\":\"https:\/\/www.monteescalier.net\/france\/#website\",\"url\":\"https:\/\/www.monteescalier.net\/france\/\",\"name\":\"Monte escalier\",\"description\":\"\",\"publisher\":{\"@id\":\"https:\/\/www.monteescalier.net\/france\/#organization\"},\"potentialAction\":[{\"@type\":\"SearchAction\",\"target\":{\"@type\":\"EntryPoint\",\"urlTemplate\":\"https:\/\/www.monteescalier.net\/france\/?s={search_term_string}\"},\"query-input\":{\"@type\":\"PropertyValueSpecification\",\"valueRequired\":true,\"valueName\":\"search_term_string\"}}],\"inLanguage\":\"fr-FR\"},{\"@type\":\"Organization\",\"@id\":\"https:\/\/www.monteescalier.net\/france\/#organization\",\"name\":\"monte-escalier.net\",\"url\":\"https:\/\/www.monteescalier.net\/france\/\",\"logo\":{\"@type\":\"ImageObject\",\"inLanguage\":\"fr-FR\",\"@id\":\"https:\/\/www.monteescalier.net\/france\/#\/schema\/logo\/image\/\",\"url\":\"https:\/\/www.monteescalier.net\/france\/wp-content\/uploads\/2016\/10\/4devis-mont-escalier-500-500.gif\",\"contentUrl\":\"https:\/\/www.monteescalier.net\/france\/wp-content\/uploads\/2016\/10\/4devis-mont-escalier-500-500.gif\",\"width\":500,\"height\":500,\"caption\":\"monte-escalier.net\"},\"image\":{\"@id\":\"https:\/\/www.monteescalier.net\/france\/#\/schema\/logo\/image\/\"}}]}<\/script>\n<!-- \/ Yoast SEO plugin. -->","yoast_head_json":{"title":"Monte escalier Dr\u00f4me, Monte escalier Valence - Monte escalier","description":"Monte escalier de qualit\u00e9 pr\u00e9sent dans le d\u00e9partement de Drome : Valence, Die, Nyons.","robots":{"index":"index","follow":"follow","max-snippet":"max-snippet:-1","max-image-preview":"max-image-preview:large","max-video-preview":"max-video-preview:-1"},"canonical":"https:\/\/www.monteescalier.net\/france\/monte-escalier-drome\/","og_locale":"fr_FR","og_type":"article","og_title":"Monte escalier Dr\u00f4me, Monte escalier Valence - Monte escalier","og_description":"Monte escalier de qualit\u00e9 pr\u00e9sent dans le d\u00e9partement de Drome : Valence, Die, Nyons.","og_url":"https:\/\/www.monteescalier.net\/france\/monte-escalier-drome\/","og_site_name":"Monte escalier","article_modified_time":"2024-05-15T15:21:07+00:00","og_image":[{"url":"https:\/\/www.monteescalier.net\/france\/wp-content\/uploads\/2014\/10\/4devis-monte-escalier-photo-490.png","type":"","width":"","height":""}],"twitter_card":"summary_large_image","twitter_misc":{"Dur\u00e9e de lecture estim\u00e9e":"2 minutes"},"schema":{"@context":"https:\/\/schema.org","@graph":[{"@type":"WebPage","@id":"https:\/\/www.monteescalier.net\/france\/monte-escalier-drome\/","url":"https:\/\/www.monteescalier.net\/france\/monte-escalier-drome\/","name":"Monte escalier Dr\u00f4me, Monte escalier Valence - Monte escalier","isPartOf":{"@id":"https:\/\/www.monteescalier.net\/france\/#website"},"primaryImageOfPage":{"@id":"https:\/\/www.monteescalier.net\/france\/monte-escalier-drome\/#primaryimage"},"image":{"@id":"https:\/\/www.monteescalier.net\/france\/monte-escalier-drome\/#primaryimage"},"thumbnailUrl":"https:\/\/www.monteescalier.net\/france\/wp-content\/uploads\/2014\/10\/4devis-monte-escalier-photo-490.png","datePublished":"2024-01-29T14:47:58+00:00","dateModified":"2024-05-15T15:21:07+00:00","description":"Monte escalier de qualit\u00e9 pr\u00e9sent dans le d\u00e9partement de Drome : Valence, Die, Nyons.","breadcrumb":{"@id":"https:\/\/www.monteescalier.net\/france\/monte-escalier-drome\/#breadcrumb"},"inLanguage":"fr-FR","potentialAction":[{"@type":"ReadAction","target":["https:\/\/www.monteescalier.net\/france\/monte-escalier-drome\/"]}]},{"@type":"ImageObject","inLanguage":"fr-FR","@id":"https:\/\/www.monteescalier.net\/france\/monte-escalier-drome\/#primaryimage","url":"https:\/\/www.monteescalier.net\/france\/wp-content\/uploads\/2014\/10\/4devis-monte-escalier-photo-490.png","contentUrl":"https:\/\/www.monteescalier.net\/france\/wp-content\/uploads\/2014\/10\/4devis-monte-escalier-photo-490.png","width":490,"height":267},{"@type":"BreadcrumbList","@id":"https:\/\/www.monteescalier.net\/france\/monte-escalier-drome\/#breadcrumb","itemListElement":[{"@type":"ListItem","position":1,"name":"Accueil","item":"https:\/\/www.monteescalier.net\/france\/"},{"@type":"ListItem","position":2,"name":"Monte escalier Dr\u00f4me, Monte escalier Valence"}]},{"@type":"WebSite","@id":"https:\/\/www.monteescalier.net\/france\/#website","url":"https:\/\/www.monteescalier.net\/france\/","name":"Monte escalier","description":"","publisher":{"@id":"https:\/\/www.monteescalier.net\/france\/#organization"},"potentialAction":[{"@type":"SearchAction","target":{"@type":"EntryPoint","urlTemplate":"https:\/\/www.monteescalier.net\/france\/?s={search_term_string}"},"query-input":{"@type":"PropertyValueSpecification","valueRequired":true,"valueName":"search_term_string"}}],"inLanguage":"fr-FR"},{"@type":"Organization","@id":"https:\/\/www.monteescalier.net\/france\/#organization","name":"monte-escalier.net","url":"https:\/\/www.monteescalier.net\/france\/","logo":{"@type":"ImageObject","inLanguage":"fr-FR","@id":"https:\/\/www.monteescalier.net\/france\/#\/schema\/logo\/image\/","url":"https:\/\/www.monteescalier.net\/france\/wp-content\/uploads\/2016\/10\/4devis-mont-escalier-500-500.gif","contentUrl":"https:\/\/www.monteescalier.net\/france\/wp-content\/uploads\/2016\/10\/4devis-mont-escalier-500-500.gif","width":500,"height":500,"caption":"monte-escalier.net"},"image":{"@id":"https:\/\/www.monteescalier.net\/france\/#\/schema\/logo\/image\/"}}]}},"_links":{"self":[{"href":"https:\/\/www.monteescalier.net\/france\/wp-json\/wp\/v2\/pages\/481","targetHints":{"allow":["GET"]}}],"collection":[{"href":"https:\/\/www.monteescalier.net\/france\/wp-json\/wp\/v2\/pages"}],"about":[{"href":"https:\/\/www.monteescalier.net\/france\/wp-json\/wp\/v2\/types\/page"}],"author":[{"embeddable":true,"href":"https:\/\/www.monteescalier.net\/france\/wp-json\/wp\/v2\/users\/1"}],"replies":[{"embeddable":true,"href":"https:\/\/www.monteescalier.net\/france\/wp-json\/wp\/v2\/comments?post=481"}],"version-history":[{"count":6,"href":"https:\/\/www.monteescalier.net\/france\/wp-json\/wp\/v2\/pages\/481\/revisions"}],"predecessor-version":[{"id":9080,"href":"https:\/\/www.monteescalier.net\/france\/wp-json\/wp\/v2\/pages\/481\/revisions\/9080"}],"wp:attachment":[{"href":"https:\/\/www.monteescalier.net\/france\/wp-json\/wp\/v2\/media?parent=481"}],"curies":[{"name":"wp","href":"https:\/\/api.w.org\/{rel}","templated":true}]}}