{"id":484,"date":"2023-07-29T16:02:49","date_gmt":"2023-07-29T15:02:49","guid":{"rendered":"https:\/\/www.monteescalier.net\/france\/?page_id=484"},"modified":"2024-05-15T16:45:33","modified_gmt":"2024-05-15T15:45:33","slug":"monte-escalier-isere","status":"publish","type":"page","link":"https:\/\/www.monteescalier.net\/france\/monte-escalier-isere\/","title":{"rendered":"Monte escalier Is\u00e8re, Monte escalier Grenoble"},"content":{"rendered":"<div class='content-column one_half'><div style=\"padding-right:19px;\"><h1>Votre monte escalier en\u00a0Is\u00e8re<\/h1>\n<p><b>Les vendeurs \u00e0 proximit\u00e9 de votre lieu de r\u00e9sidence :<\/b><br \/>\n<a href=\"https:\/\/www.monteescalier.net\/france\/monte-escalier-grenoble\/\">Le monte escalier \u00e0 Grenoble<\/a><br \/>\n<a href=\"https:\/\/www.monteescalier.net\/france\/monte-escalier-la-tour-du-pin\/\">Le monte escalier \u00e0 La Tour-du-Pin<\/a><br \/>\n<a href=\"https:\/\/www.monteescalier.net\/france\/monte-escalier-vienne\/\">Le monte escalier \u00e0 Vienne<\/a><\/p>\n<p style=\"text-align: justify;\">Pour contracter avec le meilleur installateur de monte escalier dans l&rsquo;Is\u00e8re, c&rsquo;est tr\u00e8s simple! Gr\u00e2ce \u00e0 monteescalier.net, un formulaire de contact rempli suffit pour \u00eatre mis en relation avec nos partenaires vendeurs et installateurs s\u00e9lectionn\u00e9s de monte escalier dans l&rsquo;Is\u00e8re, de Grenoble \u00e0 Echirolles, de Saint Martin d&rsquo;H\u00e8res \u00e0 Vienne et de Bourgoin Jallieu \u00e0 Voiron en passant par Fontaine.<br \/>\nLe choix d&rsquo;un monte escalier implique un nombre important de crit\u00e8res qui rendent l&rsquo;achat plut\u00f4t d\u00e9licat. Vous avez donc besoin du plus d&rsquo;informations possibles et de diff\u00e9rents avis d&rsquo;experts pour \u00eatre s\u00fbr de faire le bon choix, de la marque de monte escalier, au mod\u00e8le en passant par l&rsquo;installateur sans oublier le service apr\u00e8s vente et tout ceci dans le respect de votre budget.<\/p>\n<p style=\"text-align: justify;\">Avec les services de mise en concurrence de notre site, vous serez mis en relation directe avec des revendeurs r\u00e9put\u00e9s de monte escalier qui r\u00e9pondront \u00e0 toutes vos interrogations concernant votre futur monte escalier : vous avez un projet simple dans un escalier droit, dans une maison avec un escalier assez large ou au contraire une maison \u00e0 plusieurs \u00e9tages avec des paliers et de seuils \u00e0 franchir qui font n\u00e9cessiter un monte escalier tournant avec rail escamotable, nos partenaires installateurs ont toutes les comp\u00e9tences pour vous accompagner tout au long de votre projet et pourront vous aider \u00e0 faire les bons choix et vous proposer leur meilleure offre de service.<\/p>\n<p style=\"text-align: justify;\">Une seule demande de devis gratuit et vous obtiendrez rapidement plusieurs devis sans obligation d&rsquo;achat. Vous voulez analyser les diff\u00e9rentes marques et mod\u00e8les de monte escalier, optez pour une demande de documentation. Nos prestataires partenaires vous enverront tout ceci par email ou par la poste si telle est votre pr\u00e9f\u00e9rence.<\/p>\n<p style=\"text-align: justify;\">Monteescalier.net, ne vous renverra que sur des prestataires aptes \u00e0 intervenir dans l&rsquo;Is\u00e8re, aussi bien \u00e0 Villefontaine, Vif, Meylan, Crolles, L&rsquo;Isle d&rsquo;Abeau, Sassenage, Saint Egreve, Eybens ou Seyssinet Pariset. Nos partenaires installateurs de monte escalier interviennent dans toutes les villes et village de l&rsquo;Is\u00e8re.<\/p>\n<p style=\"text-align: justify;\">A vous de prendre les bonnes d\u00e9cisions sur la base des informations qu&rsquo;ils vous communiqueront et de s\u00e9lectionner parmi les revendeurs que nous vous conseillons, celui qui, pour vous, fera la meilleure offre \u00e0 la fois en terme de prix mais aussi de service.<\/p>\n<p><a class=\"bt_lien\" href=\"https:\/\/www.monteescalier.net\/france\/demande-de-devis\/\"><\/p>\n<div class=\"bouton\">Cliquez ici pour obtenir vos devis<\/div>\n<p><\/a><br \/>\n&nbsp;<br \/><\/div><\/div><div class='content-column one_half last_column'><a href=\"https:\/\/www.monteescalier.net\/devis-gratuit.php\" target=\"_blank\" rel=\"noopener\"><img loading=\"lazy\" decoding=\"async\" class=\"alignnone size-full img_region\" src=\"https:\/\/www.monteescalier.net\/france\/wp-content\/uploads\/2014\/10\/4devis-monte-escalier-photo-490.png\" alt=\"devis monte escalier Is\u00e8re\" width=\"507\" height=\"485\" \/><\/a><br \/>\n<img loading=\"lazy\" decoding=\"async\" class=\"alignnone size-full img_region_2\" src=\"https:\/\/www.monteescalier.net\/france\/wp-content\/uploads\/2013\/07\/isere.jpg\" alt=\"Is\u00e8re\" width=\"507\" height=\"485\" \/><\/div><div class='clear_column'><\/div><\/p>\n","protected":false},"excerpt":{"rendered":"","protected":false},"author":1,"featured_media":0,"parent":0,"menu_order":0,"comment_status":"open","ping_status":"closed","template":"template4.php","meta":{"_monsterinsights_skip_tracking":false,"_monsterinsights_sitenote_active":false,"_monsterinsights_sitenote_note":"","_monsterinsights_sitenote_category":0,"footnotes":""},"class_list":["post-484","page","type-page","status-publish","hentry"],"yoast_head":"<!-- This site is optimized with the Yoast SEO plugin v26.3 - https:\/\/yoast.com\/wordpress\/plugins\/seo\/ -->\n<title>Monte escalier Is\u00e8re, Monte escalier Grenoble - Monte escalier<\/title>\n<meta name=\"description\" content=\"Le monte-escaliers en Is\u00e8re, Grenoble, la Tour-du-Pin, Vienne : Contractez avec les meilleurs partenaires installeurs\" \/>\n<meta name=\"robots\" content=\"index, follow, max-snippet:-1, max-image-preview:large, max-video-preview:-1\" \/>\n<link rel=\"canonical\" href=\"https:\/\/www.monteescalier.net\/france\/monte-escalier-isere\/\" \/>\n<meta property=\"og:locale\" content=\"fr_FR\" \/>\n<meta property=\"og:type\" content=\"article\" \/>\n<meta property=\"og:title\" content=\"Monte escalier Is\u00e8re, Monte escalier Grenoble - Monte escalier\" \/>\n<meta property=\"og:description\" content=\"Le monte-escaliers en Is\u00e8re, Grenoble, la Tour-du-Pin, Vienne : Contractez avec les meilleurs partenaires installeurs\" \/>\n<meta property=\"og:url\" content=\"https:\/\/www.monteescalier.net\/france\/monte-escalier-isere\/\" \/>\n<meta property=\"og:site_name\" content=\"Monte escalier\" \/>\n<meta property=\"article:modified_time\" content=\"2024-05-15T15:45:33+00:00\" \/>\n<meta property=\"og:image\" content=\"https:\/\/www.monteescalier.net\/france\/wp-content\/uploads\/2014\/10\/4devis-monte-escalier-photo-490.png\" \/>\n<meta name=\"twitter:card\" content=\"summary_large_image\" \/>\n<meta name=\"twitter:label1\" content=\"Dur\u00e9e de lecture estim\u00e9e\" \/>\n\t<meta name=\"twitter:data1\" content=\"2 minutes\" \/>\n<script type=\"application\/ld+json\" class=\"yoast-schema-graph\">{\"@context\":\"https:\/\/schema.org\",\"@graph\":[{\"@type\":\"WebPage\",\"@id\":\"https:\/\/www.monteescalier.net\/france\/monte-escalier-isere\/\",\"url\":\"https:\/\/www.monteescalier.net\/france\/monte-escalier-isere\/\",\"name\":\"Monte escalier Is\u00e8re, Monte escalier Grenoble - Monte escalier\",\"isPartOf\":{\"@id\":\"https:\/\/www.monteescalier.net\/france\/#website\"},\"primaryImageOfPage\":{\"@id\":\"https:\/\/www.monteescalier.net\/france\/monte-escalier-isere\/#primaryimage\"},\"image\":{\"@id\":\"https:\/\/www.monteescalier.net\/france\/monte-escalier-isere\/#primaryimage\"},\"thumbnailUrl\":\"https:\/\/www.monteescalier.net\/france\/wp-content\/uploads\/2014\/10\/4devis-monte-escalier-photo-490.png\",\"datePublished\":\"2023-07-29T15:02:49+00:00\",\"dateModified\":\"2024-05-15T15:45:33+00:00\",\"description\":\"Le monte-escaliers en Is\u00e8re, Grenoble, la Tour-du-Pin, Vienne : Contractez avec les meilleurs partenaires installeurs\",\"breadcrumb\":{\"@id\":\"https:\/\/www.monteescalier.net\/france\/monte-escalier-isere\/#breadcrumb\"},\"inLanguage\":\"fr-FR\",\"potentialAction\":[{\"@type\":\"ReadAction\",\"target\":[\"https:\/\/www.monteescalier.net\/france\/monte-escalier-isere\/\"]}]},{\"@type\":\"ImageObject\",\"inLanguage\":\"fr-FR\",\"@id\":\"https:\/\/www.monteescalier.net\/france\/monte-escalier-isere\/#primaryimage\",\"url\":\"https:\/\/www.monteescalier.net\/france\/wp-content\/uploads\/2014\/10\/4devis-monte-escalier-photo-490.png\",\"contentUrl\":\"https:\/\/www.monteescalier.net\/france\/wp-content\/uploads\/2014\/10\/4devis-monte-escalier-photo-490.png\",\"width\":490,\"height\":267},{\"@type\":\"BreadcrumbList\",\"@id\":\"https:\/\/www.monteescalier.net\/france\/monte-escalier-isere\/#breadcrumb\",\"itemListElement\":[{\"@type\":\"ListItem\",\"position\":1,\"name\":\"Accueil\",\"item\":\"https:\/\/www.monteescalier.net\/france\/\"},{\"@type\":\"ListItem\",\"position\":2,\"name\":\"Monte escalier Is\u00e8re, Monte escalier Grenoble\"}]},{\"@type\":\"WebSite\",\"@id\":\"https:\/\/www.monteescalier.net\/france\/#website\",\"url\":\"https:\/\/www.monteescalier.net\/france\/\",\"name\":\"Monte escalier\",\"description\":\"\",\"publisher\":{\"@id\":\"https:\/\/www.monteescalier.net\/france\/#organization\"},\"potentialAction\":[{\"@type\":\"SearchAction\",\"target\":{\"@type\":\"EntryPoint\",\"urlTemplate\":\"https:\/\/www.monteescalier.net\/france\/?s={search_term_string}\"},\"query-input\":{\"@type\":\"PropertyValueSpecification\",\"valueRequired\":true,\"valueName\":\"search_term_string\"}}],\"inLanguage\":\"fr-FR\"},{\"@type\":\"Organization\",\"@id\":\"https:\/\/www.monteescalier.net\/france\/#organization\",\"name\":\"monte-escalier.net\",\"url\":\"https:\/\/www.monteescalier.net\/france\/\",\"logo\":{\"@type\":\"ImageObject\",\"inLanguage\":\"fr-FR\",\"@id\":\"https:\/\/www.monteescalier.net\/france\/#\/schema\/logo\/image\/\",\"url\":\"https:\/\/www.monteescalier.net\/france\/wp-content\/uploads\/2016\/10\/4devis-mont-escalier-500-500.gif\",\"contentUrl\":\"https:\/\/www.monteescalier.net\/france\/wp-content\/uploads\/2016\/10\/4devis-mont-escalier-500-500.gif\",\"width\":500,\"height\":500,\"caption\":\"monte-escalier.net\"},\"image\":{\"@id\":\"https:\/\/www.monteescalier.net\/france\/#\/schema\/logo\/image\/\"}}]}<\/script>\n<!-- \/ Yoast SEO plugin. -->","yoast_head_json":{"title":"Monte escalier Is\u00e8re, Monte escalier Grenoble - Monte escalier","description":"Le monte-escaliers en Is\u00e8re, Grenoble, la Tour-du-Pin, Vienne : Contractez avec les meilleurs partenaires installeurs","robots":{"index":"index","follow":"follow","max-snippet":"max-snippet:-1","max-image-preview":"max-image-preview:large","max-video-preview":"max-video-preview:-1"},"canonical":"https:\/\/www.monteescalier.net\/france\/monte-escalier-isere\/","og_locale":"fr_FR","og_type":"article","og_title":"Monte escalier Is\u00e8re, Monte escalier Grenoble - Monte escalier","og_description":"Le monte-escaliers en Is\u00e8re, Grenoble, la Tour-du-Pin, Vienne : Contractez avec les meilleurs partenaires installeurs","og_url":"https:\/\/www.monteescalier.net\/france\/monte-escalier-isere\/","og_site_name":"Monte escalier","article_modified_time":"2024-05-15T15:45:33+00:00","og_image":[{"url":"https:\/\/www.monteescalier.net\/france\/wp-content\/uploads\/2014\/10\/4devis-monte-escalier-photo-490.png","type":"","width":"","height":""}],"twitter_card":"summary_large_image","twitter_misc":{"Dur\u00e9e de lecture estim\u00e9e":"2 minutes"},"schema":{"@context":"https:\/\/schema.org","@graph":[{"@type":"WebPage","@id":"https:\/\/www.monteescalier.net\/france\/monte-escalier-isere\/","url":"https:\/\/www.monteescalier.net\/france\/monte-escalier-isere\/","name":"Monte escalier Is\u00e8re, Monte escalier Grenoble - Monte escalier","isPartOf":{"@id":"https:\/\/www.monteescalier.net\/france\/#website"},"primaryImageOfPage":{"@id":"https:\/\/www.monteescalier.net\/france\/monte-escalier-isere\/#primaryimage"},"image":{"@id":"https:\/\/www.monteescalier.net\/france\/monte-escalier-isere\/#primaryimage"},"thumbnailUrl":"https:\/\/www.monteescalier.net\/france\/wp-content\/uploads\/2014\/10\/4devis-monte-escalier-photo-490.png","datePublished":"2023-07-29T15:02:49+00:00","dateModified":"2024-05-15T15:45:33+00:00","description":"Le monte-escaliers en Is\u00e8re, Grenoble, la Tour-du-Pin, Vienne : Contractez avec les meilleurs partenaires installeurs","breadcrumb":{"@id":"https:\/\/www.monteescalier.net\/france\/monte-escalier-isere\/#breadcrumb"},"inLanguage":"fr-FR","potentialAction":[{"@type":"ReadAction","target":["https:\/\/www.monteescalier.net\/france\/monte-escalier-isere\/"]}]},{"@type":"ImageObject","inLanguage":"fr-FR","@id":"https:\/\/www.monteescalier.net\/france\/monte-escalier-isere\/#primaryimage","url":"https:\/\/www.monteescalier.net\/france\/wp-content\/uploads\/2014\/10\/4devis-monte-escalier-photo-490.png","contentUrl":"https:\/\/www.monteescalier.net\/france\/wp-content\/uploads\/2014\/10\/4devis-monte-escalier-photo-490.png","width":490,"height":267},{"@type":"BreadcrumbList","@id":"https:\/\/www.monteescalier.net\/france\/monte-escalier-isere\/#breadcrumb","itemListElement":[{"@type":"ListItem","position":1,"name":"Accueil","item":"https:\/\/www.monteescalier.net\/france\/"},{"@type":"ListItem","position":2,"name":"Monte escalier Is\u00e8re, Monte escalier Grenoble"}]},{"@type":"WebSite","@id":"https:\/\/www.monteescalier.net\/france\/#website","url":"https:\/\/www.monteescalier.net\/france\/","name":"Monte escalier","description":"","publisher":{"@id":"https:\/\/www.monteescalier.net\/france\/#organization"},"potentialAction":[{"@type":"SearchAction","target":{"@type":"EntryPoint","urlTemplate":"https:\/\/www.monteescalier.net\/france\/?s={search_term_string}"},"query-input":{"@type":"PropertyValueSpecification","valueRequired":true,"valueName":"search_term_string"}}],"inLanguage":"fr-FR"},{"@type":"Organization","@id":"https:\/\/www.monteescalier.net\/france\/#organization","name":"monte-escalier.net","url":"https:\/\/www.monteescalier.net\/france\/","logo":{"@type":"ImageObject","inLanguage":"fr-FR","@id":"https:\/\/www.monteescalier.net\/france\/#\/schema\/logo\/image\/","url":"https:\/\/www.monteescalier.net\/france\/wp-content\/uploads\/2016\/10\/4devis-mont-escalier-500-500.gif","contentUrl":"https:\/\/www.monteescalier.net\/france\/wp-content\/uploads\/2016\/10\/4devis-mont-escalier-500-500.gif","width":500,"height":500,"caption":"monte-escalier.net"},"image":{"@id":"https:\/\/www.monteescalier.net\/france\/#\/schema\/logo\/image\/"}}]}},"_links":{"self":[{"href":"https:\/\/www.monteescalier.net\/france\/wp-json\/wp\/v2\/pages\/484","targetHints":{"allow":["GET"]}}],"collection":[{"href":"https:\/\/www.monteescalier.net\/france\/wp-json\/wp\/v2\/pages"}],"about":[{"href":"https:\/\/www.monteescalier.net\/france\/wp-json\/wp\/v2\/types\/page"}],"author":[{"embeddable":true,"href":"https:\/\/www.monteescalier.net\/france\/wp-json\/wp\/v2\/users\/1"}],"replies":[{"embeddable":true,"href":"https:\/\/www.monteescalier.net\/france\/wp-json\/wp\/v2\/comments?post=484"}],"version-history":[{"count":4,"href":"https:\/\/www.monteescalier.net\/france\/wp-json\/wp\/v2\/pages\/484\/revisions"}],"predecessor-version":[{"id":9092,"href":"https:\/\/www.monteescalier.net\/france\/wp-json\/wp\/v2\/pages\/484\/revisions\/9092"}],"wp:attachment":[{"href":"https:\/\/www.monteescalier.net\/france\/wp-json\/wp\/v2\/media?parent=484"}],"curies":[{"name":"wp","href":"https:\/\/api.w.org\/{rel}","templated":true}]}}