{"id":487,"date":"2021-07-29T16:16:31","date_gmt":"2021-07-29T15:16:31","guid":{"rendered":"https:\/\/www.monteescalier.net\/france\/?page_id=487"},"modified":"2024-05-15T15:49:33","modified_gmt":"2024-05-15T14:49:33","slug":"monte-escalier-ain","status":"publish","type":"page","link":"https:\/\/www.monteescalier.net\/france\/monte-escalier-ain\/","title":{"rendered":"Monte escalier Ain, Monte escalier Bourg-en-Bresse"},"content":{"rendered":"<div class='content-column one_half'><div style=\"padding-right:19px;\"><h1>Un monte escalier dans l&rsquo;Ain<\/h1>\n<p><b>Principales villes :<\/b><br \/>\n<a href=\"https:\/\/www.monteescalier.net\/france\/monte-escalier-bourg-en-bresse\/\">Monte escalier Bourg-en-Bresse<\/a><br \/>\n<a href=\"https:\/\/www.monteescalier.net\/france\/monte-escalier-nantua\/\">Monte escalier Nantua<\/a><br \/>\n<a href=\"https:\/\/www.monteescalier.net\/france\/monte-escalier-belley\/\">Monte escalier Belley<\/a><\/p>\n<p style=\"text-align: justify;\">Obtenez tr\u00e8s vite des devis de monte escalier dans l&rsquo;Ain! Monteescalier.net a choisi pour vous une liste de revendeurs de monte escaliers aptes \u00e0 poser votre monte escalier dans votre maison ou appartement dans l&rsquo;Ain, que ce soit \u00e0 Bourg en Bresse, Amb\u00e9rieu, Oyonnax, Bellegarde sur Valserine, Gex et Miribel.<\/p>\n<p style=\"text-align: justify;\">Pour \u00eatre joint par t\u00e9l\u00e9phone ou contact\u00e9 par mail par nos installateurs de monte escalier tri\u00e9s sur le volet, il vous suffit de compl\u00e9ter un formulaire unique de contact en pr\u00e9cisant les coordonn\u00e9es auxquelles vous pouvez \u00eatre joints. Ce service est gratuit et vous disposerez rapidement de devis que vous pourrez comparer, ou de brochures et documentations sur les monte escalier propos\u00e9s, les diff\u00e9rents mod\u00e8les les conseils des experts du monte escalier dans l&rsquo;Ain via notre syst\u00e8me de demande de rappel.<\/p>\n<p style=\"text-align: justify;\">Pour faire l&rsquo;acquisition d&rsquo;un monte escalier, il est fondamental de disposer de plusieurs propositions de diff\u00e9rents revendeurs : tarifs, mod\u00e8les et options de monte escalier, services annexes et Service Apr\u00e8s Vente sont \u00e0 coup s\u00fbr les param\u00e8tres \u00e0 prendre en consid\u00e9ration pour faire la meilleure affaire en mati\u00e8re de monte escalier. Avec Monteescalier.net vous avez l&rsquo;assurance d&rsquo;avoir au moins 4 offres diff\u00e9rentes de devis et donc la possisbilit\u00e9 de faire un choix r\u00e9el entre les diff\u00e9rents prestataires, vendeurs et installateurs de monte escalier dans l&rsquo;Ain, \u00e0 St Denis les Bourg, Saint Genis Pouilly, Viriat, Ferney Voltaire, Jassans Riottier, Divonne les Bains ou encore P\u00e9ronnas, Meximieux, Montluel et Lagnieu.<\/p>\n<p style=\"text-align: justify;\">Avec nous vous ne recevrez que des offres de prestataires \u00e9voluant dans l&rsquo;Ain, nous les avons s\u00e9lectionn\u00e9s avec soin, alors foncez !<\/p>\n<p>&nbsp;<br \/>\n<a class=\"bt_lien\" href=\"https:\/\/www.monteescalier.net\/france\/demande-de-devis\/\"><\/p>\n<div class=\"bouton\">Cliquez ici pour profiter de 4 devis gratuits<\/div><\/div><\/div><div class='content-column one_half last_column'><a href=\"https:\/\/www.monteescalier.net\/devis-gratuit.php\" target=\"_blank\" rel=\"noopener\"><img loading=\"lazy\" decoding=\"async\" class=\"alignnone size-full img_region\" src=\"https:\/\/www.monteescalier.net\/france\/wp-content\/uploads\/2014\/10\/4devis-monte-escalier-photo-490.png\" alt=\"monte escalier dans l'Ain\" width=\"507\" height=\"485\" \/><\/a><br \/>\n<img loading=\"lazy\" decoding=\"async\" class=\"alignnone size-full img_region_2\" src=\"https:\/\/www.monteescalier.net\/france\/wp-content\/uploads\/2013\/07\/ain.jpg\" alt=\"Ain\" width=\"507\" height=\"485\" \/><\/div><div class='clear_column'><\/div><\/p>\n","protected":false},"excerpt":{"rendered":"","protected":false},"author":1,"featured_media":0,"parent":0,"menu_order":0,"comment_status":"open","ping_status":"closed","template":"template2.php","meta":{"_monsterinsights_skip_tracking":false,"_monsterinsights_sitenote_active":false,"_monsterinsights_sitenote_note":"","_monsterinsights_sitenote_category":0,"footnotes":""},"class_list":["post-487","page","type-page","status-publish","hentry"],"yoast_head":"<!-- This site is optimized with the Yoast SEO plugin v26.3 - https:\/\/yoast.com\/wordpress\/plugins\/seo\/ -->\n<title>Monte escalier Ain, Monte escalier Bourg-en-Bresse - Monte escalier<\/title>\n<meta name=\"description\" content=\"Nos monte escalier disponible dans l&#039;Ain : Bourg-en-Bresse, Nantua, Belley.\" \/>\n<meta name=\"robots\" content=\"index, follow, max-snippet:-1, max-image-preview:large, max-video-preview:-1\" \/>\n<link rel=\"canonical\" href=\"https:\/\/www.monteescalier.net\/france\/monte-escalier-ain\/\" \/>\n<meta property=\"og:locale\" content=\"fr_FR\" \/>\n<meta property=\"og:type\" content=\"article\" \/>\n<meta property=\"og:title\" content=\"Monte escalier Ain, Monte escalier Bourg-en-Bresse - Monte escalier\" \/>\n<meta property=\"og:description\" content=\"Nos monte escalier disponible dans l&#039;Ain : Bourg-en-Bresse, Nantua, Belley.\" \/>\n<meta property=\"og:url\" content=\"https:\/\/www.monteescalier.net\/france\/monte-escalier-ain\/\" \/>\n<meta property=\"og:site_name\" content=\"Monte escalier\" \/>\n<meta property=\"article:modified_time\" content=\"2024-05-15T14:49:33+00:00\" \/>\n<meta property=\"og:image\" content=\"https:\/\/www.monteescalier.net\/france\/wp-content\/uploads\/2014\/10\/4devis-monte-escalier-photo-490.png\" \/>\n<meta name=\"twitter:card\" content=\"summary_large_image\" \/>\n<meta name=\"twitter:label1\" content=\"Dur\u00e9e de lecture estim\u00e9e\" \/>\n\t<meta name=\"twitter:data1\" content=\"2 minutes\" \/>\n<script type=\"application\/ld+json\" class=\"yoast-schema-graph\">{\"@context\":\"https:\/\/schema.org\",\"@graph\":[{\"@type\":\"WebPage\",\"@id\":\"https:\/\/www.monteescalier.net\/france\/monte-escalier-ain\/\",\"url\":\"https:\/\/www.monteescalier.net\/france\/monte-escalier-ain\/\",\"name\":\"Monte escalier Ain, Monte escalier Bourg-en-Bresse - Monte escalier\",\"isPartOf\":{\"@id\":\"https:\/\/www.monteescalier.net\/france\/#website\"},\"primaryImageOfPage\":{\"@id\":\"https:\/\/www.monteescalier.net\/france\/monte-escalier-ain\/#primaryimage\"},\"image\":{\"@id\":\"https:\/\/www.monteescalier.net\/france\/monte-escalier-ain\/#primaryimage\"},\"thumbnailUrl\":\"https:\/\/www.monteescalier.net\/france\/wp-content\/uploads\/2014\/10\/4devis-monte-escalier-photo-490.png\",\"datePublished\":\"2021-07-29T15:16:31+00:00\",\"dateModified\":\"2024-05-15T14:49:33+00:00\",\"description\":\"Nos monte escalier disponible dans l'Ain : Bourg-en-Bresse, Nantua, Belley.\",\"breadcrumb\":{\"@id\":\"https:\/\/www.monteescalier.net\/france\/monte-escalier-ain\/#breadcrumb\"},\"inLanguage\":\"fr-FR\",\"potentialAction\":[{\"@type\":\"ReadAction\",\"target\":[\"https:\/\/www.monteescalier.net\/france\/monte-escalier-ain\/\"]}]},{\"@type\":\"ImageObject\",\"inLanguage\":\"fr-FR\",\"@id\":\"https:\/\/www.monteescalier.net\/france\/monte-escalier-ain\/#primaryimage\",\"url\":\"https:\/\/www.monteescalier.net\/france\/wp-content\/uploads\/2014\/10\/4devis-monte-escalier-photo-490.png\",\"contentUrl\":\"https:\/\/www.monteescalier.net\/france\/wp-content\/uploads\/2014\/10\/4devis-monte-escalier-photo-490.png\",\"width\":490,\"height\":267},{\"@type\":\"BreadcrumbList\",\"@id\":\"https:\/\/www.monteescalier.net\/france\/monte-escalier-ain\/#breadcrumb\",\"itemListElement\":[{\"@type\":\"ListItem\",\"position\":1,\"name\":\"Accueil\",\"item\":\"https:\/\/www.monteescalier.net\/france\/\"},{\"@type\":\"ListItem\",\"position\":2,\"name\":\"Monte escalier Ain, Monte escalier Bourg-en-Bresse\"}]},{\"@type\":\"WebSite\",\"@id\":\"https:\/\/www.monteescalier.net\/france\/#website\",\"url\":\"https:\/\/www.monteescalier.net\/france\/\",\"name\":\"Monte escalier\",\"description\":\"\",\"publisher\":{\"@id\":\"https:\/\/www.monteescalier.net\/france\/#organization\"},\"potentialAction\":[{\"@type\":\"SearchAction\",\"target\":{\"@type\":\"EntryPoint\",\"urlTemplate\":\"https:\/\/www.monteescalier.net\/france\/?s={search_term_string}\"},\"query-input\":{\"@type\":\"PropertyValueSpecification\",\"valueRequired\":true,\"valueName\":\"search_term_string\"}}],\"inLanguage\":\"fr-FR\"},{\"@type\":\"Organization\",\"@id\":\"https:\/\/www.monteescalier.net\/france\/#organization\",\"name\":\"monte-escalier.net\",\"url\":\"https:\/\/www.monteescalier.net\/france\/\",\"logo\":{\"@type\":\"ImageObject\",\"inLanguage\":\"fr-FR\",\"@id\":\"https:\/\/www.monteescalier.net\/france\/#\/schema\/logo\/image\/\",\"url\":\"https:\/\/www.monteescalier.net\/france\/wp-content\/uploads\/2016\/10\/4devis-mont-escalier-500-500.gif\",\"contentUrl\":\"https:\/\/www.monteescalier.net\/france\/wp-content\/uploads\/2016\/10\/4devis-mont-escalier-500-500.gif\",\"width\":500,\"height\":500,\"caption\":\"monte-escalier.net\"},\"image\":{\"@id\":\"https:\/\/www.monteescalier.net\/france\/#\/schema\/logo\/image\/\"}}]}<\/script>\n<!-- \/ Yoast SEO plugin. -->","yoast_head_json":{"title":"Monte escalier Ain, Monte escalier Bourg-en-Bresse - Monte escalier","description":"Nos monte escalier disponible dans l'Ain : Bourg-en-Bresse, Nantua, Belley.","robots":{"index":"index","follow":"follow","max-snippet":"max-snippet:-1","max-image-preview":"max-image-preview:large","max-video-preview":"max-video-preview:-1"},"canonical":"https:\/\/www.monteescalier.net\/france\/monte-escalier-ain\/","og_locale":"fr_FR","og_type":"article","og_title":"Monte escalier Ain, Monte escalier Bourg-en-Bresse - Monte escalier","og_description":"Nos monte escalier disponible dans l'Ain : Bourg-en-Bresse, Nantua, Belley.","og_url":"https:\/\/www.monteescalier.net\/france\/monte-escalier-ain\/","og_site_name":"Monte escalier","article_modified_time":"2024-05-15T14:49:33+00:00","og_image":[{"url":"https:\/\/www.monteescalier.net\/france\/wp-content\/uploads\/2014\/10\/4devis-monte-escalier-photo-490.png","type":"","width":"","height":""}],"twitter_card":"summary_large_image","twitter_misc":{"Dur\u00e9e de lecture estim\u00e9e":"2 minutes"},"schema":{"@context":"https:\/\/schema.org","@graph":[{"@type":"WebPage","@id":"https:\/\/www.monteescalier.net\/france\/monte-escalier-ain\/","url":"https:\/\/www.monteescalier.net\/france\/monte-escalier-ain\/","name":"Monte escalier Ain, Monte escalier Bourg-en-Bresse - Monte escalier","isPartOf":{"@id":"https:\/\/www.monteescalier.net\/france\/#website"},"primaryImageOfPage":{"@id":"https:\/\/www.monteescalier.net\/france\/monte-escalier-ain\/#primaryimage"},"image":{"@id":"https:\/\/www.monteescalier.net\/france\/monte-escalier-ain\/#primaryimage"},"thumbnailUrl":"https:\/\/www.monteescalier.net\/france\/wp-content\/uploads\/2014\/10\/4devis-monte-escalier-photo-490.png","datePublished":"2021-07-29T15:16:31+00:00","dateModified":"2024-05-15T14:49:33+00:00","description":"Nos monte escalier disponible dans l'Ain : Bourg-en-Bresse, Nantua, Belley.","breadcrumb":{"@id":"https:\/\/www.monteescalier.net\/france\/monte-escalier-ain\/#breadcrumb"},"inLanguage":"fr-FR","potentialAction":[{"@type":"ReadAction","target":["https:\/\/www.monteescalier.net\/france\/monte-escalier-ain\/"]}]},{"@type":"ImageObject","inLanguage":"fr-FR","@id":"https:\/\/www.monteescalier.net\/france\/monte-escalier-ain\/#primaryimage","url":"https:\/\/www.monteescalier.net\/france\/wp-content\/uploads\/2014\/10\/4devis-monte-escalier-photo-490.png","contentUrl":"https:\/\/www.monteescalier.net\/france\/wp-content\/uploads\/2014\/10\/4devis-monte-escalier-photo-490.png","width":490,"height":267},{"@type":"BreadcrumbList","@id":"https:\/\/www.monteescalier.net\/france\/monte-escalier-ain\/#breadcrumb","itemListElement":[{"@type":"ListItem","position":1,"name":"Accueil","item":"https:\/\/www.monteescalier.net\/france\/"},{"@type":"ListItem","position":2,"name":"Monte escalier Ain, Monte escalier Bourg-en-Bresse"}]},{"@type":"WebSite","@id":"https:\/\/www.monteescalier.net\/france\/#website","url":"https:\/\/www.monteescalier.net\/france\/","name":"Monte escalier","description":"","publisher":{"@id":"https:\/\/www.monteescalier.net\/france\/#organization"},"potentialAction":[{"@type":"SearchAction","target":{"@type":"EntryPoint","urlTemplate":"https:\/\/www.monteescalier.net\/france\/?s={search_term_string}"},"query-input":{"@type":"PropertyValueSpecification","valueRequired":true,"valueName":"search_term_string"}}],"inLanguage":"fr-FR"},{"@type":"Organization","@id":"https:\/\/www.monteescalier.net\/france\/#organization","name":"monte-escalier.net","url":"https:\/\/www.monteescalier.net\/france\/","logo":{"@type":"ImageObject","inLanguage":"fr-FR","@id":"https:\/\/www.monteescalier.net\/france\/#\/schema\/logo\/image\/","url":"https:\/\/www.monteescalier.net\/france\/wp-content\/uploads\/2016\/10\/4devis-mont-escalier-500-500.gif","contentUrl":"https:\/\/www.monteescalier.net\/france\/wp-content\/uploads\/2016\/10\/4devis-mont-escalier-500-500.gif","width":500,"height":500,"caption":"monte-escalier.net"},"image":{"@id":"https:\/\/www.monteescalier.net\/france\/#\/schema\/logo\/image\/"}}]}},"_links":{"self":[{"href":"https:\/\/www.monteescalier.net\/france\/wp-json\/wp\/v2\/pages\/487","targetHints":{"allow":["GET"]}}],"collection":[{"href":"https:\/\/www.monteescalier.net\/france\/wp-json\/wp\/v2\/pages"}],"about":[{"href":"https:\/\/www.monteescalier.net\/france\/wp-json\/wp\/v2\/types\/page"}],"author":[{"embeddable":true,"href":"https:\/\/www.monteescalier.net\/france\/wp-json\/wp\/v2\/users\/1"}],"replies":[{"embeddable":true,"href":"https:\/\/www.monteescalier.net\/france\/wp-json\/wp\/v2\/comments?post=487"}],"version-history":[{"count":5,"href":"https:\/\/www.monteescalier.net\/france\/wp-json\/wp\/v2\/pages\/487\/revisions"}],"predecessor-version":[{"id":9054,"href":"https:\/\/www.monteescalier.net\/france\/wp-json\/wp\/v2\/pages\/487\/revisions\/9054"}],"wp:attachment":[{"href":"https:\/\/www.monteescalier.net\/france\/wp-json\/wp\/v2\/media?parent=487"}],"curies":[{"name":"wp","href":"https:\/\/api.w.org\/{rel}","templated":true}]}}