{"id":491,"date":"2024-04-10T16:29:26","date_gmt":"2024-04-10T15:29:26","guid":{"rendered":"https:\/\/www.monteescalier.net\/france\/?page_id=491"},"modified":"2024-05-15T16:49:48","modified_gmt":"2024-05-15T15:49:48","slug":"monte-escalier-haute-savoie","status":"publish","type":"page","link":"https:\/\/www.monteescalier.net\/france\/monte-escalier-haute-savoie\/","title":{"rendered":"Monte escalier Haute-Savoie, Annecy"},"content":{"rendered":"<div class='content-column one_half'><div style=\"padding-right:19px;\"><h1>Acheter votre monte escalier en\u00a0Haute-Savoie<\/h1>\n<p><b>Les communes \u00e0 proximit\u00e9 :<\/b><br \/>\n<a href=\"https:\/\/www.monteescalier.net\/france\/monte-escalier-annecy\/\">Le monte escalier \u00e0 Annecy<\/a><br \/>\n<a href=\"https:\/\/www.monteescalier.net\/france\/monte-escalier-bonneville\/\">Le monte escalier \u00e0 Bonneville<\/a><br \/>\n<a href=\"https:\/\/www.monteescalier.net\/france\/monte-escalier-thonon-les-bains\/\">Le monte escalier \u00e0 Thonon-les-Bains<\/a><\/p>\n<p style=\"text-align: justify;\">A Annecy, Annemasse, Cluses, Thonon les Bains, Seynod, Sallanches et Cran Gevrier, vous pouvez \u00eatre amen\u00e9s \u00e0 envisager l&rsquo;installation d&rsquo;un monte escalier \u00e0 votre domicile, parce que vous avez du mal \u00e0 monter ou descendre les escaliers, par appr\u00e9hension de la chute ou plus simplement par confort d&rsquo;utilisation.<\/p>\n<p style=\"text-align: justify;\">Pour un bon achat, il est souvent conseill\u00e9 (\u00e0 juste titre) de bien comparer les prix et services propos\u00e9s par les uns et les autres. C&rsquo;est pourquoi notre site vous propose, via un seul formulaire de vous mettre en contact direct avec les meilleurs installateurs de monte escalier en Haute Savoie. Nous avons s\u00e9lectionn\u00e9 ces prestataires avec le plus grand soin pour leur s\u00e9rieux, leurs prix, leur efficacit\u00e9, en un mot pour le professionnalisme.<\/p>\n<p style=\"text-align: justify;\">En remplissant une demande vous recevrez des propositions de devis gratuits de plusieurs installateurs de monte escalier sur le d\u00e9partement de la Haute Savoie et ce, que vous viviez \u00e0 Ville la Grand, Sallanches, Evian, Rumilly, Meythet, Gaillard, Chamonix, Bonneville, la Roche sur Foron et Saint Julien en Genevois.<\/p>\n<p style=\"text-align: justify;\">Vous voulez prendre votre temps et consulter d&rsquo;abord de la documentation, utilisez notre formulaire unifi\u00e9 de demande de documentation pour recevoir des \u00e9l\u00e9ments par courrier ou par courriel. Nos partenaires experts sont \u00e9galement \u00e0 votre disposition par t\u00e9l\u00e9phone pour r\u00e9pondre \u00e0 toutes les questions que vous pouvez vous poser sur les monte escaliers (dans ce cas utilisez notre formulaire de demande de rappel).<\/p>\n<p style=\"text-align: justify;\">Avec Monteescalier.net, vous avez toutes les armes pour effectuer les meilleurs choix. N&rsquo;h\u00e9sitez pas, nos services de mise en relation sont totalement gratuits et absolument sans obligation d&rsquo;achat.<\/p>\n<p>&nbsp;<\/p>\n<div class=\"bouton\">Cliquez ici pour obtenir des devis gratuitement<\/div><\/div><\/div><div class='content-column one_half last_column'><a href=\"https:\/\/www.monteescalier.net\/devis-gratuit.php\" target=\"_blank\" rel=\"noopener noreferrer\"><img loading=\"lazy\" decoding=\"async\" class=\"alignnone size-full img_region\" src=\"https:\/\/www.monteescalier.net\/france\/wp-content\/uploads\/2014\/10\/4devis-monte-escalier-photo-490.png\" alt=\"Haute Savoie\" width=\"507\" height=\"485\" \/><\/a><br \/>\n<img loading=\"lazy\" decoding=\"async\" class=\"alignnone size-full img_region_2\" src=\"https:\/\/www.monteescalier.net\/france\/wp-content\/uploads\/2013\/07\/hautesavoie.jpg\" alt=\"Haute Savoie\" width=\"507\" height=\"485\" \/><\/div><div class='clear_column'><\/div><\/p>\n","protected":false},"excerpt":{"rendered":"","protected":false},"author":1,"featured_media":0,"parent":0,"menu_order":0,"comment_status":"open","ping_status":"closed","template":"template1.php","meta":{"_monsterinsights_skip_tracking":false,"_monsterinsights_sitenote_active":false,"_monsterinsights_sitenote_note":"","_monsterinsights_sitenote_category":0,"footnotes":""},"class_list":["post-491","page","type-page","status-publish","hentry"],"yoast_head":"<!-- This site is optimized with the Yoast SEO plugin v26.3 - https:\/\/yoast.com\/wordpress\/plugins\/seo\/ -->\n<title>Monte escalier Haute-Savoie, Annecy - Monte escalier<\/title>\n<meta name=\"description\" content=\"Trouvez votre monte-escaliers sur Annecy, Haute-Savoie, Bonneville, Thnon-les-Bains gr\u00e2ce a nos partenaires installeurs .\" \/>\n<meta name=\"robots\" content=\"index, follow, max-snippet:-1, max-image-preview:large, max-video-preview:-1\" \/>\n<link rel=\"canonical\" href=\"https:\/\/www.monteescalier.net\/france\/monte-escalier-haute-savoie\/\" \/>\n<meta property=\"og:locale\" content=\"fr_FR\" \/>\n<meta property=\"og:type\" content=\"article\" \/>\n<meta property=\"og:title\" content=\"Monte escalier Haute-Savoie, Annecy - Monte escalier\" \/>\n<meta property=\"og:description\" content=\"Trouvez votre monte-escaliers sur Annecy, Haute-Savoie, Bonneville, Thnon-les-Bains gr\u00e2ce a nos partenaires installeurs .\" \/>\n<meta property=\"og:url\" content=\"https:\/\/www.monteescalier.net\/france\/monte-escalier-haute-savoie\/\" \/>\n<meta property=\"og:site_name\" content=\"Monte escalier\" \/>\n<meta property=\"article:modified_time\" content=\"2024-05-15T15:49:48+00:00\" \/>\n<meta property=\"og:image\" content=\"https:\/\/www.monteescalier.net\/france\/wp-content\/uploads\/2014\/10\/4devis-monte-escalier-photo-490.png\" \/>\n<meta name=\"twitter:card\" content=\"summary_large_image\" \/>\n<meta name=\"twitter:label1\" content=\"Dur\u00e9e de lecture estim\u00e9e\" \/>\n\t<meta name=\"twitter:data1\" content=\"2 minutes\" \/>\n<script type=\"application\/ld+json\" class=\"yoast-schema-graph\">{\"@context\":\"https:\/\/schema.org\",\"@graph\":[{\"@type\":\"WebPage\",\"@id\":\"https:\/\/www.monteescalier.net\/france\/monte-escalier-haute-savoie\/\",\"url\":\"https:\/\/www.monteescalier.net\/france\/monte-escalier-haute-savoie\/\",\"name\":\"Monte escalier Haute-Savoie, Annecy - Monte escalier\",\"isPartOf\":{\"@id\":\"https:\/\/www.monteescalier.net\/france\/#website\"},\"primaryImageOfPage\":{\"@id\":\"https:\/\/www.monteescalier.net\/france\/monte-escalier-haute-savoie\/#primaryimage\"},\"image\":{\"@id\":\"https:\/\/www.monteescalier.net\/france\/monte-escalier-haute-savoie\/#primaryimage\"},\"thumbnailUrl\":\"https:\/\/www.monteescalier.net\/france\/wp-content\/uploads\/2014\/10\/4devis-monte-escalier-photo-490.png\",\"datePublished\":\"2024-04-10T15:29:26+00:00\",\"dateModified\":\"2024-05-15T15:49:48+00:00\",\"description\":\"Trouvez votre monte-escaliers sur Annecy, Haute-Savoie, Bonneville, Thnon-les-Bains gr\u00e2ce a nos partenaires installeurs .\",\"breadcrumb\":{\"@id\":\"https:\/\/www.monteescalier.net\/france\/monte-escalier-haute-savoie\/#breadcrumb\"},\"inLanguage\":\"fr-FR\",\"potentialAction\":[{\"@type\":\"ReadAction\",\"target\":[\"https:\/\/www.monteescalier.net\/france\/monte-escalier-haute-savoie\/\"]}]},{\"@type\":\"ImageObject\",\"inLanguage\":\"fr-FR\",\"@id\":\"https:\/\/www.monteescalier.net\/france\/monte-escalier-haute-savoie\/#primaryimage\",\"url\":\"https:\/\/www.monteescalier.net\/france\/wp-content\/uploads\/2014\/10\/4devis-monte-escalier-photo-490.png\",\"contentUrl\":\"https:\/\/www.monteescalier.net\/france\/wp-content\/uploads\/2014\/10\/4devis-monte-escalier-photo-490.png\",\"width\":490,\"height\":267},{\"@type\":\"BreadcrumbList\",\"@id\":\"https:\/\/www.monteescalier.net\/france\/monte-escalier-haute-savoie\/#breadcrumb\",\"itemListElement\":[{\"@type\":\"ListItem\",\"position\":1,\"name\":\"Accueil\",\"item\":\"https:\/\/www.monteescalier.net\/france\/\"},{\"@type\":\"ListItem\",\"position\":2,\"name\":\"Monte escalier Haute-Savoie, Annecy\"}]},{\"@type\":\"WebSite\",\"@id\":\"https:\/\/www.monteescalier.net\/france\/#website\",\"url\":\"https:\/\/www.monteescalier.net\/france\/\",\"name\":\"Monte escalier\",\"description\":\"\",\"publisher\":{\"@id\":\"https:\/\/www.monteescalier.net\/france\/#organization\"},\"potentialAction\":[{\"@type\":\"SearchAction\",\"target\":{\"@type\":\"EntryPoint\",\"urlTemplate\":\"https:\/\/www.monteescalier.net\/france\/?s={search_term_string}\"},\"query-input\":{\"@type\":\"PropertyValueSpecification\",\"valueRequired\":true,\"valueName\":\"search_term_string\"}}],\"inLanguage\":\"fr-FR\"},{\"@type\":\"Organization\",\"@id\":\"https:\/\/www.monteescalier.net\/france\/#organization\",\"name\":\"monte-escalier.net\",\"url\":\"https:\/\/www.monteescalier.net\/france\/\",\"logo\":{\"@type\":\"ImageObject\",\"inLanguage\":\"fr-FR\",\"@id\":\"https:\/\/www.monteescalier.net\/france\/#\/schema\/logo\/image\/\",\"url\":\"https:\/\/www.monteescalier.net\/france\/wp-content\/uploads\/2016\/10\/4devis-mont-escalier-500-500.gif\",\"contentUrl\":\"https:\/\/www.monteescalier.net\/france\/wp-content\/uploads\/2016\/10\/4devis-mont-escalier-500-500.gif\",\"width\":500,\"height\":500,\"caption\":\"monte-escalier.net\"},\"image\":{\"@id\":\"https:\/\/www.monteescalier.net\/france\/#\/schema\/logo\/image\/\"}}]}<\/script>\n<!-- \/ Yoast SEO plugin. -->","yoast_head_json":{"title":"Monte escalier Haute-Savoie, Annecy - Monte escalier","description":"Trouvez votre monte-escaliers sur Annecy, Haute-Savoie, Bonneville, Thnon-les-Bains gr\u00e2ce a nos partenaires installeurs .","robots":{"index":"index","follow":"follow","max-snippet":"max-snippet:-1","max-image-preview":"max-image-preview:large","max-video-preview":"max-video-preview:-1"},"canonical":"https:\/\/www.monteescalier.net\/france\/monte-escalier-haute-savoie\/","og_locale":"fr_FR","og_type":"article","og_title":"Monte escalier Haute-Savoie, Annecy - Monte escalier","og_description":"Trouvez votre monte-escaliers sur Annecy, Haute-Savoie, Bonneville, Thnon-les-Bains gr\u00e2ce a nos partenaires installeurs .","og_url":"https:\/\/www.monteescalier.net\/france\/monte-escalier-haute-savoie\/","og_site_name":"Monte escalier","article_modified_time":"2024-05-15T15:49:48+00:00","og_image":[{"url":"https:\/\/www.monteescalier.net\/france\/wp-content\/uploads\/2014\/10\/4devis-monte-escalier-photo-490.png","type":"","width":"","height":""}],"twitter_card":"summary_large_image","twitter_misc":{"Dur\u00e9e de lecture estim\u00e9e":"2 minutes"},"schema":{"@context":"https:\/\/schema.org","@graph":[{"@type":"WebPage","@id":"https:\/\/www.monteescalier.net\/france\/monte-escalier-haute-savoie\/","url":"https:\/\/www.monteescalier.net\/france\/monte-escalier-haute-savoie\/","name":"Monte escalier Haute-Savoie, Annecy - Monte escalier","isPartOf":{"@id":"https:\/\/www.monteescalier.net\/france\/#website"},"primaryImageOfPage":{"@id":"https:\/\/www.monteescalier.net\/france\/monte-escalier-haute-savoie\/#primaryimage"},"image":{"@id":"https:\/\/www.monteescalier.net\/france\/monte-escalier-haute-savoie\/#primaryimage"},"thumbnailUrl":"https:\/\/www.monteescalier.net\/france\/wp-content\/uploads\/2014\/10\/4devis-monte-escalier-photo-490.png","datePublished":"2024-04-10T15:29:26+00:00","dateModified":"2024-05-15T15:49:48+00:00","description":"Trouvez votre monte-escaliers sur Annecy, Haute-Savoie, Bonneville, Thnon-les-Bains gr\u00e2ce a nos partenaires installeurs .","breadcrumb":{"@id":"https:\/\/www.monteescalier.net\/france\/monte-escalier-haute-savoie\/#breadcrumb"},"inLanguage":"fr-FR","potentialAction":[{"@type":"ReadAction","target":["https:\/\/www.monteescalier.net\/france\/monte-escalier-haute-savoie\/"]}]},{"@type":"ImageObject","inLanguage":"fr-FR","@id":"https:\/\/www.monteescalier.net\/france\/monte-escalier-haute-savoie\/#primaryimage","url":"https:\/\/www.monteescalier.net\/france\/wp-content\/uploads\/2014\/10\/4devis-monte-escalier-photo-490.png","contentUrl":"https:\/\/www.monteescalier.net\/france\/wp-content\/uploads\/2014\/10\/4devis-monte-escalier-photo-490.png","width":490,"height":267},{"@type":"BreadcrumbList","@id":"https:\/\/www.monteescalier.net\/france\/monte-escalier-haute-savoie\/#breadcrumb","itemListElement":[{"@type":"ListItem","position":1,"name":"Accueil","item":"https:\/\/www.monteescalier.net\/france\/"},{"@type":"ListItem","position":2,"name":"Monte escalier Haute-Savoie, Annecy"}]},{"@type":"WebSite","@id":"https:\/\/www.monteescalier.net\/france\/#website","url":"https:\/\/www.monteescalier.net\/france\/","name":"Monte escalier","description":"","publisher":{"@id":"https:\/\/www.monteescalier.net\/france\/#organization"},"potentialAction":[{"@type":"SearchAction","target":{"@type":"EntryPoint","urlTemplate":"https:\/\/www.monteescalier.net\/france\/?s={search_term_string}"},"query-input":{"@type":"PropertyValueSpecification","valueRequired":true,"valueName":"search_term_string"}}],"inLanguage":"fr-FR"},{"@type":"Organization","@id":"https:\/\/www.monteescalier.net\/france\/#organization","name":"monte-escalier.net","url":"https:\/\/www.monteescalier.net\/france\/","logo":{"@type":"ImageObject","inLanguage":"fr-FR","@id":"https:\/\/www.monteescalier.net\/france\/#\/schema\/logo\/image\/","url":"https:\/\/www.monteescalier.net\/france\/wp-content\/uploads\/2016\/10\/4devis-mont-escalier-500-500.gif","contentUrl":"https:\/\/www.monteescalier.net\/france\/wp-content\/uploads\/2016\/10\/4devis-mont-escalier-500-500.gif","width":500,"height":500,"caption":"monte-escalier.net"},"image":{"@id":"https:\/\/www.monteescalier.net\/france\/#\/schema\/logo\/image\/"}}]}},"_links":{"self":[{"href":"https:\/\/www.monteescalier.net\/france\/wp-json\/wp\/v2\/pages\/491","targetHints":{"allow":["GET"]}}],"collection":[{"href":"https:\/\/www.monteescalier.net\/france\/wp-json\/wp\/v2\/pages"}],"about":[{"href":"https:\/\/www.monteescalier.net\/france\/wp-json\/wp\/v2\/types\/page"}],"author":[{"embeddable":true,"href":"https:\/\/www.monteescalier.net\/france\/wp-json\/wp\/v2\/users\/1"}],"replies":[{"embeddable":true,"href":"https:\/\/www.monteescalier.net\/france\/wp-json\/wp\/v2\/comments?post=491"}],"version-history":[{"count":6,"href":"https:\/\/www.monteescalier.net\/france\/wp-json\/wp\/v2\/pages\/491\/revisions"}],"predecessor-version":[{"id":9104,"href":"https:\/\/www.monteescalier.net\/france\/wp-json\/wp\/v2\/pages\/491\/revisions\/9104"}],"wp:attachment":[{"href":"https:\/\/www.monteescalier.net\/france\/wp-json\/wp\/v2\/media?parent=491"}],"curies":[{"name":"wp","href":"https:\/\/api.w.org\/{rel}","templated":true}]}}