{"id":498,"date":"2024-03-30T11:24:00","date_gmt":"2024-03-30T10:24:00","guid":{"rendered":"https:\/\/www.monteescalier.net\/france\/?page_id=498"},"modified":"2024-05-15T16:11:53","modified_gmt":"2024-05-15T15:11:53","slug":"monte-escalier-bas-rhin","status":"publish","type":"page","link":"https:\/\/www.monteescalier.net\/france\/monte-escalier-bas-rhin\/","title":{"rendered":"Monte escalier Bas-Rhin, Monte escalier Strasbourg"},"content":{"rendered":"<div class='content-column one_half'><div style=\"padding-right:19px;\"><h1>Votre Monte escalier dans le Bas-Rhin<\/h1>\n<p><b>Des professionnels \u00e0 proximit\u00e9 de votre ville :<\/b><br \/>\n<a href=\"https:\/\/www.monteescalier.net\/france\/monte-escalier-strasbourg\/\">Un monte escalier \u00e0 Strasbourg<\/a><br \/>\n<a href=\"https:\/\/www.monteescalier.net\/france\/monte-escalier-saverne\/\">Un monte escalier \u00e0 Saverne<\/a><br \/>\n<a href=\"https:\/\/www.monteescalier.net\/france\/monte-escalier-haguenau\/\">Un monte escalier \u00e0 Haguenau<\/a><\/p>\n<p style=\"text-align: justify;\">Vous voulez faire installer un monte escalier dans votre maison en Alsace dans le d\u00e9partement du Bas Rhin : pour trouver l&rsquo;installateur id\u00e9al, utilisez les services gratuits propos\u00e9s par monteescalier.net<\/p>\n<p style=\"text-align: justify;\">l&rsquo;\u00e9quipes ont choisi pour vous des installateurs comp\u00e9tents, des professionnels irr\u00e9prochables qui pourront installer votre monte escalier partout en Alsace : \u00e0 Strasbourg, Schiltigheim, Selestat, Haguenau, Illkirch ou Lingosheim bien entendu mais aussi dans les villes moins peupl\u00e9es du Bas Rhin : Barr, Bischwiller, Geispolsheim, Saverne, Wissembourg, Obernai, Molsheim, Ostwald et Erstein, tout le d\u00e9partement du Bas Rhin est couvert par nos partenaires choisis par monteescalier.net<\/p>\n<p style=\"text-align: justify;\">Nos partenaires s&rsquo;engagent \u00e0 vous donner les meilleurs conseils, et \u00e0 vous envoyer chacun un devis enti\u00e8rement gratuit et sans obligation d&rsquo;achat. Mettez les les propositions en c\u00f4te \u00e0 c\u00f4te et comparez, les prix, l&rsquo;installation, les services, le service apr\u00e8s vente, la qualit\u00e9 technique de l&rsquo;offre propos\u00e9e. Cela vous permettra de faire un achat sans mauvaise surprise.<br \/>\nSouvenez-vous que le choix de l&rsquo;achat d&rsquo;un monte escalier ne se limite pas \u00e0 un prix: la marque, le mod\u00e8le, le devis d&rsquo;installation et le service apr\u00e8s vente, sont \u00e9galement tr\u00e8s importants. Avant de sauter le pas, faites le tour du march\u00e9 du monte escalier en Alsace en remplissant simplement un formulaire. C&rsquo;est le premier pas vers un achat r\u00e9ussi !<\/p>\n<p>&nbsp;<\/p>\n<div class=\"bouton\" onclick=\"location.href='https:\/\/www.monteescalier.net\/devis-gratuit.php'\">Cliquez ici pour obtenir des devis gratuitement<\/div><\/div><\/div><div class='content-column one_half last_column'><a href=\"https:\/\/www.monteescalier.net\/devis-gratuit.php\" target=\"_blank\" rel=\"noopener noreferrer\"><img loading=\"lazy\" decoding=\"async\" class=\"alignnone size-full img_region\" src=\"https:\/\/www.monteescalier.net\/france\/wp-content\/uploads\/2014\/10\/4devis-monte-escalier-photo-490.png\" alt=\"Bas Rhin\" width=\"507\" height=\"485\" \/><\/a><br \/>\n<img loading=\"lazy\" decoding=\"async\" class=\"alignnone size-full img_region_2\" src=\"https:\/\/www.monteescalier.net\/france\/wp-content\/uploads\/2013\/07\/basrhin.jpg\" alt=\"Bas Rhin\" width=\"507\" height=\"485\" \/><\/div><div class='clear_column'><\/div><\/p>\n","protected":false},"excerpt":{"rendered":"","protected":false},"author":1,"featured_media":0,"parent":0,"menu_order":0,"comment_status":"open","ping_status":"closed","template":"template2.php","meta":{"_monsterinsights_skip_tracking":false,"_monsterinsights_sitenote_active":false,"_monsterinsights_sitenote_note":"","_monsterinsights_sitenote_category":0,"footnotes":""},"class_list":["post-498","page","type-page","status-publish","hentry"],"yoast_head":"<!-- This site is optimized with the Yoast SEO plugin v26.3 - https:\/\/yoast.com\/wordpress\/plugins\/seo\/ -->\n<title>Monte escalier Bas-Rhin, Monte escalier Strasbourg - Monte escalier<\/title>\n<meta name=\"description\" content=\"Monte-escaliers pour vous sur tout le Bas-Rhin dont des villes comme Strasbourg, Schiltigheim, Haguenau ou encore Saverne.\" \/>\n<meta name=\"robots\" content=\"index, follow, max-snippet:-1, max-image-preview:large, max-video-preview:-1\" \/>\n<link rel=\"canonical\" href=\"https:\/\/www.monteescalier.net\/france\/monte-escalier-bas-rhin\/\" \/>\n<meta property=\"og:locale\" content=\"fr_FR\" \/>\n<meta property=\"og:type\" content=\"article\" \/>\n<meta property=\"og:title\" content=\"Monte escalier Bas-Rhin, Monte escalier Strasbourg - Monte escalier\" \/>\n<meta property=\"og:description\" content=\"Monte-escaliers pour vous sur tout le Bas-Rhin dont des villes comme Strasbourg, Schiltigheim, Haguenau ou encore Saverne.\" \/>\n<meta property=\"og:url\" content=\"https:\/\/www.monteescalier.net\/france\/monte-escalier-bas-rhin\/\" \/>\n<meta property=\"og:site_name\" content=\"Monte escalier\" \/>\n<meta property=\"article:modified_time\" content=\"2024-05-15T15:11:53+00:00\" \/>\n<meta property=\"og:image\" content=\"https:\/\/www.monteescalier.net\/france\/wp-content\/uploads\/2014\/10\/4devis-monte-escalier-photo-490.png\" \/>\n<meta name=\"twitter:card\" content=\"summary_large_image\" \/>\n<meta name=\"twitter:label1\" content=\"Dur\u00e9e de lecture estim\u00e9e\" \/>\n\t<meta name=\"twitter:data1\" content=\"1 minute\" \/>\n<script type=\"application\/ld+json\" class=\"yoast-schema-graph\">{\"@context\":\"https:\/\/schema.org\",\"@graph\":[{\"@type\":\"WebPage\",\"@id\":\"https:\/\/www.monteescalier.net\/france\/monte-escalier-bas-rhin\/\",\"url\":\"https:\/\/www.monteescalier.net\/france\/monte-escalier-bas-rhin\/\",\"name\":\"Monte escalier Bas-Rhin, Monte escalier Strasbourg - Monte escalier\",\"isPartOf\":{\"@id\":\"https:\/\/www.monteescalier.net\/france\/#website\"},\"primaryImageOfPage\":{\"@id\":\"https:\/\/www.monteescalier.net\/france\/monte-escalier-bas-rhin\/#primaryimage\"},\"image\":{\"@id\":\"https:\/\/www.monteescalier.net\/france\/monte-escalier-bas-rhin\/#primaryimage\"},\"thumbnailUrl\":\"https:\/\/www.monteescalier.net\/france\/wp-content\/uploads\/2014\/10\/4devis-monte-escalier-photo-490.png\",\"datePublished\":\"2024-03-30T10:24:00+00:00\",\"dateModified\":\"2024-05-15T15:11:53+00:00\",\"description\":\"Monte-escaliers pour vous sur tout le Bas-Rhin dont des villes comme Strasbourg, Schiltigheim, Haguenau ou encore Saverne.\",\"breadcrumb\":{\"@id\":\"https:\/\/www.monteescalier.net\/france\/monte-escalier-bas-rhin\/#breadcrumb\"},\"inLanguage\":\"fr-FR\",\"potentialAction\":[{\"@type\":\"ReadAction\",\"target\":[\"https:\/\/www.monteescalier.net\/france\/monte-escalier-bas-rhin\/\"]}]},{\"@type\":\"ImageObject\",\"inLanguage\":\"fr-FR\",\"@id\":\"https:\/\/www.monteescalier.net\/france\/monte-escalier-bas-rhin\/#primaryimage\",\"url\":\"https:\/\/www.monteescalier.net\/france\/wp-content\/uploads\/2014\/10\/4devis-monte-escalier-photo-490.png\",\"contentUrl\":\"https:\/\/www.monteescalier.net\/france\/wp-content\/uploads\/2014\/10\/4devis-monte-escalier-photo-490.png\",\"width\":490,\"height\":267},{\"@type\":\"BreadcrumbList\",\"@id\":\"https:\/\/www.monteescalier.net\/france\/monte-escalier-bas-rhin\/#breadcrumb\",\"itemListElement\":[{\"@type\":\"ListItem\",\"position\":1,\"name\":\"Accueil\",\"item\":\"https:\/\/www.monteescalier.net\/france\/\"},{\"@type\":\"ListItem\",\"position\":2,\"name\":\"Monte escalier Bas-Rhin, Monte escalier Strasbourg\"}]},{\"@type\":\"WebSite\",\"@id\":\"https:\/\/www.monteescalier.net\/france\/#website\",\"url\":\"https:\/\/www.monteescalier.net\/france\/\",\"name\":\"Monte escalier\",\"description\":\"\",\"publisher\":{\"@id\":\"https:\/\/www.monteescalier.net\/france\/#organization\"},\"potentialAction\":[{\"@type\":\"SearchAction\",\"target\":{\"@type\":\"EntryPoint\",\"urlTemplate\":\"https:\/\/www.monteescalier.net\/france\/?s={search_term_string}\"},\"query-input\":{\"@type\":\"PropertyValueSpecification\",\"valueRequired\":true,\"valueName\":\"search_term_string\"}}],\"inLanguage\":\"fr-FR\"},{\"@type\":\"Organization\",\"@id\":\"https:\/\/www.monteescalier.net\/france\/#organization\",\"name\":\"monte-escalier.net\",\"url\":\"https:\/\/www.monteescalier.net\/france\/\",\"logo\":{\"@type\":\"ImageObject\",\"inLanguage\":\"fr-FR\",\"@id\":\"https:\/\/www.monteescalier.net\/france\/#\/schema\/logo\/image\/\",\"url\":\"https:\/\/www.monteescalier.net\/france\/wp-content\/uploads\/2016\/10\/4devis-mont-escalier-500-500.gif\",\"contentUrl\":\"https:\/\/www.monteescalier.net\/france\/wp-content\/uploads\/2016\/10\/4devis-mont-escalier-500-500.gif\",\"width\":500,\"height\":500,\"caption\":\"monte-escalier.net\"},\"image\":{\"@id\":\"https:\/\/www.monteescalier.net\/france\/#\/schema\/logo\/image\/\"}}]}<\/script>\n<!-- \/ Yoast SEO plugin. -->","yoast_head_json":{"title":"Monte escalier Bas-Rhin, Monte escalier Strasbourg - Monte escalier","description":"Monte-escaliers pour vous sur tout le Bas-Rhin dont des villes comme Strasbourg, Schiltigheim, Haguenau ou encore Saverne.","robots":{"index":"index","follow":"follow","max-snippet":"max-snippet:-1","max-image-preview":"max-image-preview:large","max-video-preview":"max-video-preview:-1"},"canonical":"https:\/\/www.monteescalier.net\/france\/monte-escalier-bas-rhin\/","og_locale":"fr_FR","og_type":"article","og_title":"Monte escalier Bas-Rhin, Monte escalier Strasbourg - Monte escalier","og_description":"Monte-escaliers pour vous sur tout le Bas-Rhin dont des villes comme Strasbourg, Schiltigheim, Haguenau ou encore Saverne.","og_url":"https:\/\/www.monteescalier.net\/france\/monte-escalier-bas-rhin\/","og_site_name":"Monte escalier","article_modified_time":"2024-05-15T15:11:53+00:00","og_image":[{"url":"https:\/\/www.monteescalier.net\/france\/wp-content\/uploads\/2014\/10\/4devis-monte-escalier-photo-490.png","type":"","width":"","height":""}],"twitter_card":"summary_large_image","twitter_misc":{"Dur\u00e9e de lecture estim\u00e9e":"1 minute"},"schema":{"@context":"https:\/\/schema.org","@graph":[{"@type":"WebPage","@id":"https:\/\/www.monteescalier.net\/france\/monte-escalier-bas-rhin\/","url":"https:\/\/www.monteescalier.net\/france\/monte-escalier-bas-rhin\/","name":"Monte escalier Bas-Rhin, Monte escalier Strasbourg - Monte escalier","isPartOf":{"@id":"https:\/\/www.monteescalier.net\/france\/#website"},"primaryImageOfPage":{"@id":"https:\/\/www.monteescalier.net\/france\/monte-escalier-bas-rhin\/#primaryimage"},"image":{"@id":"https:\/\/www.monteescalier.net\/france\/monte-escalier-bas-rhin\/#primaryimage"},"thumbnailUrl":"https:\/\/www.monteescalier.net\/france\/wp-content\/uploads\/2014\/10\/4devis-monte-escalier-photo-490.png","datePublished":"2024-03-30T10:24:00+00:00","dateModified":"2024-05-15T15:11:53+00:00","description":"Monte-escaliers pour vous sur tout le Bas-Rhin dont des villes comme Strasbourg, Schiltigheim, Haguenau ou encore Saverne.","breadcrumb":{"@id":"https:\/\/www.monteescalier.net\/france\/monte-escalier-bas-rhin\/#breadcrumb"},"inLanguage":"fr-FR","potentialAction":[{"@type":"ReadAction","target":["https:\/\/www.monteescalier.net\/france\/monte-escalier-bas-rhin\/"]}]},{"@type":"ImageObject","inLanguage":"fr-FR","@id":"https:\/\/www.monteescalier.net\/france\/monte-escalier-bas-rhin\/#primaryimage","url":"https:\/\/www.monteescalier.net\/france\/wp-content\/uploads\/2014\/10\/4devis-monte-escalier-photo-490.png","contentUrl":"https:\/\/www.monteescalier.net\/france\/wp-content\/uploads\/2014\/10\/4devis-monte-escalier-photo-490.png","width":490,"height":267},{"@type":"BreadcrumbList","@id":"https:\/\/www.monteescalier.net\/france\/monte-escalier-bas-rhin\/#breadcrumb","itemListElement":[{"@type":"ListItem","position":1,"name":"Accueil","item":"https:\/\/www.monteescalier.net\/france\/"},{"@type":"ListItem","position":2,"name":"Monte escalier Bas-Rhin, Monte escalier Strasbourg"}]},{"@type":"WebSite","@id":"https:\/\/www.monteescalier.net\/france\/#website","url":"https:\/\/www.monteescalier.net\/france\/","name":"Monte escalier","description":"","publisher":{"@id":"https:\/\/www.monteescalier.net\/france\/#organization"},"potentialAction":[{"@type":"SearchAction","target":{"@type":"EntryPoint","urlTemplate":"https:\/\/www.monteescalier.net\/france\/?s={search_term_string}"},"query-input":{"@type":"PropertyValueSpecification","valueRequired":true,"valueName":"search_term_string"}}],"inLanguage":"fr-FR"},{"@type":"Organization","@id":"https:\/\/www.monteescalier.net\/france\/#organization","name":"monte-escalier.net","url":"https:\/\/www.monteescalier.net\/france\/","logo":{"@type":"ImageObject","inLanguage":"fr-FR","@id":"https:\/\/www.monteescalier.net\/france\/#\/schema\/logo\/image\/","url":"https:\/\/www.monteescalier.net\/france\/wp-content\/uploads\/2016\/10\/4devis-mont-escalier-500-500.gif","contentUrl":"https:\/\/www.monteescalier.net\/france\/wp-content\/uploads\/2016\/10\/4devis-mont-escalier-500-500.gif","width":500,"height":500,"caption":"monte-escalier.net"},"image":{"@id":"https:\/\/www.monteescalier.net\/france\/#\/schema\/logo\/image\/"}}]}},"_links":{"self":[{"href":"https:\/\/www.monteescalier.net\/france\/wp-json\/wp\/v2\/pages\/498","targetHints":{"allow":["GET"]}}],"collection":[{"href":"https:\/\/www.monteescalier.net\/france\/wp-json\/wp\/v2\/pages"}],"about":[{"href":"https:\/\/www.monteescalier.net\/france\/wp-json\/wp\/v2\/types\/page"}],"author":[{"embeddable":true,"href":"https:\/\/www.monteescalier.net\/france\/wp-json\/wp\/v2\/users\/1"}],"replies":[{"embeddable":true,"href":"https:\/\/www.monteescalier.net\/france\/wp-json\/wp\/v2\/comments?post=498"}],"version-history":[{"count":8,"href":"https:\/\/www.monteescalier.net\/france\/wp-json\/wp\/v2\/pages\/498\/revisions"}],"predecessor-version":[{"id":9065,"href":"https:\/\/www.monteescalier.net\/france\/wp-json\/wp\/v2\/pages\/498\/revisions\/9065"}],"wp:attachment":[{"href":"https:\/\/www.monteescalier.net\/france\/wp-json\/wp\/v2\/media?parent=498"}],"curies":[{"name":"wp","href":"https:\/\/api.w.org\/{rel}","templated":true}]}}