{"id":501,"date":"2024-02-10T11:34:38","date_gmt":"2024-02-10T10:34:38","guid":{"rendered":"https:\/\/www.monteescalier.net\/france\/?page_id=501"},"modified":"2024-05-15T17:00:42","modified_gmt":"2024-05-15T16:00:42","slug":"monte-escalier-haut-rhin","status":"publish","type":"page","link":"https:\/\/www.monteescalier.net\/france\/monte-escalier-haut-rhin\/","title":{"rendered":"Monte escalier Haut-Rhin, Colmar"},"content":{"rendered":"<p>[wpcol_1half id=\u00a0\u00bb\u00a0\u00bb class=\u00a0\u00bb\u00a0\u00bb style=\u00a0\u00bb\u00a0\u00bb]<\/p>\n<h1>Aupr\u00e8s de qui acheter\u00a0un monte escalier dans le Haut-Rhin ?<\/h1>\n<p><b>Principales villes dans le d\u00e9partement :<\/b><br \/>\n<a href=\"https:\/\/www.monteescalier.net\/france\/monte-escalier-colmar\/\">Monte escalier \u00e0 Colmar<\/a><br \/>\n<a href=\"https:\/\/www.monteescalier.net\/france\/monte-escalier-mulhouse\/\">Monte escalier \u00e0 Mulhouse<\/a><br \/>\n<a href=\"https:\/\/www.monteescalier.net\/france\/monte-escalier-ribeauville\/\">Monte escalier \u00e0 Ribeauvill\u00e9<\/a><\/p>\n<p style=\"text-align: justify;\">Un monte escalier dans une maison \u00e0 \u00e9tages peut dans certains cas vous permettre de continuer \u00e0 vivre comme avant dans votre maison pr\u00e9f\u00e9r\u00e9e. Encore faut-il choisir le bon installateur pour profiter d&rsquo;un \u00e9quipement conforme aux normes de s\u00e9curit\u00e9, de qualit\u00e9 et le tout \u00e0 un prix raisonnable.<\/p>\n<p style=\"text-align: justify;\">Gr\u00e2ce \u00e0 notre service de proximit\u00e9, nous pouvons vous mettre en relation avec notre s\u00e9lection de vendeurs de monte escalier en Alsace et dans le Haut Rhin en particulier, ce qui vous donnera la possibilit\u00e9 en remplissant un seul formulaire en ligne de comparer les prestataires et de pouvoir faire votre choix parmi un large \u00e9ventail de marques et de mod\u00e8les propos\u00e9s par nos revendeurs, installateurs et m\u00eame fabricants de monte escalier.<\/p>\n<p style=\"text-align: justify;\">Vous \u00eates Mulhouse, Saint Louis, Colmar Illzach, Kingersheim, Wittenheim, Rixheim, Guebwiller ou Riedisheim ? Nos soci\u00e9t\u00e9s partenaires de monte escalier dans votre d\u00e9partement vont vous proposer chacune un devis gratuit ainsi que tous les conseils n\u00e9cessaires pour la pose de votre monte escalier: l&rsquo;installation type n&rsquo;existe pas, avec les monte escaliers on est forc\u00e9ment presque toujours sur du sur-mesure. Alors interrogez nos pros c&rsquo;est gratuit.<\/p>\n<p style=\"text-align: justify;\">Habitants de Brunstatt, Cernay, Huningue, Wittelsheim, Ensisheim, Pfastatt, Wintzenheim ou Thann vous \u00eates \u00e9galement invit\u00e9s \u00e0 utiliser nos services gratuits! Vous pouvez vous aussi demander \u00e0 profiter de devis totalement gratuits ( 3 minimum) ou de la documentation gratuite sur les mod\u00e8les de monte escalier et des conseils des experts du monte escalier. Compl\u00e9tez le formulaire en ligne de votre choix, et vous n&rsquo;aurez plus qu&rsquo;\u00e0 comparer les offres que vous ne maquerez pas de recevoir de nos sp\u00e9cialistes du monte escalier en Alsace.<\/p>\n<p>&nbsp;<\/p>\n<p><a class=\"bt_lien\" href=\"https:\/\/www.monteescalier.net\/devis-gratuit.php\">\u00a0<\/a><\/p>\n<div class=\"bouton\">Cliquez ici pour obtenir plusieurs devis gratuitement<\/div>\n<p>&nbsp;<\/p>\n<p>[\/wpcol_1half] [wpcol_1half_end id=\u00a0\u00bb\u00a0\u00bb class=\u00a0\u00bb\u00a0\u00bb style=\u00a0\u00bb\u00a0\u00bb][\/wpcol_1half_end]<br \/>\n<a href=\"https:\/\/www.monteescalier.net\/devis-gratuit.php\" target=\"_blank\" rel=\"noopener noreferrer\"><img loading=\"lazy\" decoding=\"async\" class=\"alignnone size-full img_region\" src=\"https:\/\/www.monteescalier.net\/france\/wp-content\/uploads\/2014\/10\/4devis-monte-escalier-photo-490.png\" alt=\"Haut Rhin\" width=\"507\" height=\"485\" \/><\/a><br \/>\n<img loading=\"lazy\" decoding=\"async\" class=\"alignnone size-full img_region_2\" src=\"https:\/\/www.monteescalier.net\/france\/wp-content\/uploads\/2013\/07\/hautrhin.jpg\" alt=\"Haut Rhin\" width=\"507\" height=\"485\" \/><\/p>\n","protected":false},"excerpt":{"rendered":"<p>[wpcol_1half id=\u00a0\u00bb\u00a0\u00bb class=\u00a0\u00bb\u00a0\u00bb style=\u00a0\u00bb\u00a0\u00bb] Aupr\u00e8s de qui acheter\u00a0un monte escalier dans le Haut-Rhin ? Principales villes dans le d\u00e9partement : Monte escalier \u00e0 Colmar Monte escalier \u00e0 Mulhouse Monte escalier \u00e0 Ribeauvill\u00e9 Un monte escalier dans une maison \u00e0 \u00e9tages peut dans certains cas vous permettre de continuer \u00e0 vivre comme avant dans votre maison [&hellip;]<\/p>\n","protected":false},"author":1,"featured_media":0,"parent":0,"menu_order":0,"comment_status":"open","ping_status":"closed","template":"template4.php","meta":{"_monsterinsights_skip_tracking":false,"_monsterinsights_sitenote_active":false,"_monsterinsights_sitenote_note":"","_monsterinsights_sitenote_category":0,"footnotes":""},"class_list":["post-501","page","type-page","status-publish","hentry"],"yoast_head":"<!-- This site is optimized with the Yoast SEO plugin v26.3 - https:\/\/yoast.com\/wordpress\/plugins\/seo\/ -->\n<title>Monte escalier Haut-Rhin, Colmar - Monte escalier<\/title>\n<meta name=\"description\" content=\"Votre monte-escaliers en Haut-Rin \u00e0 proximit\u00e9 de Colmar, Mulhouse, Ribeauvill\u00e9 .\" \/>\n<meta name=\"robots\" content=\"index, follow, max-snippet:-1, max-image-preview:large, max-video-preview:-1\" \/>\n<link rel=\"canonical\" href=\"https:\/\/www.monteescalier.net\/france\/monte-escalier-haut-rhin\/\" \/>\n<meta property=\"og:locale\" content=\"fr_FR\" \/>\n<meta property=\"og:type\" content=\"article\" \/>\n<meta property=\"og:title\" content=\"Monte escalier Haut-Rhin, Colmar - Monte escalier\" \/>\n<meta property=\"og:description\" content=\"Votre monte-escaliers en Haut-Rin \u00e0 proximit\u00e9 de Colmar, Mulhouse, Ribeauvill\u00e9 .\" \/>\n<meta property=\"og:url\" content=\"https:\/\/www.monteescalier.net\/france\/monte-escalier-haut-rhin\/\" \/>\n<meta property=\"og:site_name\" content=\"Monte escalier\" \/>\n<meta property=\"article:modified_time\" content=\"2024-05-15T16:00:42+00:00\" \/>\n<meta property=\"og:image\" content=\"https:\/\/www.monteescalier.net\/france\/wp-content\/uploads\/2014\/10\/4devis-monte-escalier-photo-490.png\" \/>\n<meta name=\"twitter:card\" content=\"summary_large_image\" \/>\n<meta name=\"twitter:label1\" content=\"Dur\u00e9e de lecture estim\u00e9e\" \/>\n\t<meta name=\"twitter:data1\" content=\"2 minutes\" \/>\n<script type=\"application\/ld+json\" class=\"yoast-schema-graph\">{\"@context\":\"https:\/\/schema.org\",\"@graph\":[{\"@type\":\"WebPage\",\"@id\":\"https:\/\/www.monteescalier.net\/france\/monte-escalier-haut-rhin\/\",\"url\":\"https:\/\/www.monteescalier.net\/france\/monte-escalier-haut-rhin\/\",\"name\":\"Monte escalier Haut-Rhin, Colmar - Monte escalier\",\"isPartOf\":{\"@id\":\"https:\/\/www.monteescalier.net\/france\/#website\"},\"primaryImageOfPage\":{\"@id\":\"https:\/\/www.monteescalier.net\/france\/monte-escalier-haut-rhin\/#primaryimage\"},\"image\":{\"@id\":\"https:\/\/www.monteescalier.net\/france\/monte-escalier-haut-rhin\/#primaryimage\"},\"thumbnailUrl\":\"https:\/\/www.monteescalier.net\/france\/wp-content\/uploads\/2014\/10\/4devis-monte-escalier-photo-490.png\",\"datePublished\":\"2024-02-10T10:34:38+00:00\",\"dateModified\":\"2024-05-15T16:00:42+00:00\",\"description\":\"Votre monte-escaliers en Haut-Rin \u00e0 proximit\u00e9 de Colmar, Mulhouse, Ribeauvill\u00e9 .\",\"breadcrumb\":{\"@id\":\"https:\/\/www.monteescalier.net\/france\/monte-escalier-haut-rhin\/#breadcrumb\"},\"inLanguage\":\"fr-FR\",\"potentialAction\":[{\"@type\":\"ReadAction\",\"target\":[\"https:\/\/www.monteescalier.net\/france\/monte-escalier-haut-rhin\/\"]}]},{\"@type\":\"ImageObject\",\"inLanguage\":\"fr-FR\",\"@id\":\"https:\/\/www.monteescalier.net\/france\/monte-escalier-haut-rhin\/#primaryimage\",\"url\":\"https:\/\/www.monteescalier.net\/france\/wp-content\/uploads\/2014\/10\/4devis-monte-escalier-photo-490.png\",\"contentUrl\":\"https:\/\/www.monteescalier.net\/france\/wp-content\/uploads\/2014\/10\/4devis-monte-escalier-photo-490.png\",\"width\":490,\"height\":267},{\"@type\":\"BreadcrumbList\",\"@id\":\"https:\/\/www.monteescalier.net\/france\/monte-escalier-haut-rhin\/#breadcrumb\",\"itemListElement\":[{\"@type\":\"ListItem\",\"position\":1,\"name\":\"Accueil\",\"item\":\"https:\/\/www.monteescalier.net\/france\/\"},{\"@type\":\"ListItem\",\"position\":2,\"name\":\"Monte escalier Haut-Rhin, Colmar\"}]},{\"@type\":\"WebSite\",\"@id\":\"https:\/\/www.monteescalier.net\/france\/#website\",\"url\":\"https:\/\/www.monteescalier.net\/france\/\",\"name\":\"Monte escalier\",\"description\":\"\",\"publisher\":{\"@id\":\"https:\/\/www.monteescalier.net\/france\/#organization\"},\"potentialAction\":[{\"@type\":\"SearchAction\",\"target\":{\"@type\":\"EntryPoint\",\"urlTemplate\":\"https:\/\/www.monteescalier.net\/france\/?s={search_term_string}\"},\"query-input\":{\"@type\":\"PropertyValueSpecification\",\"valueRequired\":true,\"valueName\":\"search_term_string\"}}],\"inLanguage\":\"fr-FR\"},{\"@type\":\"Organization\",\"@id\":\"https:\/\/www.monteescalier.net\/france\/#organization\",\"name\":\"monte-escalier.net\",\"url\":\"https:\/\/www.monteescalier.net\/france\/\",\"logo\":{\"@type\":\"ImageObject\",\"inLanguage\":\"fr-FR\",\"@id\":\"https:\/\/www.monteescalier.net\/france\/#\/schema\/logo\/image\/\",\"url\":\"https:\/\/www.monteescalier.net\/france\/wp-content\/uploads\/2016\/10\/4devis-mont-escalier-500-500.gif\",\"contentUrl\":\"https:\/\/www.monteescalier.net\/france\/wp-content\/uploads\/2016\/10\/4devis-mont-escalier-500-500.gif\",\"width\":500,\"height\":500,\"caption\":\"monte-escalier.net\"},\"image\":{\"@id\":\"https:\/\/www.monteescalier.net\/france\/#\/schema\/logo\/image\/\"}}]}<\/script>\n<!-- \/ Yoast SEO plugin. -->","yoast_head_json":{"title":"Monte escalier Haut-Rhin, Colmar - Monte escalier","description":"Votre monte-escaliers en Haut-Rin \u00e0 proximit\u00e9 de Colmar, Mulhouse, Ribeauvill\u00e9 .","robots":{"index":"index","follow":"follow","max-snippet":"max-snippet:-1","max-image-preview":"max-image-preview:large","max-video-preview":"max-video-preview:-1"},"canonical":"https:\/\/www.monteescalier.net\/france\/monte-escalier-haut-rhin\/","og_locale":"fr_FR","og_type":"article","og_title":"Monte escalier Haut-Rhin, Colmar - Monte escalier","og_description":"Votre monte-escaliers en Haut-Rin \u00e0 proximit\u00e9 de Colmar, Mulhouse, Ribeauvill\u00e9 .","og_url":"https:\/\/www.monteescalier.net\/france\/monte-escalier-haut-rhin\/","og_site_name":"Monte escalier","article_modified_time":"2024-05-15T16:00:42+00:00","og_image":[{"url":"https:\/\/www.monteescalier.net\/france\/wp-content\/uploads\/2014\/10\/4devis-monte-escalier-photo-490.png","type":"","width":"","height":""}],"twitter_card":"summary_large_image","twitter_misc":{"Dur\u00e9e de lecture estim\u00e9e":"2 minutes"},"schema":{"@context":"https:\/\/schema.org","@graph":[{"@type":"WebPage","@id":"https:\/\/www.monteescalier.net\/france\/monte-escalier-haut-rhin\/","url":"https:\/\/www.monteescalier.net\/france\/monte-escalier-haut-rhin\/","name":"Monte escalier Haut-Rhin, Colmar - Monte escalier","isPartOf":{"@id":"https:\/\/www.monteescalier.net\/france\/#website"},"primaryImageOfPage":{"@id":"https:\/\/www.monteescalier.net\/france\/monte-escalier-haut-rhin\/#primaryimage"},"image":{"@id":"https:\/\/www.monteescalier.net\/france\/monte-escalier-haut-rhin\/#primaryimage"},"thumbnailUrl":"https:\/\/www.monteescalier.net\/france\/wp-content\/uploads\/2014\/10\/4devis-monte-escalier-photo-490.png","datePublished":"2024-02-10T10:34:38+00:00","dateModified":"2024-05-15T16:00:42+00:00","description":"Votre monte-escaliers en Haut-Rin \u00e0 proximit\u00e9 de Colmar, Mulhouse, Ribeauvill\u00e9 .","breadcrumb":{"@id":"https:\/\/www.monteescalier.net\/france\/monte-escalier-haut-rhin\/#breadcrumb"},"inLanguage":"fr-FR","potentialAction":[{"@type":"ReadAction","target":["https:\/\/www.monteescalier.net\/france\/monte-escalier-haut-rhin\/"]}]},{"@type":"ImageObject","inLanguage":"fr-FR","@id":"https:\/\/www.monteescalier.net\/france\/monte-escalier-haut-rhin\/#primaryimage","url":"https:\/\/www.monteescalier.net\/france\/wp-content\/uploads\/2014\/10\/4devis-monte-escalier-photo-490.png","contentUrl":"https:\/\/www.monteescalier.net\/france\/wp-content\/uploads\/2014\/10\/4devis-monte-escalier-photo-490.png","width":490,"height":267},{"@type":"BreadcrumbList","@id":"https:\/\/www.monteescalier.net\/france\/monte-escalier-haut-rhin\/#breadcrumb","itemListElement":[{"@type":"ListItem","position":1,"name":"Accueil","item":"https:\/\/www.monteescalier.net\/france\/"},{"@type":"ListItem","position":2,"name":"Monte escalier Haut-Rhin, Colmar"}]},{"@type":"WebSite","@id":"https:\/\/www.monteescalier.net\/france\/#website","url":"https:\/\/www.monteescalier.net\/france\/","name":"Monte escalier","description":"","publisher":{"@id":"https:\/\/www.monteescalier.net\/france\/#organization"},"potentialAction":[{"@type":"SearchAction","target":{"@type":"EntryPoint","urlTemplate":"https:\/\/www.monteescalier.net\/france\/?s={search_term_string}"},"query-input":{"@type":"PropertyValueSpecification","valueRequired":true,"valueName":"search_term_string"}}],"inLanguage":"fr-FR"},{"@type":"Organization","@id":"https:\/\/www.monteescalier.net\/france\/#organization","name":"monte-escalier.net","url":"https:\/\/www.monteescalier.net\/france\/","logo":{"@type":"ImageObject","inLanguage":"fr-FR","@id":"https:\/\/www.monteescalier.net\/france\/#\/schema\/logo\/image\/","url":"https:\/\/www.monteescalier.net\/france\/wp-content\/uploads\/2016\/10\/4devis-mont-escalier-500-500.gif","contentUrl":"https:\/\/www.monteescalier.net\/france\/wp-content\/uploads\/2016\/10\/4devis-mont-escalier-500-500.gif","width":500,"height":500,"caption":"monte-escalier.net"},"image":{"@id":"https:\/\/www.monteescalier.net\/france\/#\/schema\/logo\/image\/"}}]}},"_links":{"self":[{"href":"https:\/\/www.monteescalier.net\/france\/wp-json\/wp\/v2\/pages\/501","targetHints":{"allow":["GET"]}}],"collection":[{"href":"https:\/\/www.monteescalier.net\/france\/wp-json\/wp\/v2\/pages"}],"about":[{"href":"https:\/\/www.monteescalier.net\/france\/wp-json\/wp\/v2\/types\/page"}],"author":[{"embeddable":true,"href":"https:\/\/www.monteescalier.net\/france\/wp-json\/wp\/v2\/users\/1"}],"replies":[{"embeddable":true,"href":"https:\/\/www.monteescalier.net\/france\/wp-json\/wp\/v2\/comments?post=501"}],"version-history":[{"count":6,"href":"https:\/\/www.monteescalier.net\/france\/wp-json\/wp\/v2\/pages\/501\/revisions"}],"predecessor-version":[{"id":9125,"href":"https:\/\/www.monteescalier.net\/france\/wp-json\/wp\/v2\/pages\/501\/revisions\/9125"}],"wp:attachment":[{"href":"https:\/\/www.monteescalier.net\/france\/wp-json\/wp\/v2\/media?parent=501"}],"curies":[{"name":"wp","href":"https:\/\/api.w.org\/{rel}","templated":true}]}}