{"id":504,"date":"2024-02-26T12:06:12","date_gmt":"2024-02-26T11:06:12","guid":{"rendered":"https:\/\/www.monteescalier.net\/france\/?page_id=504"},"modified":"2024-05-15T16:19:49","modified_gmt":"2024-05-15T15:19:49","slug":"monte-escalier-creuse","status":"publish","type":"page","link":"https:\/\/www.monteescalier.net\/france\/monte-escalier-creuse\/","title":{"rendered":"Monte escalier Creuse, Monte escalier Gu\u00e9ret"},"content":{"rendered":"<div class='content-column one_half'><div style=\"padding-right:19px;\"><h1>Acheter votre monte escalier dans la Creuse<\/h1>\n<p><b>Des propositions pour votre logement :<\/b><br \/>\n<a href=\"https:\/\/www.monteescalier.net\/france\/monte-escalier-gueret\/\">Des monte escaliers \u00e0 Gu\u00e9ret<\/a><br \/>\n<a href=\"https:\/\/www.monteescalier.net\/france\/monte-escalier-aubusson\/\">Des monte escaliers \u00e0 Aubusson<\/a><br \/>\n<a href=\"https:\/\/www.monteescalier.net\/france\/monte-escalier-la-Souterraine\/\">Des monte escaliers \u00e0 La Souterraine<\/a><\/p>\n<p>publi\u00e9 le 26\/12\/2019<\/p>\n<p style=\"text-align: justify;\">Vous avez besoin d&rsquo;un monte escalier pour votre maison dans la Creuse? Sur monteescalier.net, nous vous mettons en relation directe avec notre s\u00e9lection d&rsquo;installateurs les plus performants sur le d\u00e9partement de la Creuse.<\/p>\n<p style=\"text-align: justify;\">Les installateurs de monte escalier de notre s\u00e9lection peuvent intervenir dans les 2 arrondissements du d\u00e9partement, que ce soit l&rsquo;arrondissement de Gueret ou celui d&rsquo;Aubusson. Que votre projet escalier soit pr\u00e9vue \u00e0 La Souterraine, \u00e0 Bourganeuf, \u00e0 Saint Sulpice le Gu\u00e9r\u00e9tois, Saint Vaury, Gouzon, Sainte Feyre, Felletin, Ahun, Gouzon ou encore Dun le Palestel, Boussac, Saint Maurice la Souterraine, Auzances, Le Grand Bourg ou Bonnat, nos installateurs professionnels partenaires vous r\u00e9pondront dans des d\u00e9lais tr\u00e8s rapides, et seront en mesure de vous faire des propositions concr\u00e8tes pour l&rsquo;installation de votre monte escalier dans votre demeure dans la Creuse.<\/p>\n<p style=\"text-align: justify;\">Vous voulez comparer les offres ? il n&rsquo;y a pas de meilleur moyen que de mettre toutes les propositions sur le m\u00eame plan et de faire votre choix. Tous nos revendeurs de monte escalier dans la Creuse s&rsquo;engagent pour vous proposer des devis totalement gratuit et sans engagement que ce soit pour un monte escalier droit ou un monte escalier tournant voire un mini ascenseur.<\/p>\n<p style=\"text-align: justify;\">Sinon la demande de rappel peut vous permettre de profiter des conseils de nos experts partenaires par t\u00e9l\u00e9phone pour \u00e9changer avec vous sur votre projet de monte escalier en toute franchise et en toute libert\u00e9. Trouvez gr\u00e2ce \u00e0 nous le professionnel avec lequel le courant passe le mieux et qui saura faire de votre projet de monte escalier un achat r\u00e9ussi qui vous donnera enti\u00e8rement satisfaction.<\/p>\n<p style=\"text-align: justify;\">Nos installateurs de monte escalier partenaires de monteescalier.net peuvent r\u00e9aliser des installations dans toutes les communes du d\u00e9partement. Ne perdez donc pas une seconde et saisissez vos coordonn\u00e9es dans notre formulaire en ligne pour recevoir gratuitement les infos et les devis pour l&rsquo;installation de votre monte escalier \u00e0 domicile.<\/p>\n<p>&nbsp;<\/p>\n<div class=\"bouton\" onclick=\"location.href='https:\/\/www.monteescalier.net\/devis-gratuit.php'\">Cliquez ici pour obtenir des devis gratuitement<\/div><\/div><\/div><div class='content-column one_half last_column'><a href=\"https:\/\/www.monteescalier.net\/devis-gratuit.php\" target=\"_blank\" rel=\"noopener noreferrer\"><img loading=\"lazy\" decoding=\"async\" class=\"alignnone size-full img_region\" src=\"https:\/\/www.monteescalier.net\/france\/wp-content\/uploads\/2014\/10\/4devis-monte-escalier-photo-490.png\" alt=\"Creuse monte escalier\" width=\"507\" height=\"485\" \/><\/a><br \/>\n<img loading=\"lazy\" decoding=\"async\" class=\"alignnone size-full img_region_2\" src=\"https:\/\/www.monteescalier.net\/france\/wp-content\/uploads\/2013\/07\/creuse.jpg\" alt=\"Monte Escalier Creuse\" width=\"507\" height=\"485\" \/><\/div><div class='clear_column'><\/div><\/p>\n","protected":false},"excerpt":{"rendered":"","protected":false},"author":1,"featured_media":0,"parent":0,"menu_order":0,"comment_status":"open","ping_status":"closed","template":"template1.php","meta":{"_monsterinsights_skip_tracking":false,"_monsterinsights_sitenote_active":false,"_monsterinsights_sitenote_note":"","_monsterinsights_sitenote_category":0,"footnotes":""},"class_list":["post-504","page","type-page","status-publish","hentry"],"yoast_head":"<!-- This site is optimized with the Yoast SEO plugin v26.3 - https:\/\/yoast.com\/wordpress\/plugins\/seo\/ -->\n<title>Monte escalier Creuse, Monte escalier Gu\u00e9ret - Monte escalier<\/title>\n<meta name=\"description\" content=\"Liste de nos monte escalier de qualit\u00e9 dans la Creuse : Gu\u00e9ret, Aubusson, Bonnat.\" \/>\n<meta name=\"robots\" content=\"index, follow, max-snippet:-1, max-image-preview:large, max-video-preview:-1\" \/>\n<link rel=\"canonical\" href=\"https:\/\/www.monteescalier.net\/france\/monte-escalier-creuse\/\" \/>\n<meta property=\"og:locale\" content=\"fr_FR\" \/>\n<meta property=\"og:type\" content=\"article\" \/>\n<meta property=\"og:title\" content=\"Monte escalier Creuse, Monte escalier Gu\u00e9ret - Monte escalier\" \/>\n<meta property=\"og:description\" content=\"Liste de nos monte escalier de qualit\u00e9 dans la Creuse : Gu\u00e9ret, Aubusson, Bonnat.\" \/>\n<meta property=\"og:url\" content=\"https:\/\/www.monteescalier.net\/france\/monte-escalier-creuse\/\" \/>\n<meta property=\"og:site_name\" content=\"Monte escalier\" \/>\n<meta property=\"article:modified_time\" content=\"2024-05-15T15:19:49+00:00\" \/>\n<meta property=\"og:image\" content=\"https:\/\/www.monteescalier.net\/france\/wp-content\/uploads\/2014\/10\/4devis-monte-escalier-photo-490.png\" \/>\n<meta name=\"twitter:card\" content=\"summary_large_image\" \/>\n<meta name=\"twitter:label1\" content=\"Dur\u00e9e de lecture estim\u00e9e\" \/>\n\t<meta name=\"twitter:data1\" content=\"2 minutes\" \/>\n<script type=\"application\/ld+json\" class=\"yoast-schema-graph\">{\"@context\":\"https:\/\/schema.org\",\"@graph\":[{\"@type\":\"WebPage\",\"@id\":\"https:\/\/www.monteescalier.net\/france\/monte-escalier-creuse\/\",\"url\":\"https:\/\/www.monteescalier.net\/france\/monte-escalier-creuse\/\",\"name\":\"Monte escalier Creuse, Monte escalier Gu\u00e9ret - Monte escalier\",\"isPartOf\":{\"@id\":\"https:\/\/www.monteescalier.net\/france\/#website\"},\"primaryImageOfPage\":{\"@id\":\"https:\/\/www.monteescalier.net\/france\/monte-escalier-creuse\/#primaryimage\"},\"image\":{\"@id\":\"https:\/\/www.monteescalier.net\/france\/monte-escalier-creuse\/#primaryimage\"},\"thumbnailUrl\":\"https:\/\/www.monteescalier.net\/france\/wp-content\/uploads\/2014\/10\/4devis-monte-escalier-photo-490.png\",\"datePublished\":\"2024-02-26T11:06:12+00:00\",\"dateModified\":\"2024-05-15T15:19:49+00:00\",\"description\":\"Liste de nos monte escalier de qualit\u00e9 dans la Creuse : Gu\u00e9ret, Aubusson, Bonnat.\",\"breadcrumb\":{\"@id\":\"https:\/\/www.monteescalier.net\/france\/monte-escalier-creuse\/#breadcrumb\"},\"inLanguage\":\"fr-FR\",\"potentialAction\":[{\"@type\":\"ReadAction\",\"target\":[\"https:\/\/www.monteescalier.net\/france\/monte-escalier-creuse\/\"]}]},{\"@type\":\"ImageObject\",\"inLanguage\":\"fr-FR\",\"@id\":\"https:\/\/www.monteescalier.net\/france\/monte-escalier-creuse\/#primaryimage\",\"url\":\"https:\/\/www.monteescalier.net\/france\/wp-content\/uploads\/2014\/10\/4devis-monte-escalier-photo-490.png\",\"contentUrl\":\"https:\/\/www.monteescalier.net\/france\/wp-content\/uploads\/2014\/10\/4devis-monte-escalier-photo-490.png\",\"width\":490,\"height\":267},{\"@type\":\"BreadcrumbList\",\"@id\":\"https:\/\/www.monteescalier.net\/france\/monte-escalier-creuse\/#breadcrumb\",\"itemListElement\":[{\"@type\":\"ListItem\",\"position\":1,\"name\":\"Accueil\",\"item\":\"https:\/\/www.monteescalier.net\/france\/\"},{\"@type\":\"ListItem\",\"position\":2,\"name\":\"Monte escalier Creuse, Monte escalier Gu\u00e9ret\"}]},{\"@type\":\"WebSite\",\"@id\":\"https:\/\/www.monteescalier.net\/france\/#website\",\"url\":\"https:\/\/www.monteescalier.net\/france\/\",\"name\":\"Monte escalier\",\"description\":\"\",\"publisher\":{\"@id\":\"https:\/\/www.monteescalier.net\/france\/#organization\"},\"potentialAction\":[{\"@type\":\"SearchAction\",\"target\":{\"@type\":\"EntryPoint\",\"urlTemplate\":\"https:\/\/www.monteescalier.net\/france\/?s={search_term_string}\"},\"query-input\":{\"@type\":\"PropertyValueSpecification\",\"valueRequired\":true,\"valueName\":\"search_term_string\"}}],\"inLanguage\":\"fr-FR\"},{\"@type\":\"Organization\",\"@id\":\"https:\/\/www.monteescalier.net\/france\/#organization\",\"name\":\"monte-escalier.net\",\"url\":\"https:\/\/www.monteescalier.net\/france\/\",\"logo\":{\"@type\":\"ImageObject\",\"inLanguage\":\"fr-FR\",\"@id\":\"https:\/\/www.monteescalier.net\/france\/#\/schema\/logo\/image\/\",\"url\":\"https:\/\/www.monteescalier.net\/france\/wp-content\/uploads\/2016\/10\/4devis-mont-escalier-500-500.gif\",\"contentUrl\":\"https:\/\/www.monteescalier.net\/france\/wp-content\/uploads\/2016\/10\/4devis-mont-escalier-500-500.gif\",\"width\":500,\"height\":500,\"caption\":\"monte-escalier.net\"},\"image\":{\"@id\":\"https:\/\/www.monteescalier.net\/france\/#\/schema\/logo\/image\/\"}}]}<\/script>\n<!-- \/ Yoast SEO plugin. -->","yoast_head_json":{"title":"Monte escalier Creuse, Monte escalier Gu\u00e9ret - Monte escalier","description":"Liste de nos monte escalier de qualit\u00e9 dans la Creuse : Gu\u00e9ret, Aubusson, Bonnat.","robots":{"index":"index","follow":"follow","max-snippet":"max-snippet:-1","max-image-preview":"max-image-preview:large","max-video-preview":"max-video-preview:-1"},"canonical":"https:\/\/www.monteescalier.net\/france\/monte-escalier-creuse\/","og_locale":"fr_FR","og_type":"article","og_title":"Monte escalier Creuse, Monte escalier Gu\u00e9ret - Monte escalier","og_description":"Liste de nos monte escalier de qualit\u00e9 dans la Creuse : Gu\u00e9ret, Aubusson, Bonnat.","og_url":"https:\/\/www.monteescalier.net\/france\/monte-escalier-creuse\/","og_site_name":"Monte escalier","article_modified_time":"2024-05-15T15:19:49+00:00","og_image":[{"url":"https:\/\/www.monteescalier.net\/france\/wp-content\/uploads\/2014\/10\/4devis-monte-escalier-photo-490.png","type":"","width":"","height":""}],"twitter_card":"summary_large_image","twitter_misc":{"Dur\u00e9e de lecture estim\u00e9e":"2 minutes"},"schema":{"@context":"https:\/\/schema.org","@graph":[{"@type":"WebPage","@id":"https:\/\/www.monteescalier.net\/france\/monte-escalier-creuse\/","url":"https:\/\/www.monteescalier.net\/france\/monte-escalier-creuse\/","name":"Monte escalier Creuse, Monte escalier Gu\u00e9ret - Monte escalier","isPartOf":{"@id":"https:\/\/www.monteescalier.net\/france\/#website"},"primaryImageOfPage":{"@id":"https:\/\/www.monteescalier.net\/france\/monte-escalier-creuse\/#primaryimage"},"image":{"@id":"https:\/\/www.monteescalier.net\/france\/monte-escalier-creuse\/#primaryimage"},"thumbnailUrl":"https:\/\/www.monteescalier.net\/france\/wp-content\/uploads\/2014\/10\/4devis-monte-escalier-photo-490.png","datePublished":"2024-02-26T11:06:12+00:00","dateModified":"2024-05-15T15:19:49+00:00","description":"Liste de nos monte escalier de qualit\u00e9 dans la Creuse : Gu\u00e9ret, Aubusson, Bonnat.","breadcrumb":{"@id":"https:\/\/www.monteescalier.net\/france\/monte-escalier-creuse\/#breadcrumb"},"inLanguage":"fr-FR","potentialAction":[{"@type":"ReadAction","target":["https:\/\/www.monteescalier.net\/france\/monte-escalier-creuse\/"]}]},{"@type":"ImageObject","inLanguage":"fr-FR","@id":"https:\/\/www.monteescalier.net\/france\/monte-escalier-creuse\/#primaryimage","url":"https:\/\/www.monteescalier.net\/france\/wp-content\/uploads\/2014\/10\/4devis-monte-escalier-photo-490.png","contentUrl":"https:\/\/www.monteescalier.net\/france\/wp-content\/uploads\/2014\/10\/4devis-monte-escalier-photo-490.png","width":490,"height":267},{"@type":"BreadcrumbList","@id":"https:\/\/www.monteescalier.net\/france\/monte-escalier-creuse\/#breadcrumb","itemListElement":[{"@type":"ListItem","position":1,"name":"Accueil","item":"https:\/\/www.monteescalier.net\/france\/"},{"@type":"ListItem","position":2,"name":"Monte escalier Creuse, Monte escalier Gu\u00e9ret"}]},{"@type":"WebSite","@id":"https:\/\/www.monteescalier.net\/france\/#website","url":"https:\/\/www.monteescalier.net\/france\/","name":"Monte escalier","description":"","publisher":{"@id":"https:\/\/www.monteescalier.net\/france\/#organization"},"potentialAction":[{"@type":"SearchAction","target":{"@type":"EntryPoint","urlTemplate":"https:\/\/www.monteescalier.net\/france\/?s={search_term_string}"},"query-input":{"@type":"PropertyValueSpecification","valueRequired":true,"valueName":"search_term_string"}}],"inLanguage":"fr-FR"},{"@type":"Organization","@id":"https:\/\/www.monteescalier.net\/france\/#organization","name":"monte-escalier.net","url":"https:\/\/www.monteescalier.net\/france\/","logo":{"@type":"ImageObject","inLanguage":"fr-FR","@id":"https:\/\/www.monteescalier.net\/france\/#\/schema\/logo\/image\/","url":"https:\/\/www.monteescalier.net\/france\/wp-content\/uploads\/2016\/10\/4devis-mont-escalier-500-500.gif","contentUrl":"https:\/\/www.monteescalier.net\/france\/wp-content\/uploads\/2016\/10\/4devis-mont-escalier-500-500.gif","width":500,"height":500,"caption":"monte-escalier.net"},"image":{"@id":"https:\/\/www.monteescalier.net\/france\/#\/schema\/logo\/image\/"}}]}},"_links":{"self":[{"href":"https:\/\/www.monteescalier.net\/france\/wp-json\/wp\/v2\/pages\/504","targetHints":{"allow":["GET"]}}],"collection":[{"href":"https:\/\/www.monteescalier.net\/france\/wp-json\/wp\/v2\/pages"}],"about":[{"href":"https:\/\/www.monteescalier.net\/france\/wp-json\/wp\/v2\/types\/page"}],"author":[{"embeddable":true,"href":"https:\/\/www.monteescalier.net\/france\/wp-json\/wp\/v2\/users\/1"}],"replies":[{"embeddable":true,"href":"https:\/\/www.monteescalier.net\/france\/wp-json\/wp\/v2\/comments?post=504"}],"version-history":[{"count":8,"href":"https:\/\/www.monteescalier.net\/france\/wp-json\/wp\/v2\/pages\/504\/revisions"}],"predecessor-version":[{"id":9077,"href":"https:\/\/www.monteescalier.net\/france\/wp-json\/wp\/v2\/pages\/504\/revisions\/9077"}],"wp:attachment":[{"href":"https:\/\/www.monteescalier.net\/france\/wp-json\/wp\/v2\/media?parent=504"}],"curies":[{"name":"wp","href":"https:\/\/api.w.org\/{rel}","templated":true}]}}