{"id":5097,"date":"2019-02-26T10:48:09","date_gmt":"2019-02-26T09:48:09","guid":{"rendered":"https:\/\/www.monteescalier.net\/france\/?page_id=5097"},"modified":"2020-01-16T11:49:42","modified_gmt":"2020-01-16T10:49:42","slug":"monte-escalier-cailloux-sur-fontaines","status":"publish","type":"page","link":"https:\/\/www.monteescalier.net\/france\/monte-escalier-cailloux-sur-fontaines\/","title":{"rendered":"Monte escalier Cailloux-sur-Fontaines"},"content":{"rendered":"<h1>Quel vendeur de monte escalier choisir \u00e0 Cailloux-sur-Fontaines<\/h1>\n<div class=\"boite_texte\">\n<div style=\"text-align: justify; margin-bottom: 10px;\">Qui contacter pour un monte escalier \u00e0 Cailloux-sur-Fontaines ? C&rsquo;est \u00e0 cette interrogationque le site monteescalier.net vous propose d&rsquo;apporter la r\u00e9ponse en vous proposant ses services exclusifs.<\/div>\n<div style=\"text-align: justify; margin-bottom: 10px;\">Notre site est une passerelle entre les possibles acqu\u00e9reurs de monte escalier et les installateurs. En quelques clics vous serez mis en contact avec notre s\u00e9lection de vendeurs de monte escalier sur Cailloux-sur-Fontaines.<\/div>\n<div style=\"text-align: justify; margin-bottom: 10px;\">Vous manquez de temps pour chercher tous les revendeurs de monte escalier de Cailloux-sur-Fontaines pour choisir le meilleur, sachez que nous pouvons le faire pour vous. Remplissez simplement un formulaire de devis en ligne et nos professionnels partenaires seront tr\u00e8s heureux de pouvoir vous en proposer chacun un : car pour faire un choix, il faut avoir le choix !<\/div>\n<div style=\"text-align: justify; margin-bottom: 10px;\">L&rsquo;installation d&rsquo;un monte escalier est une op\u00e9ration tr\u00e8s technique qui n\u00e9cessite une pr\u00e9paration minutieuse et ainsi garantir votre s\u00e9curit\u00e9 sur le fauteuil monte escalier. Il est donc normal que vous vous posiez des questions sur cette installation. Pour lever vos inqui\u00e9tudes, nous vous proposons de remplir une demande de rappel afin que nos partenaires experts puissent vous rappeler et vous donner par t\u00e9l\u00e9phone leurs avis respectifs sur la mise en place de votre monte escalier.<\/div>\n<div style=\"text-align: justify; margin-bottom: 10px;\">Pour faire votre choix, vous pouvez aussi vouloir comparer les caract\u00e9ristiques d\u00e9taill\u00e9es des fauteuils monte escalier des diff\u00e9rentes marques disponibles \u00e0 la vente.le mieux dans ce cas est de vous servir de notre formulaire de demande de documentation que vous trouverez sur notre site. Par courriel ou par courrier traditionnel, vous recevrez gratuitement toutes les infos n\u00e9cessaires qui vous permettront de comparer \u00e0 t\u00eate repos\u00e9e les diff\u00e9rents mod\u00e8les de monte escalier.<\/div>\n<div style=\"text-align: justify; margin-bottom: 10px;\">Il est important de rappeler que tous nos services sont totalement gratuits pour les acqu\u00e9reurs potentiels de monte escalier. N&rsquo;h\u00e9sitez pas \u00e0 remplir un formulaire, c&rsquo;est \u00e9galement sans engagement.<\/div>\n<\/div>\n<div class=\"titre_liens\">Dans la r\u00e9gion nous proposons \u00e9galement nos services \u00e0 :<\/div>\n<div class=\"boite_liens\"><a href=\"https:\/\/www.monteescalier.net\/france\/monte-escalier-thizy\">Monte escalier Thizy<\/a><br \/>\n<a href=\"https:\/\/www.monteescalier.net\/france\/monte-escalier-toussieu\">Monte escalier Toussieu<\/a><br \/>\n<a href=\"https:\/\/www.monteescalier.net\/france\/monte-escalier-pontcharra-sur-turdine\">Monte escalier Pontcharra-sur-Turdine<\/a><br \/>\n<a href=\"https:\/\/www.monteescalier.net\/france\/monte-escalier-saint-pierre-la-palud\">Monte escalier Saint-Pierre-la-Palud<\/a><br \/>\n<a href=\"https:\/\/www.monteescalier.net\/france\/monte-escalier-colombier-saugnieu\">Monte escalier Colombier-Saugnieu<\/a><\/div>\n","protected":false},"excerpt":{"rendered":"<p>Quel vendeur de monte escalier choisir \u00e0 Cailloux-sur-Fontaines Qui contacter pour un monte escalier \u00e0 Cailloux-sur-Fontaines ? C&rsquo;est \u00e0 cette interrogationque le site monteescalier.net vous propose d&rsquo;apporter la r\u00e9ponse en vous proposant ses services exclusifs. Notre site est une passerelle entre les possibles acqu\u00e9reurs de monte escalier et les installateurs. En quelques clics vous serez [&hellip;]<\/p>\n","protected":false},"author":1,"featured_media":0,"parent":0,"menu_order":0,"comment_status":"closed","ping_status":"open","template":"template_ville_5.php","meta":{"_monsterinsights_skip_tracking":false,"_monsterinsights_sitenote_active":false,"_monsterinsights_sitenote_note":"","_monsterinsights_sitenote_category":0,"footnotes":""},"class_list":["post-5097","page","type-page","status-publish","hentry"],"yoast_head":"<!-- This site is optimized with the Yoast SEO plugin v26.3 - https:\/\/yoast.com\/wordpress\/plugins\/seo\/ -->\n<title>Monte escalier Cailloux-sur-Fontaines - Monte escalier<\/title>\n<meta name=\"robots\" content=\"index, follow, max-snippet:-1, max-image-preview:large, max-video-preview:-1\" \/>\n<link rel=\"canonical\" href=\"https:\/\/www.monteescalier.net\/france\/monte-escalier-cailloux-sur-fontaines\/\" \/>\n<meta property=\"og:locale\" content=\"fr_FR\" \/>\n<meta property=\"og:type\" content=\"article\" \/>\n<meta property=\"og:title\" content=\"Monte escalier Cailloux-sur-Fontaines - Monte escalier\" \/>\n<meta property=\"og:description\" content=\"Quel vendeur de monte escalier choisir \u00e0 Cailloux-sur-Fontaines Qui contacter pour un monte escalier \u00e0 Cailloux-sur-Fontaines ? C&rsquo;est \u00e0 cette interrogationque le site monteescalier.net vous propose d&rsquo;apporter la r\u00e9ponse en vous proposant ses services exclusifs. Notre site est une passerelle entre les possibles acqu\u00e9reurs de monte escalier et les installateurs. En quelques clics vous serez [&hellip;]\" \/>\n<meta property=\"og:url\" content=\"https:\/\/www.monteescalier.net\/france\/monte-escalier-cailloux-sur-fontaines\/\" \/>\n<meta property=\"og:site_name\" content=\"Monte escalier\" \/>\n<meta property=\"article:modified_time\" content=\"2020-01-16T10:49:42+00:00\" \/>\n<meta name=\"twitter:card\" content=\"summary_large_image\" \/>\n<meta name=\"twitter:label1\" content=\"Dur\u00e9e de lecture estim\u00e9e\" \/>\n\t<meta name=\"twitter:data1\" content=\"2 minutes\" \/>\n<script type=\"application\/ld+json\" class=\"yoast-schema-graph\">{\"@context\":\"https:\/\/schema.org\",\"@graph\":[{\"@type\":\"WebPage\",\"@id\":\"https:\/\/www.monteescalier.net\/france\/monte-escalier-cailloux-sur-fontaines\/\",\"url\":\"https:\/\/www.monteescalier.net\/france\/monte-escalier-cailloux-sur-fontaines\/\",\"name\":\"Monte escalier Cailloux-sur-Fontaines - Monte escalier\",\"isPartOf\":{\"@id\":\"https:\/\/www.monteescalier.net\/france\/#website\"},\"datePublished\":\"2019-02-26T09:48:09+00:00\",\"dateModified\":\"2020-01-16T10:49:42+00:00\",\"breadcrumb\":{\"@id\":\"https:\/\/www.monteescalier.net\/france\/monte-escalier-cailloux-sur-fontaines\/#breadcrumb\"},\"inLanguage\":\"fr-FR\",\"potentialAction\":[{\"@type\":\"ReadAction\",\"target\":[\"https:\/\/www.monteescalier.net\/france\/monte-escalier-cailloux-sur-fontaines\/\"]}]},{\"@type\":\"BreadcrumbList\",\"@id\":\"https:\/\/www.monteescalier.net\/france\/monte-escalier-cailloux-sur-fontaines\/#breadcrumb\",\"itemListElement\":[{\"@type\":\"ListItem\",\"position\":1,\"name\":\"Accueil\",\"item\":\"https:\/\/www.monteescalier.net\/france\/\"},{\"@type\":\"ListItem\",\"position\":2,\"name\":\"Monte escalier Cailloux-sur-Fontaines\"}]},{\"@type\":\"WebSite\",\"@id\":\"https:\/\/www.monteescalier.net\/france\/#website\",\"url\":\"https:\/\/www.monteescalier.net\/france\/\",\"name\":\"Monte escalier\",\"description\":\"\",\"publisher\":{\"@id\":\"https:\/\/www.monteescalier.net\/france\/#organization\"},\"potentialAction\":[{\"@type\":\"SearchAction\",\"target\":{\"@type\":\"EntryPoint\",\"urlTemplate\":\"https:\/\/www.monteescalier.net\/france\/?s={search_term_string}\"},\"query-input\":{\"@type\":\"PropertyValueSpecification\",\"valueRequired\":true,\"valueName\":\"search_term_string\"}}],\"inLanguage\":\"fr-FR\"},{\"@type\":\"Organization\",\"@id\":\"https:\/\/www.monteescalier.net\/france\/#organization\",\"name\":\"monte-escalier.net\",\"url\":\"https:\/\/www.monteescalier.net\/france\/\",\"logo\":{\"@type\":\"ImageObject\",\"inLanguage\":\"fr-FR\",\"@id\":\"https:\/\/www.monteescalier.net\/france\/#\/schema\/logo\/image\/\",\"url\":\"https:\/\/www.monteescalier.net\/france\/wp-content\/uploads\/2016\/10\/4devis-mont-escalier-500-500.gif\",\"contentUrl\":\"https:\/\/www.monteescalier.net\/france\/wp-content\/uploads\/2016\/10\/4devis-mont-escalier-500-500.gif\",\"width\":500,\"height\":500,\"caption\":\"monte-escalier.net\"},\"image\":{\"@id\":\"https:\/\/www.monteescalier.net\/france\/#\/schema\/logo\/image\/\"}}]}<\/script>\n<!-- \/ Yoast SEO plugin. -->","yoast_head_json":{"title":"Monte escalier Cailloux-sur-Fontaines - Monte escalier","robots":{"index":"index","follow":"follow","max-snippet":"max-snippet:-1","max-image-preview":"max-image-preview:large","max-video-preview":"max-video-preview:-1"},"canonical":"https:\/\/www.monteescalier.net\/france\/monte-escalier-cailloux-sur-fontaines\/","og_locale":"fr_FR","og_type":"article","og_title":"Monte escalier Cailloux-sur-Fontaines - Monte escalier","og_description":"Quel vendeur de monte escalier choisir \u00e0 Cailloux-sur-Fontaines Qui contacter pour un monte escalier \u00e0 Cailloux-sur-Fontaines ? C&rsquo;est \u00e0 cette interrogationque le site monteescalier.net vous propose d&rsquo;apporter la r\u00e9ponse en vous proposant ses services exclusifs. Notre site est une passerelle entre les possibles acqu\u00e9reurs de monte escalier et les installateurs. En quelques clics vous serez [&hellip;]","og_url":"https:\/\/www.monteescalier.net\/france\/monte-escalier-cailloux-sur-fontaines\/","og_site_name":"Monte escalier","article_modified_time":"2020-01-16T10:49:42+00:00","twitter_card":"summary_large_image","twitter_misc":{"Dur\u00e9e de lecture estim\u00e9e":"2 minutes"},"schema":{"@context":"https:\/\/schema.org","@graph":[{"@type":"WebPage","@id":"https:\/\/www.monteescalier.net\/france\/monte-escalier-cailloux-sur-fontaines\/","url":"https:\/\/www.monteescalier.net\/france\/monte-escalier-cailloux-sur-fontaines\/","name":"Monte escalier Cailloux-sur-Fontaines - Monte escalier","isPartOf":{"@id":"https:\/\/www.monteescalier.net\/france\/#website"},"datePublished":"2019-02-26T09:48:09+00:00","dateModified":"2020-01-16T10:49:42+00:00","breadcrumb":{"@id":"https:\/\/www.monteescalier.net\/france\/monte-escalier-cailloux-sur-fontaines\/#breadcrumb"},"inLanguage":"fr-FR","potentialAction":[{"@type":"ReadAction","target":["https:\/\/www.monteescalier.net\/france\/monte-escalier-cailloux-sur-fontaines\/"]}]},{"@type":"BreadcrumbList","@id":"https:\/\/www.monteescalier.net\/france\/monte-escalier-cailloux-sur-fontaines\/#breadcrumb","itemListElement":[{"@type":"ListItem","position":1,"name":"Accueil","item":"https:\/\/www.monteescalier.net\/france\/"},{"@type":"ListItem","position":2,"name":"Monte escalier Cailloux-sur-Fontaines"}]},{"@type":"WebSite","@id":"https:\/\/www.monteescalier.net\/france\/#website","url":"https:\/\/www.monteescalier.net\/france\/","name":"Monte escalier","description":"","publisher":{"@id":"https:\/\/www.monteescalier.net\/france\/#organization"},"potentialAction":[{"@type":"SearchAction","target":{"@type":"EntryPoint","urlTemplate":"https:\/\/www.monteescalier.net\/france\/?s={search_term_string}"},"query-input":{"@type":"PropertyValueSpecification","valueRequired":true,"valueName":"search_term_string"}}],"inLanguage":"fr-FR"},{"@type":"Organization","@id":"https:\/\/www.monteescalier.net\/france\/#organization","name":"monte-escalier.net","url":"https:\/\/www.monteescalier.net\/france\/","logo":{"@type":"ImageObject","inLanguage":"fr-FR","@id":"https:\/\/www.monteescalier.net\/france\/#\/schema\/logo\/image\/","url":"https:\/\/www.monteescalier.net\/france\/wp-content\/uploads\/2016\/10\/4devis-mont-escalier-500-500.gif","contentUrl":"https:\/\/www.monteescalier.net\/france\/wp-content\/uploads\/2016\/10\/4devis-mont-escalier-500-500.gif","width":500,"height":500,"caption":"monte-escalier.net"},"image":{"@id":"https:\/\/www.monteescalier.net\/france\/#\/schema\/logo\/image\/"}}]}},"_links":{"self":[{"href":"https:\/\/www.monteescalier.net\/france\/wp-json\/wp\/v2\/pages\/5097","targetHints":{"allow":["GET"]}}],"collection":[{"href":"https:\/\/www.monteescalier.net\/france\/wp-json\/wp\/v2\/pages"}],"about":[{"href":"https:\/\/www.monteescalier.net\/france\/wp-json\/wp\/v2\/types\/page"}],"author":[{"embeddable":true,"href":"https:\/\/www.monteescalier.net\/france\/wp-json\/wp\/v2\/users\/1"}],"replies":[{"embeddable":true,"href":"https:\/\/www.monteescalier.net\/france\/wp-json\/wp\/v2\/comments?post=5097"}],"version-history":[{"count":1,"href":"https:\/\/www.monteescalier.net\/france\/wp-json\/wp\/v2\/pages\/5097\/revisions"}],"predecessor-version":[{"id":8463,"href":"https:\/\/www.monteescalier.net\/france\/wp-json\/wp\/v2\/pages\/5097\/revisions\/8463"}],"wp:attachment":[{"href":"https:\/\/www.monteescalier.net\/france\/wp-json\/wp\/v2\/media?parent=5097"}],"curies":[{"name":"wp","href":"https:\/\/api.w.org\/{rel}","templated":true}]}}