{"id":511,"date":"2023-07-30T12:32:12","date_gmt":"2023-07-30T11:32:12","guid":{"rendered":"https:\/\/www.monteescalier.net\/france\/?page_id=511"},"modified":"2024-05-15T16:16:53","modified_gmt":"2024-05-15T15:16:53","slug":"monte-escalier-correze","status":"publish","type":"page","link":"https:\/\/www.monteescalier.net\/france\/monte-escalier-correze\/","title":{"rendered":"Monte escalier Corr\u00e8ze, Monte escalier Tulle"},"content":{"rendered":"<div class='content-column one_half'><div style=\"padding-right:19px;\"><h1>Acheter un monte escalier en Corr\u00e8ze<\/h1>\n<p><b>Une intervention chez vous :<\/b><br \/>\n<a href=\"https:\/\/www.monteescalier.net\/france\/monte-escalier-tulle\/\">Un monte escalier \u00e0 Tulle<\/a><br \/>\n<a href=\"https:\/\/www.monteescalier.net\/france\/monte-escalier-ussel\/\">Un monte escalier \u00e0 Ussel<\/a><br \/>\n<a href=\"https:\/\/www.monteescalier.net\/france\/monte-escalier-brive-la-gaillarde\/\">Un monte escalier \u00e0 Brive-la-Gaillarde<\/a><\/p>\n<p style=\"text-align: justify;\">Plusieurs devis pour un monte escalier en Corr\u00e8ze, vous pourriez croire que cela va \u00eatre difficile dans un d\u00e9partement tel que la Corr\u00e8ze. R\u00e9jouissez-vous, avec monteescalier.net, ce n&rsquo;est pas un devis mais 4,5 ou 6 devis que vous obtiendrez en remplissant un formulaire en ligne. Mettez en concurrence les meilleurs revendeurs et fabricants de monte escalier en Corr\u00e8ze. Les pros du monte escalier en Corr\u00e8ze vous contacteront tr\u00e8s vite pour vous proposer leurs services, les mod\u00e8les qu&rsquo;ils commercialisent et leurs recommandations au vu de la configuration particuli\u00e8re de votre habitation (largeur de l&rsquo;escalier, nombre de marches, existence ou non de paliers, passages de portes etc&#8230;).<\/p>\n<p style=\"text-align: justify;\">Donc pour des devis gratuits et sans engagement, choisisssez notre formulaire de demande de devis : seuls les pros du monte escalier exer\u00e7ant dans le d\u00e9partement de la Corr\u00e8ze et choisis par monteescalier.net seront mis en contact avec vous pour vous aider \u00e0 prendre les bonnes d\u00e9cisions et vous faire b\u00e9n\u00e9ficier de leurs meilleurs tarifs pour la pose et l&rsquo;achat de votre monte escalier.<\/p>\n<p style=\"text-align: justify;\">A Brive, Ussel, Saint Pantal\u00e9on de Larche, Egletons, Tulles, Malemort sur Corr\u00e8ze et Allassac nos professionnels partenaires, experts du monte escalier en r\u00e9gion Limousin vous proposeront des devis gratuits et sans engagement: vous pourrez donc comparer les prix et le services fournis des principaux experts du monte escalier en r\u00e9gion Limousin.<\/p>\n<p style=\"text-align: justify;\">Nos experts partenaires du monte escalier interviennent dans tout le d\u00e9partement que vous soyez \u00e0 Varetz, Ussac, Naves, Objat, Lubersac, Bort les Orgues, Argentat, Donzenac oy Meymac.<\/p>\n<p style=\"text-align: justify;\">Vous voulez \u00eatre contact\u00e9 par email ou recevoir par courrier de la documentation pour l&rsquo;\u00e9tudier tranquillement? Pr\u00e9cisez le dans votre demande. Faire l&rsquo;acquisition d&rsquo;un monte escalier est un achat complexe, comparez les offres vous permettra de faire les meilleurs choix&#8230;et pour cela une solution facile et gratuite : monteescalier.net !<\/p>\n<p>&nbsp;<\/p>\n<div class=\"bouton\" onclick=\"location.href='https:\/\/www.monteescalier.net\/devis-gratuit.php'\">Cliquez ici pour obtenir des devis gratuitement<\/div><\/div><\/div><div class='content-column one_half last_column'><a href=\"https:\/\/www.monteescalier.net\/devis-gratuit.php\" target=\"_blank\" rel=\"noopener noreferrer\"><img loading=\"lazy\" decoding=\"async\" class=\"alignnone size-full img_region\" src=\"https:\/\/www.monteescalier.net\/france\/wp-content\/uploads\/2014\/10\/4devis-monte-escalier-photo-490.png\" alt=\"Corr\u00e8ze\" width=\"507\" height=\"485\" \/><\/a><br \/>\n<img loading=\"lazy\" decoding=\"async\" class=\"alignnone size-full img_region_2\" src=\"https:\/\/www.monteescalier.net\/france\/wp-content\/uploads\/2013\/07\/correze.jpg\" alt=\"correze monte escalier\" width=\"507\" height=\"485\" \/><br \/><\/div><div class='clear_column'><\/div><\/p>\n","protected":false},"excerpt":{"rendered":"","protected":false},"author":1,"featured_media":0,"parent":0,"menu_order":0,"comment_status":"open","ping_status":"closed","template":"template2.php","meta":{"_monsterinsights_skip_tracking":false,"_monsterinsights_sitenote_active":false,"_monsterinsights_sitenote_note":"","_monsterinsights_sitenote_category":0,"footnotes":""},"class_list":["post-511","page","type-page","status-publish","hentry"],"yoast_head":"<!-- This site is optimized with the Yoast SEO plugin v26.3 - https:\/\/yoast.com\/wordpress\/plugins\/seo\/ -->\n<title>Monte escalier Corr\u00e8ze, Monte escalier Tulle - Monte escalier<\/title>\n<meta name=\"description\" content=\"Monte escalier pr\u00e9sent en Corr\u00e8ze : Tulle, Ussel, Brive-la-Gaillarde.\" \/>\n<meta name=\"robots\" content=\"index, follow, max-snippet:-1, max-image-preview:large, max-video-preview:-1\" \/>\n<link rel=\"canonical\" href=\"https:\/\/www.monteescalier.net\/france\/monte-escalier-correze\/\" \/>\n<meta property=\"og:locale\" content=\"fr_FR\" \/>\n<meta property=\"og:type\" content=\"article\" \/>\n<meta property=\"og:title\" content=\"Monte escalier Corr\u00e8ze, Monte escalier Tulle - Monte escalier\" \/>\n<meta property=\"og:description\" content=\"Monte escalier pr\u00e9sent en Corr\u00e8ze : Tulle, Ussel, Brive-la-Gaillarde.\" \/>\n<meta property=\"og:url\" content=\"https:\/\/www.monteescalier.net\/france\/monte-escalier-correze\/\" \/>\n<meta property=\"og:site_name\" content=\"Monte escalier\" \/>\n<meta property=\"article:modified_time\" content=\"2024-05-15T15:16:53+00:00\" \/>\n<meta property=\"og:image\" content=\"https:\/\/www.monteescalier.net\/france\/wp-content\/uploads\/2014\/10\/4devis-monte-escalier-photo-490.png\" \/>\n<meta name=\"twitter:card\" content=\"summary_large_image\" \/>\n<meta name=\"twitter:label1\" content=\"Dur\u00e9e de lecture estim\u00e9e\" \/>\n\t<meta name=\"twitter:data1\" content=\"2 minutes\" \/>\n<script type=\"application\/ld+json\" class=\"yoast-schema-graph\">{\"@context\":\"https:\/\/schema.org\",\"@graph\":[{\"@type\":\"WebPage\",\"@id\":\"https:\/\/www.monteescalier.net\/france\/monte-escalier-correze\/\",\"url\":\"https:\/\/www.monteescalier.net\/france\/monte-escalier-correze\/\",\"name\":\"Monte escalier Corr\u00e8ze, Monte escalier Tulle - Monte escalier\",\"isPartOf\":{\"@id\":\"https:\/\/www.monteescalier.net\/france\/#website\"},\"primaryImageOfPage\":{\"@id\":\"https:\/\/www.monteescalier.net\/france\/monte-escalier-correze\/#primaryimage\"},\"image\":{\"@id\":\"https:\/\/www.monteescalier.net\/france\/monte-escalier-correze\/#primaryimage\"},\"thumbnailUrl\":\"https:\/\/www.monteescalier.net\/france\/wp-content\/uploads\/2014\/10\/4devis-monte-escalier-photo-490.png\",\"datePublished\":\"2023-07-30T11:32:12+00:00\",\"dateModified\":\"2024-05-15T15:16:53+00:00\",\"description\":\"Monte escalier pr\u00e9sent en Corr\u00e8ze : Tulle, Ussel, Brive-la-Gaillarde.\",\"breadcrumb\":{\"@id\":\"https:\/\/www.monteescalier.net\/france\/monte-escalier-correze\/#breadcrumb\"},\"inLanguage\":\"fr-FR\",\"potentialAction\":[{\"@type\":\"ReadAction\",\"target\":[\"https:\/\/www.monteescalier.net\/france\/monte-escalier-correze\/\"]}]},{\"@type\":\"ImageObject\",\"inLanguage\":\"fr-FR\",\"@id\":\"https:\/\/www.monteescalier.net\/france\/monte-escalier-correze\/#primaryimage\",\"url\":\"https:\/\/www.monteescalier.net\/france\/wp-content\/uploads\/2014\/10\/4devis-monte-escalier-photo-490.png\",\"contentUrl\":\"https:\/\/www.monteescalier.net\/france\/wp-content\/uploads\/2014\/10\/4devis-monte-escalier-photo-490.png\",\"width\":490,\"height\":267},{\"@type\":\"BreadcrumbList\",\"@id\":\"https:\/\/www.monteescalier.net\/france\/monte-escalier-correze\/#breadcrumb\",\"itemListElement\":[{\"@type\":\"ListItem\",\"position\":1,\"name\":\"Accueil\",\"item\":\"https:\/\/www.monteescalier.net\/france\/\"},{\"@type\":\"ListItem\",\"position\":2,\"name\":\"Monte escalier Corr\u00e8ze, Monte escalier Tulle\"}]},{\"@type\":\"WebSite\",\"@id\":\"https:\/\/www.monteescalier.net\/france\/#website\",\"url\":\"https:\/\/www.monteescalier.net\/france\/\",\"name\":\"Monte escalier\",\"description\":\"\",\"publisher\":{\"@id\":\"https:\/\/www.monteescalier.net\/france\/#organization\"},\"potentialAction\":[{\"@type\":\"SearchAction\",\"target\":{\"@type\":\"EntryPoint\",\"urlTemplate\":\"https:\/\/www.monteescalier.net\/france\/?s={search_term_string}\"},\"query-input\":{\"@type\":\"PropertyValueSpecification\",\"valueRequired\":true,\"valueName\":\"search_term_string\"}}],\"inLanguage\":\"fr-FR\"},{\"@type\":\"Organization\",\"@id\":\"https:\/\/www.monteescalier.net\/france\/#organization\",\"name\":\"monte-escalier.net\",\"url\":\"https:\/\/www.monteescalier.net\/france\/\",\"logo\":{\"@type\":\"ImageObject\",\"inLanguage\":\"fr-FR\",\"@id\":\"https:\/\/www.monteescalier.net\/france\/#\/schema\/logo\/image\/\",\"url\":\"https:\/\/www.monteescalier.net\/france\/wp-content\/uploads\/2016\/10\/4devis-mont-escalier-500-500.gif\",\"contentUrl\":\"https:\/\/www.monteescalier.net\/france\/wp-content\/uploads\/2016\/10\/4devis-mont-escalier-500-500.gif\",\"width\":500,\"height\":500,\"caption\":\"monte-escalier.net\"},\"image\":{\"@id\":\"https:\/\/www.monteescalier.net\/france\/#\/schema\/logo\/image\/\"}}]}<\/script>\n<!-- \/ Yoast SEO plugin. -->","yoast_head_json":{"title":"Monte escalier Corr\u00e8ze, Monte escalier Tulle - Monte escalier","description":"Monte escalier pr\u00e9sent en Corr\u00e8ze : Tulle, Ussel, Brive-la-Gaillarde.","robots":{"index":"index","follow":"follow","max-snippet":"max-snippet:-1","max-image-preview":"max-image-preview:large","max-video-preview":"max-video-preview:-1"},"canonical":"https:\/\/www.monteescalier.net\/france\/monte-escalier-correze\/","og_locale":"fr_FR","og_type":"article","og_title":"Monte escalier Corr\u00e8ze, Monte escalier Tulle - Monte escalier","og_description":"Monte escalier pr\u00e9sent en Corr\u00e8ze : Tulle, Ussel, Brive-la-Gaillarde.","og_url":"https:\/\/www.monteescalier.net\/france\/monte-escalier-correze\/","og_site_name":"Monte escalier","article_modified_time":"2024-05-15T15:16:53+00:00","og_image":[{"url":"https:\/\/www.monteescalier.net\/france\/wp-content\/uploads\/2014\/10\/4devis-monte-escalier-photo-490.png","type":"","width":"","height":""}],"twitter_card":"summary_large_image","twitter_misc":{"Dur\u00e9e de lecture estim\u00e9e":"2 minutes"},"schema":{"@context":"https:\/\/schema.org","@graph":[{"@type":"WebPage","@id":"https:\/\/www.monteescalier.net\/france\/monte-escalier-correze\/","url":"https:\/\/www.monteescalier.net\/france\/monte-escalier-correze\/","name":"Monte escalier Corr\u00e8ze, Monte escalier Tulle - Monte escalier","isPartOf":{"@id":"https:\/\/www.monteescalier.net\/france\/#website"},"primaryImageOfPage":{"@id":"https:\/\/www.monteescalier.net\/france\/monte-escalier-correze\/#primaryimage"},"image":{"@id":"https:\/\/www.monteescalier.net\/france\/monte-escalier-correze\/#primaryimage"},"thumbnailUrl":"https:\/\/www.monteescalier.net\/france\/wp-content\/uploads\/2014\/10\/4devis-monte-escalier-photo-490.png","datePublished":"2023-07-30T11:32:12+00:00","dateModified":"2024-05-15T15:16:53+00:00","description":"Monte escalier pr\u00e9sent en Corr\u00e8ze : Tulle, Ussel, Brive-la-Gaillarde.","breadcrumb":{"@id":"https:\/\/www.monteescalier.net\/france\/monte-escalier-correze\/#breadcrumb"},"inLanguage":"fr-FR","potentialAction":[{"@type":"ReadAction","target":["https:\/\/www.monteescalier.net\/france\/monte-escalier-correze\/"]}]},{"@type":"ImageObject","inLanguage":"fr-FR","@id":"https:\/\/www.monteescalier.net\/france\/monte-escalier-correze\/#primaryimage","url":"https:\/\/www.monteescalier.net\/france\/wp-content\/uploads\/2014\/10\/4devis-monte-escalier-photo-490.png","contentUrl":"https:\/\/www.monteescalier.net\/france\/wp-content\/uploads\/2014\/10\/4devis-monte-escalier-photo-490.png","width":490,"height":267},{"@type":"BreadcrumbList","@id":"https:\/\/www.monteescalier.net\/france\/monte-escalier-correze\/#breadcrumb","itemListElement":[{"@type":"ListItem","position":1,"name":"Accueil","item":"https:\/\/www.monteescalier.net\/france\/"},{"@type":"ListItem","position":2,"name":"Monte escalier Corr\u00e8ze, Monte escalier Tulle"}]},{"@type":"WebSite","@id":"https:\/\/www.monteescalier.net\/france\/#website","url":"https:\/\/www.monteescalier.net\/france\/","name":"Monte escalier","description":"","publisher":{"@id":"https:\/\/www.monteescalier.net\/france\/#organization"},"potentialAction":[{"@type":"SearchAction","target":{"@type":"EntryPoint","urlTemplate":"https:\/\/www.monteescalier.net\/france\/?s={search_term_string}"},"query-input":{"@type":"PropertyValueSpecification","valueRequired":true,"valueName":"search_term_string"}}],"inLanguage":"fr-FR"},{"@type":"Organization","@id":"https:\/\/www.monteescalier.net\/france\/#organization","name":"monte-escalier.net","url":"https:\/\/www.monteescalier.net\/france\/","logo":{"@type":"ImageObject","inLanguage":"fr-FR","@id":"https:\/\/www.monteescalier.net\/france\/#\/schema\/logo\/image\/","url":"https:\/\/www.monteescalier.net\/france\/wp-content\/uploads\/2016\/10\/4devis-mont-escalier-500-500.gif","contentUrl":"https:\/\/www.monteescalier.net\/france\/wp-content\/uploads\/2016\/10\/4devis-mont-escalier-500-500.gif","width":500,"height":500,"caption":"monte-escalier.net"},"image":{"@id":"https:\/\/www.monteescalier.net\/france\/#\/schema\/logo\/image\/"}}]}},"_links":{"self":[{"href":"https:\/\/www.monteescalier.net\/france\/wp-json\/wp\/v2\/pages\/511","targetHints":{"allow":["GET"]}}],"collection":[{"href":"https:\/\/www.monteescalier.net\/france\/wp-json\/wp\/v2\/pages"}],"about":[{"href":"https:\/\/www.monteescalier.net\/france\/wp-json\/wp\/v2\/types\/page"}],"author":[{"embeddable":true,"href":"https:\/\/www.monteescalier.net\/france\/wp-json\/wp\/v2\/users\/1"}],"replies":[{"embeddable":true,"href":"https:\/\/www.monteescalier.net\/france\/wp-json\/wp\/v2\/comments?post=511"}],"version-history":[{"count":5,"href":"https:\/\/www.monteescalier.net\/france\/wp-json\/wp\/v2\/pages\/511\/revisions"}],"predecessor-version":[{"id":9072,"href":"https:\/\/www.monteescalier.net\/france\/wp-json\/wp\/v2\/pages\/511\/revisions\/9072"}],"wp:attachment":[{"href":"https:\/\/www.monteescalier.net\/france\/wp-json\/wp\/v2\/media?parent=511"}],"curies":[{"name":"wp","href":"https:\/\/api.w.org\/{rel}","templated":true}]}}