{"id":5110,"date":"2013-09-26T10:48:10","date_gmt":"2013-09-26T10:48:10","guid":{"rendered":"https:\/\/www.monteescalier.net\/france\/?page_id=5110"},"modified":"-0001-11-30T00:00:00","modified_gmt":"-0001-11-29T23:00:00","slug":"monte-escalier-coquelles","status":"publish","type":"page","link":"https:\/\/www.monteescalier.net\/france\/monte-escalier-coquelles\/","title":{"rendered":"Monte escalier Coquelles"},"content":{"rendered":"<h1>Quel installateur pour un monte escalier \u00e0 Coquelles<\/h1>\n<div class=\"boite_texte\">\n<div style=\"text-align:justify; margin-bottom:10px\">Qui contacter pour un monte escalier \u00e0 Coquelles ? C&rsquo;est \u00e0 cette questionque le site monteescalier.net vous propose d&rsquo;apporter la r\u00e9ponse en vous proposant ses services exclusifs.<\/div>\n<div style=\"text-align:justify; margin-bottom:10px\">Gr\u00e2ce \u00e0 ce site, vous allez pouvoir trouver facilement les vendeurs de monte escalier sur Coquelles et sa r\u00e9gion. Nous allons, en effet, vous mettre en relation gratuitement avec notre pr\u00e9selection de vendeurs de monte escalier \u00e0 Coquelles.<\/div>\n<div style=\"text-align:justify; margin-bottom:10px\">Vous savez tr\u00e8s pr\u00e9cisement ce que voulez ? Vous avez besoin d&rsquo;un devis de monte escalier. Une seule demande de devis sur notre site vous permettra de recevoir entre 4 et 5 devis totalement gratuits.<\/div>\n<div style=\"text-align:justify; margin-bottom:10px\">Avant de passer commande d&rsquo;un monte escalier, vous souhaitez en parler au t\u00e9l\u00e9phone avec plusieurs experts. Dans ce cas, utilisez notre demande de rappel, et nos partenaires experts du monte escalier vous rappelleront dans les plus brefs d\u00e9lais pour discuter de votre projet.<\/div>\n<div style=\"text-align:justify; margin-bottom:10px\">Compulser de la documentation sur les monte escalier directement depuis chez vous sans vous d\u00e9placer c&rsquo;est possible et m\u00eame gratuit. Remplissez simplement un formulaire de demande de documentation et vous recevrez par la poste ou par email, toutes les documentations sur les types de produits vendus par nos partenaires vendeurs de monte escalier.<\/div>\n<div style=\"text-align:justify; margin-bottom:10px\">Il est important de pr\u00e9ciser que tous nos services sont totalement gratuits pour les acqu\u00e9reurs potentiels de monte escalier. N&rsquo;h\u00e9sitez pas \u00e0 remplir un formulaire, c&rsquo;est \u00e9galement sans engagement.<\/div>\n<\/div>\n<div class=\"titre_liens\">Les monte escaliers \u00e0 proximit\u00e9<\/div>\n<div class=\"boite_liens\"><a href=\"https:\/\/www.monteescalier.net\/france\/monte-escalier-annequin\">Monte escalier Annequin<\/a><br \/>\n<a href=\"https:\/\/www.monteescalier.net\/france\/monte-escalier-montreuil-62\">Monte escalier Montreuil<\/a><br \/>\n<a href=\"https:\/\/www.monteescalier.net\/france\/monte-escalier-verton\">Monte escalier Verton<\/a><br \/>\n<a href=\"https:\/\/www.monteescalier.net\/france\/monte-escalier-corbehem\">Monte escalier Corbehem<\/a><br \/>\n<a href=\"https:\/\/www.monteescalier.net\/france\/monte-escalier-saint-folquin\">Monte escalier Saint-Folquin<\/a>\n<\/div>\n","protected":false},"excerpt":{"rendered":"<p>Quel installateur pour un monte escalier \u00e0 Coquelles Qui contacter pour un monte escalier \u00e0 Coquelles ? C&rsquo;est \u00e0 cette questionque le site monteescalier.net vous propose d&rsquo;apporter la r\u00e9ponse en vous proposant ses services exclusifs. Gr\u00e2ce \u00e0 ce site, vous allez pouvoir trouver facilement les vendeurs de monte escalier sur Coquelles et sa r\u00e9gion. Nous [&hellip;]<\/p>\n","protected":false},"author":1,"featured_media":0,"parent":0,"menu_order":0,"comment_status":"closed","ping_status":"open","template":"template_ville_5.php","meta":{"_monsterinsights_skip_tracking":false,"_monsterinsights_sitenote_active":false,"_monsterinsights_sitenote_note":"","_monsterinsights_sitenote_category":0,"footnotes":""},"class_list":["post-5110","page","type-page","status-publish","hentry"],"yoast_head":"<!-- This site is optimized with the Yoast SEO plugin v26.3 - https:\/\/yoast.com\/wordpress\/plugins\/seo\/ -->\n<title>Monte escalier Coquelles - Monte escalier<\/title>\n<meta name=\"robots\" content=\"index, follow, max-snippet:-1, max-image-preview:large, max-video-preview:-1\" \/>\n<link rel=\"canonical\" href=\"https:\/\/www.monteescalier.net\/france\/monte-escalier-coquelles\/\" \/>\n<meta property=\"og:locale\" content=\"fr_FR\" \/>\n<meta property=\"og:type\" content=\"article\" \/>\n<meta property=\"og:title\" content=\"Monte escalier Coquelles - Monte escalier\" \/>\n<meta property=\"og:description\" content=\"Quel installateur pour un monte escalier \u00e0 Coquelles Qui contacter pour un monte escalier \u00e0 Coquelles ? C&rsquo;est \u00e0 cette questionque le site monteescalier.net vous propose d&rsquo;apporter la r\u00e9ponse en vous proposant ses services exclusifs. Gr\u00e2ce \u00e0 ce site, vous allez pouvoir trouver facilement les vendeurs de monte escalier sur Coquelles et sa r\u00e9gion. Nous [&hellip;]\" \/>\n<meta property=\"og:url\" content=\"https:\/\/www.monteescalier.net\/france\/monte-escalier-coquelles\/\" \/>\n<meta property=\"og:site_name\" content=\"Monte escalier\" \/>\n<meta name=\"twitter:card\" content=\"summary_large_image\" \/>\n<meta name=\"twitter:label1\" content=\"Dur\u00e9e de lecture estim\u00e9e\" \/>\n\t<meta name=\"twitter:data1\" content=\"1 minute\" \/>\n<script type=\"application\/ld+json\" class=\"yoast-schema-graph\">{\"@context\":\"https:\/\/schema.org\",\"@graph\":[{\"@type\":\"WebPage\",\"@id\":\"https:\/\/www.monteescalier.net\/france\/monte-escalier-coquelles\/\",\"url\":\"https:\/\/www.monteescalier.net\/france\/monte-escalier-coquelles\/\",\"name\":\"Monte escalier Coquelles - Monte escalier\",\"isPartOf\":{\"@id\":\"https:\/\/www.monteescalier.net\/france\/#website\"},\"datePublished\":\"2013-09-26T10:48:10+00:00\",\"breadcrumb\":{\"@id\":\"https:\/\/www.monteescalier.net\/france\/monte-escalier-coquelles\/#breadcrumb\"},\"inLanguage\":\"fr-FR\",\"potentialAction\":[{\"@type\":\"ReadAction\",\"target\":[\"https:\/\/www.monteescalier.net\/france\/monte-escalier-coquelles\/\"]}]},{\"@type\":\"BreadcrumbList\",\"@id\":\"https:\/\/www.monteescalier.net\/france\/monte-escalier-coquelles\/#breadcrumb\",\"itemListElement\":[{\"@type\":\"ListItem\",\"position\":1,\"name\":\"Accueil\",\"item\":\"https:\/\/www.monteescalier.net\/france\/\"},{\"@type\":\"ListItem\",\"position\":2,\"name\":\"Monte escalier Coquelles\"}]},{\"@type\":\"WebSite\",\"@id\":\"https:\/\/www.monteescalier.net\/france\/#website\",\"url\":\"https:\/\/www.monteescalier.net\/france\/\",\"name\":\"Monte escalier\",\"description\":\"\",\"publisher\":{\"@id\":\"https:\/\/www.monteescalier.net\/france\/#organization\"},\"potentialAction\":[{\"@type\":\"SearchAction\",\"target\":{\"@type\":\"EntryPoint\",\"urlTemplate\":\"https:\/\/www.monteescalier.net\/france\/?s={search_term_string}\"},\"query-input\":{\"@type\":\"PropertyValueSpecification\",\"valueRequired\":true,\"valueName\":\"search_term_string\"}}],\"inLanguage\":\"fr-FR\"},{\"@type\":\"Organization\",\"@id\":\"https:\/\/www.monteescalier.net\/france\/#organization\",\"name\":\"monte-escalier.net\",\"url\":\"https:\/\/www.monteescalier.net\/france\/\",\"logo\":{\"@type\":\"ImageObject\",\"inLanguage\":\"fr-FR\",\"@id\":\"https:\/\/www.monteescalier.net\/france\/#\/schema\/logo\/image\/\",\"url\":\"https:\/\/www.monteescalier.net\/france\/wp-content\/uploads\/2016\/10\/4devis-mont-escalier-500-500.gif\",\"contentUrl\":\"https:\/\/www.monteescalier.net\/france\/wp-content\/uploads\/2016\/10\/4devis-mont-escalier-500-500.gif\",\"width\":500,\"height\":500,\"caption\":\"monte-escalier.net\"},\"image\":{\"@id\":\"https:\/\/www.monteescalier.net\/france\/#\/schema\/logo\/image\/\"}}]}<\/script>\n<!-- \/ Yoast SEO plugin. -->","yoast_head_json":{"title":"Monte escalier Coquelles - Monte escalier","robots":{"index":"index","follow":"follow","max-snippet":"max-snippet:-1","max-image-preview":"max-image-preview:large","max-video-preview":"max-video-preview:-1"},"canonical":"https:\/\/www.monteescalier.net\/france\/monte-escalier-coquelles\/","og_locale":"fr_FR","og_type":"article","og_title":"Monte escalier Coquelles - Monte escalier","og_description":"Quel installateur pour un monte escalier \u00e0 Coquelles Qui contacter pour un monte escalier \u00e0 Coquelles ? C&rsquo;est \u00e0 cette questionque le site monteescalier.net vous propose d&rsquo;apporter la r\u00e9ponse en vous proposant ses services exclusifs. Gr\u00e2ce \u00e0 ce site, vous allez pouvoir trouver facilement les vendeurs de monte escalier sur Coquelles et sa r\u00e9gion. Nous [&hellip;]","og_url":"https:\/\/www.monteescalier.net\/france\/monte-escalier-coquelles\/","og_site_name":"Monte escalier","twitter_card":"summary_large_image","twitter_misc":{"Dur\u00e9e de lecture estim\u00e9e":"1 minute"},"schema":{"@context":"https:\/\/schema.org","@graph":[{"@type":"WebPage","@id":"https:\/\/www.monteescalier.net\/france\/monte-escalier-coquelles\/","url":"https:\/\/www.monteescalier.net\/france\/monte-escalier-coquelles\/","name":"Monte escalier Coquelles - Monte escalier","isPartOf":{"@id":"https:\/\/www.monteescalier.net\/france\/#website"},"datePublished":"2013-09-26T10:48:10+00:00","breadcrumb":{"@id":"https:\/\/www.monteescalier.net\/france\/monte-escalier-coquelles\/#breadcrumb"},"inLanguage":"fr-FR","potentialAction":[{"@type":"ReadAction","target":["https:\/\/www.monteescalier.net\/france\/monte-escalier-coquelles\/"]}]},{"@type":"BreadcrumbList","@id":"https:\/\/www.monteescalier.net\/france\/monte-escalier-coquelles\/#breadcrumb","itemListElement":[{"@type":"ListItem","position":1,"name":"Accueil","item":"https:\/\/www.monteescalier.net\/france\/"},{"@type":"ListItem","position":2,"name":"Monte escalier Coquelles"}]},{"@type":"WebSite","@id":"https:\/\/www.monteescalier.net\/france\/#website","url":"https:\/\/www.monteescalier.net\/france\/","name":"Monte escalier","description":"","publisher":{"@id":"https:\/\/www.monteescalier.net\/france\/#organization"},"potentialAction":[{"@type":"SearchAction","target":{"@type":"EntryPoint","urlTemplate":"https:\/\/www.monteescalier.net\/france\/?s={search_term_string}"},"query-input":{"@type":"PropertyValueSpecification","valueRequired":true,"valueName":"search_term_string"}}],"inLanguage":"fr-FR"},{"@type":"Organization","@id":"https:\/\/www.monteescalier.net\/france\/#organization","name":"monte-escalier.net","url":"https:\/\/www.monteescalier.net\/france\/","logo":{"@type":"ImageObject","inLanguage":"fr-FR","@id":"https:\/\/www.monteescalier.net\/france\/#\/schema\/logo\/image\/","url":"https:\/\/www.monteescalier.net\/france\/wp-content\/uploads\/2016\/10\/4devis-mont-escalier-500-500.gif","contentUrl":"https:\/\/www.monteescalier.net\/france\/wp-content\/uploads\/2016\/10\/4devis-mont-escalier-500-500.gif","width":500,"height":500,"caption":"monte-escalier.net"},"image":{"@id":"https:\/\/www.monteescalier.net\/france\/#\/schema\/logo\/image\/"}}]}},"_links":{"self":[{"href":"https:\/\/www.monteescalier.net\/france\/wp-json\/wp\/v2\/pages\/5110","targetHints":{"allow":["GET"]}}],"collection":[{"href":"https:\/\/www.monteescalier.net\/france\/wp-json\/wp\/v2\/pages"}],"about":[{"href":"https:\/\/www.monteescalier.net\/france\/wp-json\/wp\/v2\/types\/page"}],"author":[{"embeddable":true,"href":"https:\/\/www.monteescalier.net\/france\/wp-json\/wp\/v2\/users\/1"}],"replies":[{"embeddable":true,"href":"https:\/\/www.monteescalier.net\/france\/wp-json\/wp\/v2\/comments?post=5110"}],"version-history":[{"count":0,"href":"https:\/\/www.monteescalier.net\/france\/wp-json\/wp\/v2\/pages\/5110\/revisions"}],"wp:attachment":[{"href":"https:\/\/www.monteescalier.net\/france\/wp-json\/wp\/v2\/media?parent=5110"}],"curies":[{"name":"wp","href":"https:\/\/api.w.org\/{rel}","templated":true}]}}