{"id":515,"date":"2023-07-30T16:44:13","date_gmt":"2023-07-30T15:44:13","guid":{"rendered":"https:\/\/www.monteescalier.net\/france\/?page_id=515"},"modified":"2024-05-15T16:51:13","modified_gmt":"2024-05-15T15:51:13","slug":"monte-escalier-lot","status":"publish","type":"page","link":"https:\/\/www.monteescalier.net\/france\/monte-escalier-lot\/","title":{"rendered":"Monte escalier Lot, Cahors"},"content":{"rendered":"<div class='content-column one_half'><div style=\"padding-right:19px;\"><h1>Votre\u00a0monte escalier dans le Lot<\/h1>\n<p><b>Les revendeurs\/fabricants de votre d\u00e9partement:<\/b><br \/>\n<a href=\"https:\/\/www.monteescalier.net\/france\/monte-escalier-cahors\/\">Monte escalier vers Cahors<\/a><br \/>\n<a href=\"https:\/\/www.monteescalier.net\/france\/monte-escalier-gourdon\/\">Monte escalier vers Gourdon<\/a><br \/>\n<a href=\"https:\/\/www.monteescalier.net\/france\/monte-escalier-figeac\/\">Monte escalier vers Figeac<\/a><\/p>\n<p style=\"text-align: justify;\">Votre maison dans le Lot vous donne enti\u00e8re satisfaction. Cependant vous redoutez de ne plus pouvoir aller \u00e0\u00a0l&rsquo;\u00e9tage aussi souvent que vous le d\u00e9sireriez car cela vous fatigue ou parce que vous appr\u00e9hendez la mont\u00e9e ou la descente des marches.<\/p>\n<p style=\"text-align: justify;\">Le monte escalier peut r\u00e9gler votre probl\u00e8me. Il peut s&rsquo;adapter sur la tr\u00e8s grande majorit\u00e9 des escaliers existants, tout en ne g\u00e9nant pas un usage normal de l&rsquo;escalier.<\/p>\n<p style=\"text-align: justify;\">A qui s&rsquo;adresser pour faire installer un monte escalier chez soi?<\/p>\n<p style=\"text-align: justify;\">Il existe diff\u00e9rents types d&rsquo;intervenants sur le march\u00e9 du monte escalier : des fabricants, des revendeurs et des installateurs. Dans tous les cas, ils disposent tous d&rsquo;\u00e9quipes de pose car le monte escalier doit n\u00e9cessairement \u00eatre install\u00e9 chez vous par un professionnel.<\/p>\n<p style=\"text-align: justify;\">Pour vous aider \u00e0\u00a0 faire votre choix parmi ces diff\u00e9rents professionnels, nous vous proposons de vous mettre gratuitement en relation avec les acteurs principaux du monte escalier dans le Lot que nous avons s\u00e9lectionn\u00e9s pour vous. Pour cela rien de plus simple, il vous suffit d&rsquo;entrer vos coordonn\u00e9es dans un de nos formulaires en ligne.<\/p>\n<p style=\"text-align: justify;\">Les professionnels du monte escalier que nous avons s\u00e9lectionn\u00e9 pour vous dans le Lot recevront votre demande et ne manqueront pas de vous contacter pour vous proposer leurs services : ils s&rsquo;engagent notamment \u00e0\u00a0 vous fournir un devis gratuit pour installation de monte escalier \u00e0\u00a0 Cahors, Gourdon, Saint C\u00e9r\u00e9, Pradines, Puy L&rsquo;\u00e9v\u00e8que, Castelnau Montratier, Bagnac sur C\u00e9l\u00e9, Figeac, Souillac, Gramat, Prayssac, Biars sur C\u00e8re, Luzech Martel et toutes les autres communes du d\u00e9partement.<\/p>\n<p style=\"text-align: justify;\">Notre service de mise en relation est gratuit et sans obligation d&rsquo;achat alors n&rsquo;h\u00e9sitez pas \u00e0\u00a0l&rsquo;utiliser !<\/p>\n<p>&nbsp;<br \/>\n<a class=\"bt_lien\" href=\"https:\/\/www.monteescalier.net\/france\/demande-de-devis\/\"><\/p>\n<div class=\"bouton\">Cliquez ici pour b\u00e9n\u00e9ficier de notre offre 4 devis gratuits !<\/div><\/div><\/div><div class='content-column one_half last_column'><a href=\"https:\/\/www.monteescalier.net\/devis-gratuit.php\" target=\"_blank\" rel=\"noopener\"><img loading=\"lazy\" decoding=\"async\" class=\"alignnone size-full img_region\" src=\"https:\/\/www.monteescalier.net\/france\/wp-content\/uploads\/2014\/10\/4devis-monte-escalier-photo-490.png\" alt=\"LOT monte escalier\" width=\"507\" height=\"485\" \/><\/a><br \/>\n<img loading=\"lazy\" decoding=\"async\" class=\"alignnone size-full img_region_2\" src=\"https:\/\/www.monteescalier.net\/france\/wp-content\/uploads\/2013\/07\/lot.jpg\" alt=\"monte escalier dans le Lot\" width=\"507\" height=\"485\" \/><\/div><div class='clear_column'><\/div><\/p>\n","protected":false},"excerpt":{"rendered":"","protected":false},"author":1,"featured_media":0,"parent":0,"menu_order":0,"comment_status":"open","ping_status":"closed","template":"template3.php","meta":{"_monsterinsights_skip_tracking":false,"_monsterinsights_sitenote_active":false,"_monsterinsights_sitenote_note":"","_monsterinsights_sitenote_category":0,"footnotes":""},"class_list":["post-515","page","type-page","status-publish","hentry"],"yoast_head":"<!-- This site is optimized with the Yoast SEO plugin v26.3 - https:\/\/yoast.com\/wordpress\/plugins\/seo\/ -->\n<title>Monte escalier Lot, Cahors - Monte escalier<\/title>\n<meta name=\"description\" content=\"Liste de nos monte escalier pr\u00e9sent dans le Lot : Cahors, Gourdon, Figeac.\" \/>\n<meta name=\"robots\" content=\"index, follow, max-snippet:-1, max-image-preview:large, max-video-preview:-1\" \/>\n<link rel=\"canonical\" href=\"https:\/\/www.monteescalier.net\/france\/monte-escalier-lot\/\" \/>\n<meta property=\"og:locale\" content=\"fr_FR\" \/>\n<meta property=\"og:type\" content=\"article\" \/>\n<meta property=\"og:title\" content=\"Monte escalier Lot, Cahors - Monte escalier\" \/>\n<meta property=\"og:description\" content=\"Liste de nos monte escalier pr\u00e9sent dans le Lot : Cahors, Gourdon, Figeac.\" \/>\n<meta property=\"og:url\" content=\"https:\/\/www.monteescalier.net\/france\/monte-escalier-lot\/\" \/>\n<meta property=\"og:site_name\" content=\"Monte escalier\" \/>\n<meta property=\"article:modified_time\" content=\"2024-05-15T15:51:13+00:00\" \/>\n<meta property=\"og:image\" content=\"https:\/\/www.monteescalier.net\/france\/wp-content\/uploads\/2014\/10\/4devis-monte-escalier-photo-490.png\" \/>\n<meta name=\"twitter:card\" content=\"summary_large_image\" \/>\n<meta name=\"twitter:label1\" content=\"Dur\u00e9e de lecture estim\u00e9e\" \/>\n\t<meta name=\"twitter:data1\" content=\"2 minutes\" \/>\n<script type=\"application\/ld+json\" class=\"yoast-schema-graph\">{\"@context\":\"https:\/\/schema.org\",\"@graph\":[{\"@type\":\"WebPage\",\"@id\":\"https:\/\/www.monteescalier.net\/france\/monte-escalier-lot\/\",\"url\":\"https:\/\/www.monteescalier.net\/france\/monte-escalier-lot\/\",\"name\":\"Monte escalier Lot, Cahors - Monte escalier\",\"isPartOf\":{\"@id\":\"https:\/\/www.monteescalier.net\/france\/#website\"},\"primaryImageOfPage\":{\"@id\":\"https:\/\/www.monteescalier.net\/france\/monte-escalier-lot\/#primaryimage\"},\"image\":{\"@id\":\"https:\/\/www.monteescalier.net\/france\/monte-escalier-lot\/#primaryimage\"},\"thumbnailUrl\":\"https:\/\/www.monteescalier.net\/france\/wp-content\/uploads\/2014\/10\/4devis-monte-escalier-photo-490.png\",\"datePublished\":\"2023-07-30T15:44:13+00:00\",\"dateModified\":\"2024-05-15T15:51:13+00:00\",\"description\":\"Liste de nos monte escalier pr\u00e9sent dans le Lot : Cahors, Gourdon, Figeac.\",\"breadcrumb\":{\"@id\":\"https:\/\/www.monteescalier.net\/france\/monte-escalier-lot\/#breadcrumb\"},\"inLanguage\":\"fr-FR\",\"potentialAction\":[{\"@type\":\"ReadAction\",\"target\":[\"https:\/\/www.monteescalier.net\/france\/monte-escalier-lot\/\"]}]},{\"@type\":\"ImageObject\",\"inLanguage\":\"fr-FR\",\"@id\":\"https:\/\/www.monteescalier.net\/france\/monte-escalier-lot\/#primaryimage\",\"url\":\"https:\/\/www.monteescalier.net\/france\/wp-content\/uploads\/2014\/10\/4devis-monte-escalier-photo-490.png\",\"contentUrl\":\"https:\/\/www.monteescalier.net\/france\/wp-content\/uploads\/2014\/10\/4devis-monte-escalier-photo-490.png\",\"width\":490,\"height\":267},{\"@type\":\"BreadcrumbList\",\"@id\":\"https:\/\/www.monteescalier.net\/france\/monte-escalier-lot\/#breadcrumb\",\"itemListElement\":[{\"@type\":\"ListItem\",\"position\":1,\"name\":\"Accueil\",\"item\":\"https:\/\/www.monteescalier.net\/france\/\"},{\"@type\":\"ListItem\",\"position\":2,\"name\":\"Monte escalier Lot, Cahors\"}]},{\"@type\":\"WebSite\",\"@id\":\"https:\/\/www.monteescalier.net\/france\/#website\",\"url\":\"https:\/\/www.monteescalier.net\/france\/\",\"name\":\"Monte escalier\",\"description\":\"\",\"publisher\":{\"@id\":\"https:\/\/www.monteescalier.net\/france\/#organization\"},\"potentialAction\":[{\"@type\":\"SearchAction\",\"target\":{\"@type\":\"EntryPoint\",\"urlTemplate\":\"https:\/\/www.monteescalier.net\/france\/?s={search_term_string}\"},\"query-input\":{\"@type\":\"PropertyValueSpecification\",\"valueRequired\":true,\"valueName\":\"search_term_string\"}}],\"inLanguage\":\"fr-FR\"},{\"@type\":\"Organization\",\"@id\":\"https:\/\/www.monteescalier.net\/france\/#organization\",\"name\":\"monte-escalier.net\",\"url\":\"https:\/\/www.monteescalier.net\/france\/\",\"logo\":{\"@type\":\"ImageObject\",\"inLanguage\":\"fr-FR\",\"@id\":\"https:\/\/www.monteescalier.net\/france\/#\/schema\/logo\/image\/\",\"url\":\"https:\/\/www.monteescalier.net\/france\/wp-content\/uploads\/2016\/10\/4devis-mont-escalier-500-500.gif\",\"contentUrl\":\"https:\/\/www.monteescalier.net\/france\/wp-content\/uploads\/2016\/10\/4devis-mont-escalier-500-500.gif\",\"width\":500,\"height\":500,\"caption\":\"monte-escalier.net\"},\"image\":{\"@id\":\"https:\/\/www.monteescalier.net\/france\/#\/schema\/logo\/image\/\"}}]}<\/script>\n<!-- \/ Yoast SEO plugin. -->","yoast_head_json":{"title":"Monte escalier Lot, Cahors - Monte escalier","description":"Liste de nos monte escalier pr\u00e9sent dans le Lot : Cahors, Gourdon, Figeac.","robots":{"index":"index","follow":"follow","max-snippet":"max-snippet:-1","max-image-preview":"max-image-preview:large","max-video-preview":"max-video-preview:-1"},"canonical":"https:\/\/www.monteescalier.net\/france\/monte-escalier-lot\/","og_locale":"fr_FR","og_type":"article","og_title":"Monte escalier Lot, Cahors - Monte escalier","og_description":"Liste de nos monte escalier pr\u00e9sent dans le Lot : Cahors, Gourdon, Figeac.","og_url":"https:\/\/www.monteescalier.net\/france\/monte-escalier-lot\/","og_site_name":"Monte escalier","article_modified_time":"2024-05-15T15:51:13+00:00","og_image":[{"url":"https:\/\/www.monteescalier.net\/france\/wp-content\/uploads\/2014\/10\/4devis-monte-escalier-photo-490.png","type":"","width":"","height":""}],"twitter_card":"summary_large_image","twitter_misc":{"Dur\u00e9e de lecture estim\u00e9e":"2 minutes"},"schema":{"@context":"https:\/\/schema.org","@graph":[{"@type":"WebPage","@id":"https:\/\/www.monteescalier.net\/france\/monte-escalier-lot\/","url":"https:\/\/www.monteescalier.net\/france\/monte-escalier-lot\/","name":"Monte escalier Lot, Cahors - Monte escalier","isPartOf":{"@id":"https:\/\/www.monteescalier.net\/france\/#website"},"primaryImageOfPage":{"@id":"https:\/\/www.monteescalier.net\/france\/monte-escalier-lot\/#primaryimage"},"image":{"@id":"https:\/\/www.monteescalier.net\/france\/monte-escalier-lot\/#primaryimage"},"thumbnailUrl":"https:\/\/www.monteescalier.net\/france\/wp-content\/uploads\/2014\/10\/4devis-monte-escalier-photo-490.png","datePublished":"2023-07-30T15:44:13+00:00","dateModified":"2024-05-15T15:51:13+00:00","description":"Liste de nos monte escalier pr\u00e9sent dans le Lot : Cahors, Gourdon, Figeac.","breadcrumb":{"@id":"https:\/\/www.monteescalier.net\/france\/monte-escalier-lot\/#breadcrumb"},"inLanguage":"fr-FR","potentialAction":[{"@type":"ReadAction","target":["https:\/\/www.monteescalier.net\/france\/monte-escalier-lot\/"]}]},{"@type":"ImageObject","inLanguage":"fr-FR","@id":"https:\/\/www.monteescalier.net\/france\/monte-escalier-lot\/#primaryimage","url":"https:\/\/www.monteescalier.net\/france\/wp-content\/uploads\/2014\/10\/4devis-monte-escalier-photo-490.png","contentUrl":"https:\/\/www.monteescalier.net\/france\/wp-content\/uploads\/2014\/10\/4devis-monte-escalier-photo-490.png","width":490,"height":267},{"@type":"BreadcrumbList","@id":"https:\/\/www.monteescalier.net\/france\/monte-escalier-lot\/#breadcrumb","itemListElement":[{"@type":"ListItem","position":1,"name":"Accueil","item":"https:\/\/www.monteescalier.net\/france\/"},{"@type":"ListItem","position":2,"name":"Monte escalier Lot, Cahors"}]},{"@type":"WebSite","@id":"https:\/\/www.monteescalier.net\/france\/#website","url":"https:\/\/www.monteescalier.net\/france\/","name":"Monte escalier","description":"","publisher":{"@id":"https:\/\/www.monteescalier.net\/france\/#organization"},"potentialAction":[{"@type":"SearchAction","target":{"@type":"EntryPoint","urlTemplate":"https:\/\/www.monteescalier.net\/france\/?s={search_term_string}"},"query-input":{"@type":"PropertyValueSpecification","valueRequired":true,"valueName":"search_term_string"}}],"inLanguage":"fr-FR"},{"@type":"Organization","@id":"https:\/\/www.monteescalier.net\/france\/#organization","name":"monte-escalier.net","url":"https:\/\/www.monteescalier.net\/france\/","logo":{"@type":"ImageObject","inLanguage":"fr-FR","@id":"https:\/\/www.monteescalier.net\/france\/#\/schema\/logo\/image\/","url":"https:\/\/www.monteescalier.net\/france\/wp-content\/uploads\/2016\/10\/4devis-mont-escalier-500-500.gif","contentUrl":"https:\/\/www.monteescalier.net\/france\/wp-content\/uploads\/2016\/10\/4devis-mont-escalier-500-500.gif","width":500,"height":500,"caption":"monte-escalier.net"},"image":{"@id":"https:\/\/www.monteescalier.net\/france\/#\/schema\/logo\/image\/"}}]}},"_links":{"self":[{"href":"https:\/\/www.monteescalier.net\/france\/wp-json\/wp\/v2\/pages\/515","targetHints":{"allow":["GET"]}}],"collection":[{"href":"https:\/\/www.monteescalier.net\/france\/wp-json\/wp\/v2\/pages"}],"about":[{"href":"https:\/\/www.monteescalier.net\/france\/wp-json\/wp\/v2\/types\/page"}],"author":[{"embeddable":true,"href":"https:\/\/www.monteescalier.net\/france\/wp-json\/wp\/v2\/users\/1"}],"replies":[{"embeddable":true,"href":"https:\/\/www.monteescalier.net\/france\/wp-json\/wp\/v2\/comments?post=515"}],"version-history":[{"count":6,"href":"https:\/\/www.monteescalier.net\/france\/wp-json\/wp\/v2\/pages\/515\/revisions"}],"predecessor-version":[{"id":9108,"href":"https:\/\/www.monteescalier.net\/france\/wp-json\/wp\/v2\/pages\/515\/revisions\/9108"}],"wp:attachment":[{"href":"https:\/\/www.monteescalier.net\/france\/wp-json\/wp\/v2\/media?parent=515"}],"curies":[{"name":"wp","href":"https:\/\/api.w.org\/{rel}","templated":true}]}}