{"id":5157,"date":"2013-09-26T10:48:10","date_gmt":"2013-09-26T10:48:10","guid":{"rendered":"https:\/\/www.monteescalier.net\/france\/?page_id=5157"},"modified":"2014-11-09T16:01:29","modified_gmt":"2014-11-09T15:01:29","slug":"monte-escalier-l-aiguillon-sur-mer","status":"publish","type":"page","link":"https:\/\/www.monteescalier.net\/france\/monte-escalier-l-aiguillon-sur-mer\/","title":{"rendered":"Monte escalier l&rsquo;Aiguillon-sur-Mer"},"content":{"rendered":"<h1>Bien choisir son monte escalier \u00e0 l&rsquo;Aiguillon-sur-Mer<\/h1>\n<div class=\"boite_texte\">\n<div style=\"text-align:justify; margin-bottom:10px\">Qui contacter pour un monte escalier \u00e0 l&rsquo;Aiguillon sur Mer ? C&rsquo;est \u00e0 cette interrogation que le site monteescalier.net vous propose d&rsquo;apporter la r\u00e9ponse en vous proposant ses services exclusifs.<\/div>\n<div style=\"text-align:justify; margin-bottom:10px\">Gr\u00e2ce \u00e0 ce site, vous allez pouvoir trouver facilement les vendeurs de monte escalier sur l&rsquo;Aiguillon-sur-Mer et sa r\u00e9gion. Nous allons, en effet, vous mettre en relation gratuitement avec notre pr\u00e9selection de vendeurs de monte escalier \u00e0 Aiguillon-sur-Mer.<\/div>\n<div style=\"text-align:justify; margin-bottom:10px\">A quoi bon multipliez les demandes \u00e0 droite et \u00e0 gauche, alors que nous vous proposons gratuitement de centraliser votre demande aupr\u00e8s des professionnels du monte escalier de l&rsquo;Aiguillon-sur-Mer. Saisissez vite vos coordonn\u00e9es dans notre formulaire de demande de devis et vous recevrez leurs propositions directement dans votre boite mail (ou par courrier si vous pr\u00e9f\u00e9rez).<\/div>\n<div style=\"text-align:justify; margin-bottom:10px\">L&rsquo;installation d&rsquo;un monte escalier est une op\u00e9ration tr\u00e8s technique qui n\u00e9cessite une pr\u00e9paration minutieuse et ainsi garantir votre s\u00e9curit\u00e9 sur le fauteuil monte escalier. Il est en cons\u00e9quence normal que vous vous posiez des questions sur cette installation. Pour lever vos inqui\u00e9tudes, nous vous proposons de remplir une demande de rappel afin que nos partenaires experts puissent vous rappeler et vous donner par t\u00e9l\u00e9phone leurs avis respectifs sur la mise en place de votre monte escalier.<\/div>\n<div style=\"text-align:justify; margin-bottom:10px\">Beaucoup de nos partenaires installateurs disposent de documentation sur les mod\u00e8les de monte escalier qu&rsquo;ils commercialisent. Ils peuvent vous les faire parvenir par courrier ou par email selon votre pr\u00e9f\u00e9rence. Pour les recevoir remplissez vite une demande de documentation sur notre site.<\/div>\n<div style=\"text-align:justify; margin-bottom:10px\">Tous les services propos\u00e9s par ce site sont enti\u00e8rement gratuits et sans obligation d&rsquo;achat. Nous sommes un service de mise en relation. Vous serez mis en contact directement avec nos partenaires vendeurs de monte escalier et vous n\u00e9gocierez directement avec eux. Vous \u00eates totalement libres de n\u00e9gocier et de signer ou pas avec un des prestataires avec lequel nous vous avons mis en relation.<\/div>\n<\/div>\n<div class=\"titre_liens\">A d\u00e9couvrir \u00e9galement : nos offres monte escalier dans les villes alentours<\/div>\n<p><\/p>\n<div class=\"boite_liens\"><a href=\"https:\/\/www.monteescalier.net\/france\/monte-escalier-longeville-sur-mer\">Monte escalier Longeville-sur-Mer<\/a><br \/>\n<a href=\"https:\/\/www.monteescalier.net\/france\/monte-escalier-les-landes-genusson\">Monte escalier Landes-Genusson<\/a><br \/>\n<a href=\"https:\/\/www.monteescalier.net\/france\/monte-escalier-saint-christophe-du-ligneron\">Monte escalier Saint-Christophe-du-Ligneron<\/a><br \/>\n<a href=\"https:\/\/www.monteescalier.net\/france\/monte-escalier-nieul-le-dolent\">Monte escalier Nieul-le-Dolent<\/a><br \/>\n<a href=\"https:\/\/www.monteescalier.net\/france\/monte-escalier-bouin\">Monte escalier Bouin<\/a>\n<\/div>\n","protected":false},"excerpt":{"rendered":"<p>Bien choisir son monte escalier \u00e0 l&rsquo;Aiguillon-sur-Mer Qui contacter pour un monte escalier \u00e0 l&rsquo;Aiguillon sur Mer ? C&rsquo;est \u00e0 cette interrogation que le site monteescalier.net vous propose d&rsquo;apporter la r\u00e9ponse en vous proposant ses services exclusifs. Gr\u00e2ce \u00e0 ce site, vous allez pouvoir trouver facilement les vendeurs de monte escalier sur l&rsquo;Aiguillon-sur-Mer et sa [&hellip;]<\/p>\n","protected":false},"author":1,"featured_media":0,"parent":0,"menu_order":0,"comment_status":"closed","ping_status":"open","template":"template_ville_13.php","meta":{"_monsterinsights_skip_tracking":false,"_monsterinsights_sitenote_active":false,"_monsterinsights_sitenote_note":"","_monsterinsights_sitenote_category":0,"footnotes":""},"class_list":["post-5157","page","type-page","status-publish","hentry"],"yoast_head":"<!-- This site is optimized with the Yoast SEO plugin v26.3 - https:\/\/yoast.com\/wordpress\/plugins\/seo\/ -->\n<title>Monte escalier l&#039;Aiguillon-sur-Mer - Monte escalier<\/title>\n<meta name=\"robots\" content=\"index, follow, max-snippet:-1, max-image-preview:large, max-video-preview:-1\" \/>\n<link rel=\"canonical\" href=\"https:\/\/www.monteescalier.net\/france\/monte-escalier-l-aiguillon-sur-mer\/\" \/>\n<meta property=\"og:locale\" content=\"fr_FR\" \/>\n<meta property=\"og:type\" content=\"article\" \/>\n<meta property=\"og:title\" content=\"Monte escalier l&#039;Aiguillon-sur-Mer - Monte escalier\" \/>\n<meta property=\"og:description\" content=\"Bien choisir son monte escalier \u00e0 l&rsquo;Aiguillon-sur-Mer Qui contacter pour un monte escalier \u00e0 l&rsquo;Aiguillon sur Mer ? C&rsquo;est \u00e0 cette interrogation que le site monteescalier.net vous propose d&rsquo;apporter la r\u00e9ponse en vous proposant ses services exclusifs. Gr\u00e2ce \u00e0 ce site, vous allez pouvoir trouver facilement les vendeurs de monte escalier sur l&rsquo;Aiguillon-sur-Mer et sa [&hellip;]\" \/>\n<meta property=\"og:url\" content=\"https:\/\/www.monteescalier.net\/france\/monte-escalier-l-aiguillon-sur-mer\/\" \/>\n<meta property=\"og:site_name\" content=\"Monte escalier\" \/>\n<meta property=\"article:modified_time\" content=\"2014-11-09T15:01:29+00:00\" \/>\n<meta name=\"twitter:card\" content=\"summary_large_image\" \/>\n<meta name=\"twitter:label1\" content=\"Dur\u00e9e de lecture estim\u00e9e\" \/>\n\t<meta name=\"twitter:data1\" content=\"2 minutes\" \/>\n<script type=\"application\/ld+json\" class=\"yoast-schema-graph\">{\"@context\":\"https:\/\/schema.org\",\"@graph\":[{\"@type\":\"WebPage\",\"@id\":\"https:\/\/www.monteescalier.net\/france\/monte-escalier-l-aiguillon-sur-mer\/\",\"url\":\"https:\/\/www.monteescalier.net\/france\/monte-escalier-l-aiguillon-sur-mer\/\",\"name\":\"Monte escalier l'Aiguillon-sur-Mer - Monte escalier\",\"isPartOf\":{\"@id\":\"https:\/\/www.monteescalier.net\/france\/#website\"},\"datePublished\":\"2013-09-26T10:48:10+00:00\",\"dateModified\":\"2014-11-09T15:01:29+00:00\",\"breadcrumb\":{\"@id\":\"https:\/\/www.monteescalier.net\/france\/monte-escalier-l-aiguillon-sur-mer\/#breadcrumb\"},\"inLanguage\":\"fr-FR\",\"potentialAction\":[{\"@type\":\"ReadAction\",\"target\":[\"https:\/\/www.monteescalier.net\/france\/monte-escalier-l-aiguillon-sur-mer\/\"]}]},{\"@type\":\"BreadcrumbList\",\"@id\":\"https:\/\/www.monteescalier.net\/france\/monte-escalier-l-aiguillon-sur-mer\/#breadcrumb\",\"itemListElement\":[{\"@type\":\"ListItem\",\"position\":1,\"name\":\"Accueil\",\"item\":\"https:\/\/www.monteescalier.net\/france\/\"},{\"@type\":\"ListItem\",\"position\":2,\"name\":\"Monte escalier l&rsquo;Aiguillon-sur-Mer\"}]},{\"@type\":\"WebSite\",\"@id\":\"https:\/\/www.monteescalier.net\/france\/#website\",\"url\":\"https:\/\/www.monteescalier.net\/france\/\",\"name\":\"Monte escalier\",\"description\":\"\",\"publisher\":{\"@id\":\"https:\/\/www.monteescalier.net\/france\/#organization\"},\"potentialAction\":[{\"@type\":\"SearchAction\",\"target\":{\"@type\":\"EntryPoint\",\"urlTemplate\":\"https:\/\/www.monteescalier.net\/france\/?s={search_term_string}\"},\"query-input\":{\"@type\":\"PropertyValueSpecification\",\"valueRequired\":true,\"valueName\":\"search_term_string\"}}],\"inLanguage\":\"fr-FR\"},{\"@type\":\"Organization\",\"@id\":\"https:\/\/www.monteescalier.net\/france\/#organization\",\"name\":\"monte-escalier.net\",\"url\":\"https:\/\/www.monteescalier.net\/france\/\",\"logo\":{\"@type\":\"ImageObject\",\"inLanguage\":\"fr-FR\",\"@id\":\"https:\/\/www.monteescalier.net\/france\/#\/schema\/logo\/image\/\",\"url\":\"https:\/\/www.monteescalier.net\/france\/wp-content\/uploads\/2016\/10\/4devis-mont-escalier-500-500.gif\",\"contentUrl\":\"https:\/\/www.monteescalier.net\/france\/wp-content\/uploads\/2016\/10\/4devis-mont-escalier-500-500.gif\",\"width\":500,\"height\":500,\"caption\":\"monte-escalier.net\"},\"image\":{\"@id\":\"https:\/\/www.monteescalier.net\/france\/#\/schema\/logo\/image\/\"}}]}<\/script>\n<!-- \/ Yoast SEO plugin. -->","yoast_head_json":{"title":"Monte escalier l'Aiguillon-sur-Mer - Monte escalier","robots":{"index":"index","follow":"follow","max-snippet":"max-snippet:-1","max-image-preview":"max-image-preview:large","max-video-preview":"max-video-preview:-1"},"canonical":"https:\/\/www.monteescalier.net\/france\/monte-escalier-l-aiguillon-sur-mer\/","og_locale":"fr_FR","og_type":"article","og_title":"Monte escalier l'Aiguillon-sur-Mer - Monte escalier","og_description":"Bien choisir son monte escalier \u00e0 l&rsquo;Aiguillon-sur-Mer Qui contacter pour un monte escalier \u00e0 l&rsquo;Aiguillon sur Mer ? C&rsquo;est \u00e0 cette interrogation que le site monteescalier.net vous propose d&rsquo;apporter la r\u00e9ponse en vous proposant ses services exclusifs. Gr\u00e2ce \u00e0 ce site, vous allez pouvoir trouver facilement les vendeurs de monte escalier sur l&rsquo;Aiguillon-sur-Mer et sa [&hellip;]","og_url":"https:\/\/www.monteescalier.net\/france\/monte-escalier-l-aiguillon-sur-mer\/","og_site_name":"Monte escalier","article_modified_time":"2014-11-09T15:01:29+00:00","twitter_card":"summary_large_image","twitter_misc":{"Dur\u00e9e de lecture estim\u00e9e":"2 minutes"},"schema":{"@context":"https:\/\/schema.org","@graph":[{"@type":"WebPage","@id":"https:\/\/www.monteescalier.net\/france\/monte-escalier-l-aiguillon-sur-mer\/","url":"https:\/\/www.monteescalier.net\/france\/monte-escalier-l-aiguillon-sur-mer\/","name":"Monte escalier l'Aiguillon-sur-Mer - Monte escalier","isPartOf":{"@id":"https:\/\/www.monteescalier.net\/france\/#website"},"datePublished":"2013-09-26T10:48:10+00:00","dateModified":"2014-11-09T15:01:29+00:00","breadcrumb":{"@id":"https:\/\/www.monteescalier.net\/france\/monte-escalier-l-aiguillon-sur-mer\/#breadcrumb"},"inLanguage":"fr-FR","potentialAction":[{"@type":"ReadAction","target":["https:\/\/www.monteescalier.net\/france\/monte-escalier-l-aiguillon-sur-mer\/"]}]},{"@type":"BreadcrumbList","@id":"https:\/\/www.monteescalier.net\/france\/monte-escalier-l-aiguillon-sur-mer\/#breadcrumb","itemListElement":[{"@type":"ListItem","position":1,"name":"Accueil","item":"https:\/\/www.monteescalier.net\/france\/"},{"@type":"ListItem","position":2,"name":"Monte escalier l&rsquo;Aiguillon-sur-Mer"}]},{"@type":"WebSite","@id":"https:\/\/www.monteescalier.net\/france\/#website","url":"https:\/\/www.monteescalier.net\/france\/","name":"Monte escalier","description":"","publisher":{"@id":"https:\/\/www.monteescalier.net\/france\/#organization"},"potentialAction":[{"@type":"SearchAction","target":{"@type":"EntryPoint","urlTemplate":"https:\/\/www.monteescalier.net\/france\/?s={search_term_string}"},"query-input":{"@type":"PropertyValueSpecification","valueRequired":true,"valueName":"search_term_string"}}],"inLanguage":"fr-FR"},{"@type":"Organization","@id":"https:\/\/www.monteescalier.net\/france\/#organization","name":"monte-escalier.net","url":"https:\/\/www.monteescalier.net\/france\/","logo":{"@type":"ImageObject","inLanguage":"fr-FR","@id":"https:\/\/www.monteescalier.net\/france\/#\/schema\/logo\/image\/","url":"https:\/\/www.monteescalier.net\/france\/wp-content\/uploads\/2016\/10\/4devis-mont-escalier-500-500.gif","contentUrl":"https:\/\/www.monteescalier.net\/france\/wp-content\/uploads\/2016\/10\/4devis-mont-escalier-500-500.gif","width":500,"height":500,"caption":"monte-escalier.net"},"image":{"@id":"https:\/\/www.monteescalier.net\/france\/#\/schema\/logo\/image\/"}}]}},"_links":{"self":[{"href":"https:\/\/www.monteescalier.net\/france\/wp-json\/wp\/v2\/pages\/5157","targetHints":{"allow":["GET"]}}],"collection":[{"href":"https:\/\/www.monteescalier.net\/france\/wp-json\/wp\/v2\/pages"}],"about":[{"href":"https:\/\/www.monteescalier.net\/france\/wp-json\/wp\/v2\/types\/page"}],"author":[{"embeddable":true,"href":"https:\/\/www.monteescalier.net\/france\/wp-json\/wp\/v2\/users\/1"}],"replies":[{"embeddable":true,"href":"https:\/\/www.monteescalier.net\/france\/wp-json\/wp\/v2\/comments?post=5157"}],"version-history":[{"count":2,"href":"https:\/\/www.monteescalier.net\/france\/wp-json\/wp\/v2\/pages\/5157\/revisions"}],"predecessor-version":[{"id":6702,"href":"https:\/\/www.monteescalier.net\/france\/wp-json\/wp\/v2\/pages\/5157\/revisions\/6702"}],"wp:attachment":[{"href":"https:\/\/www.monteescalier.net\/france\/wp-json\/wp\/v2\/media?parent=5157"}],"curies":[{"name":"wp","href":"https:\/\/api.w.org\/{rel}","templated":true}]}}