{"id":5174,"date":"2021-09-26T10:48:10","date_gmt":"2021-09-26T09:48:10","guid":{"rendered":"https:\/\/www.monteescalier.net\/france\/?page_id=5174"},"modified":"2021-11-23T11:51:19","modified_gmt":"2021-11-23T10:51:19","slug":"monte-escalier-l-argentiere-la-bessee","status":"publish","type":"page","link":"https:\/\/www.monteescalier.net\/france\/monte-escalier-l-argentiere-la-bessee\/","title":{"rendered":"Monte escalier Argenti\u00e8re-la-Bess\u00e9e"},"content":{"rendered":"<h1>Besoin d&rsquo;un devis de monte escalier \u00e0 Argenti\u00e8re-la-Bess\u00e9e<\/h1>\n<div class=\"boite_texte\">\n<div style=\"text-align: justify; margin-bottom: 10px;\">Qui contacter pour un monte escalier \u00e0 Argenti\u00e8re-la-Bess\u00e9e ? C&rsquo;est \u00e0 cette interrogationque le site monteescalier.net vous propose d&rsquo;apporter la r\u00e9ponse en vous proposant ses services exclusifs.<\/div>\n<div style=\"text-align: justify; margin-bottom: 10px;\">Monteescalier.net dispose de partenaires installateurs de monte escalier dans toute la France et vous permet d&rsquo;\u00eatre mis sans aucun frais en contact avec ceux pouvant intervenir chez vous pour poser un monte escalier \u00e0 Argenti\u00e8re-la-Bess\u00e9e.<\/div>\n<div style=\"text-align: justify; margin-bottom: 10px;\">Pour choisir votre revendeur de monte escalier \u00e0 Argenti\u00e8re-la-Bess\u00e9e, le plus ais\u00e9 est de pouvoir disposer de plusieurs devis \u00e9manant de diff\u00e9rentes soci\u00e9t\u00e9. C&rsquo;est justement ce que nous vous proposons. Remplissez une demande de devis et nos partenaires vous feront chacun leur meilleure offre pour votre monte escalier \u00e0 Argenti\u00e8re-la-Bess\u00e9e.<\/div>\n<div style=\"text-align: justify; margin-bottom: 10px;\">Avant de passer commande d&rsquo;un monte escalier, vous souhaitez en parler au t\u00e9l\u00e9phone avec plusieurs experts. Dans ce cas, utilisez notre demande de rappel, et nos partenaires experts du monte escalier vous rappelleront dans les plus brefs d\u00e9lais pour discuter de votre projet.<\/div>\n<div style=\"text-align: justify; margin-bottom: 10px;\">Quel mod\u00e8le de monte escalier choisir ? Pour vous aider \u00e0 r\u00e9pondre \u00e0 cette question, aidez vous avec de la documentation gratuite sur les monte escaliers. Nos partenaires revendeurs peuvent, en effet, vous faire parvenir de la documentation sur les mod\u00e8les qu&rsquo;ils proposent \u00e0 la vente et qui vous permettront sans doute d&rsquo;\u00e9tablir une pr\u00e9selection entre les diff\u00e9rents mod\u00e8les que vous pourriez faire poser chez vous.<\/div>\n<div style=\"text-align: justify; margin-bottom: 10px;\">Souvenez vous que tous nos services sont totalement gratuits pour les acqu\u00e9reurs potentiels de monte escalier. N&rsquo;h\u00e9sitez pas \u00e0 remplir un formulaire, c&rsquo;est \u00e9galement sans engagement.<\/div>\n<\/div>\n<div class=\"titre_liens\">Nous sommes \u00e9galement pr\u00e9sent dans les communes suivantes :<\/div>\n<div class=\"boite_liens\"><a href=\"https:\/\/www.monteescalier.net\/france\/monte-escalier-la-batie-neuve\">Monte escalier B\u00e2tie-Neuve<\/a><br \/>\n<a href=\"https:\/\/www.monteescalier.net\/france\/monte-escalier-tallard\">Monte escalier Tallard<\/a><br \/>\n<a href=\"https:\/\/www.monteescalier.net\/france\/monte-escalier-gap\">Monte escalier Gap<\/a><br \/>\n<a href=\"https:\/\/www.monteescalier.net\/france\/monte-escalier-briancon\">Monte escalier Brian\u00e7on<\/a><br \/>\n<a href=\"https:\/\/www.monteescalier.net\/france\/monte-escalier-embrun\">Monte escalier Embrun<\/a><\/div>\n","protected":false},"excerpt":{"rendered":"<p>Besoin d&rsquo;un devis de monte escalier \u00e0 Argenti\u00e8re-la-Bess\u00e9e Qui contacter pour un monte escalier \u00e0 Argenti\u00e8re-la-Bess\u00e9e ? C&rsquo;est \u00e0 cette interrogationque le site monteescalier.net vous propose d&rsquo;apporter la r\u00e9ponse en vous proposant ses services exclusifs. Monteescalier.net dispose de partenaires installateurs de monte escalier dans toute la France et vous permet d&rsquo;\u00eatre mis sans aucun frais [&hellip;]<\/p>\n","protected":false},"author":1,"featured_media":0,"parent":0,"menu_order":0,"comment_status":"closed","ping_status":"open","template":"template_ville_6.php","meta":{"_monsterinsights_skip_tracking":false,"_monsterinsights_sitenote_active":false,"_monsterinsights_sitenote_note":"","_monsterinsights_sitenote_category":0,"footnotes":""},"class_list":["post-5174","page","type-page","status-publish","hentry"],"yoast_head":"<!-- This site is optimized with the Yoast SEO plugin v26.3 - https:\/\/yoast.com\/wordpress\/plugins\/seo\/ -->\n<title>Monte escalier Argenti\u00e8re-la-Bess\u00e9e - Monte escalier<\/title>\n<meta name=\"description\" content=\"Trouvez votre monte-escalier \u00e0 Argenti\u00e8re-la-Bess\u00e9e gr\u00e2ce a notre site et nos professionnels en toute confiance\" \/>\n<meta name=\"robots\" content=\"index, follow, max-snippet:-1, max-image-preview:large, max-video-preview:-1\" \/>\n<link rel=\"canonical\" href=\"https:\/\/www.monteescalier.net\/france\/monte-escalier-l-argentiere-la-bessee\/\" \/>\n<meta property=\"og:locale\" content=\"fr_FR\" \/>\n<meta property=\"og:type\" content=\"article\" \/>\n<meta property=\"og:title\" content=\"Monte escalier Argenti\u00e8re-la-Bess\u00e9e - Monte escalier\" \/>\n<meta property=\"og:description\" content=\"Trouvez votre monte-escalier \u00e0 Argenti\u00e8re-la-Bess\u00e9e gr\u00e2ce a notre site et nos professionnels en toute confiance\" \/>\n<meta property=\"og:url\" content=\"https:\/\/www.monteescalier.net\/france\/monte-escalier-l-argentiere-la-bessee\/\" \/>\n<meta property=\"og:site_name\" content=\"Monte escalier\" \/>\n<meta property=\"article:modified_time\" content=\"2021-11-23T10:51:19+00:00\" \/>\n<meta name=\"twitter:card\" content=\"summary_large_image\" \/>\n<meta name=\"twitter:label1\" content=\"Dur\u00e9e de lecture estim\u00e9e\" \/>\n\t<meta name=\"twitter:data1\" content=\"1 minute\" \/>\n<script type=\"application\/ld+json\" class=\"yoast-schema-graph\">{\"@context\":\"https:\/\/schema.org\",\"@graph\":[{\"@type\":\"WebPage\",\"@id\":\"https:\/\/www.monteescalier.net\/france\/monte-escalier-l-argentiere-la-bessee\/\",\"url\":\"https:\/\/www.monteescalier.net\/france\/monte-escalier-l-argentiere-la-bessee\/\",\"name\":\"Monte escalier Argenti\u00e8re-la-Bess\u00e9e - Monte escalier\",\"isPartOf\":{\"@id\":\"https:\/\/www.monteescalier.net\/france\/#website\"},\"datePublished\":\"2021-09-26T09:48:10+00:00\",\"dateModified\":\"2021-11-23T10:51:19+00:00\",\"description\":\"Trouvez votre monte-escalier \u00e0 Argenti\u00e8re-la-Bess\u00e9e gr\u00e2ce a notre site et nos professionnels en toute confiance\",\"breadcrumb\":{\"@id\":\"https:\/\/www.monteescalier.net\/france\/monte-escalier-l-argentiere-la-bessee\/#breadcrumb\"},\"inLanguage\":\"fr-FR\",\"potentialAction\":[{\"@type\":\"ReadAction\",\"target\":[\"https:\/\/www.monteescalier.net\/france\/monte-escalier-l-argentiere-la-bessee\/\"]}]},{\"@type\":\"BreadcrumbList\",\"@id\":\"https:\/\/www.monteescalier.net\/france\/monte-escalier-l-argentiere-la-bessee\/#breadcrumb\",\"itemListElement\":[{\"@type\":\"ListItem\",\"position\":1,\"name\":\"Accueil\",\"item\":\"https:\/\/www.monteescalier.net\/france\/\"},{\"@type\":\"ListItem\",\"position\":2,\"name\":\"Monte escalier Argenti\u00e8re-la-Bess\u00e9e\"}]},{\"@type\":\"WebSite\",\"@id\":\"https:\/\/www.monteescalier.net\/france\/#website\",\"url\":\"https:\/\/www.monteescalier.net\/france\/\",\"name\":\"Monte escalier\",\"description\":\"\",\"publisher\":{\"@id\":\"https:\/\/www.monteescalier.net\/france\/#organization\"},\"potentialAction\":[{\"@type\":\"SearchAction\",\"target\":{\"@type\":\"EntryPoint\",\"urlTemplate\":\"https:\/\/www.monteescalier.net\/france\/?s={search_term_string}\"},\"query-input\":{\"@type\":\"PropertyValueSpecification\",\"valueRequired\":true,\"valueName\":\"search_term_string\"}}],\"inLanguage\":\"fr-FR\"},{\"@type\":\"Organization\",\"@id\":\"https:\/\/www.monteescalier.net\/france\/#organization\",\"name\":\"monte-escalier.net\",\"url\":\"https:\/\/www.monteescalier.net\/france\/\",\"logo\":{\"@type\":\"ImageObject\",\"inLanguage\":\"fr-FR\",\"@id\":\"https:\/\/www.monteescalier.net\/france\/#\/schema\/logo\/image\/\",\"url\":\"https:\/\/www.monteescalier.net\/france\/wp-content\/uploads\/2016\/10\/4devis-mont-escalier-500-500.gif\",\"contentUrl\":\"https:\/\/www.monteescalier.net\/france\/wp-content\/uploads\/2016\/10\/4devis-mont-escalier-500-500.gif\",\"width\":500,\"height\":500,\"caption\":\"monte-escalier.net\"},\"image\":{\"@id\":\"https:\/\/www.monteescalier.net\/france\/#\/schema\/logo\/image\/\"}}]}<\/script>\n<!-- \/ Yoast SEO plugin. -->","yoast_head_json":{"title":"Monte escalier Argenti\u00e8re-la-Bess\u00e9e - Monte escalier","description":"Trouvez votre monte-escalier \u00e0 Argenti\u00e8re-la-Bess\u00e9e gr\u00e2ce a notre site et nos professionnels en toute confiance","robots":{"index":"index","follow":"follow","max-snippet":"max-snippet:-1","max-image-preview":"max-image-preview:large","max-video-preview":"max-video-preview:-1"},"canonical":"https:\/\/www.monteescalier.net\/france\/monte-escalier-l-argentiere-la-bessee\/","og_locale":"fr_FR","og_type":"article","og_title":"Monte escalier Argenti\u00e8re-la-Bess\u00e9e - Monte escalier","og_description":"Trouvez votre monte-escalier \u00e0 Argenti\u00e8re-la-Bess\u00e9e gr\u00e2ce a notre site et nos professionnels en toute confiance","og_url":"https:\/\/www.monteescalier.net\/france\/monte-escalier-l-argentiere-la-bessee\/","og_site_name":"Monte escalier","article_modified_time":"2021-11-23T10:51:19+00:00","twitter_card":"summary_large_image","twitter_misc":{"Dur\u00e9e de lecture estim\u00e9e":"1 minute"},"schema":{"@context":"https:\/\/schema.org","@graph":[{"@type":"WebPage","@id":"https:\/\/www.monteescalier.net\/france\/monte-escalier-l-argentiere-la-bessee\/","url":"https:\/\/www.monteescalier.net\/france\/monte-escalier-l-argentiere-la-bessee\/","name":"Monte escalier Argenti\u00e8re-la-Bess\u00e9e - Monte escalier","isPartOf":{"@id":"https:\/\/www.monteescalier.net\/france\/#website"},"datePublished":"2021-09-26T09:48:10+00:00","dateModified":"2021-11-23T10:51:19+00:00","description":"Trouvez votre monte-escalier \u00e0 Argenti\u00e8re-la-Bess\u00e9e gr\u00e2ce a notre site et nos professionnels en toute confiance","breadcrumb":{"@id":"https:\/\/www.monteescalier.net\/france\/monte-escalier-l-argentiere-la-bessee\/#breadcrumb"},"inLanguage":"fr-FR","potentialAction":[{"@type":"ReadAction","target":["https:\/\/www.monteescalier.net\/france\/monte-escalier-l-argentiere-la-bessee\/"]}]},{"@type":"BreadcrumbList","@id":"https:\/\/www.monteescalier.net\/france\/monte-escalier-l-argentiere-la-bessee\/#breadcrumb","itemListElement":[{"@type":"ListItem","position":1,"name":"Accueil","item":"https:\/\/www.monteescalier.net\/france\/"},{"@type":"ListItem","position":2,"name":"Monte escalier Argenti\u00e8re-la-Bess\u00e9e"}]},{"@type":"WebSite","@id":"https:\/\/www.monteescalier.net\/france\/#website","url":"https:\/\/www.monteescalier.net\/france\/","name":"Monte escalier","description":"","publisher":{"@id":"https:\/\/www.monteescalier.net\/france\/#organization"},"potentialAction":[{"@type":"SearchAction","target":{"@type":"EntryPoint","urlTemplate":"https:\/\/www.monteescalier.net\/france\/?s={search_term_string}"},"query-input":{"@type":"PropertyValueSpecification","valueRequired":true,"valueName":"search_term_string"}}],"inLanguage":"fr-FR"},{"@type":"Organization","@id":"https:\/\/www.monteescalier.net\/france\/#organization","name":"monte-escalier.net","url":"https:\/\/www.monteescalier.net\/france\/","logo":{"@type":"ImageObject","inLanguage":"fr-FR","@id":"https:\/\/www.monteescalier.net\/france\/#\/schema\/logo\/image\/","url":"https:\/\/www.monteescalier.net\/france\/wp-content\/uploads\/2016\/10\/4devis-mont-escalier-500-500.gif","contentUrl":"https:\/\/www.monteescalier.net\/france\/wp-content\/uploads\/2016\/10\/4devis-mont-escalier-500-500.gif","width":500,"height":500,"caption":"monte-escalier.net"},"image":{"@id":"https:\/\/www.monteescalier.net\/france\/#\/schema\/logo\/image\/"}}]}},"_links":{"self":[{"href":"https:\/\/www.monteescalier.net\/france\/wp-json\/wp\/v2\/pages\/5174","targetHints":{"allow":["GET"]}}],"collection":[{"href":"https:\/\/www.monteescalier.net\/france\/wp-json\/wp\/v2\/pages"}],"about":[{"href":"https:\/\/www.monteescalier.net\/france\/wp-json\/wp\/v2\/types\/page"}],"author":[{"embeddable":true,"href":"https:\/\/www.monteescalier.net\/france\/wp-json\/wp\/v2\/users\/1"}],"replies":[{"embeddable":true,"href":"https:\/\/www.monteescalier.net\/france\/wp-json\/wp\/v2\/comments?post=5174"}],"version-history":[{"count":1,"href":"https:\/\/www.monteescalier.net\/france\/wp-json\/wp\/v2\/pages\/5174\/revisions"}],"predecessor-version":[{"id":8983,"href":"https:\/\/www.monteescalier.net\/france\/wp-json\/wp\/v2\/pages\/5174\/revisions\/8983"}],"wp:attachment":[{"href":"https:\/\/www.monteescalier.net\/france\/wp-json\/wp\/v2\/media?parent=5174"}],"curies":[{"name":"wp","href":"https:\/\/api.w.org\/{rel}","templated":true}]}}