{"id":5204,"date":"2013-09-26T10:48:11","date_gmt":"2013-09-26T10:48:11","guid":{"rendered":"https:\/\/www.monteescalier.net\/france\/?page_id=5204"},"modified":"-0001-11-30T00:00:00","modified_gmt":"-0001-11-29T23:00:00","slug":"monte-escalier-brehan","status":"publish","type":"page","link":"https:\/\/www.monteescalier.net\/france\/monte-escalier-brehan\/","title":{"rendered":"Monte escalier Br\u00e9han"},"content":{"rendered":"<h1>Quel vendeur de monte escalier choisir \u00e0 Br\u00e9han<\/h1>\n<div class=\"boite_texte\">\n<div style=\"text-align:justify; margin-bottom:10px\">Qui contacter pour un monte escalier \u00e0 Br\u00e9han ? C&rsquo;est \u00e0 cette interrogationque le site monteescalier.net vous propose d&rsquo;apporter la r\u00e9ponse en vous proposant ses services exclusifs.<\/div>\n<div style=\"text-align:justify; margin-bottom:10px\">Monteescalier.net dispose de partenaires installateurs de monte escalier dans toute la France et vous permet d&rsquo;\u00eatre mis sans aucun frais en contact avec ceux pouvant intervenir chez vous pour mettre en place un monte escalier \u00e0 Br\u00e9han.<\/div>\n<div style=\"text-align:justify; margin-bottom:10px\">A quoi bon multipliez les demandes \u00e0 droite et \u00e0 gauche, alors que nous vous proposons gratuitement de centraliser votre demande aupr\u00e8s des professionnels du monte escalier de Br\u00e9han. Saisissez vite vos coordonn\u00e9es dans notre formulaire de demande de devis et vous recevrez leurs propositions directement dans votre boite mail (ou par courrier si vous pr\u00e9f\u00e9rez).<\/div>\n<div style=\"text-align:justify; margin-bottom:10px\">Votre maison peut elle accueillir un monte escalier? Votre escalier est il assez large? Vous faut il un monte escalier droit ou un monte escalier tournant? Quelle marque, quel fauteuil choisir? Pour obtenir diff\u00e9rents avis sur ces questions, utilisez notre fomulaire de rappel. Nos professionnels partenaires du monte escalier vous recontacteront tr\u00e8s vite !<\/div>\n<div style=\"text-align:justify; margin-bottom:10px\">La majorit\u00e9 des nos partenaires installateurs disposent de documentation sur les mod\u00e8les de monte escalier qu&rsquo;ils commercialisent. Ils peuvent vous les faire parvenir par courrier ou par email selon votre pr\u00e9f\u00e9rence. Pour les recevoir remplissez vite une demande de documentation sur notre site.<\/div>\n<div style=\"text-align:justify; margin-bottom:10px\">Centralisez vos demandes sur les monte escalier gr\u00e2ce \u00e0 notre site enti\u00e8rement gratuit : un formulaire rempli = des contacts multiples avec les prestataires revendeurs de monte escalier \u00e0 Br\u00e9han et dans tout le d\u00e9partement. Si toutefois, les prestataires que nous avons pr\u00e9sent\u00e9s ne vous font pas de proposition int\u00e9ressante, libre \u00e0 vous d&rsquo;aller voir ailleurs. Une demande sur monteescalier.net ne vous engage absolument pas.<\/div>\n<\/div>\n<div class=\"titre_liens\">A d\u00e9couvrir \u00e9galement : nos offres monte escalier dans les villes alentour<\/div>\n<div class=\"boite_liens\"><a href=\"https:\/\/www.monteescalier.net\/france\/monte-escalier-bubry\">Monte escalier Bubry<\/a><br \/>\n<a href=\"https:\/\/www.monteescalier.net\/france\/monte-escalier-noyal-muzillac\">Monte escalier Noyal-Muzillac<\/a><br \/>\n<a href=\"https:\/\/www.monteescalier.net\/france\/monte-escalier-groix\">Monte escalier Groix<\/a><br \/>\n<a href=\"https:\/\/www.monteescalier.net\/france\/monte-escalier-saint-dolay\">Monte escalier Saint-Dolay<\/a><br \/>\n<a href=\"https:\/\/www.monteescalier.net\/france\/monte-escalier-arzon\">Monte escalier Arzon<\/a>\n<\/div>\n","protected":false},"excerpt":{"rendered":"<p>Quel vendeur de monte escalier choisir \u00e0 Br\u00e9han Qui contacter pour un monte escalier \u00e0 Br\u00e9han ? C&rsquo;est \u00e0 cette interrogationque le site monteescalier.net vous propose d&rsquo;apporter la r\u00e9ponse en vous proposant ses services exclusifs. Monteescalier.net dispose de partenaires installateurs de monte escalier dans toute la France et vous permet d&rsquo;\u00eatre mis sans aucun frais [&hellip;]<\/p>\n","protected":false},"author":1,"featured_media":0,"parent":0,"menu_order":0,"comment_status":"closed","ping_status":"open","template":"template_ville_10.php","meta":{"_monsterinsights_skip_tracking":false,"_monsterinsights_sitenote_active":false,"_monsterinsights_sitenote_note":"","_monsterinsights_sitenote_category":0,"footnotes":""},"class_list":["post-5204","page","type-page","status-publish","hentry"],"yoast_head":"<!-- This site is optimized with the Yoast SEO plugin v26.3 - https:\/\/yoast.com\/wordpress\/plugins\/seo\/ -->\n<title>Monte escalier Br\u00e9han - Monte escalier<\/title>\n<meta name=\"robots\" content=\"index, follow, max-snippet:-1, max-image-preview:large, max-video-preview:-1\" \/>\n<link rel=\"canonical\" href=\"https:\/\/www.monteescalier.net\/france\/monte-escalier-brehan\/\" \/>\n<meta property=\"og:locale\" content=\"fr_FR\" \/>\n<meta property=\"og:type\" content=\"article\" \/>\n<meta property=\"og:title\" content=\"Monte escalier Br\u00e9han - Monte escalier\" \/>\n<meta property=\"og:description\" content=\"Quel vendeur de monte escalier choisir \u00e0 Br\u00e9han Qui contacter pour un monte escalier \u00e0 Br\u00e9han ? C&rsquo;est \u00e0 cette interrogationque le site monteescalier.net vous propose d&rsquo;apporter la r\u00e9ponse en vous proposant ses services exclusifs. Monteescalier.net dispose de partenaires installateurs de monte escalier dans toute la France et vous permet d&rsquo;\u00eatre mis sans aucun frais [&hellip;]\" \/>\n<meta property=\"og:url\" content=\"https:\/\/www.monteescalier.net\/france\/monte-escalier-brehan\/\" \/>\n<meta property=\"og:site_name\" content=\"Monte escalier\" \/>\n<meta name=\"twitter:card\" content=\"summary_large_image\" \/>\n<meta name=\"twitter:label1\" content=\"Dur\u00e9e de lecture estim\u00e9e\" \/>\n\t<meta name=\"twitter:data1\" content=\"2 minutes\" \/>\n<script type=\"application\/ld+json\" class=\"yoast-schema-graph\">{\"@context\":\"https:\/\/schema.org\",\"@graph\":[{\"@type\":\"WebPage\",\"@id\":\"https:\/\/www.monteescalier.net\/france\/monte-escalier-brehan\/\",\"url\":\"https:\/\/www.monteescalier.net\/france\/monte-escalier-brehan\/\",\"name\":\"Monte escalier Br\u00e9han - Monte escalier\",\"isPartOf\":{\"@id\":\"https:\/\/www.monteescalier.net\/france\/#website\"},\"datePublished\":\"2013-09-26T10:48:11+00:00\",\"breadcrumb\":{\"@id\":\"https:\/\/www.monteescalier.net\/france\/monte-escalier-brehan\/#breadcrumb\"},\"inLanguage\":\"fr-FR\",\"potentialAction\":[{\"@type\":\"ReadAction\",\"target\":[\"https:\/\/www.monteescalier.net\/france\/monte-escalier-brehan\/\"]}]},{\"@type\":\"BreadcrumbList\",\"@id\":\"https:\/\/www.monteescalier.net\/france\/monte-escalier-brehan\/#breadcrumb\",\"itemListElement\":[{\"@type\":\"ListItem\",\"position\":1,\"name\":\"Accueil\",\"item\":\"https:\/\/www.monteescalier.net\/france\/\"},{\"@type\":\"ListItem\",\"position\":2,\"name\":\"Monte escalier Br\u00e9han\"}]},{\"@type\":\"WebSite\",\"@id\":\"https:\/\/www.monteescalier.net\/france\/#website\",\"url\":\"https:\/\/www.monteescalier.net\/france\/\",\"name\":\"Monte escalier\",\"description\":\"\",\"publisher\":{\"@id\":\"https:\/\/www.monteescalier.net\/france\/#organization\"},\"potentialAction\":[{\"@type\":\"SearchAction\",\"target\":{\"@type\":\"EntryPoint\",\"urlTemplate\":\"https:\/\/www.monteescalier.net\/france\/?s={search_term_string}\"},\"query-input\":{\"@type\":\"PropertyValueSpecification\",\"valueRequired\":true,\"valueName\":\"search_term_string\"}}],\"inLanguage\":\"fr-FR\"},{\"@type\":\"Organization\",\"@id\":\"https:\/\/www.monteescalier.net\/france\/#organization\",\"name\":\"monte-escalier.net\",\"url\":\"https:\/\/www.monteescalier.net\/france\/\",\"logo\":{\"@type\":\"ImageObject\",\"inLanguage\":\"fr-FR\",\"@id\":\"https:\/\/www.monteescalier.net\/france\/#\/schema\/logo\/image\/\",\"url\":\"https:\/\/www.monteescalier.net\/france\/wp-content\/uploads\/2016\/10\/4devis-mont-escalier-500-500.gif\",\"contentUrl\":\"https:\/\/www.monteescalier.net\/france\/wp-content\/uploads\/2016\/10\/4devis-mont-escalier-500-500.gif\",\"width\":500,\"height\":500,\"caption\":\"monte-escalier.net\"},\"image\":{\"@id\":\"https:\/\/www.monteescalier.net\/france\/#\/schema\/logo\/image\/\"}}]}<\/script>\n<!-- \/ Yoast SEO plugin. -->","yoast_head_json":{"title":"Monte escalier Br\u00e9han - Monte escalier","robots":{"index":"index","follow":"follow","max-snippet":"max-snippet:-1","max-image-preview":"max-image-preview:large","max-video-preview":"max-video-preview:-1"},"canonical":"https:\/\/www.monteescalier.net\/france\/monte-escalier-brehan\/","og_locale":"fr_FR","og_type":"article","og_title":"Monte escalier Br\u00e9han - Monte escalier","og_description":"Quel vendeur de monte escalier choisir \u00e0 Br\u00e9han Qui contacter pour un monte escalier \u00e0 Br\u00e9han ? C&rsquo;est \u00e0 cette interrogationque le site monteescalier.net vous propose d&rsquo;apporter la r\u00e9ponse en vous proposant ses services exclusifs. Monteescalier.net dispose de partenaires installateurs de monte escalier dans toute la France et vous permet d&rsquo;\u00eatre mis sans aucun frais [&hellip;]","og_url":"https:\/\/www.monteescalier.net\/france\/monte-escalier-brehan\/","og_site_name":"Monte escalier","twitter_card":"summary_large_image","twitter_misc":{"Dur\u00e9e de lecture estim\u00e9e":"2 minutes"},"schema":{"@context":"https:\/\/schema.org","@graph":[{"@type":"WebPage","@id":"https:\/\/www.monteescalier.net\/france\/monte-escalier-brehan\/","url":"https:\/\/www.monteescalier.net\/france\/monte-escalier-brehan\/","name":"Monte escalier Br\u00e9han - Monte escalier","isPartOf":{"@id":"https:\/\/www.monteescalier.net\/france\/#website"},"datePublished":"2013-09-26T10:48:11+00:00","breadcrumb":{"@id":"https:\/\/www.monteescalier.net\/france\/monte-escalier-brehan\/#breadcrumb"},"inLanguage":"fr-FR","potentialAction":[{"@type":"ReadAction","target":["https:\/\/www.monteescalier.net\/france\/monte-escalier-brehan\/"]}]},{"@type":"BreadcrumbList","@id":"https:\/\/www.monteescalier.net\/france\/monte-escalier-brehan\/#breadcrumb","itemListElement":[{"@type":"ListItem","position":1,"name":"Accueil","item":"https:\/\/www.monteescalier.net\/france\/"},{"@type":"ListItem","position":2,"name":"Monte escalier Br\u00e9han"}]},{"@type":"WebSite","@id":"https:\/\/www.monteescalier.net\/france\/#website","url":"https:\/\/www.monteescalier.net\/france\/","name":"Monte escalier","description":"","publisher":{"@id":"https:\/\/www.monteescalier.net\/france\/#organization"},"potentialAction":[{"@type":"SearchAction","target":{"@type":"EntryPoint","urlTemplate":"https:\/\/www.monteescalier.net\/france\/?s={search_term_string}"},"query-input":{"@type":"PropertyValueSpecification","valueRequired":true,"valueName":"search_term_string"}}],"inLanguage":"fr-FR"},{"@type":"Organization","@id":"https:\/\/www.monteescalier.net\/france\/#organization","name":"monte-escalier.net","url":"https:\/\/www.monteescalier.net\/france\/","logo":{"@type":"ImageObject","inLanguage":"fr-FR","@id":"https:\/\/www.monteescalier.net\/france\/#\/schema\/logo\/image\/","url":"https:\/\/www.monteescalier.net\/france\/wp-content\/uploads\/2016\/10\/4devis-mont-escalier-500-500.gif","contentUrl":"https:\/\/www.monteescalier.net\/france\/wp-content\/uploads\/2016\/10\/4devis-mont-escalier-500-500.gif","width":500,"height":500,"caption":"monte-escalier.net"},"image":{"@id":"https:\/\/www.monteescalier.net\/france\/#\/schema\/logo\/image\/"}}]}},"_links":{"self":[{"href":"https:\/\/www.monteescalier.net\/france\/wp-json\/wp\/v2\/pages\/5204","targetHints":{"allow":["GET"]}}],"collection":[{"href":"https:\/\/www.monteescalier.net\/france\/wp-json\/wp\/v2\/pages"}],"about":[{"href":"https:\/\/www.monteescalier.net\/france\/wp-json\/wp\/v2\/types\/page"}],"author":[{"embeddable":true,"href":"https:\/\/www.monteescalier.net\/france\/wp-json\/wp\/v2\/users\/1"}],"replies":[{"embeddable":true,"href":"https:\/\/www.monteescalier.net\/france\/wp-json\/wp\/v2\/comments?post=5204"}],"version-history":[{"count":0,"href":"https:\/\/www.monteescalier.net\/france\/wp-json\/wp\/v2\/pages\/5204\/revisions"}],"wp:attachment":[{"href":"https:\/\/www.monteescalier.net\/france\/wp-json\/wp\/v2\/media?parent=5204"}],"curies":[{"name":"wp","href":"https:\/\/api.w.org\/{rel}","templated":true}]}}