{"id":521,"date":"2024-02-20T17:07:16","date_gmt":"2024-02-20T16:07:16","guid":{"rendered":"https:\/\/www.monteescalier.net\/france\/?page_id=521"},"modified":"2024-05-15T17:05:40","modified_gmt":"2024-05-15T16:05:40","slug":"monte-escalier-tarn-et-garonne","status":"publish","type":"page","link":"https:\/\/www.monteescalier.net\/france\/monte-escalier-tarn-et-garonne\/","title":{"rendered":"Monte escalier Tarn-et-Garonne, Montauban"},"content":{"rendered":"<div class='content-column one_half'><div style=\"padding-right:19px;\"><h1>Acheter un monte escalier dans le Tarn-et-Garonne<\/h1>\n<p><b>Des vendeurs et installateurs pr\u00e8s de chez vous :<\/b><br \/>\n<a href=\"https:\/\/www.monteescalier.net\/france\/monte-escalier-montauban\/\">Le monte escalier vers Montauban<\/a><br \/>\n<a href=\"https:\/\/www.monteescalier.net\/france\/monte-escalier-castelsarrasin\/\">Le monte escalier vers Castelsarrasin<\/a><br \/>\n<a href=\"https:\/\/www.monteescalier.net\/france\/monte-escalier-moissac\/\">Le monte escalier vers Moissac<\/a><\/p>\n<p style=\"text-align: justify;\">Le monte escalier est la solution pour ceux qui \u00e9prouvent des difficult\u00e9s croissantes \u00e0\u00a0 monter ou descendre les escaliers de leur maison. Cependant l&rsquo;installation de ce type d&rsquo;\u00e9quipement est assez lourde car il faut fixer un rail le long de l&rsquo;escalier existant pour y fixer le si\u00e8ge et son moteur. Il est\u00a0 n\u00e9cessaire de passer par les services d&rsquo;un professionnel pour la pose d&rsquo;un tel appareillage.<\/p>\n<p style=\"text-align: justify;\">Notre site monteescalier.net vous propose de vous mettre en rapport avec les professionnels du monte escalier dans le Tarn et Garonne pour que vous puissiez envisager avec eux la pose d&rsquo;un monte escalier dans votre maison. Nous avons choisi dans votre r\u00e9gion, les revendeurs les plus s\u00e9rieux et les plus comp\u00e9titifs; \u00e0\u00a0 vous de les mettre en concurrence en comparant leurs devis et leurs offres.<\/p>\n<p style=\"text-align: justify;\">A Montauban, Moissac, Valence, N\u00e8grepelisse, Beaumont de Lomagne, Bressols, Grisolles et la Fran\u00e7aise ou bien \u00e0\u00a0 Castelsarrasin, Caussade, Montech, Verdun sur Garonne, Labastide ST Pierre, Montbeton et Saint Etienne de Tulmont, vous pouvez obtenir rapidement plusieurs devis gratuits en remplissant simplement un formulaire de demande sur notre site.<\/p>\n<p style=\"text-align: justify;\">Vous privil\u00e9giez les contacts par t\u00e9l\u00e9phone, faites une demande de rappe, et nos professionnels choisis dans le d\u00e9partement du Tarn et Garonne ne manqueront pas de vous rappeler pour s&rsquo;entretenir avec vous de votre projet de monte escalier.<\/p>\n<p style=\"text-align: justify;\">La demande est bien s\u00fbr gratuite et \u00e9galement sans engagement.<\/p>\n<p>&nbsp;<\/p>\n<div class=\"bouton\" onclick=\"location.href='https:\/\/www.monteescalier.net\/devis-gratuit.php'\">Cliquez ici pour obtenir des devis gratuitement<\/div><\/div><\/div><div class='content-column one_half last_column'><a href=\"https:\/\/www.monteescalier.net\/devis-gratuit.php\" target=\"_blank\" rel=\"noopener noreferrer\"><img loading=\"lazy\" decoding=\"async\" class=\"alignnone size-full img_region\" src=\"https:\/\/www.monteescalier.net\/france\/wp-content\/uploads\/2014\/10\/4devis-monte-escalier-photo-490.png\" alt=\"tarn et garonne\" width=\"507\" height=\"485\" \/><\/a><br \/>\n<img loading=\"lazy\" decoding=\"async\" class=\"alignnone size-full img_region_2\" src=\"https:\/\/www.monteescalier.net\/france\/wp-content\/uploads\/2013\/07\/tarnetgaronne.jpg\" alt=\"tarn et garonne\" width=\"507\" height=\"485\" \/><\/div><div class='clear_column'><\/div><\/p>\n","protected":false},"excerpt":{"rendered":"","protected":false},"author":1,"featured_media":0,"parent":0,"menu_order":0,"comment_status":"open","ping_status":"closed","template":"template1.php","meta":{"_monsterinsights_skip_tracking":false,"_monsterinsights_sitenote_active":false,"_monsterinsights_sitenote_note":"","_monsterinsights_sitenote_category":0,"footnotes":""},"class_list":["post-521","page","type-page","status-publish","hentry"],"yoast_head":"<!-- This site is optimized with the Yoast SEO plugin v26.3 - https:\/\/yoast.com\/wordpress\/plugins\/seo\/ -->\n<title>Monte escalier Tarn-et-Garonne, Montauban - Monte escalier<\/title>\n<meta name=\"description\" content=\"Nos monte escalier en Tarn et Garonne : Moutauban, Castelsarrasin, Lauzerte.\" \/>\n<meta name=\"robots\" content=\"index, follow, max-snippet:-1, max-image-preview:large, max-video-preview:-1\" \/>\n<link rel=\"canonical\" href=\"https:\/\/www.monteescalier.net\/france\/monte-escalier-tarn-et-garonne\/\" \/>\n<meta property=\"og:locale\" content=\"fr_FR\" \/>\n<meta property=\"og:type\" content=\"article\" \/>\n<meta property=\"og:title\" content=\"Monte escalier Tarn-et-Garonne, Montauban - Monte escalier\" \/>\n<meta property=\"og:description\" content=\"Nos monte escalier en Tarn et Garonne : Moutauban, Castelsarrasin, Lauzerte.\" \/>\n<meta property=\"og:url\" content=\"https:\/\/www.monteescalier.net\/france\/monte-escalier-tarn-et-garonne\/\" \/>\n<meta property=\"og:site_name\" content=\"Monte escalier\" \/>\n<meta property=\"article:modified_time\" content=\"2024-05-15T16:05:40+00:00\" \/>\n<meta property=\"og:image\" content=\"https:\/\/www.monteescalier.net\/france\/wp-content\/uploads\/2014\/10\/4devis-monte-escalier-photo-490.png\" \/>\n<meta name=\"twitter:card\" content=\"summary_large_image\" \/>\n<meta name=\"twitter:label1\" content=\"Dur\u00e9e de lecture estim\u00e9e\" \/>\n\t<meta name=\"twitter:data1\" content=\"1 minute\" \/>\n<script type=\"application\/ld+json\" class=\"yoast-schema-graph\">{\"@context\":\"https:\/\/schema.org\",\"@graph\":[{\"@type\":\"WebPage\",\"@id\":\"https:\/\/www.monteescalier.net\/france\/monte-escalier-tarn-et-garonne\/\",\"url\":\"https:\/\/www.monteescalier.net\/france\/monte-escalier-tarn-et-garonne\/\",\"name\":\"Monte escalier Tarn-et-Garonne, Montauban - Monte escalier\",\"isPartOf\":{\"@id\":\"https:\/\/www.monteescalier.net\/france\/#website\"},\"primaryImageOfPage\":{\"@id\":\"https:\/\/www.monteescalier.net\/france\/monte-escalier-tarn-et-garonne\/#primaryimage\"},\"image\":{\"@id\":\"https:\/\/www.monteescalier.net\/france\/monte-escalier-tarn-et-garonne\/#primaryimage\"},\"thumbnailUrl\":\"https:\/\/www.monteescalier.net\/france\/wp-content\/uploads\/2014\/10\/4devis-monte-escalier-photo-490.png\",\"datePublished\":\"2024-02-20T16:07:16+00:00\",\"dateModified\":\"2024-05-15T16:05:40+00:00\",\"description\":\"Nos monte escalier en Tarn et Garonne : Moutauban, Castelsarrasin, Lauzerte.\",\"breadcrumb\":{\"@id\":\"https:\/\/www.monteescalier.net\/france\/monte-escalier-tarn-et-garonne\/#breadcrumb\"},\"inLanguage\":\"fr-FR\",\"potentialAction\":[{\"@type\":\"ReadAction\",\"target\":[\"https:\/\/www.monteescalier.net\/france\/monte-escalier-tarn-et-garonne\/\"]}]},{\"@type\":\"ImageObject\",\"inLanguage\":\"fr-FR\",\"@id\":\"https:\/\/www.monteescalier.net\/france\/monte-escalier-tarn-et-garonne\/#primaryimage\",\"url\":\"https:\/\/www.monteescalier.net\/france\/wp-content\/uploads\/2014\/10\/4devis-monte-escalier-photo-490.png\",\"contentUrl\":\"https:\/\/www.monteescalier.net\/france\/wp-content\/uploads\/2014\/10\/4devis-monte-escalier-photo-490.png\",\"width\":490,\"height\":267},{\"@type\":\"BreadcrumbList\",\"@id\":\"https:\/\/www.monteescalier.net\/france\/monte-escalier-tarn-et-garonne\/#breadcrumb\",\"itemListElement\":[{\"@type\":\"ListItem\",\"position\":1,\"name\":\"Accueil\",\"item\":\"https:\/\/www.monteescalier.net\/france\/\"},{\"@type\":\"ListItem\",\"position\":2,\"name\":\"Monte escalier Tarn-et-Garonne, Montauban\"}]},{\"@type\":\"WebSite\",\"@id\":\"https:\/\/www.monteescalier.net\/france\/#website\",\"url\":\"https:\/\/www.monteescalier.net\/france\/\",\"name\":\"Monte escalier\",\"description\":\"\",\"publisher\":{\"@id\":\"https:\/\/www.monteescalier.net\/france\/#organization\"},\"potentialAction\":[{\"@type\":\"SearchAction\",\"target\":{\"@type\":\"EntryPoint\",\"urlTemplate\":\"https:\/\/www.monteescalier.net\/france\/?s={search_term_string}\"},\"query-input\":{\"@type\":\"PropertyValueSpecification\",\"valueRequired\":true,\"valueName\":\"search_term_string\"}}],\"inLanguage\":\"fr-FR\"},{\"@type\":\"Organization\",\"@id\":\"https:\/\/www.monteescalier.net\/france\/#organization\",\"name\":\"monte-escalier.net\",\"url\":\"https:\/\/www.monteescalier.net\/france\/\",\"logo\":{\"@type\":\"ImageObject\",\"inLanguage\":\"fr-FR\",\"@id\":\"https:\/\/www.monteescalier.net\/france\/#\/schema\/logo\/image\/\",\"url\":\"https:\/\/www.monteescalier.net\/france\/wp-content\/uploads\/2016\/10\/4devis-mont-escalier-500-500.gif\",\"contentUrl\":\"https:\/\/www.monteescalier.net\/france\/wp-content\/uploads\/2016\/10\/4devis-mont-escalier-500-500.gif\",\"width\":500,\"height\":500,\"caption\":\"monte-escalier.net\"},\"image\":{\"@id\":\"https:\/\/www.monteescalier.net\/france\/#\/schema\/logo\/image\/\"}}]}<\/script>\n<!-- \/ Yoast SEO plugin. -->","yoast_head_json":{"title":"Monte escalier Tarn-et-Garonne, Montauban - Monte escalier","description":"Nos monte escalier en Tarn et Garonne : Moutauban, Castelsarrasin, Lauzerte.","robots":{"index":"index","follow":"follow","max-snippet":"max-snippet:-1","max-image-preview":"max-image-preview:large","max-video-preview":"max-video-preview:-1"},"canonical":"https:\/\/www.monteescalier.net\/france\/monte-escalier-tarn-et-garonne\/","og_locale":"fr_FR","og_type":"article","og_title":"Monte escalier Tarn-et-Garonne, Montauban - Monte escalier","og_description":"Nos monte escalier en Tarn et Garonne : Moutauban, Castelsarrasin, Lauzerte.","og_url":"https:\/\/www.monteescalier.net\/france\/monte-escalier-tarn-et-garonne\/","og_site_name":"Monte escalier","article_modified_time":"2024-05-15T16:05:40+00:00","og_image":[{"url":"https:\/\/www.monteescalier.net\/france\/wp-content\/uploads\/2014\/10\/4devis-monte-escalier-photo-490.png","type":"","width":"","height":""}],"twitter_card":"summary_large_image","twitter_misc":{"Dur\u00e9e de lecture estim\u00e9e":"1 minute"},"schema":{"@context":"https:\/\/schema.org","@graph":[{"@type":"WebPage","@id":"https:\/\/www.monteescalier.net\/france\/monte-escalier-tarn-et-garonne\/","url":"https:\/\/www.monteescalier.net\/france\/monte-escalier-tarn-et-garonne\/","name":"Monte escalier Tarn-et-Garonne, Montauban - Monte escalier","isPartOf":{"@id":"https:\/\/www.monteescalier.net\/france\/#website"},"primaryImageOfPage":{"@id":"https:\/\/www.monteescalier.net\/france\/monte-escalier-tarn-et-garonne\/#primaryimage"},"image":{"@id":"https:\/\/www.monteescalier.net\/france\/monte-escalier-tarn-et-garonne\/#primaryimage"},"thumbnailUrl":"https:\/\/www.monteescalier.net\/france\/wp-content\/uploads\/2014\/10\/4devis-monte-escalier-photo-490.png","datePublished":"2024-02-20T16:07:16+00:00","dateModified":"2024-05-15T16:05:40+00:00","description":"Nos monte escalier en Tarn et Garonne : Moutauban, Castelsarrasin, Lauzerte.","breadcrumb":{"@id":"https:\/\/www.monteescalier.net\/france\/monte-escalier-tarn-et-garonne\/#breadcrumb"},"inLanguage":"fr-FR","potentialAction":[{"@type":"ReadAction","target":["https:\/\/www.monteescalier.net\/france\/monte-escalier-tarn-et-garonne\/"]}]},{"@type":"ImageObject","inLanguage":"fr-FR","@id":"https:\/\/www.monteescalier.net\/france\/monte-escalier-tarn-et-garonne\/#primaryimage","url":"https:\/\/www.monteescalier.net\/france\/wp-content\/uploads\/2014\/10\/4devis-monte-escalier-photo-490.png","contentUrl":"https:\/\/www.monteescalier.net\/france\/wp-content\/uploads\/2014\/10\/4devis-monte-escalier-photo-490.png","width":490,"height":267},{"@type":"BreadcrumbList","@id":"https:\/\/www.monteescalier.net\/france\/monte-escalier-tarn-et-garonne\/#breadcrumb","itemListElement":[{"@type":"ListItem","position":1,"name":"Accueil","item":"https:\/\/www.monteescalier.net\/france\/"},{"@type":"ListItem","position":2,"name":"Monte escalier Tarn-et-Garonne, Montauban"}]},{"@type":"WebSite","@id":"https:\/\/www.monteescalier.net\/france\/#website","url":"https:\/\/www.monteescalier.net\/france\/","name":"Monte escalier","description":"","publisher":{"@id":"https:\/\/www.monteescalier.net\/france\/#organization"},"potentialAction":[{"@type":"SearchAction","target":{"@type":"EntryPoint","urlTemplate":"https:\/\/www.monteescalier.net\/france\/?s={search_term_string}"},"query-input":{"@type":"PropertyValueSpecification","valueRequired":true,"valueName":"search_term_string"}}],"inLanguage":"fr-FR"},{"@type":"Organization","@id":"https:\/\/www.monteescalier.net\/france\/#organization","name":"monte-escalier.net","url":"https:\/\/www.monteescalier.net\/france\/","logo":{"@type":"ImageObject","inLanguage":"fr-FR","@id":"https:\/\/www.monteescalier.net\/france\/#\/schema\/logo\/image\/","url":"https:\/\/www.monteescalier.net\/france\/wp-content\/uploads\/2016\/10\/4devis-mont-escalier-500-500.gif","contentUrl":"https:\/\/www.monteescalier.net\/france\/wp-content\/uploads\/2016\/10\/4devis-mont-escalier-500-500.gif","width":500,"height":500,"caption":"monte-escalier.net"},"image":{"@id":"https:\/\/www.monteescalier.net\/france\/#\/schema\/logo\/image\/"}}]}},"_links":{"self":[{"href":"https:\/\/www.monteescalier.net\/france\/wp-json\/wp\/v2\/pages\/521","targetHints":{"allow":["GET"]}}],"collection":[{"href":"https:\/\/www.monteescalier.net\/france\/wp-json\/wp\/v2\/pages"}],"about":[{"href":"https:\/\/www.monteescalier.net\/france\/wp-json\/wp\/v2\/types\/page"}],"author":[{"embeddable":true,"href":"https:\/\/www.monteescalier.net\/france\/wp-json\/wp\/v2\/users\/1"}],"replies":[{"embeddable":true,"href":"https:\/\/www.monteescalier.net\/france\/wp-json\/wp\/v2\/comments?post=521"}],"version-history":[{"count":7,"href":"https:\/\/www.monteescalier.net\/france\/wp-json\/wp\/v2\/pages\/521\/revisions"}],"predecessor-version":[{"id":9136,"href":"https:\/\/www.monteescalier.net\/france\/wp-json\/wp\/v2\/pages\/521\/revisions\/9136"}],"wp:attachment":[{"href":"https:\/\/www.monteescalier.net\/france\/wp-json\/wp\/v2\/media?parent=521"}],"curies":[{"name":"wp","href":"https:\/\/api.w.org\/{rel}","templated":true}]}}