{"id":530,"date":"2023-07-31T11:10:52","date_gmt":"2023-07-31T10:10:52","guid":{"rendered":"https:\/\/www.monteescalier.net\/france\/?page_id=530"},"modified":"2024-05-15T16:48:54","modified_gmt":"2024-05-15T15:48:54","slug":"monte-escalier-haute-garonne","status":"publish","type":"page","link":"https:\/\/www.monteescalier.net\/france\/monte-escalier-haute-garonne\/","title":{"rendered":"Monte escalier Haute-Garonne, Toulouse"},"content":{"rendered":"<div class='content-column one_half'><div style=\"padding-right:19px;\"><h1>Votre monte escalier en Haute-Garonne<\/h1>\n<p><b>A proximit\u00e9 :<\/b><br \/>\n<a href=\"https:\/\/www.monteescalier.net\/france\/monte-escalier-toulouse\/\">Monte escalier \u00e0 Toulouse<\/a><br \/>\n<a href=\"https:\/\/www.monteescalier.net\/france\/monte-escalier-saint-gaudens\/\">Monte escalier \u00e0 Saint-Gaudens<\/a><br \/>\n<a href=\"https:\/\/www.monteescalier.net\/france\/monte-escalier-muret\/\">Monte escalier \u00e0 Muret<\/a><\/p>\n<p style=\"text-align: justify;\">Vous avez choisi d&rsquo;\u00e9quiper votre maison d&rsquo;un monte escalier pour vous faciliter l&rsquo;acc\u00e8s \u00e0\u00a0 l&rsquo;\u00e9tage. C&rsquo;est une sage d\u00e9cision. C&rsquo;est en effet un \u00e9quipement qui a fait ses preuves et qui vous garantit une totale s\u00e9curit\u00e9 que ce soit pour monter ou descendre les escaliers. De plus la pr\u00e9sence de batteries rechargeables sur la plupart des mod\u00e8les de monte escalier r\u00e9cents, vous garantit un fonctionnement permanent m\u00eame en cas de panne \u00e9lectrique.<\/p>\n<p style=\"text-align: justify;\">Il existe sur le march\u00e9, nombre de marques, mod\u00e8les, de revendeurs et d&rsquo;installateurs de monte escalier. Comment choisir le prestataire et le mod\u00e8le id\u00e9al ?<\/p>\n<p style=\"text-align: justify;\">Monteescalier.net, gr\u00e2ce \u00e0\u00a0 son r\u00e9seau de partenaires en Haute Garonne, vous permet de contacter en un clic, les prestataires les plus performants dans votre d\u00e9partement : nous les avons pr\u00e9selectionn\u00e9s pour vous. Vous avez une maison \u00e0\u00a0 Toulouse, Tournefeuille, Blagnac, Plaisance du Touch, L&rsquo;Union, Saint Gaudens, Castanet Tolosan, Porte sur Garonne, Colomiers, Muret, Cugnaux, Balma, Ramonville Saint Agne, Fonsorbes ou Saint Orens de Gameville, profitez de notre offre de devis gratuit. Saisissez vos coordonn\u00e9es dans un de nos formulaires en ligne et vous serez aussit\u00e0\u00b4t mis en contact avec notre r\u00e9seau de partenaires, tous susceptibles d&rsquo;installer un monte escalier en Haute Garonne.<\/p>\n<p style=\"text-align: justify;\">Notre service est totalement gratuit et ne vous engage absolument pas : utilisez le librement comme un outil pour faire jouer la concurrence entre vendeurs de monte escalier. N&rsquo;h\u00e9sitez pas non plus \u00e0\u00a0 les mettre \u00e0\u00a0 contribution pour r\u00e9pondre \u00e0\u00a0 toutes les questions que vous vous posez sur la pose de votre monte escalier dans votre maison, puis choisissez le meilleur, votre maison le m\u00e9rite, et vous aussi !<\/p>\n<p>&nbsp;<br \/>\n<a class=\"bt_lien\" href=\"https:\/\/www.monteescalier.net\/france\/demande-de-devis\/\"><\/p>\n<div class=\"bouton\">Un clic pour obtenir vos devis totalement gratuits<\/div>\n<p>&nbsp;<\/p><\/div><\/div><div class='content-column one_half last_column'><a href=\"https:\/\/www.monteescalier.net\/devis-gratuit.php\" target=\"_blank\" rel=\"noopener\"><img loading=\"lazy\" decoding=\"async\" class=\"alignnone size-full img_region\" src=\"https:\/\/www.monteescalier.net\/france\/wp-content\/uploads\/2014\/10\/4devis-monte-escalier-photo-490.png\" alt=\"haute garonne\" width=\"507\" height=\"485\" \/><\/a><br \/>\n<img loading=\"lazy\" decoding=\"async\" class=\"alignnone size-full img_region_2\" src=\"https:\/\/www.monteescalier.net\/france\/wp-content\/uploads\/2013\/07\/hautegaronne.jpg\" alt=\"haute garonne\" width=\"507\" height=\"485\" \/><\/div><div class='clear_column'><\/div><\/p>\n","protected":false},"excerpt":{"rendered":"","protected":false},"author":1,"featured_media":0,"parent":0,"menu_order":0,"comment_status":"open","ping_status":"closed","template":"template4.php","meta":{"_monsterinsights_skip_tracking":false,"_monsterinsights_sitenote_active":false,"_monsterinsights_sitenote_note":"","_monsterinsights_sitenote_category":0,"footnotes":""},"class_list":["post-530","page","type-page","status-publish","hentry"],"yoast_head":"<!-- This site is optimized with the Yoast SEO plugin v26.3 - https:\/\/yoast.com\/wordpress\/plugins\/seo\/ -->\n<title>Monte escalier Haute-Garonne, Toulouse - Monte escalier<\/title>\n<meta name=\"description\" content=\"Trouvez rapidement une entreprise pour r\u00e9aliser l&#039;installation de votre monte-escaliers \u00e0 proximit\u00e9 de Toulouse, Muret, Saint-Gaudens.\" \/>\n<meta name=\"robots\" content=\"index, follow, max-snippet:-1, max-image-preview:large, max-video-preview:-1\" \/>\n<link rel=\"canonical\" href=\"https:\/\/www.monteescalier.net\/france\/monte-escalier-haute-garonne\/\" \/>\n<meta property=\"og:locale\" content=\"fr_FR\" \/>\n<meta property=\"og:type\" content=\"article\" \/>\n<meta property=\"og:title\" content=\"Monte escalier Haute-Garonne, Toulouse - Monte escalier\" \/>\n<meta property=\"og:description\" content=\"Trouvez rapidement une entreprise pour r\u00e9aliser l&#039;installation de votre monte-escaliers \u00e0 proximit\u00e9 de Toulouse, Muret, Saint-Gaudens.\" \/>\n<meta property=\"og:url\" content=\"https:\/\/www.monteescalier.net\/france\/monte-escalier-haute-garonne\/\" \/>\n<meta property=\"og:site_name\" content=\"Monte escalier\" \/>\n<meta property=\"article:modified_time\" content=\"2024-05-15T15:48:54+00:00\" \/>\n<meta property=\"og:image\" content=\"https:\/\/www.monteescalier.net\/france\/wp-content\/uploads\/2014\/10\/4devis-monte-escalier-photo-490.png\" \/>\n<meta name=\"twitter:card\" content=\"summary_large_image\" \/>\n<meta name=\"twitter:label1\" content=\"Dur\u00e9e de lecture estim\u00e9e\" \/>\n\t<meta name=\"twitter:data1\" content=\"2 minutes\" \/>\n<script type=\"application\/ld+json\" class=\"yoast-schema-graph\">{\"@context\":\"https:\/\/schema.org\",\"@graph\":[{\"@type\":\"WebPage\",\"@id\":\"https:\/\/www.monteescalier.net\/france\/monte-escalier-haute-garonne\/\",\"url\":\"https:\/\/www.monteescalier.net\/france\/monte-escalier-haute-garonne\/\",\"name\":\"Monte escalier Haute-Garonne, Toulouse - Monte escalier\",\"isPartOf\":{\"@id\":\"https:\/\/www.monteescalier.net\/france\/#website\"},\"primaryImageOfPage\":{\"@id\":\"https:\/\/www.monteescalier.net\/france\/monte-escalier-haute-garonne\/#primaryimage\"},\"image\":{\"@id\":\"https:\/\/www.monteescalier.net\/france\/monte-escalier-haute-garonne\/#primaryimage\"},\"thumbnailUrl\":\"https:\/\/www.monteescalier.net\/france\/wp-content\/uploads\/2014\/10\/4devis-monte-escalier-photo-490.png\",\"datePublished\":\"2023-07-31T10:10:52+00:00\",\"dateModified\":\"2024-05-15T15:48:54+00:00\",\"description\":\"Trouvez rapidement une entreprise pour r\u00e9aliser l'installation de votre monte-escaliers \u00e0 proximit\u00e9 de Toulouse, Muret, Saint-Gaudens.\",\"breadcrumb\":{\"@id\":\"https:\/\/www.monteescalier.net\/france\/monte-escalier-haute-garonne\/#breadcrumb\"},\"inLanguage\":\"fr-FR\",\"potentialAction\":[{\"@type\":\"ReadAction\",\"target\":[\"https:\/\/www.monteescalier.net\/france\/monte-escalier-haute-garonne\/\"]}]},{\"@type\":\"ImageObject\",\"inLanguage\":\"fr-FR\",\"@id\":\"https:\/\/www.monteescalier.net\/france\/monte-escalier-haute-garonne\/#primaryimage\",\"url\":\"https:\/\/www.monteescalier.net\/france\/wp-content\/uploads\/2014\/10\/4devis-monte-escalier-photo-490.png\",\"contentUrl\":\"https:\/\/www.monteescalier.net\/france\/wp-content\/uploads\/2014\/10\/4devis-monte-escalier-photo-490.png\",\"width\":490,\"height\":267},{\"@type\":\"BreadcrumbList\",\"@id\":\"https:\/\/www.monteescalier.net\/france\/monte-escalier-haute-garonne\/#breadcrumb\",\"itemListElement\":[{\"@type\":\"ListItem\",\"position\":1,\"name\":\"Accueil\",\"item\":\"https:\/\/www.monteescalier.net\/france\/\"},{\"@type\":\"ListItem\",\"position\":2,\"name\":\"Monte escalier Haute-Garonne, Toulouse\"}]},{\"@type\":\"WebSite\",\"@id\":\"https:\/\/www.monteescalier.net\/france\/#website\",\"url\":\"https:\/\/www.monteescalier.net\/france\/\",\"name\":\"Monte escalier\",\"description\":\"\",\"publisher\":{\"@id\":\"https:\/\/www.monteescalier.net\/france\/#organization\"},\"potentialAction\":[{\"@type\":\"SearchAction\",\"target\":{\"@type\":\"EntryPoint\",\"urlTemplate\":\"https:\/\/www.monteescalier.net\/france\/?s={search_term_string}\"},\"query-input\":{\"@type\":\"PropertyValueSpecification\",\"valueRequired\":true,\"valueName\":\"search_term_string\"}}],\"inLanguage\":\"fr-FR\"},{\"@type\":\"Organization\",\"@id\":\"https:\/\/www.monteescalier.net\/france\/#organization\",\"name\":\"monte-escalier.net\",\"url\":\"https:\/\/www.monteescalier.net\/france\/\",\"logo\":{\"@type\":\"ImageObject\",\"inLanguage\":\"fr-FR\",\"@id\":\"https:\/\/www.monteescalier.net\/france\/#\/schema\/logo\/image\/\",\"url\":\"https:\/\/www.monteescalier.net\/france\/wp-content\/uploads\/2016\/10\/4devis-mont-escalier-500-500.gif\",\"contentUrl\":\"https:\/\/www.monteescalier.net\/france\/wp-content\/uploads\/2016\/10\/4devis-mont-escalier-500-500.gif\",\"width\":500,\"height\":500,\"caption\":\"monte-escalier.net\"},\"image\":{\"@id\":\"https:\/\/www.monteescalier.net\/france\/#\/schema\/logo\/image\/\"}}]}<\/script>\n<!-- \/ Yoast SEO plugin. -->","yoast_head_json":{"title":"Monte escalier Haute-Garonne, Toulouse - Monte escalier","description":"Trouvez rapidement une entreprise pour r\u00e9aliser l'installation de votre monte-escaliers \u00e0 proximit\u00e9 de Toulouse, Muret, Saint-Gaudens.","robots":{"index":"index","follow":"follow","max-snippet":"max-snippet:-1","max-image-preview":"max-image-preview:large","max-video-preview":"max-video-preview:-1"},"canonical":"https:\/\/www.monteescalier.net\/france\/monte-escalier-haute-garonne\/","og_locale":"fr_FR","og_type":"article","og_title":"Monte escalier Haute-Garonne, Toulouse - Monte escalier","og_description":"Trouvez rapidement une entreprise pour r\u00e9aliser l'installation de votre monte-escaliers \u00e0 proximit\u00e9 de Toulouse, Muret, Saint-Gaudens.","og_url":"https:\/\/www.monteescalier.net\/france\/monte-escalier-haute-garonne\/","og_site_name":"Monte escalier","article_modified_time":"2024-05-15T15:48:54+00:00","og_image":[{"url":"https:\/\/www.monteescalier.net\/france\/wp-content\/uploads\/2014\/10\/4devis-monte-escalier-photo-490.png","type":"","width":"","height":""}],"twitter_card":"summary_large_image","twitter_misc":{"Dur\u00e9e de lecture estim\u00e9e":"2 minutes"},"schema":{"@context":"https:\/\/schema.org","@graph":[{"@type":"WebPage","@id":"https:\/\/www.monteescalier.net\/france\/monte-escalier-haute-garonne\/","url":"https:\/\/www.monteescalier.net\/france\/monte-escalier-haute-garonne\/","name":"Monte escalier Haute-Garonne, Toulouse - Monte escalier","isPartOf":{"@id":"https:\/\/www.monteescalier.net\/france\/#website"},"primaryImageOfPage":{"@id":"https:\/\/www.monteescalier.net\/france\/monte-escalier-haute-garonne\/#primaryimage"},"image":{"@id":"https:\/\/www.monteescalier.net\/france\/monte-escalier-haute-garonne\/#primaryimage"},"thumbnailUrl":"https:\/\/www.monteescalier.net\/france\/wp-content\/uploads\/2014\/10\/4devis-monte-escalier-photo-490.png","datePublished":"2023-07-31T10:10:52+00:00","dateModified":"2024-05-15T15:48:54+00:00","description":"Trouvez rapidement une entreprise pour r\u00e9aliser l'installation de votre monte-escaliers \u00e0 proximit\u00e9 de Toulouse, Muret, Saint-Gaudens.","breadcrumb":{"@id":"https:\/\/www.monteescalier.net\/france\/monte-escalier-haute-garonne\/#breadcrumb"},"inLanguage":"fr-FR","potentialAction":[{"@type":"ReadAction","target":["https:\/\/www.monteescalier.net\/france\/monte-escalier-haute-garonne\/"]}]},{"@type":"ImageObject","inLanguage":"fr-FR","@id":"https:\/\/www.monteescalier.net\/france\/monte-escalier-haute-garonne\/#primaryimage","url":"https:\/\/www.monteescalier.net\/france\/wp-content\/uploads\/2014\/10\/4devis-monte-escalier-photo-490.png","contentUrl":"https:\/\/www.monteescalier.net\/france\/wp-content\/uploads\/2014\/10\/4devis-monte-escalier-photo-490.png","width":490,"height":267},{"@type":"BreadcrumbList","@id":"https:\/\/www.monteescalier.net\/france\/monte-escalier-haute-garonne\/#breadcrumb","itemListElement":[{"@type":"ListItem","position":1,"name":"Accueil","item":"https:\/\/www.monteescalier.net\/france\/"},{"@type":"ListItem","position":2,"name":"Monte escalier Haute-Garonne, Toulouse"}]},{"@type":"WebSite","@id":"https:\/\/www.monteescalier.net\/france\/#website","url":"https:\/\/www.monteescalier.net\/france\/","name":"Monte escalier","description":"","publisher":{"@id":"https:\/\/www.monteescalier.net\/france\/#organization"},"potentialAction":[{"@type":"SearchAction","target":{"@type":"EntryPoint","urlTemplate":"https:\/\/www.monteescalier.net\/france\/?s={search_term_string}"},"query-input":{"@type":"PropertyValueSpecification","valueRequired":true,"valueName":"search_term_string"}}],"inLanguage":"fr-FR"},{"@type":"Organization","@id":"https:\/\/www.monteescalier.net\/france\/#organization","name":"monte-escalier.net","url":"https:\/\/www.monteescalier.net\/france\/","logo":{"@type":"ImageObject","inLanguage":"fr-FR","@id":"https:\/\/www.monteescalier.net\/france\/#\/schema\/logo\/image\/","url":"https:\/\/www.monteescalier.net\/france\/wp-content\/uploads\/2016\/10\/4devis-mont-escalier-500-500.gif","contentUrl":"https:\/\/www.monteescalier.net\/france\/wp-content\/uploads\/2016\/10\/4devis-mont-escalier-500-500.gif","width":500,"height":500,"caption":"monte-escalier.net"},"image":{"@id":"https:\/\/www.monteescalier.net\/france\/#\/schema\/logo\/image\/"}}]}},"_links":{"self":[{"href":"https:\/\/www.monteescalier.net\/france\/wp-json\/wp\/v2\/pages\/530","targetHints":{"allow":["GET"]}}],"collection":[{"href":"https:\/\/www.monteescalier.net\/france\/wp-json\/wp\/v2\/pages"}],"about":[{"href":"https:\/\/www.monteescalier.net\/france\/wp-json\/wp\/v2\/types\/page"}],"author":[{"embeddable":true,"href":"https:\/\/www.monteescalier.net\/france\/wp-json\/wp\/v2\/users\/1"}],"replies":[{"embeddable":true,"href":"https:\/\/www.monteescalier.net\/france\/wp-json\/wp\/v2\/comments?post=530"}],"version-history":[{"count":7,"href":"https:\/\/www.monteescalier.net\/france\/wp-json\/wp\/v2\/pages\/530\/revisions"}],"predecessor-version":[{"id":9100,"href":"https:\/\/www.monteescalier.net\/france\/wp-json\/wp\/v2\/pages\/530\/revisions\/9100"}],"wp:attachment":[{"href":"https:\/\/www.monteescalier.net\/france\/wp-json\/wp\/v2\/media?parent=530"}],"curies":[{"name":"wp","href":"https:\/\/api.w.org\/{rel}","templated":true}]}}