{"id":5329,"date":"2013-09-26T10:48:13","date_gmt":"2013-09-26T10:48:13","guid":{"rendered":"https:\/\/www.monteescalier.net\/france\/?page_id=5329"},"modified":"-0001-11-30T00:00:00","modified_gmt":"-0001-11-29T23:00:00","slug":"monte-escalier-sailly-labourse","status":"publish","type":"page","link":"https:\/\/www.monteescalier.net\/france\/monte-escalier-sailly-labourse\/","title":{"rendered":"Monte escalier Sailly-Labourse"},"content":{"rendered":"<h1>Selectionner un vendeur de monte escalier \u00e0 Sailly-Labourse<\/h1>\n<div class=\"boite_texte\">\n<div style=\"text-align:justify; margin-bottom:10px\">Qui contacter pour un monte escalier \u00e0 Sailly-Labourse ? C&rsquo;est \u00e0 cette interrogationque le site monteescalier.net vous propose d&rsquo;apporter la r\u00e9ponse en vous proposant ses services exclusifs.<\/div>\n<div style=\"text-align:justify; margin-bottom:10px\">Monteescalier.net vous aide \u00e0 trouver le meilleur rapport qualit\u00e9 prix pour votre monte escalier dans votre maison ou votre duplex \u00e0 Sailly-Labourse. Comment ? Tout simplement en vous mettant en contact direct avec notre pr\u00e9selection d&rsquo;installateurs de monte escalier sur Sailly-Labourse et sa p\u00e9riph\u00e9rie. Vous n&rsquo;avez qu&rsquo;une chose \u00e0 faire pour cela : remplir un formulaire sur notre site.<\/div>\n<div style=\"text-align:justify; margin-bottom:10px\">A quoi bon multipliez les demandes \u00e0 droite et \u00e0 gauche, alors que nous vous proposons gratuitement de centraliser votre demande aupr\u00e8s des professionnels du monte escalier de Sailly-Labourse. Saisissez vite vos coordonn\u00e9es dans notre formulaire de demande de devis et vous recevrez leurs propositions directement dans votre boite mail (ou par courrier si vous pr\u00e9f\u00e9rez).<\/div>\n<div style=\"text-align:justify; margin-bottom:10px\">L&rsquo;installation d&rsquo;un monte escalier est une op\u00e9ration tr\u00e8s technique qui n\u00e9cessite une pr\u00e9paration minutieuse et ainsi garantir votre s\u00e9curit\u00e9 sur le fauteuil monte escalier. Il est ainsi normal que vous vous posiez des questions sur cette installation. Pour lever vos doutes, nous vous proposons de remplir une demande de rappel afin que nos partenaires experts puissent vous rappeler et vous donner par t\u00e9l\u00e9phone leurs avis respectifs sur la mise en place de votre monte escalier.<\/div>\n<div style=\"text-align:justify; margin-bottom:10px\">Utilisez notre site monteescalier.net pour obtenir de la documentation gr\u00e2ce \u00e0 notre formulaire de demande de documentation et nos partenaires, professionnels du monte escalier, qu&rsquo;ils soient fabricants, installateurs, ou revendeurs, vous exp\u00e9dierons des informations par mail ou par courrier sous forme de brochures d\u00e9crivant les mod\u00e8les disponibles avec leur caract\u00e9ristiques techniques d\u00e9taill\u00e9es.<\/div>\n<div style=\"text-align:justify; margin-bottom:10px\">Combien vont vous co\u00fbter nos services de mise en relation ? R\u00e9ponse, rien du tout,&#8230; alors o\u00f9 est le pi\u00e8ge ? Il n&rsquo;y en a aucun, notre offre est totalement sans engagement. Si les propositions de nos partenaires ne vous conviennent pas, vous restez totalement libre d&rsquo;aller voir ailleurs !<\/div>\n<\/div>\n<div class=\"titre_liens\">Dans la r\u00e9gion nous proposons \u00e9galement nos services \u00e0 :<\/div>\n<div class=\"boite_liens\"><a href=\"https:\/\/www.monteescalier.net\/france\/monte-escalier-givenchy-en-gohelle\">Monte escalier Givenchy-en-Gohelle<\/a><br \/>\n<a href=\"https:\/\/www.monteescalier.net\/france\/monte-escalier-avesnes-le-comte\">Monte escalier Avesnes-le-Comte<\/a><br \/>\n<a href=\"https:\/\/www.monteescalier.net\/france\/monte-escalier-noyelles-les-vermelles\">Monte escalier Noyelles-l\u00e8s-Vermelles<\/a><br \/>\n<a href=\"https:\/\/www.monteescalier.net\/france\/monte-escalier-les-attaques\">Monte escalier Attaques<\/a><br \/>\n<a href=\"https:\/\/www.monteescalier.net\/france\/monte-escalier-ecques\">Monte escalier Ecques<\/a>\n<\/div>\n","protected":false},"excerpt":{"rendered":"<p>Selectionner un vendeur de monte escalier \u00e0 Sailly-Labourse Qui contacter pour un monte escalier \u00e0 Sailly-Labourse ? C&rsquo;est \u00e0 cette interrogationque le site monteescalier.net vous propose d&rsquo;apporter la r\u00e9ponse en vous proposant ses services exclusifs. Monteescalier.net vous aide \u00e0 trouver le meilleur rapport qualit\u00e9 prix pour votre monte escalier dans votre maison ou votre duplex [&hellip;]<\/p>\n","protected":false},"author":1,"featured_media":0,"parent":0,"menu_order":0,"comment_status":"closed","ping_status":"open","template":"template_ville_10.php","meta":{"_monsterinsights_skip_tracking":false,"_monsterinsights_sitenote_active":false,"_monsterinsights_sitenote_note":"","_monsterinsights_sitenote_category":0,"footnotes":""},"class_list":["post-5329","page","type-page","status-publish","hentry"],"yoast_head":"<!-- This site is optimized with the Yoast SEO plugin v26.3 - https:\/\/yoast.com\/wordpress\/plugins\/seo\/ -->\n<title>Monte escalier Sailly-Labourse - Monte escalier<\/title>\n<meta name=\"robots\" content=\"index, follow, max-snippet:-1, max-image-preview:large, max-video-preview:-1\" \/>\n<link rel=\"canonical\" href=\"https:\/\/www.monteescalier.net\/france\/monte-escalier-sailly-labourse\/\" \/>\n<meta property=\"og:locale\" content=\"fr_FR\" \/>\n<meta property=\"og:type\" content=\"article\" \/>\n<meta property=\"og:title\" content=\"Monte escalier Sailly-Labourse - Monte escalier\" \/>\n<meta property=\"og:description\" content=\"Selectionner un vendeur de monte escalier \u00e0 Sailly-Labourse Qui contacter pour un monte escalier \u00e0 Sailly-Labourse ? C&rsquo;est \u00e0 cette interrogationque le site monteescalier.net vous propose d&rsquo;apporter la r\u00e9ponse en vous proposant ses services exclusifs. Monteescalier.net vous aide \u00e0 trouver le meilleur rapport qualit\u00e9 prix pour votre monte escalier dans votre maison ou votre duplex [&hellip;]\" \/>\n<meta property=\"og:url\" content=\"https:\/\/www.monteescalier.net\/france\/monte-escalier-sailly-labourse\/\" \/>\n<meta property=\"og:site_name\" content=\"Monte escalier\" \/>\n<meta name=\"twitter:card\" content=\"summary_large_image\" \/>\n<meta name=\"twitter:label1\" content=\"Dur\u00e9e de lecture estim\u00e9e\" \/>\n\t<meta name=\"twitter:data1\" content=\"2 minutes\" \/>\n<script type=\"application\/ld+json\" class=\"yoast-schema-graph\">{\"@context\":\"https:\/\/schema.org\",\"@graph\":[{\"@type\":\"WebPage\",\"@id\":\"https:\/\/www.monteescalier.net\/france\/monte-escalier-sailly-labourse\/\",\"url\":\"https:\/\/www.monteescalier.net\/france\/monte-escalier-sailly-labourse\/\",\"name\":\"Monte escalier Sailly-Labourse - Monte escalier\",\"isPartOf\":{\"@id\":\"https:\/\/www.monteescalier.net\/france\/#website\"},\"datePublished\":\"2013-09-26T10:48:13+00:00\",\"breadcrumb\":{\"@id\":\"https:\/\/www.monteescalier.net\/france\/monte-escalier-sailly-labourse\/#breadcrumb\"},\"inLanguage\":\"fr-FR\",\"potentialAction\":[{\"@type\":\"ReadAction\",\"target\":[\"https:\/\/www.monteescalier.net\/france\/monte-escalier-sailly-labourse\/\"]}]},{\"@type\":\"BreadcrumbList\",\"@id\":\"https:\/\/www.monteescalier.net\/france\/monte-escalier-sailly-labourse\/#breadcrumb\",\"itemListElement\":[{\"@type\":\"ListItem\",\"position\":1,\"name\":\"Accueil\",\"item\":\"https:\/\/www.monteescalier.net\/france\/\"},{\"@type\":\"ListItem\",\"position\":2,\"name\":\"Monte escalier Sailly-Labourse\"}]},{\"@type\":\"WebSite\",\"@id\":\"https:\/\/www.monteescalier.net\/france\/#website\",\"url\":\"https:\/\/www.monteescalier.net\/france\/\",\"name\":\"Monte escalier\",\"description\":\"\",\"publisher\":{\"@id\":\"https:\/\/www.monteescalier.net\/france\/#organization\"},\"potentialAction\":[{\"@type\":\"SearchAction\",\"target\":{\"@type\":\"EntryPoint\",\"urlTemplate\":\"https:\/\/www.monteescalier.net\/france\/?s={search_term_string}\"},\"query-input\":{\"@type\":\"PropertyValueSpecification\",\"valueRequired\":true,\"valueName\":\"search_term_string\"}}],\"inLanguage\":\"fr-FR\"},{\"@type\":\"Organization\",\"@id\":\"https:\/\/www.monteescalier.net\/france\/#organization\",\"name\":\"monte-escalier.net\",\"url\":\"https:\/\/www.monteescalier.net\/france\/\",\"logo\":{\"@type\":\"ImageObject\",\"inLanguage\":\"fr-FR\",\"@id\":\"https:\/\/www.monteescalier.net\/france\/#\/schema\/logo\/image\/\",\"url\":\"https:\/\/www.monteescalier.net\/france\/wp-content\/uploads\/2016\/10\/4devis-mont-escalier-500-500.gif\",\"contentUrl\":\"https:\/\/www.monteescalier.net\/france\/wp-content\/uploads\/2016\/10\/4devis-mont-escalier-500-500.gif\",\"width\":500,\"height\":500,\"caption\":\"monte-escalier.net\"},\"image\":{\"@id\":\"https:\/\/www.monteescalier.net\/france\/#\/schema\/logo\/image\/\"}}]}<\/script>\n<!-- \/ Yoast SEO plugin. -->","yoast_head_json":{"title":"Monte escalier Sailly-Labourse - Monte escalier","robots":{"index":"index","follow":"follow","max-snippet":"max-snippet:-1","max-image-preview":"max-image-preview:large","max-video-preview":"max-video-preview:-1"},"canonical":"https:\/\/www.monteescalier.net\/france\/monte-escalier-sailly-labourse\/","og_locale":"fr_FR","og_type":"article","og_title":"Monte escalier Sailly-Labourse - Monte escalier","og_description":"Selectionner un vendeur de monte escalier \u00e0 Sailly-Labourse Qui contacter pour un monte escalier \u00e0 Sailly-Labourse ? C&rsquo;est \u00e0 cette interrogationque le site monteescalier.net vous propose d&rsquo;apporter la r\u00e9ponse en vous proposant ses services exclusifs. Monteescalier.net vous aide \u00e0 trouver le meilleur rapport qualit\u00e9 prix pour votre monte escalier dans votre maison ou votre duplex [&hellip;]","og_url":"https:\/\/www.monteescalier.net\/france\/monte-escalier-sailly-labourse\/","og_site_name":"Monte escalier","twitter_card":"summary_large_image","twitter_misc":{"Dur\u00e9e de lecture estim\u00e9e":"2 minutes"},"schema":{"@context":"https:\/\/schema.org","@graph":[{"@type":"WebPage","@id":"https:\/\/www.monteescalier.net\/france\/monte-escalier-sailly-labourse\/","url":"https:\/\/www.monteescalier.net\/france\/monte-escalier-sailly-labourse\/","name":"Monte escalier Sailly-Labourse - Monte escalier","isPartOf":{"@id":"https:\/\/www.monteescalier.net\/france\/#website"},"datePublished":"2013-09-26T10:48:13+00:00","breadcrumb":{"@id":"https:\/\/www.monteescalier.net\/france\/monte-escalier-sailly-labourse\/#breadcrumb"},"inLanguage":"fr-FR","potentialAction":[{"@type":"ReadAction","target":["https:\/\/www.monteescalier.net\/france\/monte-escalier-sailly-labourse\/"]}]},{"@type":"BreadcrumbList","@id":"https:\/\/www.monteescalier.net\/france\/monte-escalier-sailly-labourse\/#breadcrumb","itemListElement":[{"@type":"ListItem","position":1,"name":"Accueil","item":"https:\/\/www.monteescalier.net\/france\/"},{"@type":"ListItem","position":2,"name":"Monte escalier Sailly-Labourse"}]},{"@type":"WebSite","@id":"https:\/\/www.monteescalier.net\/france\/#website","url":"https:\/\/www.monteescalier.net\/france\/","name":"Monte escalier","description":"","publisher":{"@id":"https:\/\/www.monteescalier.net\/france\/#organization"},"potentialAction":[{"@type":"SearchAction","target":{"@type":"EntryPoint","urlTemplate":"https:\/\/www.monteescalier.net\/france\/?s={search_term_string}"},"query-input":{"@type":"PropertyValueSpecification","valueRequired":true,"valueName":"search_term_string"}}],"inLanguage":"fr-FR"},{"@type":"Organization","@id":"https:\/\/www.monteescalier.net\/france\/#organization","name":"monte-escalier.net","url":"https:\/\/www.monteescalier.net\/france\/","logo":{"@type":"ImageObject","inLanguage":"fr-FR","@id":"https:\/\/www.monteescalier.net\/france\/#\/schema\/logo\/image\/","url":"https:\/\/www.monteescalier.net\/france\/wp-content\/uploads\/2016\/10\/4devis-mont-escalier-500-500.gif","contentUrl":"https:\/\/www.monteescalier.net\/france\/wp-content\/uploads\/2016\/10\/4devis-mont-escalier-500-500.gif","width":500,"height":500,"caption":"monte-escalier.net"},"image":{"@id":"https:\/\/www.monteescalier.net\/france\/#\/schema\/logo\/image\/"}}]}},"_links":{"self":[{"href":"https:\/\/www.monteescalier.net\/france\/wp-json\/wp\/v2\/pages\/5329","targetHints":{"allow":["GET"]}}],"collection":[{"href":"https:\/\/www.monteescalier.net\/france\/wp-json\/wp\/v2\/pages"}],"about":[{"href":"https:\/\/www.monteescalier.net\/france\/wp-json\/wp\/v2\/types\/page"}],"author":[{"embeddable":true,"href":"https:\/\/www.monteescalier.net\/france\/wp-json\/wp\/v2\/users\/1"}],"replies":[{"embeddable":true,"href":"https:\/\/www.monteescalier.net\/france\/wp-json\/wp\/v2\/comments?post=5329"}],"version-history":[{"count":0,"href":"https:\/\/www.monteescalier.net\/france\/wp-json\/wp\/v2\/pages\/5329\/revisions"}],"wp:attachment":[{"href":"https:\/\/www.monteescalier.net\/france\/wp-json\/wp\/v2\/media?parent=5329"}],"curies":[{"name":"wp","href":"https:\/\/api.w.org\/{rel}","templated":true}]}}