{"id":533,"date":"2024-02-01T11:22:02","date_gmt":"2024-02-01T10:22:02","guid":{"rendered":"https:\/\/www.monteescalier.net\/france\/?page_id=533"},"modified":"2024-05-15T16:50:20","modified_gmt":"2024-05-15T15:50:20","slug":"monte-escalier-hautes-pyrenees","status":"publish","type":"page","link":"https:\/\/www.monteescalier.net\/france\/monte-escalier-hautes-pyrenees\/","title":{"rendered":"Monte escalier Hautes-Pyr\u00e9n\u00e9es, Digne-les-Bains"},"content":{"rendered":"<div class='content-column one_half'><div style=\"padding-right:19px;\"><h1>Acheter votre Monte escalier dans les Hautes-Pyr\u00e9n\u00e9es<\/h1>\n<p><b>Les principales villes du d\u00e9partement :<\/b><br \/>\n<a href=\"https:\/\/www.monteescalier.net\/france\/monte-escalier-digne-les-bains\/\">Monte escaliers \u00e0 Digne-les-Bains<\/a><br \/>\n<a href=\"https:\/\/www.monteescalier.net\/france\/monte-escalier-barcelonnette\/\">Monte escaliers \u00e0 Barcelonnette<\/a><br \/>\n<a href=\"https:\/\/www.monteescalier.net\/france\/monte-escalier-lourdes\/\">Monte escaliers \u00e0 Lourdes<\/a><\/p>\n<p style=\"text-align: justify;\">Vous recherchez un monte escalier en r\u00e9gion Midi Pyr\u00e9n\u00e9es dans le d\u00e9partement des Hautes Pyr\u00e9n\u00e9es. D\u00e9couvrez le service de mise en relation gratuit propos\u00e9 par notre site monteescalier.net.<\/p>\n<p style=\"text-align: justify;\">Un simple formulaire de coordonn\u00e9es \u00e0\u00a0 remplir, et vous serez mis en contact avec notre s\u00e9lection de vendeurs et d&rsquo;installateurs de monte escalier couvrant le d\u00e9partement des Hautes Pyr\u00e9n\u00e9es.<\/p>\n<p style=\"text-align: justify;\">Vous avez une maison \u00e0\u00a0 Tarbes, Bagn\u00e8res de Bigorre, Lannemezan, S\u00e9m\u00e9ac, Juillan, Argeles-Gazost, Soues, Maubourguet, Lourdes, Aureilhan, Vic en Bigorre, Bord\u00e8res sur l&rsquo;Echez, Barbazan Debat ou encore Odos, Ibos, Ossun ou Orleix. Choisissez monteescalier.net pour s\u00e9lectionner votre installateur de monte escalier : c&rsquo;est totalement gratuit et sans aucune obligation d&rsquo;achat.<\/p>\n<p style=\"text-align: justify;\">Vous voulez discuter avec des professionnels du monte escalier, remplissez une demande de rappel : nos experts partenaires vous rappelleront pour vous proposer leurs solutions \u00e0\u00a0 votre probl\u00e9matique de monte escalier.<\/p>\n<p style=\"text-align: justify;\">Besoin de documentation sur les marques et les mod\u00e8les de monte escalier ?<br \/>\nFaites une demande de doc. en remplissant le formulaire de de demande de documentation en pr\u00e9cisant si vous souhaitez recevoir les brochures par la par la poste ou par email (\u00e0\u00a7a ira plus vite!)<\/p>\n<p style=\"text-align: justify;\">Tous nos services de mise en relation sont gratuits : \u00e0\u00a0 vous maintenant d&rsquo;aiguiser la concurrence pour vous offrir le monte escalier dont vous r\u00e9vez.<\/p>\n<p>&nbsp;<\/p>\n<div class=\"bouton\" onclick=\"location.href='https:\/\/www.monteescalier.net\/devis-gratuit.php'\">Cliquez ici pour obtenir des devis gratuitement<\/div>\n<p>&nbsp;<\/p><\/div><\/div><div class='content-column one_half last_column'><a href=\"https:\/\/www.monteescalier.net\/devis-gratuit.php\" target=\"_blank\" rel=\"noopener noreferrer\"><img loading=\"lazy\" decoding=\"async\" class=\"alignnone size-full img_region\" src=\"https:\/\/www.monteescalier.net\/france\/wp-content\/uploads\/2014\/10\/4devis-monte-escalier-photo-490.png\" alt=\"hautes pyrenees monte escalier\" width=\"507\" height=\"485\" \/><\/a><br \/>\n<img loading=\"lazy\" decoding=\"async\" class=\"alignnone size-full img_region_2\" src=\"https:\/\/www.monteescalier.net\/france\/wp-content\/uploads\/2013\/07\/hautepyrenees.jpg\" alt=\"hautes pyrenees\" width=\"507\" height=\"485\" \/><\/div><div class='clear_column'><\/div><\/p>\n","protected":false},"excerpt":{"rendered":"","protected":false},"author":1,"featured_media":0,"parent":0,"menu_order":0,"comment_status":"open","ping_status":"closed","template":"template2.php","meta":{"_monsterinsights_skip_tracking":false,"_monsterinsights_sitenote_active":false,"_monsterinsights_sitenote_note":"","_monsterinsights_sitenote_category":0,"footnotes":""},"class_list":["post-533","page","type-page","status-publish","hentry"],"yoast_head":"<!-- This site is optimized with the Yoast SEO plugin v26.3 - https:\/\/yoast.com\/wordpress\/plugins\/seo\/ -->\n<title>Monte escalier Hautes-Pyr\u00e9n\u00e9es, Digne-les-Bains - Monte escalier<\/title>\n<meta name=\"description\" content=\"Vous recherchez un monte escalier en Haute-Pyr\u00e9n\u00e9es? plus pr\u00e9cis\u00e9ment \u00e0 Digne-les-Bains, Barcelonette ou encore Lourdes ?\" \/>\n<meta name=\"robots\" content=\"index, follow, max-snippet:-1, max-image-preview:large, max-video-preview:-1\" \/>\n<link rel=\"canonical\" href=\"https:\/\/www.monteescalier.net\/france\/monte-escalier-hautes-pyrenees\/\" \/>\n<meta property=\"og:locale\" content=\"fr_FR\" \/>\n<meta property=\"og:type\" content=\"article\" \/>\n<meta property=\"og:title\" content=\"Monte escalier Hautes-Pyr\u00e9n\u00e9es, Digne-les-Bains - Monte escalier\" \/>\n<meta property=\"og:description\" content=\"Vous recherchez un monte escalier en Haute-Pyr\u00e9n\u00e9es? plus pr\u00e9cis\u00e9ment \u00e0 Digne-les-Bains, Barcelonette ou encore Lourdes ?\" \/>\n<meta property=\"og:url\" content=\"https:\/\/www.monteescalier.net\/france\/monte-escalier-hautes-pyrenees\/\" \/>\n<meta property=\"og:site_name\" content=\"Monte escalier\" \/>\n<meta property=\"article:modified_time\" content=\"2024-05-15T15:50:20+00:00\" \/>\n<meta property=\"og:image\" content=\"https:\/\/www.monteescalier.net\/france\/wp-content\/uploads\/2014\/10\/4devis-monte-escalier-photo-490.png\" \/>\n<meta name=\"twitter:card\" content=\"summary_large_image\" \/>\n<meta name=\"twitter:label1\" content=\"Dur\u00e9e de lecture estim\u00e9e\" \/>\n\t<meta name=\"twitter:data1\" content=\"1 minute\" \/>\n<script type=\"application\/ld+json\" class=\"yoast-schema-graph\">{\"@context\":\"https:\/\/schema.org\",\"@graph\":[{\"@type\":\"WebPage\",\"@id\":\"https:\/\/www.monteescalier.net\/france\/monte-escalier-hautes-pyrenees\/\",\"url\":\"https:\/\/www.monteescalier.net\/france\/monte-escalier-hautes-pyrenees\/\",\"name\":\"Monte escalier Hautes-Pyr\u00e9n\u00e9es, Digne-les-Bains - Monte escalier\",\"isPartOf\":{\"@id\":\"https:\/\/www.monteescalier.net\/france\/#website\"},\"primaryImageOfPage\":{\"@id\":\"https:\/\/www.monteescalier.net\/france\/monte-escalier-hautes-pyrenees\/#primaryimage\"},\"image\":{\"@id\":\"https:\/\/www.monteescalier.net\/france\/monte-escalier-hautes-pyrenees\/#primaryimage\"},\"thumbnailUrl\":\"https:\/\/www.monteescalier.net\/france\/wp-content\/uploads\/2014\/10\/4devis-monte-escalier-photo-490.png\",\"datePublished\":\"2024-02-01T10:22:02+00:00\",\"dateModified\":\"2024-05-15T15:50:20+00:00\",\"description\":\"Vous recherchez un monte escalier en Haute-Pyr\u00e9n\u00e9es? plus pr\u00e9cis\u00e9ment \u00e0 Digne-les-Bains, Barcelonette ou encore Lourdes ?\",\"breadcrumb\":{\"@id\":\"https:\/\/www.monteescalier.net\/france\/monte-escalier-hautes-pyrenees\/#breadcrumb\"},\"inLanguage\":\"fr-FR\",\"potentialAction\":[{\"@type\":\"ReadAction\",\"target\":[\"https:\/\/www.monteescalier.net\/france\/monte-escalier-hautes-pyrenees\/\"]}]},{\"@type\":\"ImageObject\",\"inLanguage\":\"fr-FR\",\"@id\":\"https:\/\/www.monteescalier.net\/france\/monte-escalier-hautes-pyrenees\/#primaryimage\",\"url\":\"https:\/\/www.monteescalier.net\/france\/wp-content\/uploads\/2014\/10\/4devis-monte-escalier-photo-490.png\",\"contentUrl\":\"https:\/\/www.monteescalier.net\/france\/wp-content\/uploads\/2014\/10\/4devis-monte-escalier-photo-490.png\",\"width\":490,\"height\":267},{\"@type\":\"BreadcrumbList\",\"@id\":\"https:\/\/www.monteescalier.net\/france\/monte-escalier-hautes-pyrenees\/#breadcrumb\",\"itemListElement\":[{\"@type\":\"ListItem\",\"position\":1,\"name\":\"Accueil\",\"item\":\"https:\/\/www.monteescalier.net\/france\/\"},{\"@type\":\"ListItem\",\"position\":2,\"name\":\"Monte escalier Hautes-Pyr\u00e9n\u00e9es, Digne-les-Bains\"}]},{\"@type\":\"WebSite\",\"@id\":\"https:\/\/www.monteescalier.net\/france\/#website\",\"url\":\"https:\/\/www.monteescalier.net\/france\/\",\"name\":\"Monte escalier\",\"description\":\"\",\"publisher\":{\"@id\":\"https:\/\/www.monteescalier.net\/france\/#organization\"},\"potentialAction\":[{\"@type\":\"SearchAction\",\"target\":{\"@type\":\"EntryPoint\",\"urlTemplate\":\"https:\/\/www.monteescalier.net\/france\/?s={search_term_string}\"},\"query-input\":{\"@type\":\"PropertyValueSpecification\",\"valueRequired\":true,\"valueName\":\"search_term_string\"}}],\"inLanguage\":\"fr-FR\"},{\"@type\":\"Organization\",\"@id\":\"https:\/\/www.monteescalier.net\/france\/#organization\",\"name\":\"monte-escalier.net\",\"url\":\"https:\/\/www.monteescalier.net\/france\/\",\"logo\":{\"@type\":\"ImageObject\",\"inLanguage\":\"fr-FR\",\"@id\":\"https:\/\/www.monteescalier.net\/france\/#\/schema\/logo\/image\/\",\"url\":\"https:\/\/www.monteescalier.net\/france\/wp-content\/uploads\/2016\/10\/4devis-mont-escalier-500-500.gif\",\"contentUrl\":\"https:\/\/www.monteescalier.net\/france\/wp-content\/uploads\/2016\/10\/4devis-mont-escalier-500-500.gif\",\"width\":500,\"height\":500,\"caption\":\"monte-escalier.net\"},\"image\":{\"@id\":\"https:\/\/www.monteescalier.net\/france\/#\/schema\/logo\/image\/\"}}]}<\/script>\n<!-- \/ Yoast SEO plugin. -->","yoast_head_json":{"title":"Monte escalier Hautes-Pyr\u00e9n\u00e9es, Digne-les-Bains - Monte escalier","description":"Vous recherchez un monte escalier en Haute-Pyr\u00e9n\u00e9es? plus pr\u00e9cis\u00e9ment \u00e0 Digne-les-Bains, Barcelonette ou encore Lourdes ?","robots":{"index":"index","follow":"follow","max-snippet":"max-snippet:-1","max-image-preview":"max-image-preview:large","max-video-preview":"max-video-preview:-1"},"canonical":"https:\/\/www.monteescalier.net\/france\/monte-escalier-hautes-pyrenees\/","og_locale":"fr_FR","og_type":"article","og_title":"Monte escalier Hautes-Pyr\u00e9n\u00e9es, Digne-les-Bains - Monte escalier","og_description":"Vous recherchez un monte escalier en Haute-Pyr\u00e9n\u00e9es? plus pr\u00e9cis\u00e9ment \u00e0 Digne-les-Bains, Barcelonette ou encore Lourdes ?","og_url":"https:\/\/www.monteescalier.net\/france\/monte-escalier-hautes-pyrenees\/","og_site_name":"Monte escalier","article_modified_time":"2024-05-15T15:50:20+00:00","og_image":[{"url":"https:\/\/www.monteescalier.net\/france\/wp-content\/uploads\/2014\/10\/4devis-monte-escalier-photo-490.png","type":"","width":"","height":""}],"twitter_card":"summary_large_image","twitter_misc":{"Dur\u00e9e de lecture estim\u00e9e":"1 minute"},"schema":{"@context":"https:\/\/schema.org","@graph":[{"@type":"WebPage","@id":"https:\/\/www.monteescalier.net\/france\/monte-escalier-hautes-pyrenees\/","url":"https:\/\/www.monteescalier.net\/france\/monte-escalier-hautes-pyrenees\/","name":"Monte escalier Hautes-Pyr\u00e9n\u00e9es, Digne-les-Bains - Monte escalier","isPartOf":{"@id":"https:\/\/www.monteescalier.net\/france\/#website"},"primaryImageOfPage":{"@id":"https:\/\/www.monteescalier.net\/france\/monte-escalier-hautes-pyrenees\/#primaryimage"},"image":{"@id":"https:\/\/www.monteescalier.net\/france\/monte-escalier-hautes-pyrenees\/#primaryimage"},"thumbnailUrl":"https:\/\/www.monteescalier.net\/france\/wp-content\/uploads\/2014\/10\/4devis-monte-escalier-photo-490.png","datePublished":"2024-02-01T10:22:02+00:00","dateModified":"2024-05-15T15:50:20+00:00","description":"Vous recherchez un monte escalier en Haute-Pyr\u00e9n\u00e9es? plus pr\u00e9cis\u00e9ment \u00e0 Digne-les-Bains, Barcelonette ou encore Lourdes ?","breadcrumb":{"@id":"https:\/\/www.monteescalier.net\/france\/monte-escalier-hautes-pyrenees\/#breadcrumb"},"inLanguage":"fr-FR","potentialAction":[{"@type":"ReadAction","target":["https:\/\/www.monteescalier.net\/france\/monte-escalier-hautes-pyrenees\/"]}]},{"@type":"ImageObject","inLanguage":"fr-FR","@id":"https:\/\/www.monteescalier.net\/france\/monte-escalier-hautes-pyrenees\/#primaryimage","url":"https:\/\/www.monteescalier.net\/france\/wp-content\/uploads\/2014\/10\/4devis-monte-escalier-photo-490.png","contentUrl":"https:\/\/www.monteescalier.net\/france\/wp-content\/uploads\/2014\/10\/4devis-monte-escalier-photo-490.png","width":490,"height":267},{"@type":"BreadcrumbList","@id":"https:\/\/www.monteescalier.net\/france\/monte-escalier-hautes-pyrenees\/#breadcrumb","itemListElement":[{"@type":"ListItem","position":1,"name":"Accueil","item":"https:\/\/www.monteescalier.net\/france\/"},{"@type":"ListItem","position":2,"name":"Monte escalier Hautes-Pyr\u00e9n\u00e9es, Digne-les-Bains"}]},{"@type":"WebSite","@id":"https:\/\/www.monteescalier.net\/france\/#website","url":"https:\/\/www.monteescalier.net\/france\/","name":"Monte escalier","description":"","publisher":{"@id":"https:\/\/www.monteescalier.net\/france\/#organization"},"potentialAction":[{"@type":"SearchAction","target":{"@type":"EntryPoint","urlTemplate":"https:\/\/www.monteescalier.net\/france\/?s={search_term_string}"},"query-input":{"@type":"PropertyValueSpecification","valueRequired":true,"valueName":"search_term_string"}}],"inLanguage":"fr-FR"},{"@type":"Organization","@id":"https:\/\/www.monteescalier.net\/france\/#organization","name":"monte-escalier.net","url":"https:\/\/www.monteescalier.net\/france\/","logo":{"@type":"ImageObject","inLanguage":"fr-FR","@id":"https:\/\/www.monteescalier.net\/france\/#\/schema\/logo\/image\/","url":"https:\/\/www.monteescalier.net\/france\/wp-content\/uploads\/2016\/10\/4devis-mont-escalier-500-500.gif","contentUrl":"https:\/\/www.monteescalier.net\/france\/wp-content\/uploads\/2016\/10\/4devis-mont-escalier-500-500.gif","width":500,"height":500,"caption":"monte-escalier.net"},"image":{"@id":"https:\/\/www.monteescalier.net\/france\/#\/schema\/logo\/image\/"}}]}},"_links":{"self":[{"href":"https:\/\/www.monteescalier.net\/france\/wp-json\/wp\/v2\/pages\/533","targetHints":{"allow":["GET"]}}],"collection":[{"href":"https:\/\/www.monteescalier.net\/france\/wp-json\/wp\/v2\/pages"}],"about":[{"href":"https:\/\/www.monteescalier.net\/france\/wp-json\/wp\/v2\/types\/page"}],"author":[{"embeddable":true,"href":"https:\/\/www.monteescalier.net\/france\/wp-json\/wp\/v2\/users\/1"}],"replies":[{"embeddable":true,"href":"https:\/\/www.monteescalier.net\/france\/wp-json\/wp\/v2\/comments?post=533"}],"version-history":[{"count":7,"href":"https:\/\/www.monteescalier.net\/france\/wp-json\/wp\/v2\/pages\/533\/revisions"}],"predecessor-version":[{"id":9106,"href":"https:\/\/www.monteescalier.net\/france\/wp-json\/wp\/v2\/pages\/533\/revisions\/9106"}],"wp:attachment":[{"href":"https:\/\/www.monteescalier.net\/france\/wp-json\/wp\/v2\/media?parent=533"}],"curies":[{"name":"wp","href":"https:\/\/api.w.org\/{rel}","templated":true}]}}