{"id":5340,"date":"2021-09-26T10:48:13","date_gmt":"2021-09-26T09:48:13","guid":{"rendered":"https:\/\/www.monteescalier.net\/france\/?page_id=5340"},"modified":"2021-11-15T10:35:57","modified_gmt":"2021-11-15T09:35:57","slug":"monte-escalier-achenheim","status":"publish","type":"page","link":"https:\/\/www.monteescalier.net\/france\/monte-escalier-achenheim\/","title":{"rendered":"Monte escalier Achenheim"},"content":{"rendered":"<h1>Vous recherchez un monte escalier \u00e0 Achenheim<\/h1>\n<div class=\"boite_texte\">\n<div style=\"text-align:justify; margin-bottom:10px\">Avant d&rsquo;acheter un monte escalier \u00e0 Achenheim, le meilleur conseil que l&rsquo;on puisse vous donner est de bien comparer les offres, et pour se faire pas de meilleure solution que celle propos\u00e9e par notre site monteescalier.net. Vous aurez ainsi plusieurs avis et plusieurs prix pour mieux choisir.<\/div>\n<div style=\"text-align:justify; margin-bottom:10px\">Monteescalier.net est un portail mettant en rapport les acqu\u00e9reurs potentiels de monte escalier et les vendeurs de monte escalier. Passer par notre site est en cons\u00e9quence l&rsquo;assurance de pouvoir \u00eatre mis en relation avec les principaux vendeurs de monte escalier de Achenheim.<\/div>\n<div style=\"text-align:justify; margin-bottom:10px\">Inutile de chercher et d&rsquo;appeler tous les revendeurs de monte escalier de Achenheim. En compl\u00e9tant une demande de devis sur notre site, vous recevrez gratuitement plusieurs propositions des professionnels de votre r\u00e9gion, sans vous d\u00e9placer. Vous n&rsquo;aurez plus qu&rsquo;\u00e0 choisir la meilleure offre.<\/div>\n<div style=\"text-align:justify; margin-bottom:10px\">Un seul formulaire \u00e0 compl\u00e9ter pour \u00eatre rappel\u00e9 par des professionnels du monte escalier, c&rsquo;est le deuxi\u00e8me service totalement gratuit que nous vous proposons avec la demande de rappel. C&rsquo;est la garantie d&rsquo;\u00eatre rappel\u00e9 tr\u00e8s vite par plusieurs installateurs de monte escalier qui pourront ainsi vous proposer une r\u00e9ponse personnelle aux questions que vous vous posez certainement.<\/div>\n<div style=\"text-align:justify; margin-bottom:10px\">Nos revendeurs partenaires peuvent \u00e9galement vous faire parvenir de la documentation sur les diff\u00e9rents mod\u00e8les de monte escalier qu&rsquo;ils commercialisent, que ce soit par courrier ou par email.<\/div>\n<div style=\"text-align:justify; margin-bottom:10px\">Combien vont vous co\u00fbter nos services de mise en relation ? R\u00e9ponse, rien du tout,&#8230; alors o\u00f9 est le pi\u00e8ge ? Il n&rsquo;y en a aucun, notre offre est totalement sans engagement. Si les propositions de nos partenaires ne vous conviennent pas, vous restez totalement libre d&rsquo;aller voir ailleurs !<\/div>\n<\/div>\n<div class=\"titre_liens\">A consulter aussi dans les autres villes pr\u00e8s d&rsquo;ici<\/div>\n<div class=\"boite_liens\"><a href=\"https:\/\/www.monteescalier.net\/france\/monte-escalier-offendorf\">Monte escalier Offendorf<\/a><br \/>\n<a href=\"https:\/\/www.monteescalier.net\/france\/monte-escalier-ittenheim\">Monte escalier Ittenheim<\/a><br \/>\n<a href=\"https:\/\/www.monteescalier.net\/france\/monte-escalier-monswiller\">Monte escalier Monswiller<\/a><br \/>\n<a href=\"https:\/\/www.monteescalier.net\/france\/monte-escalier-roeschwoog\">Monte escalier Roeschwoog<\/a><br \/>\n<a href=\"https:\/\/www.monteescalier.net\/france\/monte-escalier-epfig\">Monte escalier Epfig<\/a>\n<\/div>\n","protected":false},"excerpt":{"rendered":"<p>Vous recherchez un monte escalier \u00e0 Achenheim Avant d&rsquo;acheter un monte escalier \u00e0 Achenheim, le meilleur conseil que l&rsquo;on puisse vous donner est de bien comparer les offres, et pour se faire pas de meilleure solution que celle propos\u00e9e par notre site monteescalier.net. Vous aurez ainsi plusieurs avis et plusieurs prix pour mieux choisir. Monteescalier.net [&hellip;]<\/p>\n","protected":false},"author":1,"featured_media":0,"parent":0,"menu_order":0,"comment_status":"closed","ping_status":"open","template":"template_ville_5.php","meta":{"_monsterinsights_skip_tracking":false,"_monsterinsights_sitenote_active":false,"_monsterinsights_sitenote_note":"","_monsterinsights_sitenote_category":0,"footnotes":""},"class_list":["post-5340","page","type-page","status-publish","hentry"],"yoast_head":"<!-- This site is optimized with the Yoast SEO plugin v26.3 - https:\/\/yoast.com\/wordpress\/plugins\/seo\/ -->\n<title>Monte escalier Achenheim - Monte escalier<\/title>\n<meta name=\"description\" content=\"Vous recherchez un monte-escalier \u00e0 Achenheim - Retrouvez toutes les informations et conditions d&#039;achat aupr\u00e8s de nos partenaires installeurs\" \/>\n<meta name=\"robots\" content=\"index, follow, max-snippet:-1, max-image-preview:large, max-video-preview:-1\" \/>\n<link rel=\"canonical\" href=\"https:\/\/www.monteescalier.net\/france\/monte-escalier-achenheim\/\" \/>\n<meta property=\"og:locale\" content=\"fr_FR\" \/>\n<meta property=\"og:type\" content=\"article\" \/>\n<meta property=\"og:title\" content=\"Monte escalier Achenheim - Monte escalier\" \/>\n<meta property=\"og:description\" content=\"Vous recherchez un monte-escalier \u00e0 Achenheim - Retrouvez toutes les informations et conditions d&#039;achat aupr\u00e8s de nos partenaires installeurs\" \/>\n<meta property=\"og:url\" content=\"https:\/\/www.monteescalier.net\/france\/monte-escalier-achenheim\/\" \/>\n<meta property=\"og:site_name\" content=\"Monte escalier\" \/>\n<meta property=\"article:modified_time\" content=\"2021-11-15T09:35:57+00:00\" \/>\n<meta name=\"twitter:card\" content=\"summary_large_image\" \/>\n<meta name=\"twitter:label1\" content=\"Dur\u00e9e de lecture estim\u00e9e\" \/>\n\t<meta name=\"twitter:data1\" content=\"2 minutes\" \/>\n<script type=\"application\/ld+json\" class=\"yoast-schema-graph\">{\"@context\":\"https:\/\/schema.org\",\"@graph\":[{\"@type\":\"WebPage\",\"@id\":\"https:\/\/www.monteescalier.net\/france\/monte-escalier-achenheim\/\",\"url\":\"https:\/\/www.monteescalier.net\/france\/monte-escalier-achenheim\/\",\"name\":\"Monte escalier Achenheim - Monte escalier\",\"isPartOf\":{\"@id\":\"https:\/\/www.monteescalier.net\/france\/#website\"},\"datePublished\":\"2021-09-26T09:48:13+00:00\",\"dateModified\":\"2021-11-15T09:35:57+00:00\",\"description\":\"Vous recherchez un monte-escalier \u00e0 Achenheim - Retrouvez toutes les informations et conditions d'achat aupr\u00e8s de nos partenaires installeurs\",\"breadcrumb\":{\"@id\":\"https:\/\/www.monteescalier.net\/france\/monte-escalier-achenheim\/#breadcrumb\"},\"inLanguage\":\"fr-FR\",\"potentialAction\":[{\"@type\":\"ReadAction\",\"target\":[\"https:\/\/www.monteescalier.net\/france\/monte-escalier-achenheim\/\"]}]},{\"@type\":\"BreadcrumbList\",\"@id\":\"https:\/\/www.monteescalier.net\/france\/monte-escalier-achenheim\/#breadcrumb\",\"itemListElement\":[{\"@type\":\"ListItem\",\"position\":1,\"name\":\"Accueil\",\"item\":\"https:\/\/www.monteescalier.net\/france\/\"},{\"@type\":\"ListItem\",\"position\":2,\"name\":\"Monte escalier Achenheim\"}]},{\"@type\":\"WebSite\",\"@id\":\"https:\/\/www.monteescalier.net\/france\/#website\",\"url\":\"https:\/\/www.monteescalier.net\/france\/\",\"name\":\"Monte escalier\",\"description\":\"\",\"publisher\":{\"@id\":\"https:\/\/www.monteescalier.net\/france\/#organization\"},\"potentialAction\":[{\"@type\":\"SearchAction\",\"target\":{\"@type\":\"EntryPoint\",\"urlTemplate\":\"https:\/\/www.monteescalier.net\/france\/?s={search_term_string}\"},\"query-input\":{\"@type\":\"PropertyValueSpecification\",\"valueRequired\":true,\"valueName\":\"search_term_string\"}}],\"inLanguage\":\"fr-FR\"},{\"@type\":\"Organization\",\"@id\":\"https:\/\/www.monteescalier.net\/france\/#organization\",\"name\":\"monte-escalier.net\",\"url\":\"https:\/\/www.monteescalier.net\/france\/\",\"logo\":{\"@type\":\"ImageObject\",\"inLanguage\":\"fr-FR\",\"@id\":\"https:\/\/www.monteescalier.net\/france\/#\/schema\/logo\/image\/\",\"url\":\"https:\/\/www.monteescalier.net\/france\/wp-content\/uploads\/2016\/10\/4devis-mont-escalier-500-500.gif\",\"contentUrl\":\"https:\/\/www.monteescalier.net\/france\/wp-content\/uploads\/2016\/10\/4devis-mont-escalier-500-500.gif\",\"width\":500,\"height\":500,\"caption\":\"monte-escalier.net\"},\"image\":{\"@id\":\"https:\/\/www.monteescalier.net\/france\/#\/schema\/logo\/image\/\"}}]}<\/script>\n<!-- \/ Yoast SEO plugin. -->","yoast_head_json":{"title":"Monte escalier Achenheim - Monte escalier","description":"Vous recherchez un monte-escalier \u00e0 Achenheim - Retrouvez toutes les informations et conditions d'achat aupr\u00e8s de nos partenaires installeurs","robots":{"index":"index","follow":"follow","max-snippet":"max-snippet:-1","max-image-preview":"max-image-preview:large","max-video-preview":"max-video-preview:-1"},"canonical":"https:\/\/www.monteescalier.net\/france\/monte-escalier-achenheim\/","og_locale":"fr_FR","og_type":"article","og_title":"Monte escalier Achenheim - Monte escalier","og_description":"Vous recherchez un monte-escalier \u00e0 Achenheim - Retrouvez toutes les informations et conditions d'achat aupr\u00e8s de nos partenaires installeurs","og_url":"https:\/\/www.monteescalier.net\/france\/monte-escalier-achenheim\/","og_site_name":"Monte escalier","article_modified_time":"2021-11-15T09:35:57+00:00","twitter_card":"summary_large_image","twitter_misc":{"Dur\u00e9e de lecture estim\u00e9e":"2 minutes"},"schema":{"@context":"https:\/\/schema.org","@graph":[{"@type":"WebPage","@id":"https:\/\/www.monteescalier.net\/france\/monte-escalier-achenheim\/","url":"https:\/\/www.monteescalier.net\/france\/monte-escalier-achenheim\/","name":"Monte escalier Achenheim - Monte escalier","isPartOf":{"@id":"https:\/\/www.monteescalier.net\/france\/#website"},"datePublished":"2021-09-26T09:48:13+00:00","dateModified":"2021-11-15T09:35:57+00:00","description":"Vous recherchez un monte-escalier \u00e0 Achenheim - Retrouvez toutes les informations et conditions d'achat aupr\u00e8s de nos partenaires installeurs","breadcrumb":{"@id":"https:\/\/www.monteescalier.net\/france\/monte-escalier-achenheim\/#breadcrumb"},"inLanguage":"fr-FR","potentialAction":[{"@type":"ReadAction","target":["https:\/\/www.monteescalier.net\/france\/monte-escalier-achenheim\/"]}]},{"@type":"BreadcrumbList","@id":"https:\/\/www.monteescalier.net\/france\/monte-escalier-achenheim\/#breadcrumb","itemListElement":[{"@type":"ListItem","position":1,"name":"Accueil","item":"https:\/\/www.monteescalier.net\/france\/"},{"@type":"ListItem","position":2,"name":"Monte escalier Achenheim"}]},{"@type":"WebSite","@id":"https:\/\/www.monteescalier.net\/france\/#website","url":"https:\/\/www.monteescalier.net\/france\/","name":"Monte escalier","description":"","publisher":{"@id":"https:\/\/www.monteescalier.net\/france\/#organization"},"potentialAction":[{"@type":"SearchAction","target":{"@type":"EntryPoint","urlTemplate":"https:\/\/www.monteescalier.net\/france\/?s={search_term_string}"},"query-input":{"@type":"PropertyValueSpecification","valueRequired":true,"valueName":"search_term_string"}}],"inLanguage":"fr-FR"},{"@type":"Organization","@id":"https:\/\/www.monteescalier.net\/france\/#organization","name":"monte-escalier.net","url":"https:\/\/www.monteescalier.net\/france\/","logo":{"@type":"ImageObject","inLanguage":"fr-FR","@id":"https:\/\/www.monteescalier.net\/france\/#\/schema\/logo\/image\/","url":"https:\/\/www.monteescalier.net\/france\/wp-content\/uploads\/2016\/10\/4devis-mont-escalier-500-500.gif","contentUrl":"https:\/\/www.monteescalier.net\/france\/wp-content\/uploads\/2016\/10\/4devis-mont-escalier-500-500.gif","width":500,"height":500,"caption":"monte-escalier.net"},"image":{"@id":"https:\/\/www.monteescalier.net\/france\/#\/schema\/logo\/image\/"}}]}},"_links":{"self":[{"href":"https:\/\/www.monteescalier.net\/france\/wp-json\/wp\/v2\/pages\/5340","targetHints":{"allow":["GET"]}}],"collection":[{"href":"https:\/\/www.monteescalier.net\/france\/wp-json\/wp\/v2\/pages"}],"about":[{"href":"https:\/\/www.monteescalier.net\/france\/wp-json\/wp\/v2\/types\/page"}],"author":[{"embeddable":true,"href":"https:\/\/www.monteescalier.net\/france\/wp-json\/wp\/v2\/users\/1"}],"replies":[{"embeddable":true,"href":"https:\/\/www.monteescalier.net\/france\/wp-json\/wp\/v2\/comments?post=5340"}],"version-history":[{"count":1,"href":"https:\/\/www.monteescalier.net\/france\/wp-json\/wp\/v2\/pages\/5340\/revisions"}],"predecessor-version":[{"id":8855,"href":"https:\/\/www.monteescalier.net\/france\/wp-json\/wp\/v2\/pages\/5340\/revisions\/8855"}],"wp:attachment":[{"href":"https:\/\/www.monteescalier.net\/france\/wp-json\/wp\/v2\/media?parent=5340"}],"curies":[{"name":"wp","href":"https:\/\/api.w.org\/{rel}","templated":true}]}}