{"id":539,"date":"2023-08-02T10:18:52","date_gmt":"2023-08-02T09:18:52","guid":{"rendered":"https:\/\/www.monteescalier.net\/france\/?page_id=539"},"modified":"2024-05-15T16:55:27","modified_gmt":"2024-05-15T15:55:27","slug":"monte-escalier-meuse","status":"publish","type":"page","link":"https:\/\/www.monteescalier.net\/france\/monte-escalier-meuse\/","title":{"rendered":"Monte escalier Meuse, Bar-le-Duc"},"content":{"rendered":"<div class='content-column one_half'><div style=\"padding-right:19px;\"><h1>Un Monte-escaliers dans la Meuse ?<\/h1>\n<p><b>Des \u00e9quipes d&rsquo;experts \u00e0 c\u00f4t\u00e9 de chez vous :<\/b><br \/>\n<a href=\"https:\/\/www.monteescalier.net\/france\/monte-escalier-bar-le-duc\/\">Monte escalier \u00e0 Bar le Duc<\/a><br \/>\n<a href=\"https:\/\/www.monteescalier.net\/france\/monte-escalier-verdun\/\">Monte escalier \u00e0 Verdun<\/a><br \/>\n<a href=\"https:\/\/www.monteescalier.net\/france\/monte-escalier-commercy\/\">Monte escalier \u00e0 Commercy<\/a><\/p>\n<p style=\"text-align: justify;\">Le monte-escaliers est une aide tr\u00e8s pratique pour tous ceux pour qui il est dur de monter et de descendre les escaliers. Compos\u00e9 d&rsquo;un rail g\u00e9n\u00e9ralement en aluminium et d&rsquo;un si\u00e8ge \u00e9quip\u00e9 d&rsquo;un moteur \u00e9lectrique, il permet de monter ses escaliers sans aucun effort et en toute s\u00e9curit\u00e9.<\/p>\n<p style=\"text-align: justify;\">C&rsquo;est un mat\u00e9riel qui doit bien s\u00fbr \u00eatre install\u00e9 par un professionnel. C&rsquo;est \u00e0 ce moment que nous pouvons vous aider. Monteescalier.net est une structure totalement ind\u00e9pendante des vendeurs et installateurs de monte escalier, qui vous permettra d&rsquo;\u00eatre mis en relation directe avec les installateurs que nous avons s\u00e9lectionn\u00e9 dans le d\u00e9partement de la Meuse en Lorraine.<\/p>\n<p style=\"text-align: justify;\">Un seul formulaire en ligne \u00e0 compl\u00e9ter, et nos partenaires pourront vous contacter pour vous proposer, \u00e0 votre choix, un devis gratuit pour votre monte escalier, une entretien t\u00e9l\u00e9phonique (avec la demande de rappel) ou de l&rsquo;information sur les mod\u00e8les vendus sous forme de brochures envoy\u00e9s par la poste ou par email.<\/p>\n<p style=\"text-align: justify;\">Nos partenaires prennent l&rsquo;engagement de vous assister et de proc\u00e9der le cas \u00e9ch\u00e9ant \u00e0 l&rsquo;installation de votre monte escalier dans toutes les communes du d\u00e9partement de la Meuse: Verdun, Commercy, Ligny en Barrois, Revigny sur Ornain, Belleville sur Meuse, Stenay, Fains V\u00e9el, Vaucouleurs, Bar le Duc, Saint Mihiel, Etain, Thierville sur Meuse, Ancerville, Bouligny, Montm\u00e9dy, Euville? Void Vacon et bien s\u00fbr toutes autres communes de la Meuse.<\/p>\n<p style=\"text-align: justify;\">Notre service est totalement gratuit et ne vous engage en aucun cas \u00e0 l&rsquo;achat, alors n&rsquo;h\u00e9sitez pas \u00e0 nous tester !<\/p>\n<p>&nbsp;<\/p>\n<div class=\"bouton\">Un clic ici c&rsquo;est 4 devis gratuits !<\/div>\n<p>&nbsp;<\/p><\/div><\/div><div class='content-column one_half last_column'><a href=\"https:\/\/www.monteescalier.net\/devis-gratuit.php\" target=\"_blank\" rel=\"noopener\"><img loading=\"lazy\" decoding=\"async\" class=\"alignnone size-full img_region\" src=\"https:\/\/www.monteescalier.net\/france\/wp-content\/uploads\/2014\/10\/4devis-monte-escalier-photo-490.png\" alt=\"Meuse\" width=\"507\" height=\"485\" \/><\/a><br \/>\n<img loading=\"lazy\" decoding=\"async\" class=\"alignnone size-full img_region_2\" src=\"https:\/\/www.monteescalier.net\/france\/wp-content\/uploads\/2013\/08\/meuse.jpg\" alt=\"monte escalier dans la Meuse\" width=\"507\" height=\"485\" \/><\/div><div class='clear_column'><\/div><\/p>\n","protected":false},"excerpt":{"rendered":"","protected":false},"author":1,"featured_media":0,"parent":0,"menu_order":0,"comment_status":"open","ping_status":"closed","template":"template5.php","meta":{"_monsterinsights_skip_tracking":false,"_monsterinsights_sitenote_active":false,"_monsterinsights_sitenote_note":"","_monsterinsights_sitenote_category":0,"footnotes":""},"class_list":["post-539","page","type-page","status-publish","hentry"],"yoast_head":"<!-- This site is optimized with the Yoast SEO plugin v26.3 - https:\/\/yoast.com\/wordpress\/plugins\/seo\/ -->\n<title>Monte escalier Meuse, Bar-le-Duc - Monte escalier<\/title>\n<meta name=\"description\" content=\"Vous recherchez un monte escalier dans la Meuse? voici ce que nous vous proposons : bar-Le-Duc, Verdun, Commercy.\" \/>\n<meta name=\"robots\" content=\"index, follow, max-snippet:-1, max-image-preview:large, max-video-preview:-1\" \/>\n<link rel=\"canonical\" href=\"https:\/\/www.monteescalier.net\/france\/monte-escalier-meuse\/\" \/>\n<meta property=\"og:locale\" content=\"fr_FR\" \/>\n<meta property=\"og:type\" content=\"article\" \/>\n<meta property=\"og:title\" content=\"Monte escalier Meuse, Bar-le-Duc - Monte escalier\" \/>\n<meta property=\"og:description\" content=\"Vous recherchez un monte escalier dans la Meuse? voici ce que nous vous proposons : bar-Le-Duc, Verdun, Commercy.\" \/>\n<meta property=\"og:url\" content=\"https:\/\/www.monteescalier.net\/france\/monte-escalier-meuse\/\" \/>\n<meta property=\"og:site_name\" content=\"Monte escalier\" \/>\n<meta property=\"article:modified_time\" content=\"2024-05-15T15:55:27+00:00\" \/>\n<meta property=\"og:image\" content=\"https:\/\/www.monteescalier.net\/france\/wp-content\/uploads\/2014\/10\/4devis-monte-escalier-photo-490.png\" \/>\n<meta name=\"twitter:card\" content=\"summary_large_image\" \/>\n<meta name=\"twitter:label1\" content=\"Dur\u00e9e de lecture estim\u00e9e\" \/>\n\t<meta name=\"twitter:data1\" content=\"2 minutes\" \/>\n<script type=\"application\/ld+json\" class=\"yoast-schema-graph\">{\"@context\":\"https:\/\/schema.org\",\"@graph\":[{\"@type\":\"WebPage\",\"@id\":\"https:\/\/www.monteescalier.net\/france\/monte-escalier-meuse\/\",\"url\":\"https:\/\/www.monteescalier.net\/france\/monte-escalier-meuse\/\",\"name\":\"Monte escalier Meuse, Bar-le-Duc - Monte escalier\",\"isPartOf\":{\"@id\":\"https:\/\/www.monteescalier.net\/france\/#website\"},\"primaryImageOfPage\":{\"@id\":\"https:\/\/www.monteescalier.net\/france\/monte-escalier-meuse\/#primaryimage\"},\"image\":{\"@id\":\"https:\/\/www.monteescalier.net\/france\/monte-escalier-meuse\/#primaryimage\"},\"thumbnailUrl\":\"https:\/\/www.monteescalier.net\/france\/wp-content\/uploads\/2014\/10\/4devis-monte-escalier-photo-490.png\",\"datePublished\":\"2023-08-02T09:18:52+00:00\",\"dateModified\":\"2024-05-15T15:55:27+00:00\",\"description\":\"Vous recherchez un monte escalier dans la Meuse? voici ce que nous vous proposons : bar-Le-Duc, Verdun, Commercy.\",\"breadcrumb\":{\"@id\":\"https:\/\/www.monteescalier.net\/france\/monte-escalier-meuse\/#breadcrumb\"},\"inLanguage\":\"fr-FR\",\"potentialAction\":[{\"@type\":\"ReadAction\",\"target\":[\"https:\/\/www.monteescalier.net\/france\/monte-escalier-meuse\/\"]}]},{\"@type\":\"ImageObject\",\"inLanguage\":\"fr-FR\",\"@id\":\"https:\/\/www.monteescalier.net\/france\/monte-escalier-meuse\/#primaryimage\",\"url\":\"https:\/\/www.monteescalier.net\/france\/wp-content\/uploads\/2014\/10\/4devis-monte-escalier-photo-490.png\",\"contentUrl\":\"https:\/\/www.monteescalier.net\/france\/wp-content\/uploads\/2014\/10\/4devis-monte-escalier-photo-490.png\",\"width\":490,\"height\":267},{\"@type\":\"BreadcrumbList\",\"@id\":\"https:\/\/www.monteescalier.net\/france\/monte-escalier-meuse\/#breadcrumb\",\"itemListElement\":[{\"@type\":\"ListItem\",\"position\":1,\"name\":\"Accueil\",\"item\":\"https:\/\/www.monteescalier.net\/france\/\"},{\"@type\":\"ListItem\",\"position\":2,\"name\":\"Monte escalier Meuse, Bar-le-Duc\"}]},{\"@type\":\"WebSite\",\"@id\":\"https:\/\/www.monteescalier.net\/france\/#website\",\"url\":\"https:\/\/www.monteescalier.net\/france\/\",\"name\":\"Monte escalier\",\"description\":\"\",\"publisher\":{\"@id\":\"https:\/\/www.monteescalier.net\/france\/#organization\"},\"potentialAction\":[{\"@type\":\"SearchAction\",\"target\":{\"@type\":\"EntryPoint\",\"urlTemplate\":\"https:\/\/www.monteescalier.net\/france\/?s={search_term_string}\"},\"query-input\":{\"@type\":\"PropertyValueSpecification\",\"valueRequired\":true,\"valueName\":\"search_term_string\"}}],\"inLanguage\":\"fr-FR\"},{\"@type\":\"Organization\",\"@id\":\"https:\/\/www.monteescalier.net\/france\/#organization\",\"name\":\"monte-escalier.net\",\"url\":\"https:\/\/www.monteescalier.net\/france\/\",\"logo\":{\"@type\":\"ImageObject\",\"inLanguage\":\"fr-FR\",\"@id\":\"https:\/\/www.monteescalier.net\/france\/#\/schema\/logo\/image\/\",\"url\":\"https:\/\/www.monteescalier.net\/france\/wp-content\/uploads\/2016\/10\/4devis-mont-escalier-500-500.gif\",\"contentUrl\":\"https:\/\/www.monteescalier.net\/france\/wp-content\/uploads\/2016\/10\/4devis-mont-escalier-500-500.gif\",\"width\":500,\"height\":500,\"caption\":\"monte-escalier.net\"},\"image\":{\"@id\":\"https:\/\/www.monteescalier.net\/france\/#\/schema\/logo\/image\/\"}}]}<\/script>\n<!-- \/ Yoast SEO plugin. -->","yoast_head_json":{"title":"Monte escalier Meuse, Bar-le-Duc - Monte escalier","description":"Vous recherchez un monte escalier dans la Meuse? voici ce que nous vous proposons : bar-Le-Duc, Verdun, Commercy.","robots":{"index":"index","follow":"follow","max-snippet":"max-snippet:-1","max-image-preview":"max-image-preview:large","max-video-preview":"max-video-preview:-1"},"canonical":"https:\/\/www.monteescalier.net\/france\/monte-escalier-meuse\/","og_locale":"fr_FR","og_type":"article","og_title":"Monte escalier Meuse, Bar-le-Duc - Monte escalier","og_description":"Vous recherchez un monte escalier dans la Meuse? voici ce que nous vous proposons : bar-Le-Duc, Verdun, Commercy.","og_url":"https:\/\/www.monteescalier.net\/france\/monte-escalier-meuse\/","og_site_name":"Monte escalier","article_modified_time":"2024-05-15T15:55:27+00:00","og_image":[{"url":"https:\/\/www.monteescalier.net\/france\/wp-content\/uploads\/2014\/10\/4devis-monte-escalier-photo-490.png","type":"","width":"","height":""}],"twitter_card":"summary_large_image","twitter_misc":{"Dur\u00e9e de lecture estim\u00e9e":"2 minutes"},"schema":{"@context":"https:\/\/schema.org","@graph":[{"@type":"WebPage","@id":"https:\/\/www.monteescalier.net\/france\/monte-escalier-meuse\/","url":"https:\/\/www.monteescalier.net\/france\/monte-escalier-meuse\/","name":"Monte escalier Meuse, Bar-le-Duc - Monte escalier","isPartOf":{"@id":"https:\/\/www.monteescalier.net\/france\/#website"},"primaryImageOfPage":{"@id":"https:\/\/www.monteescalier.net\/france\/monte-escalier-meuse\/#primaryimage"},"image":{"@id":"https:\/\/www.monteescalier.net\/france\/monte-escalier-meuse\/#primaryimage"},"thumbnailUrl":"https:\/\/www.monteescalier.net\/france\/wp-content\/uploads\/2014\/10\/4devis-monte-escalier-photo-490.png","datePublished":"2023-08-02T09:18:52+00:00","dateModified":"2024-05-15T15:55:27+00:00","description":"Vous recherchez un monte escalier dans la Meuse? voici ce que nous vous proposons : bar-Le-Duc, Verdun, Commercy.","breadcrumb":{"@id":"https:\/\/www.monteescalier.net\/france\/monte-escalier-meuse\/#breadcrumb"},"inLanguage":"fr-FR","potentialAction":[{"@type":"ReadAction","target":["https:\/\/www.monteescalier.net\/france\/monte-escalier-meuse\/"]}]},{"@type":"ImageObject","inLanguage":"fr-FR","@id":"https:\/\/www.monteescalier.net\/france\/monte-escalier-meuse\/#primaryimage","url":"https:\/\/www.monteescalier.net\/france\/wp-content\/uploads\/2014\/10\/4devis-monte-escalier-photo-490.png","contentUrl":"https:\/\/www.monteescalier.net\/france\/wp-content\/uploads\/2014\/10\/4devis-monte-escalier-photo-490.png","width":490,"height":267},{"@type":"BreadcrumbList","@id":"https:\/\/www.monteescalier.net\/france\/monte-escalier-meuse\/#breadcrumb","itemListElement":[{"@type":"ListItem","position":1,"name":"Accueil","item":"https:\/\/www.monteescalier.net\/france\/"},{"@type":"ListItem","position":2,"name":"Monte escalier Meuse, Bar-le-Duc"}]},{"@type":"WebSite","@id":"https:\/\/www.monteescalier.net\/france\/#website","url":"https:\/\/www.monteescalier.net\/france\/","name":"Monte escalier","description":"","publisher":{"@id":"https:\/\/www.monteescalier.net\/france\/#organization"},"potentialAction":[{"@type":"SearchAction","target":{"@type":"EntryPoint","urlTemplate":"https:\/\/www.monteescalier.net\/france\/?s={search_term_string}"},"query-input":{"@type":"PropertyValueSpecification","valueRequired":true,"valueName":"search_term_string"}}],"inLanguage":"fr-FR"},{"@type":"Organization","@id":"https:\/\/www.monteescalier.net\/france\/#organization","name":"monte-escalier.net","url":"https:\/\/www.monteescalier.net\/france\/","logo":{"@type":"ImageObject","inLanguage":"fr-FR","@id":"https:\/\/www.monteescalier.net\/france\/#\/schema\/logo\/image\/","url":"https:\/\/www.monteescalier.net\/france\/wp-content\/uploads\/2016\/10\/4devis-mont-escalier-500-500.gif","contentUrl":"https:\/\/www.monteescalier.net\/france\/wp-content\/uploads\/2016\/10\/4devis-mont-escalier-500-500.gif","width":500,"height":500,"caption":"monte-escalier.net"},"image":{"@id":"https:\/\/www.monteescalier.net\/france\/#\/schema\/logo\/image\/"}}]}},"_links":{"self":[{"href":"https:\/\/www.monteescalier.net\/france\/wp-json\/wp\/v2\/pages\/539","targetHints":{"allow":["GET"]}}],"collection":[{"href":"https:\/\/www.monteescalier.net\/france\/wp-json\/wp\/v2\/pages"}],"about":[{"href":"https:\/\/www.monteescalier.net\/france\/wp-json\/wp\/v2\/types\/page"}],"author":[{"embeddable":true,"href":"https:\/\/www.monteescalier.net\/france\/wp-json\/wp\/v2\/users\/1"}],"replies":[{"embeddable":true,"href":"https:\/\/www.monteescalier.net\/france\/wp-json\/wp\/v2\/comments?post=539"}],"version-history":[{"count":9,"href":"https:\/\/www.monteescalier.net\/france\/wp-json\/wp\/v2\/pages\/539\/revisions"}],"predecessor-version":[{"id":9116,"href":"https:\/\/www.monteescalier.net\/france\/wp-json\/wp\/v2\/pages\/539\/revisions\/9116"}],"wp:attachment":[{"href":"https:\/\/www.monteescalier.net\/france\/wp-json\/wp\/v2\/media?parent=539"}],"curies":[{"name":"wp","href":"https:\/\/api.w.org\/{rel}","templated":true}]}}