{"id":5410,"date":"2013-09-26T10:48:14","date_gmt":"2013-09-26T10:48:14","guid":{"rendered":"https:\/\/www.monteescalier.net\/france\/?page_id=5410"},"modified":"-0001-11-30T00:00:00","modified_gmt":"-0001-11-29T23:00:00","slug":"monte-escalier-cers","status":"publish","type":"page","link":"https:\/\/www.monteescalier.net\/france\/monte-escalier-cers\/","title":{"rendered":"Monte escalier Cers"},"content":{"rendered":"<h1>Un monte escalier \u00e0 Cers<\/h1>\n<div class=\"boite_texte\">\n<div style=\"text-align:justify; margin-bottom:10px\">Avant d&rsquo;acheter un monte escalier \u00e0 Cers, le meilleur conseil que l&rsquo;on puisse vous donner est de bien comparer les offres, et pour se faire pas de meilleure solution que celle propos\u00e9e par notre site monteescalier.net.<\/div>\n<div style=\"text-align:justify; margin-bottom:10px\">Nous sommes des interm\u00e9diaires entre vous et les revendeurs de monte escalier sur Cers. Nous pouvons donc vous mettre en relation tr\u00e8s rapidement et gratuitement avec les principaux vendeurs de monte escalier \u00e0 Cers.<\/div>\n<div style=\"text-align:justify; margin-bottom:10px\">Vous savez exactement ce que voulez ? Vous avez besoin d&rsquo;un devis de monte escalier. Une seule demande de devis sur notre site vous permettra de recevoir entre 4 et 5 devis totalement gratuits.<\/div>\n<div style=\"text-align:justify; margin-bottom:10px\">Avoir des sp\u00e9cialistes du monte escalier au t\u00e9l\u00e9phone pour discuter de votre projet, voici ce que vous permettra notre site si vous remplissez une demande de rappel. Vous serez tr\u00e8s rapidement recontact\u00e9s par nos partenaires experts qui pourront r\u00e9pondre \u00e0 toutes vos questions relatives aux particularit\u00e9s de l&rsquo;installation de votre monte escalier.<\/div>\n<div style=\"text-align:justify; margin-bottom:10px\">Quel mod\u00e8le de monte escalier choisir ? Pour vous aider \u00e0 r\u00e9pondre \u00e0 cette question, aidez vous avec de la documentation gratuite sur les monte escaliers. Nos partenaires revendeurs peuvent, en effet, vous faire parvenir de la documentation sur les mod\u00e8les qu&rsquo;ils proposent \u00e0 la vente et qui vous permettront sans doute d&rsquo;\u00e9tablir une pr\u00e9selection entre les diff\u00e9rents mod\u00e8les que vous pourriez faire poser chez vous.<\/div>\n<div style=\"text-align:justify; margin-bottom:10px\">Pourquoi aller chercher ailleurs alors que tous nos services sont enti\u00e8rement gratuits. Nous avons fait le travail de pr\u00e9selection de votre prestataire monte escalier \u00e0 Cers. Utilisez nos services ne vous co\u00fbtera rien et ne vous engagera \u00e0 rien&#8230; alors pourquoi passer \u00e0 c\u00f4t\u00e9 ! Laissez nous vos coordonn\u00e9es et testez nos services sans engagement.<\/div>\n<\/div>\n<div class=\"titre_liens\">Retrouvez les services monteescalier.net dans d&rsquo;autres villes du d\u00e9partement<\/div>\n<div class=\"boite_liens\"><a href=\"https:\/\/www.monteescalier.net\/france\/monte-escalier-saint-martin-de-londres\">Monte escalier Saint-Martin-de-Londres<\/a><br \/>\n<a href=\"https:\/\/www.monteescalier.net\/france\/monte-escalier-pomerols\">Monte escalier Pom\u00e9rols<\/a><br \/>\n<a href=\"https:\/\/www.monteescalier.net\/france\/monte-escalier-saint-pons-de-thomieres\">Monte escalier Saint-Pons-de-Thomi\u00e8res<\/a><br \/>\n<a href=\"https:\/\/www.monteescalier.net\/france\/monte-escalier-vendres\">Monte escalier Vendres<\/a><br \/>\n<a href=\"https:\/\/www.monteescalier.net\/france\/monte-escalier-saint-drezery\">Monte escalier Saint-Dr\u00e9z\u00e9ry<\/a>\n<\/div>\n","protected":false},"excerpt":{"rendered":"<p>Un monte escalier \u00e0 Cers Avant d&rsquo;acheter un monte escalier \u00e0 Cers, le meilleur conseil que l&rsquo;on puisse vous donner est de bien comparer les offres, et pour se faire pas de meilleure solution que celle propos\u00e9e par notre site monteescalier.net. Nous sommes des interm\u00e9diaires entre vous et les revendeurs de monte escalier sur Cers. [&hellip;]<\/p>\n","protected":false},"author":1,"featured_media":0,"parent":0,"menu_order":0,"comment_status":"closed","ping_status":"open","template":"template_ville_10.php","meta":{"_monsterinsights_skip_tracking":false,"_monsterinsights_sitenote_active":false,"_monsterinsights_sitenote_note":"","_monsterinsights_sitenote_category":0,"footnotes":""},"class_list":["post-5410","page","type-page","status-publish","hentry"],"yoast_head":"<!-- This site is optimized with the Yoast SEO plugin v26.3 - https:\/\/yoast.com\/wordpress\/plugins\/seo\/ -->\n<title>Monte escalier Cers - Monte escalier<\/title>\n<meta name=\"robots\" content=\"index, follow, max-snippet:-1, max-image-preview:large, max-video-preview:-1\" \/>\n<link rel=\"canonical\" href=\"https:\/\/www.monteescalier.net\/france\/monte-escalier-cers\/\" \/>\n<meta property=\"og:locale\" content=\"fr_FR\" \/>\n<meta property=\"og:type\" content=\"article\" \/>\n<meta property=\"og:title\" content=\"Monte escalier Cers - Monte escalier\" \/>\n<meta property=\"og:description\" content=\"Un monte escalier \u00e0 Cers Avant d&rsquo;acheter un monte escalier \u00e0 Cers, le meilleur conseil que l&rsquo;on puisse vous donner est de bien comparer les offres, et pour se faire pas de meilleure solution que celle propos\u00e9e par notre site monteescalier.net. Nous sommes des interm\u00e9diaires entre vous et les revendeurs de monte escalier sur Cers. [&hellip;]\" \/>\n<meta property=\"og:url\" content=\"https:\/\/www.monteescalier.net\/france\/monte-escalier-cers\/\" \/>\n<meta property=\"og:site_name\" content=\"Monte escalier\" \/>\n<meta name=\"twitter:card\" content=\"summary_large_image\" \/>\n<meta name=\"twitter:label1\" content=\"Dur\u00e9e de lecture estim\u00e9e\" \/>\n\t<meta name=\"twitter:data1\" content=\"2 minutes\" \/>\n<script type=\"application\/ld+json\" class=\"yoast-schema-graph\">{\"@context\":\"https:\/\/schema.org\",\"@graph\":[{\"@type\":\"WebPage\",\"@id\":\"https:\/\/www.monteescalier.net\/france\/monte-escalier-cers\/\",\"url\":\"https:\/\/www.monteescalier.net\/france\/monte-escalier-cers\/\",\"name\":\"Monte escalier Cers - Monte escalier\",\"isPartOf\":{\"@id\":\"https:\/\/www.monteescalier.net\/france\/#website\"},\"datePublished\":\"2013-09-26T10:48:14+00:00\",\"breadcrumb\":{\"@id\":\"https:\/\/www.monteescalier.net\/france\/monte-escalier-cers\/#breadcrumb\"},\"inLanguage\":\"fr-FR\",\"potentialAction\":[{\"@type\":\"ReadAction\",\"target\":[\"https:\/\/www.monteescalier.net\/france\/monte-escalier-cers\/\"]}]},{\"@type\":\"BreadcrumbList\",\"@id\":\"https:\/\/www.monteescalier.net\/france\/monte-escalier-cers\/#breadcrumb\",\"itemListElement\":[{\"@type\":\"ListItem\",\"position\":1,\"name\":\"Accueil\",\"item\":\"https:\/\/www.monteescalier.net\/france\/\"},{\"@type\":\"ListItem\",\"position\":2,\"name\":\"Monte escalier Cers\"}]},{\"@type\":\"WebSite\",\"@id\":\"https:\/\/www.monteescalier.net\/france\/#website\",\"url\":\"https:\/\/www.monteescalier.net\/france\/\",\"name\":\"Monte escalier\",\"description\":\"\",\"publisher\":{\"@id\":\"https:\/\/www.monteescalier.net\/france\/#organization\"},\"potentialAction\":[{\"@type\":\"SearchAction\",\"target\":{\"@type\":\"EntryPoint\",\"urlTemplate\":\"https:\/\/www.monteescalier.net\/france\/?s={search_term_string}\"},\"query-input\":{\"@type\":\"PropertyValueSpecification\",\"valueRequired\":true,\"valueName\":\"search_term_string\"}}],\"inLanguage\":\"fr-FR\"},{\"@type\":\"Organization\",\"@id\":\"https:\/\/www.monteescalier.net\/france\/#organization\",\"name\":\"monte-escalier.net\",\"url\":\"https:\/\/www.monteescalier.net\/france\/\",\"logo\":{\"@type\":\"ImageObject\",\"inLanguage\":\"fr-FR\",\"@id\":\"https:\/\/www.monteescalier.net\/france\/#\/schema\/logo\/image\/\",\"url\":\"https:\/\/www.monteescalier.net\/france\/wp-content\/uploads\/2016\/10\/4devis-mont-escalier-500-500.gif\",\"contentUrl\":\"https:\/\/www.monteescalier.net\/france\/wp-content\/uploads\/2016\/10\/4devis-mont-escalier-500-500.gif\",\"width\":500,\"height\":500,\"caption\":\"monte-escalier.net\"},\"image\":{\"@id\":\"https:\/\/www.monteescalier.net\/france\/#\/schema\/logo\/image\/\"}}]}<\/script>\n<!-- \/ Yoast SEO plugin. -->","yoast_head_json":{"title":"Monte escalier Cers - Monte escalier","robots":{"index":"index","follow":"follow","max-snippet":"max-snippet:-1","max-image-preview":"max-image-preview:large","max-video-preview":"max-video-preview:-1"},"canonical":"https:\/\/www.monteescalier.net\/france\/monte-escalier-cers\/","og_locale":"fr_FR","og_type":"article","og_title":"Monte escalier Cers - Monte escalier","og_description":"Un monte escalier \u00e0 Cers Avant d&rsquo;acheter un monte escalier \u00e0 Cers, le meilleur conseil que l&rsquo;on puisse vous donner est de bien comparer les offres, et pour se faire pas de meilleure solution que celle propos\u00e9e par notre site monteescalier.net. Nous sommes des interm\u00e9diaires entre vous et les revendeurs de monte escalier sur Cers. [&hellip;]","og_url":"https:\/\/www.monteescalier.net\/france\/monte-escalier-cers\/","og_site_name":"Monte escalier","twitter_card":"summary_large_image","twitter_misc":{"Dur\u00e9e de lecture estim\u00e9e":"2 minutes"},"schema":{"@context":"https:\/\/schema.org","@graph":[{"@type":"WebPage","@id":"https:\/\/www.monteescalier.net\/france\/monte-escalier-cers\/","url":"https:\/\/www.monteescalier.net\/france\/monte-escalier-cers\/","name":"Monte escalier Cers - Monte escalier","isPartOf":{"@id":"https:\/\/www.monteescalier.net\/france\/#website"},"datePublished":"2013-09-26T10:48:14+00:00","breadcrumb":{"@id":"https:\/\/www.monteescalier.net\/france\/monte-escalier-cers\/#breadcrumb"},"inLanguage":"fr-FR","potentialAction":[{"@type":"ReadAction","target":["https:\/\/www.monteescalier.net\/france\/monte-escalier-cers\/"]}]},{"@type":"BreadcrumbList","@id":"https:\/\/www.monteescalier.net\/france\/monte-escalier-cers\/#breadcrumb","itemListElement":[{"@type":"ListItem","position":1,"name":"Accueil","item":"https:\/\/www.monteescalier.net\/france\/"},{"@type":"ListItem","position":2,"name":"Monte escalier Cers"}]},{"@type":"WebSite","@id":"https:\/\/www.monteescalier.net\/france\/#website","url":"https:\/\/www.monteescalier.net\/france\/","name":"Monte escalier","description":"","publisher":{"@id":"https:\/\/www.monteescalier.net\/france\/#organization"},"potentialAction":[{"@type":"SearchAction","target":{"@type":"EntryPoint","urlTemplate":"https:\/\/www.monteescalier.net\/france\/?s={search_term_string}"},"query-input":{"@type":"PropertyValueSpecification","valueRequired":true,"valueName":"search_term_string"}}],"inLanguage":"fr-FR"},{"@type":"Organization","@id":"https:\/\/www.monteescalier.net\/france\/#organization","name":"monte-escalier.net","url":"https:\/\/www.monteescalier.net\/france\/","logo":{"@type":"ImageObject","inLanguage":"fr-FR","@id":"https:\/\/www.monteescalier.net\/france\/#\/schema\/logo\/image\/","url":"https:\/\/www.monteescalier.net\/france\/wp-content\/uploads\/2016\/10\/4devis-mont-escalier-500-500.gif","contentUrl":"https:\/\/www.monteescalier.net\/france\/wp-content\/uploads\/2016\/10\/4devis-mont-escalier-500-500.gif","width":500,"height":500,"caption":"monte-escalier.net"},"image":{"@id":"https:\/\/www.monteescalier.net\/france\/#\/schema\/logo\/image\/"}}]}},"_links":{"self":[{"href":"https:\/\/www.monteescalier.net\/france\/wp-json\/wp\/v2\/pages\/5410","targetHints":{"allow":["GET"]}}],"collection":[{"href":"https:\/\/www.monteescalier.net\/france\/wp-json\/wp\/v2\/pages"}],"about":[{"href":"https:\/\/www.monteescalier.net\/france\/wp-json\/wp\/v2\/types\/page"}],"author":[{"embeddable":true,"href":"https:\/\/www.monteescalier.net\/france\/wp-json\/wp\/v2\/users\/1"}],"replies":[{"embeddable":true,"href":"https:\/\/www.monteescalier.net\/france\/wp-json\/wp\/v2\/comments?post=5410"}],"version-history":[{"count":0,"href":"https:\/\/www.monteescalier.net\/france\/wp-json\/wp\/v2\/pages\/5410\/revisions"}],"wp:attachment":[{"href":"https:\/\/www.monteescalier.net\/france\/wp-json\/wp\/v2\/media?parent=5410"}],"curies":[{"name":"wp","href":"https:\/\/api.w.org\/{rel}","templated":true}]}}