{"id":5442,"date":"2013-09-26T10:48:15","date_gmt":"2013-09-26T10:48:15","guid":{"rendered":"https:\/\/www.monteescalier.net\/france\/?page_id=5442"},"modified":"-0001-11-30T00:00:00","modified_gmt":"-0001-11-29T23:00:00","slug":"monte-escalier-saint-martin-des-champs-50","status":"publish","type":"page","link":"https:\/\/www.monteescalier.net\/france\/monte-escalier-saint-martin-des-champs-50\/","title":{"rendered":"Monte escalier Saint-Martin-des-Champs"},"content":{"rendered":"<h1>Des infos sur un monte escalier \u00e0 Saint-Martin-des-Champs<\/h1>\n<div class=\"boite_texte\">\n<div style=\"text-align:justify; margin-bottom:10px\">Avant d&rsquo;acheter un monte escalier \u00e0 Saint-Martin-des-Champs, le meilleur conseil que l&rsquo;on puisse vous donner est de bien comparer les offres, et pour se faire pas de meilleure solution que celle propos\u00e9e par notre site monteescalier.net.<\/div>\n<div style=\"text-align:justify; margin-bottom:10px\">Nous sommes des interm\u00e9diaires entre vous et les revendeurs de monte escalier sur Saint-Martin-des-Champs. Nous pouvons en cons\u00e9quence vous mettre en relation tr\u00e8s rapidement et gratuitement avec les principaux vendeurs de monte escalier \u00e0 Saint-Martin-des-Champs.<\/div>\n<div style=\"text-align:justify; margin-bottom:10px\">Le premier service que nous vous proposons gratuitement est la demande de devis gratuit. Et ce n&rsquo;est pas un devis que vous recevrez en remplissant un formulaire sur notre site mais 4 ou 5 propositions fermes \u00e9manant de professionnels du monte escalier de Saint-Martin-des-Champs.<\/div>\n<div style=\"text-align:justify; margin-bottom:10px\">Votre villa peut elle accueillir un monte escalier? Votre escalier est il assez large? Vous faut il un monte escalier droit ou un monte escalier tournant? Quelle marque, quel fauteuil choisir? Pour obtenir diff\u00e9rents avis sur ces questions, utilisez notre fomulaire de rappel. Nos professionnels partenaires du monte escalier vous recontacteront tr\u00e8s vite !<\/div>\n<div style=\"text-align:justify; margin-bottom:10px\">Pour faire votre choix, vous pouvez aussi vouloir comparer les caract\u00e9ristiques d\u00e9taill\u00e9es des fauteuils monte escalier des diff\u00e9rentes marques disponibles \u00e0 la vente.le service que nous recommandons dans ce cas est de vous servir de notre formulaire de demande de documentation que vous trouverez sur notre site. Par courriel ou par courrier traditionnel, vous recevrez gratuitement toutes les infos n\u00e9cessaires qui vous permettront de comparer \u00e0 t\u00eate repos\u00e9e les diff\u00e9rents mod\u00e8les de monte escalier.<\/div>\n<div style=\"text-align:justify; margin-bottom:10px\">Ne faites plus la chasse aux prestataires, laissez notre service de mise en relation pr\u00e9parer le terrain pour vous. C&rsquo;est int\u00e9gralement gratuit et cela vous permettra d&rsquo;\u00eatre mis tr\u00e8s rapidement en relation avec notre liste de professionnels du monte escalier de Saint-Martin-des-Champs et sa r\u00e9gion, sans efforts, ni contraintes&#8230; difficile de vous proposer mieux non?<\/div>\n<\/div>\n<div class=\"titre_liens\">D\u00e9couvrez aussi nos offres monte escalier \u00e0 proximit\u00e9<\/div>\n<div class=\"boite_liens\"><a href=\"https:\/\/www.monteescalier.net\/france\/monte-escalier-saint-vaast-la-hougue\">Monte escalier Saint-Vaast-la-Hougue<\/a><br \/>\n<a href=\"https:\/\/www.monteescalier.net\/france\/monte-escalier-marigny\">Monte escalier Marigny<\/a><br \/>\n<a href=\"https:\/\/www.monteescalier.net\/france\/monte-escalier-creances\">Monte escalier Cr\u00e9ances<\/a><br \/>\n<a href=\"https:\/\/www.monteescalier.net\/france\/monte-escalier-montebourg\">Monte escalier Montebourg<\/a><br \/>\n<a href=\"https:\/\/www.monteescalier.net\/france\/monte-escalier-gouville-sur-mer\">Monte escalier Gouville-sur-Mer<\/a>\n<\/div>\n","protected":false},"excerpt":{"rendered":"<p>Des infos sur un monte escalier \u00e0 Saint-Martin-des-Champs Avant d&rsquo;acheter un monte escalier \u00e0 Saint-Martin-des-Champs, le meilleur conseil que l&rsquo;on puisse vous donner est de bien comparer les offres, et pour se faire pas de meilleure solution que celle propos\u00e9e par notre site monteescalier.net. Nous sommes des interm\u00e9diaires entre vous et les revendeurs de monte [&hellip;]<\/p>\n","protected":false},"author":1,"featured_media":0,"parent":0,"menu_order":0,"comment_status":"closed","ping_status":"open","template":"template_ville_4.php","meta":{"_monsterinsights_skip_tracking":false,"_monsterinsights_sitenote_active":false,"_monsterinsights_sitenote_note":"","_monsterinsights_sitenote_category":0,"footnotes":""},"class_list":["post-5442","page","type-page","status-publish","hentry"],"yoast_head":"<!-- This site is optimized with the Yoast SEO plugin v26.3 - https:\/\/yoast.com\/wordpress\/plugins\/seo\/ -->\n<title>Monte escalier Saint-Martin-des-Champs - Monte escalier<\/title>\n<meta name=\"robots\" content=\"index, follow, max-snippet:-1, max-image-preview:large, max-video-preview:-1\" \/>\n<link rel=\"canonical\" href=\"https:\/\/www.monteescalier.net\/france\/monte-escalier-saint-martin-des-champs-50\/\" \/>\n<meta property=\"og:locale\" content=\"fr_FR\" \/>\n<meta property=\"og:type\" content=\"article\" \/>\n<meta property=\"og:title\" content=\"Monte escalier Saint-Martin-des-Champs - Monte escalier\" \/>\n<meta property=\"og:description\" content=\"Des infos sur un monte escalier \u00e0 Saint-Martin-des-Champs Avant d&rsquo;acheter un monte escalier \u00e0 Saint-Martin-des-Champs, le meilleur conseil que l&rsquo;on puisse vous donner est de bien comparer les offres, et pour se faire pas de meilleure solution que celle propos\u00e9e par notre site monteescalier.net. Nous sommes des interm\u00e9diaires entre vous et les revendeurs de monte [&hellip;]\" \/>\n<meta property=\"og:url\" content=\"https:\/\/www.monteescalier.net\/france\/monte-escalier-saint-martin-des-champs-50\/\" \/>\n<meta property=\"og:site_name\" content=\"Monte escalier\" \/>\n<meta name=\"twitter:card\" content=\"summary_large_image\" \/>\n<meta name=\"twitter:label1\" content=\"Dur\u00e9e de lecture estim\u00e9e\" \/>\n\t<meta name=\"twitter:data1\" content=\"2 minutes\" \/>\n<script type=\"application\/ld+json\" class=\"yoast-schema-graph\">{\"@context\":\"https:\/\/schema.org\",\"@graph\":[{\"@type\":\"WebPage\",\"@id\":\"https:\/\/www.monteescalier.net\/france\/monte-escalier-saint-martin-des-champs-50\/\",\"url\":\"https:\/\/www.monteescalier.net\/france\/monte-escalier-saint-martin-des-champs-50\/\",\"name\":\"Monte escalier Saint-Martin-des-Champs - Monte escalier\",\"isPartOf\":{\"@id\":\"https:\/\/www.monteescalier.net\/france\/#website\"},\"datePublished\":\"2013-09-26T10:48:15+00:00\",\"breadcrumb\":{\"@id\":\"https:\/\/www.monteescalier.net\/france\/monte-escalier-saint-martin-des-champs-50\/#breadcrumb\"},\"inLanguage\":\"fr-FR\",\"potentialAction\":[{\"@type\":\"ReadAction\",\"target\":[\"https:\/\/www.monteescalier.net\/france\/monte-escalier-saint-martin-des-champs-50\/\"]}]},{\"@type\":\"BreadcrumbList\",\"@id\":\"https:\/\/www.monteescalier.net\/france\/monte-escalier-saint-martin-des-champs-50\/#breadcrumb\",\"itemListElement\":[{\"@type\":\"ListItem\",\"position\":1,\"name\":\"Accueil\",\"item\":\"https:\/\/www.monteescalier.net\/france\/\"},{\"@type\":\"ListItem\",\"position\":2,\"name\":\"Monte escalier Saint-Martin-des-Champs\"}]},{\"@type\":\"WebSite\",\"@id\":\"https:\/\/www.monteescalier.net\/france\/#website\",\"url\":\"https:\/\/www.monteescalier.net\/france\/\",\"name\":\"Monte escalier\",\"description\":\"\",\"publisher\":{\"@id\":\"https:\/\/www.monteescalier.net\/france\/#organization\"},\"potentialAction\":[{\"@type\":\"SearchAction\",\"target\":{\"@type\":\"EntryPoint\",\"urlTemplate\":\"https:\/\/www.monteescalier.net\/france\/?s={search_term_string}\"},\"query-input\":{\"@type\":\"PropertyValueSpecification\",\"valueRequired\":true,\"valueName\":\"search_term_string\"}}],\"inLanguage\":\"fr-FR\"},{\"@type\":\"Organization\",\"@id\":\"https:\/\/www.monteescalier.net\/france\/#organization\",\"name\":\"monte-escalier.net\",\"url\":\"https:\/\/www.monteescalier.net\/france\/\",\"logo\":{\"@type\":\"ImageObject\",\"inLanguage\":\"fr-FR\",\"@id\":\"https:\/\/www.monteescalier.net\/france\/#\/schema\/logo\/image\/\",\"url\":\"https:\/\/www.monteescalier.net\/france\/wp-content\/uploads\/2016\/10\/4devis-mont-escalier-500-500.gif\",\"contentUrl\":\"https:\/\/www.monteescalier.net\/france\/wp-content\/uploads\/2016\/10\/4devis-mont-escalier-500-500.gif\",\"width\":500,\"height\":500,\"caption\":\"monte-escalier.net\"},\"image\":{\"@id\":\"https:\/\/www.monteescalier.net\/france\/#\/schema\/logo\/image\/\"}}]}<\/script>\n<!-- \/ Yoast SEO plugin. -->","yoast_head_json":{"title":"Monte escalier Saint-Martin-des-Champs - Monte escalier","robots":{"index":"index","follow":"follow","max-snippet":"max-snippet:-1","max-image-preview":"max-image-preview:large","max-video-preview":"max-video-preview:-1"},"canonical":"https:\/\/www.monteescalier.net\/france\/monte-escalier-saint-martin-des-champs-50\/","og_locale":"fr_FR","og_type":"article","og_title":"Monte escalier Saint-Martin-des-Champs - Monte escalier","og_description":"Des infos sur un monte escalier \u00e0 Saint-Martin-des-Champs Avant d&rsquo;acheter un monte escalier \u00e0 Saint-Martin-des-Champs, le meilleur conseil que l&rsquo;on puisse vous donner est de bien comparer les offres, et pour se faire pas de meilleure solution que celle propos\u00e9e par notre site monteescalier.net. Nous sommes des interm\u00e9diaires entre vous et les revendeurs de monte [&hellip;]","og_url":"https:\/\/www.monteescalier.net\/france\/monte-escalier-saint-martin-des-champs-50\/","og_site_name":"Monte escalier","twitter_card":"summary_large_image","twitter_misc":{"Dur\u00e9e de lecture estim\u00e9e":"2 minutes"},"schema":{"@context":"https:\/\/schema.org","@graph":[{"@type":"WebPage","@id":"https:\/\/www.monteescalier.net\/france\/monte-escalier-saint-martin-des-champs-50\/","url":"https:\/\/www.monteescalier.net\/france\/monte-escalier-saint-martin-des-champs-50\/","name":"Monte escalier Saint-Martin-des-Champs - Monte escalier","isPartOf":{"@id":"https:\/\/www.monteescalier.net\/france\/#website"},"datePublished":"2013-09-26T10:48:15+00:00","breadcrumb":{"@id":"https:\/\/www.monteescalier.net\/france\/monte-escalier-saint-martin-des-champs-50\/#breadcrumb"},"inLanguage":"fr-FR","potentialAction":[{"@type":"ReadAction","target":["https:\/\/www.monteescalier.net\/france\/monte-escalier-saint-martin-des-champs-50\/"]}]},{"@type":"BreadcrumbList","@id":"https:\/\/www.monteescalier.net\/france\/monte-escalier-saint-martin-des-champs-50\/#breadcrumb","itemListElement":[{"@type":"ListItem","position":1,"name":"Accueil","item":"https:\/\/www.monteescalier.net\/france\/"},{"@type":"ListItem","position":2,"name":"Monte escalier Saint-Martin-des-Champs"}]},{"@type":"WebSite","@id":"https:\/\/www.monteescalier.net\/france\/#website","url":"https:\/\/www.monteescalier.net\/france\/","name":"Monte escalier","description":"","publisher":{"@id":"https:\/\/www.monteescalier.net\/france\/#organization"},"potentialAction":[{"@type":"SearchAction","target":{"@type":"EntryPoint","urlTemplate":"https:\/\/www.monteescalier.net\/france\/?s={search_term_string}"},"query-input":{"@type":"PropertyValueSpecification","valueRequired":true,"valueName":"search_term_string"}}],"inLanguage":"fr-FR"},{"@type":"Organization","@id":"https:\/\/www.monteescalier.net\/france\/#organization","name":"monte-escalier.net","url":"https:\/\/www.monteescalier.net\/france\/","logo":{"@type":"ImageObject","inLanguage":"fr-FR","@id":"https:\/\/www.monteescalier.net\/france\/#\/schema\/logo\/image\/","url":"https:\/\/www.monteescalier.net\/france\/wp-content\/uploads\/2016\/10\/4devis-mont-escalier-500-500.gif","contentUrl":"https:\/\/www.monteescalier.net\/france\/wp-content\/uploads\/2016\/10\/4devis-mont-escalier-500-500.gif","width":500,"height":500,"caption":"monte-escalier.net"},"image":{"@id":"https:\/\/www.monteescalier.net\/france\/#\/schema\/logo\/image\/"}}]}},"_links":{"self":[{"href":"https:\/\/www.monteescalier.net\/france\/wp-json\/wp\/v2\/pages\/5442","targetHints":{"allow":["GET"]}}],"collection":[{"href":"https:\/\/www.monteescalier.net\/france\/wp-json\/wp\/v2\/pages"}],"about":[{"href":"https:\/\/www.monteescalier.net\/france\/wp-json\/wp\/v2\/types\/page"}],"author":[{"embeddable":true,"href":"https:\/\/www.monteescalier.net\/france\/wp-json\/wp\/v2\/users\/1"}],"replies":[{"embeddable":true,"href":"https:\/\/www.monteescalier.net\/france\/wp-json\/wp\/v2\/comments?post=5442"}],"version-history":[{"count":0,"href":"https:\/\/www.monteescalier.net\/france\/wp-json\/wp\/v2\/pages\/5442\/revisions"}],"wp:attachment":[{"href":"https:\/\/www.monteescalier.net\/france\/wp-json\/wp\/v2\/media?parent=5442"}],"curies":[{"name":"wp","href":"https:\/\/api.w.org\/{rel}","templated":true}]}}