{"id":545,"date":"2023-08-02T10:50:21","date_gmt":"2023-08-02T09:50:21","guid":{"rendered":"https:\/\/www.monteescalier.net\/france\/?page_id=545"},"modified":"2024-05-15T16:54:48","modified_gmt":"2024-05-15T15:54:48","slug":"monte-escalier-meurthe-et-moselle","status":"publish","type":"page","link":"https:\/\/www.monteescalier.net\/france\/monte-escalier-meurthe-et-moselle\/","title":{"rendered":"Monte escalier Meurthe-et-Moselle, Nancy"},"content":{"rendered":"<div class='content-column one_half'><div style=\"padding-right:19px;\"><h1>Choisir son vendeur de monte escalier en Meurthe-et-Moselle<\/h1>\n<p><b>Des experts proche de chez vous :<\/b><br \/>\n<a href=\"https:\/\/www.monteescalier.net\/france\/monte-escalier-nancy\/\">Monte escalier Vers Nancy<\/a><br \/>\n<a href=\"https:\/\/www.monteescalier.net\/france\/monte-escalier-briey\/\">Monte escalier vers Briey<\/a><br \/>\n<a href=\"https:\/\/www.monteescalier.net\/france\/monte-escalier-luneville\/\">Monte escalier vers Lun\u00e9ville<\/a><\/p>\n<p style=\"text-align: justify;\">Vous avez opter pour l&rsquo;achat d&rsquo;un monte-escalier pour votre maison en Meurthe et Moselle? Mais lequel choisir? O\u00f9 se renseigner ? A qui s&rsquo;adresser ? un installateur local, un revendeur national, un fabricant de monte escalier?<br \/>\nMonteescalier.net est un sp\u00e9cialiste de la mise en relation entre vendeurs et acheteurs potentiels de monte escaliers : il vous suffit de remplir un seul formulaire sur notre site pour que nous fassions entrer en contact avec notre s\u00e9lection d&rsquo;installateurs de monte escalier couvrant la Meurthe et Moselle.<br \/>\nVous pourrez ainsi obtenir selon votre demande plusieurs devis enti\u00e8rement gratuits, et ainsi comparer les offres des uns et des autres mais vous pouvez \u00e9galement en utilisant la demande de rappel \u00eatre recontact\u00e9s par t\u00e9l\u00e9phone par nos partenaires installateurs pour discuter de vive voix de votre projet de monte escalier.<\/p>\n<p style=\"text-align: justify;\">Nos installateurs de monte escalier desservent toute la Meurhe et Moselle \u00e0 commencer par Nancy et sa r\u00e9gion, Lun\u00e9ville, Laxou, Toul, Longwy, Saint Max, Dombasle sur Meurthe et Pont \u00e0 Mousson. Mais ils peuvent bien s\u00fbr \u00e9galement intervenir sans surco\u00fbt dans des agglom\u00e9rations moins peupl\u00e9es comme Saint Nicolas du Port, Tomblaine, Jarny, Villerupt Max\u00e9ville, Mont Saint Martin et Jarville Malgrange.<\/p>\n<p style=\"text-align: justify;\">Vous ne risquez absolument rien \u00e0 essayer nos services : vous n&rsquo;avez aucune obligation d&rsquo;achat et les services de monteescalier.net sont totalement gratuits pour les acheteurs potentiels de monte escalier : un formulaire envoy\u00e9 c&rsquo;est \u00e0 minima 5 devis re\u00e7us, \u00e7a vaut le coup alors lancez vous !<\/p>\n<p>&nbsp;<\/p>\n<div class=\"bouton\">Un clic ici pour obtenir 4 devis totalement gratuit<\/div>\n<p>&nbsp;<\/p><\/div><\/div><div class='content-column one_half last_column'><a href=\"https:\/\/www.monteescalier.net\/devis-gratuit.php\" target=\"_blank\" rel=\"noopener\"><img loading=\"lazy\" decoding=\"async\" class=\"alignnone size-full img_region\" src=\"https:\/\/www.monteescalier.net\/france\/wp-content\/uploads\/2014\/10\/4devis-monte-escalier-photo-490.png\" alt=\"Meurthe et Moselle\" width=\"507\" height=\"485\" \/><\/a><br \/>\n<img loading=\"lazy\" decoding=\"async\" class=\"alignnone size-full img_region_2\" src=\"https:\/\/www.monteescalier.net\/france\/wp-content\/uploads\/2013\/08\/meurtheetmoselle.jpg\" alt=\"Meurthe et Moselle\" width=\"507\" height=\"485\" \/><\/div><div class='clear_column'><\/div><\/p>\n","protected":false},"excerpt":{"rendered":"","protected":false},"author":1,"featured_media":0,"parent":0,"menu_order":0,"comment_status":"open","ping_status":"closed","template":"template3.php","meta":{"_monsterinsights_skip_tracking":false,"_monsterinsights_sitenote_active":false,"_monsterinsights_sitenote_note":"","_monsterinsights_sitenote_category":0,"footnotes":""},"class_list":["post-545","page","type-page","status-publish","hentry"],"yoast_head":"<!-- This site is optimized with the Yoast SEO plugin v26.3 - https:\/\/yoast.com\/wordpress\/plugins\/seo\/ -->\n<title>Monte escalier Meurthe-et-Moselle, Nancy - Monte escalier<\/title>\n<meta name=\"description\" content=\"Monte-escalier en Meurthe-et-Moselle : Nancy, Briey, Lun\u00e9ville. Faites confiances a nos experts dans ce domaine .\" \/>\n<meta name=\"robots\" content=\"index, follow, max-snippet:-1, max-image-preview:large, max-video-preview:-1\" \/>\n<link rel=\"canonical\" href=\"https:\/\/www.monteescalier.net\/france\/monte-escalier-meurthe-et-moselle\/\" \/>\n<meta property=\"og:locale\" content=\"fr_FR\" \/>\n<meta property=\"og:type\" content=\"article\" \/>\n<meta property=\"og:title\" content=\"Monte escalier Meurthe-et-Moselle, Nancy - Monte escalier\" \/>\n<meta property=\"og:description\" content=\"Monte-escalier en Meurthe-et-Moselle : Nancy, Briey, Lun\u00e9ville. Faites confiances a nos experts dans ce domaine .\" \/>\n<meta property=\"og:url\" content=\"https:\/\/www.monteescalier.net\/france\/monte-escalier-meurthe-et-moselle\/\" \/>\n<meta property=\"og:site_name\" content=\"Monte escalier\" \/>\n<meta property=\"article:modified_time\" content=\"2024-05-15T15:54:48+00:00\" \/>\n<meta property=\"og:image\" content=\"https:\/\/www.monteescalier.net\/france\/wp-content\/uploads\/2014\/10\/4devis-monte-escalier-photo-490.png\" \/>\n<meta name=\"twitter:card\" content=\"summary_large_image\" \/>\n<meta name=\"twitter:label1\" content=\"Dur\u00e9e de lecture estim\u00e9e\" \/>\n\t<meta name=\"twitter:data1\" content=\"1 minute\" \/>\n<script type=\"application\/ld+json\" class=\"yoast-schema-graph\">{\"@context\":\"https:\/\/schema.org\",\"@graph\":[{\"@type\":\"WebPage\",\"@id\":\"https:\/\/www.monteescalier.net\/france\/monte-escalier-meurthe-et-moselle\/\",\"url\":\"https:\/\/www.monteescalier.net\/france\/monte-escalier-meurthe-et-moselle\/\",\"name\":\"Monte escalier Meurthe-et-Moselle, Nancy - Monte escalier\",\"isPartOf\":{\"@id\":\"https:\/\/www.monteescalier.net\/france\/#website\"},\"primaryImageOfPage\":{\"@id\":\"https:\/\/www.monteescalier.net\/france\/monte-escalier-meurthe-et-moselle\/#primaryimage\"},\"image\":{\"@id\":\"https:\/\/www.monteescalier.net\/france\/monte-escalier-meurthe-et-moselle\/#primaryimage\"},\"thumbnailUrl\":\"https:\/\/www.monteescalier.net\/france\/wp-content\/uploads\/2014\/10\/4devis-monte-escalier-photo-490.png\",\"datePublished\":\"2023-08-02T09:50:21+00:00\",\"dateModified\":\"2024-05-15T15:54:48+00:00\",\"description\":\"Monte-escalier en Meurthe-et-Moselle : Nancy, Briey, Lun\u00e9ville. Faites confiances a nos experts dans ce domaine .\",\"breadcrumb\":{\"@id\":\"https:\/\/www.monteescalier.net\/france\/monte-escalier-meurthe-et-moselle\/#breadcrumb\"},\"inLanguage\":\"fr-FR\",\"potentialAction\":[{\"@type\":\"ReadAction\",\"target\":[\"https:\/\/www.monteescalier.net\/france\/monte-escalier-meurthe-et-moselle\/\"]}]},{\"@type\":\"ImageObject\",\"inLanguage\":\"fr-FR\",\"@id\":\"https:\/\/www.monteescalier.net\/france\/monte-escalier-meurthe-et-moselle\/#primaryimage\",\"url\":\"https:\/\/www.monteescalier.net\/france\/wp-content\/uploads\/2014\/10\/4devis-monte-escalier-photo-490.png\",\"contentUrl\":\"https:\/\/www.monteescalier.net\/france\/wp-content\/uploads\/2014\/10\/4devis-monte-escalier-photo-490.png\",\"width\":490,\"height\":267},{\"@type\":\"BreadcrumbList\",\"@id\":\"https:\/\/www.monteescalier.net\/france\/monte-escalier-meurthe-et-moselle\/#breadcrumb\",\"itemListElement\":[{\"@type\":\"ListItem\",\"position\":1,\"name\":\"Accueil\",\"item\":\"https:\/\/www.monteescalier.net\/france\/\"},{\"@type\":\"ListItem\",\"position\":2,\"name\":\"Monte escalier Meurthe-et-Moselle, Nancy\"}]},{\"@type\":\"WebSite\",\"@id\":\"https:\/\/www.monteescalier.net\/france\/#website\",\"url\":\"https:\/\/www.monteescalier.net\/france\/\",\"name\":\"Monte escalier\",\"description\":\"\",\"publisher\":{\"@id\":\"https:\/\/www.monteescalier.net\/france\/#organization\"},\"potentialAction\":[{\"@type\":\"SearchAction\",\"target\":{\"@type\":\"EntryPoint\",\"urlTemplate\":\"https:\/\/www.monteescalier.net\/france\/?s={search_term_string}\"},\"query-input\":{\"@type\":\"PropertyValueSpecification\",\"valueRequired\":true,\"valueName\":\"search_term_string\"}}],\"inLanguage\":\"fr-FR\"},{\"@type\":\"Organization\",\"@id\":\"https:\/\/www.monteescalier.net\/france\/#organization\",\"name\":\"monte-escalier.net\",\"url\":\"https:\/\/www.monteescalier.net\/france\/\",\"logo\":{\"@type\":\"ImageObject\",\"inLanguage\":\"fr-FR\",\"@id\":\"https:\/\/www.monteescalier.net\/france\/#\/schema\/logo\/image\/\",\"url\":\"https:\/\/www.monteescalier.net\/france\/wp-content\/uploads\/2016\/10\/4devis-mont-escalier-500-500.gif\",\"contentUrl\":\"https:\/\/www.monteescalier.net\/france\/wp-content\/uploads\/2016\/10\/4devis-mont-escalier-500-500.gif\",\"width\":500,\"height\":500,\"caption\":\"monte-escalier.net\"},\"image\":{\"@id\":\"https:\/\/www.monteescalier.net\/france\/#\/schema\/logo\/image\/\"}}]}<\/script>\n<!-- \/ Yoast SEO plugin. -->","yoast_head_json":{"title":"Monte escalier Meurthe-et-Moselle, Nancy - Monte escalier","description":"Monte-escalier en Meurthe-et-Moselle : Nancy, Briey, Lun\u00e9ville. Faites confiances a nos experts dans ce domaine .","robots":{"index":"index","follow":"follow","max-snippet":"max-snippet:-1","max-image-preview":"max-image-preview:large","max-video-preview":"max-video-preview:-1"},"canonical":"https:\/\/www.monteescalier.net\/france\/monte-escalier-meurthe-et-moselle\/","og_locale":"fr_FR","og_type":"article","og_title":"Monte escalier Meurthe-et-Moselle, Nancy - Monte escalier","og_description":"Monte-escalier en Meurthe-et-Moselle : Nancy, Briey, Lun\u00e9ville. Faites confiances a nos experts dans ce domaine .","og_url":"https:\/\/www.monteescalier.net\/france\/monte-escalier-meurthe-et-moselle\/","og_site_name":"Monte escalier","article_modified_time":"2024-05-15T15:54:48+00:00","og_image":[{"url":"https:\/\/www.monteescalier.net\/france\/wp-content\/uploads\/2014\/10\/4devis-monte-escalier-photo-490.png","type":"","width":"","height":""}],"twitter_card":"summary_large_image","twitter_misc":{"Dur\u00e9e de lecture estim\u00e9e":"1 minute"},"schema":{"@context":"https:\/\/schema.org","@graph":[{"@type":"WebPage","@id":"https:\/\/www.monteescalier.net\/france\/monte-escalier-meurthe-et-moselle\/","url":"https:\/\/www.monteescalier.net\/france\/monte-escalier-meurthe-et-moselle\/","name":"Monte escalier Meurthe-et-Moselle, Nancy - Monte escalier","isPartOf":{"@id":"https:\/\/www.monteescalier.net\/france\/#website"},"primaryImageOfPage":{"@id":"https:\/\/www.monteescalier.net\/france\/monte-escalier-meurthe-et-moselle\/#primaryimage"},"image":{"@id":"https:\/\/www.monteescalier.net\/france\/monte-escalier-meurthe-et-moselle\/#primaryimage"},"thumbnailUrl":"https:\/\/www.monteescalier.net\/france\/wp-content\/uploads\/2014\/10\/4devis-monte-escalier-photo-490.png","datePublished":"2023-08-02T09:50:21+00:00","dateModified":"2024-05-15T15:54:48+00:00","description":"Monte-escalier en Meurthe-et-Moselle : Nancy, Briey, Lun\u00e9ville. Faites confiances a nos experts dans ce domaine .","breadcrumb":{"@id":"https:\/\/www.monteescalier.net\/france\/monte-escalier-meurthe-et-moselle\/#breadcrumb"},"inLanguage":"fr-FR","potentialAction":[{"@type":"ReadAction","target":["https:\/\/www.monteescalier.net\/france\/monte-escalier-meurthe-et-moselle\/"]}]},{"@type":"ImageObject","inLanguage":"fr-FR","@id":"https:\/\/www.monteescalier.net\/france\/monte-escalier-meurthe-et-moselle\/#primaryimage","url":"https:\/\/www.monteescalier.net\/france\/wp-content\/uploads\/2014\/10\/4devis-monte-escalier-photo-490.png","contentUrl":"https:\/\/www.monteescalier.net\/france\/wp-content\/uploads\/2014\/10\/4devis-monte-escalier-photo-490.png","width":490,"height":267},{"@type":"BreadcrumbList","@id":"https:\/\/www.monteescalier.net\/france\/monte-escalier-meurthe-et-moselle\/#breadcrumb","itemListElement":[{"@type":"ListItem","position":1,"name":"Accueil","item":"https:\/\/www.monteescalier.net\/france\/"},{"@type":"ListItem","position":2,"name":"Monte escalier Meurthe-et-Moselle, Nancy"}]},{"@type":"WebSite","@id":"https:\/\/www.monteescalier.net\/france\/#website","url":"https:\/\/www.monteescalier.net\/france\/","name":"Monte escalier","description":"","publisher":{"@id":"https:\/\/www.monteescalier.net\/france\/#organization"},"potentialAction":[{"@type":"SearchAction","target":{"@type":"EntryPoint","urlTemplate":"https:\/\/www.monteescalier.net\/france\/?s={search_term_string}"},"query-input":{"@type":"PropertyValueSpecification","valueRequired":true,"valueName":"search_term_string"}}],"inLanguage":"fr-FR"},{"@type":"Organization","@id":"https:\/\/www.monteescalier.net\/france\/#organization","name":"monte-escalier.net","url":"https:\/\/www.monteescalier.net\/france\/","logo":{"@type":"ImageObject","inLanguage":"fr-FR","@id":"https:\/\/www.monteescalier.net\/france\/#\/schema\/logo\/image\/","url":"https:\/\/www.monteescalier.net\/france\/wp-content\/uploads\/2016\/10\/4devis-mont-escalier-500-500.gif","contentUrl":"https:\/\/www.monteescalier.net\/france\/wp-content\/uploads\/2016\/10\/4devis-mont-escalier-500-500.gif","width":500,"height":500,"caption":"monte-escalier.net"},"image":{"@id":"https:\/\/www.monteescalier.net\/france\/#\/schema\/logo\/image\/"}}]}},"_links":{"self":[{"href":"https:\/\/www.monteescalier.net\/france\/wp-json\/wp\/v2\/pages\/545","targetHints":{"allow":["GET"]}}],"collection":[{"href":"https:\/\/www.monteescalier.net\/france\/wp-json\/wp\/v2\/pages"}],"about":[{"href":"https:\/\/www.monteescalier.net\/france\/wp-json\/wp\/v2\/types\/page"}],"author":[{"embeddable":true,"href":"https:\/\/www.monteescalier.net\/france\/wp-json\/wp\/v2\/users\/1"}],"replies":[{"embeddable":true,"href":"https:\/\/www.monteescalier.net\/france\/wp-json\/wp\/v2\/comments?post=545"}],"version-history":[{"count":6,"href":"https:\/\/www.monteescalier.net\/france\/wp-json\/wp\/v2\/pages\/545\/revisions"}],"predecessor-version":[{"id":9115,"href":"https:\/\/www.monteescalier.net\/france\/wp-json\/wp\/v2\/pages\/545\/revisions\/9115"}],"wp:attachment":[{"href":"https:\/\/www.monteescalier.net\/france\/wp-json\/wp\/v2\/media?parent=545"}],"curies":[{"name":"wp","href":"https:\/\/api.w.org\/{rel}","templated":true}]}}