{"id":549,"date":"2024-03-02T11:02:22","date_gmt":"2024-03-02T10:02:22","guid":{"rendered":"https:\/\/www.monteescalier.net\/france\/?page_id=549"},"modified":"2024-05-15T17:07:52","modified_gmt":"2024-05-15T16:07:52","slug":"monte-escalier-vosges","status":"publish","type":"page","link":"https:\/\/www.monteescalier.net\/france\/monte-escalier-vosges\/","title":{"rendered":"Monte escalier Vosges, \u00c9pinal"},"content":{"rendered":"<div class='content-column one_half'><div style=\"padding-right:19px;\"><h1>Les installateurs de monte escalier dans les Vosges<\/h1>\n<p><b>A proximit\u00e9 :<\/b><br \/>\n<a href=\"https:\/\/www.monteescalier.net\/france\/monte-escalier-epinal\/\">Votre Monte escalier \u00e0 \u00c9pinal<\/a><br \/>\n<a href=\"https:\/\/www.monteescalier.net\/france\/monte-escalier-saint-die\/\">Votre Monte escalier \u00e0 Saint-Di\u00e9<\/a><br \/>\n<a href=\"https:\/\/www.monteescalier.net\/france\/monte-escalier-neufchateau\/\">Votre Monte escalier \u00e0 Neufch\u00e2teau<\/a><\/p>\n<p style=\"text-align: justify;\">Avec un monte escalier, vous pouvez r\u00e9gler un certain nombre de probl\u00e8mes li\u00e9 \u00e0 la d\u00e9pendance: quel plaisir de pouvoir \u00e0 nouveau profiter de l&rsquo;\u00e9tage de sa maison, sans douleurs, ni appr\u00e9hensions. Un monte escalier \u00e9lectrique peut se poser dans presque tous les escaliers \u00e0 de rares exceptions pr\u00e8s. C&rsquo;est certes un investissement important (il existe des aides des collectivit\u00e9s locales dans le cadre de l&rsquo;aide \u00e0 la lutte contre la d\u00e9pendance) mais les avantages sont tr\u00e8s nombreux.<\/p>\n<p style=\"text-align: justify;\">Le mat\u00e9riel est s\u00e9curis\u00e9 et vous garantit contre les accidents et les chutes. Il existe de nombreux revendeur de monte escalier en France, mais tous ne peuvent intervenir dans le d\u00e9partement des Vosges et bien \u00e9videmment les prix, les mod\u00e8les vendus, le service apr\u00e8s vente, le co\u00fbt et les conditions d&rsquo;installation vont assez largement varier d&rsquo;un installateur \u00e0 l&rsquo;autre.<\/p>\n<p style=\"text-align: justify;\">Pour y voir plus clair dans l&rsquo;offre de vente des monte escaliers, nous vous proposons d&rsquo;utiliser notre service gratuit de mise en relation entre acheteurs et vendeurs de monte escalier. Cela fonctionne en remplissant un simple formulaire sur ce site avec vos coordonn\u00e9es. Nous les transmettrons \u00e0 notre s\u00e9lection de revendeurs de monte escalier qui travaillent sur les Vosges et ils vous contacteront tr\u00e8s vite pour vous proposer leurs services et vous pourrez ainsi tr\u00e8s facilement comparer les offres des installeurs de monte escalier et ce que vous habitiez \u00e0 Epinal, G\u00e9rardmer, Remiremont, Neufchateau, Saint Di\u00e9, Golbey, Thaon les Vosges, Raon l&rsquo;Etape, Rambervilliers, Charmes, Saint Nabord, Vittel, Mirecourt, La Bresse, Le Val d&rsquo;Ajol,Vagney ou St Etienne les Remiremont.<\/p>\n<p style=\"text-align: justify;\">Vous pr\u00e9f\u00e9rez recevoir de la documentation par courrier ou par email pour vous familiariser avec les diff\u00e9rents monte escaliers propos\u00e9s, faites une demande de documentation sur ce site. Et si vous voulez discuter des particularit\u00e9s de votre projet par t\u00e9l\u00e9phone, compl\u00e9tez une demande de rappel et nos partenaires ne manqueront pas de vous appeler pour parler avec vous de votre projet de monte escalier&#8230;N&rsquo;oubliez pas, ces services sont gratuits et sans engagement, alors n&rsquo;h\u00e9sitez pas \u00e0 les utiliser.<\/p>\n<p>&nbsp;<\/p>\n<div class=\"bouton\" onclick=\"location.href='https:\/\/www.monteescalier.net\/devis-gratuit.php'\">Cliquez ici pour obtenir des devis gratuitement<\/div><\/div><\/div><div class='content-column one_half last_column'><a href=\"https:\/\/www.monteescalier.net\/devis-gratuit.php\" target=\"_blank\" rel=\"noopener noreferrer\"><img loading=\"lazy\" decoding=\"async\" class=\"alignnone size-full img_region\" src=\"https:\/\/www.monteescalier.net\/france\/wp-content\/uploads\/2014\/10\/4devis-monte-escalier-photo-490.png\" alt=\"Vosges (88)\" width=\"507\" height=\"485\" \/><\/a><br \/>\n<img loading=\"lazy\" decoding=\"async\" class=\"alignnone size-full img_region_2\" src=\"https:\/\/www.monteescalier.net\/france\/wp-content\/uploads\/2013\/08\/vosges.jpg\" alt=\"monte escalier dans les Vosges\" width=\"507\" height=\"485\" \/><\/div><div class='clear_column'><\/div><\/p>\n","protected":false},"excerpt":{"rendered":"","protected":false},"author":1,"featured_media":0,"parent":0,"menu_order":0,"comment_status":"open","ping_status":"closed","template":"template2.php","meta":{"_monsterinsights_skip_tracking":false,"_monsterinsights_sitenote_active":false,"_monsterinsights_sitenote_note":"","_monsterinsights_sitenote_category":0,"footnotes":""},"class_list":["post-549","page","type-page","status-publish","hentry"],"yoast_head":"<!-- This site is optimized with the Yoast SEO plugin v26.3 - https:\/\/yoast.com\/wordpress\/plugins\/seo\/ -->\n<title>Monte escalier Vosges, \u00c9pinal - Monte escalier<\/title>\n<meta name=\"description\" content=\"Nos monte escalier de qualit\u00e9 situ\u00e9e a Vosges : Epinal, Saint-Di\u00e9, Neufchateau.\" \/>\n<meta name=\"robots\" content=\"index, follow, max-snippet:-1, max-image-preview:large, max-video-preview:-1\" \/>\n<link rel=\"canonical\" href=\"https:\/\/www.monteescalier.net\/france\/monte-escalier-vosges\/\" \/>\n<meta property=\"og:locale\" content=\"fr_FR\" \/>\n<meta property=\"og:type\" content=\"article\" \/>\n<meta property=\"og:title\" content=\"Monte escalier Vosges, \u00c9pinal - Monte escalier\" \/>\n<meta property=\"og:description\" content=\"Nos monte escalier de qualit\u00e9 situ\u00e9e a Vosges : Epinal, Saint-Di\u00e9, Neufchateau.\" \/>\n<meta property=\"og:url\" content=\"https:\/\/www.monteescalier.net\/france\/monte-escalier-vosges\/\" \/>\n<meta property=\"og:site_name\" content=\"Monte escalier\" \/>\n<meta property=\"article:modified_time\" content=\"2024-05-15T16:07:52+00:00\" \/>\n<meta property=\"og:image\" content=\"https:\/\/www.monteescalier.net\/france\/wp-content\/uploads\/2014\/10\/4devis-monte-escalier-photo-490.png\" \/>\n<meta name=\"twitter:card\" content=\"summary_large_image\" \/>\n<meta name=\"twitter:label1\" content=\"Dur\u00e9e de lecture estim\u00e9e\" \/>\n\t<meta name=\"twitter:data1\" content=\"2 minutes\" \/>\n<script type=\"application\/ld+json\" class=\"yoast-schema-graph\">{\"@context\":\"https:\/\/schema.org\",\"@graph\":[{\"@type\":\"WebPage\",\"@id\":\"https:\/\/www.monteescalier.net\/france\/monte-escalier-vosges\/\",\"url\":\"https:\/\/www.monteescalier.net\/france\/monte-escalier-vosges\/\",\"name\":\"Monte escalier Vosges, \u00c9pinal - Monte escalier\",\"isPartOf\":{\"@id\":\"https:\/\/www.monteescalier.net\/france\/#website\"},\"primaryImageOfPage\":{\"@id\":\"https:\/\/www.monteescalier.net\/france\/monte-escalier-vosges\/#primaryimage\"},\"image\":{\"@id\":\"https:\/\/www.monteescalier.net\/france\/monte-escalier-vosges\/#primaryimage\"},\"thumbnailUrl\":\"https:\/\/www.monteescalier.net\/france\/wp-content\/uploads\/2014\/10\/4devis-monte-escalier-photo-490.png\",\"datePublished\":\"2024-03-02T10:02:22+00:00\",\"dateModified\":\"2024-05-15T16:07:52+00:00\",\"description\":\"Nos monte escalier de qualit\u00e9 situ\u00e9e a Vosges : Epinal, Saint-Di\u00e9, Neufchateau.\",\"breadcrumb\":{\"@id\":\"https:\/\/www.monteescalier.net\/france\/monte-escalier-vosges\/#breadcrumb\"},\"inLanguage\":\"fr-FR\",\"potentialAction\":[{\"@type\":\"ReadAction\",\"target\":[\"https:\/\/www.monteescalier.net\/france\/monte-escalier-vosges\/\"]}]},{\"@type\":\"ImageObject\",\"inLanguage\":\"fr-FR\",\"@id\":\"https:\/\/www.monteescalier.net\/france\/monte-escalier-vosges\/#primaryimage\",\"url\":\"https:\/\/www.monteescalier.net\/france\/wp-content\/uploads\/2014\/10\/4devis-monte-escalier-photo-490.png\",\"contentUrl\":\"https:\/\/www.monteescalier.net\/france\/wp-content\/uploads\/2014\/10\/4devis-monte-escalier-photo-490.png\",\"width\":490,\"height\":267},{\"@type\":\"BreadcrumbList\",\"@id\":\"https:\/\/www.monteescalier.net\/france\/monte-escalier-vosges\/#breadcrumb\",\"itemListElement\":[{\"@type\":\"ListItem\",\"position\":1,\"name\":\"Accueil\",\"item\":\"https:\/\/www.monteescalier.net\/france\/\"},{\"@type\":\"ListItem\",\"position\":2,\"name\":\"Monte escalier Vosges, \u00c9pinal\"}]},{\"@type\":\"WebSite\",\"@id\":\"https:\/\/www.monteescalier.net\/france\/#website\",\"url\":\"https:\/\/www.monteescalier.net\/france\/\",\"name\":\"Monte escalier\",\"description\":\"\",\"publisher\":{\"@id\":\"https:\/\/www.monteescalier.net\/france\/#organization\"},\"potentialAction\":[{\"@type\":\"SearchAction\",\"target\":{\"@type\":\"EntryPoint\",\"urlTemplate\":\"https:\/\/www.monteescalier.net\/france\/?s={search_term_string}\"},\"query-input\":{\"@type\":\"PropertyValueSpecification\",\"valueRequired\":true,\"valueName\":\"search_term_string\"}}],\"inLanguage\":\"fr-FR\"},{\"@type\":\"Organization\",\"@id\":\"https:\/\/www.monteescalier.net\/france\/#organization\",\"name\":\"monte-escalier.net\",\"url\":\"https:\/\/www.monteescalier.net\/france\/\",\"logo\":{\"@type\":\"ImageObject\",\"inLanguage\":\"fr-FR\",\"@id\":\"https:\/\/www.monteescalier.net\/france\/#\/schema\/logo\/image\/\",\"url\":\"https:\/\/www.monteescalier.net\/france\/wp-content\/uploads\/2016\/10\/4devis-mont-escalier-500-500.gif\",\"contentUrl\":\"https:\/\/www.monteescalier.net\/france\/wp-content\/uploads\/2016\/10\/4devis-mont-escalier-500-500.gif\",\"width\":500,\"height\":500,\"caption\":\"monte-escalier.net\"},\"image\":{\"@id\":\"https:\/\/www.monteescalier.net\/france\/#\/schema\/logo\/image\/\"}}]}<\/script>\n<!-- \/ Yoast SEO plugin. -->","yoast_head_json":{"title":"Monte escalier Vosges, \u00c9pinal - Monte escalier","description":"Nos monte escalier de qualit\u00e9 situ\u00e9e a Vosges : Epinal, Saint-Di\u00e9, Neufchateau.","robots":{"index":"index","follow":"follow","max-snippet":"max-snippet:-1","max-image-preview":"max-image-preview:large","max-video-preview":"max-video-preview:-1"},"canonical":"https:\/\/www.monteescalier.net\/france\/monte-escalier-vosges\/","og_locale":"fr_FR","og_type":"article","og_title":"Monte escalier Vosges, \u00c9pinal - Monte escalier","og_description":"Nos monte escalier de qualit\u00e9 situ\u00e9e a Vosges : Epinal, Saint-Di\u00e9, Neufchateau.","og_url":"https:\/\/www.monteescalier.net\/france\/monte-escalier-vosges\/","og_site_name":"Monte escalier","article_modified_time":"2024-05-15T16:07:52+00:00","og_image":[{"url":"https:\/\/www.monteescalier.net\/france\/wp-content\/uploads\/2014\/10\/4devis-monte-escalier-photo-490.png","type":"","width":"","height":""}],"twitter_card":"summary_large_image","twitter_misc":{"Dur\u00e9e de lecture estim\u00e9e":"2 minutes"},"schema":{"@context":"https:\/\/schema.org","@graph":[{"@type":"WebPage","@id":"https:\/\/www.monteescalier.net\/france\/monte-escalier-vosges\/","url":"https:\/\/www.monteescalier.net\/france\/monte-escalier-vosges\/","name":"Monte escalier Vosges, \u00c9pinal - Monte escalier","isPartOf":{"@id":"https:\/\/www.monteescalier.net\/france\/#website"},"primaryImageOfPage":{"@id":"https:\/\/www.monteescalier.net\/france\/monte-escalier-vosges\/#primaryimage"},"image":{"@id":"https:\/\/www.monteescalier.net\/france\/monte-escalier-vosges\/#primaryimage"},"thumbnailUrl":"https:\/\/www.monteescalier.net\/france\/wp-content\/uploads\/2014\/10\/4devis-monte-escalier-photo-490.png","datePublished":"2024-03-02T10:02:22+00:00","dateModified":"2024-05-15T16:07:52+00:00","description":"Nos monte escalier de qualit\u00e9 situ\u00e9e a Vosges : Epinal, Saint-Di\u00e9, Neufchateau.","breadcrumb":{"@id":"https:\/\/www.monteescalier.net\/france\/monte-escalier-vosges\/#breadcrumb"},"inLanguage":"fr-FR","potentialAction":[{"@type":"ReadAction","target":["https:\/\/www.monteescalier.net\/france\/monte-escalier-vosges\/"]}]},{"@type":"ImageObject","inLanguage":"fr-FR","@id":"https:\/\/www.monteescalier.net\/france\/monte-escalier-vosges\/#primaryimage","url":"https:\/\/www.monteescalier.net\/france\/wp-content\/uploads\/2014\/10\/4devis-monte-escalier-photo-490.png","contentUrl":"https:\/\/www.monteescalier.net\/france\/wp-content\/uploads\/2014\/10\/4devis-monte-escalier-photo-490.png","width":490,"height":267},{"@type":"BreadcrumbList","@id":"https:\/\/www.monteescalier.net\/france\/monte-escalier-vosges\/#breadcrumb","itemListElement":[{"@type":"ListItem","position":1,"name":"Accueil","item":"https:\/\/www.monteescalier.net\/france\/"},{"@type":"ListItem","position":2,"name":"Monte escalier Vosges, \u00c9pinal"}]},{"@type":"WebSite","@id":"https:\/\/www.monteescalier.net\/france\/#website","url":"https:\/\/www.monteescalier.net\/france\/","name":"Monte escalier","description":"","publisher":{"@id":"https:\/\/www.monteescalier.net\/france\/#organization"},"potentialAction":[{"@type":"SearchAction","target":{"@type":"EntryPoint","urlTemplate":"https:\/\/www.monteescalier.net\/france\/?s={search_term_string}"},"query-input":{"@type":"PropertyValueSpecification","valueRequired":true,"valueName":"search_term_string"}}],"inLanguage":"fr-FR"},{"@type":"Organization","@id":"https:\/\/www.monteescalier.net\/france\/#organization","name":"monte-escalier.net","url":"https:\/\/www.monteescalier.net\/france\/","logo":{"@type":"ImageObject","inLanguage":"fr-FR","@id":"https:\/\/www.monteescalier.net\/france\/#\/schema\/logo\/image\/","url":"https:\/\/www.monteescalier.net\/france\/wp-content\/uploads\/2016\/10\/4devis-mont-escalier-500-500.gif","contentUrl":"https:\/\/www.monteescalier.net\/france\/wp-content\/uploads\/2016\/10\/4devis-mont-escalier-500-500.gif","width":500,"height":500,"caption":"monte-escalier.net"},"image":{"@id":"https:\/\/www.monteescalier.net\/france\/#\/schema\/logo\/image\/"}}]}},"_links":{"self":[{"href":"https:\/\/www.monteescalier.net\/france\/wp-json\/wp\/v2\/pages\/549","targetHints":{"allow":["GET"]}}],"collection":[{"href":"https:\/\/www.monteescalier.net\/france\/wp-json\/wp\/v2\/pages"}],"about":[{"href":"https:\/\/www.monteescalier.net\/france\/wp-json\/wp\/v2\/types\/page"}],"author":[{"embeddable":true,"href":"https:\/\/www.monteescalier.net\/france\/wp-json\/wp\/v2\/users\/1"}],"replies":[{"embeddable":true,"href":"https:\/\/www.monteescalier.net\/france\/wp-json\/wp\/v2\/comments?post=549"}],"version-history":[{"count":6,"href":"https:\/\/www.monteescalier.net\/france\/wp-json\/wp\/v2\/pages\/549\/revisions"}],"predecessor-version":[{"id":9141,"href":"https:\/\/www.monteescalier.net\/france\/wp-json\/wp\/v2\/pages\/549\/revisions\/9141"}],"wp:attachment":[{"href":"https:\/\/www.monteescalier.net\/france\/wp-json\/wp\/v2\/media?parent=549"}],"curies":[{"name":"wp","href":"https:\/\/api.w.org\/{rel}","templated":true}]}}