{"id":555,"date":"2024-05-02T14:06:49","date_gmt":"2024-05-02T13:06:49","guid":{"rendered":"https:\/\/www.monteescalier.net\/france\/?page_id=555"},"modified":"2024-05-15T17:03:01","modified_gmt":"2024-05-15T16:03:01","slug":"monte-escalier-seine-saint-denis","status":"publish","type":"page","link":"https:\/\/www.monteescalier.net\/france\/monte-escalier-seine-saint-denis\/","title":{"rendered":"Monte escalier Seine-Saint-Denis, Bobigny"},"content":{"rendered":"<div class='content-column one_half'><div style=\"padding-right:19px;\"><h1>Quel installateur pour un monte escalier en Seine-Saint-Denis<\/h1>\n<p><b>Des sp\u00e9cialistes dans votre d\u00e9partement :<\/b><br \/>\n<a href=\"https:\/\/www.monteescalier.net\/france\/monte-escalier-bobigny\/\">Monte escalier \u00e0 Bobigny<\/a><br \/>\n<a href=\"https:\/\/www.monteescalier.net\/france\/monte-escalier-saint-denis\/\">Monte escalier \u00e0 Saint-Denis<\/a><br \/>\n<a href=\"https:\/\/www.monteescalier.net\/france\/monte-escalier-le-raincy\/\">Monte escalier \u00e0 Le Raincy<\/a><\/p>\n<p>Vous recherchez un installateur de monte escalier en Seine Saint Denis pour votre maison ou votre duplex ? Ne cherchez plus ! Nous sommes sp\u00e9cialistes de la mise en relation entre acheteurs et vendeurs de monte escalier en Seine Saint Denis.<\/p>\n<p style=\"text-align: justify;\">Remplissez simplement un formulaire sur notre site et vous serez aussit\u00f4t mis en contact avec la liste des installateurs de monte escalier que nous avons pr\u00e9selectionn\u00e9 sur la Seine Saint Denis.<\/p>\n<p style=\"text-align: justify;\">A Montreuil, Aulnay Sous Bois, Drancy, Pantin, Bondy, Sevran, Bobigny, Livry Gargan, Noisy le Sec, Courneuve, Saint Denis, Aubervilliers, Noisy le Grand, ou encore \u00e0 Epinay sur Seine, Le Blanc Mesnil, Saint Ouen, Rosny, ou Gagny, un simple formulaire vous permet d&rsquo;obtenir tr\u00e8s rapidement au moins 4 devis gratuits et sans aucun engagement.<\/p>\n<p style=\"text-align: justify;\">Cela vous permettra de comparer les prix, les services fournis, le service apr\u00e8s vente, la disponibilit\u00e9 des vendeurs, les diff\u00e9rents mod\u00e8les propos\u00e9s, les plans de financement, en bref tout ce qui peut influencer votre choix pour l&rsquo;installation de votre monte escalier en Seine Saint Denis.<\/p>\n<p style=\"text-align: justify;\">En mati\u00e8re de monte escalier, on est presque toujours confront\u00e9 \u00e0 une installation sur mesure: vous souhaitez recueillir l&rsquo;avis de plusieurs professionnels avant de vous lancer, qu&rsquo;\u00e0 cela ne tienne faites une demande de rappel sur notre site et vous pourrez en discuter au t\u00e9l\u00e9phone avec les professionnels du monte escalier en Seine Saint Denis que nous avons choisi pour vous.<\/p>\n<p style=\"text-align: justify;\">Vous avez peur de vous engager? \u00e7a tombe bien&#8230;Nos services sont gratuits et sans aucune obligation d&rsquo;achat : testez, comparez, choisissez !<\/p>\n<p>&nbsp;<\/p>\n<div class=\"bouton\" onclick=\"location.href='https:\/\/www.monteescalier.net\/devis-gratuit.php'\">Cliquez ici pour obtenir des devis gratuitement<\/div><\/div><\/div><div class='content-column one_half last_column'><a href=\"https:\/\/www.monteescalier.net\/devis-gratuit.php\" target=\"_blank\" rel=\"noopener noreferrer\"><img loading=\"lazy\" decoding=\"async\" class=\"alignnone size-full img_region\" src=\"https:\/\/www.monteescalier.net\/france\/wp-content\/uploads\/2014\/10\/4devis-monte-escalier-photo-490.png\" alt=\"Seine Saint Denis\" width=\"507\" height=\"485\" \/><\/a><br \/>\n<img loading=\"lazy\" decoding=\"async\" class=\"alignnone size-full img_region_2\" src=\"https:\/\/www.monteescalier.net\/france\/wp-content\/uploads\/2013\/08\/seinesaintdenis.jpg\" alt=\"seine sain tdenis\" width=\"507\" height=\"485\" \/><br \/><\/div><div class='clear_column'><\/div><\/p>\n","protected":false},"excerpt":{"rendered":"","protected":false},"author":1,"featured_media":0,"parent":0,"menu_order":0,"comment_status":"open","ping_status":"closed","template":"template4.php","meta":{"_monsterinsights_skip_tracking":false,"_monsterinsights_sitenote_active":false,"_monsterinsights_sitenote_note":"","_monsterinsights_sitenote_category":0,"footnotes":""},"class_list":["post-555","page","type-page","status-publish","hentry"],"yoast_head":"<!-- This site is optimized with the Yoast SEO plugin v26.3 - https:\/\/yoast.com\/wordpress\/plugins\/seo\/ -->\n<title>Monte escalier Seine-Saint-Denis, Bobigny - Monte escalier<\/title>\n<meta name=\"description\" content=\"Nos monte-escaliers en Seine-Saint-Denis : Bobigny, Saint-Denis, Le Raincy.\" \/>\n<meta name=\"robots\" content=\"index, follow, max-snippet:-1, max-image-preview:large, max-video-preview:-1\" \/>\n<link rel=\"canonical\" href=\"https:\/\/www.monteescalier.net\/france\/monte-escalier-seine-saint-denis\/\" \/>\n<meta property=\"og:locale\" content=\"fr_FR\" \/>\n<meta property=\"og:type\" content=\"article\" \/>\n<meta property=\"og:title\" content=\"Monte escalier Seine-Saint-Denis, Bobigny - Monte escalier\" \/>\n<meta property=\"og:description\" content=\"Nos monte-escaliers en Seine-Saint-Denis : Bobigny, Saint-Denis, Le Raincy.\" \/>\n<meta property=\"og:url\" content=\"https:\/\/www.monteescalier.net\/france\/monte-escalier-seine-saint-denis\/\" \/>\n<meta property=\"og:site_name\" content=\"Monte escalier\" \/>\n<meta property=\"article:modified_time\" content=\"2024-05-15T16:03:01+00:00\" \/>\n<meta property=\"og:image\" content=\"https:\/\/www.monteescalier.net\/france\/wp-content\/uploads\/2014\/10\/4devis-monte-escalier-photo-490.png\" \/>\n<meta name=\"twitter:card\" content=\"summary_large_image\" \/>\n<meta name=\"twitter:label1\" content=\"Dur\u00e9e de lecture estim\u00e9e\" \/>\n\t<meta name=\"twitter:data1\" content=\"2 minutes\" \/>\n<script type=\"application\/ld+json\" class=\"yoast-schema-graph\">{\"@context\":\"https:\/\/schema.org\",\"@graph\":[{\"@type\":\"WebPage\",\"@id\":\"https:\/\/www.monteescalier.net\/france\/monte-escalier-seine-saint-denis\/\",\"url\":\"https:\/\/www.monteescalier.net\/france\/monte-escalier-seine-saint-denis\/\",\"name\":\"Monte escalier Seine-Saint-Denis, Bobigny - Monte escalier\",\"isPartOf\":{\"@id\":\"https:\/\/www.monteescalier.net\/france\/#website\"},\"primaryImageOfPage\":{\"@id\":\"https:\/\/www.monteescalier.net\/france\/monte-escalier-seine-saint-denis\/#primaryimage\"},\"image\":{\"@id\":\"https:\/\/www.monteescalier.net\/france\/monte-escalier-seine-saint-denis\/#primaryimage\"},\"thumbnailUrl\":\"https:\/\/www.monteescalier.net\/france\/wp-content\/uploads\/2014\/10\/4devis-monte-escalier-photo-490.png\",\"datePublished\":\"2024-05-02T13:06:49+00:00\",\"dateModified\":\"2024-05-15T16:03:01+00:00\",\"description\":\"Nos monte-escaliers en Seine-Saint-Denis : Bobigny, Saint-Denis, Le Raincy.\",\"breadcrumb\":{\"@id\":\"https:\/\/www.monteescalier.net\/france\/monte-escalier-seine-saint-denis\/#breadcrumb\"},\"inLanguage\":\"fr-FR\",\"potentialAction\":[{\"@type\":\"ReadAction\",\"target\":[\"https:\/\/www.monteescalier.net\/france\/monte-escalier-seine-saint-denis\/\"]}]},{\"@type\":\"ImageObject\",\"inLanguage\":\"fr-FR\",\"@id\":\"https:\/\/www.monteescalier.net\/france\/monte-escalier-seine-saint-denis\/#primaryimage\",\"url\":\"https:\/\/www.monteescalier.net\/france\/wp-content\/uploads\/2014\/10\/4devis-monte-escalier-photo-490.png\",\"contentUrl\":\"https:\/\/www.monteescalier.net\/france\/wp-content\/uploads\/2014\/10\/4devis-monte-escalier-photo-490.png\",\"width\":490,\"height\":267},{\"@type\":\"BreadcrumbList\",\"@id\":\"https:\/\/www.monteescalier.net\/france\/monte-escalier-seine-saint-denis\/#breadcrumb\",\"itemListElement\":[{\"@type\":\"ListItem\",\"position\":1,\"name\":\"Accueil\",\"item\":\"https:\/\/www.monteescalier.net\/france\/\"},{\"@type\":\"ListItem\",\"position\":2,\"name\":\"Monte escalier Seine-Saint-Denis, Bobigny\"}]},{\"@type\":\"WebSite\",\"@id\":\"https:\/\/www.monteescalier.net\/france\/#website\",\"url\":\"https:\/\/www.monteescalier.net\/france\/\",\"name\":\"Monte escalier\",\"description\":\"\",\"publisher\":{\"@id\":\"https:\/\/www.monteescalier.net\/france\/#organization\"},\"potentialAction\":[{\"@type\":\"SearchAction\",\"target\":{\"@type\":\"EntryPoint\",\"urlTemplate\":\"https:\/\/www.monteescalier.net\/france\/?s={search_term_string}\"},\"query-input\":{\"@type\":\"PropertyValueSpecification\",\"valueRequired\":true,\"valueName\":\"search_term_string\"}}],\"inLanguage\":\"fr-FR\"},{\"@type\":\"Organization\",\"@id\":\"https:\/\/www.monteescalier.net\/france\/#organization\",\"name\":\"monte-escalier.net\",\"url\":\"https:\/\/www.monteescalier.net\/france\/\",\"logo\":{\"@type\":\"ImageObject\",\"inLanguage\":\"fr-FR\",\"@id\":\"https:\/\/www.monteescalier.net\/france\/#\/schema\/logo\/image\/\",\"url\":\"https:\/\/www.monteescalier.net\/france\/wp-content\/uploads\/2016\/10\/4devis-mont-escalier-500-500.gif\",\"contentUrl\":\"https:\/\/www.monteescalier.net\/france\/wp-content\/uploads\/2016\/10\/4devis-mont-escalier-500-500.gif\",\"width\":500,\"height\":500,\"caption\":\"monte-escalier.net\"},\"image\":{\"@id\":\"https:\/\/www.monteescalier.net\/france\/#\/schema\/logo\/image\/\"}}]}<\/script>\n<!-- \/ Yoast SEO plugin. -->","yoast_head_json":{"title":"Monte escalier Seine-Saint-Denis, Bobigny - Monte escalier","description":"Nos monte-escaliers en Seine-Saint-Denis : Bobigny, Saint-Denis, Le Raincy.","robots":{"index":"index","follow":"follow","max-snippet":"max-snippet:-1","max-image-preview":"max-image-preview:large","max-video-preview":"max-video-preview:-1"},"canonical":"https:\/\/www.monteescalier.net\/france\/monte-escalier-seine-saint-denis\/","og_locale":"fr_FR","og_type":"article","og_title":"Monte escalier Seine-Saint-Denis, Bobigny - Monte escalier","og_description":"Nos monte-escaliers en Seine-Saint-Denis : Bobigny, Saint-Denis, Le Raincy.","og_url":"https:\/\/www.monteescalier.net\/france\/monte-escalier-seine-saint-denis\/","og_site_name":"Monte escalier","article_modified_time":"2024-05-15T16:03:01+00:00","og_image":[{"url":"https:\/\/www.monteescalier.net\/france\/wp-content\/uploads\/2014\/10\/4devis-monte-escalier-photo-490.png","type":"","width":"","height":""}],"twitter_card":"summary_large_image","twitter_misc":{"Dur\u00e9e de lecture estim\u00e9e":"2 minutes"},"schema":{"@context":"https:\/\/schema.org","@graph":[{"@type":"WebPage","@id":"https:\/\/www.monteescalier.net\/france\/monte-escalier-seine-saint-denis\/","url":"https:\/\/www.monteescalier.net\/france\/monte-escalier-seine-saint-denis\/","name":"Monte escalier Seine-Saint-Denis, Bobigny - Monte escalier","isPartOf":{"@id":"https:\/\/www.monteescalier.net\/france\/#website"},"primaryImageOfPage":{"@id":"https:\/\/www.monteescalier.net\/france\/monte-escalier-seine-saint-denis\/#primaryimage"},"image":{"@id":"https:\/\/www.monteescalier.net\/france\/monte-escalier-seine-saint-denis\/#primaryimage"},"thumbnailUrl":"https:\/\/www.monteescalier.net\/france\/wp-content\/uploads\/2014\/10\/4devis-monte-escalier-photo-490.png","datePublished":"2024-05-02T13:06:49+00:00","dateModified":"2024-05-15T16:03:01+00:00","description":"Nos monte-escaliers en Seine-Saint-Denis : Bobigny, Saint-Denis, Le Raincy.","breadcrumb":{"@id":"https:\/\/www.monteescalier.net\/france\/monte-escalier-seine-saint-denis\/#breadcrumb"},"inLanguage":"fr-FR","potentialAction":[{"@type":"ReadAction","target":["https:\/\/www.monteescalier.net\/france\/monte-escalier-seine-saint-denis\/"]}]},{"@type":"ImageObject","inLanguage":"fr-FR","@id":"https:\/\/www.monteescalier.net\/france\/monte-escalier-seine-saint-denis\/#primaryimage","url":"https:\/\/www.monteescalier.net\/france\/wp-content\/uploads\/2014\/10\/4devis-monte-escalier-photo-490.png","contentUrl":"https:\/\/www.monteescalier.net\/france\/wp-content\/uploads\/2014\/10\/4devis-monte-escalier-photo-490.png","width":490,"height":267},{"@type":"BreadcrumbList","@id":"https:\/\/www.monteescalier.net\/france\/monte-escalier-seine-saint-denis\/#breadcrumb","itemListElement":[{"@type":"ListItem","position":1,"name":"Accueil","item":"https:\/\/www.monteescalier.net\/france\/"},{"@type":"ListItem","position":2,"name":"Monte escalier Seine-Saint-Denis, Bobigny"}]},{"@type":"WebSite","@id":"https:\/\/www.monteescalier.net\/france\/#website","url":"https:\/\/www.monteescalier.net\/france\/","name":"Monte escalier","description":"","publisher":{"@id":"https:\/\/www.monteescalier.net\/france\/#organization"},"potentialAction":[{"@type":"SearchAction","target":{"@type":"EntryPoint","urlTemplate":"https:\/\/www.monteescalier.net\/france\/?s={search_term_string}"},"query-input":{"@type":"PropertyValueSpecification","valueRequired":true,"valueName":"search_term_string"}}],"inLanguage":"fr-FR"},{"@type":"Organization","@id":"https:\/\/www.monteescalier.net\/france\/#organization","name":"monte-escalier.net","url":"https:\/\/www.monteescalier.net\/france\/","logo":{"@type":"ImageObject","inLanguage":"fr-FR","@id":"https:\/\/www.monteescalier.net\/france\/#\/schema\/logo\/image\/","url":"https:\/\/www.monteescalier.net\/france\/wp-content\/uploads\/2016\/10\/4devis-mont-escalier-500-500.gif","contentUrl":"https:\/\/www.monteescalier.net\/france\/wp-content\/uploads\/2016\/10\/4devis-mont-escalier-500-500.gif","width":500,"height":500,"caption":"monte-escalier.net"},"image":{"@id":"https:\/\/www.monteescalier.net\/france\/#\/schema\/logo\/image\/"}}]}},"_links":{"self":[{"href":"https:\/\/www.monteescalier.net\/france\/wp-json\/wp\/v2\/pages\/555","targetHints":{"allow":["GET"]}}],"collection":[{"href":"https:\/\/www.monteescalier.net\/france\/wp-json\/wp\/v2\/pages"}],"about":[{"href":"https:\/\/www.monteescalier.net\/france\/wp-json\/wp\/v2\/types\/page"}],"author":[{"embeddable":true,"href":"https:\/\/www.monteescalier.net\/france\/wp-json\/wp\/v2\/users\/1"}],"replies":[{"embeddable":true,"href":"https:\/\/www.monteescalier.net\/france\/wp-json\/wp\/v2\/comments?post=555"}],"version-history":[{"count":8,"href":"https:\/\/www.monteescalier.net\/france\/wp-json\/wp\/v2\/pages\/555\/revisions"}],"predecessor-version":[{"id":9131,"href":"https:\/\/www.monteescalier.net\/france\/wp-json\/wp\/v2\/pages\/555\/revisions\/9131"}],"wp:attachment":[{"href":"https:\/\/www.monteescalier.net\/france\/wp-json\/wp\/v2\/media?parent=555"}],"curies":[{"name":"wp","href":"https:\/\/api.w.org\/{rel}","templated":true}]}}