{"id":5659,"date":"2013-09-26T10:48:18","date_gmt":"2013-09-26T10:48:18","guid":{"rendered":"https:\/\/www.monteescalier.net\/france\/?page_id=5659"},"modified":"-0001-11-30T00:00:00","modified_gmt":"-0001-11-29T23:00:00","slug":"monte-escalier-le-thoronet","status":"publish","type":"page","link":"https:\/\/www.monteescalier.net\/france\/monte-escalier-le-thoronet\/","title":{"rendered":"Monte escalier Thoronet"},"content":{"rendered":"<h1>Devis gratuit pour un monte escalier \u00e0 Thoronet<\/h1>\n<div class=\"boite_texte\">\n<div style=\"text-align:justify; margin-bottom:10px\">Avant d&rsquo;acheter un monte escalier \u00e0 Thoronet, le meilleur conseil que l&rsquo;on puisse vous donner est de bien comparer les offres, et pour se faire pas de meilleure solution que celle propos\u00e9e par notre site monteescalier.net.<\/div>\n<div style=\"text-align:justify; margin-bottom:10px\">Qui sommes nous ? Nous sommes des interm\u00e9diaires entre vous et les soci\u00e9t\u00e9s vendeuses de monte escalier, mais attention ! Contrairement \u00e0 beaucoup d&rsquo;autres interm\u00e9diaires, nous ne vous facturerons jamais pour nos services de mise en contact. Remplissez un formulaire sur notre site et laissez nous faire, vous allez \u00eatre mis tr\u00e8s vite en contact avec les revendeurs de monte escalier de Thoronet.<\/div>\n<div style=\"text-align:justify; margin-bottom:10px\">Vous voulez recevoir plusieurs devis de monte escalier pour votre r\u00e9sidence \u00e0 Thoronet, vous n&rsquo;avez qu&rsquo;une demande \u00e0 faire sur ce site et vous en recevrez tr\u00e8s rapidement entre 3 et 5 devis diff\u00e9rents. Nous contactons pour vous les professionnels de Thoronet, et devinez quoi ? Pour vous c&rsquo;est gratuit !<\/div>\n<div style=\"text-align:justify; margin-bottom:10px\">L&rsquo;installation d&rsquo;un monte escalier est une op\u00e9ration tr\u00e8s technique qui n\u00e9cessite une pr\u00e9paration minutieuse et ainsi garantir votre s\u00e9curit\u00e9 sur le fauteuil monte escalier. Il est donc normal que vous vous posiez des questions sur cette installation. Pour lever vos doutes, nous vous proposons de remplir une demande de rappel afin que nos partenaires experts puissent vous rappeler et vous donner par t\u00e9l\u00e9phone leurs avis respectifs sur la mise en place de votre monte escalier.<\/div>\n<div style=\"text-align:justify; margin-bottom:10px\">Vous \u00eates perdus dans la multitude des marques et des mod\u00e8les de monte escalier, utilisez notre formulaire de documentation pour obtenir un maximum d&rsquo;informations sur les mod\u00e8les vendus par nos partenaires vendeurs de monte escalier. Pr\u00e9cisez dans votre demande si vous souhaitez les recevoir par email au format \u00e9lectronique ou sur papier par courrier postal.<\/div>\n<div style=\"text-align:justify; margin-bottom:10px\">Tous les services propos\u00e9s par ce site sont enti\u00e8rement gratuits et sans obligation d&rsquo;achat. Nous sommes un service de mise en relation. Vous serez mis en contact directement avec nos partenaires vendeurs de monte escalier et vous traiterez directement avec eux. Vous \u00eates totalement libres de n\u00e9gocier et de signer ou pas avec un des prestataires avec lequel nous vous avons mis en relation.<\/div>\n<\/div>\n<div class=\"titre_liens\">Vous habitez une autre ville dans le d\u00e9partement ? Regardez les liens suivants<\/div>\n<div class=\"boite_liens\"><a href=\"https:\/\/www.monteescalier.net\/france\/monte-escalier-aups\">Monte escalier Aups<\/a><br \/>\n<a href=\"https:\/\/www.monteescalier.net\/france\/monte-escalier-regusse\">Monte escalier R\u00e9gusse<\/a><br \/>\n<a href=\"https:\/\/www.monteescalier.net\/france\/monte-escalier-toulon\">Monte escalier Toulon<\/a><br \/>\n<a href=\"https:\/\/www.monteescalier.net\/france\/monte-escalier-la-seyne-sur-mer\">Monte escalier Seyne-sur-Mer<\/a><br \/>\n<a href=\"https:\/\/www.monteescalier.net\/france\/monte-escalier-hyeres\">Monte escalier Hy\u00e8res<\/a>\n<\/div>\n","protected":false},"excerpt":{"rendered":"<p>Devis gratuit pour un monte escalier \u00e0 Thoronet Avant d&rsquo;acheter un monte escalier \u00e0 Thoronet, le meilleur conseil que l&rsquo;on puisse vous donner est de bien comparer les offres, et pour se faire pas de meilleure solution que celle propos\u00e9e par notre site monteescalier.net. Qui sommes nous ? Nous sommes des interm\u00e9diaires entre vous et [&hellip;]<\/p>\n","protected":false},"author":1,"featured_media":0,"parent":0,"menu_order":0,"comment_status":"closed","ping_status":"open","template":"template_ville_3.php","meta":{"_monsterinsights_skip_tracking":false,"_monsterinsights_sitenote_active":false,"_monsterinsights_sitenote_note":"","_monsterinsights_sitenote_category":0,"footnotes":""},"class_list":["post-5659","page","type-page","status-publish","hentry"],"yoast_head":"<!-- This site is optimized with the Yoast SEO plugin v26.3 - https:\/\/yoast.com\/wordpress\/plugins\/seo\/ -->\n<title>Monte escalier Thoronet - Monte escalier<\/title>\n<meta name=\"robots\" content=\"index, follow, max-snippet:-1, max-image-preview:large, max-video-preview:-1\" \/>\n<link rel=\"canonical\" href=\"https:\/\/www.monteescalier.net\/france\/monte-escalier-le-thoronet\/\" \/>\n<meta property=\"og:locale\" content=\"fr_FR\" \/>\n<meta property=\"og:type\" content=\"article\" \/>\n<meta property=\"og:title\" content=\"Monte escalier Thoronet - Monte escalier\" \/>\n<meta property=\"og:description\" content=\"Devis gratuit pour un monte escalier \u00e0 Thoronet Avant d&rsquo;acheter un monte escalier \u00e0 Thoronet, le meilleur conseil que l&rsquo;on puisse vous donner est de bien comparer les offres, et pour se faire pas de meilleure solution que celle propos\u00e9e par notre site monteescalier.net. Qui sommes nous ? Nous sommes des interm\u00e9diaires entre vous et [&hellip;]\" \/>\n<meta property=\"og:url\" content=\"https:\/\/www.monteescalier.net\/france\/monte-escalier-le-thoronet\/\" \/>\n<meta property=\"og:site_name\" content=\"Monte escalier\" \/>\n<meta name=\"twitter:card\" content=\"summary_large_image\" \/>\n<meta name=\"twitter:label1\" content=\"Dur\u00e9e de lecture estim\u00e9e\" \/>\n\t<meta name=\"twitter:data1\" content=\"2 minutes\" \/>\n<script type=\"application\/ld+json\" class=\"yoast-schema-graph\">{\"@context\":\"https:\/\/schema.org\",\"@graph\":[{\"@type\":\"WebPage\",\"@id\":\"https:\/\/www.monteescalier.net\/france\/monte-escalier-le-thoronet\/\",\"url\":\"https:\/\/www.monteescalier.net\/france\/monte-escalier-le-thoronet\/\",\"name\":\"Monte escalier Thoronet - Monte escalier\",\"isPartOf\":{\"@id\":\"https:\/\/www.monteescalier.net\/france\/#website\"},\"datePublished\":\"2013-09-26T10:48:18+00:00\",\"breadcrumb\":{\"@id\":\"https:\/\/www.monteescalier.net\/france\/monte-escalier-le-thoronet\/#breadcrumb\"},\"inLanguage\":\"fr-FR\",\"potentialAction\":[{\"@type\":\"ReadAction\",\"target\":[\"https:\/\/www.monteescalier.net\/france\/monte-escalier-le-thoronet\/\"]}]},{\"@type\":\"BreadcrumbList\",\"@id\":\"https:\/\/www.monteescalier.net\/france\/monte-escalier-le-thoronet\/#breadcrumb\",\"itemListElement\":[{\"@type\":\"ListItem\",\"position\":1,\"name\":\"Accueil\",\"item\":\"https:\/\/www.monteescalier.net\/france\/\"},{\"@type\":\"ListItem\",\"position\":2,\"name\":\"Monte escalier Thoronet\"}]},{\"@type\":\"WebSite\",\"@id\":\"https:\/\/www.monteescalier.net\/france\/#website\",\"url\":\"https:\/\/www.monteescalier.net\/france\/\",\"name\":\"Monte escalier\",\"description\":\"\",\"publisher\":{\"@id\":\"https:\/\/www.monteescalier.net\/france\/#organization\"},\"potentialAction\":[{\"@type\":\"SearchAction\",\"target\":{\"@type\":\"EntryPoint\",\"urlTemplate\":\"https:\/\/www.monteescalier.net\/france\/?s={search_term_string}\"},\"query-input\":{\"@type\":\"PropertyValueSpecification\",\"valueRequired\":true,\"valueName\":\"search_term_string\"}}],\"inLanguage\":\"fr-FR\"},{\"@type\":\"Organization\",\"@id\":\"https:\/\/www.monteescalier.net\/france\/#organization\",\"name\":\"monte-escalier.net\",\"url\":\"https:\/\/www.monteescalier.net\/france\/\",\"logo\":{\"@type\":\"ImageObject\",\"inLanguage\":\"fr-FR\",\"@id\":\"https:\/\/www.monteescalier.net\/france\/#\/schema\/logo\/image\/\",\"url\":\"https:\/\/www.monteescalier.net\/france\/wp-content\/uploads\/2016\/10\/4devis-mont-escalier-500-500.gif\",\"contentUrl\":\"https:\/\/www.monteescalier.net\/france\/wp-content\/uploads\/2016\/10\/4devis-mont-escalier-500-500.gif\",\"width\":500,\"height\":500,\"caption\":\"monte-escalier.net\"},\"image\":{\"@id\":\"https:\/\/www.monteescalier.net\/france\/#\/schema\/logo\/image\/\"}}]}<\/script>\n<!-- \/ Yoast SEO plugin. -->","yoast_head_json":{"title":"Monte escalier Thoronet - Monte escalier","robots":{"index":"index","follow":"follow","max-snippet":"max-snippet:-1","max-image-preview":"max-image-preview:large","max-video-preview":"max-video-preview:-1"},"canonical":"https:\/\/www.monteescalier.net\/france\/monte-escalier-le-thoronet\/","og_locale":"fr_FR","og_type":"article","og_title":"Monte escalier Thoronet - Monte escalier","og_description":"Devis gratuit pour un monte escalier \u00e0 Thoronet Avant d&rsquo;acheter un monte escalier \u00e0 Thoronet, le meilleur conseil que l&rsquo;on puisse vous donner est de bien comparer les offres, et pour se faire pas de meilleure solution que celle propos\u00e9e par notre site monteescalier.net. Qui sommes nous ? Nous sommes des interm\u00e9diaires entre vous et [&hellip;]","og_url":"https:\/\/www.monteescalier.net\/france\/monte-escalier-le-thoronet\/","og_site_name":"Monte escalier","twitter_card":"summary_large_image","twitter_misc":{"Dur\u00e9e de lecture estim\u00e9e":"2 minutes"},"schema":{"@context":"https:\/\/schema.org","@graph":[{"@type":"WebPage","@id":"https:\/\/www.monteescalier.net\/france\/monte-escalier-le-thoronet\/","url":"https:\/\/www.monteescalier.net\/france\/monte-escalier-le-thoronet\/","name":"Monte escalier Thoronet - Monte escalier","isPartOf":{"@id":"https:\/\/www.monteescalier.net\/france\/#website"},"datePublished":"2013-09-26T10:48:18+00:00","breadcrumb":{"@id":"https:\/\/www.monteescalier.net\/france\/monte-escalier-le-thoronet\/#breadcrumb"},"inLanguage":"fr-FR","potentialAction":[{"@type":"ReadAction","target":["https:\/\/www.monteescalier.net\/france\/monte-escalier-le-thoronet\/"]}]},{"@type":"BreadcrumbList","@id":"https:\/\/www.monteescalier.net\/france\/monte-escalier-le-thoronet\/#breadcrumb","itemListElement":[{"@type":"ListItem","position":1,"name":"Accueil","item":"https:\/\/www.monteescalier.net\/france\/"},{"@type":"ListItem","position":2,"name":"Monte escalier Thoronet"}]},{"@type":"WebSite","@id":"https:\/\/www.monteescalier.net\/france\/#website","url":"https:\/\/www.monteescalier.net\/france\/","name":"Monte escalier","description":"","publisher":{"@id":"https:\/\/www.monteescalier.net\/france\/#organization"},"potentialAction":[{"@type":"SearchAction","target":{"@type":"EntryPoint","urlTemplate":"https:\/\/www.monteescalier.net\/france\/?s={search_term_string}"},"query-input":{"@type":"PropertyValueSpecification","valueRequired":true,"valueName":"search_term_string"}}],"inLanguage":"fr-FR"},{"@type":"Organization","@id":"https:\/\/www.monteescalier.net\/france\/#organization","name":"monte-escalier.net","url":"https:\/\/www.monteescalier.net\/france\/","logo":{"@type":"ImageObject","inLanguage":"fr-FR","@id":"https:\/\/www.monteescalier.net\/france\/#\/schema\/logo\/image\/","url":"https:\/\/www.monteescalier.net\/france\/wp-content\/uploads\/2016\/10\/4devis-mont-escalier-500-500.gif","contentUrl":"https:\/\/www.monteescalier.net\/france\/wp-content\/uploads\/2016\/10\/4devis-mont-escalier-500-500.gif","width":500,"height":500,"caption":"monte-escalier.net"},"image":{"@id":"https:\/\/www.monteescalier.net\/france\/#\/schema\/logo\/image\/"}}]}},"_links":{"self":[{"href":"https:\/\/www.monteescalier.net\/france\/wp-json\/wp\/v2\/pages\/5659","targetHints":{"allow":["GET"]}}],"collection":[{"href":"https:\/\/www.monteescalier.net\/france\/wp-json\/wp\/v2\/pages"}],"about":[{"href":"https:\/\/www.monteescalier.net\/france\/wp-json\/wp\/v2\/types\/page"}],"author":[{"embeddable":true,"href":"https:\/\/www.monteescalier.net\/france\/wp-json\/wp\/v2\/users\/1"}],"replies":[{"embeddable":true,"href":"https:\/\/www.monteescalier.net\/france\/wp-json\/wp\/v2\/comments?post=5659"}],"version-history":[{"count":0,"href":"https:\/\/www.monteescalier.net\/france\/wp-json\/wp\/v2\/pages\/5659\/revisions"}],"wp:attachment":[{"href":"https:\/\/www.monteescalier.net\/france\/wp-json\/wp\/v2\/media?parent=5659"}],"curies":[{"name":"wp","href":"https:\/\/api.w.org\/{rel}","templated":true}]}}