{"id":566,"date":"2024-03-02T16:29:38","date_gmt":"2024-03-02T15:29:38","guid":{"rendered":"https:\/\/www.monteescalier.net\/france\/?page_id=566"},"modified":"2024-05-15T17:09:54","modified_gmt":"2024-05-15T16:09:54","slug":"monte-escalier-val-doise","status":"publish","type":"page","link":"https:\/\/www.monteescalier.net\/france\/monte-escalier-val-doise\/","title":{"rendered":"Monte escalier Val-d&rsquo;Oise Cergy"},"content":{"rendered":"<div class='content-column one_half'><div style=\"padding-right:19px;\"><h1>Commander votre\u00a0monte escalier dans le Val-d&rsquo;Oise<\/h1>\n<p><b>Distributeurs les plus proches :<\/b><br \/>\n<a href=\"https:\/\/www.monteescalier.net\/france\/monte-escalier-cergy\/\">Votre Monte escalier \u00e0 Cergy<\/a><br \/>\n<a href=\"https:\/\/www.monteescalier.net\/france\/monte-escalier-pontoise\/\">Votre Monte escalier \u00e0 Pontoise<\/a><br \/>\n<a href=\"https:\/\/www.monteescalier.net\/france\/monte-escalier-montmorency\/\">Votre Monte escalier \u00e0 Montmorency<\/a><\/p>\n<p style=\"text-align: justify;\">Faire installer un monte escalier dans votre maison dans le Val d&rsquo;Oise ? C&rsquo;est une tr\u00e8s bonne id\u00e9e car cela vous permettra de continuer de profiter de votre \u00e9tage, m\u00eame si avec les ann\u00e9es la mont\u00e9e ou la descente des marches est devenue douloureuse et p\u00e9rilleuse. C&rsquo;est donc un tr\u00e8s bon moyen accessoirement de se pr\u00e9munir contre la d\u00e9pendance. Nous vous recommandons d&rsquo;ailleurs de consulter votre mairie, votre conseil g\u00e9n\u00e9ral et r\u00e9gional car il existe un certain nombre d&rsquo;aides mises en place par les collectivit\u00e9s locales pour favoriser l&rsquo;installation de monte escalier dans le Val d&rsquo;Oise.<\/p>\n<p style=\"text-align: justify;\">Ou acheter votre monte escalier ?<\/p>\n<p style=\"text-align: justify;\">Vous avez pris la d\u00e9cision mais vous ne savez pas du tout \u00e0 qui faire appel? nous pouvons vous aider. Inutile de faire la chasse aux prestataires sans conna\u00eetre leur s\u00e9rieux, leurs r\u00e9f\u00e9rences et la qualit\u00e9 de leurs prestations<\/p>\n<p style=\"text-align: justify;\">Monteescalier a tri\u00e9 pour vous les installateurs de monte escalier du Val d&rsquo;Oise et va vous mettre en relation directe avec sa s\u00e9lection d&rsquo;installateurs de monte escalier&#8230;et tout ceci gratuitement et sans aucune obligation d&rsquo;achat.<\/p>\n<p style=\"text-align: justify;\">Comment \u00e7a marche ? Ou est l&rsquo;astuce ?<\/p>\n<p style=\"text-align: justify;\">Il n&rsquo;y a ni pi\u00e8ge, ni astuce ! nous sommes totalement ind\u00e9pendants des installateurs, fabricants, et revendeurs de monte escalier. Notre r\u00f4le se limite \u00e0 la mise en relation entre acheteurs et vendeurs de monte escalier et vous n&rsquo;avez rien \u00e0 payer pour cela !<\/p>\n<p style=\"text-align: justify;\">Notre service est \u00e9galement exempt de toute obligation d&rsquo;achat; les propositions que vous recevrez ne vous conviennent pas, ne les acceptez pas, vous n&rsquo;\u00eates en aucun cas engag\u00e9s tant que vous n&rsquo;avez pas choisi votre installateur de monte escalier.<\/p>\n<p style=\"text-align: justify;\">Pour b\u00e9n\u00e9ficier de ce service, il vous suffit de remplir un seul formulaire de contact sur ce site et d&rsquo;attendre que les prestaires monte escalier du Val d&rsquo;Oise vous recontactent : A Argenteuil, Cergy, Franconville, Bezons, Villiers le Bel, Taverny, Sannois, Saint Ouen l&rsquo;Aumone, Deuil la Barre mais aussi \u00e0 Sarcelles, Garges, Goussainville, Pontoise, Ermont, Gonesse, Herblay Cormeilles en Parisis et dans toutes les communes du Val d&rsquo;Oise, vous pouvez recevoir gratuitement plusieurs devis d&rsquo;entreprises diff\u00e9rentes et comparer les offres.<\/p>\n<p>&nbsp;<\/p>\n<div class=\"bouton\" onclick=\"location.href='https:\/\/www.monteescalier.net\/devis-gratuit.php'\">Cliquez ici pour obtenir des devis gratuitement<\/div><\/div><\/div><div class='content-column one_half last_column'><a href=\"https:\/\/www.monteescalier.net\/devis-gratuit.php\" target=\"_blank\" rel=\"noopener noreferrer\"><img loading=\"lazy\" decoding=\"async\" class=\"alignnone size-full img_region\" src=\"https:\/\/www.monteescalier.net\/france\/wp-content\/uploads\/2014\/10\/4devis-monte-escalier-photo-490.png\" alt=\"Val d Oise\" width=\"507\" height=\"485\" \/><\/a><br \/>\n<img loading=\"lazy\" decoding=\"async\" class=\"alignnone size-full img_region_2\" src=\"https:\/\/www.monteescalier.net\/france\/wp-content\/uploads\/2013\/08\/valdoise.jpg\" alt=\"val d oise\" width=\"507\" height=\"485\" \/><\/div><div class='clear_column'><\/div><\/p>\n","protected":false},"excerpt":{"rendered":"","protected":false},"author":1,"featured_media":0,"parent":0,"menu_order":0,"comment_status":"open","ping_status":"closed","template":"template2.php","meta":{"_monsterinsights_skip_tracking":false,"_monsterinsights_sitenote_active":false,"_monsterinsights_sitenote_note":"","_monsterinsights_sitenote_category":0,"footnotes":""},"class_list":["post-566","page","type-page","status-publish","hentry"],"yoast_head":"<!-- This site is optimized with the Yoast SEO plugin v26.3 - https:\/\/yoast.com\/wordpress\/plugins\/seo\/ -->\n<title>Monte escalier Val-d&#039;Oise Cergy - Monte escalier<\/title>\n<meta name=\"description\" content=\"Monte escaliers dans le Val-d&#039;Oise : Cergy, Pontoise, Montmorency\" \/>\n<meta name=\"robots\" content=\"index, follow, max-snippet:-1, max-image-preview:large, max-video-preview:-1\" \/>\n<link rel=\"canonical\" href=\"https:\/\/www.monteescalier.net\/france\/monte-escalier-val-doise\/\" \/>\n<meta property=\"og:locale\" content=\"fr_FR\" \/>\n<meta property=\"og:type\" content=\"article\" \/>\n<meta property=\"og:title\" content=\"Monte escalier Val-d&#039;Oise Cergy - Monte escalier\" \/>\n<meta property=\"og:description\" content=\"Monte escaliers dans le Val-d&#039;Oise : Cergy, Pontoise, Montmorency\" \/>\n<meta property=\"og:url\" content=\"https:\/\/www.monteescalier.net\/france\/monte-escalier-val-doise\/\" \/>\n<meta property=\"og:site_name\" content=\"Monte escalier\" \/>\n<meta property=\"article:modified_time\" content=\"2024-05-15T16:09:54+00:00\" \/>\n<meta property=\"og:image\" content=\"https:\/\/www.monteescalier.net\/france\/wp-content\/uploads\/2014\/10\/4devis-monte-escalier-photo-490.png\" \/>\n<meta name=\"twitter:card\" content=\"summary_large_image\" \/>\n<meta name=\"twitter:label1\" content=\"Dur\u00e9e de lecture estim\u00e9e\" \/>\n\t<meta name=\"twitter:data1\" content=\"2 minutes\" \/>\n<script type=\"application\/ld+json\" class=\"yoast-schema-graph\">{\"@context\":\"https:\/\/schema.org\",\"@graph\":[{\"@type\":\"WebPage\",\"@id\":\"https:\/\/www.monteescalier.net\/france\/monte-escalier-val-doise\/\",\"url\":\"https:\/\/www.monteescalier.net\/france\/monte-escalier-val-doise\/\",\"name\":\"Monte escalier Val-d'Oise Cergy - Monte escalier\",\"isPartOf\":{\"@id\":\"https:\/\/www.monteescalier.net\/france\/#website\"},\"primaryImageOfPage\":{\"@id\":\"https:\/\/www.monteescalier.net\/france\/monte-escalier-val-doise\/#primaryimage\"},\"image\":{\"@id\":\"https:\/\/www.monteescalier.net\/france\/monte-escalier-val-doise\/#primaryimage\"},\"thumbnailUrl\":\"https:\/\/www.monteescalier.net\/france\/wp-content\/uploads\/2014\/10\/4devis-monte-escalier-photo-490.png\",\"datePublished\":\"2024-03-02T15:29:38+00:00\",\"dateModified\":\"2024-05-15T16:09:54+00:00\",\"description\":\"Monte escaliers dans le Val-d'Oise : Cergy, Pontoise, Montmorency\",\"breadcrumb\":{\"@id\":\"https:\/\/www.monteescalier.net\/france\/monte-escalier-val-doise\/#breadcrumb\"},\"inLanguage\":\"fr-FR\",\"potentialAction\":[{\"@type\":\"ReadAction\",\"target\":[\"https:\/\/www.monteescalier.net\/france\/monte-escalier-val-doise\/\"]}]},{\"@type\":\"ImageObject\",\"inLanguage\":\"fr-FR\",\"@id\":\"https:\/\/www.monteescalier.net\/france\/monte-escalier-val-doise\/#primaryimage\",\"url\":\"https:\/\/www.monteescalier.net\/france\/wp-content\/uploads\/2014\/10\/4devis-monte-escalier-photo-490.png\",\"contentUrl\":\"https:\/\/www.monteescalier.net\/france\/wp-content\/uploads\/2014\/10\/4devis-monte-escalier-photo-490.png\",\"width\":490,\"height\":267},{\"@type\":\"BreadcrumbList\",\"@id\":\"https:\/\/www.monteescalier.net\/france\/monte-escalier-val-doise\/#breadcrumb\",\"itemListElement\":[{\"@type\":\"ListItem\",\"position\":1,\"name\":\"Accueil\",\"item\":\"https:\/\/www.monteescalier.net\/france\/\"},{\"@type\":\"ListItem\",\"position\":2,\"name\":\"Monte escalier Val-d&rsquo;Oise Cergy\"}]},{\"@type\":\"WebSite\",\"@id\":\"https:\/\/www.monteescalier.net\/france\/#website\",\"url\":\"https:\/\/www.monteescalier.net\/france\/\",\"name\":\"Monte escalier\",\"description\":\"\",\"publisher\":{\"@id\":\"https:\/\/www.monteescalier.net\/france\/#organization\"},\"potentialAction\":[{\"@type\":\"SearchAction\",\"target\":{\"@type\":\"EntryPoint\",\"urlTemplate\":\"https:\/\/www.monteescalier.net\/france\/?s={search_term_string}\"},\"query-input\":{\"@type\":\"PropertyValueSpecification\",\"valueRequired\":true,\"valueName\":\"search_term_string\"}}],\"inLanguage\":\"fr-FR\"},{\"@type\":\"Organization\",\"@id\":\"https:\/\/www.monteescalier.net\/france\/#organization\",\"name\":\"monte-escalier.net\",\"url\":\"https:\/\/www.monteescalier.net\/france\/\",\"logo\":{\"@type\":\"ImageObject\",\"inLanguage\":\"fr-FR\",\"@id\":\"https:\/\/www.monteescalier.net\/france\/#\/schema\/logo\/image\/\",\"url\":\"https:\/\/www.monteescalier.net\/france\/wp-content\/uploads\/2016\/10\/4devis-mont-escalier-500-500.gif\",\"contentUrl\":\"https:\/\/www.monteescalier.net\/france\/wp-content\/uploads\/2016\/10\/4devis-mont-escalier-500-500.gif\",\"width\":500,\"height\":500,\"caption\":\"monte-escalier.net\"},\"image\":{\"@id\":\"https:\/\/www.monteescalier.net\/france\/#\/schema\/logo\/image\/\"}}]}<\/script>\n<!-- \/ Yoast SEO plugin. -->","yoast_head_json":{"title":"Monte escalier Val-d'Oise Cergy - Monte escalier","description":"Monte escaliers dans le Val-d'Oise : Cergy, Pontoise, Montmorency","robots":{"index":"index","follow":"follow","max-snippet":"max-snippet:-1","max-image-preview":"max-image-preview:large","max-video-preview":"max-video-preview:-1"},"canonical":"https:\/\/www.monteescalier.net\/france\/monte-escalier-val-doise\/","og_locale":"fr_FR","og_type":"article","og_title":"Monte escalier Val-d'Oise Cergy - Monte escalier","og_description":"Monte escaliers dans le Val-d'Oise : Cergy, Pontoise, Montmorency","og_url":"https:\/\/www.monteescalier.net\/france\/monte-escalier-val-doise\/","og_site_name":"Monte escalier","article_modified_time":"2024-05-15T16:09:54+00:00","og_image":[{"url":"https:\/\/www.monteescalier.net\/france\/wp-content\/uploads\/2014\/10\/4devis-monte-escalier-photo-490.png","type":"","width":"","height":""}],"twitter_card":"summary_large_image","twitter_misc":{"Dur\u00e9e de lecture estim\u00e9e":"2 minutes"},"schema":{"@context":"https:\/\/schema.org","@graph":[{"@type":"WebPage","@id":"https:\/\/www.monteescalier.net\/france\/monte-escalier-val-doise\/","url":"https:\/\/www.monteescalier.net\/france\/monte-escalier-val-doise\/","name":"Monte escalier Val-d'Oise Cergy - Monte escalier","isPartOf":{"@id":"https:\/\/www.monteescalier.net\/france\/#website"},"primaryImageOfPage":{"@id":"https:\/\/www.monteescalier.net\/france\/monte-escalier-val-doise\/#primaryimage"},"image":{"@id":"https:\/\/www.monteescalier.net\/france\/monte-escalier-val-doise\/#primaryimage"},"thumbnailUrl":"https:\/\/www.monteescalier.net\/france\/wp-content\/uploads\/2014\/10\/4devis-monte-escalier-photo-490.png","datePublished":"2024-03-02T15:29:38+00:00","dateModified":"2024-05-15T16:09:54+00:00","description":"Monte escaliers dans le Val-d'Oise : Cergy, Pontoise, Montmorency","breadcrumb":{"@id":"https:\/\/www.monteescalier.net\/france\/monte-escalier-val-doise\/#breadcrumb"},"inLanguage":"fr-FR","potentialAction":[{"@type":"ReadAction","target":["https:\/\/www.monteescalier.net\/france\/monte-escalier-val-doise\/"]}]},{"@type":"ImageObject","inLanguage":"fr-FR","@id":"https:\/\/www.monteescalier.net\/france\/monte-escalier-val-doise\/#primaryimage","url":"https:\/\/www.monteescalier.net\/france\/wp-content\/uploads\/2014\/10\/4devis-monte-escalier-photo-490.png","contentUrl":"https:\/\/www.monteescalier.net\/france\/wp-content\/uploads\/2014\/10\/4devis-monte-escalier-photo-490.png","width":490,"height":267},{"@type":"BreadcrumbList","@id":"https:\/\/www.monteescalier.net\/france\/monte-escalier-val-doise\/#breadcrumb","itemListElement":[{"@type":"ListItem","position":1,"name":"Accueil","item":"https:\/\/www.monteescalier.net\/france\/"},{"@type":"ListItem","position":2,"name":"Monte escalier Val-d&rsquo;Oise Cergy"}]},{"@type":"WebSite","@id":"https:\/\/www.monteescalier.net\/france\/#website","url":"https:\/\/www.monteescalier.net\/france\/","name":"Monte escalier","description":"","publisher":{"@id":"https:\/\/www.monteescalier.net\/france\/#organization"},"potentialAction":[{"@type":"SearchAction","target":{"@type":"EntryPoint","urlTemplate":"https:\/\/www.monteescalier.net\/france\/?s={search_term_string}"},"query-input":{"@type":"PropertyValueSpecification","valueRequired":true,"valueName":"search_term_string"}}],"inLanguage":"fr-FR"},{"@type":"Organization","@id":"https:\/\/www.monteescalier.net\/france\/#organization","name":"monte-escalier.net","url":"https:\/\/www.monteescalier.net\/france\/","logo":{"@type":"ImageObject","inLanguage":"fr-FR","@id":"https:\/\/www.monteescalier.net\/france\/#\/schema\/logo\/image\/","url":"https:\/\/www.monteescalier.net\/france\/wp-content\/uploads\/2016\/10\/4devis-mont-escalier-500-500.gif","contentUrl":"https:\/\/www.monteescalier.net\/france\/wp-content\/uploads\/2016\/10\/4devis-mont-escalier-500-500.gif","width":500,"height":500,"caption":"monte-escalier.net"},"image":{"@id":"https:\/\/www.monteescalier.net\/france\/#\/schema\/logo\/image\/"}}]}},"_links":{"self":[{"href":"https:\/\/www.monteescalier.net\/france\/wp-json\/wp\/v2\/pages\/566","targetHints":{"allow":["GET"]}}],"collection":[{"href":"https:\/\/www.monteescalier.net\/france\/wp-json\/wp\/v2\/pages"}],"about":[{"href":"https:\/\/www.monteescalier.net\/france\/wp-json\/wp\/v2\/types\/page"}],"author":[{"embeddable":true,"href":"https:\/\/www.monteescalier.net\/france\/wp-json\/wp\/v2\/users\/1"}],"replies":[{"embeddable":true,"href":"https:\/\/www.monteescalier.net\/france\/wp-json\/wp\/v2\/comments?post=566"}],"version-history":[{"count":6,"href":"https:\/\/www.monteescalier.net\/france\/wp-json\/wp\/v2\/pages\/566\/revisions"}],"predecessor-version":[{"id":9145,"href":"https:\/\/www.monteescalier.net\/france\/wp-json\/wp\/v2\/pages\/566\/revisions\/9145"}],"wp:attachment":[{"href":"https:\/\/www.monteescalier.net\/france\/wp-json\/wp\/v2\/media?parent=566"}],"curies":[{"name":"wp","href":"https:\/\/api.w.org\/{rel}","templated":true}]}}