{"id":569,"date":"2023-08-02T16:39:23","date_gmt":"2023-08-02T15:39:23","guid":{"rendered":"https:\/\/www.monteescalier.net\/france\/?page_id=569"},"modified":"2024-11-27T12:31:27","modified_gmt":"2024-11-27T11:31:27","slug":"monte-escalier-seine-et-marne","status":"publish","type":"page","link":"https:\/\/www.monteescalier.net\/france\/monte-escalier-seine-et-marne\/","title":{"rendered":"Monte escalier Seine-et-Marne, Melun"},"content":{"rendered":"<div class='content-column one_half'><div style=\"padding-right:19px;\"><h1>Faire installer son\u00a0monte escalier en Seine-et-Marne<\/h1>\n<p><b>Des professionnels s\u00e9lectionn\u00e9s pr\u00e8s de chez vous :<\/b><br \/>\n<a href=\"https:\/\/www.monteescalier.net\/france\/monte-escalier-melun\/\">Monte escaliers \u00e0 Melun<\/a><br \/>\n<a href=\"https:\/\/www.monteescalier.net\/france\/monte-escalier-torcy\/\">Monte escaliers \u00e0 Torcy<\/a><br \/>\n<a href=\"https:\/\/www.monteescalier.net\/france\/monte-escalier-provins\/\">Monte escaliers \u00e0 Provins<\/a><\/p>\n<p style=\"text-align: justify;\">Vous recherchez un monte-escaliers en Seine et Marne pour votre foyer? Vous \u00eates au bonne endroit! Nous ne sommes pas vendeurs de monte-escaliers, nous sommes ind\u00e9pendants des installateurs et fabricants de monte escalier mais nous pouvons vous mettre gratuitement en contact avec notre s\u00e9lection d&rsquo;installateurs de monte escalier en Seine et Marne.<\/p>\n<p style=\"text-align: justify;\">C&rsquo;est simple, et en plus tr\u00e8s rapide ! Vous n&rsquo;avez qu&rsquo;\u00e0 remplir sur notre site un formulaire de contact avec vos coordonn\u00e9es (pour vous joindre) et nos revendeurs s\u00e9lectionn\u00e9s vous recontacteront tr\u00e8s rapidement pour vous proposer toute la palette de leurs services respectifs.<\/p>\n<p style=\"text-align: justify;\">Chaque installation de monte escalier est personnalis\u00e9e. Il est donc tr\u00e8s important de faire le bon choix et donc de comparer.<\/p>\n<p style=\"text-align: justify;\">Pour votre maison \u00e0 Chelles, Melun, Savigny le Temple, Villeparisis, Roissy, le M\u00e9e sur Seine, Lagny sur Marne, Bussy Saint Georges, Moissy Cramayel et aussi \u00e0 Meaux, Pontault Combault, Champs sur Marne, Torcy, Combs la Ville ou encore \u00e0 Dammarie les Lys, Ozoir la Ferri\u00e8re, Mitry Morel et Montereau Fault Yonne, vous pouvez utiliser les services de monteescalier.net pour obtenir des devis gratuits, de la documentation ou pour \u00e9changer par t\u00e9l\u00e9phone autour de votre projet de monte escalier avec des professionnels s\u00e9lectionn\u00e9s.<\/p>\n<p style=\"text-align: justify;\">Bien comparer est le secret d&rsquo;un achat r\u00e9ussi : il n&rsquo;y a pas que le prix \u00e0 v\u00e9rifier, tout est important ! Rappelez vous, notre service est sans engagement; si aucun prestataire que nous vous pr\u00e9sentons ne vous convient vous \u00eates tout \u00e0 fait libres d&rsquo;aller voir ailleurs. Alors n&rsquo;h\u00e9sitez pas une seconde, testez notre service et profitez au final du meilleur rapport qualit\u00e9 prix pour votre monte escalier en Seine et Marne.<\/p>\n<p>&nbsp;<\/p>\n<div class=\"bouton\">Cliquez ici pour obtenir des devis gratuitement<\/div><\/div><\/div><div class='content-column one_half last_column'><a href=\"https:\/\/www.monteescalier.net\/devis-gratuit.php\" target=\"_blank\" rel=\"noopener noreferrer\"><img loading=\"lazy\" decoding=\"async\" class=\"alignnone size-full img_region\" src=\"https:\/\/www.monteescalier.net\/france\/wp-content\/uploads\/2014\/10\/4devis-monte-escalier-photo-490.png\" alt=\"Seine\" width=\"507\" height=\"485\" \/><\/a><br \/>\n<img loading=\"lazy\" decoding=\"async\" class=\"alignnone size-full img_region_2\" src=\"https:\/\/www.monteescalier.net\/france\/wp-content\/uploads\/2013\/08\/seineetmarne.jpg\" alt=\"Seine et Marne\" width=\"507\" height=\"485\" \/><\/div><div class='clear_column'><\/div><\/p>\n","protected":false},"excerpt":{"rendered":"","protected":false},"author":1,"featured_media":0,"parent":0,"menu_order":0,"comment_status":"open","ping_status":"closed","template":"template1.php","meta":{"_monsterinsights_skip_tracking":false,"_monsterinsights_sitenote_active":false,"_monsterinsights_sitenote_note":"","_monsterinsights_sitenote_category":0,"footnotes":""},"class_list":["post-569","page","type-page","status-publish","hentry"],"yoast_head":"<!-- This site is optimized with the Yoast SEO plugin v26.3 - https:\/\/yoast.com\/wordpress\/plugins\/seo\/ -->\n<title>Monte escalier Seine-et-Marne, Melun - Monte escalier<\/title>\n<meta name=\"description\" content=\"Voici la liste de nos meilleur monte escalier en Seine-et-Marne : Melun, Torcy, Provins.\" \/>\n<meta name=\"robots\" content=\"index, follow, max-snippet:-1, max-image-preview:large, max-video-preview:-1\" \/>\n<link rel=\"canonical\" href=\"https:\/\/www.monteescalier.net\/france\/monte-escalier-seine-et-marne\/\" \/>\n<meta property=\"og:locale\" content=\"fr_FR\" \/>\n<meta property=\"og:type\" content=\"article\" \/>\n<meta property=\"og:title\" content=\"Monte escalier Seine-et-Marne, Melun - Monte escalier\" \/>\n<meta property=\"og:description\" content=\"Voici la liste de nos meilleur monte escalier en Seine-et-Marne : Melun, Torcy, Provins.\" \/>\n<meta property=\"og:url\" content=\"https:\/\/www.monteescalier.net\/france\/monte-escalier-seine-et-marne\/\" \/>\n<meta property=\"og:site_name\" content=\"Monte escalier\" \/>\n<meta property=\"article:modified_time\" content=\"2024-11-27T11:31:27+00:00\" \/>\n<meta property=\"og:image\" content=\"https:\/\/www.monteescalier.net\/france\/wp-content\/uploads\/2014\/10\/4devis-monte-escalier-photo-490.png\" \/>\n<meta name=\"twitter:card\" content=\"summary_large_image\" \/>\n<meta name=\"twitter:label1\" content=\"Dur\u00e9e de lecture estim\u00e9e\" \/>\n\t<meta name=\"twitter:data1\" content=\"2 minutes\" \/>\n<script type=\"application\/ld+json\" class=\"yoast-schema-graph\">{\"@context\":\"https:\/\/schema.org\",\"@graph\":[{\"@type\":\"WebPage\",\"@id\":\"https:\/\/www.monteescalier.net\/france\/monte-escalier-seine-et-marne\/\",\"url\":\"https:\/\/www.monteescalier.net\/france\/monte-escalier-seine-et-marne\/\",\"name\":\"Monte escalier Seine-et-Marne, Melun - Monte escalier\",\"isPartOf\":{\"@id\":\"https:\/\/www.monteescalier.net\/france\/#website\"},\"primaryImageOfPage\":{\"@id\":\"https:\/\/www.monteescalier.net\/france\/monte-escalier-seine-et-marne\/#primaryimage\"},\"image\":{\"@id\":\"https:\/\/www.monteescalier.net\/france\/monte-escalier-seine-et-marne\/#primaryimage\"},\"thumbnailUrl\":\"https:\/\/www.monteescalier.net\/france\/wp-content\/uploads\/2014\/10\/4devis-monte-escalier-photo-490.png\",\"datePublished\":\"2023-08-02T15:39:23+00:00\",\"dateModified\":\"2024-11-27T11:31:27+00:00\",\"description\":\"Voici la liste de nos meilleur monte escalier en Seine-et-Marne : Melun, Torcy, Provins.\",\"breadcrumb\":{\"@id\":\"https:\/\/www.monteescalier.net\/france\/monte-escalier-seine-et-marne\/#breadcrumb\"},\"inLanguage\":\"fr-FR\",\"potentialAction\":[{\"@type\":\"ReadAction\",\"target\":[\"https:\/\/www.monteescalier.net\/france\/monte-escalier-seine-et-marne\/\"]}]},{\"@type\":\"ImageObject\",\"inLanguage\":\"fr-FR\",\"@id\":\"https:\/\/www.monteescalier.net\/france\/monte-escalier-seine-et-marne\/#primaryimage\",\"url\":\"https:\/\/www.monteescalier.net\/france\/wp-content\/uploads\/2014\/10\/4devis-monte-escalier-photo-490.png\",\"contentUrl\":\"https:\/\/www.monteescalier.net\/france\/wp-content\/uploads\/2014\/10\/4devis-monte-escalier-photo-490.png\",\"width\":490,\"height\":267},{\"@type\":\"BreadcrumbList\",\"@id\":\"https:\/\/www.monteescalier.net\/france\/monte-escalier-seine-et-marne\/#breadcrumb\",\"itemListElement\":[{\"@type\":\"ListItem\",\"position\":1,\"name\":\"Accueil\",\"item\":\"https:\/\/www.monteescalier.net\/france\/\"},{\"@type\":\"ListItem\",\"position\":2,\"name\":\"Monte escalier Seine-et-Marne, Melun\"}]},{\"@type\":\"WebSite\",\"@id\":\"https:\/\/www.monteescalier.net\/france\/#website\",\"url\":\"https:\/\/www.monteescalier.net\/france\/\",\"name\":\"Monte escalier\",\"description\":\"\",\"publisher\":{\"@id\":\"https:\/\/www.monteescalier.net\/france\/#organization\"},\"potentialAction\":[{\"@type\":\"SearchAction\",\"target\":{\"@type\":\"EntryPoint\",\"urlTemplate\":\"https:\/\/www.monteescalier.net\/france\/?s={search_term_string}\"},\"query-input\":{\"@type\":\"PropertyValueSpecification\",\"valueRequired\":true,\"valueName\":\"search_term_string\"}}],\"inLanguage\":\"fr-FR\"},{\"@type\":\"Organization\",\"@id\":\"https:\/\/www.monteescalier.net\/france\/#organization\",\"name\":\"monte-escalier.net\",\"url\":\"https:\/\/www.monteescalier.net\/france\/\",\"logo\":{\"@type\":\"ImageObject\",\"inLanguage\":\"fr-FR\",\"@id\":\"https:\/\/www.monteescalier.net\/france\/#\/schema\/logo\/image\/\",\"url\":\"https:\/\/www.monteescalier.net\/france\/wp-content\/uploads\/2016\/10\/4devis-mont-escalier-500-500.gif\",\"contentUrl\":\"https:\/\/www.monteescalier.net\/france\/wp-content\/uploads\/2016\/10\/4devis-mont-escalier-500-500.gif\",\"width\":500,\"height\":500,\"caption\":\"monte-escalier.net\"},\"image\":{\"@id\":\"https:\/\/www.monteescalier.net\/france\/#\/schema\/logo\/image\/\"}}]}<\/script>\n<!-- \/ Yoast SEO plugin. -->","yoast_head_json":{"title":"Monte escalier Seine-et-Marne, Melun - Monte escalier","description":"Voici la liste de nos meilleur monte escalier en Seine-et-Marne : Melun, Torcy, Provins.","robots":{"index":"index","follow":"follow","max-snippet":"max-snippet:-1","max-image-preview":"max-image-preview:large","max-video-preview":"max-video-preview:-1"},"canonical":"https:\/\/www.monteescalier.net\/france\/monte-escalier-seine-et-marne\/","og_locale":"fr_FR","og_type":"article","og_title":"Monte escalier Seine-et-Marne, Melun - Monte escalier","og_description":"Voici la liste de nos meilleur monte escalier en Seine-et-Marne : Melun, Torcy, Provins.","og_url":"https:\/\/www.monteescalier.net\/france\/monte-escalier-seine-et-marne\/","og_site_name":"Monte escalier","article_modified_time":"2024-11-27T11:31:27+00:00","og_image":[{"url":"https:\/\/www.monteescalier.net\/france\/wp-content\/uploads\/2014\/10\/4devis-monte-escalier-photo-490.png","type":"","width":"","height":""}],"twitter_card":"summary_large_image","twitter_misc":{"Dur\u00e9e de lecture estim\u00e9e":"2 minutes"},"schema":{"@context":"https:\/\/schema.org","@graph":[{"@type":"WebPage","@id":"https:\/\/www.monteescalier.net\/france\/monte-escalier-seine-et-marne\/","url":"https:\/\/www.monteescalier.net\/france\/monte-escalier-seine-et-marne\/","name":"Monte escalier Seine-et-Marne, Melun - Monte escalier","isPartOf":{"@id":"https:\/\/www.monteescalier.net\/france\/#website"},"primaryImageOfPage":{"@id":"https:\/\/www.monteescalier.net\/france\/monte-escalier-seine-et-marne\/#primaryimage"},"image":{"@id":"https:\/\/www.monteescalier.net\/france\/monte-escalier-seine-et-marne\/#primaryimage"},"thumbnailUrl":"https:\/\/www.monteescalier.net\/france\/wp-content\/uploads\/2014\/10\/4devis-monte-escalier-photo-490.png","datePublished":"2023-08-02T15:39:23+00:00","dateModified":"2024-11-27T11:31:27+00:00","description":"Voici la liste de nos meilleur monte escalier en Seine-et-Marne : Melun, Torcy, Provins.","breadcrumb":{"@id":"https:\/\/www.monteescalier.net\/france\/monte-escalier-seine-et-marne\/#breadcrumb"},"inLanguage":"fr-FR","potentialAction":[{"@type":"ReadAction","target":["https:\/\/www.monteescalier.net\/france\/monte-escalier-seine-et-marne\/"]}]},{"@type":"ImageObject","inLanguage":"fr-FR","@id":"https:\/\/www.monteescalier.net\/france\/monte-escalier-seine-et-marne\/#primaryimage","url":"https:\/\/www.monteescalier.net\/france\/wp-content\/uploads\/2014\/10\/4devis-monte-escalier-photo-490.png","contentUrl":"https:\/\/www.monteescalier.net\/france\/wp-content\/uploads\/2014\/10\/4devis-monte-escalier-photo-490.png","width":490,"height":267},{"@type":"BreadcrumbList","@id":"https:\/\/www.monteescalier.net\/france\/monte-escalier-seine-et-marne\/#breadcrumb","itemListElement":[{"@type":"ListItem","position":1,"name":"Accueil","item":"https:\/\/www.monteescalier.net\/france\/"},{"@type":"ListItem","position":2,"name":"Monte escalier Seine-et-Marne, Melun"}]},{"@type":"WebSite","@id":"https:\/\/www.monteescalier.net\/france\/#website","url":"https:\/\/www.monteescalier.net\/france\/","name":"Monte escalier","description":"","publisher":{"@id":"https:\/\/www.monteescalier.net\/france\/#organization"},"potentialAction":[{"@type":"SearchAction","target":{"@type":"EntryPoint","urlTemplate":"https:\/\/www.monteescalier.net\/france\/?s={search_term_string}"},"query-input":{"@type":"PropertyValueSpecification","valueRequired":true,"valueName":"search_term_string"}}],"inLanguage":"fr-FR"},{"@type":"Organization","@id":"https:\/\/www.monteescalier.net\/france\/#organization","name":"monte-escalier.net","url":"https:\/\/www.monteescalier.net\/france\/","logo":{"@type":"ImageObject","inLanguage":"fr-FR","@id":"https:\/\/www.monteescalier.net\/france\/#\/schema\/logo\/image\/","url":"https:\/\/www.monteescalier.net\/france\/wp-content\/uploads\/2016\/10\/4devis-mont-escalier-500-500.gif","contentUrl":"https:\/\/www.monteescalier.net\/france\/wp-content\/uploads\/2016\/10\/4devis-mont-escalier-500-500.gif","width":500,"height":500,"caption":"monte-escalier.net"},"image":{"@id":"https:\/\/www.monteescalier.net\/france\/#\/schema\/logo\/image\/"}}]}},"_links":{"self":[{"href":"https:\/\/www.monteescalier.net\/france\/wp-json\/wp\/v2\/pages\/569","targetHints":{"allow":["GET"]}}],"collection":[{"href":"https:\/\/www.monteescalier.net\/france\/wp-json\/wp\/v2\/pages"}],"about":[{"href":"https:\/\/www.monteescalier.net\/france\/wp-json\/wp\/v2\/types\/page"}],"author":[{"embeddable":true,"href":"https:\/\/www.monteescalier.net\/france\/wp-json\/wp\/v2\/users\/1"}],"replies":[{"embeddable":true,"href":"https:\/\/www.monteescalier.net\/france\/wp-json\/wp\/v2\/comments?post=569"}],"version-history":[{"count":9,"href":"https:\/\/www.monteescalier.net\/france\/wp-json\/wp\/v2\/pages\/569\/revisions"}],"predecessor-version":[{"id":9166,"href":"https:\/\/www.monteescalier.net\/france\/wp-json\/wp\/v2\/pages\/569\/revisions\/9166"}],"wp:attachment":[{"href":"https:\/\/www.monteescalier.net\/france\/wp-json\/wp\/v2\/media?parent=569"}],"curies":[{"name":"wp","href":"https:\/\/api.w.org\/{rel}","templated":true}]}}