{"id":575,"date":"2024-02-02T16:52:41","date_gmt":"2024-02-02T15:52:41","guid":{"rendered":"https:\/\/www.monteescalier.net\/france\/?page_id=575"},"modified":"2024-05-15T17:04:31","modified_gmt":"2024-05-15T16:04:31","slug":"monte-escalier-yvelines","status":"publish","type":"page","link":"https:\/\/www.monteescalier.net\/france\/monte-escalier-yvelines\/","title":{"rendered":"Monte escalier Yvelines, Versailles"},"content":{"rendered":"<div class='content-column one_half'><div style=\"padding-right:19px;\"><h1>Choisir son prestataire\u00a0monte escalier dans les Yvelines<\/h1>\n<p><b>Proche de chez vous :<\/b><\/p>\n<p><a href=\"https:\/\/www.monteescalier.net\/france\/monte-escalier-versailles\/\">Votre Monte escalier \u00e0 Versailles<\/a><\/p>\n<p><a href=\"https:\/\/www.monteescalier.net\/france\/monte-escalier-sartrouville\/\">Votre Monte escalier \u00e0 Sartrouville<\/a><\/p>\n<p><a href=\"https:\/\/www.monteescalier.net\/france\/monte-escalier-rambouillet\/\">Votre Monte escalier \u00e0 Rambouillet<\/a><\/p>\n<p style=\"text-align: justify;\">Un monte escalier peut \u00eatre un investissement important, pour ne pas avoir \u00e0 quitter sa maison. Vous voulez acheter un monte escalier pour \u00e9quiper votre maison dans les Yvelines, mais vous ne savez pas par o\u00f9 commencer ? combien \u00e7a va vous co\u00fbter ? de quel mod\u00e8le de monte escalier avez vous besoin? Beaucoup de questions auxquelles il va falloir trouver des r\u00e9ponses.<\/p>\n<p style=\"text-align: justify;\">Heureusement Monteescalier.net est l\u00e0 pour vous aider: en remplissant un simple formulaire de contact sur ce site, nous vous mettrons en relation avec notre liste d&rsquo;installateurs de monte escalier partenaires dans les Yvelines afin que vous puissiez comparer leurs propositions, leurs prix et la qualit\u00e9 de leurs offres.<\/p>\n<p style=\"text-align: justify;\">Vous n&rsquo;aurez pas ainsi \u00e0 les contacter un par un, ils r\u00e9pondront naturellement \u00e0 votre simple demande et vous proposeront chacun leur meilleure offre pour votre monte escalier.<\/p>\n<p style=\"text-align: justify;\">Notre offre de mise en relation est valable sur tout le d\u00e9partement des Yvelines \u00e0 commencer par Versailles, Mantes la Jolie, Poissy, Conflans Sainte Honorine, Houilles, Chatou, Trappes, Elancourt, Maisons Laffitte mais aussi Sartrouville, Saint Germain en Laye, Montigny le Bretonneux, Les Mureaux, Plaisir, Les Chesnay, Guyancourt, Rambouillet et la Celle Saint Cloud; nos installateurs de monte escalier partenaires desservent \u00e9galement toutes les autres communes des Yvelines y compris les plus petites.<\/p>\n<p style=\"text-align: justify;\">N&rsquo;h\u00e9sitez pas \u00e0 mettre les installateurs en concurrence, le service que nous vous proposons est gratuit et sans aucune obligation d&rsquo;achat. A vous de faire votre choix. L&rsquo;expression, \u00ab\u00a0le client est Roi\u00a0\u00bb prend ici tout son sens gr\u00e2ce \u00e0 monteeescalier.net<\/p>\n<p>&nbsp;<\/p>\n<div class=\"bouton\" onclick=\"location.href='https:\/\/www.monteescalier.net\/devis-gratuit.php'\">Cliquez ici pour obtenir des devis gratuitement<\/div>\n<p>&nbsp;<\/p><\/div><\/div><div class='content-column one_half last_column'><a href=\"https:\/\/www.monteescalier.net\/devis-gratuit.php\" target=\"_blank\" rel=\"noopener noreferrer\"><img loading=\"lazy\" decoding=\"async\" class=\"alignnone size-full img_region\" src=\"https:\/\/www.monteescalier.net\/france\/wp-content\/uploads\/2014\/10\/4devis-monte-escalier-photo-490.png\" alt=\"monte escalier Yvelines\" width=\"507\" height=\"485\" \/><\/a><br \/>\n<img loading=\"lazy\" decoding=\"async\" class=\"alignnone size-full img_region_2\" src=\"https:\/\/www.monteescalier.net\/france\/wp-content\/uploads\/2013\/08\/yvelines.jpg\" alt=\"Yvelines\" width=\"507\" height=\"485\" \/><\/div><div class='clear_column'><\/div><\/p>\n","protected":false},"excerpt":{"rendered":"","protected":false},"author":1,"featured_media":0,"parent":0,"menu_order":0,"comment_status":"open","ping_status":"closed","template":"template5.php","meta":{"_monsterinsights_skip_tracking":false,"_monsterinsights_sitenote_active":false,"_monsterinsights_sitenote_note":"","_monsterinsights_sitenote_category":0,"footnotes":""},"class_list":["post-575","page","type-page","status-publish","hentry"],"yoast_head":"<!-- This site is optimized with the Yoast SEO plugin v26.3 - https:\/\/yoast.com\/wordpress\/plugins\/seo\/ -->\n<title>Monte escalier Yvelines, Versailles - Monte escalier<\/title>\n<meta name=\"description\" content=\"Nos monte-escaliers en Yvelines : Versailles, Sartrouville, Rambouillet.\" \/>\n<meta name=\"robots\" content=\"index, follow, max-snippet:-1, max-image-preview:large, max-video-preview:-1\" \/>\n<link rel=\"canonical\" href=\"https:\/\/www.monteescalier.net\/france\/monte-escalier-yvelines\/\" \/>\n<meta property=\"og:locale\" content=\"fr_FR\" \/>\n<meta property=\"og:type\" content=\"article\" \/>\n<meta property=\"og:title\" content=\"Monte escalier Yvelines, Versailles - Monte escalier\" \/>\n<meta property=\"og:description\" content=\"Nos monte-escaliers en Yvelines : Versailles, Sartrouville, Rambouillet.\" \/>\n<meta property=\"og:url\" content=\"https:\/\/www.monteescalier.net\/france\/monte-escalier-yvelines\/\" \/>\n<meta property=\"og:site_name\" content=\"Monte escalier\" \/>\n<meta property=\"article:modified_time\" content=\"2024-05-15T16:04:31+00:00\" \/>\n<meta property=\"og:image\" content=\"https:\/\/www.monteescalier.net\/france\/wp-content\/uploads\/2014\/10\/4devis-monte-escalier-photo-490.png\" \/>\n<meta name=\"twitter:card\" content=\"summary_large_image\" \/>\n<meta name=\"twitter:label1\" content=\"Dur\u00e9e de lecture estim\u00e9e\" \/>\n\t<meta name=\"twitter:data1\" content=\"1 minute\" \/>\n<script type=\"application\/ld+json\" class=\"yoast-schema-graph\">{\"@context\":\"https:\/\/schema.org\",\"@graph\":[{\"@type\":\"WebPage\",\"@id\":\"https:\/\/www.monteescalier.net\/france\/monte-escalier-yvelines\/\",\"url\":\"https:\/\/www.monteescalier.net\/france\/monte-escalier-yvelines\/\",\"name\":\"Monte escalier Yvelines, Versailles - Monte escalier\",\"isPartOf\":{\"@id\":\"https:\/\/www.monteescalier.net\/france\/#website\"},\"primaryImageOfPage\":{\"@id\":\"https:\/\/www.monteescalier.net\/france\/monte-escalier-yvelines\/#primaryimage\"},\"image\":{\"@id\":\"https:\/\/www.monteescalier.net\/france\/monte-escalier-yvelines\/#primaryimage\"},\"thumbnailUrl\":\"https:\/\/www.monteescalier.net\/france\/wp-content\/uploads\/2014\/10\/4devis-monte-escalier-photo-490.png\",\"datePublished\":\"2024-02-02T15:52:41+00:00\",\"dateModified\":\"2024-05-15T16:04:31+00:00\",\"description\":\"Nos monte-escaliers en Yvelines : Versailles, Sartrouville, Rambouillet.\",\"breadcrumb\":{\"@id\":\"https:\/\/www.monteescalier.net\/france\/monte-escalier-yvelines\/#breadcrumb\"},\"inLanguage\":\"fr-FR\",\"potentialAction\":[{\"@type\":\"ReadAction\",\"target\":[\"https:\/\/www.monteescalier.net\/france\/monte-escalier-yvelines\/\"]}]},{\"@type\":\"ImageObject\",\"inLanguage\":\"fr-FR\",\"@id\":\"https:\/\/www.monteescalier.net\/france\/monte-escalier-yvelines\/#primaryimage\",\"url\":\"https:\/\/www.monteescalier.net\/france\/wp-content\/uploads\/2014\/10\/4devis-monte-escalier-photo-490.png\",\"contentUrl\":\"https:\/\/www.monteescalier.net\/france\/wp-content\/uploads\/2014\/10\/4devis-monte-escalier-photo-490.png\",\"width\":490,\"height\":267},{\"@type\":\"BreadcrumbList\",\"@id\":\"https:\/\/www.monteescalier.net\/france\/monte-escalier-yvelines\/#breadcrumb\",\"itemListElement\":[{\"@type\":\"ListItem\",\"position\":1,\"name\":\"Accueil\",\"item\":\"https:\/\/www.monteescalier.net\/france\/\"},{\"@type\":\"ListItem\",\"position\":2,\"name\":\"Monte escalier Yvelines, Versailles\"}]},{\"@type\":\"WebSite\",\"@id\":\"https:\/\/www.monteescalier.net\/france\/#website\",\"url\":\"https:\/\/www.monteescalier.net\/france\/\",\"name\":\"Monte escalier\",\"description\":\"\",\"publisher\":{\"@id\":\"https:\/\/www.monteescalier.net\/france\/#organization\"},\"potentialAction\":[{\"@type\":\"SearchAction\",\"target\":{\"@type\":\"EntryPoint\",\"urlTemplate\":\"https:\/\/www.monteescalier.net\/france\/?s={search_term_string}\"},\"query-input\":{\"@type\":\"PropertyValueSpecification\",\"valueRequired\":true,\"valueName\":\"search_term_string\"}}],\"inLanguage\":\"fr-FR\"},{\"@type\":\"Organization\",\"@id\":\"https:\/\/www.monteescalier.net\/france\/#organization\",\"name\":\"monte-escalier.net\",\"url\":\"https:\/\/www.monteescalier.net\/france\/\",\"logo\":{\"@type\":\"ImageObject\",\"inLanguage\":\"fr-FR\",\"@id\":\"https:\/\/www.monteescalier.net\/france\/#\/schema\/logo\/image\/\",\"url\":\"https:\/\/www.monteescalier.net\/france\/wp-content\/uploads\/2016\/10\/4devis-mont-escalier-500-500.gif\",\"contentUrl\":\"https:\/\/www.monteescalier.net\/france\/wp-content\/uploads\/2016\/10\/4devis-mont-escalier-500-500.gif\",\"width\":500,\"height\":500,\"caption\":\"monte-escalier.net\"},\"image\":{\"@id\":\"https:\/\/www.monteescalier.net\/france\/#\/schema\/logo\/image\/\"}}]}<\/script>\n<!-- \/ Yoast SEO plugin. -->","yoast_head_json":{"title":"Monte escalier Yvelines, Versailles - Monte escalier","description":"Nos monte-escaliers en Yvelines : Versailles, Sartrouville, Rambouillet.","robots":{"index":"index","follow":"follow","max-snippet":"max-snippet:-1","max-image-preview":"max-image-preview:large","max-video-preview":"max-video-preview:-1"},"canonical":"https:\/\/www.monteescalier.net\/france\/monte-escalier-yvelines\/","og_locale":"fr_FR","og_type":"article","og_title":"Monte escalier Yvelines, Versailles - Monte escalier","og_description":"Nos monte-escaliers en Yvelines : Versailles, Sartrouville, Rambouillet.","og_url":"https:\/\/www.monteescalier.net\/france\/monte-escalier-yvelines\/","og_site_name":"Monte escalier","article_modified_time":"2024-05-15T16:04:31+00:00","og_image":[{"url":"https:\/\/www.monteescalier.net\/france\/wp-content\/uploads\/2014\/10\/4devis-monte-escalier-photo-490.png","type":"","width":"","height":""}],"twitter_card":"summary_large_image","twitter_misc":{"Dur\u00e9e de lecture estim\u00e9e":"1 minute"},"schema":{"@context":"https:\/\/schema.org","@graph":[{"@type":"WebPage","@id":"https:\/\/www.monteescalier.net\/france\/monte-escalier-yvelines\/","url":"https:\/\/www.monteescalier.net\/france\/monte-escalier-yvelines\/","name":"Monte escalier Yvelines, Versailles - Monte escalier","isPartOf":{"@id":"https:\/\/www.monteescalier.net\/france\/#website"},"primaryImageOfPage":{"@id":"https:\/\/www.monteescalier.net\/france\/monte-escalier-yvelines\/#primaryimage"},"image":{"@id":"https:\/\/www.monteescalier.net\/france\/monte-escalier-yvelines\/#primaryimage"},"thumbnailUrl":"https:\/\/www.monteescalier.net\/france\/wp-content\/uploads\/2014\/10\/4devis-monte-escalier-photo-490.png","datePublished":"2024-02-02T15:52:41+00:00","dateModified":"2024-05-15T16:04:31+00:00","description":"Nos monte-escaliers en Yvelines : Versailles, Sartrouville, Rambouillet.","breadcrumb":{"@id":"https:\/\/www.monteescalier.net\/france\/monte-escalier-yvelines\/#breadcrumb"},"inLanguage":"fr-FR","potentialAction":[{"@type":"ReadAction","target":["https:\/\/www.monteescalier.net\/france\/monte-escalier-yvelines\/"]}]},{"@type":"ImageObject","inLanguage":"fr-FR","@id":"https:\/\/www.monteescalier.net\/france\/monte-escalier-yvelines\/#primaryimage","url":"https:\/\/www.monteescalier.net\/france\/wp-content\/uploads\/2014\/10\/4devis-monte-escalier-photo-490.png","contentUrl":"https:\/\/www.monteescalier.net\/france\/wp-content\/uploads\/2014\/10\/4devis-monte-escalier-photo-490.png","width":490,"height":267},{"@type":"BreadcrumbList","@id":"https:\/\/www.monteescalier.net\/france\/monte-escalier-yvelines\/#breadcrumb","itemListElement":[{"@type":"ListItem","position":1,"name":"Accueil","item":"https:\/\/www.monteescalier.net\/france\/"},{"@type":"ListItem","position":2,"name":"Monte escalier Yvelines, Versailles"}]},{"@type":"WebSite","@id":"https:\/\/www.monteescalier.net\/france\/#website","url":"https:\/\/www.monteescalier.net\/france\/","name":"Monte escalier","description":"","publisher":{"@id":"https:\/\/www.monteescalier.net\/france\/#organization"},"potentialAction":[{"@type":"SearchAction","target":{"@type":"EntryPoint","urlTemplate":"https:\/\/www.monteescalier.net\/france\/?s={search_term_string}"},"query-input":{"@type":"PropertyValueSpecification","valueRequired":true,"valueName":"search_term_string"}}],"inLanguage":"fr-FR"},{"@type":"Organization","@id":"https:\/\/www.monteescalier.net\/france\/#organization","name":"monte-escalier.net","url":"https:\/\/www.monteescalier.net\/france\/","logo":{"@type":"ImageObject","inLanguage":"fr-FR","@id":"https:\/\/www.monteescalier.net\/france\/#\/schema\/logo\/image\/","url":"https:\/\/www.monteescalier.net\/france\/wp-content\/uploads\/2016\/10\/4devis-mont-escalier-500-500.gif","contentUrl":"https:\/\/www.monteescalier.net\/france\/wp-content\/uploads\/2016\/10\/4devis-mont-escalier-500-500.gif","width":500,"height":500,"caption":"monte-escalier.net"},"image":{"@id":"https:\/\/www.monteescalier.net\/france\/#\/schema\/logo\/image\/"}}]}},"_links":{"self":[{"href":"https:\/\/www.monteescalier.net\/france\/wp-json\/wp\/v2\/pages\/575","targetHints":{"allow":["GET"]}}],"collection":[{"href":"https:\/\/www.monteescalier.net\/france\/wp-json\/wp\/v2\/pages"}],"about":[{"href":"https:\/\/www.monteescalier.net\/france\/wp-json\/wp\/v2\/types\/page"}],"author":[{"embeddable":true,"href":"https:\/\/www.monteescalier.net\/france\/wp-json\/wp\/v2\/users\/1"}],"replies":[{"embeddable":true,"href":"https:\/\/www.monteescalier.net\/france\/wp-json\/wp\/v2\/comments?post=575"}],"version-history":[{"count":7,"href":"https:\/\/www.monteescalier.net\/france\/wp-json\/wp\/v2\/pages\/575\/revisions"}],"predecessor-version":[{"id":9134,"href":"https:\/\/www.monteescalier.net\/france\/wp-json\/wp\/v2\/pages\/575\/revisions\/9134"}],"wp:attachment":[{"href":"https:\/\/www.monteescalier.net\/france\/wp-json\/wp\/v2\/media?parent=575"}],"curies":[{"name":"wp","href":"https:\/\/api.w.org\/{rel}","templated":true}]}}