{"id":578,"date":"2023-08-29T09:06:07","date_gmt":"2023-08-29T08:06:07","guid":{"rendered":"https:\/\/www.monteescalier.net\/france\/?page_id=578"},"modified":"2024-05-15T16:20:40","modified_gmt":"2024-05-15T15:20:40","slug":"monte-escalier-doubs","status":"publish","type":"page","link":"https:\/\/www.monteescalier.net\/france\/monte-escalier-doubs\/","title":{"rendered":"Monte escalier Doubs, Monte escalier Besan\u00e7on"},"content":{"rendered":"<div class='content-column one_half'><div style=\"padding-right:19px;\"><h1>Acheter un monte escalier dans le Doubs<\/h1>\n<p><b>Proche de votre lieu de domicile :<\/b><br \/>\n<a href=\"https:\/\/www.monteescalier.net\/france\/monte-escalier-besancon\/\">Monte escalier \u00e0 Besan\u00e7on<\/a><br \/>\n<a href=\"https:\/\/www.monteescalier.net\/france\/monte-escalier-montbeliard\/\">Monte escalier \u00e0 Montb\u00e9liard<\/a><br \/>\n<a href=\"https:\/\/www.monteescalier.net\/france\/monte-escalier-pontarlier\/\">Monte escalier \u00e0 Pontarlier<\/a><\/p>\n<p style=\"text-align: justify;\">Vous recherchez un installateur de monte escalier en r\u00e9gion Franche Compt\u00e9 et plus sp\u00e9cialement un installateur de monte escalier dans le Doubs?<br \/>\nNe cherchez plus, vous avez trouv\u00e9 ! Monteescalier.net vous met gratuitement en contact avec les meilleurs revendeurs et installateurs de monte escalier dans le Doubs.<br \/>\nPour \u00eatre mis en relation avec notre liste de professionnels du monte escalier dans le Doubs, que vous r\u00e9sidiez vers Besan\u00e7on, Pontarlier, Morteau, Montb\u00e9liard, Audincourt ou encore vers Valentignay, Baume les Dames, Seoloncourt ou Bethoncourt il vous suffira de compl\u00e9ter avec vos coordonn\u00e9es compl\u00e8tes un de nos formulaires de mise en relation, rien de plus !<\/p>\n<p style=\"text-align: justify;\">Vous percevrez ainsi, en d\u00e9pendant de vos choix, des demandes de devis gratuits pour un monte-escaliers dans le Doubs, le rappel par diff\u00e9rents installateurs de monte-escaliers dans le Doubs ou encore de la documentation concernant les mod\u00e8les de monte escalier disponibles \u00e0 la vente dans votre d\u00e9partement.<\/p>\n<p style=\"text-align: justify;\">Nos partenaires professionnels du monte escalier interviennent dans l&rsquo;ensemble du d\u00e9partement: de Sochaux \u00e0 Maudeure en passant par Valdahon, Ornans, Saint Vit, Ma\u00eeche, Pont de Roide et Villers le Lac. Votre monte escalier est donc juste \u00e0 quelques clics de souris ! Nul besoin d&rsquo;aller sur tous les sites et de remplir de nombreux formulaires, une seule demande sur monteescalier.net vous suffira \u00e0 \u00eatre mis en relation avec toute notre s\u00e9lection de professionnels du monte escalier en Franche Comt\u00e9<\/p>\n<p>&nbsp;<\/p>\n<div class=\"bouton\">Cliquez ici pour avoir acc\u00e8s \u00e0 vos devis gratuits<\/div><\/div><\/div><div class='content-column one_half last_column'><a href=\"https:\/\/www.monteescalier.net\/devis-gratuit.php\" target=\"_blank\" rel=\"noopener\"><img loading=\"lazy\" decoding=\"async\" class=\"alignnone size-full img_region\" src=\"https:\/\/www.monteescalier.net\/france\/wp-content\/uploads\/2014\/10\/4devis-monte-escalier-photo-490.png\" alt=\"Doubs monte escalier\" width=\"507\" height=\"485\" \/><\/a><br \/>\n<img loading=\"lazy\" decoding=\"async\" class=\"alignnone size-full img_region_2\" src=\"https:\/\/www.monteescalier.net\/france\/wp-content\/uploads\/2013\/08\/doubs.jpg\" alt=\"Monte escalier dans le Doubs\" width=\"507\" height=\"485\" \/><\/div><div class='clear_column'><\/div><\/p>\n","protected":false},"excerpt":{"rendered":"","protected":false},"author":1,"featured_media":0,"parent":0,"menu_order":0,"comment_status":"open","ping_status":"closed","template":"template1.php","meta":{"_monsterinsights_skip_tracking":false,"_monsterinsights_sitenote_active":false,"_monsterinsights_sitenote_note":"","_monsterinsights_sitenote_category":0,"footnotes":""},"class_list":["post-578","page","type-page","status-publish","hentry"],"yoast_head":"<!-- This site is optimized with the Yoast SEO plugin v26.3 - https:\/\/yoast.com\/wordpress\/plugins\/seo\/ -->\n<title>Monte escalier Doubs, Monte escalier Besan\u00e7on - Monte escalier<\/title>\n<meta name=\"description\" content=\"Liste des montes escaliers que vous recherchez pr\u00e9sent \u00e0 Doubs : Besan\u00e7on, Montb\u00e9liard, Pontarlier.\" \/>\n<meta name=\"robots\" content=\"index, follow, max-snippet:-1, max-image-preview:large, max-video-preview:-1\" \/>\n<link rel=\"canonical\" href=\"https:\/\/www.monteescalier.net\/france\/monte-escalier-doubs\/\" \/>\n<meta property=\"og:locale\" content=\"fr_FR\" \/>\n<meta property=\"og:type\" content=\"article\" \/>\n<meta property=\"og:title\" content=\"Monte escalier Doubs, Monte escalier Besan\u00e7on - Monte escalier\" \/>\n<meta property=\"og:description\" content=\"Liste des montes escaliers que vous recherchez pr\u00e9sent \u00e0 Doubs : Besan\u00e7on, Montb\u00e9liard, Pontarlier.\" \/>\n<meta property=\"og:url\" content=\"https:\/\/www.monteescalier.net\/france\/monte-escalier-doubs\/\" \/>\n<meta property=\"og:site_name\" content=\"Monte escalier\" \/>\n<meta property=\"article:modified_time\" content=\"2024-05-15T15:20:40+00:00\" \/>\n<meta property=\"og:image\" content=\"https:\/\/www.monteescalier.net\/france\/wp-content\/uploads\/2014\/10\/4devis-monte-escalier-photo-490.png\" \/>\n<meta name=\"twitter:card\" content=\"summary_large_image\" \/>\n<meta name=\"twitter:label1\" content=\"Dur\u00e9e de lecture estim\u00e9e\" \/>\n\t<meta name=\"twitter:data1\" content=\"1 minute\" \/>\n<script type=\"application\/ld+json\" class=\"yoast-schema-graph\">{\"@context\":\"https:\/\/schema.org\",\"@graph\":[{\"@type\":\"WebPage\",\"@id\":\"https:\/\/www.monteescalier.net\/france\/monte-escalier-doubs\/\",\"url\":\"https:\/\/www.monteescalier.net\/france\/monte-escalier-doubs\/\",\"name\":\"Monte escalier Doubs, Monte escalier Besan\u00e7on - Monte escalier\",\"isPartOf\":{\"@id\":\"https:\/\/www.monteescalier.net\/france\/#website\"},\"primaryImageOfPage\":{\"@id\":\"https:\/\/www.monteescalier.net\/france\/monte-escalier-doubs\/#primaryimage\"},\"image\":{\"@id\":\"https:\/\/www.monteescalier.net\/france\/monte-escalier-doubs\/#primaryimage\"},\"thumbnailUrl\":\"https:\/\/www.monteescalier.net\/france\/wp-content\/uploads\/2014\/10\/4devis-monte-escalier-photo-490.png\",\"datePublished\":\"2023-08-29T08:06:07+00:00\",\"dateModified\":\"2024-05-15T15:20:40+00:00\",\"description\":\"Liste des montes escaliers que vous recherchez pr\u00e9sent \u00e0 Doubs : Besan\u00e7on, Montb\u00e9liard, Pontarlier.\",\"breadcrumb\":{\"@id\":\"https:\/\/www.monteescalier.net\/france\/monte-escalier-doubs\/#breadcrumb\"},\"inLanguage\":\"fr-FR\",\"potentialAction\":[{\"@type\":\"ReadAction\",\"target\":[\"https:\/\/www.monteescalier.net\/france\/monte-escalier-doubs\/\"]}]},{\"@type\":\"ImageObject\",\"inLanguage\":\"fr-FR\",\"@id\":\"https:\/\/www.monteescalier.net\/france\/monte-escalier-doubs\/#primaryimage\",\"url\":\"https:\/\/www.monteescalier.net\/france\/wp-content\/uploads\/2014\/10\/4devis-monte-escalier-photo-490.png\",\"contentUrl\":\"https:\/\/www.monteescalier.net\/france\/wp-content\/uploads\/2014\/10\/4devis-monte-escalier-photo-490.png\",\"width\":490,\"height\":267},{\"@type\":\"BreadcrumbList\",\"@id\":\"https:\/\/www.monteescalier.net\/france\/monte-escalier-doubs\/#breadcrumb\",\"itemListElement\":[{\"@type\":\"ListItem\",\"position\":1,\"name\":\"Accueil\",\"item\":\"https:\/\/www.monteescalier.net\/france\/\"},{\"@type\":\"ListItem\",\"position\":2,\"name\":\"Monte escalier Doubs, Monte escalier Besan\u00e7on\"}]},{\"@type\":\"WebSite\",\"@id\":\"https:\/\/www.monteescalier.net\/france\/#website\",\"url\":\"https:\/\/www.monteescalier.net\/france\/\",\"name\":\"Monte escalier\",\"description\":\"\",\"publisher\":{\"@id\":\"https:\/\/www.monteescalier.net\/france\/#organization\"},\"potentialAction\":[{\"@type\":\"SearchAction\",\"target\":{\"@type\":\"EntryPoint\",\"urlTemplate\":\"https:\/\/www.monteescalier.net\/france\/?s={search_term_string}\"},\"query-input\":{\"@type\":\"PropertyValueSpecification\",\"valueRequired\":true,\"valueName\":\"search_term_string\"}}],\"inLanguage\":\"fr-FR\"},{\"@type\":\"Organization\",\"@id\":\"https:\/\/www.monteescalier.net\/france\/#organization\",\"name\":\"monte-escalier.net\",\"url\":\"https:\/\/www.monteescalier.net\/france\/\",\"logo\":{\"@type\":\"ImageObject\",\"inLanguage\":\"fr-FR\",\"@id\":\"https:\/\/www.monteescalier.net\/france\/#\/schema\/logo\/image\/\",\"url\":\"https:\/\/www.monteescalier.net\/france\/wp-content\/uploads\/2016\/10\/4devis-mont-escalier-500-500.gif\",\"contentUrl\":\"https:\/\/www.monteescalier.net\/france\/wp-content\/uploads\/2016\/10\/4devis-mont-escalier-500-500.gif\",\"width\":500,\"height\":500,\"caption\":\"monte-escalier.net\"},\"image\":{\"@id\":\"https:\/\/www.monteescalier.net\/france\/#\/schema\/logo\/image\/\"}}]}<\/script>\n<!-- \/ Yoast SEO plugin. -->","yoast_head_json":{"title":"Monte escalier Doubs, Monte escalier Besan\u00e7on - Monte escalier","description":"Liste des montes escaliers que vous recherchez pr\u00e9sent \u00e0 Doubs : Besan\u00e7on, Montb\u00e9liard, Pontarlier.","robots":{"index":"index","follow":"follow","max-snippet":"max-snippet:-1","max-image-preview":"max-image-preview:large","max-video-preview":"max-video-preview:-1"},"canonical":"https:\/\/www.monteescalier.net\/france\/monte-escalier-doubs\/","og_locale":"fr_FR","og_type":"article","og_title":"Monte escalier Doubs, Monte escalier Besan\u00e7on - Monte escalier","og_description":"Liste des montes escaliers que vous recherchez pr\u00e9sent \u00e0 Doubs : Besan\u00e7on, Montb\u00e9liard, Pontarlier.","og_url":"https:\/\/www.monteescalier.net\/france\/monte-escalier-doubs\/","og_site_name":"Monte escalier","article_modified_time":"2024-05-15T15:20:40+00:00","og_image":[{"url":"https:\/\/www.monteescalier.net\/france\/wp-content\/uploads\/2014\/10\/4devis-monte-escalier-photo-490.png","type":"","width":"","height":""}],"twitter_card":"summary_large_image","twitter_misc":{"Dur\u00e9e de lecture estim\u00e9e":"1 minute"},"schema":{"@context":"https:\/\/schema.org","@graph":[{"@type":"WebPage","@id":"https:\/\/www.monteescalier.net\/france\/monte-escalier-doubs\/","url":"https:\/\/www.monteescalier.net\/france\/monte-escalier-doubs\/","name":"Monte escalier Doubs, Monte escalier Besan\u00e7on - Monte escalier","isPartOf":{"@id":"https:\/\/www.monteescalier.net\/france\/#website"},"primaryImageOfPage":{"@id":"https:\/\/www.monteescalier.net\/france\/monte-escalier-doubs\/#primaryimage"},"image":{"@id":"https:\/\/www.monteescalier.net\/france\/monte-escalier-doubs\/#primaryimage"},"thumbnailUrl":"https:\/\/www.monteescalier.net\/france\/wp-content\/uploads\/2014\/10\/4devis-monte-escalier-photo-490.png","datePublished":"2023-08-29T08:06:07+00:00","dateModified":"2024-05-15T15:20:40+00:00","description":"Liste des montes escaliers que vous recherchez pr\u00e9sent \u00e0 Doubs : Besan\u00e7on, Montb\u00e9liard, Pontarlier.","breadcrumb":{"@id":"https:\/\/www.monteescalier.net\/france\/monte-escalier-doubs\/#breadcrumb"},"inLanguage":"fr-FR","potentialAction":[{"@type":"ReadAction","target":["https:\/\/www.monteescalier.net\/france\/monte-escalier-doubs\/"]}]},{"@type":"ImageObject","inLanguage":"fr-FR","@id":"https:\/\/www.monteescalier.net\/france\/monte-escalier-doubs\/#primaryimage","url":"https:\/\/www.monteescalier.net\/france\/wp-content\/uploads\/2014\/10\/4devis-monte-escalier-photo-490.png","contentUrl":"https:\/\/www.monteescalier.net\/france\/wp-content\/uploads\/2014\/10\/4devis-monte-escalier-photo-490.png","width":490,"height":267},{"@type":"BreadcrumbList","@id":"https:\/\/www.monteescalier.net\/france\/monte-escalier-doubs\/#breadcrumb","itemListElement":[{"@type":"ListItem","position":1,"name":"Accueil","item":"https:\/\/www.monteescalier.net\/france\/"},{"@type":"ListItem","position":2,"name":"Monte escalier Doubs, Monte escalier Besan\u00e7on"}]},{"@type":"WebSite","@id":"https:\/\/www.monteescalier.net\/france\/#website","url":"https:\/\/www.monteescalier.net\/france\/","name":"Monte escalier","description":"","publisher":{"@id":"https:\/\/www.monteescalier.net\/france\/#organization"},"potentialAction":[{"@type":"SearchAction","target":{"@type":"EntryPoint","urlTemplate":"https:\/\/www.monteescalier.net\/france\/?s={search_term_string}"},"query-input":{"@type":"PropertyValueSpecification","valueRequired":true,"valueName":"search_term_string"}}],"inLanguage":"fr-FR"},{"@type":"Organization","@id":"https:\/\/www.monteescalier.net\/france\/#organization","name":"monte-escalier.net","url":"https:\/\/www.monteescalier.net\/france\/","logo":{"@type":"ImageObject","inLanguage":"fr-FR","@id":"https:\/\/www.monteescalier.net\/france\/#\/schema\/logo\/image\/","url":"https:\/\/www.monteescalier.net\/france\/wp-content\/uploads\/2016\/10\/4devis-mont-escalier-500-500.gif","contentUrl":"https:\/\/www.monteescalier.net\/france\/wp-content\/uploads\/2016\/10\/4devis-mont-escalier-500-500.gif","width":500,"height":500,"caption":"monte-escalier.net"},"image":{"@id":"https:\/\/www.monteescalier.net\/france\/#\/schema\/logo\/image\/"}}]}},"_links":{"self":[{"href":"https:\/\/www.monteescalier.net\/france\/wp-json\/wp\/v2\/pages\/578","targetHints":{"allow":["GET"]}}],"collection":[{"href":"https:\/\/www.monteescalier.net\/france\/wp-json\/wp\/v2\/pages"}],"about":[{"href":"https:\/\/www.monteescalier.net\/france\/wp-json\/wp\/v2\/types\/page"}],"author":[{"embeddable":true,"href":"https:\/\/www.monteescalier.net\/france\/wp-json\/wp\/v2\/users\/1"}],"replies":[{"embeddable":true,"href":"https:\/\/www.monteescalier.net\/france\/wp-json\/wp\/v2\/comments?post=578"}],"version-history":[{"count":5,"href":"https:\/\/www.monteescalier.net\/france\/wp-json\/wp\/v2\/pages\/578\/revisions"}],"predecessor-version":[{"id":9079,"href":"https:\/\/www.monteescalier.net\/france\/wp-json\/wp\/v2\/pages\/578\/revisions\/9079"}],"wp:attachment":[{"href":"https:\/\/www.monteescalier.net\/france\/wp-json\/wp\/v2\/media?parent=578"}],"curies":[{"name":"wp","href":"https:\/\/api.w.org\/{rel}","templated":true}]}}