{"id":5877,"date":"2013-09-26T10:48:21","date_gmt":"2013-09-26T10:48:21","guid":{"rendered":"https:\/\/www.monteescalier.net\/france\/?page_id=5877"},"modified":"-0001-11-30T00:00:00","modified_gmt":"-0001-11-29T23:00:00","slug":"monte-escalier-butry-sur-oise","status":"publish","type":"page","link":"https:\/\/www.monteescalier.net\/france\/monte-escalier-butry-sur-oise\/","title":{"rendered":"Monte escalier Butry-sur-Oise"},"content":{"rendered":"<h1>Des infos sur un monte escalier \u00e0 Butry-sur-Oise<\/h1>\n<div class=\"boite_texte\">\n<div style=\"text-align:justify; margin-bottom:10px\">Pour faire installer un monte escalier \u00e0 Butry-sur-Oise, il est tr\u00e8s important de comparer les diff\u00e9rentes offres avant de se lancer : c&rsquo;est pr\u00e9cis\u00e9ment ce que vous propose ce site, comparez les offres, les produits et bien s\u00fbr les prix.<\/div>\n<div style=\"text-align:justify; margin-bottom:10px\">L&rsquo;\u00e9quipe de monteescalier.net vous propose de s\u00e9lectionner pour vous les installateurs de monte escalier les plus comp\u00e9titifs dans la r\u00e9gion de Butry-sur-Oise. Notre s\u00e9lection est compos\u00e9e de professionnels reconnus du monte escalier parmi lesquels vous trouverez certainement votre prestataire.<\/div>\n<div style=\"text-align:justify; margin-bottom:10px\">Vous savez exactement ce que voulez ? Vous avez besoin d&rsquo;un devis de monte escalier. Une seule demande de devis sur notre site vous permettra de recevoir entre 4 et 5 devis totalement gratuits.<\/div>\n<div style=\"text-align:justify; margin-bottom:10px\">Faire aboutir votre projet d&rsquo;achat de monte escalier sans vous d\u00e9placer, c&rsquo;est ce que notre site vous propose via notre formulaire de demande de rappel. Une fois compl\u00e9t\u00e9 avec vos coordonn\u00e9es, nos experts du monte escalier sur Butry-sur-Oise, vous rappelleront tr\u00e8s vite pour \u00e9changer avec vous sur votre futur monte escalier.<\/div>\n<div style=\"text-align:justify; margin-bottom:10px\">Pour vous familiariser avec les mod\u00e8les de monte escalier n&rsquo;h\u00e9sitez pas \u00e0 faire une demande de documentation, via notre formulaire de de demande de documentation, vous recevrez ainsi par la poste ou par courrier \u00e9lectronique des informations tr\u00e8s d\u00e9taill\u00e9es sur les diff\u00e9rents mod\u00e8les de monte escalier disponibles \u00e0 la vente \u00e0 Butry-sur-Oise.<\/div>\n<div style=\"text-align:justify; margin-bottom:10px\">Centralisez vos demandes sur les monte escalier gr\u00e2ce \u00e0 notre site enti\u00e8rement gratuit : un formulaire rempli = des contacts multiples avec les prestataires revendeurs de monte escalier \u00e0 Butry-sur-Oise et alentours. Si toutefois, les prestataires que nous avons pr\u00e9sent\u00e9s ne vous font pas de proposition int\u00e9ressante, libre \u00e0 vous d&rsquo;aller voir ailleurs. Une demande sur monteescalier.net ne vous engage absolument pas.<\/div>\n<\/div>\n<div class=\"titre_liens\">Pas tr\u00e8s loin de chez vous, nos services sont \u00e9galement disponibles ici :<\/div>\n<div class=\"boite_liens\"><a href=\"https:\/\/www.monteescalier.net\/france\/monte-escalier-argenteuil\">Monte escalier Argenteuil<\/a><br \/>\n<a href=\"https:\/\/www.monteescalier.net\/france\/monte-escalier-sarcelles\">Monte escalier Sarcelles<\/a><br \/>\n<a href=\"https:\/\/www.monteescalier.net\/france\/monte-escalier-cergy\">Monte escalier Cergy<\/a><br \/>\n<a href=\"https:\/\/www.monteescalier.net\/france\/monte-escalier-garges-les-gonesse\">Monte escalier Garges-l\u00e8s-Gonesse<\/a><br \/>\n<a href=\"https:\/\/www.monteescalier.net\/france\/monte-escalier-franconville\">Monte escalier Franconville<\/a>\n<\/div>\n","protected":false},"excerpt":{"rendered":"<p>Des infos sur un monte escalier \u00e0 Butry-sur-Oise Pour faire installer un monte escalier \u00e0 Butry-sur-Oise, il est tr\u00e8s important de comparer les diff\u00e9rentes offres avant de se lancer : c&rsquo;est pr\u00e9cis\u00e9ment ce que vous propose ce site, comparez les offres, les produits et bien s\u00fbr les prix. L&rsquo;\u00e9quipe de monteescalier.net vous propose de s\u00e9lectionner [&hellip;]<\/p>\n","protected":false},"author":1,"featured_media":0,"parent":0,"menu_order":0,"comment_status":"closed","ping_status":"open","template":"template_ville_2.php","meta":{"_monsterinsights_skip_tracking":false,"_monsterinsights_sitenote_active":false,"_monsterinsights_sitenote_note":"","_monsterinsights_sitenote_category":0,"footnotes":""},"class_list":["post-5877","page","type-page","status-publish","hentry"],"yoast_head":"<!-- This site is optimized with the Yoast SEO plugin v26.3 - https:\/\/yoast.com\/wordpress\/plugins\/seo\/ -->\n<title>Monte escalier Butry-sur-Oise - Monte escalier<\/title>\n<meta name=\"robots\" content=\"index, follow, max-snippet:-1, max-image-preview:large, max-video-preview:-1\" \/>\n<link rel=\"canonical\" href=\"https:\/\/www.monteescalier.net\/france\/monte-escalier-butry-sur-oise\/\" \/>\n<meta property=\"og:locale\" content=\"fr_FR\" \/>\n<meta property=\"og:type\" content=\"article\" \/>\n<meta property=\"og:title\" content=\"Monte escalier Butry-sur-Oise - Monte escalier\" \/>\n<meta property=\"og:description\" content=\"Des infos sur un monte escalier \u00e0 Butry-sur-Oise Pour faire installer un monte escalier \u00e0 Butry-sur-Oise, il est tr\u00e8s important de comparer les diff\u00e9rentes offres avant de se lancer : c&rsquo;est pr\u00e9cis\u00e9ment ce que vous propose ce site, comparez les offres, les produits et bien s\u00fbr les prix. L&rsquo;\u00e9quipe de monteescalier.net vous propose de s\u00e9lectionner [&hellip;]\" \/>\n<meta property=\"og:url\" content=\"https:\/\/www.monteescalier.net\/france\/monte-escalier-butry-sur-oise\/\" \/>\n<meta property=\"og:site_name\" content=\"Monte escalier\" \/>\n<meta name=\"twitter:card\" content=\"summary_large_image\" \/>\n<meta name=\"twitter:label1\" content=\"Dur\u00e9e de lecture estim\u00e9e\" \/>\n\t<meta name=\"twitter:data1\" content=\"2 minutes\" \/>\n<script type=\"application\/ld+json\" class=\"yoast-schema-graph\">{\"@context\":\"https:\/\/schema.org\",\"@graph\":[{\"@type\":\"WebPage\",\"@id\":\"https:\/\/www.monteescalier.net\/france\/monte-escalier-butry-sur-oise\/\",\"url\":\"https:\/\/www.monteescalier.net\/france\/monte-escalier-butry-sur-oise\/\",\"name\":\"Monte escalier Butry-sur-Oise - Monte escalier\",\"isPartOf\":{\"@id\":\"https:\/\/www.monteescalier.net\/france\/#website\"},\"datePublished\":\"2013-09-26T10:48:21+00:00\",\"breadcrumb\":{\"@id\":\"https:\/\/www.monteescalier.net\/france\/monte-escalier-butry-sur-oise\/#breadcrumb\"},\"inLanguage\":\"fr-FR\",\"potentialAction\":[{\"@type\":\"ReadAction\",\"target\":[\"https:\/\/www.monteescalier.net\/france\/monte-escalier-butry-sur-oise\/\"]}]},{\"@type\":\"BreadcrumbList\",\"@id\":\"https:\/\/www.monteescalier.net\/france\/monte-escalier-butry-sur-oise\/#breadcrumb\",\"itemListElement\":[{\"@type\":\"ListItem\",\"position\":1,\"name\":\"Accueil\",\"item\":\"https:\/\/www.monteescalier.net\/france\/\"},{\"@type\":\"ListItem\",\"position\":2,\"name\":\"Monte escalier Butry-sur-Oise\"}]},{\"@type\":\"WebSite\",\"@id\":\"https:\/\/www.monteescalier.net\/france\/#website\",\"url\":\"https:\/\/www.monteescalier.net\/france\/\",\"name\":\"Monte escalier\",\"description\":\"\",\"publisher\":{\"@id\":\"https:\/\/www.monteescalier.net\/france\/#organization\"},\"potentialAction\":[{\"@type\":\"SearchAction\",\"target\":{\"@type\":\"EntryPoint\",\"urlTemplate\":\"https:\/\/www.monteescalier.net\/france\/?s={search_term_string}\"},\"query-input\":{\"@type\":\"PropertyValueSpecification\",\"valueRequired\":true,\"valueName\":\"search_term_string\"}}],\"inLanguage\":\"fr-FR\"},{\"@type\":\"Organization\",\"@id\":\"https:\/\/www.monteescalier.net\/france\/#organization\",\"name\":\"monte-escalier.net\",\"url\":\"https:\/\/www.monteescalier.net\/france\/\",\"logo\":{\"@type\":\"ImageObject\",\"inLanguage\":\"fr-FR\",\"@id\":\"https:\/\/www.monteescalier.net\/france\/#\/schema\/logo\/image\/\",\"url\":\"https:\/\/www.monteescalier.net\/france\/wp-content\/uploads\/2016\/10\/4devis-mont-escalier-500-500.gif\",\"contentUrl\":\"https:\/\/www.monteescalier.net\/france\/wp-content\/uploads\/2016\/10\/4devis-mont-escalier-500-500.gif\",\"width\":500,\"height\":500,\"caption\":\"monte-escalier.net\"},\"image\":{\"@id\":\"https:\/\/www.monteescalier.net\/france\/#\/schema\/logo\/image\/\"}}]}<\/script>\n<!-- \/ Yoast SEO plugin. -->","yoast_head_json":{"title":"Monte escalier Butry-sur-Oise - Monte escalier","robots":{"index":"index","follow":"follow","max-snippet":"max-snippet:-1","max-image-preview":"max-image-preview:large","max-video-preview":"max-video-preview:-1"},"canonical":"https:\/\/www.monteescalier.net\/france\/monte-escalier-butry-sur-oise\/","og_locale":"fr_FR","og_type":"article","og_title":"Monte escalier Butry-sur-Oise - Monte escalier","og_description":"Des infos sur un monte escalier \u00e0 Butry-sur-Oise Pour faire installer un monte escalier \u00e0 Butry-sur-Oise, il est tr\u00e8s important de comparer les diff\u00e9rentes offres avant de se lancer : c&rsquo;est pr\u00e9cis\u00e9ment ce que vous propose ce site, comparez les offres, les produits et bien s\u00fbr les prix. L&rsquo;\u00e9quipe de monteescalier.net vous propose de s\u00e9lectionner [&hellip;]","og_url":"https:\/\/www.monteescalier.net\/france\/monte-escalier-butry-sur-oise\/","og_site_name":"Monte escalier","twitter_card":"summary_large_image","twitter_misc":{"Dur\u00e9e de lecture estim\u00e9e":"2 minutes"},"schema":{"@context":"https:\/\/schema.org","@graph":[{"@type":"WebPage","@id":"https:\/\/www.monteescalier.net\/france\/monte-escalier-butry-sur-oise\/","url":"https:\/\/www.monteescalier.net\/france\/monte-escalier-butry-sur-oise\/","name":"Monte escalier Butry-sur-Oise - Monte escalier","isPartOf":{"@id":"https:\/\/www.monteescalier.net\/france\/#website"},"datePublished":"2013-09-26T10:48:21+00:00","breadcrumb":{"@id":"https:\/\/www.monteescalier.net\/france\/monte-escalier-butry-sur-oise\/#breadcrumb"},"inLanguage":"fr-FR","potentialAction":[{"@type":"ReadAction","target":["https:\/\/www.monteescalier.net\/france\/monte-escalier-butry-sur-oise\/"]}]},{"@type":"BreadcrumbList","@id":"https:\/\/www.monteescalier.net\/france\/monte-escalier-butry-sur-oise\/#breadcrumb","itemListElement":[{"@type":"ListItem","position":1,"name":"Accueil","item":"https:\/\/www.monteescalier.net\/france\/"},{"@type":"ListItem","position":2,"name":"Monte escalier Butry-sur-Oise"}]},{"@type":"WebSite","@id":"https:\/\/www.monteescalier.net\/france\/#website","url":"https:\/\/www.monteescalier.net\/france\/","name":"Monte escalier","description":"","publisher":{"@id":"https:\/\/www.monteescalier.net\/france\/#organization"},"potentialAction":[{"@type":"SearchAction","target":{"@type":"EntryPoint","urlTemplate":"https:\/\/www.monteescalier.net\/france\/?s={search_term_string}"},"query-input":{"@type":"PropertyValueSpecification","valueRequired":true,"valueName":"search_term_string"}}],"inLanguage":"fr-FR"},{"@type":"Organization","@id":"https:\/\/www.monteescalier.net\/france\/#organization","name":"monte-escalier.net","url":"https:\/\/www.monteescalier.net\/france\/","logo":{"@type":"ImageObject","inLanguage":"fr-FR","@id":"https:\/\/www.monteescalier.net\/france\/#\/schema\/logo\/image\/","url":"https:\/\/www.monteescalier.net\/france\/wp-content\/uploads\/2016\/10\/4devis-mont-escalier-500-500.gif","contentUrl":"https:\/\/www.monteescalier.net\/france\/wp-content\/uploads\/2016\/10\/4devis-mont-escalier-500-500.gif","width":500,"height":500,"caption":"monte-escalier.net"},"image":{"@id":"https:\/\/www.monteescalier.net\/france\/#\/schema\/logo\/image\/"}}]}},"_links":{"self":[{"href":"https:\/\/www.monteescalier.net\/france\/wp-json\/wp\/v2\/pages\/5877","targetHints":{"allow":["GET"]}}],"collection":[{"href":"https:\/\/www.monteescalier.net\/france\/wp-json\/wp\/v2\/pages"}],"about":[{"href":"https:\/\/www.monteescalier.net\/france\/wp-json\/wp\/v2\/types\/page"}],"author":[{"embeddable":true,"href":"https:\/\/www.monteescalier.net\/france\/wp-json\/wp\/v2\/users\/1"}],"replies":[{"embeddable":true,"href":"https:\/\/www.monteescalier.net\/france\/wp-json\/wp\/v2\/comments?post=5877"}],"version-history":[{"count":0,"href":"https:\/\/www.monteescalier.net\/france\/wp-json\/wp\/v2\/pages\/5877\/revisions"}],"wp:attachment":[{"href":"https:\/\/www.monteescalier.net\/france\/wp-json\/wp\/v2\/media?parent=5877"}],"curies":[{"name":"wp","href":"https:\/\/api.w.org\/{rel}","templated":true}]}}