{"id":591,"date":"2024-02-12T11:53:08","date_gmt":"2024-02-12T10:53:08","guid":{"rendered":"https:\/\/www.monteescalier.net\/france\/?page_id=591"},"modified":"2024-05-15T16:49:38","modified_gmt":"2024-05-15T15:49:38","slug":"monte-escalier-haute-saone","status":"publish","type":"page","link":"https:\/\/www.monteescalier.net\/france\/monte-escalier-haute-saone\/","title":{"rendered":"Monte escalier Haute-Sa\u00f4ne, Vesoul"},"content":{"rendered":"<div class='content-column one_half'><div style=\"padding-right:19px;\"><h1>Faire installer\u00a0un monte escalier en\u00a0Haute-Sa\u00f4ne<\/h1>\n<p><b>A proximit\u00e9 de votre commune :<\/b><br \/>\n<a href=\"https:\/\/www.monteescalier.net\/france\/monte-escalier-vesoul\/\">Monte escalier \u00e0 Vesoul<\/a><br \/>\n<a href=\"https:\/\/www.monteescalier.net\/france\/monte-escalier-lure\/\">Monte escalier \u00e0 Lure<\/a><br \/>\n<a href=\"https:\/\/www.monteescalier.net\/france\/monte-escalier-gray\/\">Monte escalier \u00e0 Gray<\/a><\/p>\n<p style=\"text-align: justify;\">Avec ce site, vous pouvez obtenir plusieurs devis de monte escalier en Haute Saone en remplissant un seul formulaire de contact. Remplissez le en pr\u00e9cisant simplement vos coordonn\u00e9es; C&rsquo;est \u00e9videmment totalement gratuit et sans aucun engagement. Si aucune offre d&rsquo;un de nos partenaires ne vous convient, pas de probl\u00e8me ! Vous n&rsquo;\u00eates engag\u00e9s en rien par cette d\u00e9marche. Par ce q&rsquo;un monte escalier n&rsquo;est pas un achat anodin mais un investissement qui doit \u00eatre m\u00fbrement r\u00e9fl\u00e9chi, il est capital d&rsquo;\u00e9changer avec les meilleurs experts monte escalier qui ont votre maison dans leur zone d&rsquo;installation en Haute Sa\u00f4ne. Pas de surco\u00fbt li\u00e9 \u00e0 la distance d&rsquo;installation, un SAV de proximit\u00e9 et donc une rapidit\u00e9 d&rsquo;intervention en cas de panne sont autant de points qui doivent conduire \u00e0 privil\u00e9gier un installateur local ou un prestataire national avec une tr\u00e8s bonne logistique d&rsquo;intervention.<\/p>\n<p style=\"text-align: justify;\">A Vesoul et dans sa r\u00e9gion, H\u00e9ricourt, Luxeuil, Lure et Gray, nos partenaires installateurs de monte escalier sont l\u00e0 pour r\u00e9pondre tr\u00e8s vite \u00e0 vos demande de devis, demande de doc. et demande de rappel par t\u00e9l\u00e9phone. Tout ceci est \u00e9videmment gratuit et sans aucun engagement de votre part. Remplissez vite un de nos formulaires de contact avec vos coordonn\u00e9es compl\u00e8tes et vous pourrez faire jouer la concurrence entre les diff\u00e9rents prestataires qu&rsquo;ils soient nationaux ou installateurs \u00e0 c\u00f4t\u00e9 de chez vous, ils ne manqueront pas de vous faire des offres int\u00e9ressantes pour installer chez vous le monte escalier qu&rsquo;il vous faut.<\/p>\n<p style=\"text-align: justify;\">Notre offre est \u00e9galement valable por les villes de Plancher Bas, Saint Loup sur Semouse, Echenoz la M\u00e9line, Port sur Saone, Vaivre et Montoille, Champlitte, Noidans, Champagney, Ronchamp, Saint Sauveur, Froideconche et toutes les autres villes et villages de Haute Saone.<\/p>\n<p style=\"text-align: justify;\">Avec monteescalier.net, aucun risque de perdre du temps avec des installateurs de monte escalier qui ne travaillent pas sur le d\u00e9partement de la Haute Saone ou qui vous facturerait des frais de d\u00e9placement suppl\u00e9mentaires. Vos demandes sont v\u00e9rifi\u00e9es et seuls les prestataires qui peuvent vous apporter une prestation de qualit\u00e9 et de proximit\u00e9 seront mis en relation avec vous.<\/p>\n<p style=\"text-align: justify;\">Votre projet de monte escalier en Haute Saone est d\u00e9j\u00e0 clair, vous voulez un monte escalier droit, tournant ou ext\u00e9rieur? Vous \u00eates sur le bon site. Testez gratuitement nos professionnels partenaires, nous les avons s\u00e9lectionn\u00e9 pour leur s\u00e9rieux, leur professionnalisme et leur comp\u00e9titivit\u00e9. Vous ne serez pas d\u00e9\u00e7us.<\/p>\n<p>&nbsp;<\/p>\n<div class=\"bouton\" onclick=\"location.href='https:\/\/www.monteescalier.net\/devis-gratuit.php'\">Cliquez ici pour obtenir des devis gratuitement<\/div><\/div><\/div><div class='content-column one_half last_column'><a href=\"https:\/\/www.monteescalier.net\/devis-gratuit.php\" target=\"_blank\" rel=\"noopener noreferrer\"><img loading=\"lazy\" decoding=\"async\" class=\"alignnone size-full img_region\" src=\"https:\/\/www.monteescalier.net\/france\/wp-content\/uploads\/2014\/10\/4devis-monte-escalier-photo-490.png\" alt=\"haute saone monte escalier\" width=\"507\" height=\"485\" \/><\/a><br \/>\n<img loading=\"lazy\" decoding=\"async\" class=\"alignnone size-full img_region_2\" src=\"https:\/\/www.monteescalier.net\/france\/wp-content\/uploads\/2013\/08\/hautesaone.jpg\" alt=\"monte escalier haute saone\" width=\"507\" height=\"485\" \/><\/div><div class='clear_column'><\/div><\/p>\n","protected":false},"excerpt":{"rendered":"","protected":false},"author":1,"featured_media":0,"parent":0,"menu_order":0,"comment_status":"open","ping_status":"closed","template":"template4.php","meta":{"_monsterinsights_skip_tracking":false,"_monsterinsights_sitenote_active":false,"_monsterinsights_sitenote_note":"","_monsterinsights_sitenote_category":0,"footnotes":""},"class_list":["post-591","page","type-page","status-publish","hentry"],"yoast_head":"<!-- This site is optimized with the Yoast SEO plugin v26.3 - https:\/\/yoast.com\/wordpress\/plugins\/seo\/ -->\n<title>Monte escalier Haute-Sa\u00f4ne, Vesoul - Monte escalier<\/title>\n<meta name=\"description\" content=\"Nos monte escalier en Haute-Saone : Vesoul, Lure, Gray.\" \/>\n<meta name=\"robots\" content=\"index, follow, max-snippet:-1, max-image-preview:large, max-video-preview:-1\" \/>\n<link rel=\"canonical\" href=\"https:\/\/www.monteescalier.net\/france\/monte-escalier-haute-saone\/\" \/>\n<meta property=\"og:locale\" content=\"fr_FR\" \/>\n<meta property=\"og:type\" content=\"article\" \/>\n<meta property=\"og:title\" content=\"Monte escalier Haute-Sa\u00f4ne, Vesoul - Monte escalier\" \/>\n<meta property=\"og:description\" content=\"Nos monte escalier en Haute-Saone : Vesoul, Lure, Gray.\" \/>\n<meta property=\"og:url\" content=\"https:\/\/www.monteescalier.net\/france\/monte-escalier-haute-saone\/\" \/>\n<meta property=\"og:site_name\" content=\"Monte escalier\" \/>\n<meta property=\"article:modified_time\" content=\"2024-05-15T15:49:38+00:00\" \/>\n<meta property=\"og:image\" content=\"https:\/\/www.monteescalier.net\/france\/wp-content\/uploads\/2014\/10\/4devis-monte-escalier-photo-490.png\" \/>\n<meta name=\"twitter:card\" content=\"summary_large_image\" \/>\n<meta name=\"twitter:label1\" content=\"Dur\u00e9e de lecture estim\u00e9e\" \/>\n\t<meta name=\"twitter:data1\" content=\"2 minutes\" \/>\n<script type=\"application\/ld+json\" class=\"yoast-schema-graph\">{\"@context\":\"https:\/\/schema.org\",\"@graph\":[{\"@type\":\"WebPage\",\"@id\":\"https:\/\/www.monteescalier.net\/france\/monte-escalier-haute-saone\/\",\"url\":\"https:\/\/www.monteescalier.net\/france\/monte-escalier-haute-saone\/\",\"name\":\"Monte escalier Haute-Sa\u00f4ne, Vesoul - Monte escalier\",\"isPartOf\":{\"@id\":\"https:\/\/www.monteescalier.net\/france\/#website\"},\"primaryImageOfPage\":{\"@id\":\"https:\/\/www.monteescalier.net\/france\/monte-escalier-haute-saone\/#primaryimage\"},\"image\":{\"@id\":\"https:\/\/www.monteescalier.net\/france\/monte-escalier-haute-saone\/#primaryimage\"},\"thumbnailUrl\":\"https:\/\/www.monteescalier.net\/france\/wp-content\/uploads\/2014\/10\/4devis-monte-escalier-photo-490.png\",\"datePublished\":\"2024-02-12T10:53:08+00:00\",\"dateModified\":\"2024-05-15T15:49:38+00:00\",\"description\":\"Nos monte escalier en Haute-Saone : Vesoul, Lure, Gray.\",\"breadcrumb\":{\"@id\":\"https:\/\/www.monteescalier.net\/france\/monte-escalier-haute-saone\/#breadcrumb\"},\"inLanguage\":\"fr-FR\",\"potentialAction\":[{\"@type\":\"ReadAction\",\"target\":[\"https:\/\/www.monteescalier.net\/france\/monte-escalier-haute-saone\/\"]}]},{\"@type\":\"ImageObject\",\"inLanguage\":\"fr-FR\",\"@id\":\"https:\/\/www.monteescalier.net\/france\/monte-escalier-haute-saone\/#primaryimage\",\"url\":\"https:\/\/www.monteescalier.net\/france\/wp-content\/uploads\/2014\/10\/4devis-monte-escalier-photo-490.png\",\"contentUrl\":\"https:\/\/www.monteescalier.net\/france\/wp-content\/uploads\/2014\/10\/4devis-monte-escalier-photo-490.png\",\"width\":490,\"height\":267},{\"@type\":\"BreadcrumbList\",\"@id\":\"https:\/\/www.monteescalier.net\/france\/monte-escalier-haute-saone\/#breadcrumb\",\"itemListElement\":[{\"@type\":\"ListItem\",\"position\":1,\"name\":\"Accueil\",\"item\":\"https:\/\/www.monteescalier.net\/france\/\"},{\"@type\":\"ListItem\",\"position\":2,\"name\":\"Monte escalier Haute-Sa\u00f4ne, Vesoul\"}]},{\"@type\":\"WebSite\",\"@id\":\"https:\/\/www.monteescalier.net\/france\/#website\",\"url\":\"https:\/\/www.monteescalier.net\/france\/\",\"name\":\"Monte escalier\",\"description\":\"\",\"publisher\":{\"@id\":\"https:\/\/www.monteescalier.net\/france\/#organization\"},\"potentialAction\":[{\"@type\":\"SearchAction\",\"target\":{\"@type\":\"EntryPoint\",\"urlTemplate\":\"https:\/\/www.monteescalier.net\/france\/?s={search_term_string}\"},\"query-input\":{\"@type\":\"PropertyValueSpecification\",\"valueRequired\":true,\"valueName\":\"search_term_string\"}}],\"inLanguage\":\"fr-FR\"},{\"@type\":\"Organization\",\"@id\":\"https:\/\/www.monteescalier.net\/france\/#organization\",\"name\":\"monte-escalier.net\",\"url\":\"https:\/\/www.monteescalier.net\/france\/\",\"logo\":{\"@type\":\"ImageObject\",\"inLanguage\":\"fr-FR\",\"@id\":\"https:\/\/www.monteescalier.net\/france\/#\/schema\/logo\/image\/\",\"url\":\"https:\/\/www.monteescalier.net\/france\/wp-content\/uploads\/2016\/10\/4devis-mont-escalier-500-500.gif\",\"contentUrl\":\"https:\/\/www.monteescalier.net\/france\/wp-content\/uploads\/2016\/10\/4devis-mont-escalier-500-500.gif\",\"width\":500,\"height\":500,\"caption\":\"monte-escalier.net\"},\"image\":{\"@id\":\"https:\/\/www.monteescalier.net\/france\/#\/schema\/logo\/image\/\"}}]}<\/script>\n<!-- \/ Yoast SEO plugin. -->","yoast_head_json":{"title":"Monte escalier Haute-Sa\u00f4ne, Vesoul - Monte escalier","description":"Nos monte escalier en Haute-Saone : Vesoul, Lure, Gray.","robots":{"index":"index","follow":"follow","max-snippet":"max-snippet:-1","max-image-preview":"max-image-preview:large","max-video-preview":"max-video-preview:-1"},"canonical":"https:\/\/www.monteescalier.net\/france\/monte-escalier-haute-saone\/","og_locale":"fr_FR","og_type":"article","og_title":"Monte escalier Haute-Sa\u00f4ne, Vesoul - Monte escalier","og_description":"Nos monte escalier en Haute-Saone : Vesoul, Lure, Gray.","og_url":"https:\/\/www.monteescalier.net\/france\/monte-escalier-haute-saone\/","og_site_name":"Monte escalier","article_modified_time":"2024-05-15T15:49:38+00:00","og_image":[{"url":"https:\/\/www.monteescalier.net\/france\/wp-content\/uploads\/2014\/10\/4devis-monte-escalier-photo-490.png","type":"","width":"","height":""}],"twitter_card":"summary_large_image","twitter_misc":{"Dur\u00e9e de lecture estim\u00e9e":"2 minutes"},"schema":{"@context":"https:\/\/schema.org","@graph":[{"@type":"WebPage","@id":"https:\/\/www.monteescalier.net\/france\/monte-escalier-haute-saone\/","url":"https:\/\/www.monteescalier.net\/france\/monte-escalier-haute-saone\/","name":"Monte escalier Haute-Sa\u00f4ne, Vesoul - Monte escalier","isPartOf":{"@id":"https:\/\/www.monteescalier.net\/france\/#website"},"primaryImageOfPage":{"@id":"https:\/\/www.monteescalier.net\/france\/monte-escalier-haute-saone\/#primaryimage"},"image":{"@id":"https:\/\/www.monteescalier.net\/france\/monte-escalier-haute-saone\/#primaryimage"},"thumbnailUrl":"https:\/\/www.monteescalier.net\/france\/wp-content\/uploads\/2014\/10\/4devis-monte-escalier-photo-490.png","datePublished":"2024-02-12T10:53:08+00:00","dateModified":"2024-05-15T15:49:38+00:00","description":"Nos monte escalier en Haute-Saone : Vesoul, Lure, Gray.","breadcrumb":{"@id":"https:\/\/www.monteescalier.net\/france\/monte-escalier-haute-saone\/#breadcrumb"},"inLanguage":"fr-FR","potentialAction":[{"@type":"ReadAction","target":["https:\/\/www.monteescalier.net\/france\/monte-escalier-haute-saone\/"]}]},{"@type":"ImageObject","inLanguage":"fr-FR","@id":"https:\/\/www.monteescalier.net\/france\/monte-escalier-haute-saone\/#primaryimage","url":"https:\/\/www.monteescalier.net\/france\/wp-content\/uploads\/2014\/10\/4devis-monte-escalier-photo-490.png","contentUrl":"https:\/\/www.monteescalier.net\/france\/wp-content\/uploads\/2014\/10\/4devis-monte-escalier-photo-490.png","width":490,"height":267},{"@type":"BreadcrumbList","@id":"https:\/\/www.monteescalier.net\/france\/monte-escalier-haute-saone\/#breadcrumb","itemListElement":[{"@type":"ListItem","position":1,"name":"Accueil","item":"https:\/\/www.monteescalier.net\/france\/"},{"@type":"ListItem","position":2,"name":"Monte escalier Haute-Sa\u00f4ne, Vesoul"}]},{"@type":"WebSite","@id":"https:\/\/www.monteescalier.net\/france\/#website","url":"https:\/\/www.monteescalier.net\/france\/","name":"Monte escalier","description":"","publisher":{"@id":"https:\/\/www.monteescalier.net\/france\/#organization"},"potentialAction":[{"@type":"SearchAction","target":{"@type":"EntryPoint","urlTemplate":"https:\/\/www.monteescalier.net\/france\/?s={search_term_string}"},"query-input":{"@type":"PropertyValueSpecification","valueRequired":true,"valueName":"search_term_string"}}],"inLanguage":"fr-FR"},{"@type":"Organization","@id":"https:\/\/www.monteescalier.net\/france\/#organization","name":"monte-escalier.net","url":"https:\/\/www.monteescalier.net\/france\/","logo":{"@type":"ImageObject","inLanguage":"fr-FR","@id":"https:\/\/www.monteescalier.net\/france\/#\/schema\/logo\/image\/","url":"https:\/\/www.monteescalier.net\/france\/wp-content\/uploads\/2016\/10\/4devis-mont-escalier-500-500.gif","contentUrl":"https:\/\/www.monteescalier.net\/france\/wp-content\/uploads\/2016\/10\/4devis-mont-escalier-500-500.gif","width":500,"height":500,"caption":"monte-escalier.net"},"image":{"@id":"https:\/\/www.monteescalier.net\/france\/#\/schema\/logo\/image\/"}}]}},"_links":{"self":[{"href":"https:\/\/www.monteescalier.net\/france\/wp-json\/wp\/v2\/pages\/591","targetHints":{"allow":["GET"]}}],"collection":[{"href":"https:\/\/www.monteescalier.net\/france\/wp-json\/wp\/v2\/pages"}],"about":[{"href":"https:\/\/www.monteescalier.net\/france\/wp-json\/wp\/v2\/types\/page"}],"author":[{"embeddable":true,"href":"https:\/\/www.monteescalier.net\/france\/wp-json\/wp\/v2\/users\/1"}],"replies":[{"embeddable":true,"href":"https:\/\/www.monteescalier.net\/france\/wp-json\/wp\/v2\/comments?post=591"}],"version-history":[{"count":5,"href":"https:\/\/www.monteescalier.net\/france\/wp-json\/wp\/v2\/pages\/591\/revisions"}],"predecessor-version":[{"id":9103,"href":"https:\/\/www.monteescalier.net\/france\/wp-json\/wp\/v2\/pages\/591\/revisions\/9103"}],"wp:attachment":[{"href":"https:\/\/www.monteescalier.net\/france\/wp-json\/wp\/v2\/media?parent=591"}],"curies":[{"name":"wp","href":"https:\/\/api.w.org\/{rel}","templated":true}]}}