{"id":5970,"date":"2013-09-26T10:48:23","date_gmt":"2013-09-26T10:48:23","guid":{"rendered":"https:\/\/www.monteescalier.net\/france\/?page_id=5970"},"modified":"-0001-11-30T00:00:00","modified_gmt":"-0001-11-29T23:00:00","slug":"monte-escalier-attichy","status":"publish","type":"page","link":"https:\/\/www.monteescalier.net\/france\/monte-escalier-attichy\/","title":{"rendered":"Monte escalier Attichy"},"content":{"rendered":"<h1>Votre Monte escalier \u00e0 Attichy<\/h1>\n<div class=\"boite_texte\">\n<div style=\"text-align:justify; margin-bottom:10px\">Pour installer un monte escalier \u00e0 Attichy, il est tr\u00e8s important de comparer les diff\u00e9rentes offres avant de se lancer : c&rsquo;est tr\u00e8s exactement ce que vous propose ce site, comparez les offres, les produits et bien s\u00fbr les prix.<\/div>\n<div style=\"text-align:justify; margin-bottom:10px\">Gr\u00e2ce \u00e0 ce site, vous allez pouvoir trouver facilement les vendeurs de monte escalier sur Attichy et sa r\u00e9gion. Nous allons, en effet, vous mettre en relation gratuitement avec notre pr\u00e9selection de vendeurs de monte escalier \u00e0 Attichy.<\/div>\n<div style=\"text-align:justify; margin-bottom:10px\">Comment mieux comparer qu&rsquo;en examinant des propositions concr\u00e8tes ? Une seule demande de devis sur notre site et vous obtiendrez plusieurs devis de diff\u00e9rents prestataires vous proposant diff\u00e9rents mod\u00e8les de monte escalier.<\/div>\n<div style=\"text-align:justify; margin-bottom:10px\">Votre foyer peut elle accueillir un monte escalier? Votre escalier est il assez large? Vous faut il un monte escalier droit ou un monte escalier tournant? Quelle marque, quel fauteuil choisir? Pour obtenir diff\u00e9rents avis sur ces questions, utilisez notre fomulaire de rappel. Nos professionnels partenaires du monte escalier vous recontacteront tr\u00e8s vite !<\/div>\n<div style=\"text-align:justify; margin-bottom:10px\">Compulser de la documentation sur les monte escalier directement depuis chez vous sans vous d\u00e9placer c&rsquo;est possible et m\u00eame gratuit. Remplissez simplement un formulaire de demande de documentation et vous recevrez par la poste ou par email, toutes les documentations sur les types de produits vendus par nos partenaires vendeurs de monte escalier.<\/div>\n<div style=\"text-align:justify; margin-bottom:10px\">Tous les services propos\u00e9s par ce site sont enti\u00e8rement gratuits et sans obligation d&rsquo;achat. Nous sommes un service de mise en relation. Vous serez mis en contact directement avec nos partenaires vendeurs de monte escalier et vous n\u00e9gocierez directement avec eux. Vous \u00eates totalement libres de n\u00e9gocier et de signer ou pas avec un des prestataires avec lequel nous vous avons mis en relation.<\/div>\n<\/div>\n<div class=\"titre_liens\">D\u00e9couvrez aussi nos services monte escalier pr\u00e8s de chez vous<\/div>\n<div class=\"boite_liens\"><a href=\"https:\/\/www.monteescalier.net\/france\/monte-escalier-beauvais\">Monte escalier Beauvais<\/a><br \/>\n<a href=\"https:\/\/www.monteescalier.net\/france\/monte-escalier-compiegne\">Monte escalier Compi\u00e8gne<\/a><br \/>\n<a href=\"https:\/\/www.monteescalier.net\/france\/monte-escalier-creil\">Monte escalier Creil<\/a><br \/>\n<a href=\"https:\/\/www.monteescalier.net\/france\/monte-escalier-nogent-sur-oise\">Monte escalier Nogent-sur-Oise<\/a><br \/>\n<a href=\"https:\/\/www.monteescalier.net\/france\/monte-escalier-senlis\">Monte escalier Senlis<\/a>\n<\/div>\n","protected":false},"excerpt":{"rendered":"<p>Votre Monte escalier \u00e0 Attichy Pour installer un monte escalier \u00e0 Attichy, il est tr\u00e8s important de comparer les diff\u00e9rentes offres avant de se lancer : c&rsquo;est tr\u00e8s exactement ce que vous propose ce site, comparez les offres, les produits et bien s\u00fbr les prix. Gr\u00e2ce \u00e0 ce site, vous allez pouvoir trouver facilement les [&hellip;]<\/p>\n","protected":false},"author":1,"featured_media":0,"parent":0,"menu_order":0,"comment_status":"closed","ping_status":"open","template":"template_ville_4.php","meta":{"_monsterinsights_skip_tracking":false,"_monsterinsights_sitenote_active":false,"_monsterinsights_sitenote_note":"","_monsterinsights_sitenote_category":0,"footnotes":""},"class_list":["post-5970","page","type-page","status-publish","hentry"],"yoast_head":"<!-- This site is optimized with the Yoast SEO plugin v26.3 - https:\/\/yoast.com\/wordpress\/plugins\/seo\/ -->\n<title>Monte escalier Attichy - Monte escalier<\/title>\n<meta name=\"robots\" content=\"index, follow, max-snippet:-1, max-image-preview:large, max-video-preview:-1\" \/>\n<link rel=\"canonical\" href=\"https:\/\/www.monteescalier.net\/france\/monte-escalier-attichy\/\" \/>\n<meta property=\"og:locale\" content=\"fr_FR\" \/>\n<meta property=\"og:type\" content=\"article\" \/>\n<meta property=\"og:title\" content=\"Monte escalier Attichy - Monte escalier\" \/>\n<meta property=\"og:description\" content=\"Votre Monte escalier \u00e0 Attichy Pour installer un monte escalier \u00e0 Attichy, il est tr\u00e8s important de comparer les diff\u00e9rentes offres avant de se lancer : c&rsquo;est tr\u00e8s exactement ce que vous propose ce site, comparez les offres, les produits et bien s\u00fbr les prix. Gr\u00e2ce \u00e0 ce site, vous allez pouvoir trouver facilement les [&hellip;]\" \/>\n<meta property=\"og:url\" content=\"https:\/\/www.monteescalier.net\/france\/monte-escalier-attichy\/\" \/>\n<meta property=\"og:site_name\" content=\"Monte escalier\" \/>\n<meta name=\"twitter:card\" content=\"summary_large_image\" \/>\n<meta name=\"twitter:label1\" content=\"Dur\u00e9e de lecture estim\u00e9e\" \/>\n\t<meta name=\"twitter:data1\" content=\"2 minutes\" \/>\n<script type=\"application\/ld+json\" class=\"yoast-schema-graph\">{\"@context\":\"https:\/\/schema.org\",\"@graph\":[{\"@type\":\"WebPage\",\"@id\":\"https:\/\/www.monteescalier.net\/france\/monte-escalier-attichy\/\",\"url\":\"https:\/\/www.monteescalier.net\/france\/monte-escalier-attichy\/\",\"name\":\"Monte escalier Attichy - Monte escalier\",\"isPartOf\":{\"@id\":\"https:\/\/www.monteescalier.net\/france\/#website\"},\"datePublished\":\"2013-09-26T10:48:23+00:00\",\"breadcrumb\":{\"@id\":\"https:\/\/www.monteescalier.net\/france\/monte-escalier-attichy\/#breadcrumb\"},\"inLanguage\":\"fr-FR\",\"potentialAction\":[{\"@type\":\"ReadAction\",\"target\":[\"https:\/\/www.monteescalier.net\/france\/monte-escalier-attichy\/\"]}]},{\"@type\":\"BreadcrumbList\",\"@id\":\"https:\/\/www.monteescalier.net\/france\/monte-escalier-attichy\/#breadcrumb\",\"itemListElement\":[{\"@type\":\"ListItem\",\"position\":1,\"name\":\"Accueil\",\"item\":\"https:\/\/www.monteescalier.net\/france\/\"},{\"@type\":\"ListItem\",\"position\":2,\"name\":\"Monte escalier Attichy\"}]},{\"@type\":\"WebSite\",\"@id\":\"https:\/\/www.monteescalier.net\/france\/#website\",\"url\":\"https:\/\/www.monteescalier.net\/france\/\",\"name\":\"Monte escalier\",\"description\":\"\",\"publisher\":{\"@id\":\"https:\/\/www.monteescalier.net\/france\/#organization\"},\"potentialAction\":[{\"@type\":\"SearchAction\",\"target\":{\"@type\":\"EntryPoint\",\"urlTemplate\":\"https:\/\/www.monteescalier.net\/france\/?s={search_term_string}\"},\"query-input\":{\"@type\":\"PropertyValueSpecification\",\"valueRequired\":true,\"valueName\":\"search_term_string\"}}],\"inLanguage\":\"fr-FR\"},{\"@type\":\"Organization\",\"@id\":\"https:\/\/www.monteescalier.net\/france\/#organization\",\"name\":\"monte-escalier.net\",\"url\":\"https:\/\/www.monteescalier.net\/france\/\",\"logo\":{\"@type\":\"ImageObject\",\"inLanguage\":\"fr-FR\",\"@id\":\"https:\/\/www.monteescalier.net\/france\/#\/schema\/logo\/image\/\",\"url\":\"https:\/\/www.monteescalier.net\/france\/wp-content\/uploads\/2016\/10\/4devis-mont-escalier-500-500.gif\",\"contentUrl\":\"https:\/\/www.monteescalier.net\/france\/wp-content\/uploads\/2016\/10\/4devis-mont-escalier-500-500.gif\",\"width\":500,\"height\":500,\"caption\":\"monte-escalier.net\"},\"image\":{\"@id\":\"https:\/\/www.monteescalier.net\/france\/#\/schema\/logo\/image\/\"}}]}<\/script>\n<!-- \/ Yoast SEO plugin. -->","yoast_head_json":{"title":"Monte escalier Attichy - Monte escalier","robots":{"index":"index","follow":"follow","max-snippet":"max-snippet:-1","max-image-preview":"max-image-preview:large","max-video-preview":"max-video-preview:-1"},"canonical":"https:\/\/www.monteescalier.net\/france\/monte-escalier-attichy\/","og_locale":"fr_FR","og_type":"article","og_title":"Monte escalier Attichy - Monte escalier","og_description":"Votre Monte escalier \u00e0 Attichy Pour installer un monte escalier \u00e0 Attichy, il est tr\u00e8s important de comparer les diff\u00e9rentes offres avant de se lancer : c&rsquo;est tr\u00e8s exactement ce que vous propose ce site, comparez les offres, les produits et bien s\u00fbr les prix. Gr\u00e2ce \u00e0 ce site, vous allez pouvoir trouver facilement les [&hellip;]","og_url":"https:\/\/www.monteescalier.net\/france\/monte-escalier-attichy\/","og_site_name":"Monte escalier","twitter_card":"summary_large_image","twitter_misc":{"Dur\u00e9e de lecture estim\u00e9e":"2 minutes"},"schema":{"@context":"https:\/\/schema.org","@graph":[{"@type":"WebPage","@id":"https:\/\/www.monteescalier.net\/france\/monte-escalier-attichy\/","url":"https:\/\/www.monteescalier.net\/france\/monte-escalier-attichy\/","name":"Monte escalier Attichy - Monte escalier","isPartOf":{"@id":"https:\/\/www.monteescalier.net\/france\/#website"},"datePublished":"2013-09-26T10:48:23+00:00","breadcrumb":{"@id":"https:\/\/www.monteescalier.net\/france\/monte-escalier-attichy\/#breadcrumb"},"inLanguage":"fr-FR","potentialAction":[{"@type":"ReadAction","target":["https:\/\/www.monteescalier.net\/france\/monte-escalier-attichy\/"]}]},{"@type":"BreadcrumbList","@id":"https:\/\/www.monteescalier.net\/france\/monte-escalier-attichy\/#breadcrumb","itemListElement":[{"@type":"ListItem","position":1,"name":"Accueil","item":"https:\/\/www.monteescalier.net\/france\/"},{"@type":"ListItem","position":2,"name":"Monte escalier Attichy"}]},{"@type":"WebSite","@id":"https:\/\/www.monteescalier.net\/france\/#website","url":"https:\/\/www.monteescalier.net\/france\/","name":"Monte escalier","description":"","publisher":{"@id":"https:\/\/www.monteescalier.net\/france\/#organization"},"potentialAction":[{"@type":"SearchAction","target":{"@type":"EntryPoint","urlTemplate":"https:\/\/www.monteescalier.net\/france\/?s={search_term_string}"},"query-input":{"@type":"PropertyValueSpecification","valueRequired":true,"valueName":"search_term_string"}}],"inLanguage":"fr-FR"},{"@type":"Organization","@id":"https:\/\/www.monteescalier.net\/france\/#organization","name":"monte-escalier.net","url":"https:\/\/www.monteescalier.net\/france\/","logo":{"@type":"ImageObject","inLanguage":"fr-FR","@id":"https:\/\/www.monteescalier.net\/france\/#\/schema\/logo\/image\/","url":"https:\/\/www.monteescalier.net\/france\/wp-content\/uploads\/2016\/10\/4devis-mont-escalier-500-500.gif","contentUrl":"https:\/\/www.monteescalier.net\/france\/wp-content\/uploads\/2016\/10\/4devis-mont-escalier-500-500.gif","width":500,"height":500,"caption":"monte-escalier.net"},"image":{"@id":"https:\/\/www.monteescalier.net\/france\/#\/schema\/logo\/image\/"}}]}},"_links":{"self":[{"href":"https:\/\/www.monteescalier.net\/france\/wp-json\/wp\/v2\/pages\/5970","targetHints":{"allow":["GET"]}}],"collection":[{"href":"https:\/\/www.monteescalier.net\/france\/wp-json\/wp\/v2\/pages"}],"about":[{"href":"https:\/\/www.monteescalier.net\/france\/wp-json\/wp\/v2\/types\/page"}],"author":[{"embeddable":true,"href":"https:\/\/www.monteescalier.net\/france\/wp-json\/wp\/v2\/users\/1"}],"replies":[{"embeddable":true,"href":"https:\/\/www.monteescalier.net\/france\/wp-json\/wp\/v2\/comments?post=5970"}],"version-history":[{"count":0,"href":"https:\/\/www.monteescalier.net\/france\/wp-json\/wp\/v2\/pages\/5970\/revisions"}],"wp:attachment":[{"href":"https:\/\/www.monteescalier.net\/france\/wp-json\/wp\/v2\/media?parent=5970"}],"curies":[{"name":"wp","href":"https:\/\/api.w.org\/{rel}","templated":true}]}}